{"id":431222,"date":"2026-04-16T09:32:20","date_gmt":"2026-04-16T07:32:20","guid":{"rendered":"https:\/\/www.miomiorun.com\/?post_type=product&#038;p=431222"},"modified":"2026-04-30T10:18:35","modified_gmt":"2026-04-30T08:18:35","slug":"t-shirt-wonder-magic-femme","status":"publish","type":"product","link":"https:\/\/www.miomiorun.com\/fr\/produit\/t-shirt-wonder-magic-femme\/","title":{"rendered":"T-Shirt wonder magic femme"},"content":{"rendered":"<div class=\"single-product-description\">\n<div class=\"single-product-description\">\n<p data-start=\"0\" data-end=\"610\">Ce v\u00eatement, soign\u00e9 tant au niveau du style que des d\u00e9tails, est con\u00e7u pour vous accompagner lors de vos journ\u00e9es actives en plein air, mais s&#8217;adapte \u00e9galement parfaitement \u00e0 un usage urbain gr\u00e2ce \u00e0 son look moderne et \u00e0 la fra\u00eecheur agr\u00e9able de son tissu. R\u00e9alis\u00e9 dans un m\u00e9lange de <strong data-start=\"266\" data-end=\"285\">Tencel naturel<\/strong>, d\u00e9riv\u00e9 de l&#8217;eucalyptus, et de polyester, il offre un toucher lisse, une grande facilit\u00e9 d&#8217;entretien et une excellente gestion de l&#8217;humidit\u00e9, tout en mettant en valeur la qualit\u00e9 des imprim\u00e9s. Le col est fini par un liser\u00e9 confortable, les coutures sont plates pour plus de confort et chaque variante de couleur est enti\u00e8rement imprim\u00e9e.<\/p>\n<ul data-start=\"612\" data-end=\"750\" data-is-last-node=\"\" data-is-only-node=\"\">\n<li data-section-id=\"1u3s3iw\" data-start=\"612\" data-end=\"677\">Tissu en Tencel naturel et polyester, frais et respirant<\/li>\n<li data-section-id=\"1semtni\" data-start=\"678\" data-end=\"710\">Liser\u00e9 de protection au niveau du col<\/li>\n<li data-section-id=\"takkkf\" data-start=\"711\" data-end=\"730\">Coutures plates<\/li>\n<li data-section-id=\"1f0grz1\" data-start=\"731\" data-end=\"750\" data-is-last-node=\"\">Imprim\u00e9 int\u00e9gral<\/li>\n<\/ul>\n<\/div>\n<\/div>\n","protected":false},"excerpt":{"rendered":"<ul>\n<li data-section-id=\"1vcrwf4\" data-start=\"0\" data-end=\"116\"><strong data-start=\"2\" data-end=\"27\" data-is-only-node=\"\">Frais et respirant :<\/strong> tissu en Tencel naturel et polyester garantissant confort et gestion de l&#8217;humidit\u00e9<\/li>\n<li data-section-id=\"w6buhx\" data-start=\"117\" data-end=\"208\"><strong data-start=\"119\" data-end=\"142\" data-is-only-node=\"\">Confort au quotidien :<\/strong> bord de protection au niveau du cou et coutures plates anti-frottement<\/li>\n<li data-section-id=\"154oaf\" data-start=\"209\" data-end=\"294\" data-is-last-node=\"\"><strong data-start=\"211\" data-end=\"231\" data-is-only-node=\"\">Style polyvalent :<\/strong> imprim\u00e9 int\u00e9gral et design moderne, parfait pour les activit\u00e9s en plein air et en ville<\/li>\n<\/ul>\n","protected":false},"featured_media":431248,"template":"","meta":{"_acf_changed":false,"inline_featured_image":false},"product_brand":[],"product_cat":[24436,24444],"product_tag":[23489,23491],"class_list":{"0":"post-431222","1":"product","2":"type-product","3":"status-publish","4":"has-post-thumbnail","6":"product_cat-t-shirt-fr-2","7":"product_cat-vetements-pour-femmes-fr","8":"product_tag-crazy-idea-fr","9":"product_tag-crazy-idea-femme","10":"pa_attivita-lifestyle-fr","11":"pa_attivita-outdoor-fr","12":"pa_colore-shirt-wonder-magic-w-flower","13":"pa_colore-shirt-wonder-magic-w-spring","14":"pa_marca-crazy-idea-fr","15":"pa_sesso-femme","16":"pa_size-extra-small-fr","17":"pa_size-small-fr","18":"pa_size-medium-fr","19":"pa_size-large-fr","21":"first","22":"instock","23":"sale","24":"taxable","25":"shipping-taxable","26":"purchasable","27":"product-type-variable","28":"wvs-archive-product-wrapper"},"acf":[],"yoast_head":"<!-- This site is optimized with the Yoast SEO plugin v26.8 - https:\/\/yoast.com\/product\/yoast-seo-wordpress\/ -->\n<title>Crazy Idea T-Shirt wonder magic femme - T-shirt de course \u00e0 pied - MioMioRun<\/title>\n<meta name=\"description\" content=\"L\u00e9ger et respirant, en Tencel et polyester, con\u00e7u pour offrir confort, fra\u00eecheur et style aussi bien lors des activit\u00e9s de plein air que dans la vie de tous les jours.\" \/>\n<meta name=\"robots\" content=\"index, follow, max-snippet:-1, max-image-preview:large, max-video-preview:-1\" \/>\n<link rel=\"canonical\" href=\"https:\/\/www.miomiorun.com\/fr\/produit\/t-shirt-wonder-magic-femme\/\" \/>\n<meta property=\"og:locale\" content=\"fr_FR\" \/>\n<meta property=\"og:type\" content=\"article\" \/>\n<meta property=\"og:title\" content=\"Crazy Idea T-Shirt wonder magic femme - T-shirt de course \u00e0 pied - MioMioRun\" \/>\n<meta property=\"og:description\" content=\"L\u00e9ger et respirant, en Tencel et polyester, con\u00e7u pour offrir confort, fra\u00eecheur et style aussi bien lors des activit\u00e9s de plein air que dans la vie de tous les jours.\" \/>\n<meta property=\"og:url\" content=\"https:\/\/www.miomiorun.com\/fr\/produit\/t-shirt-wonder-magic-femme\/\" \/>\n<meta property=\"og:site_name\" content=\"MioMioRun\" \/>\n<meta property=\"article:publisher\" content=\"https:\/\/www.facebook.com\/miomiorun\/\" \/>\n<meta property=\"article:modified_time\" content=\"2026-04-30T08:18:35+00:00\" \/>\n<meta property=\"og:image\" content=\"https:\/\/www.miomiorun.com\/app\/uploads\/2026\/04\/crazy-Shirt-wonder-magic-W-spring-S26096139D-X089.webp\" \/>\n\t<meta property=\"og:image:width\" content=\"720\" \/>\n\t<meta property=\"og:image:height\" content=\"720\" \/>\n\t<meta property=\"og:image:type\" content=\"image\/webp\" \/>\n<meta name=\"twitter:card\" content=\"summary_large_image\" \/>\n<meta name=\"twitter:label1\" content=\"Est. reading time\" \/>\n\t<meta name=\"twitter:data1\" content=\"1 minute\" \/>\n<script type=\"application\/ld+json\" class=\"yoast-schema-graph\">{\"@context\":\"https:\/\/schema.org\",\"@graph\":[{\"@type\":\"WebPage\",\"@id\":\"https:\/\/www.miomiorun.com\/fr\/produit\/t-shirt-wonder-magic-femme\/\",\"url\":\"https:\/\/www.miomiorun.com\/fr\/produit\/t-shirt-wonder-magic-femme\/\",\"name\":\"Crazy Idea T-Shirt wonder magic femme - T-shirt de course \u00e0 pied - MioMioRun\",\"isPartOf\":{\"@id\":\"https:\/\/www.miomiorun.com\/fr\/#website\"},\"primaryImageOfPage\":{\"@id\":\"https:\/\/www.miomiorun.com\/fr\/produit\/t-shirt-wonder-magic-femme\/#primaryimage\"},\"image\":{\"@id\":\"https:\/\/www.miomiorun.com\/fr\/produit\/t-shirt-wonder-magic-femme\/#primaryimage\"},\"thumbnailUrl\":\"https:\/\/www.miomiorun.com\/app\/uploads\/2026\/04\/crazy-Shirt-wonder-magic-W-spring-S26096139D-X089.webp\",\"datePublished\":\"2026-04-16T07:32:20+00:00\",\"dateModified\":\"2026-04-30T08:18:35+00:00\",\"description\":\"L\u00e9ger et respirant, en Tencel et polyester, con\u00e7u pour offrir confort, fra\u00eecheur et style aussi bien lors des activit\u00e9s de plein air que dans la vie de tous les jours.\",\"breadcrumb\":{\"@id\":\"https:\/\/www.miomiorun.com\/fr\/produit\/t-shirt-wonder-magic-femme\/#breadcrumb\"},\"inLanguage\":\"fr-FR\",\"potentialAction\":[{\"@type\":\"ReadAction\",\"target\":[\"https:\/\/www.miomiorun.com\/fr\/produit\/t-shirt-wonder-magic-femme\/\"]}]},{\"@type\":\"ImageObject\",\"inLanguage\":\"fr-FR\",\"@id\":\"https:\/\/www.miomiorun.com\/fr\/produit\/t-shirt-wonder-magic-femme\/#primaryimage\",\"url\":\"https:\/\/www.miomiorun.com\/app\/uploads\/2026\/04\/crazy-Shirt-wonder-magic-W-spring-S26096139D-X089.webp\",\"contentUrl\":\"https:\/\/www.miomiorun.com\/app\/uploads\/2026\/04\/crazy-Shirt-wonder-magic-W-spring-S26096139D-X089.webp\",\"width\":720,\"height\":720,\"caption\":\"crazy Shirt wonder magic W spring S26096139D-X089\"},{\"@type\":\"BreadcrumbList\",\"@id\":\"https:\/\/www.miomiorun.com\/fr\/produit\/t-shirt-wonder-magic-femme\/#breadcrumb\",\"itemListElement\":[{\"@type\":\"ListItem\",\"position\":1,\"name\":\"Home\",\"item\":\"https:\/\/www.miomiorun.com\/fr\/home-page\/\"},{\"@type\":\"ListItem\",\"position\":2,\"name\":\"Shop\",\"item\":\"https:\/\/www.miomiorun.com\/shop\/\"},{\"@type\":\"ListItem\",\"position\":3,\"name\":\"T-Shirt wonder magic femme\"}]},{\"@type\":\"WebSite\",\"@id\":\"https:\/\/www.miomiorun.com\/fr\/#website\",\"url\":\"https:\/\/www.miomiorun.com\/fr\/\",\"name\":\"MioMioRun\",\"description\":\"Boutique 100% running et trail\",\"publisher\":{\"@id\":\"https:\/\/www.miomiorun.com\/fr\/#organization\"},\"potentialAction\":[{\"@type\":\"SearchAction\",\"target\":{\"@type\":\"EntryPoint\",\"urlTemplate\":\"https:\/\/www.miomiorun.com\/fr\/?s={search_term_string}\"},\"query-input\":{\"@type\":\"PropertyValueSpecification\",\"valueRequired\":true,\"valueName\":\"search_term_string\"}}],\"inLanguage\":\"fr-FR\"},{\"@type\":\"Organization\",\"@id\":\"https:\/\/www.miomiorun.com\/fr\/#organization\",\"name\":\"MioMio Run\",\"url\":\"https:\/\/www.miomiorun.com\/fr\/\",\"logo\":{\"@type\":\"ImageObject\",\"inLanguage\":\"fr-FR\",\"@id\":\"https:\/\/www.miomiorun.com\/fr\/#\/schema\/logo\/image\/\",\"url\":\"https:\/\/www.miomiorun.com\/app\/uploads\/2019\/12\/logomio.png\",\"contentUrl\":\"https:\/\/www.miomiorun.com\/app\/uploads\/2019\/12\/logomio.png\",\"width\":115,\"height\":82,\"caption\":\"MioMio Run\"},\"image\":{\"@id\":\"https:\/\/www.miomiorun.com\/fr\/#\/schema\/logo\/image\/\"},\"sameAs\":[\"https:\/\/www.facebook.com\/miomiorun\/\",\"https:\/\/www.instagram.com\/miomiorun\/\"]}]}<\/script>\n<!-- \/ Yoast SEO plugin. -->","yoast_head_json":{"title":"Crazy Idea T-Shirt wonder magic femme - T-shirt de course \u00e0 pied - MioMioRun","description":"L\u00e9ger et respirant, en Tencel et polyester, con\u00e7u pour offrir confort, fra\u00eecheur et style aussi bien lors des activit\u00e9s de plein air que dans la vie de tous les jours.","robots":{"index":"index","follow":"follow","max-snippet":"max-snippet:-1","max-image-preview":"max-image-preview:large","max-video-preview":"max-video-preview:-1"},"canonical":"https:\/\/www.miomiorun.com\/fr\/produit\/t-shirt-wonder-magic-femme\/","og_locale":"fr_FR","og_type":"article","og_title":"Crazy Idea T-Shirt wonder magic femme - T-shirt de course \u00e0 pied - MioMioRun","og_description":"L\u00e9ger et respirant, en Tencel et polyester, con\u00e7u pour offrir confort, fra\u00eecheur et style aussi bien lors des activit\u00e9s de plein air que dans la vie de tous les jours.","og_url":"https:\/\/www.miomiorun.com\/fr\/produit\/t-shirt-wonder-magic-femme\/","og_site_name":"MioMioRun","article_publisher":"https:\/\/www.facebook.com\/miomiorun\/","article_modified_time":"2026-04-30T08:18:35+00:00","og_image":[{"width":720,"height":720,"url":"https:\/\/www.miomiorun.com\/app\/uploads\/2026\/04\/crazy-Shirt-wonder-magic-W-spring-S26096139D-X089.webp","type":"image\/webp"}],"twitter_card":"summary_large_image","twitter_misc":{"Est. reading time":"1 minute"},"schema":{"@context":"https:\/\/schema.org","@graph":[{"@type":"WebPage","@id":"https:\/\/www.miomiorun.com\/fr\/produit\/t-shirt-wonder-magic-femme\/","url":"https:\/\/www.miomiorun.com\/fr\/produit\/t-shirt-wonder-magic-femme\/","name":"Crazy Idea T-Shirt wonder magic femme - T-shirt de course \u00e0 pied - MioMioRun","isPartOf":{"@id":"https:\/\/www.miomiorun.com\/fr\/#website"},"primaryImageOfPage":{"@id":"https:\/\/www.miomiorun.com\/fr\/produit\/t-shirt-wonder-magic-femme\/#primaryimage"},"image":{"@id":"https:\/\/www.miomiorun.com\/fr\/produit\/t-shirt-wonder-magic-femme\/#primaryimage"},"thumbnailUrl":"https:\/\/www.miomiorun.com\/app\/uploads\/2026\/04\/crazy-Shirt-wonder-magic-W-spring-S26096139D-X089.webp","datePublished":"2026-04-16T07:32:20+00:00","dateModified":"2026-04-30T08:18:35+00:00","description":"L\u00e9ger et respirant, en Tencel et polyester, con\u00e7u pour offrir confort, fra\u00eecheur et style aussi bien lors des activit\u00e9s de plein air que dans la vie de tous les jours.","breadcrumb":{"@id":"https:\/\/www.miomiorun.com\/fr\/produit\/t-shirt-wonder-magic-femme\/#breadcrumb"},"inLanguage":"fr-FR","potentialAction":[{"@type":"ReadAction","target":["https:\/\/www.miomiorun.com\/fr\/produit\/t-shirt-wonder-magic-femme\/"]}]},{"@type":"ImageObject","inLanguage":"fr-FR","@id":"https:\/\/www.miomiorun.com\/fr\/produit\/t-shirt-wonder-magic-femme\/#primaryimage","url":"https:\/\/www.miomiorun.com\/app\/uploads\/2026\/04\/crazy-Shirt-wonder-magic-W-spring-S26096139D-X089.webp","contentUrl":"https:\/\/www.miomiorun.com\/app\/uploads\/2026\/04\/crazy-Shirt-wonder-magic-W-spring-S26096139D-X089.webp","width":720,"height":720,"caption":"crazy Shirt wonder magic W spring S26096139D-X089"},{"@type":"BreadcrumbList","@id":"https:\/\/www.miomiorun.com\/fr\/produit\/t-shirt-wonder-magic-femme\/#breadcrumb","itemListElement":[{"@type":"ListItem","position":1,"name":"Home","item":"https:\/\/www.miomiorun.com\/fr\/home-page\/"},{"@type":"ListItem","position":2,"name":"Shop","item":"https:\/\/www.miomiorun.com\/shop\/"},{"@type":"ListItem","position":3,"name":"T-Shirt wonder magic femme"}]},{"@type":"WebSite","@id":"https:\/\/www.miomiorun.com\/fr\/#website","url":"https:\/\/www.miomiorun.com\/fr\/","name":"MioMioRun","description":"Boutique 100% running et trail","publisher":{"@id":"https:\/\/www.miomiorun.com\/fr\/#organization"},"potentialAction":[{"@type":"SearchAction","target":{"@type":"EntryPoint","urlTemplate":"https:\/\/www.miomiorun.com\/fr\/?s={search_term_string}"},"query-input":{"@type":"PropertyValueSpecification","valueRequired":true,"valueName":"search_term_string"}}],"inLanguage":"fr-FR"},{"@type":"Organization","@id":"https:\/\/www.miomiorun.com\/fr\/#organization","name":"MioMio Run","url":"https:\/\/www.miomiorun.com\/fr\/","logo":{"@type":"ImageObject","inLanguage":"fr-FR","@id":"https:\/\/www.miomiorun.com\/fr\/#\/schema\/logo\/image\/","url":"https:\/\/www.miomiorun.com\/app\/uploads\/2019\/12\/logomio.png","contentUrl":"https:\/\/www.miomiorun.com\/app\/uploads\/2019\/12\/logomio.png","width":115,"height":82,"caption":"MioMio Run"},"image":{"@id":"https:\/\/www.miomiorun.com\/fr\/#\/schema\/logo\/image\/"},"sameAs":["https:\/\/www.facebook.com\/miomiorun\/","https:\/\/www.instagram.com\/miomiorun\/"]}]}},"_links":{"self":[{"href":"https:\/\/www.miomiorun.com\/fr\/wp-json\/wp\/v2\/product\/431222","targetHints":{"allow":["GET"]}}],"collection":[{"href":"https:\/\/www.miomiorun.com\/fr\/wp-json\/wp\/v2\/product"}],"about":[{"href":"https:\/\/www.miomiorun.com\/fr\/wp-json\/wp\/v2\/types\/product"}],"wp:featuredmedia":[{"embeddable":true,"href":"https:\/\/www.miomiorun.com\/fr\/wp-json\/wp\/v2\/media\/431248"}],"wp:attachment":[{"href":"https:\/\/www.miomiorun.com\/fr\/wp-json\/wp\/v2\/media?parent=431222"}],"wp:term":[{"taxonomy":"product_brand","embeddable":true,"href":"https:\/\/www.miomiorun.com\/fr\/wp-json\/wp\/v2\/product_brand?post=431222"},{"taxonomy":"product_cat","embeddable":true,"href":"https:\/\/www.miomiorun.com\/fr\/wp-json\/wp\/v2\/product_cat?post=431222"},{"taxonomy":"product_tag","embeddable":true,"href":"https:\/\/www.miomiorun.com\/fr\/wp-json\/wp\/v2\/product_tag?post=431222"}],"curies":[{"name":"wp","href":"https:\/\/api.w.org\/{rel}","templated":true}]}}