{"id":430606,"date":"2026-04-15T17:51:35","date_gmt":"2026-04-15T15:51:35","guid":{"rendered":"https:\/\/www.miomiorun.com\/?post_type=product&#038;p=430606"},"modified":"2026-05-09T15:08:58","modified_gmt":"2026-05-09T13:08:58","slug":"zinal-3-homme","status":"publish","type":"product","link":"https:\/\/www.miomiorun.com\/fr\/produit\/zinal-3-homme\/","title":{"rendered":"Zinal 3 homme"},"content":{"rendered":"<table style=\"border-collapse: collapse;width: 100%\">\n<tbody>\n<tr>\n<td style=\"width: 33.3333%;vertical-align: top\"><strong>Caract\u00e9ristiques techniques<\/strong><\/p>\n<p>Cat\u00e9gorie : amorti r\u00e9actif<br \/>\nD\u00e9battement : 5 mm<br \/>\nPoids : 253 g<br \/>\nId\u00e9ale pour : les coureurs de trail rapides \u00e0 la recherche d&#8217;une chaussure l\u00e9g\u00e8re, r\u00e9active et pr\u00e9cise pour affronter des parcours techniques et des courses de haute intensit\u00e9.<br \/>\nPoids de l&#8217;athl\u00e8te : 60-75 kg<br \/>\nAllure de course : moyenne \u00e0 rapide (4,30-5,30 min\/km).<br \/>\n<a href=\"https:\/\/miomiorun.com\/guida-alle-specifiche-tecniche\/\">Guide des caract\u00e9ristiques techniques<\/a><\/td>\n<td style=\"width: 66.6666%;vertical-align: top\">La Zinal 3 se renouvelle pour dominer les trails rapides, o\u00f9 agilit\u00e9 et r\u00e9activit\u00e9 font la diff\u00e9rence. Chaque d\u00e9tail a \u00e9t\u00e9 optimis\u00e9 pour offrir une foul\u00e9e dynamique, r\u00e9active et immersive, id\u00e9ale lorsque le rythme s&#8217;acc\u00e9l\u00e8re et que le terrain exige une adaptation rapide.<\/p>\n<p>Le c\u0153ur de la chaussure est la semelle interm\u00e9diaire SCF, con\u00e7ue pour garantir un retour d&#8217;\u00e9nergie encore plus efficace : chaque foul\u00e9e est plus \u00e9lastique, fluide et propulsive, vous aidant \u00e0 maintenir votre vitesse et votre continuit\u00e9 m\u00eame sur les tron\u00e7ons les plus exigeants.<\/p>\n<p>Sous le pied, la nouvelle semelle ext\u00e9rieure avec crampons de 5 mm offre une adh\u00e9rence agressive et fiable, permettant d&#8217;affronter les changements de direction, les mont\u00e9es et les descentes en toute confiance, m\u00eame sur des terrains instables. C&#8217;est une traction con\u00e7ue pour ceux qui ne veulent pas ralentir, m\u00eame sur les sentiers les plus techniques.<\/p>\n<p>La tige, enti\u00e8rement repens\u00e9e, est l\u00e9g\u00e8re, \u00e9pur\u00e9e et hautement respirante. La nouvelle empeigne \u00e9lastique et dynamique enveloppe le pied avec pr\u00e9cision, am\u00e9liorant la stabilit\u00e9 sans sacrifier le confort. Le r\u00e9sultat est un chaussant s\u00fbr et performant, m\u00eame lors des sessions les plus intenses, o\u00f9 chaque d\u00e9tail fait la diff\u00e9rence.<\/p>\n<p>Avec la Zinal 3, Hoka \u00e9l\u00e8ve le concept de vitesse en trail running \u00e0 un niveau sup\u00e9rieur : une chaussure con\u00e7ue pour ceux qui veulent se d\u00e9passer, s&#8217;attaquer au parcours et am\u00e9liorer leurs temps sur les terrains les plus difficiles et techniques.<\/td>\n<\/tr>\n<\/tbody>\n<\/table>\n<p>&nbsp;<\/p>\n","protected":false},"excerpt":{"rendered":"<ul>\n<li data-section-id=\"kbumrk\" data-start=\"823\" data-end=\"892\">Semelle interm\u00e9diaire en EVA issue d&#8217;un proc\u00e9d\u00e9 innovant pour une meilleure r\u00e9activit\u00e9<\/li>\n<li data-section-id=\"fhxz2e\" data-start=\"893\" data-end=\"968\">Semelle ext\u00e9rieure multidirectionnelle de 5 mm pour une adh\u00e9rence efficace sur les sentiers techniques<\/li>\n<li data-section-id=\"p86z6h\" data-start=\"969\" data-end=\"1042\" data-is-last-node=\"\">Tige respirante avec col \u00e9lastiqu\u00e9 pour plus de confort et de stabilit\u00e9<\/li>\n<\/ul>\n","protected":false},"featured_media":430765,"template":"","meta":{"_acf_changed":false,"inline_featured_image":false},"product_brand":[],"product_cat":[24448,24445],"product_tag":[23478,23604],"class_list":{"0":"post-430606","1":"product","2":"type-product","3":"status-publish","4":"has-post-thumbnail","6":"product_cat-chaussures-pour-hommes-fr","7":"product_cat-trail-fr-3","8":"product_tag-hoka-one-one-fr","9":"product_tag-hoka-homme","10":"pa_attivita-outdoor-fr","11":"pa_attivita-trail-fr","12":"pa_colore-zinal-3-squid-ink-neon-yuzu","13":"pa_marca-hoka-fr","14":"pa_sesso-homme","15":"pa_size-41-fr","16":"pa_size-42-fr","18":"pa_size-43-fr","19":"pa_size-44-fr","22":"first","23":"instock","24":"taxable","25":"shipping-taxable","26":"purchasable","27":"product-type-variable","28":"wvs-archive-product-wrapper"},"acf":[],"yoast_head":"<!-- This site is optimized with the Yoast SEO plugin v26.8 - https:\/\/yoast.com\/product\/yoast-seo-wordpress\/ -->\n<title>Hoka Zinal 3 homme - chaussures de trail - MioMioRun.com<\/title>\n<meta name=\"description\" content=\"Chaussure de trail running l\u00e9g\u00e8re et r\u00e9active, con\u00e7ue pour offrir vitesse, adh\u00e9rence et pr\u00e9cision sur les parcours techniques et praticables\" \/>\n<meta name=\"robots\" content=\"index, follow, max-snippet:-1, max-image-preview:large, max-video-preview:-1\" \/>\n<link rel=\"canonical\" href=\"https:\/\/www.miomiorun.com\/fr\/produit\/zinal-3-homme\/\" \/>\n<meta property=\"og:locale\" content=\"fr_FR\" \/>\n<meta property=\"og:type\" content=\"article\" \/>\n<meta property=\"og:title\" content=\"Hoka Zinal 3 homme - chaussures de trail - MioMioRun.com\" \/>\n<meta property=\"og:description\" content=\"Chaussure de trail running l\u00e9g\u00e8re et r\u00e9active, con\u00e7ue pour offrir vitesse, adh\u00e9rence et pr\u00e9cision sur les parcours techniques et praticables\" \/>\n<meta property=\"og:url\" content=\"https:\/\/www.miomiorun.com\/fr\/produit\/zinal-3-homme\/\" \/>\n<meta property=\"og:site_name\" content=\"MioMioRun\" \/>\n<meta property=\"article:publisher\" content=\"https:\/\/www.facebook.com\/miomiorun\/\" \/>\n<meta property=\"article:modified_time\" content=\"2026-05-09T13:08:58+00:00\" \/>\n<meta property=\"og:image\" content=\"https:\/\/www.miomiorun.com\/app\/uploads\/2026\/04\/hoka-Zinal-3-squid-ink-neon-yuzu-1171951-SNKN.webp\" \/>\n\t<meta property=\"og:image:width\" content=\"720\" \/>\n\t<meta property=\"og:image:height\" content=\"720\" \/>\n\t<meta property=\"og:image:type\" content=\"image\/webp\" \/>\n<meta name=\"twitter:card\" content=\"summary_large_image\" \/>\n<meta name=\"twitter:label1\" content=\"Est. reading time\" \/>\n\t<meta name=\"twitter:data1\" content=\"2 minutes\" \/>\n<script type=\"application\/ld+json\" class=\"yoast-schema-graph\">{\"@context\":\"https:\/\/schema.org\",\"@graph\":[{\"@type\":\"WebPage\",\"@id\":\"https:\/\/www.miomiorun.com\/fr\/produit\/zinal-3-homme\/\",\"url\":\"https:\/\/www.miomiorun.com\/fr\/produit\/zinal-3-homme\/\",\"name\":\"Hoka Zinal 3 homme - chaussures de trail - MioMioRun.com\",\"isPartOf\":{\"@id\":\"https:\/\/www.miomiorun.com\/fr\/#website\"},\"primaryImageOfPage\":{\"@id\":\"https:\/\/www.miomiorun.com\/fr\/produit\/zinal-3-homme\/#primaryimage\"},\"image\":{\"@id\":\"https:\/\/www.miomiorun.com\/fr\/produit\/zinal-3-homme\/#primaryimage\"},\"thumbnailUrl\":\"https:\/\/www.miomiorun.com\/app\/uploads\/2026\/04\/hoka-Zinal-3-squid-ink-neon-yuzu-1171951-SNKN.webp\",\"datePublished\":\"2026-04-15T15:51:35+00:00\",\"dateModified\":\"2026-05-09T13:08:58+00:00\",\"description\":\"Chaussure de trail running l\u00e9g\u00e8re et r\u00e9active, con\u00e7ue pour offrir vitesse, adh\u00e9rence et pr\u00e9cision sur les parcours techniques et praticables\",\"breadcrumb\":{\"@id\":\"https:\/\/www.miomiorun.com\/fr\/produit\/zinal-3-homme\/#breadcrumb\"},\"inLanguage\":\"fr-FR\",\"potentialAction\":[{\"@type\":\"ReadAction\",\"target\":[\"https:\/\/www.miomiorun.com\/fr\/produit\/zinal-3-homme\/\"]}]},{\"@type\":\"ImageObject\",\"inLanguage\":\"fr-FR\",\"@id\":\"https:\/\/www.miomiorun.com\/fr\/produit\/zinal-3-homme\/#primaryimage\",\"url\":\"https:\/\/www.miomiorun.com\/app\/uploads\/2026\/04\/hoka-Zinal-3-squid-ink-neon-yuzu-1171951-SNKN.webp\",\"contentUrl\":\"https:\/\/www.miomiorun.com\/app\/uploads\/2026\/04\/hoka-Zinal-3-squid-ink-neon-yuzu-1171951-SNKN.webp\",\"width\":720,\"height\":720,\"caption\":\"hoka Zinal 3 squid ink neon yuzu 1171951 SNKN\"},{\"@type\":\"BreadcrumbList\",\"@id\":\"https:\/\/www.miomiorun.com\/fr\/produit\/zinal-3-homme\/#breadcrumb\",\"itemListElement\":[{\"@type\":\"ListItem\",\"position\":1,\"name\":\"Home\",\"item\":\"https:\/\/www.miomiorun.com\/fr\/home-page\/\"},{\"@type\":\"ListItem\",\"position\":2,\"name\":\"Shop\",\"item\":\"https:\/\/www.miomiorun.com\/shop\/\"},{\"@type\":\"ListItem\",\"position\":3,\"name\":\"Zinal 3 homme\"}]},{\"@type\":\"WebSite\",\"@id\":\"https:\/\/www.miomiorun.com\/fr\/#website\",\"url\":\"https:\/\/www.miomiorun.com\/fr\/\",\"name\":\"MioMioRun\",\"description\":\"Boutique 100% running et trail\",\"publisher\":{\"@id\":\"https:\/\/www.miomiorun.com\/fr\/#organization\"},\"potentialAction\":[{\"@type\":\"SearchAction\",\"target\":{\"@type\":\"EntryPoint\",\"urlTemplate\":\"https:\/\/www.miomiorun.com\/fr\/?s={search_term_string}\"},\"query-input\":{\"@type\":\"PropertyValueSpecification\",\"valueRequired\":true,\"valueName\":\"search_term_string\"}}],\"inLanguage\":\"fr-FR\"},{\"@type\":\"Organization\",\"@id\":\"https:\/\/www.miomiorun.com\/fr\/#organization\",\"name\":\"MioMio Run\",\"url\":\"https:\/\/www.miomiorun.com\/fr\/\",\"logo\":{\"@type\":\"ImageObject\",\"inLanguage\":\"fr-FR\",\"@id\":\"https:\/\/www.miomiorun.com\/fr\/#\/schema\/logo\/image\/\",\"url\":\"https:\/\/www.miomiorun.com\/app\/uploads\/2019\/12\/logomio.png\",\"contentUrl\":\"https:\/\/www.miomiorun.com\/app\/uploads\/2019\/12\/logomio.png\",\"width\":115,\"height\":82,\"caption\":\"MioMio Run\"},\"image\":{\"@id\":\"https:\/\/www.miomiorun.com\/fr\/#\/schema\/logo\/image\/\"},\"sameAs\":[\"https:\/\/www.facebook.com\/miomiorun\/\",\"https:\/\/www.instagram.com\/miomiorun\/\"]}]}<\/script>\n<!-- \/ Yoast SEO plugin. -->","yoast_head_json":{"title":"Hoka Zinal 3 homme - chaussures de trail - MioMioRun.com","description":"Chaussure de trail running l\u00e9g\u00e8re et r\u00e9active, con\u00e7ue pour offrir vitesse, adh\u00e9rence et pr\u00e9cision sur les parcours techniques et praticables","robots":{"index":"index","follow":"follow","max-snippet":"max-snippet:-1","max-image-preview":"max-image-preview:large","max-video-preview":"max-video-preview:-1"},"canonical":"https:\/\/www.miomiorun.com\/fr\/produit\/zinal-3-homme\/","og_locale":"fr_FR","og_type":"article","og_title":"Hoka Zinal 3 homme - chaussures de trail - MioMioRun.com","og_description":"Chaussure de trail running l\u00e9g\u00e8re et r\u00e9active, con\u00e7ue pour offrir vitesse, adh\u00e9rence et pr\u00e9cision sur les parcours techniques et praticables","og_url":"https:\/\/www.miomiorun.com\/fr\/produit\/zinal-3-homme\/","og_site_name":"MioMioRun","article_publisher":"https:\/\/www.facebook.com\/miomiorun\/","article_modified_time":"2026-05-09T13:08:58+00:00","og_image":[{"width":720,"height":720,"url":"https:\/\/www.miomiorun.com\/app\/uploads\/2026\/04\/hoka-Zinal-3-squid-ink-neon-yuzu-1171951-SNKN.webp","type":"image\/webp"}],"twitter_card":"summary_large_image","twitter_misc":{"Est. reading time":"2 minutes"},"schema":{"@context":"https:\/\/schema.org","@graph":[{"@type":"WebPage","@id":"https:\/\/www.miomiorun.com\/fr\/produit\/zinal-3-homme\/","url":"https:\/\/www.miomiorun.com\/fr\/produit\/zinal-3-homme\/","name":"Hoka Zinal 3 homme - chaussures de trail - MioMioRun.com","isPartOf":{"@id":"https:\/\/www.miomiorun.com\/fr\/#website"},"primaryImageOfPage":{"@id":"https:\/\/www.miomiorun.com\/fr\/produit\/zinal-3-homme\/#primaryimage"},"image":{"@id":"https:\/\/www.miomiorun.com\/fr\/produit\/zinal-3-homme\/#primaryimage"},"thumbnailUrl":"https:\/\/www.miomiorun.com\/app\/uploads\/2026\/04\/hoka-Zinal-3-squid-ink-neon-yuzu-1171951-SNKN.webp","datePublished":"2026-04-15T15:51:35+00:00","dateModified":"2026-05-09T13:08:58+00:00","description":"Chaussure de trail running l\u00e9g\u00e8re et r\u00e9active, con\u00e7ue pour offrir vitesse, adh\u00e9rence et pr\u00e9cision sur les parcours techniques et praticables","breadcrumb":{"@id":"https:\/\/www.miomiorun.com\/fr\/produit\/zinal-3-homme\/#breadcrumb"},"inLanguage":"fr-FR","potentialAction":[{"@type":"ReadAction","target":["https:\/\/www.miomiorun.com\/fr\/produit\/zinal-3-homme\/"]}]},{"@type":"ImageObject","inLanguage":"fr-FR","@id":"https:\/\/www.miomiorun.com\/fr\/produit\/zinal-3-homme\/#primaryimage","url":"https:\/\/www.miomiorun.com\/app\/uploads\/2026\/04\/hoka-Zinal-3-squid-ink-neon-yuzu-1171951-SNKN.webp","contentUrl":"https:\/\/www.miomiorun.com\/app\/uploads\/2026\/04\/hoka-Zinal-3-squid-ink-neon-yuzu-1171951-SNKN.webp","width":720,"height":720,"caption":"hoka Zinal 3 squid ink neon yuzu 1171951 SNKN"},{"@type":"BreadcrumbList","@id":"https:\/\/www.miomiorun.com\/fr\/produit\/zinal-3-homme\/#breadcrumb","itemListElement":[{"@type":"ListItem","position":1,"name":"Home","item":"https:\/\/www.miomiorun.com\/fr\/home-page\/"},{"@type":"ListItem","position":2,"name":"Shop","item":"https:\/\/www.miomiorun.com\/shop\/"},{"@type":"ListItem","position":3,"name":"Zinal 3 homme"}]},{"@type":"WebSite","@id":"https:\/\/www.miomiorun.com\/fr\/#website","url":"https:\/\/www.miomiorun.com\/fr\/","name":"MioMioRun","description":"Boutique 100% running et trail","publisher":{"@id":"https:\/\/www.miomiorun.com\/fr\/#organization"},"potentialAction":[{"@type":"SearchAction","target":{"@type":"EntryPoint","urlTemplate":"https:\/\/www.miomiorun.com\/fr\/?s={search_term_string}"},"query-input":{"@type":"PropertyValueSpecification","valueRequired":true,"valueName":"search_term_string"}}],"inLanguage":"fr-FR"},{"@type":"Organization","@id":"https:\/\/www.miomiorun.com\/fr\/#organization","name":"MioMio Run","url":"https:\/\/www.miomiorun.com\/fr\/","logo":{"@type":"ImageObject","inLanguage":"fr-FR","@id":"https:\/\/www.miomiorun.com\/fr\/#\/schema\/logo\/image\/","url":"https:\/\/www.miomiorun.com\/app\/uploads\/2019\/12\/logomio.png","contentUrl":"https:\/\/www.miomiorun.com\/app\/uploads\/2019\/12\/logomio.png","width":115,"height":82,"caption":"MioMio Run"},"image":{"@id":"https:\/\/www.miomiorun.com\/fr\/#\/schema\/logo\/image\/"},"sameAs":["https:\/\/www.facebook.com\/miomiorun\/","https:\/\/www.instagram.com\/miomiorun\/"]}]}},"_links":{"self":[{"href":"https:\/\/www.miomiorun.com\/fr\/wp-json\/wp\/v2\/product\/430606","targetHints":{"allow":["GET"]}}],"collection":[{"href":"https:\/\/www.miomiorun.com\/fr\/wp-json\/wp\/v2\/product"}],"about":[{"href":"https:\/\/www.miomiorun.com\/fr\/wp-json\/wp\/v2\/types\/product"}],"wp:featuredmedia":[{"embeddable":true,"href":"https:\/\/www.miomiorun.com\/fr\/wp-json\/wp\/v2\/media\/430765"}],"wp:attachment":[{"href":"https:\/\/www.miomiorun.com\/fr\/wp-json\/wp\/v2\/media?parent=430606"}],"wp:term":[{"taxonomy":"product_brand","embeddable":true,"href":"https:\/\/www.miomiorun.com\/fr\/wp-json\/wp\/v2\/product_brand?post=430606"},{"taxonomy":"product_cat","embeddable":true,"href":"https:\/\/www.miomiorun.com\/fr\/wp-json\/wp\/v2\/product_cat?post=430606"},{"taxonomy":"product_tag","embeddable":true,"href":"https:\/\/www.miomiorun.com\/fr\/wp-json\/wp\/v2\/product_tag?post=430606"}],"curies":[{"name":"wp","href":"https:\/\/api.w.org\/{rel}","templated":true}]}}