{"id":429564,"date":"2026-04-14T11:16:34","date_gmt":"2026-04-14T09:16:34","guid":{"rendered":"https:\/\/www.miomiorun.com\/?post_type=product&#038;p=429564"},"modified":"2026-04-30T10:00:11","modified_gmt":"2026-04-30T08:00:11","slug":"infinity-2-0-mid-femme","status":"publish","type":"product","link":"https:\/\/www.miomiorun.com\/fr\/produit\/infinity-2-0-mid-femme\/","title":{"rendered":"Infinity 2.0 Mid femme"},"content":{"rendered":"<p data-start=\"26\" data-end=\"353\">L\u2019<strong data-start=\"28\" data-end=\"48\">Infinity 2.0 Mid<\/strong> est un soutien-gorge de sport pour femme con\u00e7u pour offrir <strong data-start=\"105\" data-end=\"160\">soutien et confort lors d\u2019activit\u00e9s \u00e0 impact mod\u00e9r\u00e9<\/strong>, telles que le cyclisme, la musculation ou la boxe. La technologie Infinity est con\u00e7ue pour suivre les mouvements naturels du corps, offrant un soutien sans restreindre la libert\u00e9 de mouvement pendant l\u2019entra\u00eenement.<\/p>\n<p data-start=\"355\" data-end=\"703\">Le nouveau <strong data-start=\"364\" data-end=\"400\">rembourrage moul\u00e9 par injection<\/strong> est con\u00e7u pour \u00eatre l\u00e9ger et mieux \u00e9pouser la silhouette, tandis que les <strong data-start=\"476\" data-end=\"505\">empi\u00e8cements lat\u00e9raux en mesh<\/strong> favorisent la ventilation dans les zones les plus chaudes. Le tissu est con\u00e7u pour <strong data-start=\"582\" data-end=\"630\">absorber la transpiration et s\u00e9cher rapidement<\/strong>, contribuant ainsi \u00e0 maintenir le confort m\u00eame pendant les s\u00e9ances les plus intenses.<\/p>\n<p data-start=\"705\" data-end=\"1052\">La <strong data-start=\"708\" data-end=\"764\">bande \u00e9lastique souple avec fermeture \u00e0 agrafe<\/strong> facilite l&#8217;enfilage, tandis que les <strong data-start=\"800\" data-end=\"835\">bretelles r\u00e9glables \u00e0 l&#8217;avant<\/strong> peuvent \u00eatre port\u00e9es droites ou crois\u00e9es, permettant un ajustement pratique et personnalis\u00e9. La technologie de <strong data-start=\"953\" data-end=\"978\">contr\u00f4le des odeurs<\/strong> contribue \u00e0 r\u00e9duire la formation de mauvaises odeurs pendant l&#8217;activit\u00e9.<\/p>\n","protected":false},"excerpt":{"rendered":"<ul>\n<li data-section-id=\"1g0u6ur\" data-start=\"1072\" data-end=\"1143\">Soutien moyen gr\u00e2ce \u00e0 la technologie <strong data-start=\"1104\" data-end=\"1116\">Infinity<\/strong> pour une libert\u00e9 de mouvement optimale<\/li>\n<li data-section-id=\"yucuo1\" data-start=\"1144\" data-end=\"1214\">Rembourrage l\u00e9ger et empi\u00e8cements en <strong data-start=\"1180\" data-end=\"1200\">maille respirante<\/strong> pour un confort optimal<\/li>\n<li data-section-id=\"d0uchi\" data-start=\"1215\" data-end=\"1291\">Bretelles r\u00e9glables et fermeture \u00e0 agrafes pour un ajustement sur mesure<\/li>\n<\/ul>\n","protected":false},"featured_media":432599,"template":"","meta":{"_acf_changed":false,"inline_featured_image":false},"product_brand":[],"product_cat":[22600,22596,22595],"product_tag":[23530,23575],"class_list":{"0":"post-429564","1":"product","2":"type-product","3":"status-publish","4":"has-post-thumbnail","6":"product_cat-sous-vetements","7":"product_cat-vetements-pour-femmes","8":"product_cat-femme","9":"product_tag-under-armour-fr","10":"product_tag-under-armour-femme","11":"pa_attivita-fitness-fr","12":"pa_attivita-marcher","13":"pa_colore-infinity-mid-2-0-bra-black","14":"pa_colore-infinity-mid-2-0-bra-wham-blue","15":"pa_marca-under-armour-fr","16":"pa_sesso-femme","17":"pa_size-extra-small-fr","18":"pa_size-small-fr","19":"pa_size-medium-fr","21":"first","22":"instock","23":"sale","24":"taxable","25":"shipping-taxable","26":"purchasable","27":"product-type-variable","28":"wvs-archive-product-wrapper"},"acf":[],"yoast_head":"<!-- This site is optimized with the Yoast SEO plugin v26.8 - https:\/\/yoast.com\/product\/yoast-seo-wordpress\/ -->\n<title>Under Armour Infinity 2.0 Mid femme - soutien-gorge de course \u00e0 pied - MioMioRun<\/title>\n<meta name=\"description\" content=\"Vous recherchez un soutien-gorge de sport polyvalent qui offre \u00e9galement un bon maintien pour la course \u00e0 pied ? Les Crossback Mid Bra sont confortables et offrent un bon maintien.\" \/>\n<meta name=\"robots\" content=\"index, follow, max-snippet:-1, max-image-preview:large, max-video-preview:-1\" \/>\n<link rel=\"canonical\" href=\"https:\/\/www.miomiorun.com\/fr\/produit\/infinity-2-0-mid-femme\/\" \/>\n<meta property=\"og:locale\" content=\"fr_FR\" \/>\n<meta property=\"og:type\" content=\"article\" \/>\n<meta property=\"og:title\" content=\"Under Armour Infinity 2.0 Mid femme - soutien-gorge de course \u00e0 pied - MioMioRun\" \/>\n<meta property=\"og:description\" content=\"Vous recherchez un soutien-gorge de sport polyvalent qui offre \u00e9galement un bon maintien pour la course \u00e0 pied ? Les Crossback Mid Bra sont confortables et offrent un bon maintien.\" \/>\n<meta property=\"og:url\" content=\"https:\/\/www.miomiorun.com\/fr\/produit\/infinity-2-0-mid-femme\/\" \/>\n<meta property=\"og:site_name\" content=\"MioMioRun\" \/>\n<meta property=\"article:publisher\" content=\"https:\/\/www.facebook.com\/miomiorun\/\" \/>\n<meta property=\"article:modified_time\" content=\"2026-04-30T08:00:11+00:00\" \/>\n<meta property=\"og:image\" content=\"https:\/\/www.miomiorun.com\/app\/uploads\/2026\/04\/under-armor-Infinity-Mid-2.0-bra-black-1384123-0002.webp\" \/>\n\t<meta property=\"og:image:width\" content=\"720\" \/>\n\t<meta property=\"og:image:height\" content=\"720\" \/>\n\t<meta property=\"og:image:type\" content=\"image\/webp\" \/>\n<meta name=\"twitter:card\" content=\"summary_large_image\" \/>\n<meta name=\"twitter:label1\" content=\"Est. reading time\" \/>\n\t<meta name=\"twitter:data1\" content=\"1 minute\" \/>\n<script type=\"application\/ld+json\" class=\"yoast-schema-graph\">{\"@context\":\"https:\/\/schema.org\",\"@graph\":[{\"@type\":\"WebPage\",\"@id\":\"https:\/\/www.miomiorun.com\/fr\/produit\/infinity-2-0-mid-femme\/\",\"url\":\"https:\/\/www.miomiorun.com\/fr\/produit\/infinity-2-0-mid-femme\/\",\"name\":\"Under Armour Infinity 2.0 Mid femme - soutien-gorge de course \u00e0 pied - MioMioRun\",\"isPartOf\":{\"@id\":\"https:\/\/www.miomiorun.com\/fr\/#website\"},\"primaryImageOfPage\":{\"@id\":\"https:\/\/www.miomiorun.com\/fr\/produit\/infinity-2-0-mid-femme\/#primaryimage\"},\"image\":{\"@id\":\"https:\/\/www.miomiorun.com\/fr\/produit\/infinity-2-0-mid-femme\/#primaryimage\"},\"thumbnailUrl\":\"https:\/\/www.miomiorun.com\/app\/uploads\/2026\/04\/under-armor-Infinity-Mid-2.0-bra-black-1384123-0002.webp\",\"datePublished\":\"2026-04-14T09:16:34+00:00\",\"dateModified\":\"2026-04-30T08:00:11+00:00\",\"description\":\"Vous recherchez un soutien-gorge de sport polyvalent qui offre \u00e9galement un bon maintien pour la course \u00e0 pied ? Les Crossback Mid Bra sont confortables et offrent un bon maintien.\",\"breadcrumb\":{\"@id\":\"https:\/\/www.miomiorun.com\/fr\/produit\/infinity-2-0-mid-femme\/#breadcrumb\"},\"inLanguage\":\"fr-FR\",\"potentialAction\":[{\"@type\":\"ReadAction\",\"target\":[\"https:\/\/www.miomiorun.com\/fr\/produit\/infinity-2-0-mid-femme\/\"]}]},{\"@type\":\"ImageObject\",\"inLanguage\":\"fr-FR\",\"@id\":\"https:\/\/www.miomiorun.com\/fr\/produit\/infinity-2-0-mid-femme\/#primaryimage\",\"url\":\"https:\/\/www.miomiorun.com\/app\/uploads\/2026\/04\/under-armor-Infinity-Mid-2.0-bra-black-1384123-0002.webp\",\"contentUrl\":\"https:\/\/www.miomiorun.com\/app\/uploads\/2026\/04\/under-armor-Infinity-Mid-2.0-bra-black-1384123-0002.webp\",\"width\":720,\"height\":720,\"caption\":\"under armor Infinity Mid 2.0 bra black 1384123-0002\"},{\"@type\":\"BreadcrumbList\",\"@id\":\"https:\/\/www.miomiorun.com\/fr\/produit\/infinity-2-0-mid-femme\/#breadcrumb\",\"itemListElement\":[{\"@type\":\"ListItem\",\"position\":1,\"name\":\"Home\",\"item\":\"https:\/\/www.miomiorun.com\/fr\/home-page\/\"},{\"@type\":\"ListItem\",\"position\":2,\"name\":\"Shop\",\"item\":\"https:\/\/www.miomiorun.com\/shop\/\"},{\"@type\":\"ListItem\",\"position\":3,\"name\":\"Infinity 2.0 Mid femme\"}]},{\"@type\":\"WebSite\",\"@id\":\"https:\/\/www.miomiorun.com\/fr\/#website\",\"url\":\"https:\/\/www.miomiorun.com\/fr\/\",\"name\":\"MioMioRun\",\"description\":\"Boutique 100% running et trail\",\"publisher\":{\"@id\":\"https:\/\/www.miomiorun.com\/fr\/#organization\"},\"potentialAction\":[{\"@type\":\"SearchAction\",\"target\":{\"@type\":\"EntryPoint\",\"urlTemplate\":\"https:\/\/www.miomiorun.com\/fr\/?s={search_term_string}\"},\"query-input\":{\"@type\":\"PropertyValueSpecification\",\"valueRequired\":true,\"valueName\":\"search_term_string\"}}],\"inLanguage\":\"fr-FR\"},{\"@type\":\"Organization\",\"@id\":\"https:\/\/www.miomiorun.com\/fr\/#organization\",\"name\":\"MioMio Run\",\"url\":\"https:\/\/www.miomiorun.com\/fr\/\",\"logo\":{\"@type\":\"ImageObject\",\"inLanguage\":\"fr-FR\",\"@id\":\"https:\/\/www.miomiorun.com\/fr\/#\/schema\/logo\/image\/\",\"url\":\"https:\/\/www.miomiorun.com\/app\/uploads\/2019\/12\/logomio.png\",\"contentUrl\":\"https:\/\/www.miomiorun.com\/app\/uploads\/2019\/12\/logomio.png\",\"width\":115,\"height\":82,\"caption\":\"MioMio Run\"},\"image\":{\"@id\":\"https:\/\/www.miomiorun.com\/fr\/#\/schema\/logo\/image\/\"},\"sameAs\":[\"https:\/\/www.facebook.com\/miomiorun\/\",\"https:\/\/www.instagram.com\/miomiorun\/\"]}]}<\/script>\n<!-- \/ Yoast SEO plugin. -->","yoast_head_json":{"title":"Under Armour Infinity 2.0 Mid femme - soutien-gorge de course \u00e0 pied - MioMioRun","description":"Vous recherchez un soutien-gorge de sport polyvalent qui offre \u00e9galement un bon maintien pour la course \u00e0 pied ? Les Crossback Mid Bra sont confortables et offrent un bon maintien.","robots":{"index":"index","follow":"follow","max-snippet":"max-snippet:-1","max-image-preview":"max-image-preview:large","max-video-preview":"max-video-preview:-1"},"canonical":"https:\/\/www.miomiorun.com\/fr\/produit\/infinity-2-0-mid-femme\/","og_locale":"fr_FR","og_type":"article","og_title":"Under Armour Infinity 2.0 Mid femme - soutien-gorge de course \u00e0 pied - MioMioRun","og_description":"Vous recherchez un soutien-gorge de sport polyvalent qui offre \u00e9galement un bon maintien pour la course \u00e0 pied ? Les Crossback Mid Bra sont confortables et offrent un bon maintien.","og_url":"https:\/\/www.miomiorun.com\/fr\/produit\/infinity-2-0-mid-femme\/","og_site_name":"MioMioRun","article_publisher":"https:\/\/www.facebook.com\/miomiorun\/","article_modified_time":"2026-04-30T08:00:11+00:00","og_image":[{"width":720,"height":720,"url":"https:\/\/www.miomiorun.com\/app\/uploads\/2026\/04\/under-armor-Infinity-Mid-2.0-bra-black-1384123-0002.webp","type":"image\/webp"}],"twitter_card":"summary_large_image","twitter_misc":{"Est. reading time":"1 minute"},"schema":{"@context":"https:\/\/schema.org","@graph":[{"@type":"WebPage","@id":"https:\/\/www.miomiorun.com\/fr\/produit\/infinity-2-0-mid-femme\/","url":"https:\/\/www.miomiorun.com\/fr\/produit\/infinity-2-0-mid-femme\/","name":"Under Armour Infinity 2.0 Mid femme - soutien-gorge de course \u00e0 pied - MioMioRun","isPartOf":{"@id":"https:\/\/www.miomiorun.com\/fr\/#website"},"primaryImageOfPage":{"@id":"https:\/\/www.miomiorun.com\/fr\/produit\/infinity-2-0-mid-femme\/#primaryimage"},"image":{"@id":"https:\/\/www.miomiorun.com\/fr\/produit\/infinity-2-0-mid-femme\/#primaryimage"},"thumbnailUrl":"https:\/\/www.miomiorun.com\/app\/uploads\/2026\/04\/under-armor-Infinity-Mid-2.0-bra-black-1384123-0002.webp","datePublished":"2026-04-14T09:16:34+00:00","dateModified":"2026-04-30T08:00:11+00:00","description":"Vous recherchez un soutien-gorge de sport polyvalent qui offre \u00e9galement un bon maintien pour la course \u00e0 pied ? Les Crossback Mid Bra sont confortables et offrent un bon maintien.","breadcrumb":{"@id":"https:\/\/www.miomiorun.com\/fr\/produit\/infinity-2-0-mid-femme\/#breadcrumb"},"inLanguage":"fr-FR","potentialAction":[{"@type":"ReadAction","target":["https:\/\/www.miomiorun.com\/fr\/produit\/infinity-2-0-mid-femme\/"]}]},{"@type":"ImageObject","inLanguage":"fr-FR","@id":"https:\/\/www.miomiorun.com\/fr\/produit\/infinity-2-0-mid-femme\/#primaryimage","url":"https:\/\/www.miomiorun.com\/app\/uploads\/2026\/04\/under-armor-Infinity-Mid-2.0-bra-black-1384123-0002.webp","contentUrl":"https:\/\/www.miomiorun.com\/app\/uploads\/2026\/04\/under-armor-Infinity-Mid-2.0-bra-black-1384123-0002.webp","width":720,"height":720,"caption":"under armor Infinity Mid 2.0 bra black 1384123-0002"},{"@type":"BreadcrumbList","@id":"https:\/\/www.miomiorun.com\/fr\/produit\/infinity-2-0-mid-femme\/#breadcrumb","itemListElement":[{"@type":"ListItem","position":1,"name":"Home","item":"https:\/\/www.miomiorun.com\/fr\/home-page\/"},{"@type":"ListItem","position":2,"name":"Shop","item":"https:\/\/www.miomiorun.com\/shop\/"},{"@type":"ListItem","position":3,"name":"Infinity 2.0 Mid femme"}]},{"@type":"WebSite","@id":"https:\/\/www.miomiorun.com\/fr\/#website","url":"https:\/\/www.miomiorun.com\/fr\/","name":"MioMioRun","description":"Boutique 100% running et trail","publisher":{"@id":"https:\/\/www.miomiorun.com\/fr\/#organization"},"potentialAction":[{"@type":"SearchAction","target":{"@type":"EntryPoint","urlTemplate":"https:\/\/www.miomiorun.com\/fr\/?s={search_term_string}"},"query-input":{"@type":"PropertyValueSpecification","valueRequired":true,"valueName":"search_term_string"}}],"inLanguage":"fr-FR"},{"@type":"Organization","@id":"https:\/\/www.miomiorun.com\/fr\/#organization","name":"MioMio Run","url":"https:\/\/www.miomiorun.com\/fr\/","logo":{"@type":"ImageObject","inLanguage":"fr-FR","@id":"https:\/\/www.miomiorun.com\/fr\/#\/schema\/logo\/image\/","url":"https:\/\/www.miomiorun.com\/app\/uploads\/2019\/12\/logomio.png","contentUrl":"https:\/\/www.miomiorun.com\/app\/uploads\/2019\/12\/logomio.png","width":115,"height":82,"caption":"MioMio Run"},"image":{"@id":"https:\/\/www.miomiorun.com\/fr\/#\/schema\/logo\/image\/"},"sameAs":["https:\/\/www.facebook.com\/miomiorun\/","https:\/\/www.instagram.com\/miomiorun\/"]}]}},"_links":{"self":[{"href":"https:\/\/www.miomiorun.com\/fr\/wp-json\/wp\/v2\/product\/429564","targetHints":{"allow":["GET"]}}],"collection":[{"href":"https:\/\/www.miomiorun.com\/fr\/wp-json\/wp\/v2\/product"}],"about":[{"href":"https:\/\/www.miomiorun.com\/fr\/wp-json\/wp\/v2\/types\/product"}],"wp:featuredmedia":[{"embeddable":true,"href":"https:\/\/www.miomiorun.com\/fr\/wp-json\/wp\/v2\/media\/432599"}],"wp:attachment":[{"href":"https:\/\/www.miomiorun.com\/fr\/wp-json\/wp\/v2\/media?parent=429564"}],"wp:term":[{"taxonomy":"product_brand","embeddable":true,"href":"https:\/\/www.miomiorun.com\/fr\/wp-json\/wp\/v2\/product_brand?post=429564"},{"taxonomy":"product_cat","embeddable":true,"href":"https:\/\/www.miomiorun.com\/fr\/wp-json\/wp\/v2\/product_cat?post=429564"},{"taxonomy":"product_tag","embeddable":true,"href":"https:\/\/www.miomiorun.com\/fr\/wp-json\/wp\/v2\/product_tag?post=429564"}],"curies":[{"name":"wp","href":"https:\/\/api.w.org\/{rel}","templated":true}]}}