{"id":429545,"date":"2026-04-14T11:03:26","date_gmt":"2026-04-14T09:03:26","guid":{"rendered":"https:\/\/www.miomiorun.com\/?post_type=product&#038;p=429545"},"modified":"2026-04-30T09:58:54","modified_gmt":"2026-04-30T07:58:54","slug":"velociti-low-adj-homme","status":"publish","type":"product","link":"https:\/\/www.miomiorun.com\/fr\/produit\/velociti-low-adj-homme\/","title":{"rendered":"Velociti Low ADJ homme"},"content":{"rendered":"<p data-start=\"26\" data-end=\"332\">La <strong data-start=\"29\" data-end=\"49\">Velociti Low ADJ<\/strong> est une casquette con\u00e7ue pour les coureurs \u00e0 la recherche de <strong data-start=\"99\" data-end=\"139\">l\u00e9g\u00e8ret\u00e9, de respirabilit\u00e9 et de confort<\/strong> lors de chacune de leurs sorties. Le design <strong data-start=\"171\" data-end=\"181\">UA Low<\/strong>, avec son profil bas et son panneau avant non structur\u00e9, est con\u00e7u pour \u00e9pouser la forme de la t\u00eate, offrant ainsi un maintien naturel et stable.<\/p>\n<p data-start=\"334\" data-end=\"698\">Le tissu est <strong data-start=\"347\" data-end=\"402\">l\u00e9ger, r\u00e9sistant et extensible dans les 4 sens<\/strong>, con\u00e7u pour suivre les mouvements sans g\u00eaner. Les <strong data-start=\"460\" data-end=\"492\">panneaux perfor\u00e9s et en mesh<\/strong> favorisent la ventilation dans les zones les plus chaudes, tandis que la bande int\u00e9rieure dot\u00e9e de la technologie <strong data-start=\"583\" data-end=\"596\">Iso-Chill<\/strong> contribue \u00e0 dissiper la chaleur corporelle, offrant une sensation de fra\u00eecheur pendant la course.<\/p>\n<p data-start=\"700\" data-end=\"918\">La <strong data-start=\"703\" data-end=\"741\">fermeture velcro \u00e0 profil bas<\/strong> est con\u00e7ue pour un ajustement simple et confortable, \u00e9vitant toute g\u00eane, m\u00eame avec les cheveux. Un accessoire indispensable pour courir confortablement, m\u00eame lors des journ\u00e9es les plus chaudes.<\/p>\n","protected":false},"excerpt":{"rendered":"<ul>\n<li data-section-id=\"11rjjq6\" data-start=\"938\" data-end=\"1011\">Tissu l\u00e9ger et extensible avec empi\u00e8cements en maille pour une meilleure respirabilit\u00e9<\/li>\n<li data-section-id=\"h72cmy\" data-start=\"1012\" data-end=\"1094\">Bande int\u00e9rieure <strong data-start=\"1029\" data-end=\"1042\">Iso-Chill<\/strong> pour une sensation de fra\u00eecheur pendant la course<\/li>\n<li data-section-id=\"tb7m4l\" data-start=\"1095\" data-end=\"1170\">Mod\u00e8le UA Low avec fermeture r\u00e9glable pour un confort et un maintien optimaux<\/li>\n<\/ul>\n","protected":false},"featured_media":432510,"template":"","meta":{"_acf_changed":false,"inline_featured_image":false},"product_brand":[],"product_cat":[22580,22579,22538],"product_tag":[23530],"class_list":{"0":"post-429545","1":"product","2":"type-product","3":"status-publish","4":"has-post-thumbnail","6":"product_cat-chapeaux-casquettes","7":"product_cat-chauffage","8":"product_cat-accessoires","9":"product_tag-under-armour-fr","10":"pa_attivita-lifestyle-fr","11":"pa_attivita-marcher","12":"pa_attivita-running-fr","13":"pa_colore-velocity-low-adj-black","14":"pa_colore-velocity-low-adj-white","15":"pa_marca-under-armour-fr","16":"pa_sesso-homme","18":"first","19":"instock","20":"sale","21":"taxable","22":"shipping-taxable","23":"purchasable","24":"product-type-variable","25":"wvs-archive-product-wrapper"},"acf":[],"yoast_head":"<!-- This site is optimized with the Yoast SEO plugin v26.8 - https:\/\/yoast.com\/product\/yoast-seo-wordpress\/ -->\n<title>Brooks Velociti Low ADJ homme - Casquette de course \u00e0 pied - MioMioRun.com<\/title>\n<meta name=\"description\" content=\"Casquette de course Velociti Low ADJ, l\u00e9g\u00e8re et respirante, dot\u00e9e de la technologie Iso-Chill. Confort et fra\u00eecheur pour courir par temps chaud.\" \/>\n<meta name=\"robots\" content=\"index, follow, max-snippet:-1, max-image-preview:large, max-video-preview:-1\" \/>\n<link rel=\"canonical\" href=\"https:\/\/www.miomiorun.com\/fr\/produit\/velociti-low-adj-homme\/\" \/>\n<meta property=\"og:locale\" content=\"fr_FR\" \/>\n<meta property=\"og:type\" content=\"article\" \/>\n<meta property=\"og:title\" content=\"Brooks Velociti Low ADJ homme - Casquette de course \u00e0 pied - MioMioRun.com\" \/>\n<meta property=\"og:description\" content=\"Casquette de course Velociti Low ADJ, l\u00e9g\u00e8re et respirante, dot\u00e9e de la technologie Iso-Chill. Confort et fra\u00eecheur pour courir par temps chaud.\" \/>\n<meta property=\"og:url\" content=\"https:\/\/www.miomiorun.com\/fr\/produit\/velociti-low-adj-homme\/\" \/>\n<meta property=\"og:site_name\" content=\"MioMioRun\" \/>\n<meta property=\"article:publisher\" content=\"https:\/\/www.facebook.com\/miomiorun\/\" \/>\n<meta property=\"article:modified_time\" content=\"2026-04-30T07:58:54+00:00\" \/>\n<meta property=\"og:image\" content=\"https:\/\/www.miomiorun.com\/app\/uploads\/2026\/04\/under-armor-Velocity-Low-ADJ-black-1383477-0001.webp\" \/>\n\t<meta property=\"og:image:width\" content=\"720\" \/>\n\t<meta property=\"og:image:height\" content=\"720\" \/>\n\t<meta property=\"og:image:type\" content=\"image\/webp\" \/>\n<meta name=\"twitter:card\" content=\"summary_large_image\" \/>\n<meta name=\"twitter:label1\" content=\"Est. reading time\" \/>\n\t<meta name=\"twitter:data1\" content=\"1 minute\" \/>\n<script type=\"application\/ld+json\" class=\"yoast-schema-graph\">{\"@context\":\"https:\/\/schema.org\",\"@graph\":[{\"@type\":\"WebPage\",\"@id\":\"https:\/\/www.miomiorun.com\/fr\/produit\/velociti-low-adj-homme\/\",\"url\":\"https:\/\/www.miomiorun.com\/fr\/produit\/velociti-low-adj-homme\/\",\"name\":\"Brooks Velociti Low ADJ homme - Casquette de course \u00e0 pied - MioMioRun.com\",\"isPartOf\":{\"@id\":\"https:\/\/www.miomiorun.com\/fr\/#website\"},\"primaryImageOfPage\":{\"@id\":\"https:\/\/www.miomiorun.com\/fr\/produit\/velociti-low-adj-homme\/#primaryimage\"},\"image\":{\"@id\":\"https:\/\/www.miomiorun.com\/fr\/produit\/velociti-low-adj-homme\/#primaryimage\"},\"thumbnailUrl\":\"https:\/\/www.miomiorun.com\/app\/uploads\/2026\/04\/under-armor-Velocity-Low-ADJ-black-1383477-0001.webp\",\"datePublished\":\"2026-04-14T09:03:26+00:00\",\"dateModified\":\"2026-04-30T07:58:54+00:00\",\"description\":\"Casquette de course Velociti Low ADJ, l\u00e9g\u00e8re et respirante, dot\u00e9e de la technologie Iso-Chill. Confort et fra\u00eecheur pour courir par temps chaud.\",\"breadcrumb\":{\"@id\":\"https:\/\/www.miomiorun.com\/fr\/produit\/velociti-low-adj-homme\/#breadcrumb\"},\"inLanguage\":\"fr-FR\",\"potentialAction\":[{\"@type\":\"ReadAction\",\"target\":[\"https:\/\/www.miomiorun.com\/fr\/produit\/velociti-low-adj-homme\/\"]}]},{\"@type\":\"ImageObject\",\"inLanguage\":\"fr-FR\",\"@id\":\"https:\/\/www.miomiorun.com\/fr\/produit\/velociti-low-adj-homme\/#primaryimage\",\"url\":\"https:\/\/www.miomiorun.com\/app\/uploads\/2026\/04\/under-armor-Velocity-Low-ADJ-black-1383477-0001.webp\",\"contentUrl\":\"https:\/\/www.miomiorun.com\/app\/uploads\/2026\/04\/under-armor-Velocity-Low-ADJ-black-1383477-0001.webp\",\"width\":720,\"height\":720,\"caption\":\"under armor Velocity Low ADJ black 1383477-0001\"},{\"@type\":\"BreadcrumbList\",\"@id\":\"https:\/\/www.miomiorun.com\/fr\/produit\/velociti-low-adj-homme\/#breadcrumb\",\"itemListElement\":[{\"@type\":\"ListItem\",\"position\":1,\"name\":\"Home\",\"item\":\"https:\/\/www.miomiorun.com\/fr\/home-page\/\"},{\"@type\":\"ListItem\",\"position\":2,\"name\":\"Shop\",\"item\":\"https:\/\/www.miomiorun.com\/shop\/\"},{\"@type\":\"ListItem\",\"position\":3,\"name\":\"Velociti Low ADJ homme\"}]},{\"@type\":\"WebSite\",\"@id\":\"https:\/\/www.miomiorun.com\/fr\/#website\",\"url\":\"https:\/\/www.miomiorun.com\/fr\/\",\"name\":\"MioMioRun\",\"description\":\"Boutique 100% running et trail\",\"publisher\":{\"@id\":\"https:\/\/www.miomiorun.com\/fr\/#organization\"},\"potentialAction\":[{\"@type\":\"SearchAction\",\"target\":{\"@type\":\"EntryPoint\",\"urlTemplate\":\"https:\/\/www.miomiorun.com\/fr\/?s={search_term_string}\"},\"query-input\":{\"@type\":\"PropertyValueSpecification\",\"valueRequired\":true,\"valueName\":\"search_term_string\"}}],\"inLanguage\":\"fr-FR\"},{\"@type\":\"Organization\",\"@id\":\"https:\/\/www.miomiorun.com\/fr\/#organization\",\"name\":\"MioMio Run\",\"url\":\"https:\/\/www.miomiorun.com\/fr\/\",\"logo\":{\"@type\":\"ImageObject\",\"inLanguage\":\"fr-FR\",\"@id\":\"https:\/\/www.miomiorun.com\/fr\/#\/schema\/logo\/image\/\",\"url\":\"https:\/\/www.miomiorun.com\/app\/uploads\/2019\/12\/logomio.png\",\"contentUrl\":\"https:\/\/www.miomiorun.com\/app\/uploads\/2019\/12\/logomio.png\",\"width\":115,\"height\":82,\"caption\":\"MioMio Run\"},\"image\":{\"@id\":\"https:\/\/www.miomiorun.com\/fr\/#\/schema\/logo\/image\/\"},\"sameAs\":[\"https:\/\/www.facebook.com\/miomiorun\/\",\"https:\/\/www.instagram.com\/miomiorun\/\"]}]}<\/script>\n<!-- \/ Yoast SEO plugin. -->","yoast_head_json":{"title":"Brooks Velociti Low ADJ homme - Casquette de course \u00e0 pied - MioMioRun.com","description":"Casquette de course Velociti Low ADJ, l\u00e9g\u00e8re et respirante, dot\u00e9e de la technologie Iso-Chill. Confort et fra\u00eecheur pour courir par temps chaud.","robots":{"index":"index","follow":"follow","max-snippet":"max-snippet:-1","max-image-preview":"max-image-preview:large","max-video-preview":"max-video-preview:-1"},"canonical":"https:\/\/www.miomiorun.com\/fr\/produit\/velociti-low-adj-homme\/","og_locale":"fr_FR","og_type":"article","og_title":"Brooks Velociti Low ADJ homme - Casquette de course \u00e0 pied - MioMioRun.com","og_description":"Casquette de course Velociti Low ADJ, l\u00e9g\u00e8re et respirante, dot\u00e9e de la technologie Iso-Chill. Confort et fra\u00eecheur pour courir par temps chaud.","og_url":"https:\/\/www.miomiorun.com\/fr\/produit\/velociti-low-adj-homme\/","og_site_name":"MioMioRun","article_publisher":"https:\/\/www.facebook.com\/miomiorun\/","article_modified_time":"2026-04-30T07:58:54+00:00","og_image":[{"width":720,"height":720,"url":"https:\/\/www.miomiorun.com\/app\/uploads\/2026\/04\/under-armor-Velocity-Low-ADJ-black-1383477-0001.webp","type":"image\/webp"}],"twitter_card":"summary_large_image","twitter_misc":{"Est. reading time":"1 minute"},"schema":{"@context":"https:\/\/schema.org","@graph":[{"@type":"WebPage","@id":"https:\/\/www.miomiorun.com\/fr\/produit\/velociti-low-adj-homme\/","url":"https:\/\/www.miomiorun.com\/fr\/produit\/velociti-low-adj-homme\/","name":"Brooks Velociti Low ADJ homme - Casquette de course \u00e0 pied - MioMioRun.com","isPartOf":{"@id":"https:\/\/www.miomiorun.com\/fr\/#website"},"primaryImageOfPage":{"@id":"https:\/\/www.miomiorun.com\/fr\/produit\/velociti-low-adj-homme\/#primaryimage"},"image":{"@id":"https:\/\/www.miomiorun.com\/fr\/produit\/velociti-low-adj-homme\/#primaryimage"},"thumbnailUrl":"https:\/\/www.miomiorun.com\/app\/uploads\/2026\/04\/under-armor-Velocity-Low-ADJ-black-1383477-0001.webp","datePublished":"2026-04-14T09:03:26+00:00","dateModified":"2026-04-30T07:58:54+00:00","description":"Casquette de course Velociti Low ADJ, l\u00e9g\u00e8re et respirante, dot\u00e9e de la technologie Iso-Chill. Confort et fra\u00eecheur pour courir par temps chaud.","breadcrumb":{"@id":"https:\/\/www.miomiorun.com\/fr\/produit\/velociti-low-adj-homme\/#breadcrumb"},"inLanguage":"fr-FR","potentialAction":[{"@type":"ReadAction","target":["https:\/\/www.miomiorun.com\/fr\/produit\/velociti-low-adj-homme\/"]}]},{"@type":"ImageObject","inLanguage":"fr-FR","@id":"https:\/\/www.miomiorun.com\/fr\/produit\/velociti-low-adj-homme\/#primaryimage","url":"https:\/\/www.miomiorun.com\/app\/uploads\/2026\/04\/under-armor-Velocity-Low-ADJ-black-1383477-0001.webp","contentUrl":"https:\/\/www.miomiorun.com\/app\/uploads\/2026\/04\/under-armor-Velocity-Low-ADJ-black-1383477-0001.webp","width":720,"height":720,"caption":"under armor Velocity Low ADJ black 1383477-0001"},{"@type":"BreadcrumbList","@id":"https:\/\/www.miomiorun.com\/fr\/produit\/velociti-low-adj-homme\/#breadcrumb","itemListElement":[{"@type":"ListItem","position":1,"name":"Home","item":"https:\/\/www.miomiorun.com\/fr\/home-page\/"},{"@type":"ListItem","position":2,"name":"Shop","item":"https:\/\/www.miomiorun.com\/shop\/"},{"@type":"ListItem","position":3,"name":"Velociti Low ADJ homme"}]},{"@type":"WebSite","@id":"https:\/\/www.miomiorun.com\/fr\/#website","url":"https:\/\/www.miomiorun.com\/fr\/","name":"MioMioRun","description":"Boutique 100% running et trail","publisher":{"@id":"https:\/\/www.miomiorun.com\/fr\/#organization"},"potentialAction":[{"@type":"SearchAction","target":{"@type":"EntryPoint","urlTemplate":"https:\/\/www.miomiorun.com\/fr\/?s={search_term_string}"},"query-input":{"@type":"PropertyValueSpecification","valueRequired":true,"valueName":"search_term_string"}}],"inLanguage":"fr-FR"},{"@type":"Organization","@id":"https:\/\/www.miomiorun.com\/fr\/#organization","name":"MioMio Run","url":"https:\/\/www.miomiorun.com\/fr\/","logo":{"@type":"ImageObject","inLanguage":"fr-FR","@id":"https:\/\/www.miomiorun.com\/fr\/#\/schema\/logo\/image\/","url":"https:\/\/www.miomiorun.com\/app\/uploads\/2019\/12\/logomio.png","contentUrl":"https:\/\/www.miomiorun.com\/app\/uploads\/2019\/12\/logomio.png","width":115,"height":82,"caption":"MioMio Run"},"image":{"@id":"https:\/\/www.miomiorun.com\/fr\/#\/schema\/logo\/image\/"},"sameAs":["https:\/\/www.facebook.com\/miomiorun\/","https:\/\/www.instagram.com\/miomiorun\/"]}]}},"_links":{"self":[{"href":"https:\/\/www.miomiorun.com\/fr\/wp-json\/wp\/v2\/product\/429545","targetHints":{"allow":["GET"]}}],"collection":[{"href":"https:\/\/www.miomiorun.com\/fr\/wp-json\/wp\/v2\/product"}],"about":[{"href":"https:\/\/www.miomiorun.com\/fr\/wp-json\/wp\/v2\/types\/product"}],"wp:featuredmedia":[{"embeddable":true,"href":"https:\/\/www.miomiorun.com\/fr\/wp-json\/wp\/v2\/media\/432510"}],"wp:attachment":[{"href":"https:\/\/www.miomiorun.com\/fr\/wp-json\/wp\/v2\/media?parent=429545"}],"wp:term":[{"taxonomy":"product_brand","embeddable":true,"href":"https:\/\/www.miomiorun.com\/fr\/wp-json\/wp\/v2\/product_brand?post=429545"},{"taxonomy":"product_cat","embeddable":true,"href":"https:\/\/www.miomiorun.com\/fr\/wp-json\/wp\/v2\/product_cat?post=429545"},{"taxonomy":"product_tag","embeddable":true,"href":"https:\/\/www.miomiorun.com\/fr\/wp-json\/wp\/v2\/product_tag?post=429545"}],"curies":[{"name":"wp","href":"https:\/\/api.w.org\/{rel}","templated":true}]}}