{"id":429510,"date":"2026-04-14T10:15:32","date_gmt":"2026-04-14T08:15:32","guid":{"rendered":"https:\/\/www.miomiorun.com\/?post_type=product&#038;p=429510"},"modified":"2026-04-30T09:57:46","modified_gmt":"2026-04-30T07:57:46","slug":"tech-tank-homme","status":"publish","type":"product","link":"https:\/\/www.miomiorun.com\/fr\/produit\/tech-tank-homme\/","title":{"rendered":"Tech tank homme"},"content":{"rendered":"<p data-start=\"26\" data-end=\"307\">Le <strong data-start=\"29\" data-end=\"47\">Tech Tank pour homme<\/strong> est un d\u00e9bardeur d&#8217;entra\u00eenement con\u00e7u pour offrir <strong data-start=\"97\" data-end=\"132\">l\u00e9g\u00e8ret\u00e9, confort et praticit\u00e9<\/strong> \u00e0 chaque s\u00e9ance. Fabriqu\u00e9 en tissu <strong data-start=\"174\" data-end=\"186\">UA Tech\u2122<\/strong>, il est con\u00e7u pour garantir une sensation naturelle sur la peau et vous accompagner pendant vos entra\u00eenements et vos activit\u00e9s sportives.<\/p>\n<p data-start=\"309\" data-end=\"563\">Le tissu est con\u00e7u pour <strong data-start=\"337\" data-end=\"385\">absorber la transpiration et s\u00e9cher rapidement<\/strong>, contribuant ainsi \u00e0 maintenir le confort m\u00eame lorsque l&#8217;intensit\u00e9 augmente. La technologie de <strong data-start=\"471\" data-end=\"496\">contr\u00f4le des odeurs<\/strong> aide \u00e0 r\u00e9duire la formation de mauvaises odeurs pendant l&#8217;utilisation.<\/p>\n<p data-start=\"565\" data-end=\"859\">La coupe <strong data-start=\"580\" data-end=\"612\">moulante mais non compressive<\/strong> \u00e9pouse les formes du corps sans \u00eatre trop serr\u00e9e, tandis que l&#8217;<strong data-start=\"670\" data-end=\"718\">ourlet profil\u00e9 avec un dos plus long<\/strong> est con\u00e7u pour offrir une meilleure couverture lors des mouvements. Un d\u00e9bardeur polyvalent, adapt\u00e9 aussi bien \u00e0 la course qu&#8217;aux entra\u00eenements en salle.<\/p>\n","protected":false},"excerpt":{"rendered":"<ul>\n<li data-section-id=\"10s5kcc\" data-start=\"879\" data-end=\"950\">Tissu <strong data-start=\"889\" data-end=\"901\">UA Tech\u2122<\/strong> l\u00e9ger et confortable, offrant une sensation naturelle<\/li>\n<li data-section-id=\"bz27vh\" data-start=\"951\" data-end=\"1019\">S\u00e9chage rapide et contr\u00f4le des odeurs pendant l&#8217;entra\u00eenement<\/li>\n<li data-section-id=\"1xy1g0l\" data-start=\"1020\" data-end=\"1102\">Coupe ajust\u00e9e avec <strong data-start=\"1048\" data-end=\"1077\">ourlet arri\u00e8re allong\u00e9<\/strong> pour une meilleure couverture<\/li>\n<\/ul>\n","protected":false},"featured_media":432482,"template":"","meta":{"_acf_changed":false,"inline_featured_image":false},"product_brand":[],"product_cat":[24257,24482],"product_tag":[23530,23574],"class_list":{"0":"post-429510","1":"product","2":"type-product","3":"status-publish","4":"has-post-thumbnail","6":"product_cat-gilets-fr","7":"product_cat-vetements-pour-hommes-fr","8":"product_tag-under-armour-fr","9":"product_tag-under-armour-homme","10":"pa_attivita-fitness-fr","11":"pa_attivita-running-fr","12":"pa_colore-tech-tank-wham-blue","13":"pa_marca-under-armour-fr","14":"pa_sesso-homme","15":"pa_size-extra-small-fr","16":"pa_size-small-fr","17":"pa_size-medium-fr","18":"pa_size-large-fr","20":"first","21":"instock","22":"sale","23":"taxable","24":"shipping-taxable","25":"purchasable","26":"product-type-variable","27":"wvs-archive-product-wrapper"},"acf":[],"yoast_head":"<!-- This site is optimized with the Yoast SEO plugin v26.8 - https:\/\/yoast.com\/product\/yoast-seo-wordpress\/ -->\n<title>Under Armour Tech tank homme - d\u00e9bardeur de course - MioMioRun<\/title>\n<meta name=\"description\" content=\"D\u00e9bardeur pour homme UA Tech\u2122 l\u00e9ger et respirant, \u00e0 s\u00e9chage rapide et anti-odeurs. Id\u00e9al pour l&#039;entra\u00eenement et la course \u00e0 pied au quotidien.\" \/>\n<meta name=\"robots\" content=\"index, follow, max-snippet:-1, max-image-preview:large, max-video-preview:-1\" \/>\n<link rel=\"canonical\" href=\"https:\/\/www.miomiorun.com\/fr\/produit\/tech-tank-homme\/\" \/>\n<meta property=\"og:locale\" content=\"fr_FR\" \/>\n<meta property=\"og:type\" content=\"article\" \/>\n<meta property=\"og:title\" content=\"Under Armour Tech tank homme - d\u00e9bardeur de course - MioMioRun\" \/>\n<meta property=\"og:description\" content=\"D\u00e9bardeur pour homme UA Tech\u2122 l\u00e9ger et respirant, \u00e0 s\u00e9chage rapide et anti-odeurs. Id\u00e9al pour l&#039;entra\u00eenement et la course \u00e0 pied au quotidien.\" \/>\n<meta property=\"og:url\" content=\"https:\/\/www.miomiorun.com\/fr\/produit\/tech-tank-homme\/\" \/>\n<meta property=\"og:site_name\" content=\"MioMioRun\" \/>\n<meta property=\"article:publisher\" content=\"https:\/\/www.facebook.com\/miomiorun\/\" \/>\n<meta property=\"article:modified_time\" content=\"2026-04-30T07:57:46+00:00\" \/>\n<meta property=\"og:image\" content=\"https:\/\/www.miomiorun.com\/app\/uploads\/2026\/04\/under-armor-Tech-tank-wham-blue-W-1382795-0498.webp\" \/>\n\t<meta property=\"og:image:width\" content=\"720\" \/>\n\t<meta property=\"og:image:height\" content=\"720\" \/>\n\t<meta property=\"og:image:type\" content=\"image\/webp\" \/>\n<meta name=\"twitter:card\" content=\"summary_large_image\" \/>\n<meta name=\"twitter:label1\" content=\"Est. reading time\" \/>\n\t<meta name=\"twitter:data1\" content=\"1 minute\" \/>\n<script type=\"application\/ld+json\" class=\"yoast-schema-graph\">{\"@context\":\"https:\/\/schema.org\",\"@graph\":[{\"@type\":\"WebPage\",\"@id\":\"https:\/\/www.miomiorun.com\/fr\/produit\/tech-tank-homme\/\",\"url\":\"https:\/\/www.miomiorun.com\/fr\/produit\/tech-tank-homme\/\",\"name\":\"Under Armour Tech tank homme - d\u00e9bardeur de course - MioMioRun\",\"isPartOf\":{\"@id\":\"https:\/\/www.miomiorun.com\/fr\/#website\"},\"primaryImageOfPage\":{\"@id\":\"https:\/\/www.miomiorun.com\/fr\/produit\/tech-tank-homme\/#primaryimage\"},\"image\":{\"@id\":\"https:\/\/www.miomiorun.com\/fr\/produit\/tech-tank-homme\/#primaryimage\"},\"thumbnailUrl\":\"https:\/\/www.miomiorun.com\/app\/uploads\/2026\/04\/under-armor-Tech-tank-wham-blue-W-1382795-0498.webp\",\"datePublished\":\"2026-04-14T08:15:32+00:00\",\"dateModified\":\"2026-04-30T07:57:46+00:00\",\"description\":\"D\u00e9bardeur pour homme UA Tech\u2122 l\u00e9ger et respirant, \u00e0 s\u00e9chage rapide et anti-odeurs. Id\u00e9al pour l'entra\u00eenement et la course \u00e0 pied au quotidien.\",\"breadcrumb\":{\"@id\":\"https:\/\/www.miomiorun.com\/fr\/produit\/tech-tank-homme\/#breadcrumb\"},\"inLanguage\":\"fr-FR\",\"potentialAction\":[{\"@type\":\"ReadAction\",\"target\":[\"https:\/\/www.miomiorun.com\/fr\/produit\/tech-tank-homme\/\"]}]},{\"@type\":\"ImageObject\",\"inLanguage\":\"fr-FR\",\"@id\":\"https:\/\/www.miomiorun.com\/fr\/produit\/tech-tank-homme\/#primaryimage\",\"url\":\"https:\/\/www.miomiorun.com\/app\/uploads\/2026\/04\/under-armor-Tech-tank-wham-blue-W-1382795-0498.webp\",\"contentUrl\":\"https:\/\/www.miomiorun.com\/app\/uploads\/2026\/04\/under-armor-Tech-tank-wham-blue-W-1382795-0498.webp\",\"width\":720,\"height\":720,\"caption\":\"under armor Tech tank wham blue W 1382795-0498\"},{\"@type\":\"BreadcrumbList\",\"@id\":\"https:\/\/www.miomiorun.com\/fr\/produit\/tech-tank-homme\/#breadcrumb\",\"itemListElement\":[{\"@type\":\"ListItem\",\"position\":1,\"name\":\"Home\",\"item\":\"https:\/\/www.miomiorun.com\/fr\/home-page\/\"},{\"@type\":\"ListItem\",\"position\":2,\"name\":\"Shop\",\"item\":\"https:\/\/www.miomiorun.com\/shop\/\"},{\"@type\":\"ListItem\",\"position\":3,\"name\":\"Tech tank homme\"}]},{\"@type\":\"WebSite\",\"@id\":\"https:\/\/www.miomiorun.com\/fr\/#website\",\"url\":\"https:\/\/www.miomiorun.com\/fr\/\",\"name\":\"MioMioRun\",\"description\":\"Boutique 100% running et trail\",\"publisher\":{\"@id\":\"https:\/\/www.miomiorun.com\/fr\/#organization\"},\"potentialAction\":[{\"@type\":\"SearchAction\",\"target\":{\"@type\":\"EntryPoint\",\"urlTemplate\":\"https:\/\/www.miomiorun.com\/fr\/?s={search_term_string}\"},\"query-input\":{\"@type\":\"PropertyValueSpecification\",\"valueRequired\":true,\"valueName\":\"search_term_string\"}}],\"inLanguage\":\"fr-FR\"},{\"@type\":\"Organization\",\"@id\":\"https:\/\/www.miomiorun.com\/fr\/#organization\",\"name\":\"MioMio Run\",\"url\":\"https:\/\/www.miomiorun.com\/fr\/\",\"logo\":{\"@type\":\"ImageObject\",\"inLanguage\":\"fr-FR\",\"@id\":\"https:\/\/www.miomiorun.com\/fr\/#\/schema\/logo\/image\/\",\"url\":\"https:\/\/www.miomiorun.com\/app\/uploads\/2019\/12\/logomio.png\",\"contentUrl\":\"https:\/\/www.miomiorun.com\/app\/uploads\/2019\/12\/logomio.png\",\"width\":115,\"height\":82,\"caption\":\"MioMio Run\"},\"image\":{\"@id\":\"https:\/\/www.miomiorun.com\/fr\/#\/schema\/logo\/image\/\"},\"sameAs\":[\"https:\/\/www.facebook.com\/miomiorun\/\",\"https:\/\/www.instagram.com\/miomiorun\/\"]}]}<\/script>\n<!-- \/ Yoast SEO plugin. -->","yoast_head_json":{"title":"Under Armour Tech tank homme - d\u00e9bardeur de course - MioMioRun","description":"D\u00e9bardeur pour homme UA Tech\u2122 l\u00e9ger et respirant, \u00e0 s\u00e9chage rapide et anti-odeurs. Id\u00e9al pour l'entra\u00eenement et la course \u00e0 pied au quotidien.","robots":{"index":"index","follow":"follow","max-snippet":"max-snippet:-1","max-image-preview":"max-image-preview:large","max-video-preview":"max-video-preview:-1"},"canonical":"https:\/\/www.miomiorun.com\/fr\/produit\/tech-tank-homme\/","og_locale":"fr_FR","og_type":"article","og_title":"Under Armour Tech tank homme - d\u00e9bardeur de course - MioMioRun","og_description":"D\u00e9bardeur pour homme UA Tech\u2122 l\u00e9ger et respirant, \u00e0 s\u00e9chage rapide et anti-odeurs. Id\u00e9al pour l'entra\u00eenement et la course \u00e0 pied au quotidien.","og_url":"https:\/\/www.miomiorun.com\/fr\/produit\/tech-tank-homme\/","og_site_name":"MioMioRun","article_publisher":"https:\/\/www.facebook.com\/miomiorun\/","article_modified_time":"2026-04-30T07:57:46+00:00","og_image":[{"width":720,"height":720,"url":"https:\/\/www.miomiorun.com\/app\/uploads\/2026\/04\/under-armor-Tech-tank-wham-blue-W-1382795-0498.webp","type":"image\/webp"}],"twitter_card":"summary_large_image","twitter_misc":{"Est. reading time":"1 minute"},"schema":{"@context":"https:\/\/schema.org","@graph":[{"@type":"WebPage","@id":"https:\/\/www.miomiorun.com\/fr\/produit\/tech-tank-homme\/","url":"https:\/\/www.miomiorun.com\/fr\/produit\/tech-tank-homme\/","name":"Under Armour Tech tank homme - d\u00e9bardeur de course - MioMioRun","isPartOf":{"@id":"https:\/\/www.miomiorun.com\/fr\/#website"},"primaryImageOfPage":{"@id":"https:\/\/www.miomiorun.com\/fr\/produit\/tech-tank-homme\/#primaryimage"},"image":{"@id":"https:\/\/www.miomiorun.com\/fr\/produit\/tech-tank-homme\/#primaryimage"},"thumbnailUrl":"https:\/\/www.miomiorun.com\/app\/uploads\/2026\/04\/under-armor-Tech-tank-wham-blue-W-1382795-0498.webp","datePublished":"2026-04-14T08:15:32+00:00","dateModified":"2026-04-30T07:57:46+00:00","description":"D\u00e9bardeur pour homme UA Tech\u2122 l\u00e9ger et respirant, \u00e0 s\u00e9chage rapide et anti-odeurs. Id\u00e9al pour l'entra\u00eenement et la course \u00e0 pied au quotidien.","breadcrumb":{"@id":"https:\/\/www.miomiorun.com\/fr\/produit\/tech-tank-homme\/#breadcrumb"},"inLanguage":"fr-FR","potentialAction":[{"@type":"ReadAction","target":["https:\/\/www.miomiorun.com\/fr\/produit\/tech-tank-homme\/"]}]},{"@type":"ImageObject","inLanguage":"fr-FR","@id":"https:\/\/www.miomiorun.com\/fr\/produit\/tech-tank-homme\/#primaryimage","url":"https:\/\/www.miomiorun.com\/app\/uploads\/2026\/04\/under-armor-Tech-tank-wham-blue-W-1382795-0498.webp","contentUrl":"https:\/\/www.miomiorun.com\/app\/uploads\/2026\/04\/under-armor-Tech-tank-wham-blue-W-1382795-0498.webp","width":720,"height":720,"caption":"under armor Tech tank wham blue W 1382795-0498"},{"@type":"BreadcrumbList","@id":"https:\/\/www.miomiorun.com\/fr\/produit\/tech-tank-homme\/#breadcrumb","itemListElement":[{"@type":"ListItem","position":1,"name":"Home","item":"https:\/\/www.miomiorun.com\/fr\/home-page\/"},{"@type":"ListItem","position":2,"name":"Shop","item":"https:\/\/www.miomiorun.com\/shop\/"},{"@type":"ListItem","position":3,"name":"Tech tank homme"}]},{"@type":"WebSite","@id":"https:\/\/www.miomiorun.com\/fr\/#website","url":"https:\/\/www.miomiorun.com\/fr\/","name":"MioMioRun","description":"Boutique 100% running et trail","publisher":{"@id":"https:\/\/www.miomiorun.com\/fr\/#organization"},"potentialAction":[{"@type":"SearchAction","target":{"@type":"EntryPoint","urlTemplate":"https:\/\/www.miomiorun.com\/fr\/?s={search_term_string}"},"query-input":{"@type":"PropertyValueSpecification","valueRequired":true,"valueName":"search_term_string"}}],"inLanguage":"fr-FR"},{"@type":"Organization","@id":"https:\/\/www.miomiorun.com\/fr\/#organization","name":"MioMio Run","url":"https:\/\/www.miomiorun.com\/fr\/","logo":{"@type":"ImageObject","inLanguage":"fr-FR","@id":"https:\/\/www.miomiorun.com\/fr\/#\/schema\/logo\/image\/","url":"https:\/\/www.miomiorun.com\/app\/uploads\/2019\/12\/logomio.png","contentUrl":"https:\/\/www.miomiorun.com\/app\/uploads\/2019\/12\/logomio.png","width":115,"height":82,"caption":"MioMio Run"},"image":{"@id":"https:\/\/www.miomiorun.com\/fr\/#\/schema\/logo\/image\/"},"sameAs":["https:\/\/www.facebook.com\/miomiorun\/","https:\/\/www.instagram.com\/miomiorun\/"]}]}},"_links":{"self":[{"href":"https:\/\/www.miomiorun.com\/fr\/wp-json\/wp\/v2\/product\/429510","targetHints":{"allow":["GET"]}}],"collection":[{"href":"https:\/\/www.miomiorun.com\/fr\/wp-json\/wp\/v2\/product"}],"about":[{"href":"https:\/\/www.miomiorun.com\/fr\/wp-json\/wp\/v2\/types\/product"}],"wp:featuredmedia":[{"embeddable":true,"href":"https:\/\/www.miomiorun.com\/fr\/wp-json\/wp\/v2\/media\/432482"}],"wp:attachment":[{"href":"https:\/\/www.miomiorun.com\/fr\/wp-json\/wp\/v2\/media?parent=429510"}],"wp:term":[{"taxonomy":"product_brand","embeddable":true,"href":"https:\/\/www.miomiorun.com\/fr\/wp-json\/wp\/v2\/product_brand?post=429510"},{"taxonomy":"product_cat","embeddable":true,"href":"https:\/\/www.miomiorun.com\/fr\/wp-json\/wp\/v2\/product_cat?post=429510"},{"taxonomy":"product_tag","embeddable":true,"href":"https:\/\/www.miomiorun.com\/fr\/wp-json\/wp\/v2\/product_tag?post=429510"}],"curies":[{"name":"wp","href":"https:\/\/api.w.org\/{rel}","templated":true}]}}