{"id":429400,"date":"2026-04-13T17:55:38","date_gmt":"2026-04-13T15:55:38","guid":{"rendered":"https:\/\/www.miomiorun.com\/?post_type=product&#038;p=429400"},"modified":"2026-04-30T09:56:35","modified_gmt":"2026-04-30T07:56:35","slug":"hg-armour-homme","status":"publish","type":"product","link":"https:\/\/www.miomiorun.com\/fr\/produit\/hg-armour-homme\/","title":{"rendered":"HG Armour homme"},"content":{"rendered":"<p data-start=\"26\" data-end=\"343\">Le <strong data-start=\"29\" data-end=\"47\">HG Armour pour homme<\/strong> est un maillot de compression con\u00e7u comme sous-couche pour offrir <strong data-start=\"116\" data-end=\"169\">l\u00e9g\u00e8ret\u00e9, respirabilit\u00e9 et libert\u00e9 de mouvement<\/strong> pendant l&#8217;activit\u00e9 sportive. R\u00e9alis\u00e9 avec la technologie <strong data-start=\"225\" data-end=\"238\">HeatGear\u00ae<\/strong>, il est con\u00e7u pour \u00eatre la premi\u00e8re couche \u00e0 porter, garantissant un confort optimal m\u00eame dans les conditions les plus intenses.<\/p>\n<p data-start=\"345\" data-end=\"685\">Le <strong data-start=\"348\" data-end=\"373\">tissu ultra-l\u00e9ger<\/strong> offre une bonne couverture sans alourdir, tandis que les <strong data-start=\"418\" data-end=\"468\">empi\u00e8cements en mesh dans le dos et sous les bras<\/strong> favorisent une ventilation cibl\u00e9e dans les zones les plus expos\u00e9es \u00e0 la chaleur. Le tissu est con\u00e7u pour <strong data-start=\"570\" data-end=\"618\">absorber la transpiration et s\u00e9cher rapidement<\/strong>, contribuant ainsi \u00e0 garder la peau au sec pendant l&#8217;entra\u00eenement.<\/p>\n<p data-start=\"687\" data-end=\"1005\">La construction ergonomique avec <strong data-start=\"717\" data-end=\"780\">des coutures \u00e9loign\u00e9es des zones de friction les plus importantes<\/strong> est con\u00e7ue pour am\u00e9liorer la r\u00e9sistance et le confort. Les <strong data-start=\"838\" data-end=\"863\">manches raglan hybrides<\/strong> compl\u00e8tent le design en offrant une plus grande libert\u00e9 de mouvement, ce qui rend ce maillot id\u00e9al pour les entra\u00eenements intenses et les activit\u00e9s multisports.<\/p>\n","protected":false},"excerpt":{"rendered":"<ul>\n<li data-section-id=\"1rontbu\" data-start=\"1025\" data-end=\"1098\">Tissu <strong data-start=\"1035\" data-end=\"1061\">HeatGear\u00ae ultral\u00e9ger<\/strong> pour plus de confort et une grande libert\u00e9 de mouvement<\/li>\n<li data-section-id=\"1v607ct\" data-start=\"1099\" data-end=\"1170\">Empi\u00e8cements en <strong data-start=\"1113\" data-end=\"1133\">maille respirante<\/strong> pour une ventilation optimale dans les zones cl\u00e9s<\/li>\n<li data-section-id=\"lxqgqy\" data-start=\"1171\" data-end=\"1241\">S\u00e9chage rapide et conception ergonomique pour r\u00e9duire les frottements<\/li>\n<\/ul>\n","protected":false},"featured_media":432396,"template":"","meta":{"_acf_changed":false,"inline_featured_image":false},"product_brand":[],"product_cat":[24449,24482],"product_tag":[23530,23574],"class_list":{"0":"post-429400","1":"product","2":"type-product","3":"status-publish","4":"has-post-thumbnail","6":"product_cat-t-shirt-fr-3","7":"product_cat-vetements-pour-hommes-fr","8":"product_tag-under-armour-fr","9":"product_tag-under-armour-homme","10":"pa_attivita-fitness-fr","11":"pa_attivita-lifestyle-fr","12":"pa_attivita-marcher","13":"pa_attivita-running-fr","14":"pa_colore-hg-armour-com-black","15":"pa_marca-under-armour-fr","16":"pa_sesso-homme","17":"pa_size-small-fr","18":"pa_size-medium-fr","19":"pa_size-large-fr","21":"first","22":"instock","23":"sale","24":"taxable","25":"shipping-taxable","26":"purchasable","27":"product-type-variable","28":"wvs-archive-product-wrapper"},"acf":[],"yoast_head":"<!-- This site is optimized with the Yoast SEO plugin v26.8 - https:\/\/yoast.com\/product\/yoast-seo-wordpress\/ -->\n<title>Under Armour HG Armour homme - t-shirt de course \u00e0 pied - MioMioRun<\/title>\n<meta name=\"description\" content=\"Maillot de compression pour homme HG Armour HeatGear\u00ae : l\u00e9ger, respirant et \u00e0 s\u00e9chage rapide. Id\u00e9al pour les entra\u00eenements intenses et la pratique sportive.\" \/>\n<meta name=\"robots\" content=\"index, follow, max-snippet:-1, max-image-preview:large, max-video-preview:-1\" \/>\n<link rel=\"canonical\" href=\"https:\/\/www.miomiorun.com\/fr\/produit\/hg-armour-homme\/\" \/>\n<meta property=\"og:locale\" content=\"fr_FR\" \/>\n<meta property=\"og:type\" content=\"article\" \/>\n<meta property=\"og:title\" content=\"Under Armour HG Armour homme - t-shirt de course \u00e0 pied - MioMioRun\" \/>\n<meta property=\"og:description\" content=\"Maillot de compression pour homme HG Armour HeatGear\u00ae : l\u00e9ger, respirant et \u00e0 s\u00e9chage rapide. Id\u00e9al pour les entra\u00eenements intenses et la pratique sportive.\" \/>\n<meta property=\"og:url\" content=\"https:\/\/www.miomiorun.com\/fr\/produit\/hg-armour-homme\/\" \/>\n<meta property=\"og:site_name\" content=\"MioMioRun\" \/>\n<meta property=\"article:publisher\" content=\"https:\/\/www.facebook.com\/miomiorun\/\" \/>\n<meta property=\"article:modified_time\" content=\"2026-04-30T07:56:35+00:00\" \/>\n<meta property=\"og:image\" content=\"https:\/\/www.miomiorun.com\/app\/uploads\/2026\/04\/under-armor-HG-Armour-com-black-1361518-0001.webp\" \/>\n\t<meta property=\"og:image:width\" content=\"720\" \/>\n\t<meta property=\"og:image:height\" content=\"720\" \/>\n\t<meta property=\"og:image:type\" content=\"image\/webp\" \/>\n<meta name=\"twitter:card\" content=\"summary_large_image\" \/>\n<meta name=\"twitter:label1\" content=\"Est. reading time\" \/>\n\t<meta name=\"twitter:data1\" content=\"1 minute\" \/>\n<script type=\"application\/ld+json\" class=\"yoast-schema-graph\">{\"@context\":\"https:\/\/schema.org\",\"@graph\":[{\"@type\":\"WebPage\",\"@id\":\"https:\/\/www.miomiorun.com\/fr\/produit\/hg-armour-homme\/\",\"url\":\"https:\/\/www.miomiorun.com\/fr\/produit\/hg-armour-homme\/\",\"name\":\"Under Armour HG Armour homme - t-shirt de course \u00e0 pied - MioMioRun\",\"isPartOf\":{\"@id\":\"https:\/\/www.miomiorun.com\/fr\/#website\"},\"primaryImageOfPage\":{\"@id\":\"https:\/\/www.miomiorun.com\/fr\/produit\/hg-armour-homme\/#primaryimage\"},\"image\":{\"@id\":\"https:\/\/www.miomiorun.com\/fr\/produit\/hg-armour-homme\/#primaryimage\"},\"thumbnailUrl\":\"https:\/\/www.miomiorun.com\/app\/uploads\/2026\/04\/under-armor-HG-Armour-com-black-1361518-0001.webp\",\"datePublished\":\"2026-04-13T15:55:38+00:00\",\"dateModified\":\"2026-04-30T07:56:35+00:00\",\"description\":\"Maillot de compression pour homme HG Armour HeatGear\u00ae : l\u00e9ger, respirant et \u00e0 s\u00e9chage rapide. Id\u00e9al pour les entra\u00eenements intenses et la pratique sportive.\",\"breadcrumb\":{\"@id\":\"https:\/\/www.miomiorun.com\/fr\/produit\/hg-armour-homme\/#breadcrumb\"},\"inLanguage\":\"fr-FR\",\"potentialAction\":[{\"@type\":\"ReadAction\",\"target\":[\"https:\/\/www.miomiorun.com\/fr\/produit\/hg-armour-homme\/\"]}]},{\"@type\":\"ImageObject\",\"inLanguage\":\"fr-FR\",\"@id\":\"https:\/\/www.miomiorun.com\/fr\/produit\/hg-armour-homme\/#primaryimage\",\"url\":\"https:\/\/www.miomiorun.com\/app\/uploads\/2026\/04\/under-armor-HG-Armour-com-black-1361518-0001.webp\",\"contentUrl\":\"https:\/\/www.miomiorun.com\/app\/uploads\/2026\/04\/under-armor-HG-Armour-com-black-1361518-0001.webp\",\"width\":720,\"height\":720,\"caption\":\"under armor HG Armour com black 1361518-0001\"},{\"@type\":\"BreadcrumbList\",\"@id\":\"https:\/\/www.miomiorun.com\/fr\/produit\/hg-armour-homme\/#breadcrumb\",\"itemListElement\":[{\"@type\":\"ListItem\",\"position\":1,\"name\":\"Home\",\"item\":\"https:\/\/www.miomiorun.com\/fr\/home-page\/\"},{\"@type\":\"ListItem\",\"position\":2,\"name\":\"Shop\",\"item\":\"https:\/\/www.miomiorun.com\/shop\/\"},{\"@type\":\"ListItem\",\"position\":3,\"name\":\"HG Armour homme\"}]},{\"@type\":\"WebSite\",\"@id\":\"https:\/\/www.miomiorun.com\/fr\/#website\",\"url\":\"https:\/\/www.miomiorun.com\/fr\/\",\"name\":\"MioMioRun\",\"description\":\"Boutique 100% running et trail\",\"publisher\":{\"@id\":\"https:\/\/www.miomiorun.com\/fr\/#organization\"},\"potentialAction\":[{\"@type\":\"SearchAction\",\"target\":{\"@type\":\"EntryPoint\",\"urlTemplate\":\"https:\/\/www.miomiorun.com\/fr\/?s={search_term_string}\"},\"query-input\":{\"@type\":\"PropertyValueSpecification\",\"valueRequired\":true,\"valueName\":\"search_term_string\"}}],\"inLanguage\":\"fr-FR\"},{\"@type\":\"Organization\",\"@id\":\"https:\/\/www.miomiorun.com\/fr\/#organization\",\"name\":\"MioMio Run\",\"url\":\"https:\/\/www.miomiorun.com\/fr\/\",\"logo\":{\"@type\":\"ImageObject\",\"inLanguage\":\"fr-FR\",\"@id\":\"https:\/\/www.miomiorun.com\/fr\/#\/schema\/logo\/image\/\",\"url\":\"https:\/\/www.miomiorun.com\/app\/uploads\/2019\/12\/logomio.png\",\"contentUrl\":\"https:\/\/www.miomiorun.com\/app\/uploads\/2019\/12\/logomio.png\",\"width\":115,\"height\":82,\"caption\":\"MioMio Run\"},\"image\":{\"@id\":\"https:\/\/www.miomiorun.com\/fr\/#\/schema\/logo\/image\/\"},\"sameAs\":[\"https:\/\/www.facebook.com\/miomiorun\/\",\"https:\/\/www.instagram.com\/miomiorun\/\"]}]}<\/script>\n<!-- \/ Yoast SEO plugin. -->","yoast_head_json":{"title":"Under Armour HG Armour homme - t-shirt de course \u00e0 pied - MioMioRun","description":"Maillot de compression pour homme HG Armour HeatGear\u00ae : l\u00e9ger, respirant et \u00e0 s\u00e9chage rapide. Id\u00e9al pour les entra\u00eenements intenses et la pratique sportive.","robots":{"index":"index","follow":"follow","max-snippet":"max-snippet:-1","max-image-preview":"max-image-preview:large","max-video-preview":"max-video-preview:-1"},"canonical":"https:\/\/www.miomiorun.com\/fr\/produit\/hg-armour-homme\/","og_locale":"fr_FR","og_type":"article","og_title":"Under Armour HG Armour homme - t-shirt de course \u00e0 pied - MioMioRun","og_description":"Maillot de compression pour homme HG Armour HeatGear\u00ae : l\u00e9ger, respirant et \u00e0 s\u00e9chage rapide. Id\u00e9al pour les entra\u00eenements intenses et la pratique sportive.","og_url":"https:\/\/www.miomiorun.com\/fr\/produit\/hg-armour-homme\/","og_site_name":"MioMioRun","article_publisher":"https:\/\/www.facebook.com\/miomiorun\/","article_modified_time":"2026-04-30T07:56:35+00:00","og_image":[{"width":720,"height":720,"url":"https:\/\/www.miomiorun.com\/app\/uploads\/2026\/04\/under-armor-HG-Armour-com-black-1361518-0001.webp","type":"image\/webp"}],"twitter_card":"summary_large_image","twitter_misc":{"Est. reading time":"1 minute"},"schema":{"@context":"https:\/\/schema.org","@graph":[{"@type":"WebPage","@id":"https:\/\/www.miomiorun.com\/fr\/produit\/hg-armour-homme\/","url":"https:\/\/www.miomiorun.com\/fr\/produit\/hg-armour-homme\/","name":"Under Armour HG Armour homme - t-shirt de course \u00e0 pied - MioMioRun","isPartOf":{"@id":"https:\/\/www.miomiorun.com\/fr\/#website"},"primaryImageOfPage":{"@id":"https:\/\/www.miomiorun.com\/fr\/produit\/hg-armour-homme\/#primaryimage"},"image":{"@id":"https:\/\/www.miomiorun.com\/fr\/produit\/hg-armour-homme\/#primaryimage"},"thumbnailUrl":"https:\/\/www.miomiorun.com\/app\/uploads\/2026\/04\/under-armor-HG-Armour-com-black-1361518-0001.webp","datePublished":"2026-04-13T15:55:38+00:00","dateModified":"2026-04-30T07:56:35+00:00","description":"Maillot de compression pour homme HG Armour HeatGear\u00ae : l\u00e9ger, respirant et \u00e0 s\u00e9chage rapide. Id\u00e9al pour les entra\u00eenements intenses et la pratique sportive.","breadcrumb":{"@id":"https:\/\/www.miomiorun.com\/fr\/produit\/hg-armour-homme\/#breadcrumb"},"inLanguage":"fr-FR","potentialAction":[{"@type":"ReadAction","target":["https:\/\/www.miomiorun.com\/fr\/produit\/hg-armour-homme\/"]}]},{"@type":"ImageObject","inLanguage":"fr-FR","@id":"https:\/\/www.miomiorun.com\/fr\/produit\/hg-armour-homme\/#primaryimage","url":"https:\/\/www.miomiorun.com\/app\/uploads\/2026\/04\/under-armor-HG-Armour-com-black-1361518-0001.webp","contentUrl":"https:\/\/www.miomiorun.com\/app\/uploads\/2026\/04\/under-armor-HG-Armour-com-black-1361518-0001.webp","width":720,"height":720,"caption":"under armor HG Armour com black 1361518-0001"},{"@type":"BreadcrumbList","@id":"https:\/\/www.miomiorun.com\/fr\/produit\/hg-armour-homme\/#breadcrumb","itemListElement":[{"@type":"ListItem","position":1,"name":"Home","item":"https:\/\/www.miomiorun.com\/fr\/home-page\/"},{"@type":"ListItem","position":2,"name":"Shop","item":"https:\/\/www.miomiorun.com\/shop\/"},{"@type":"ListItem","position":3,"name":"HG Armour homme"}]},{"@type":"WebSite","@id":"https:\/\/www.miomiorun.com\/fr\/#website","url":"https:\/\/www.miomiorun.com\/fr\/","name":"MioMioRun","description":"Boutique 100% running et trail","publisher":{"@id":"https:\/\/www.miomiorun.com\/fr\/#organization"},"potentialAction":[{"@type":"SearchAction","target":{"@type":"EntryPoint","urlTemplate":"https:\/\/www.miomiorun.com\/fr\/?s={search_term_string}"},"query-input":{"@type":"PropertyValueSpecification","valueRequired":true,"valueName":"search_term_string"}}],"inLanguage":"fr-FR"},{"@type":"Organization","@id":"https:\/\/www.miomiorun.com\/fr\/#organization","name":"MioMio Run","url":"https:\/\/www.miomiorun.com\/fr\/","logo":{"@type":"ImageObject","inLanguage":"fr-FR","@id":"https:\/\/www.miomiorun.com\/fr\/#\/schema\/logo\/image\/","url":"https:\/\/www.miomiorun.com\/app\/uploads\/2019\/12\/logomio.png","contentUrl":"https:\/\/www.miomiorun.com\/app\/uploads\/2019\/12\/logomio.png","width":115,"height":82,"caption":"MioMio Run"},"image":{"@id":"https:\/\/www.miomiorun.com\/fr\/#\/schema\/logo\/image\/"},"sameAs":["https:\/\/www.facebook.com\/miomiorun\/","https:\/\/www.instagram.com\/miomiorun\/"]}]}},"_links":{"self":[{"href":"https:\/\/www.miomiorun.com\/fr\/wp-json\/wp\/v2\/product\/429400","targetHints":{"allow":["GET"]}}],"collection":[{"href":"https:\/\/www.miomiorun.com\/fr\/wp-json\/wp\/v2\/product"}],"about":[{"href":"https:\/\/www.miomiorun.com\/fr\/wp-json\/wp\/v2\/types\/product"}],"wp:featuredmedia":[{"embeddable":true,"href":"https:\/\/www.miomiorun.com\/fr\/wp-json\/wp\/v2\/media\/432396"}],"wp:attachment":[{"href":"https:\/\/www.miomiorun.com\/fr\/wp-json\/wp\/v2\/media?parent=429400"}],"wp:term":[{"taxonomy":"product_brand","embeddable":true,"href":"https:\/\/www.miomiorun.com\/fr\/wp-json\/wp\/v2\/product_brand?post=429400"},{"taxonomy":"product_cat","embeddable":true,"href":"https:\/\/www.miomiorun.com\/fr\/wp-json\/wp\/v2\/product_cat?post=429400"},{"taxonomy":"product_tag","embeddable":true,"href":"https:\/\/www.miomiorun.com\/fr\/wp-json\/wp\/v2\/product_tag?post=429400"}],"curies":[{"name":"wp","href":"https:\/\/api.w.org\/{rel}","templated":true}]}}