{"id":429190,"date":"2026-04-11T12:23:38","date_gmt":"2026-04-11T10:23:38","guid":{"rendered":"https:\/\/www.miomiorun.com\/?post_type=product&#038;p=429190"},"modified":"2026-05-08T12:07:05","modified_gmt":"2026-05-08T10:07:05","slug":"trail-crop-top-02-femme","status":"publish","type":"product","link":"https:\/\/www.miomiorun.com\/fr\/produit\/trail-crop-top-02-femme\/","title":{"rendered":"Trail Crop Top 02 femme"},"content":{"rendered":"<p data-start=\"26\" data-end=\"370\">Le <strong data-start=\"29\" data-end=\"50\">Trail Cropped Top<\/strong> est con\u00e7u pour les coureuses qui recherchent un \u00e9quilibre entre <strong data-start=\"108\" data-end=\"150\">performance, praticit\u00e9 et durabilit\u00e9<\/strong>. Fabriqu\u00e9 en <strong data-start=\"167\" data-end=\"209\">85 % de polyester recycl\u00e9 et 15 % d&#8217;\u00e9lasthanne<\/strong> (doublure 87 % de polyester recycl\u00e9 et 13 % d&#8217;\u00e9lasthanne), il offre \u00e9lasticit\u00e9 et confort lors de tous les types d&#8217;entra\u00eenement, du trail running aux activit\u00e9s \u00e0 haute intensit\u00e9.<\/p>\n<p data-start=\"372\" data-end=\"675\">Sa structure est con\u00e7ue pour accompagner les mouvements : le tissu garantit <strong data-start=\"448\" data-end=\"470\">soutien et libert\u00e9 de mouvement<\/strong>, tandis que la coupe l\u00e9g\u00e8rement plus longue assure une sensation de stabilit\u00e9 pendant la course. Les <strong data-start=\"574\" data-end=\"606\">coupes int\u00e9gr\u00e9es et amovibles<\/strong> permettent d&#8217;adapter le niveau de maintien en fonction des besoins.<\/p>\n<p data-start=\"677\" data-end=\"1051\">D&#8217;un point de vue fonctionnel, il int\u00e8gre <strong data-start=\"716\" data-end=\"740\">3 poches strat\u00e9giques<\/strong> : une poche sup\u00e9rieure avec un \u00e9lastique porte-cl\u00e9s pour les petits objets et <strong data-start=\"803\" data-end=\"839\">deux poches lat\u00e9rales plus spacieuses<\/strong> pour les gels ou les accessoires, con\u00e7ues pour courir sans distraction. Un v\u00eatement polyvalent, con\u00e7u pour vous accompagner dans tous vos entra\u00eenements, avec une attention particuli\u00e8re port\u00e9e aux mat\u00e9riaux et \u00e0 la production responsable.<\/p>\n","protected":false},"excerpt":{"rendered":"<ul>\n<li data-section-id=\"edc954\" data-start=\"1071\" data-end=\"1155\">Tissu compos\u00e9 \u00e0 <strong data-start=\"1085\" data-end=\"1113\">85 % de polyester recycl\u00e9<\/strong> pour plus de confort, d&#8217;\u00e9lasticit\u00e9 et de durabilit\u00e9<\/li>\n<li data-section-id=\"7mjkpc\" data-start=\"1156\" data-end=\"1233\"><strong data-start=\"1158\" data-end=\"1180\">3 poches int\u00e9gr\u00e9es<\/strong> pour ranger gel, cl\u00e9s et petits objets pendant la course<\/li>\n<li data-section-id=\"1l5l7qc\" data-start=\"1234\" data-end=\"1312\">Coussinets amovibles et coupe stable pour un maintien optimal et une grande libert\u00e9 de mouvement<\/li>\n<\/ul>\n","protected":false},"featured_media":430537,"template":"","meta":{"_acf_changed":false,"inline_featured_image":false},"product_brand":[],"product_cat":[22589,22587,22600,22596,22538],"product_tag":[35958,35968],"class_list":{"0":"post-429190","1":"product","2":"type-product","3":"status-publish","4":"has-post-thumbnail","6":"product_cat-sacs-a-dos","7":"product_cat-sacs-a-dos-et-ceintures","8":"product_cat-sous-vetements","9":"product_cat-vetements-pour-femmes","10":"product_cat-accessoires","11":"product_tag-nnormal-fr","12":"product_tag-nnormal-femme-fr","13":"pa_attivita-trail-fr","14":"pa_colore-trail-crop-top-02-w-black","15":"pa_marca-nnormal-fr","16":"pa_sesso-femme","17":"pa_size-extra-small-fr","18":"pa_size-small-fr","19":"pa_size-medium-fr","21":"first","22":"instock","23":"taxable","24":"shipping-taxable","25":"purchasable","26":"product-type-variable","27":"wvs-archive-product-wrapper"},"acf":[],"yoast_head":"<!-- This site is optimized with the Yoast SEO plugin v26.8 - https:\/\/yoast.com\/product\/yoast-seo-wordpress\/ -->\n<title>NNormal Trail Crop Top 02 femme - meilleure coureuse de trail - MioMioRun<\/title>\n<meta name=\"description\" content=\"Haut court de trail pour femme en polyester recycl\u00e9, avec poches int\u00e9gr\u00e9es et bonnets amovibles. Confort et praticit\u00e9 pour le trail et l&#039;entra\u00eenement.\" \/>\n<meta name=\"robots\" content=\"index, follow, max-snippet:-1, max-image-preview:large, max-video-preview:-1\" \/>\n<link rel=\"canonical\" href=\"https:\/\/www.miomiorun.com\/fr\/produit\/trail-crop-top-02-femme\/\" \/>\n<meta property=\"og:locale\" content=\"fr_FR\" \/>\n<meta property=\"og:type\" content=\"article\" \/>\n<meta property=\"og:title\" content=\"NNormal Trail Crop Top 02 femme - meilleure coureuse de trail - MioMioRun\" \/>\n<meta property=\"og:description\" content=\"Haut court de trail pour femme en polyester recycl\u00e9, avec poches int\u00e9gr\u00e9es et bonnets amovibles. Confort et praticit\u00e9 pour le trail et l&#039;entra\u00eenement.\" \/>\n<meta property=\"og:url\" content=\"https:\/\/www.miomiorun.com\/fr\/produit\/trail-crop-top-02-femme\/\" \/>\n<meta property=\"og:site_name\" content=\"MioMioRun\" \/>\n<meta property=\"article:publisher\" content=\"https:\/\/www.facebook.com\/miomiorun\/\" \/>\n<meta property=\"article:modified_time\" content=\"2026-05-08T10:07:05+00:00\" \/>\n<meta property=\"og:image\" content=\"https:\/\/www.miomiorun.com\/app\/uploads\/2026\/04\/Normal-Trail-Crop-Top-02-W-black-NC2CT1W-001.webp\" \/>\n\t<meta property=\"og:image:width\" content=\"720\" \/>\n\t<meta property=\"og:image:height\" content=\"720\" \/>\n\t<meta property=\"og:image:type\" content=\"image\/webp\" \/>\n<meta name=\"twitter:card\" content=\"summary_large_image\" \/>\n<meta name=\"twitter:label1\" content=\"Est. reading time\" \/>\n\t<meta name=\"twitter:data1\" content=\"1 minute\" \/>\n<script type=\"application\/ld+json\" class=\"yoast-schema-graph\">{\"@context\":\"https:\/\/schema.org\",\"@graph\":[{\"@type\":\"WebPage\",\"@id\":\"https:\/\/www.miomiorun.com\/fr\/produit\/trail-crop-top-02-femme\/\",\"url\":\"https:\/\/www.miomiorun.com\/fr\/produit\/trail-crop-top-02-femme\/\",\"name\":\"NNormal Trail Crop Top 02 femme - meilleure coureuse de trail - MioMioRun\",\"isPartOf\":{\"@id\":\"https:\/\/www.miomiorun.com\/fr\/#website\"},\"primaryImageOfPage\":{\"@id\":\"https:\/\/www.miomiorun.com\/fr\/produit\/trail-crop-top-02-femme\/#primaryimage\"},\"image\":{\"@id\":\"https:\/\/www.miomiorun.com\/fr\/produit\/trail-crop-top-02-femme\/#primaryimage\"},\"thumbnailUrl\":\"https:\/\/www.miomiorun.com\/app\/uploads\/2026\/04\/Normal-Trail-Crop-Top-02-W-black-NC2CT1W-001.webp\",\"datePublished\":\"2026-04-11T10:23:38+00:00\",\"dateModified\":\"2026-05-08T10:07:05+00:00\",\"description\":\"Haut court de trail pour femme en polyester recycl\u00e9, avec poches int\u00e9gr\u00e9es et bonnets amovibles. Confort et praticit\u00e9 pour le trail et l'entra\u00eenement.\",\"breadcrumb\":{\"@id\":\"https:\/\/www.miomiorun.com\/fr\/produit\/trail-crop-top-02-femme\/#breadcrumb\"},\"inLanguage\":\"fr-FR\",\"potentialAction\":[{\"@type\":\"ReadAction\",\"target\":[\"https:\/\/www.miomiorun.com\/fr\/produit\/trail-crop-top-02-femme\/\"]}]},{\"@type\":\"ImageObject\",\"inLanguage\":\"fr-FR\",\"@id\":\"https:\/\/www.miomiorun.com\/fr\/produit\/trail-crop-top-02-femme\/#primaryimage\",\"url\":\"https:\/\/www.miomiorun.com\/app\/uploads\/2026\/04\/Normal-Trail-Crop-Top-02-W-black-NC2CT1W-001.webp\",\"contentUrl\":\"https:\/\/www.miomiorun.com\/app\/uploads\/2026\/04\/Normal-Trail-Crop-Top-02-W-black-NC2CT1W-001.webp\",\"width\":720,\"height\":720,\"caption\":\"Normal Trail Crop Top 02 W black NC2CT1W-001\"},{\"@type\":\"BreadcrumbList\",\"@id\":\"https:\/\/www.miomiorun.com\/fr\/produit\/trail-crop-top-02-femme\/#breadcrumb\",\"itemListElement\":[{\"@type\":\"ListItem\",\"position\":1,\"name\":\"Home\",\"item\":\"https:\/\/www.miomiorun.com\/fr\/home-page\/\"},{\"@type\":\"ListItem\",\"position\":2,\"name\":\"Shop\",\"item\":\"https:\/\/www.miomiorun.com\/shop\/\"},{\"@type\":\"ListItem\",\"position\":3,\"name\":\"Trail Crop Top 02 femme\"}]},{\"@type\":\"WebSite\",\"@id\":\"https:\/\/www.miomiorun.com\/fr\/#website\",\"url\":\"https:\/\/www.miomiorun.com\/fr\/\",\"name\":\"MioMioRun\",\"description\":\"Boutique 100% running et trail\",\"publisher\":{\"@id\":\"https:\/\/www.miomiorun.com\/fr\/#organization\"},\"potentialAction\":[{\"@type\":\"SearchAction\",\"target\":{\"@type\":\"EntryPoint\",\"urlTemplate\":\"https:\/\/www.miomiorun.com\/fr\/?s={search_term_string}\"},\"query-input\":{\"@type\":\"PropertyValueSpecification\",\"valueRequired\":true,\"valueName\":\"search_term_string\"}}],\"inLanguage\":\"fr-FR\"},{\"@type\":\"Organization\",\"@id\":\"https:\/\/www.miomiorun.com\/fr\/#organization\",\"name\":\"MioMio Run\",\"url\":\"https:\/\/www.miomiorun.com\/fr\/\",\"logo\":{\"@type\":\"ImageObject\",\"inLanguage\":\"fr-FR\",\"@id\":\"https:\/\/www.miomiorun.com\/fr\/#\/schema\/logo\/image\/\",\"url\":\"https:\/\/www.miomiorun.com\/app\/uploads\/2019\/12\/logomio.png\",\"contentUrl\":\"https:\/\/www.miomiorun.com\/app\/uploads\/2019\/12\/logomio.png\",\"width\":115,\"height\":82,\"caption\":\"MioMio Run\"},\"image\":{\"@id\":\"https:\/\/www.miomiorun.com\/fr\/#\/schema\/logo\/image\/\"},\"sameAs\":[\"https:\/\/www.facebook.com\/miomiorun\/\",\"https:\/\/www.instagram.com\/miomiorun\/\"]}]}<\/script>\n<!-- \/ Yoast SEO plugin. -->","yoast_head_json":{"title":"NNormal Trail Crop Top 02 femme - meilleure coureuse de trail - MioMioRun","description":"Haut court de trail pour femme en polyester recycl\u00e9, avec poches int\u00e9gr\u00e9es et bonnets amovibles. Confort et praticit\u00e9 pour le trail et l'entra\u00eenement.","robots":{"index":"index","follow":"follow","max-snippet":"max-snippet:-1","max-image-preview":"max-image-preview:large","max-video-preview":"max-video-preview:-1"},"canonical":"https:\/\/www.miomiorun.com\/fr\/produit\/trail-crop-top-02-femme\/","og_locale":"fr_FR","og_type":"article","og_title":"NNormal Trail Crop Top 02 femme - meilleure coureuse de trail - MioMioRun","og_description":"Haut court de trail pour femme en polyester recycl\u00e9, avec poches int\u00e9gr\u00e9es et bonnets amovibles. Confort et praticit\u00e9 pour le trail et l'entra\u00eenement.","og_url":"https:\/\/www.miomiorun.com\/fr\/produit\/trail-crop-top-02-femme\/","og_site_name":"MioMioRun","article_publisher":"https:\/\/www.facebook.com\/miomiorun\/","article_modified_time":"2026-05-08T10:07:05+00:00","og_image":[{"width":720,"height":720,"url":"https:\/\/www.miomiorun.com\/app\/uploads\/2026\/04\/Normal-Trail-Crop-Top-02-W-black-NC2CT1W-001.webp","type":"image\/webp"}],"twitter_card":"summary_large_image","twitter_misc":{"Est. reading time":"1 minute"},"schema":{"@context":"https:\/\/schema.org","@graph":[{"@type":"WebPage","@id":"https:\/\/www.miomiorun.com\/fr\/produit\/trail-crop-top-02-femme\/","url":"https:\/\/www.miomiorun.com\/fr\/produit\/trail-crop-top-02-femme\/","name":"NNormal Trail Crop Top 02 femme - meilleure coureuse de trail - MioMioRun","isPartOf":{"@id":"https:\/\/www.miomiorun.com\/fr\/#website"},"primaryImageOfPage":{"@id":"https:\/\/www.miomiorun.com\/fr\/produit\/trail-crop-top-02-femme\/#primaryimage"},"image":{"@id":"https:\/\/www.miomiorun.com\/fr\/produit\/trail-crop-top-02-femme\/#primaryimage"},"thumbnailUrl":"https:\/\/www.miomiorun.com\/app\/uploads\/2026\/04\/Normal-Trail-Crop-Top-02-W-black-NC2CT1W-001.webp","datePublished":"2026-04-11T10:23:38+00:00","dateModified":"2026-05-08T10:07:05+00:00","description":"Haut court de trail pour femme en polyester recycl\u00e9, avec poches int\u00e9gr\u00e9es et bonnets amovibles. Confort et praticit\u00e9 pour le trail et l'entra\u00eenement.","breadcrumb":{"@id":"https:\/\/www.miomiorun.com\/fr\/produit\/trail-crop-top-02-femme\/#breadcrumb"},"inLanguage":"fr-FR","potentialAction":[{"@type":"ReadAction","target":["https:\/\/www.miomiorun.com\/fr\/produit\/trail-crop-top-02-femme\/"]}]},{"@type":"ImageObject","inLanguage":"fr-FR","@id":"https:\/\/www.miomiorun.com\/fr\/produit\/trail-crop-top-02-femme\/#primaryimage","url":"https:\/\/www.miomiorun.com\/app\/uploads\/2026\/04\/Normal-Trail-Crop-Top-02-W-black-NC2CT1W-001.webp","contentUrl":"https:\/\/www.miomiorun.com\/app\/uploads\/2026\/04\/Normal-Trail-Crop-Top-02-W-black-NC2CT1W-001.webp","width":720,"height":720,"caption":"Normal Trail Crop Top 02 W black NC2CT1W-001"},{"@type":"BreadcrumbList","@id":"https:\/\/www.miomiorun.com\/fr\/produit\/trail-crop-top-02-femme\/#breadcrumb","itemListElement":[{"@type":"ListItem","position":1,"name":"Home","item":"https:\/\/www.miomiorun.com\/fr\/home-page\/"},{"@type":"ListItem","position":2,"name":"Shop","item":"https:\/\/www.miomiorun.com\/shop\/"},{"@type":"ListItem","position":3,"name":"Trail Crop Top 02 femme"}]},{"@type":"WebSite","@id":"https:\/\/www.miomiorun.com\/fr\/#website","url":"https:\/\/www.miomiorun.com\/fr\/","name":"MioMioRun","description":"Boutique 100% running et trail","publisher":{"@id":"https:\/\/www.miomiorun.com\/fr\/#organization"},"potentialAction":[{"@type":"SearchAction","target":{"@type":"EntryPoint","urlTemplate":"https:\/\/www.miomiorun.com\/fr\/?s={search_term_string}"},"query-input":{"@type":"PropertyValueSpecification","valueRequired":true,"valueName":"search_term_string"}}],"inLanguage":"fr-FR"},{"@type":"Organization","@id":"https:\/\/www.miomiorun.com\/fr\/#organization","name":"MioMio Run","url":"https:\/\/www.miomiorun.com\/fr\/","logo":{"@type":"ImageObject","inLanguage":"fr-FR","@id":"https:\/\/www.miomiorun.com\/fr\/#\/schema\/logo\/image\/","url":"https:\/\/www.miomiorun.com\/app\/uploads\/2019\/12\/logomio.png","contentUrl":"https:\/\/www.miomiorun.com\/app\/uploads\/2019\/12\/logomio.png","width":115,"height":82,"caption":"MioMio Run"},"image":{"@id":"https:\/\/www.miomiorun.com\/fr\/#\/schema\/logo\/image\/"},"sameAs":["https:\/\/www.facebook.com\/miomiorun\/","https:\/\/www.instagram.com\/miomiorun\/"]}]}},"_links":{"self":[{"href":"https:\/\/www.miomiorun.com\/fr\/wp-json\/wp\/v2\/product\/429190","targetHints":{"allow":["GET"]}}],"collection":[{"href":"https:\/\/www.miomiorun.com\/fr\/wp-json\/wp\/v2\/product"}],"about":[{"href":"https:\/\/www.miomiorun.com\/fr\/wp-json\/wp\/v2\/types\/product"}],"wp:featuredmedia":[{"embeddable":true,"href":"https:\/\/www.miomiorun.com\/fr\/wp-json\/wp\/v2\/media\/430537"}],"wp:attachment":[{"href":"https:\/\/www.miomiorun.com\/fr\/wp-json\/wp\/v2\/media?parent=429190"}],"wp:term":[{"taxonomy":"product_brand","embeddable":true,"href":"https:\/\/www.miomiorun.com\/fr\/wp-json\/wp\/v2\/product_brand?post=429190"},{"taxonomy":"product_cat","embeddable":true,"href":"https:\/\/www.miomiorun.com\/fr\/wp-json\/wp\/v2\/product_cat?post=429190"},{"taxonomy":"product_tag","embeddable":true,"href":"https:\/\/www.miomiorun.com\/fr\/wp-json\/wp\/v2\/product_tag?post=429190"}],"curies":[{"name":"wp","href":"https:\/\/api.w.org\/{rel}","templated":true}]}}