{"id":428666,"date":"2026-04-10T15:48:53","date_gmt":"2026-04-10T13:48:53","guid":{"rendered":"https:\/\/www.miomiorun.com\/?post_type=product&#038;p=428666"},"modified":"2026-04-30T11:46:46","modified_gmt":"2026-04-30T09:46:46","slug":"fuga-ex-pro","status":"publish","type":"product","link":"https:\/\/www.miomiorun.com\/fr\/produit\/fuga-ex-pro\/","title":{"rendered":"Fuga EX Pro"},"content":{"rendered":"<table style=\"border-collapse: collapse;width: 100%\">\n<tbody>\n<tr>\n<td style=\"width: 33.3333%;vertical-align: top;text-align: center\">\n<p style=\"text-align: left\"><strong>Caract\u00e9ristiques techniques<\/strong><\/p>\n<p style=\"text-align: left\">Cat\u00e9gorie : amorti haut de gamme<br \/>\nD\u00e9port : 5 mm (30 mm\/35 mm)<br \/>\nPoids : 275 g (EUR 42)<br \/>\nId\u00e9al pour : les coureurs de trail \u00e0 la recherche d&#8217;un mod\u00e8le offrant des performances maximales sur diff\u00e9rents terrains.<br \/>\nPoids de l&#8217;athl\u00e8te : 50-70 kg<br \/>\nAllure de course : moyenne \u00e0 rapide (4,30-6,00 min\/km)<br \/>\n<a href=\"https:\/\/miomiorun.com\/guida-alle-specifiche-tecniche\/\">Guide des caract\u00e9ristiques techniques<\/a><\/p>\n<\/td>\n<td style=\"width: 66.6666%;vertical-align: top;text-align: center\">\n<p style=\"text-align: left\" data-start=\"26\" data-end=\"326\">Les <strong data-start=\"29\" data-end=\"51\">Kailas FUGA EX PRO<\/strong> sont des chaussures de trail con\u00e7ues pour offrir <strong data-start=\"104\" data-end=\"136\">r\u00e9activit\u00e9, adh\u00e9rence et stabilit\u00e9<\/strong> sur des terrains mixtes, m\u00eame dans les conditions les plus techniques. Con\u00e7ues pour des performances de haut niveau, elles combinent des mat\u00e9riaux de pointe et une construction \u00e9tudi\u00e9e pour accompagner la course sur de longues distances.<\/p>\n<p style=\"text-align: left\" data-start=\"328\" data-end=\"656\">La semelle <strong data-start=\"337\" data-end=\"396\">Vibram\u00ae Megagrip, dot\u00e9e des technologies Litebase et Traction Lug<\/strong>, est con\u00e7ue pour garantir traction et l\u00e9g\u00e8ret\u00e9, avec une structure divis\u00e9e en <strong data-start=\"478\" data-end=\"497\">zones fonctionnelles<\/strong> afin d\u2019am\u00e9liorer l\u2019adh\u00e9rence, la stabilit\u00e9 et le contr\u00f4le en mont\u00e9e et en descente. Le profil diff\u00e9renci\u00e9 (4 mm \/ 6 mm) est con\u00e7u pour s&#8217;adapter \u00e0 diff\u00e9rents types de terrain.<\/p>\n<p style=\"text-align: left\" data-start=\"658\" data-end=\"1000\">La semelle interm\u00e9diaire en <strong data-start=\"674\" data-end=\"735\">mousse supercritique avec insert en fibre de carbone en X<\/strong> est con\u00e7ue pour offrir un retour d&#8217;\u00e9nergie et un soutien pendant la foul\u00e9e, favorisant une course plus dynamique. La tige en <strong data-start=\"858\" data-end=\"887\">XDiMESH multidimensionnel<\/strong> est con\u00e7ue pour am\u00e9liorer la respirabilit\u00e9, la l\u00e9g\u00e8ret\u00e9 et la r\u00e9sistance, contribuant ainsi \u00e0 garder le pied au sec.<\/p>\n<p style=\"text-align: left\" data-start=\"1002\" data-end=\"1298\">Le syst\u00e8me <strong data-start=\"1013\" data-end=\"1045\">AWS 3.0 \u00e0 double r\u00e9glage<\/strong> assure un chaussant stable et pr\u00e9cis, contribuant \u00e0 r\u00e9duire les mouvements internes pendant la course, notamment en descente. Avec un <strong data-start=\"1174\" data-end=\"1198\">poids de 275 g (EU42)<\/strong> et un <strong data-start=\"1201\" data-end=\"1228\">drop de 5 mm (30\/35 mm)<\/strong>, elles sont con\u00e7ues pour ceux qui recherchent performance et contr\u00f4le sur les sentiers techniques.<\/p>\n<\/td>\n<\/tr>\n<\/tbody>\n<\/table>\n<p>&nbsp;<\/p>\n","protected":false},"excerpt":{"rendered":"<ul>\n<li data-section-id=\"x9pa3w\" data-start=\"1318\" data-end=\"1404\">Semelle <strong data-start=\"1326\" data-end=\"1372\">Vibram\u00ae Megagrip + Litebase + Traction Lug<\/strong> pour une adh\u00e9rence sur terrains mixtes<\/li>\n<li data-section-id=\"1vijhgq\" data-start=\"1405\" data-end=\"1475\">Semelle interm\u00e9diaire avec <strong data-start=\"1422\" data-end=\"1449\">plaque en carbone en X<\/strong> pour la propulsion et la r\u00e9activit\u00e9<\/li>\n<li data-section-id=\"1xqces2\" data-start=\"1476\" data-end=\"1551\">Tige <strong data-start=\"1485\" data-end=\"1496\">XDiMESH<\/strong> et syst\u00e8me <strong data-start=\"1507\" data-end=\"1518\">AWS 3.0<\/strong> pour la respirabilit\u00e9 et la stabilit\u00e9<\/li>\n<\/ul>\n","protected":false},"featured_media":429010,"template":"","meta":{"_acf_changed":false,"inline_featured_image":false},"product_brand":[],"product_cat":[22605,24448,22608,24445],"product_tag":[41217,41221,41225],"class_list":{"0":"post-428666","1":"product","2":"type-product","3":"status-publish","4":"has-post-thumbnail","6":"product_cat-chaussures-pour-femmes","7":"product_cat-chaussures-pour-hommes-fr","8":"product_cat-trail-fr","9":"product_cat-trail-fr-3","10":"product_tag-kailas","11":"product_tag-kailas-femme","12":"product_tag-kailas-homme","13":"pa_attivita-outdoor-fr","14":"pa_attivita-trail-fr","15":"pa_colore-fuga-ex-pro-icy-blue","16":"pa_marca-kailas","17":"pa_sesso-homme","18":"pa_size-41-5-fr","19":"pa_size-42-fr","20":"pa_size-42-5-fr","21":"pa_size-43-fr","22":"pa_size-44-fr","23":"pa_size-44-5-fr","24":"pa_size-45-fr","25":"pa_size-46-fr","27":"first","28":"instock","29":"taxable","30":"shipping-taxable","31":"purchasable","32":"product-type-variable","33":"wvs-archive-product-wrapper"},"acf":[],"yoast_head":"<!-- This site is optimized with the Yoast SEO plugin v26.8 - https:\/\/yoast.com\/product\/yoast-seo-wordpress\/ -->\n<title>Kailas Fuga EX Pro - chaussures de trail - MioMioRun.com<\/title>\n<meta name=\"description\" content=\"Chaussures de trail running Kailas FUGA EX PRO, \u00e9quip\u00e9es de la semelle Vibram\u00ae Megagrip et d&#039;une plaque en carbone pour une adh\u00e9rence, une r\u00e9activit\u00e9 et des performances optimales sur des terrains vari\u00e9s.\" \/>\n<meta name=\"robots\" content=\"index, follow, max-snippet:-1, max-image-preview:large, max-video-preview:-1\" \/>\n<link rel=\"canonical\" href=\"https:\/\/www.miomiorun.com\/fr\/produit\/fuga-ex-pro\/\" \/>\n<meta property=\"og:locale\" content=\"fr_FR\" \/>\n<meta property=\"og:type\" content=\"article\" \/>\n<meta property=\"og:title\" content=\"Kailas Fuga EX Pro - chaussures de trail - MioMioRun.com\" \/>\n<meta property=\"og:description\" content=\"Chaussures de trail running Kailas FUGA EX PRO, \u00e9quip\u00e9es de la semelle Vibram\u00ae Megagrip et d&#039;une plaque en carbone pour une adh\u00e9rence, une r\u00e9activit\u00e9 et des performances optimales sur des terrains vari\u00e9s.\" \/>\n<meta property=\"og:url\" content=\"https:\/\/www.miomiorun.com\/fr\/produit\/fuga-ex-pro\/\" \/>\n<meta property=\"og:site_name\" content=\"MioMioRun\" \/>\n<meta property=\"article:publisher\" content=\"https:\/\/www.facebook.com\/miomiorun\/\" \/>\n<meta property=\"article:modified_time\" content=\"2026-04-30T09:46:46+00:00\" \/>\n<meta property=\"og:image\" content=\"https:\/\/www.miomiorun.com\/app\/uploads\/2026\/04\/kailas-Fuga-EX-Pro-icy-blue-KS2513103-10590.webp\" \/>\n\t<meta property=\"og:image:width\" content=\"720\" \/>\n\t<meta property=\"og:image:height\" content=\"720\" \/>\n\t<meta property=\"og:image:type\" content=\"image\/webp\" \/>\n<meta name=\"twitter:card\" content=\"summary_large_image\" \/>\n<meta name=\"twitter:label1\" content=\"Est. reading time\" \/>\n\t<meta name=\"twitter:data1\" content=\"2 minutes\" \/>\n<script type=\"application\/ld+json\" class=\"yoast-schema-graph\">{\"@context\":\"https:\/\/schema.org\",\"@graph\":[{\"@type\":\"WebPage\",\"@id\":\"https:\/\/www.miomiorun.com\/fr\/produit\/fuga-ex-pro\/\",\"url\":\"https:\/\/www.miomiorun.com\/fr\/produit\/fuga-ex-pro\/\",\"name\":\"Kailas Fuga EX Pro - chaussures de trail - MioMioRun.com\",\"isPartOf\":{\"@id\":\"https:\/\/www.miomiorun.com\/fr\/#website\"},\"primaryImageOfPage\":{\"@id\":\"https:\/\/www.miomiorun.com\/fr\/produit\/fuga-ex-pro\/#primaryimage\"},\"image\":{\"@id\":\"https:\/\/www.miomiorun.com\/fr\/produit\/fuga-ex-pro\/#primaryimage\"},\"thumbnailUrl\":\"https:\/\/www.miomiorun.com\/app\/uploads\/2026\/04\/kailas-Fuga-EX-Pro-icy-blue-KS2513103-10590.webp\",\"datePublished\":\"2026-04-10T13:48:53+00:00\",\"dateModified\":\"2026-04-30T09:46:46+00:00\",\"description\":\"Chaussures de trail running Kailas FUGA EX PRO, \u00e9quip\u00e9es de la semelle Vibram\u00ae Megagrip et d'une plaque en carbone pour une adh\u00e9rence, une r\u00e9activit\u00e9 et des performances optimales sur des terrains vari\u00e9s.\",\"breadcrumb\":{\"@id\":\"https:\/\/www.miomiorun.com\/fr\/produit\/fuga-ex-pro\/#breadcrumb\"},\"inLanguage\":\"fr-FR\",\"potentialAction\":[{\"@type\":\"ReadAction\",\"target\":[\"https:\/\/www.miomiorun.com\/fr\/produit\/fuga-ex-pro\/\"]}]},{\"@type\":\"ImageObject\",\"inLanguage\":\"fr-FR\",\"@id\":\"https:\/\/www.miomiorun.com\/fr\/produit\/fuga-ex-pro\/#primaryimage\",\"url\":\"https:\/\/www.miomiorun.com\/app\/uploads\/2026\/04\/kailas-Fuga-EX-Pro-icy-blue-KS2513103-10590.webp\",\"contentUrl\":\"https:\/\/www.miomiorun.com\/app\/uploads\/2026\/04\/kailas-Fuga-EX-Pro-icy-blue-KS2513103-10590.webp\",\"width\":720,\"height\":720,\"caption\":\"kailas Fuga EX Pro icy blue KS2513103-10590\"},{\"@type\":\"BreadcrumbList\",\"@id\":\"https:\/\/www.miomiorun.com\/fr\/produit\/fuga-ex-pro\/#breadcrumb\",\"itemListElement\":[{\"@type\":\"ListItem\",\"position\":1,\"name\":\"Home\",\"item\":\"https:\/\/www.miomiorun.com\/fr\/home-page\/\"},{\"@type\":\"ListItem\",\"position\":2,\"name\":\"Shop\",\"item\":\"https:\/\/www.miomiorun.com\/shop\/\"},{\"@type\":\"ListItem\",\"position\":3,\"name\":\"Fuga EX Pro\"}]},{\"@type\":\"WebSite\",\"@id\":\"https:\/\/www.miomiorun.com\/fr\/#website\",\"url\":\"https:\/\/www.miomiorun.com\/fr\/\",\"name\":\"MioMioRun\",\"description\":\"Boutique 100% running et trail\",\"publisher\":{\"@id\":\"https:\/\/www.miomiorun.com\/fr\/#organization\"},\"potentialAction\":[{\"@type\":\"SearchAction\",\"target\":{\"@type\":\"EntryPoint\",\"urlTemplate\":\"https:\/\/www.miomiorun.com\/fr\/?s={search_term_string}\"},\"query-input\":{\"@type\":\"PropertyValueSpecification\",\"valueRequired\":true,\"valueName\":\"search_term_string\"}}],\"inLanguage\":\"fr-FR\"},{\"@type\":\"Organization\",\"@id\":\"https:\/\/www.miomiorun.com\/fr\/#organization\",\"name\":\"MioMio Run\",\"url\":\"https:\/\/www.miomiorun.com\/fr\/\",\"logo\":{\"@type\":\"ImageObject\",\"inLanguage\":\"fr-FR\",\"@id\":\"https:\/\/www.miomiorun.com\/fr\/#\/schema\/logo\/image\/\",\"url\":\"https:\/\/www.miomiorun.com\/app\/uploads\/2019\/12\/logomio.png\",\"contentUrl\":\"https:\/\/www.miomiorun.com\/app\/uploads\/2019\/12\/logomio.png\",\"width\":115,\"height\":82,\"caption\":\"MioMio Run\"},\"image\":{\"@id\":\"https:\/\/www.miomiorun.com\/fr\/#\/schema\/logo\/image\/\"},\"sameAs\":[\"https:\/\/www.facebook.com\/miomiorun\/\",\"https:\/\/www.instagram.com\/miomiorun\/\"]}]}<\/script>\n<!-- \/ Yoast SEO plugin. -->","yoast_head_json":{"title":"Kailas Fuga EX Pro - chaussures de trail - MioMioRun.com","description":"Chaussures de trail running Kailas FUGA EX PRO, \u00e9quip\u00e9es de la semelle Vibram\u00ae Megagrip et d'une plaque en carbone pour une adh\u00e9rence, une r\u00e9activit\u00e9 et des performances optimales sur des terrains vari\u00e9s.","robots":{"index":"index","follow":"follow","max-snippet":"max-snippet:-1","max-image-preview":"max-image-preview:large","max-video-preview":"max-video-preview:-1"},"canonical":"https:\/\/www.miomiorun.com\/fr\/produit\/fuga-ex-pro\/","og_locale":"fr_FR","og_type":"article","og_title":"Kailas Fuga EX Pro - chaussures de trail - MioMioRun.com","og_description":"Chaussures de trail running Kailas FUGA EX PRO, \u00e9quip\u00e9es de la semelle Vibram\u00ae Megagrip et d'une plaque en carbone pour une adh\u00e9rence, une r\u00e9activit\u00e9 et des performances optimales sur des terrains vari\u00e9s.","og_url":"https:\/\/www.miomiorun.com\/fr\/produit\/fuga-ex-pro\/","og_site_name":"MioMioRun","article_publisher":"https:\/\/www.facebook.com\/miomiorun\/","article_modified_time":"2026-04-30T09:46:46+00:00","og_image":[{"width":720,"height":720,"url":"https:\/\/www.miomiorun.com\/app\/uploads\/2026\/04\/kailas-Fuga-EX-Pro-icy-blue-KS2513103-10590.webp","type":"image\/webp"}],"twitter_card":"summary_large_image","twitter_misc":{"Est. reading time":"2 minutes"},"schema":{"@context":"https:\/\/schema.org","@graph":[{"@type":"WebPage","@id":"https:\/\/www.miomiorun.com\/fr\/produit\/fuga-ex-pro\/","url":"https:\/\/www.miomiorun.com\/fr\/produit\/fuga-ex-pro\/","name":"Kailas Fuga EX Pro - chaussures de trail - MioMioRun.com","isPartOf":{"@id":"https:\/\/www.miomiorun.com\/fr\/#website"},"primaryImageOfPage":{"@id":"https:\/\/www.miomiorun.com\/fr\/produit\/fuga-ex-pro\/#primaryimage"},"image":{"@id":"https:\/\/www.miomiorun.com\/fr\/produit\/fuga-ex-pro\/#primaryimage"},"thumbnailUrl":"https:\/\/www.miomiorun.com\/app\/uploads\/2026\/04\/kailas-Fuga-EX-Pro-icy-blue-KS2513103-10590.webp","datePublished":"2026-04-10T13:48:53+00:00","dateModified":"2026-04-30T09:46:46+00:00","description":"Chaussures de trail running Kailas FUGA EX PRO, \u00e9quip\u00e9es de la semelle Vibram\u00ae Megagrip et d'une plaque en carbone pour une adh\u00e9rence, une r\u00e9activit\u00e9 et des performances optimales sur des terrains vari\u00e9s.","breadcrumb":{"@id":"https:\/\/www.miomiorun.com\/fr\/produit\/fuga-ex-pro\/#breadcrumb"},"inLanguage":"fr-FR","potentialAction":[{"@type":"ReadAction","target":["https:\/\/www.miomiorun.com\/fr\/produit\/fuga-ex-pro\/"]}]},{"@type":"ImageObject","inLanguage":"fr-FR","@id":"https:\/\/www.miomiorun.com\/fr\/produit\/fuga-ex-pro\/#primaryimage","url":"https:\/\/www.miomiorun.com\/app\/uploads\/2026\/04\/kailas-Fuga-EX-Pro-icy-blue-KS2513103-10590.webp","contentUrl":"https:\/\/www.miomiorun.com\/app\/uploads\/2026\/04\/kailas-Fuga-EX-Pro-icy-blue-KS2513103-10590.webp","width":720,"height":720,"caption":"kailas Fuga EX Pro icy blue KS2513103-10590"},{"@type":"BreadcrumbList","@id":"https:\/\/www.miomiorun.com\/fr\/produit\/fuga-ex-pro\/#breadcrumb","itemListElement":[{"@type":"ListItem","position":1,"name":"Home","item":"https:\/\/www.miomiorun.com\/fr\/home-page\/"},{"@type":"ListItem","position":2,"name":"Shop","item":"https:\/\/www.miomiorun.com\/shop\/"},{"@type":"ListItem","position":3,"name":"Fuga EX Pro"}]},{"@type":"WebSite","@id":"https:\/\/www.miomiorun.com\/fr\/#website","url":"https:\/\/www.miomiorun.com\/fr\/","name":"MioMioRun","description":"Boutique 100% running et trail","publisher":{"@id":"https:\/\/www.miomiorun.com\/fr\/#organization"},"potentialAction":[{"@type":"SearchAction","target":{"@type":"EntryPoint","urlTemplate":"https:\/\/www.miomiorun.com\/fr\/?s={search_term_string}"},"query-input":{"@type":"PropertyValueSpecification","valueRequired":true,"valueName":"search_term_string"}}],"inLanguage":"fr-FR"},{"@type":"Organization","@id":"https:\/\/www.miomiorun.com\/fr\/#organization","name":"MioMio Run","url":"https:\/\/www.miomiorun.com\/fr\/","logo":{"@type":"ImageObject","inLanguage":"fr-FR","@id":"https:\/\/www.miomiorun.com\/fr\/#\/schema\/logo\/image\/","url":"https:\/\/www.miomiorun.com\/app\/uploads\/2019\/12\/logomio.png","contentUrl":"https:\/\/www.miomiorun.com\/app\/uploads\/2019\/12\/logomio.png","width":115,"height":82,"caption":"MioMio Run"},"image":{"@id":"https:\/\/www.miomiorun.com\/fr\/#\/schema\/logo\/image\/"},"sameAs":["https:\/\/www.facebook.com\/miomiorun\/","https:\/\/www.instagram.com\/miomiorun\/"]}]}},"_links":{"self":[{"href":"https:\/\/www.miomiorun.com\/fr\/wp-json\/wp\/v2\/product\/428666","targetHints":{"allow":["GET"]}}],"collection":[{"href":"https:\/\/www.miomiorun.com\/fr\/wp-json\/wp\/v2\/product"}],"about":[{"href":"https:\/\/www.miomiorun.com\/fr\/wp-json\/wp\/v2\/types\/product"}],"wp:featuredmedia":[{"embeddable":true,"href":"https:\/\/www.miomiorun.com\/fr\/wp-json\/wp\/v2\/media\/429010"}],"wp:attachment":[{"href":"https:\/\/www.miomiorun.com\/fr\/wp-json\/wp\/v2\/media?parent=428666"}],"wp:term":[{"taxonomy":"product_brand","embeddable":true,"href":"https:\/\/www.miomiorun.com\/fr\/wp-json\/wp\/v2\/product_brand?post=428666"},{"taxonomy":"product_cat","embeddable":true,"href":"https:\/\/www.miomiorun.com\/fr\/wp-json\/wp\/v2\/product_cat?post=428666"},{"taxonomy":"product_tag","embeddable":true,"href":"https:\/\/www.miomiorun.com\/fr\/wp-json\/wp\/v2\/product_tag?post=428666"}],"curies":[{"name":"wp","href":"https:\/\/api.w.org\/{rel}","templated":true}]}}