{"id":428459,"date":"2026-04-10T15:31:12","date_gmt":"2026-04-10T13:31:12","guid":{"rendered":"https:\/\/www.miomiorun.com\/?post_type=product&#038;p=428459"},"modified":"2026-05-09T15:00:45","modified_gmt":"2026-05-09T13:00:45","slug":"fuga-ex-330-femme","status":"publish","type":"product","link":"https:\/\/www.miomiorun.com\/fr\/produit\/fuga-ex-330-femme\/","title":{"rendered":"Fuga EX 330 femme"},"content":{"rendered":"<table style=\"border-collapse: collapse;width: 100%\">\n<tbody>\n<tr>\n<td style=\"width: 33.3333%\"><strong>Caract\u00e9ristiques techniques<\/strong><\/p>\n<p>Cat\u00e9gorie : amorti haut de gamme<br \/>\nD\u00e9port : 5 mm<br \/>\nPoids : 275 g<br \/>\nId\u00e9al pour : les coureurs de trail \u00e0 la recherche d&#8217;un mod\u00e8le l\u00e9ger pour les longues distances sur des sentiers techniques.<br \/>\nPoids de l&#8217;athl\u00e8te : 50-70 kg<br \/>\nAllure de course : moyenne \u00e0 rapide (4,30-6,00 min\/km)<br \/>\n<a href=\"https:\/\/miomiorun.com\/guida-alle-specifiche-tecniche\/\">Guide des caract\u00e9ristiques techniques<\/a><\/p>\n<p>&nbsp;<\/td>\n<td style=\"width: 66.6666%\">\n<p data-start=\"26\" data-end=\"371\">Les<strong data-start=\"29\" data-end=\"71\"> FUGA EX 330<\/strong>&nbsp;sont con\u00e7ues pour affronter <strong data-start=\"103\" data-end=\"138\">des ultra-distances sur des terrains mixtes<\/strong>, s&#8217;inspirant de la course d&#8217;endurance TORX\u00ae 330 et test\u00e9es en conditions r\u00e9elles. Con\u00e7ues pour ceux qui recherchent des performances constantes sur la dur\u00e9e, elles allient <strong data-start=\"288\" data-end=\"325\">amorti, adh\u00e9rence et stabilit\u00e9<\/strong> pour vous accompagner kilom\u00e8tre apr\u00e8s kilom\u00e8tre.<\/p>\n<p data-start=\"373\" data-end=\"697\">La semelle <strong data-start=\"382\" data-end=\"441\">Vibram\u00ae Megagrip avec crampons Traction Lug et technologie Litebase<\/strong> est con\u00e7ue pour offrir traction et l\u00e9g\u00e8ret\u00e9 sur les surfaces techniques. Le design avec <strong data-start=\"526\" data-end=\"562\">crampons \u00e0 double profondeur<\/strong> (6 mm sur les c\u00f4t\u00e9s et 4 mm au centre\/\u00e0 l&#8217;arri\u00e8re) est \u00e9tudi\u00e9 pour garantir adh\u00e9rence dans les virages, propulsion et contr\u00f4le en descente sur des terrains vari\u00e9s.<\/p>\n<p data-start=\"699\" data-end=\"1011\">La semelle interm\u00e9diaire en <strong data-start=\"715\" data-end=\"739\">mousse supercritique<\/strong> est con\u00e7ue pour offrir amorti et retour d&#8217;\u00e9nergie, tout en conservant une r\u00e9ponse constante m\u00eame sur de longues distances. L&#8217;empeigne en <strong data-start=\"878\" data-end=\"907\">XDiMESH multidimensionnel<\/strong> favorise la ventilation et la r\u00e9sistance, contribuant \u00e0 garder le pied au sec pendant la course.<\/p>\n<p data-start=\"1013\" data-end=\"1350\">Le syst\u00e8me <strong data-start=\"1024\" data-end=\"1056\">AWS 3.0 \u00e0 double r\u00e9glage<\/strong> est con\u00e7u pour stabiliser le pied et r\u00e9duire les mouvements internes, tandis que le design ergonomique et les canaux de drainage de la boue aident \u00e0 maintenir l\u2019adh\u00e9rence m\u00eame dans des conditions humides. Avec un <strong data-start=\"1252\" data-end=\"1276\">poids de 285 g (EU42)<\/strong> et un <strong data-start=\"1279\" data-end=\"1295\">drop de 5 mm<\/strong>, elles sont con\u00e7ues pour les longues distances sur des sentiers techniques.<\/p>\n<\/td>\n<\/tr>\n<\/tbody>\n<\/table>\n<p>&nbsp;<\/p>\n","protected":false},"excerpt":{"rendered":"<ul>\n<li data-section-id=\"13im673\" data-start=\"1370\" data-end=\"1468\">Semelle <strong data-start=\"1378\" data-end=\"1413\">Vibram\u00ae Megagrip + Traction Lug<\/strong> avec crampons diff\u00e9renci\u00e9s pour une adh\u00e9rence optimale sur des terrains vari\u00e9s<\/li>\n<li data-section-id=\"keicot\" data-start=\"1469\" data-end=\"1574\">Semelle interm\u00e9diaire en <strong data-start=\"1485\" data-end=\"1509\">mousse supercritique<\/strong> pour un amorti et un retour d&#8217;\u00e9nergie sur les longues distances<\/li>\n<li data-section-id=\"1935z21\" data-start=\"1575\" data-end=\"1655\">Tige <strong data-start=\"1584\" data-end=\"1607\">XDiMESH respirante<\/strong> et syst\u00e8me <strong data-start=\"1618\" data-end=\"1629\">AWS 3.0<\/strong> pour la stabilit\u00e9 et le confort<\/li>\n<\/ul>\n","protected":false},"featured_media":428858,"template":"","meta":{"_acf_changed":false,"inline_featured_image":false},"product_brand":[],"product_cat":[22605,22608],"product_tag":[41217,41221],"class_list":{"0":"post-428459","1":"product","2":"type-product","3":"status-publish","4":"has-post-thumbnail","6":"product_cat-chaussures-pour-femmes","7":"product_cat-trail-fr","8":"product_tag-kailas","9":"product_tag-kailas-femme","10":"pa_attivita-outdoor-fr","11":"pa_attivita-trail-fr","12":"pa_colore-fuga-ex-330-w-original-cosmetic-pink","13":"pa_marca-kailas","14":"pa_sesso-femme","15":"pa_size-37-5-fr","16":"pa_size-38-fr","17":"pa_size-39-fr","18":"pa_size-39-5-fr","19":"pa_size-40-fr","21":"first","22":"instock","23":"taxable","24":"shipping-taxable","25":"purchasable","26":"product-type-variable","27":"wvs-archive-product-wrapper"},"acf":[],"yoast_head":"<!-- This site is optimized with the Yoast SEO plugin v26.8 - https:\/\/yoast.com\/product\/yoast-seo-wordpress\/ -->\n<title>Kailas Fuga EX 330 femme - chaussures de trail - MioMioRun.com<\/title>\n<meta name=\"description\" content=\"Chaussures de trail running ultra-distance Kailas FUGA EX 330, dot\u00e9es de la semelle Vibram\u00ae Megagrip et d&#039;une mousse supercritique pour une adh\u00e9rence, un confort et des performances optimaux.\" \/>\n<meta name=\"robots\" content=\"index, follow, max-snippet:-1, max-image-preview:large, max-video-preview:-1\" \/>\n<link rel=\"canonical\" href=\"https:\/\/www.miomiorun.com\/fr\/produit\/fuga-ex-330-femme\/\" \/>\n<meta property=\"og:locale\" content=\"fr_FR\" \/>\n<meta property=\"og:type\" content=\"article\" \/>\n<meta property=\"og:title\" content=\"Kailas Fuga EX 330 femme - chaussures de trail - MioMioRun.com\" \/>\n<meta property=\"og:description\" content=\"Chaussures de trail running ultra-distance Kailas FUGA EX 330, dot\u00e9es de la semelle Vibram\u00ae Megagrip et d&#039;une mousse supercritique pour une adh\u00e9rence, un confort et des performances optimaux.\" \/>\n<meta property=\"og:url\" content=\"https:\/\/www.miomiorun.com\/fr\/produit\/fuga-ex-330-femme\/\" \/>\n<meta property=\"og:site_name\" content=\"MioMioRun\" \/>\n<meta property=\"article:publisher\" content=\"https:\/\/www.facebook.com\/miomiorun\/\" \/>\n<meta property=\"article:modified_time\" content=\"2026-05-09T13:00:45+00:00\" \/>\n<meta property=\"og:image\" content=\"https:\/\/www.miomiorun.com\/app\/uploads\/2026\/04\/kailas-Fuga-EX-330-W-original-cosmetic-pink-KS2533255-22400.webp\" \/>\n\t<meta property=\"og:image:width\" content=\"720\" \/>\n\t<meta property=\"og:image:height\" content=\"720\" \/>\n\t<meta property=\"og:image:type\" content=\"image\/webp\" \/>\n<meta name=\"twitter:card\" content=\"summary_large_image\" \/>\n<meta name=\"twitter:label1\" content=\"Est. reading time\" \/>\n\t<meta name=\"twitter:data1\" content=\"1 minute\" \/>\n<script type=\"application\/ld+json\" class=\"yoast-schema-graph\">{\"@context\":\"https:\/\/schema.org\",\"@graph\":[{\"@type\":\"WebPage\",\"@id\":\"https:\/\/www.miomiorun.com\/fr\/produit\/fuga-ex-330-femme\/\",\"url\":\"https:\/\/www.miomiorun.com\/fr\/produit\/fuga-ex-330-femme\/\",\"name\":\"Kailas Fuga EX 330 femme - chaussures de trail - MioMioRun.com\",\"isPartOf\":{\"@id\":\"https:\/\/www.miomiorun.com\/fr\/#website\"},\"primaryImageOfPage\":{\"@id\":\"https:\/\/www.miomiorun.com\/fr\/produit\/fuga-ex-330-femme\/#primaryimage\"},\"image\":{\"@id\":\"https:\/\/www.miomiorun.com\/fr\/produit\/fuga-ex-330-femme\/#primaryimage\"},\"thumbnailUrl\":\"https:\/\/www.miomiorun.com\/app\/uploads\/2026\/04\/kailas-Fuga-EX-330-W-original-cosmetic-pink-KS2533255-22400.webp\",\"datePublished\":\"2026-04-10T13:31:12+00:00\",\"dateModified\":\"2026-05-09T13:00:45+00:00\",\"description\":\"Chaussures de trail running ultra-distance Kailas FUGA EX 330, dot\u00e9es de la semelle Vibram\u00ae Megagrip et d'une mousse supercritique pour une adh\u00e9rence, un confort et des performances optimaux.\",\"breadcrumb\":{\"@id\":\"https:\/\/www.miomiorun.com\/fr\/produit\/fuga-ex-330-femme\/#breadcrumb\"},\"inLanguage\":\"fr-FR\",\"potentialAction\":[{\"@type\":\"ReadAction\",\"target\":[\"https:\/\/www.miomiorun.com\/fr\/produit\/fuga-ex-330-femme\/\"]}]},{\"@type\":\"ImageObject\",\"inLanguage\":\"fr-FR\",\"@id\":\"https:\/\/www.miomiorun.com\/fr\/produit\/fuga-ex-330-femme\/#primaryimage\",\"url\":\"https:\/\/www.miomiorun.com\/app\/uploads\/2026\/04\/kailas-Fuga-EX-330-W-original-cosmetic-pink-KS2533255-22400.webp\",\"contentUrl\":\"https:\/\/www.miomiorun.com\/app\/uploads\/2026\/04\/kailas-Fuga-EX-330-W-original-cosmetic-pink-KS2533255-22400.webp\",\"width\":720,\"height\":720,\"caption\":\"kailas Fuga EX 330 W original cosmetic pink KS2533255-22400\"},{\"@type\":\"BreadcrumbList\",\"@id\":\"https:\/\/www.miomiorun.com\/fr\/produit\/fuga-ex-330-femme\/#breadcrumb\",\"itemListElement\":[{\"@type\":\"ListItem\",\"position\":1,\"name\":\"Home\",\"item\":\"https:\/\/www.miomiorun.com\/fr\/home-page\/\"},{\"@type\":\"ListItem\",\"position\":2,\"name\":\"Shop\",\"item\":\"https:\/\/www.miomiorun.com\/shop\/\"},{\"@type\":\"ListItem\",\"position\":3,\"name\":\"Fuga EX 330 femme\"}]},{\"@type\":\"WebSite\",\"@id\":\"https:\/\/www.miomiorun.com\/fr\/#website\",\"url\":\"https:\/\/www.miomiorun.com\/fr\/\",\"name\":\"MioMioRun\",\"description\":\"Boutique 100% running et trail\",\"publisher\":{\"@id\":\"https:\/\/www.miomiorun.com\/fr\/#organization\"},\"potentialAction\":[{\"@type\":\"SearchAction\",\"target\":{\"@type\":\"EntryPoint\",\"urlTemplate\":\"https:\/\/www.miomiorun.com\/fr\/?s={search_term_string}\"},\"query-input\":{\"@type\":\"PropertyValueSpecification\",\"valueRequired\":true,\"valueName\":\"search_term_string\"}}],\"inLanguage\":\"fr-FR\"},{\"@type\":\"Organization\",\"@id\":\"https:\/\/www.miomiorun.com\/fr\/#organization\",\"name\":\"MioMio Run\",\"url\":\"https:\/\/www.miomiorun.com\/fr\/\",\"logo\":{\"@type\":\"ImageObject\",\"inLanguage\":\"fr-FR\",\"@id\":\"https:\/\/www.miomiorun.com\/fr\/#\/schema\/logo\/image\/\",\"url\":\"https:\/\/www.miomiorun.com\/app\/uploads\/2019\/12\/logomio.png\",\"contentUrl\":\"https:\/\/www.miomiorun.com\/app\/uploads\/2019\/12\/logomio.png\",\"width\":115,\"height\":82,\"caption\":\"MioMio Run\"},\"image\":{\"@id\":\"https:\/\/www.miomiorun.com\/fr\/#\/schema\/logo\/image\/\"},\"sameAs\":[\"https:\/\/www.facebook.com\/miomiorun\/\",\"https:\/\/www.instagram.com\/miomiorun\/\"]}]}<\/script>\n<!-- \/ Yoast SEO plugin. -->","yoast_head_json":{"title":"Kailas Fuga EX 330 femme - chaussures de trail - MioMioRun.com","description":"Chaussures de trail running ultra-distance Kailas FUGA EX 330, dot\u00e9es de la semelle Vibram\u00ae Megagrip et d'une mousse supercritique pour une adh\u00e9rence, un confort et des performances optimaux.","robots":{"index":"index","follow":"follow","max-snippet":"max-snippet:-1","max-image-preview":"max-image-preview:large","max-video-preview":"max-video-preview:-1"},"canonical":"https:\/\/www.miomiorun.com\/fr\/produit\/fuga-ex-330-femme\/","og_locale":"fr_FR","og_type":"article","og_title":"Kailas Fuga EX 330 femme - chaussures de trail - MioMioRun.com","og_description":"Chaussures de trail running ultra-distance Kailas FUGA EX 330, dot\u00e9es de la semelle Vibram\u00ae Megagrip et d'une mousse supercritique pour une adh\u00e9rence, un confort et des performances optimaux.","og_url":"https:\/\/www.miomiorun.com\/fr\/produit\/fuga-ex-330-femme\/","og_site_name":"MioMioRun","article_publisher":"https:\/\/www.facebook.com\/miomiorun\/","article_modified_time":"2026-05-09T13:00:45+00:00","og_image":[{"width":720,"height":720,"url":"https:\/\/www.miomiorun.com\/app\/uploads\/2026\/04\/kailas-Fuga-EX-330-W-original-cosmetic-pink-KS2533255-22400.webp","type":"image\/webp"}],"twitter_card":"summary_large_image","twitter_misc":{"Est. reading time":"1 minute"},"schema":{"@context":"https:\/\/schema.org","@graph":[{"@type":"WebPage","@id":"https:\/\/www.miomiorun.com\/fr\/produit\/fuga-ex-330-femme\/","url":"https:\/\/www.miomiorun.com\/fr\/produit\/fuga-ex-330-femme\/","name":"Kailas Fuga EX 330 femme - chaussures de trail - MioMioRun.com","isPartOf":{"@id":"https:\/\/www.miomiorun.com\/fr\/#website"},"primaryImageOfPage":{"@id":"https:\/\/www.miomiorun.com\/fr\/produit\/fuga-ex-330-femme\/#primaryimage"},"image":{"@id":"https:\/\/www.miomiorun.com\/fr\/produit\/fuga-ex-330-femme\/#primaryimage"},"thumbnailUrl":"https:\/\/www.miomiorun.com\/app\/uploads\/2026\/04\/kailas-Fuga-EX-330-W-original-cosmetic-pink-KS2533255-22400.webp","datePublished":"2026-04-10T13:31:12+00:00","dateModified":"2026-05-09T13:00:45+00:00","description":"Chaussures de trail running ultra-distance Kailas FUGA EX 330, dot\u00e9es de la semelle Vibram\u00ae Megagrip et d'une mousse supercritique pour une adh\u00e9rence, un confort et des performances optimaux.","breadcrumb":{"@id":"https:\/\/www.miomiorun.com\/fr\/produit\/fuga-ex-330-femme\/#breadcrumb"},"inLanguage":"fr-FR","potentialAction":[{"@type":"ReadAction","target":["https:\/\/www.miomiorun.com\/fr\/produit\/fuga-ex-330-femme\/"]}]},{"@type":"ImageObject","inLanguage":"fr-FR","@id":"https:\/\/www.miomiorun.com\/fr\/produit\/fuga-ex-330-femme\/#primaryimage","url":"https:\/\/www.miomiorun.com\/app\/uploads\/2026\/04\/kailas-Fuga-EX-330-W-original-cosmetic-pink-KS2533255-22400.webp","contentUrl":"https:\/\/www.miomiorun.com\/app\/uploads\/2026\/04\/kailas-Fuga-EX-330-W-original-cosmetic-pink-KS2533255-22400.webp","width":720,"height":720,"caption":"kailas Fuga EX 330 W original cosmetic pink KS2533255-22400"},{"@type":"BreadcrumbList","@id":"https:\/\/www.miomiorun.com\/fr\/produit\/fuga-ex-330-femme\/#breadcrumb","itemListElement":[{"@type":"ListItem","position":1,"name":"Home","item":"https:\/\/www.miomiorun.com\/fr\/home-page\/"},{"@type":"ListItem","position":2,"name":"Shop","item":"https:\/\/www.miomiorun.com\/shop\/"},{"@type":"ListItem","position":3,"name":"Fuga EX 330 femme"}]},{"@type":"WebSite","@id":"https:\/\/www.miomiorun.com\/fr\/#website","url":"https:\/\/www.miomiorun.com\/fr\/","name":"MioMioRun","description":"Boutique 100% running et trail","publisher":{"@id":"https:\/\/www.miomiorun.com\/fr\/#organization"},"potentialAction":[{"@type":"SearchAction","target":{"@type":"EntryPoint","urlTemplate":"https:\/\/www.miomiorun.com\/fr\/?s={search_term_string}"},"query-input":{"@type":"PropertyValueSpecification","valueRequired":true,"valueName":"search_term_string"}}],"inLanguage":"fr-FR"},{"@type":"Organization","@id":"https:\/\/www.miomiorun.com\/fr\/#organization","name":"MioMio Run","url":"https:\/\/www.miomiorun.com\/fr\/","logo":{"@type":"ImageObject","inLanguage":"fr-FR","@id":"https:\/\/www.miomiorun.com\/fr\/#\/schema\/logo\/image\/","url":"https:\/\/www.miomiorun.com\/app\/uploads\/2019\/12\/logomio.png","contentUrl":"https:\/\/www.miomiorun.com\/app\/uploads\/2019\/12\/logomio.png","width":115,"height":82,"caption":"MioMio Run"},"image":{"@id":"https:\/\/www.miomiorun.com\/fr\/#\/schema\/logo\/image\/"},"sameAs":["https:\/\/www.facebook.com\/miomiorun\/","https:\/\/www.instagram.com\/miomiorun\/"]}]}},"_links":{"self":[{"href":"https:\/\/www.miomiorun.com\/fr\/wp-json\/wp\/v2\/product\/428459","targetHints":{"allow":["GET"]}}],"collection":[{"href":"https:\/\/www.miomiorun.com\/fr\/wp-json\/wp\/v2\/product"}],"about":[{"href":"https:\/\/www.miomiorun.com\/fr\/wp-json\/wp\/v2\/types\/product"}],"wp:featuredmedia":[{"embeddable":true,"href":"https:\/\/www.miomiorun.com\/fr\/wp-json\/wp\/v2\/media\/428858"}],"wp:attachment":[{"href":"https:\/\/www.miomiorun.com\/fr\/wp-json\/wp\/v2\/media?parent=428459"}],"wp:term":[{"taxonomy":"product_brand","embeddable":true,"href":"https:\/\/www.miomiorun.com\/fr\/wp-json\/wp\/v2\/product_brand?post=428459"},{"taxonomy":"product_cat","embeddable":true,"href":"https:\/\/www.miomiorun.com\/fr\/wp-json\/wp\/v2\/product_cat?post=428459"},{"taxonomy":"product_tag","embeddable":true,"href":"https:\/\/www.miomiorun.com\/fr\/wp-json\/wp\/v2\/product_tag?post=428459"}],"curies":[{"name":"wp","href":"https:\/\/api.w.org\/{rel}","templated":true}]}}