{"id":426688,"date":"2026-04-07T19:12:50","date_gmt":"2026-04-07T17:12:50","guid":{"rendered":"https:\/\/www.miomiorun.com\/?post_type=product&#038;p=426688"},"modified":"2026-05-08T12:07:40","modified_gmt":"2026-05-08T10:07:40","slug":"fuga-air-8-iv","status":"publish","type":"product","link":"https:\/\/www.miomiorun.com\/fr\/produit\/fuga-air-8-iv\/","title":{"rendered":"Fuga Air 8 IV"},"content":{"rendered":"<p data-start=\"26\" data-end=\"321\">Le <strong data-start=\"29\" data-end=\"53\">Kailas Fuga Air 8 IV<\/strong> est un gilet de trail running con\u00e7u pour offrir <strong data-start=\"105\" data-end=\"155\">l\u00e9g\u00e8ret\u00e9, stabilit\u00e9 et une organisation optimale<\/strong> lors des sorties les plus longues et les plus techniques. Avec un poids de seulement <strong data-start=\"217\" data-end=\"226\">220 g<\/strong>, il est pens\u00e9 pour vous accompagner sur les sentiers, lors des marathons et des randonn\u00e9es l\u00e9g\u00e8res sans alourdir votre course. <\/p>\n<p data-start=\"323\" data-end=\"635\">La structure \u00e0 <strong data-start=\"340\" data-end=\"353\">coupe 3D<\/strong> est con\u00e7ue pour positionner la charge dans la partie sup\u00e9rieure du torse, r\u00e9partissant ainsi le poids de mani\u00e8re uniforme et r\u00e9duisant la pression sur les hanches et le bas du corps. Le syst\u00e8me <strong data-start=\"531\" data-end=\"559\">ADF (All-round Dial Fit)<\/strong> avec r\u00e9glage par molette permet un ajustement rapide, pr\u00e9cis et personnalis\u00e9. <\/p>\n<p data-start=\"637\" data-end=\"985\">Le syst\u00e8me <strong data-start=\"648\" data-end=\"658\">BI-FIX<\/strong> est con\u00e7u pour r\u00e9duire le mouvement des liquides dans les gourdes, tandis que la structure en <strong data-start=\"743\" data-end=\"779\">maille hautement respirante (90 %)<\/strong> favorise la ventilation et le confort, m\u00eame lors des sorties les plus intenses. Le gilet offre <strong data-start=\"860\" data-end=\"875\">14 compartiments<\/strong> pour une gestion organis\u00e9e de l&#8217;\u00e9quipement, dont un espace d\u00e9di\u00e9 \u00e0 une poche \u00e0 eau de <strong data-start=\"975\" data-end=\"984\">1,5 L<\/strong>.<\/p>\n<p data-start=\"987\" data-end=\"1272\">Livr\u00e9 avec <strong data-start=\"999\" data-end=\"1024\">2 gourdes en TPU de 500 ml<\/strong> dot\u00e9es d&#8217;une valve orientable \u00e0 360\u00b0, il permet un acc\u00e8s rapide \u00e0 l&#8217;hydratation. Il est \u00e9galement \u00e9quip\u00e9 de <strong data-start=\"1123\" data-end=\"1150\">fixations pour b\u00e2tons<\/strong>, de d\u00e9tails r\u00e9fl\u00e9chissants pour la visibilit\u00e9 et de mat\u00e9riaux trait\u00e9s avec <strong data-start=\"1216\" data-end=\"1229\">Polygiene<\/strong> pour aider \u00e0 r\u00e9duire les odeurs et les bact\u00e9ries.<\/p>\n","protected":false},"excerpt":{"rendered":"<ul>\n<li data-section-id=\"1ei442y\" data-start=\"1292\" data-end=\"1371\">Syst\u00e8me <strong data-start=\"1302\" data-end=\"1335\">ADF avec molette de r\u00e9glage<\/strong> pour un ajustement pr\u00e9cis et stable<\/li>\n<li data-section-id=\"1klyfsh\" data-start=\"1372\" data-end=\"1452\">Structure <strong data-start=\"1384\" data-end=\"1399\">3D et BI-FIX<\/strong> pour une r\u00e9partition optimale du poids et la stabilit\u00e9 des bidons<\/li>\n<li data-section-id=\"120s1bh\" data-start=\"1453\" data-end=\"1531\"><strong data-start=\"1455\" data-end=\"1496\">14 poches + 2 gourdes de 500 ml incluses<\/strong> pour une meilleure organisation et une bonne hydratation<\/li>\n<\/ul>\n","protected":false},"featured_media":428613,"template":"","meta":{"_acf_changed":false,"inline_featured_image":false},"product_brand":[],"product_cat":[22589,22587,22538],"product_tag":[41217],"class_list":{"0":"post-426688","1":"product","2":"type-product","3":"status-publish","4":"has-post-thumbnail","6":"product_cat-sacs-a-dos","7":"product_cat-sacs-a-dos-et-ceintures","8":"product_cat-accessoires","9":"product_tag-kailas","10":"pa_attivita-trail-fr","11":"pa_colore-fuga-air-8-iv-fuga-orange","12":"pa_marca-kailas","13":"pa_sesso-femme","14":"pa_sesso-homme","15":"pa_size-small-fr","16":"pa_size-medium-fr","17":"pa_size-large-fr","18":"pa_size-extra-large-fr","20":"first","21":"instock","22":"taxable","23":"shipping-taxable","24":"purchasable","25":"product-type-variable","26":"wvs-archive-product-wrapper"},"acf":[],"yoast_head":"<!-- This site is optimized with the Yoast SEO plugin v26.8 - https:\/\/yoast.com\/product\/yoast-seo-wordpress\/ -->\n<title>Kailas Fuga Air 8 IV - gilet de trail - MioMioRun<\/title>\n<meta name=\"description\" content=\"Kailas Fuga Air 8 IV : gilet de trail running l\u00e9ger dot\u00e9 de 14 poches et de 2 gourdes incluses. Syst\u00e8me ADF et structure 3D pour plus de stabilit\u00e9 et de confort.\" \/>\n<meta name=\"robots\" content=\"index, follow, max-snippet:-1, max-image-preview:large, max-video-preview:-1\" \/>\n<link rel=\"canonical\" href=\"https:\/\/www.miomiorun.com\/fr\/produit\/fuga-air-8-iv\/\" \/>\n<meta property=\"og:locale\" content=\"fr_FR\" \/>\n<meta property=\"og:type\" content=\"article\" \/>\n<meta property=\"og:title\" content=\"Kailas Fuga Air 8 IV - gilet de trail - MioMioRun\" \/>\n<meta property=\"og:description\" content=\"Kailas Fuga Air 8 IV : gilet de trail running l\u00e9ger dot\u00e9 de 14 poches et de 2 gourdes incluses. Syst\u00e8me ADF et structure 3D pour plus de stabilit\u00e9 et de confort.\" \/>\n<meta property=\"og:url\" content=\"https:\/\/www.miomiorun.com\/fr\/produit\/fuga-air-8-iv\/\" \/>\n<meta property=\"og:site_name\" content=\"MioMioRun\" \/>\n<meta property=\"article:publisher\" content=\"https:\/\/www.facebook.com\/miomiorun\/\" \/>\n<meta property=\"article:modified_time\" content=\"2026-05-08T10:07:40+00:00\" \/>\n<meta property=\"og:image\" content=\"https:\/\/www.miomiorun.com\/app\/uploads\/2026\/04\/kailas-Fuga-Air-8-IV-fuga-orange-KSKA2454006-18139.webp\" \/>\n\t<meta property=\"og:image:width\" content=\"720\" \/>\n\t<meta property=\"og:image:height\" content=\"720\" \/>\n\t<meta property=\"og:image:type\" content=\"image\/webp\" \/>\n<meta name=\"twitter:card\" content=\"summary_large_image\" \/>\n<meta name=\"twitter:label1\" content=\"Est. reading time\" \/>\n\t<meta name=\"twitter:data1\" content=\"1 minute\" \/>\n<script type=\"application\/ld+json\" class=\"yoast-schema-graph\">{\"@context\":\"https:\/\/schema.org\",\"@graph\":[{\"@type\":\"WebPage\",\"@id\":\"https:\/\/www.miomiorun.com\/fr\/produit\/fuga-air-8-iv\/\",\"url\":\"https:\/\/www.miomiorun.com\/fr\/produit\/fuga-air-8-iv\/\",\"name\":\"Kailas Fuga Air 8 IV - gilet de trail - MioMioRun\",\"isPartOf\":{\"@id\":\"https:\/\/www.miomiorun.com\/fr\/#website\"},\"primaryImageOfPage\":{\"@id\":\"https:\/\/www.miomiorun.com\/fr\/produit\/fuga-air-8-iv\/#primaryimage\"},\"image\":{\"@id\":\"https:\/\/www.miomiorun.com\/fr\/produit\/fuga-air-8-iv\/#primaryimage\"},\"thumbnailUrl\":\"https:\/\/www.miomiorun.com\/app\/uploads\/2026\/04\/kailas-Fuga-Air-8-IV-fuga-orange-KSKA2454006-18139.webp\",\"datePublished\":\"2026-04-07T17:12:50+00:00\",\"dateModified\":\"2026-05-08T10:07:40+00:00\",\"description\":\"Kailas Fuga Air 8 IV : gilet de trail running l\u00e9ger dot\u00e9 de 14 poches et de 2 gourdes incluses. Syst\u00e8me ADF et structure 3D pour plus de stabilit\u00e9 et de confort.\",\"breadcrumb\":{\"@id\":\"https:\/\/www.miomiorun.com\/fr\/produit\/fuga-air-8-iv\/#breadcrumb\"},\"inLanguage\":\"fr-FR\",\"potentialAction\":[{\"@type\":\"ReadAction\",\"target\":[\"https:\/\/www.miomiorun.com\/fr\/produit\/fuga-air-8-iv\/\"]}]},{\"@type\":\"ImageObject\",\"inLanguage\":\"fr-FR\",\"@id\":\"https:\/\/www.miomiorun.com\/fr\/produit\/fuga-air-8-iv\/#primaryimage\",\"url\":\"https:\/\/www.miomiorun.com\/app\/uploads\/2026\/04\/kailas-Fuga-Air-8-IV-fuga-orange-KSKA2454006-18139.webp\",\"contentUrl\":\"https:\/\/www.miomiorun.com\/app\/uploads\/2026\/04\/kailas-Fuga-Air-8-IV-fuga-orange-KSKA2454006-18139.webp\",\"width\":720,\"height\":720,\"caption\":\"kailas Fuga Air 8 IV fuga orange KSKA2454006-18139\"},{\"@type\":\"BreadcrumbList\",\"@id\":\"https:\/\/www.miomiorun.com\/fr\/produit\/fuga-air-8-iv\/#breadcrumb\",\"itemListElement\":[{\"@type\":\"ListItem\",\"position\":1,\"name\":\"Home\",\"item\":\"https:\/\/www.miomiorun.com\/fr\/home-page\/\"},{\"@type\":\"ListItem\",\"position\":2,\"name\":\"Shop\",\"item\":\"https:\/\/www.miomiorun.com\/shop\/\"},{\"@type\":\"ListItem\",\"position\":3,\"name\":\"Fuga Air 8 IV\"}]},{\"@type\":\"WebSite\",\"@id\":\"https:\/\/www.miomiorun.com\/fr\/#website\",\"url\":\"https:\/\/www.miomiorun.com\/fr\/\",\"name\":\"MioMioRun\",\"description\":\"Boutique 100% running et trail\",\"publisher\":{\"@id\":\"https:\/\/www.miomiorun.com\/fr\/#organization\"},\"potentialAction\":[{\"@type\":\"SearchAction\",\"target\":{\"@type\":\"EntryPoint\",\"urlTemplate\":\"https:\/\/www.miomiorun.com\/fr\/?s={search_term_string}\"},\"query-input\":{\"@type\":\"PropertyValueSpecification\",\"valueRequired\":true,\"valueName\":\"search_term_string\"}}],\"inLanguage\":\"fr-FR\"},{\"@type\":\"Organization\",\"@id\":\"https:\/\/www.miomiorun.com\/fr\/#organization\",\"name\":\"MioMio Run\",\"url\":\"https:\/\/www.miomiorun.com\/fr\/\",\"logo\":{\"@type\":\"ImageObject\",\"inLanguage\":\"fr-FR\",\"@id\":\"https:\/\/www.miomiorun.com\/fr\/#\/schema\/logo\/image\/\",\"url\":\"https:\/\/www.miomiorun.com\/app\/uploads\/2019\/12\/logomio.png\",\"contentUrl\":\"https:\/\/www.miomiorun.com\/app\/uploads\/2019\/12\/logomio.png\",\"width\":115,\"height\":82,\"caption\":\"MioMio Run\"},\"image\":{\"@id\":\"https:\/\/www.miomiorun.com\/fr\/#\/schema\/logo\/image\/\"},\"sameAs\":[\"https:\/\/www.facebook.com\/miomiorun\/\",\"https:\/\/www.instagram.com\/miomiorun\/\"]}]}<\/script>\n<!-- \/ Yoast SEO plugin. -->","yoast_head_json":{"title":"Kailas Fuga Air 8 IV - gilet de trail - MioMioRun","description":"Kailas Fuga Air 8 IV : gilet de trail running l\u00e9ger dot\u00e9 de 14 poches et de 2 gourdes incluses. Syst\u00e8me ADF et structure 3D pour plus de stabilit\u00e9 et de confort.","robots":{"index":"index","follow":"follow","max-snippet":"max-snippet:-1","max-image-preview":"max-image-preview:large","max-video-preview":"max-video-preview:-1"},"canonical":"https:\/\/www.miomiorun.com\/fr\/produit\/fuga-air-8-iv\/","og_locale":"fr_FR","og_type":"article","og_title":"Kailas Fuga Air 8 IV - gilet de trail - MioMioRun","og_description":"Kailas Fuga Air 8 IV : gilet de trail running l\u00e9ger dot\u00e9 de 14 poches et de 2 gourdes incluses. Syst\u00e8me ADF et structure 3D pour plus de stabilit\u00e9 et de confort.","og_url":"https:\/\/www.miomiorun.com\/fr\/produit\/fuga-air-8-iv\/","og_site_name":"MioMioRun","article_publisher":"https:\/\/www.facebook.com\/miomiorun\/","article_modified_time":"2026-05-08T10:07:40+00:00","og_image":[{"width":720,"height":720,"url":"https:\/\/www.miomiorun.com\/app\/uploads\/2026\/04\/kailas-Fuga-Air-8-IV-fuga-orange-KSKA2454006-18139.webp","type":"image\/webp"}],"twitter_card":"summary_large_image","twitter_misc":{"Est. reading time":"1 minute"},"schema":{"@context":"https:\/\/schema.org","@graph":[{"@type":"WebPage","@id":"https:\/\/www.miomiorun.com\/fr\/produit\/fuga-air-8-iv\/","url":"https:\/\/www.miomiorun.com\/fr\/produit\/fuga-air-8-iv\/","name":"Kailas Fuga Air 8 IV - gilet de trail - MioMioRun","isPartOf":{"@id":"https:\/\/www.miomiorun.com\/fr\/#website"},"primaryImageOfPage":{"@id":"https:\/\/www.miomiorun.com\/fr\/produit\/fuga-air-8-iv\/#primaryimage"},"image":{"@id":"https:\/\/www.miomiorun.com\/fr\/produit\/fuga-air-8-iv\/#primaryimage"},"thumbnailUrl":"https:\/\/www.miomiorun.com\/app\/uploads\/2026\/04\/kailas-Fuga-Air-8-IV-fuga-orange-KSKA2454006-18139.webp","datePublished":"2026-04-07T17:12:50+00:00","dateModified":"2026-05-08T10:07:40+00:00","description":"Kailas Fuga Air 8 IV : gilet de trail running l\u00e9ger dot\u00e9 de 14 poches et de 2 gourdes incluses. Syst\u00e8me ADF et structure 3D pour plus de stabilit\u00e9 et de confort.","breadcrumb":{"@id":"https:\/\/www.miomiorun.com\/fr\/produit\/fuga-air-8-iv\/#breadcrumb"},"inLanguage":"fr-FR","potentialAction":[{"@type":"ReadAction","target":["https:\/\/www.miomiorun.com\/fr\/produit\/fuga-air-8-iv\/"]}]},{"@type":"ImageObject","inLanguage":"fr-FR","@id":"https:\/\/www.miomiorun.com\/fr\/produit\/fuga-air-8-iv\/#primaryimage","url":"https:\/\/www.miomiorun.com\/app\/uploads\/2026\/04\/kailas-Fuga-Air-8-IV-fuga-orange-KSKA2454006-18139.webp","contentUrl":"https:\/\/www.miomiorun.com\/app\/uploads\/2026\/04\/kailas-Fuga-Air-8-IV-fuga-orange-KSKA2454006-18139.webp","width":720,"height":720,"caption":"kailas Fuga Air 8 IV fuga orange KSKA2454006-18139"},{"@type":"BreadcrumbList","@id":"https:\/\/www.miomiorun.com\/fr\/produit\/fuga-air-8-iv\/#breadcrumb","itemListElement":[{"@type":"ListItem","position":1,"name":"Home","item":"https:\/\/www.miomiorun.com\/fr\/home-page\/"},{"@type":"ListItem","position":2,"name":"Shop","item":"https:\/\/www.miomiorun.com\/shop\/"},{"@type":"ListItem","position":3,"name":"Fuga Air 8 IV"}]},{"@type":"WebSite","@id":"https:\/\/www.miomiorun.com\/fr\/#website","url":"https:\/\/www.miomiorun.com\/fr\/","name":"MioMioRun","description":"Boutique 100% running et trail","publisher":{"@id":"https:\/\/www.miomiorun.com\/fr\/#organization"},"potentialAction":[{"@type":"SearchAction","target":{"@type":"EntryPoint","urlTemplate":"https:\/\/www.miomiorun.com\/fr\/?s={search_term_string}"},"query-input":{"@type":"PropertyValueSpecification","valueRequired":true,"valueName":"search_term_string"}}],"inLanguage":"fr-FR"},{"@type":"Organization","@id":"https:\/\/www.miomiorun.com\/fr\/#organization","name":"MioMio Run","url":"https:\/\/www.miomiorun.com\/fr\/","logo":{"@type":"ImageObject","inLanguage":"fr-FR","@id":"https:\/\/www.miomiorun.com\/fr\/#\/schema\/logo\/image\/","url":"https:\/\/www.miomiorun.com\/app\/uploads\/2019\/12\/logomio.png","contentUrl":"https:\/\/www.miomiorun.com\/app\/uploads\/2019\/12\/logomio.png","width":115,"height":82,"caption":"MioMio Run"},"image":{"@id":"https:\/\/www.miomiorun.com\/fr\/#\/schema\/logo\/image\/"},"sameAs":["https:\/\/www.facebook.com\/miomiorun\/","https:\/\/www.instagram.com\/miomiorun\/"]}]}},"_links":{"self":[{"href":"https:\/\/www.miomiorun.com\/fr\/wp-json\/wp\/v2\/product\/426688","targetHints":{"allow":["GET"]}}],"collection":[{"href":"https:\/\/www.miomiorun.com\/fr\/wp-json\/wp\/v2\/product"}],"about":[{"href":"https:\/\/www.miomiorun.com\/fr\/wp-json\/wp\/v2\/types\/product"}],"wp:featuredmedia":[{"embeddable":true,"href":"https:\/\/www.miomiorun.com\/fr\/wp-json\/wp\/v2\/media\/428613"}],"wp:attachment":[{"href":"https:\/\/www.miomiorun.com\/fr\/wp-json\/wp\/v2\/media?parent=426688"}],"wp:term":[{"taxonomy":"product_brand","embeddable":true,"href":"https:\/\/www.miomiorun.com\/fr\/wp-json\/wp\/v2\/product_brand?post=426688"},{"taxonomy":"product_cat","embeddable":true,"href":"https:\/\/www.miomiorun.com\/fr\/wp-json\/wp\/v2\/product_cat?post=426688"},{"taxonomy":"product_tag","embeddable":true,"href":"https:\/\/www.miomiorun.com\/fr\/wp-json\/wp\/v2\/product_tag?post=426688"}],"curies":[{"name":"wp","href":"https:\/\/api.w.org\/{rel}","templated":true}]}}