{"id":426663,"date":"2026-04-07T19:12:30","date_gmt":"2026-04-07T17:12:30","guid":{"rendered":"https:\/\/www.miomiorun.com\/?post_type=product&#038;p=426663"},"modified":"2026-04-30T11:45:44","modified_gmt":"2026-04-30T09:45:44","slug":"fuga-soft-flask-500ml","status":"publish","type":"product","link":"https:\/\/www.miomiorun.com\/fr\/produit\/fuga-soft-flask-500ml\/","title":{"rendered":"Fuga Soft Flask 500ml"},"content":{"rendered":"<div class=\"pdp-gap-m\">\n<p>Cette <strong data-start=\"33\" data-end=\"57\">poche \u00e0 eau souple de 500 ml<\/strong> est con\u00e7ue pour vous accompagner lors de vos sorties de trail, de randonn\u00e9e et de course \u00e0 pied, en vous offrant praticit\u00e9 et l\u00e9g\u00e8ret\u00e9 \u00e0 chaque sortie. Sa structure <strong data-start=\"194\" data-end=\"218\">souple et flexible<\/strong> permet de la plier facilement une fois vide, ce qui r\u00e9duit son encombrement et facilite son transport.<\/p>\n<\/div>\n<p data-start=\"319\" data-end=\"562\">Fabriqu\u00e9e \u00e0 partir de mat\u00e9riaux <strong data-start=\"344\" data-end=\"379\">\u00e9cologiques, sans BPA ni PVC<\/strong>, elle est con\u00e7ue pour une utilisation en toute s\u00e9curit\u00e9 pendant la pratique sportive. La <strong data-start=\"446\" data-end=\"473\">valve anti-fuites<\/strong> permet de boire facilement et de mani\u00e8re hygi\u00e9nique, en \u00e9vitant les fuites pendant le mouvement.<\/p>\n<p data-start=\"564\" data-end=\"751\">Compacte et l\u00e9g\u00e8re, elle peut contenir jusqu&#8217;\u00e0 <strong data-start=\"605\" data-end=\"615\">500 ml<\/strong> de liquide et convient \u00e9galement aux boissons jusqu&#8217;\u00e0 <strong data-start=\"664\" data-end=\"672\">50 \u00b0C<\/strong>, ce qui en fait une solution polyvalente pour diverses conditions et utilisations en ext\u00e9rieur.<\/p>\n<p>&nbsp;<\/p>\n<p>&nbsp;<\/p>\n","protected":false},"excerpt":{"rendered":"<ul>\n<li data-section-id=\"102noxt\" data-start=\"771\" data-end=\"838\">Capacit\u00e9 <strong data-start=\"782\" data-end=\"792\">500 ml<\/strong> avec un design souple et facilement pliable<\/li>\n<li data-section-id=\"tk5db5\" data-start=\"839\" data-end=\"911\">Valve <strong data-start=\"849\" data-end=\"868\">anti-fuites<\/strong> pour boire facilement et sans gaspillage<\/li>\n<li data-section-id=\"1a1yl0b\" data-start=\"912\" data-end=\"975\">Mat\u00e9riaux <strong data-start=\"924\" data-end=\"943\">sans BPA ni PVC<\/strong>, adapt\u00e9s \u00e0 une utilisation sportive<\/li>\n<\/ul>\n","protected":false},"featured_media":428631,"template":"","meta":{"_acf_changed":false,"inline_featured_image":false},"product_brand":[],"product_cat":[22575,22574,22538],"product_tag":[41217],"class_list":{"0":"post-426663","1":"product","2":"type-product","3":"status-publish","4":"has-post-thumbnail","6":"product_cat-flacons","7":"product_cat-hydratation","8":"product_cat-accessoires","9":"product_tag-kailas","10":"pa_attivita-outdoor-fr","11":"pa_attivita-trail-fr","12":"pa_marca-kailas","13":"pa_sesso-femme","14":"pa_sesso-homme","16":"first","17":"instock","18":"taxable","19":"shipping-taxable","20":"purchasable","21":"product-type-simple"},"acf":[],"yoast_head":"<!-- This site is optimized with the Yoast SEO plugin v26.8 - https:\/\/yoast.com\/product\/yoast-seo-wordpress\/ -->\n<title>Kailas Fuga Soft Flask 500ml - Gourde de course \u00e0 pied - MioMioRun<\/title>\n<meta name=\"description\" content=\"Poche \u00e0 eau souple de 500 ml, l\u00e9g\u00e8re et pliable, avec valve anti-fuites. Sans BPA ni PVC, id\u00e9ale pour le trail, la randonn\u00e9e et la course \u00e0 pied.\" \/>\n<meta name=\"robots\" content=\"index, follow, max-snippet:-1, max-image-preview:large, max-video-preview:-1\" \/>\n<link rel=\"canonical\" href=\"https:\/\/www.miomiorun.com\/fr\/produit\/fuga-soft-flask-500ml\/\" \/>\n<meta property=\"og:locale\" content=\"fr_FR\" \/>\n<meta property=\"og:type\" content=\"article\" \/>\n<meta property=\"og:title\" content=\"Kailas Fuga Soft Flask 500ml - Gourde de course \u00e0 pied - MioMioRun\" \/>\n<meta property=\"og:description\" content=\"Poche \u00e0 eau souple de 500 ml, l\u00e9g\u00e8re et pliable, avec valve anti-fuites. Sans BPA ni PVC, id\u00e9ale pour le trail, la randonn\u00e9e et la course \u00e0 pied.\" \/>\n<meta property=\"og:url\" content=\"https:\/\/www.miomiorun.com\/fr\/produit\/fuga-soft-flask-500ml\/\" \/>\n<meta property=\"og:site_name\" content=\"MioMioRun\" \/>\n<meta property=\"article:publisher\" content=\"https:\/\/www.facebook.com\/miomiorun\/\" \/>\n<meta property=\"article:modified_time\" content=\"2026-04-30T09:45:44+00:00\" \/>\n<meta property=\"og:image\" content=\"https:\/\/www.miomiorun.com\/app\/uploads\/2026\/04\/kailas-Fuga-Soft-Flask-500ml-grey-KSKD2503109-15023.webp\" \/>\n\t<meta property=\"og:image:width\" content=\"720\" \/>\n\t<meta property=\"og:image:height\" content=\"720\" \/>\n\t<meta property=\"og:image:type\" content=\"image\/webp\" \/>\n<meta name=\"twitter:card\" content=\"summary_large_image\" \/>\n<meta name=\"twitter:label1\" content=\"Est. reading time\" \/>\n\t<meta name=\"twitter:data1\" content=\"1 minute\" \/>\n<script type=\"application\/ld+json\" class=\"yoast-schema-graph\">{\"@context\":\"https:\/\/schema.org\",\"@graph\":[{\"@type\":\"WebPage\",\"@id\":\"https:\/\/www.miomiorun.com\/fr\/produit\/fuga-soft-flask-500ml\/\",\"url\":\"https:\/\/www.miomiorun.com\/fr\/produit\/fuga-soft-flask-500ml\/\",\"name\":\"Kailas Fuga Soft Flask 500ml - Gourde de course \u00e0 pied - MioMioRun\",\"isPartOf\":{\"@id\":\"https:\/\/www.miomiorun.com\/fr\/#website\"},\"primaryImageOfPage\":{\"@id\":\"https:\/\/www.miomiorun.com\/fr\/produit\/fuga-soft-flask-500ml\/#primaryimage\"},\"image\":{\"@id\":\"https:\/\/www.miomiorun.com\/fr\/produit\/fuga-soft-flask-500ml\/#primaryimage\"},\"thumbnailUrl\":\"https:\/\/www.miomiorun.com\/app\/uploads\/2026\/04\/kailas-Fuga-Soft-Flask-500ml-grey-KSKD2503109-15023.webp\",\"datePublished\":\"2026-04-07T17:12:30+00:00\",\"dateModified\":\"2026-04-30T09:45:44+00:00\",\"description\":\"Poche \u00e0 eau souple de 500 ml, l\u00e9g\u00e8re et pliable, avec valve anti-fuites. Sans BPA ni PVC, id\u00e9ale pour le trail, la randonn\u00e9e et la course \u00e0 pied.\",\"breadcrumb\":{\"@id\":\"https:\/\/www.miomiorun.com\/fr\/produit\/fuga-soft-flask-500ml\/#breadcrumb\"},\"inLanguage\":\"fr-FR\",\"potentialAction\":[{\"@type\":\"ReadAction\",\"target\":[\"https:\/\/www.miomiorun.com\/fr\/produit\/fuga-soft-flask-500ml\/\"]}]},{\"@type\":\"ImageObject\",\"inLanguage\":\"fr-FR\",\"@id\":\"https:\/\/www.miomiorun.com\/fr\/produit\/fuga-soft-flask-500ml\/#primaryimage\",\"url\":\"https:\/\/www.miomiorun.com\/app\/uploads\/2026\/04\/kailas-Fuga-Soft-Flask-500ml-grey-KSKD2503109-15023.webp\",\"contentUrl\":\"https:\/\/www.miomiorun.com\/app\/uploads\/2026\/04\/kailas-Fuga-Soft-Flask-500ml-grey-KSKD2503109-15023.webp\",\"width\":720,\"height\":720,\"caption\":\"kailas Fuga Soft Flask 500ml grey KSKD2503109-15023\"},{\"@type\":\"BreadcrumbList\",\"@id\":\"https:\/\/www.miomiorun.com\/fr\/produit\/fuga-soft-flask-500ml\/#breadcrumb\",\"itemListElement\":[{\"@type\":\"ListItem\",\"position\":1,\"name\":\"Home\",\"item\":\"https:\/\/www.miomiorun.com\/fr\/home-page\/\"},{\"@type\":\"ListItem\",\"position\":2,\"name\":\"Shop\",\"item\":\"https:\/\/www.miomiorun.com\/shop\/\"},{\"@type\":\"ListItem\",\"position\":3,\"name\":\"Fuga Soft Flask 500ml\"}]},{\"@type\":\"WebSite\",\"@id\":\"https:\/\/www.miomiorun.com\/fr\/#website\",\"url\":\"https:\/\/www.miomiorun.com\/fr\/\",\"name\":\"MioMioRun\",\"description\":\"Boutique 100% running et trail\",\"publisher\":{\"@id\":\"https:\/\/www.miomiorun.com\/fr\/#organization\"},\"potentialAction\":[{\"@type\":\"SearchAction\",\"target\":{\"@type\":\"EntryPoint\",\"urlTemplate\":\"https:\/\/www.miomiorun.com\/fr\/?s={search_term_string}\"},\"query-input\":{\"@type\":\"PropertyValueSpecification\",\"valueRequired\":true,\"valueName\":\"search_term_string\"}}],\"inLanguage\":\"fr-FR\"},{\"@type\":\"Organization\",\"@id\":\"https:\/\/www.miomiorun.com\/fr\/#organization\",\"name\":\"MioMio Run\",\"url\":\"https:\/\/www.miomiorun.com\/fr\/\",\"logo\":{\"@type\":\"ImageObject\",\"inLanguage\":\"fr-FR\",\"@id\":\"https:\/\/www.miomiorun.com\/fr\/#\/schema\/logo\/image\/\",\"url\":\"https:\/\/www.miomiorun.com\/app\/uploads\/2019\/12\/logomio.png\",\"contentUrl\":\"https:\/\/www.miomiorun.com\/app\/uploads\/2019\/12\/logomio.png\",\"width\":115,\"height\":82,\"caption\":\"MioMio Run\"},\"image\":{\"@id\":\"https:\/\/www.miomiorun.com\/fr\/#\/schema\/logo\/image\/\"},\"sameAs\":[\"https:\/\/www.facebook.com\/miomiorun\/\",\"https:\/\/www.instagram.com\/miomiorun\/\"]}]}<\/script>\n<!-- \/ Yoast SEO plugin. -->","yoast_head_json":{"title":"Kailas Fuga Soft Flask 500ml - Gourde de course \u00e0 pied - MioMioRun","description":"Poche \u00e0 eau souple de 500 ml, l\u00e9g\u00e8re et pliable, avec valve anti-fuites. Sans BPA ni PVC, id\u00e9ale pour le trail, la randonn\u00e9e et la course \u00e0 pied.","robots":{"index":"index","follow":"follow","max-snippet":"max-snippet:-1","max-image-preview":"max-image-preview:large","max-video-preview":"max-video-preview:-1"},"canonical":"https:\/\/www.miomiorun.com\/fr\/produit\/fuga-soft-flask-500ml\/","og_locale":"fr_FR","og_type":"article","og_title":"Kailas Fuga Soft Flask 500ml - Gourde de course \u00e0 pied - MioMioRun","og_description":"Poche \u00e0 eau souple de 500 ml, l\u00e9g\u00e8re et pliable, avec valve anti-fuites. Sans BPA ni PVC, id\u00e9ale pour le trail, la randonn\u00e9e et la course \u00e0 pied.","og_url":"https:\/\/www.miomiorun.com\/fr\/produit\/fuga-soft-flask-500ml\/","og_site_name":"MioMioRun","article_publisher":"https:\/\/www.facebook.com\/miomiorun\/","article_modified_time":"2026-04-30T09:45:44+00:00","og_image":[{"width":720,"height":720,"url":"https:\/\/www.miomiorun.com\/app\/uploads\/2026\/04\/kailas-Fuga-Soft-Flask-500ml-grey-KSKD2503109-15023.webp","type":"image\/webp"}],"twitter_card":"summary_large_image","twitter_misc":{"Est. reading time":"1 minute"},"schema":{"@context":"https:\/\/schema.org","@graph":[{"@type":"WebPage","@id":"https:\/\/www.miomiorun.com\/fr\/produit\/fuga-soft-flask-500ml\/","url":"https:\/\/www.miomiorun.com\/fr\/produit\/fuga-soft-flask-500ml\/","name":"Kailas Fuga Soft Flask 500ml - Gourde de course \u00e0 pied - MioMioRun","isPartOf":{"@id":"https:\/\/www.miomiorun.com\/fr\/#website"},"primaryImageOfPage":{"@id":"https:\/\/www.miomiorun.com\/fr\/produit\/fuga-soft-flask-500ml\/#primaryimage"},"image":{"@id":"https:\/\/www.miomiorun.com\/fr\/produit\/fuga-soft-flask-500ml\/#primaryimage"},"thumbnailUrl":"https:\/\/www.miomiorun.com\/app\/uploads\/2026\/04\/kailas-Fuga-Soft-Flask-500ml-grey-KSKD2503109-15023.webp","datePublished":"2026-04-07T17:12:30+00:00","dateModified":"2026-04-30T09:45:44+00:00","description":"Poche \u00e0 eau souple de 500 ml, l\u00e9g\u00e8re et pliable, avec valve anti-fuites. Sans BPA ni PVC, id\u00e9ale pour le trail, la randonn\u00e9e et la course \u00e0 pied.","breadcrumb":{"@id":"https:\/\/www.miomiorun.com\/fr\/produit\/fuga-soft-flask-500ml\/#breadcrumb"},"inLanguage":"fr-FR","potentialAction":[{"@type":"ReadAction","target":["https:\/\/www.miomiorun.com\/fr\/produit\/fuga-soft-flask-500ml\/"]}]},{"@type":"ImageObject","inLanguage":"fr-FR","@id":"https:\/\/www.miomiorun.com\/fr\/produit\/fuga-soft-flask-500ml\/#primaryimage","url":"https:\/\/www.miomiorun.com\/app\/uploads\/2026\/04\/kailas-Fuga-Soft-Flask-500ml-grey-KSKD2503109-15023.webp","contentUrl":"https:\/\/www.miomiorun.com\/app\/uploads\/2026\/04\/kailas-Fuga-Soft-Flask-500ml-grey-KSKD2503109-15023.webp","width":720,"height":720,"caption":"kailas Fuga Soft Flask 500ml grey KSKD2503109-15023"},{"@type":"BreadcrumbList","@id":"https:\/\/www.miomiorun.com\/fr\/produit\/fuga-soft-flask-500ml\/#breadcrumb","itemListElement":[{"@type":"ListItem","position":1,"name":"Home","item":"https:\/\/www.miomiorun.com\/fr\/home-page\/"},{"@type":"ListItem","position":2,"name":"Shop","item":"https:\/\/www.miomiorun.com\/shop\/"},{"@type":"ListItem","position":3,"name":"Fuga Soft Flask 500ml"}]},{"@type":"WebSite","@id":"https:\/\/www.miomiorun.com\/fr\/#website","url":"https:\/\/www.miomiorun.com\/fr\/","name":"MioMioRun","description":"Boutique 100% running et trail","publisher":{"@id":"https:\/\/www.miomiorun.com\/fr\/#organization"},"potentialAction":[{"@type":"SearchAction","target":{"@type":"EntryPoint","urlTemplate":"https:\/\/www.miomiorun.com\/fr\/?s={search_term_string}"},"query-input":{"@type":"PropertyValueSpecification","valueRequired":true,"valueName":"search_term_string"}}],"inLanguage":"fr-FR"},{"@type":"Organization","@id":"https:\/\/www.miomiorun.com\/fr\/#organization","name":"MioMio Run","url":"https:\/\/www.miomiorun.com\/fr\/","logo":{"@type":"ImageObject","inLanguage":"fr-FR","@id":"https:\/\/www.miomiorun.com\/fr\/#\/schema\/logo\/image\/","url":"https:\/\/www.miomiorun.com\/app\/uploads\/2019\/12\/logomio.png","contentUrl":"https:\/\/www.miomiorun.com\/app\/uploads\/2019\/12\/logomio.png","width":115,"height":82,"caption":"MioMio Run"},"image":{"@id":"https:\/\/www.miomiorun.com\/fr\/#\/schema\/logo\/image\/"},"sameAs":["https:\/\/www.facebook.com\/miomiorun\/","https:\/\/www.instagram.com\/miomiorun\/"]}]}},"_links":{"self":[{"href":"https:\/\/www.miomiorun.com\/fr\/wp-json\/wp\/v2\/product\/426663","targetHints":{"allow":["GET"]}}],"collection":[{"href":"https:\/\/www.miomiorun.com\/fr\/wp-json\/wp\/v2\/product"}],"about":[{"href":"https:\/\/www.miomiorun.com\/fr\/wp-json\/wp\/v2\/types\/product"}],"wp:featuredmedia":[{"embeddable":true,"href":"https:\/\/www.miomiorun.com\/fr\/wp-json\/wp\/v2\/media\/428631"}],"wp:attachment":[{"href":"https:\/\/www.miomiorun.com\/fr\/wp-json\/wp\/v2\/media?parent=426663"}],"wp:term":[{"taxonomy":"product_brand","embeddable":true,"href":"https:\/\/www.miomiorun.com\/fr\/wp-json\/wp\/v2\/product_brand?post=426663"},{"taxonomy":"product_cat","embeddable":true,"href":"https:\/\/www.miomiorun.com\/fr\/wp-json\/wp\/v2\/product_cat?post=426663"},{"taxonomy":"product_tag","embeddable":true,"href":"https:\/\/www.miomiorun.com\/fr\/wp-json\/wp\/v2\/product_tag?post=426663"}],"curies":[{"name":"wp","href":"https:\/\/api.w.org\/{rel}","templated":true}]}}