{"id":426387,"date":"2026-04-07T17:17:04","date_gmt":"2026-04-07T15:17:04","guid":{"rendered":"https:\/\/www.miomiorun.com\/?post_type=product&#038;p=426387"},"modified":"2026-04-30T12:28:11","modified_gmt":"2026-04-30T10:28:11","slug":"ru4-endurance-cool-short-femme","status":"publish","type":"product","link":"https:\/\/www.miomiorun.com\/fr\/produit\/ru4-endurance-cool-short-femme\/","title":{"rendered":"RU4 endurance cool short femme"},"content":{"rendered":"<p>Les <strong>RU4 Endurance Cool Short<\/strong> sont des chaussettes de course con\u00e7ues pour offrir <strong data-start=\"103\" data-end=\"142\">confort, stabilit\u00e9 et respirabilit\u00e9<\/strong> pendant la course. L&#8217;association d&#8217;un <strong data-start=\"180\" data-end=\"228\">amorti moyen et d&#8217;une compression l\u00e9g\u00e8re<\/strong> est pens\u00e9e pour accompagner le pied pendant les entra\u00eenements, en offrant un \u00e9quilibre entre protection et sensibilit\u00e9.<\/p>\n<p data-start=\"344\" data-end=\"702\">La structure <strong data-start=\"359\" data-end=\"383\">3 couches respirante<\/strong> est con\u00e7ue pour favoriser la gestion de l&#8217;humidit\u00e9, contribuant ainsi \u00e0 garder le pied au sec et \u00e0 r\u00e9duire le risque de formation d&#8217;ampoules. La <strong data-start=\"532\" data-end=\"573\">coupe diff\u00e9renci\u00e9e droite\/gauche<\/strong> \u00e9pouse la forme naturelle du pied, tandis que les <strong data-start=\"619\" data-end=\"643\">zones de compression<\/strong> contribuent \u00e0 am\u00e9liorer la stabilit\u00e9 pendant la course.<\/p>\n<p data-start=\"704\" data-end=\"907\">Fabriqu\u00e9es en <strong data-start=\"718\" data-end=\"760\">m\u00e9lange de polyester \u00e0 s\u00e9chage rapide<\/strong>, ces chaussettes sont con\u00e7ues pour offrir un confort optimal m\u00eame lors des s\u00e9ances les plus intenses, tout en assurant une bonne transmission de la force lors de la foul\u00e9e.<\/p>\n<table style=\"border-collapse: collapse;width: 100%\">\n<tbody>\n<tr>\n<td style=\"width: 20%;text-align: center\"><img decoding=\"async\" class=\"product-functional-symbols__image aligncenter\" src=\"https:\/\/www.falke.com\/it_it\/4db1c784dda527a5a838b3006792a33f7ba86246\/assets\/base\/staticImages\/functionalsymbols\/icon_cooling-effect.svg\"><\/p>\n<p>Effet rafra\u00eechissant<\/td>\n<td style=\"width: 20%;text-align: center\"><img decoding=\"async\" class=\"product-functional-symbols__image aligncenter\" src=\"https:\/\/www.falke.com\/it_it\/4db1c784dda527a5a838b3006792a33f7ba86246\/assets\/base\/staticImages\/functionalsymbols\/icon_feuchtigkeitsregulierend.svg\"><\/p>\n<p>R\u00e9gulation de l&#8217;humidit\u00e9<\/td>\n<td style=\"width: 20%;text-align: center\"><img decoding=\"async\" class=\"product-functional-symbols__image aligncenter\" src=\"https:\/\/www.falke.com\/it_it\/4db1c784dda527a5a838b3006792a33f7ba86246\/assets\/base\/staticImages\/functionalsymbols\/icon_stabilisierend.svg\"><\/p>\n<p>Stabilisateur<\/td>\n<td style=\"width: 20%;text-align: center\"><img decoding=\"async\" class=\"product-functional-symbols__image aligncenter\" src=\"https:\/\/www.falke.com\/it_it\/4db1c784dda527a5a838b3006792a33f7ba86246\/assets\/base\/staticImages\/functionalsymbols\/icon_schnellste_ruecktrocknung.svg\"><\/p>\n<p>S\u00e9chage plus rapide<\/td>\n<td style=\"width: 20%;text-align: center\"><strong><img decoding=\"async\" class=\"product-functional-symbols__image aligncenter\" src=\"https:\/\/www.falke.com\/it_it\/4db1c784dda527a5a838b3006792a33f7ba86246\/assets\/base\/staticImages\/functionalsymbols\/icon_daempfende-wirkung.svg\"><\/strong><\/p>\n<p>Effet amortissant<\/td>\n<\/tr>\n<\/tbody>\n<\/table>\n<div class=\"product-functional-symbols__content\">\n<p>&nbsp;<\/p>\n<p>&nbsp;<\/p>\n<p class=\"product-functional-symbols__content-description\"><strong>Mat\u00e9riau<\/strong> : 40 % polypropyl\u00e8ne, 40 % coton, 20 % polyamide.<\/p>\n<\/div>\n<dl class=\"product-specification__attributes\">\n<dt class=\"product-specification__attribute\"><strong>Longueur de la tige<\/strong> : \u00c0 la cheville<\/dt>\n<\/dl>\n<dl class=\"product-specification__attributes\">\n<dt class=\"product-specification__attribute\"><strong>Rembourrage<\/strong> : Moyen \u00e0 \u00e9pais<\/dt>\n<\/dl>\n<dl class=\"product-specification__attributes\">\n<dt class=\"product-specification__attribute\"><strong>Coupe<\/strong> : Anatomique<\/dt>\n<\/dl>\n<dl class=\"product-specification__attributes\">\n<dt class=\"product-specification__attribute\"><strong>Semelle<\/strong> : Normale<\/dt>\n<\/dl>\n<dl class=\"product-specification__attributes\">\n<dt class=\"product-specification__attribute\"><strong>Style<\/strong> : Sportif<\/dt>\n<\/dl>\n<p>&nbsp;<\/p>\n","protected":false},"excerpt":{"rendered":"<ul>\n<li data-section-id=\"12cbxlm\" data-start=\"927\" data-end=\"1003\">Amorti moyen et <strong data-start=\"953\" data-end=\"977\">compression l\u00e9g\u00e8re<\/strong> pour plus de confort et de stabilit\u00e9<\/li>\n<li data-section-id=\"jritoe\" data-start=\"1004\" data-end=\"1090\">Structure <strong data-start=\"1016\" data-end=\"1042\">respirante \u00e0 3 couches<\/strong> pour des pieds au sec et une r\u00e9duction des ampoules<\/li>\n<li data-section-id=\"j3eabf\" data-start=\"1091\" data-end=\"1165\">Coupe droite\/gauche avec zones de compression pour un meilleur maintien<\/li>\n<\/ul>\n","protected":false},"featured_media":427077,"template":"","meta":{"_acf_changed":false,"inline_featured_image":false},"product_brand":[],"product_cat":[22597,22596],"product_tag":[23482,23493],"class_list":{"0":"post-426387","1":"product","2":"type-product","3":"status-publish","4":"has-post-thumbnail","6":"product_cat-chaussettes","7":"product_cat-vetements-pour-femmes","8":"product_tag-falke-fr","9":"product_tag-falke-femme","10":"pa_attivita-fitness-fr","11":"pa_attivita-lifestyle-fr","12":"pa_attivita-marcher","13":"pa_attivita-running-fr","14":"pa_colore-ru4-endur-cool-short-w-black","15":"pa_colore-ru4-endur-cool-short-w-fuchsia","16":"pa_colore-ru4-endur-cool-short-w-rose","17":"pa_marca-falke-fr","18":"pa_sesso-femme","19":"pa_size-35-36-fr","20":"pa_size-37-38-fr","21":"pa_size-39-40-fr","22":"pa_size-41-42-fr","24":"first","25":"instock","26":"sale","27":"taxable","28":"shipping-taxable","29":"purchasable","30":"product-type-variable","31":"wvs-archive-product-wrapper"},"acf":[],"yoast_head":"<!-- This site is optimized with the Yoast SEO plugin v26.8 - https:\/\/yoast.com\/product\/yoast-seo-wordpress\/ -->\n<title>Falke RU4 endurance cool short femme - Chaussettes de course \u00e0 pied - MioMioRun.com<\/title>\n<meta name=\"description\" content=\"Chaussettes de course RU4 Endurance Cool Short, avec une compression l\u00e9g\u00e8re et une structure respirante \u00e0 3 couches. Confort et stabilit\u00e9 \u00e0 chaque course.\" \/>\n<meta name=\"robots\" content=\"index, follow, max-snippet:-1, max-image-preview:large, max-video-preview:-1\" \/>\n<link rel=\"canonical\" href=\"https:\/\/www.miomiorun.com\/fr\/produit\/ru4-endurance-cool-short-femme\/\" \/>\n<meta property=\"og:locale\" content=\"fr_FR\" \/>\n<meta property=\"og:type\" content=\"article\" \/>\n<meta property=\"og:title\" content=\"Falke RU4 endurance cool short femme - Chaussettes de course \u00e0 pied - MioMioRun.com\" \/>\n<meta property=\"og:description\" content=\"Chaussettes de course RU4 Endurance Cool Short, avec une compression l\u00e9g\u00e8re et une structure respirante \u00e0 3 couches. Confort et stabilit\u00e9 \u00e0 chaque course.\" \/>\n<meta property=\"og:url\" content=\"https:\/\/www.miomiorun.com\/fr\/produit\/ru4-endurance-cool-short-femme\/\" \/>\n<meta property=\"og:site_name\" content=\"MioMioRun\" \/>\n<meta property=\"article:publisher\" content=\"https:\/\/www.facebook.com\/miomiorun\/\" \/>\n<meta property=\"article:modified_time\" content=\"2026-04-30T10:28:11+00:00\" \/>\n<meta property=\"og:image\" content=\"https:\/\/www.miomiorun.com\/app\/uploads\/2026\/04\/Falke-RU4-endur-cool-short-W-black-16171-3008.webp\" \/>\n\t<meta property=\"og:image:width\" content=\"720\" \/>\n\t<meta property=\"og:image:height\" content=\"720\" \/>\n\t<meta property=\"og:image:type\" content=\"image\/webp\" \/>\n<meta name=\"twitter:card\" content=\"summary_large_image\" \/>\n<meta name=\"twitter:label1\" content=\"Est. reading time\" \/>\n\t<meta name=\"twitter:data1\" content=\"1 minute\" \/>\n<script type=\"application\/ld+json\" class=\"yoast-schema-graph\">{\"@context\":\"https:\/\/schema.org\",\"@graph\":[{\"@type\":\"WebPage\",\"@id\":\"https:\/\/www.miomiorun.com\/fr\/produit\/ru4-endurance-cool-short-femme\/\",\"url\":\"https:\/\/www.miomiorun.com\/fr\/produit\/ru4-endurance-cool-short-femme\/\",\"name\":\"Falke RU4 endurance cool short femme - Chaussettes de course \u00e0 pied - MioMioRun.com\",\"isPartOf\":{\"@id\":\"https:\/\/www.miomiorun.com\/fr\/#website\"},\"primaryImageOfPage\":{\"@id\":\"https:\/\/www.miomiorun.com\/fr\/produit\/ru4-endurance-cool-short-femme\/#primaryimage\"},\"image\":{\"@id\":\"https:\/\/www.miomiorun.com\/fr\/produit\/ru4-endurance-cool-short-femme\/#primaryimage\"},\"thumbnailUrl\":\"https:\/\/www.miomiorun.com\/app\/uploads\/2026\/04\/Falke-RU4-endur-cool-short-W-black-16171-3008.webp\",\"datePublished\":\"2026-04-07T15:17:04+00:00\",\"dateModified\":\"2026-04-30T10:28:11+00:00\",\"description\":\"Chaussettes de course RU4 Endurance Cool Short, avec une compression l\u00e9g\u00e8re et une structure respirante \u00e0 3 couches. Confort et stabilit\u00e9 \u00e0 chaque course.\",\"breadcrumb\":{\"@id\":\"https:\/\/www.miomiorun.com\/fr\/produit\/ru4-endurance-cool-short-femme\/#breadcrumb\"},\"inLanguage\":\"fr-FR\",\"potentialAction\":[{\"@type\":\"ReadAction\",\"target\":[\"https:\/\/www.miomiorun.com\/fr\/produit\/ru4-endurance-cool-short-femme\/\"]}]},{\"@type\":\"ImageObject\",\"inLanguage\":\"fr-FR\",\"@id\":\"https:\/\/www.miomiorun.com\/fr\/produit\/ru4-endurance-cool-short-femme\/#primaryimage\",\"url\":\"https:\/\/www.miomiorun.com\/app\/uploads\/2026\/04\/Falke-RU4-endur-cool-short-W-black-16171-3008.webp\",\"contentUrl\":\"https:\/\/www.miomiorun.com\/app\/uploads\/2026\/04\/Falke-RU4-endur-cool-short-W-black-16171-3008.webp\",\"width\":720,\"height\":720,\"caption\":\"Falke RU4 endur cool short W black 16171 3008\"},{\"@type\":\"BreadcrumbList\",\"@id\":\"https:\/\/www.miomiorun.com\/fr\/produit\/ru4-endurance-cool-short-femme\/#breadcrumb\",\"itemListElement\":[{\"@type\":\"ListItem\",\"position\":1,\"name\":\"Home\",\"item\":\"https:\/\/www.miomiorun.com\/fr\/home-page\/\"},{\"@type\":\"ListItem\",\"position\":2,\"name\":\"Shop\",\"item\":\"https:\/\/www.miomiorun.com\/shop\/\"},{\"@type\":\"ListItem\",\"position\":3,\"name\":\"RU4 endurance cool short femme\"}]},{\"@type\":\"WebSite\",\"@id\":\"https:\/\/www.miomiorun.com\/fr\/#website\",\"url\":\"https:\/\/www.miomiorun.com\/fr\/\",\"name\":\"MioMioRun\",\"description\":\"Boutique 100% running et trail\",\"publisher\":{\"@id\":\"https:\/\/www.miomiorun.com\/fr\/#organization\"},\"potentialAction\":[{\"@type\":\"SearchAction\",\"target\":{\"@type\":\"EntryPoint\",\"urlTemplate\":\"https:\/\/www.miomiorun.com\/fr\/?s={search_term_string}\"},\"query-input\":{\"@type\":\"PropertyValueSpecification\",\"valueRequired\":true,\"valueName\":\"search_term_string\"}}],\"inLanguage\":\"fr-FR\"},{\"@type\":\"Organization\",\"@id\":\"https:\/\/www.miomiorun.com\/fr\/#organization\",\"name\":\"MioMio Run\",\"url\":\"https:\/\/www.miomiorun.com\/fr\/\",\"logo\":{\"@type\":\"ImageObject\",\"inLanguage\":\"fr-FR\",\"@id\":\"https:\/\/www.miomiorun.com\/fr\/#\/schema\/logo\/image\/\",\"url\":\"https:\/\/www.miomiorun.com\/app\/uploads\/2019\/12\/logomio.png\",\"contentUrl\":\"https:\/\/www.miomiorun.com\/app\/uploads\/2019\/12\/logomio.png\",\"width\":115,\"height\":82,\"caption\":\"MioMio Run\"},\"image\":{\"@id\":\"https:\/\/www.miomiorun.com\/fr\/#\/schema\/logo\/image\/\"},\"sameAs\":[\"https:\/\/www.facebook.com\/miomiorun\/\",\"https:\/\/www.instagram.com\/miomiorun\/\"]}]}<\/script>\n<!-- \/ Yoast SEO plugin. -->","yoast_head_json":{"title":"Falke RU4 endurance cool short femme - Chaussettes de course \u00e0 pied - MioMioRun.com","description":"Chaussettes de course RU4 Endurance Cool Short, avec une compression l\u00e9g\u00e8re et une structure respirante \u00e0 3 couches. Confort et stabilit\u00e9 \u00e0 chaque course.","robots":{"index":"index","follow":"follow","max-snippet":"max-snippet:-1","max-image-preview":"max-image-preview:large","max-video-preview":"max-video-preview:-1"},"canonical":"https:\/\/www.miomiorun.com\/fr\/produit\/ru4-endurance-cool-short-femme\/","og_locale":"fr_FR","og_type":"article","og_title":"Falke RU4 endurance cool short femme - Chaussettes de course \u00e0 pied - MioMioRun.com","og_description":"Chaussettes de course RU4 Endurance Cool Short, avec une compression l\u00e9g\u00e8re et une structure respirante \u00e0 3 couches. Confort et stabilit\u00e9 \u00e0 chaque course.","og_url":"https:\/\/www.miomiorun.com\/fr\/produit\/ru4-endurance-cool-short-femme\/","og_site_name":"MioMioRun","article_publisher":"https:\/\/www.facebook.com\/miomiorun\/","article_modified_time":"2026-04-30T10:28:11+00:00","og_image":[{"width":720,"height":720,"url":"https:\/\/www.miomiorun.com\/app\/uploads\/2026\/04\/Falke-RU4-endur-cool-short-W-black-16171-3008.webp","type":"image\/webp"}],"twitter_card":"summary_large_image","twitter_misc":{"Est. reading time":"1 minute"},"schema":{"@context":"https:\/\/schema.org","@graph":[{"@type":"WebPage","@id":"https:\/\/www.miomiorun.com\/fr\/produit\/ru4-endurance-cool-short-femme\/","url":"https:\/\/www.miomiorun.com\/fr\/produit\/ru4-endurance-cool-short-femme\/","name":"Falke RU4 endurance cool short femme - Chaussettes de course \u00e0 pied - MioMioRun.com","isPartOf":{"@id":"https:\/\/www.miomiorun.com\/fr\/#website"},"primaryImageOfPage":{"@id":"https:\/\/www.miomiorun.com\/fr\/produit\/ru4-endurance-cool-short-femme\/#primaryimage"},"image":{"@id":"https:\/\/www.miomiorun.com\/fr\/produit\/ru4-endurance-cool-short-femme\/#primaryimage"},"thumbnailUrl":"https:\/\/www.miomiorun.com\/app\/uploads\/2026\/04\/Falke-RU4-endur-cool-short-W-black-16171-3008.webp","datePublished":"2026-04-07T15:17:04+00:00","dateModified":"2026-04-30T10:28:11+00:00","description":"Chaussettes de course RU4 Endurance Cool Short, avec une compression l\u00e9g\u00e8re et une structure respirante \u00e0 3 couches. Confort et stabilit\u00e9 \u00e0 chaque course.","breadcrumb":{"@id":"https:\/\/www.miomiorun.com\/fr\/produit\/ru4-endurance-cool-short-femme\/#breadcrumb"},"inLanguage":"fr-FR","potentialAction":[{"@type":"ReadAction","target":["https:\/\/www.miomiorun.com\/fr\/produit\/ru4-endurance-cool-short-femme\/"]}]},{"@type":"ImageObject","inLanguage":"fr-FR","@id":"https:\/\/www.miomiorun.com\/fr\/produit\/ru4-endurance-cool-short-femme\/#primaryimage","url":"https:\/\/www.miomiorun.com\/app\/uploads\/2026\/04\/Falke-RU4-endur-cool-short-W-black-16171-3008.webp","contentUrl":"https:\/\/www.miomiorun.com\/app\/uploads\/2026\/04\/Falke-RU4-endur-cool-short-W-black-16171-3008.webp","width":720,"height":720,"caption":"Falke RU4 endur cool short W black 16171 3008"},{"@type":"BreadcrumbList","@id":"https:\/\/www.miomiorun.com\/fr\/produit\/ru4-endurance-cool-short-femme\/#breadcrumb","itemListElement":[{"@type":"ListItem","position":1,"name":"Home","item":"https:\/\/www.miomiorun.com\/fr\/home-page\/"},{"@type":"ListItem","position":2,"name":"Shop","item":"https:\/\/www.miomiorun.com\/shop\/"},{"@type":"ListItem","position":3,"name":"RU4 endurance cool short femme"}]},{"@type":"WebSite","@id":"https:\/\/www.miomiorun.com\/fr\/#website","url":"https:\/\/www.miomiorun.com\/fr\/","name":"MioMioRun","description":"Boutique 100% running et trail","publisher":{"@id":"https:\/\/www.miomiorun.com\/fr\/#organization"},"potentialAction":[{"@type":"SearchAction","target":{"@type":"EntryPoint","urlTemplate":"https:\/\/www.miomiorun.com\/fr\/?s={search_term_string}"},"query-input":{"@type":"PropertyValueSpecification","valueRequired":true,"valueName":"search_term_string"}}],"inLanguage":"fr-FR"},{"@type":"Organization","@id":"https:\/\/www.miomiorun.com\/fr\/#organization","name":"MioMio Run","url":"https:\/\/www.miomiorun.com\/fr\/","logo":{"@type":"ImageObject","inLanguage":"fr-FR","@id":"https:\/\/www.miomiorun.com\/fr\/#\/schema\/logo\/image\/","url":"https:\/\/www.miomiorun.com\/app\/uploads\/2019\/12\/logomio.png","contentUrl":"https:\/\/www.miomiorun.com\/app\/uploads\/2019\/12\/logomio.png","width":115,"height":82,"caption":"MioMio Run"},"image":{"@id":"https:\/\/www.miomiorun.com\/fr\/#\/schema\/logo\/image\/"},"sameAs":["https:\/\/www.facebook.com\/miomiorun\/","https:\/\/www.instagram.com\/miomiorun\/"]}]}},"_links":{"self":[{"href":"https:\/\/www.miomiorun.com\/fr\/wp-json\/wp\/v2\/product\/426387","targetHints":{"allow":["GET"]}}],"collection":[{"href":"https:\/\/www.miomiorun.com\/fr\/wp-json\/wp\/v2\/product"}],"about":[{"href":"https:\/\/www.miomiorun.com\/fr\/wp-json\/wp\/v2\/types\/product"}],"wp:featuredmedia":[{"embeddable":true,"href":"https:\/\/www.miomiorun.com\/fr\/wp-json\/wp\/v2\/media\/427077"}],"wp:attachment":[{"href":"https:\/\/www.miomiorun.com\/fr\/wp-json\/wp\/v2\/media?parent=426387"}],"wp:term":[{"taxonomy":"product_brand","embeddable":true,"href":"https:\/\/www.miomiorun.com\/fr\/wp-json\/wp\/v2\/product_brand?post=426387"},{"taxonomy":"product_cat","embeddable":true,"href":"https:\/\/www.miomiorun.com\/fr\/wp-json\/wp\/v2\/product_cat?post=426387"},{"taxonomy":"product_tag","embeddable":true,"href":"https:\/\/www.miomiorun.com\/fr\/wp-json\/wp\/v2\/product_tag?post=426387"}],"curies":[{"name":"wp","href":"https:\/\/api.w.org\/{rel}","templated":true}]}}