{"id":426151,"date":"2026-04-07T16:52:21","date_gmt":"2026-04-07T14:52:21","guid":{"rendered":"https:\/\/www.miomiorun.com\/?post_type=product&#038;p=426151"},"modified":"2026-04-30T17:28:33","modified_gmt":"2026-04-30T15:28:33","slug":"voyager-femme","status":"publish","type":"product","link":"https:\/\/www.miomiorun.com\/fr\/produit\/voyager-femme\/","title":{"rendered":"Voyager femme"},"content":{"rendered":"<table style=\"border-collapse: collapse;width: 100%\">\n<tbody>\n<tr>\n<td style=\"width: 33.3333%;vertical-align: top\"><strong>Caract\u00e9ristiques techniques<\/strong><\/p>\n<p>Cat\u00e9gorie : amorti mod\u00e9r\u00e9<br \/>\nD\u00e9battement : 4 mm<br \/>\nPoids : 241 g<br \/>\nId\u00e9ale pour : les marcheurs et la vie quotidienne<br \/>\nPoids de l&#8217;athl\u00e8te : 50-70 kg<br \/>\nAllure de course : moyenne (4,50 min\/km)<br \/>\n<a href=\"https:\/\/miomiorun.com\/guida-alle-specifiche-tecniche\/\">Guide des caract\u00e9ristiques techniques<\/a><\/td>\n<td style=\"width: 66.6666%;vertical-align: top\">\n<p data-start=\"26\" data-end=\"316\">La <strong data-start=\"29\" data-end=\"46\">Altra Voyager<\/strong> est une chaussure con\u00e7ue pour un usage quotidien qui int\u00e8gre dans le style de vie urbain des technologies inspir\u00e9es de la course \u00e0 pied. Con\u00e7ue pour vous accompagner tout au long de la journ\u00e9e, elle allie <strong data-start=\"216\" data-end=\"257\">confort, praticit\u00e9 et un style \u00e9pur\u00e9<\/strong>, id\u00e9al pour se d\u00e9placer en ville, entre obligations et loisirs.<\/p>\n<p data-start=\"318\" data-end=\"651\">La semelle interm\u00e9diaire en <strong data-start=\"334\" data-end=\"352\">Altra EGO\u2122 P35<\/strong> est con\u00e7ue pour offrir une sensation de l\u00e9g\u00e8ret\u00e9 et de confort sous le pied, tandis que la <strong data-start=\"443\" data-end=\"472\">semelle Vibram\u00ae XS Trek Evo<\/strong> garantit adh\u00e9rence et durabilit\u00e9 sur diff\u00e9rentes surfaces urbaines. La tige en <strong data-start=\"544\" data-end=\"572\">maille ripstop respirante<\/strong>, avec des renforts au niveau de la pointe, est con\u00e7ue pour am\u00e9liorer la r\u00e9sistance et la ventilation.<\/p>\n<p data-start=\"653\" data-end=\"1015\">Le <strong data-start=\"656\" data-end=\"689\">syst\u00e8me de la\u00e7age rapide renforc\u00e9<\/strong> facilite l&#8217;enfilage et le r\u00e9glage, tandis que les <strong data-start=\"737\" data-end=\"771\">coussinets internes au talon<\/strong> sont con\u00e7us pour am\u00e9liorer le confort et le maintien. La construction suit le classique <strong data-start=\"855\" data-end=\"868\">Altra Fit<\/strong>, avec plus d&#8217;espace pour les orteils et un drop r\u00e9duit, con\u00e7u pour favoriser une posture naturelle et une sensation d&#8217;\u00e9quilibre pendant la marche.<\/p>\n<p data-start=\"1017\" data-end=\"1145\">Une chaussure polyvalente, con\u00e7ue pour ceux qui recherchent confort et fonctionnalit\u00e9 en milieu urbain, sans renoncer \u00e0 un look moderne.<\/p>\n<\/td>\n<\/tr>\n<\/tbody>\n<\/table>\n<p>&nbsp;<\/p>\n","protected":false},"excerpt":{"rendered":"<ul>\n<li data-section-id=\"b13c3x\" data-start=\"1165\" data-end=\"1243\">Semelle interm\u00e9diaire <strong data-start=\"1178\" data-end=\"1196\">Altra EGO\u2122 P35<\/strong> pour plus de confort et de l\u00e9g\u00e8ret\u00e9 au quotidien<\/li>\n<li data-section-id=\"1uxa5gk\" data-start=\"1244\" data-end=\"1319\">Semelle <strong data-start=\"1252\" data-end=\"1275\">Vibram\u00ae XS Trek Evo<\/strong> pour une adh\u00e9rence et une durabilit\u00e9 optimales sur les surfaces urbaines<\/li>\n<li data-section-id=\"12o5zta\" data-start=\"1320\" data-end=\"1395\">Tige en mesh ripstop respirant avec renforts pour une meilleure r\u00e9sistance<\/li>\n<\/ul>\n","protected":false},"featured_media":427024,"template":"","meta":{"_acf_changed":false,"inline_featured_image":false},"product_brand":[],"product_cat":[22605,22606],"product_tag":[23458,23672],"class_list":{"0":"post-426151","1":"product","2":"type-product","3":"status-publish","4":"has-post-thumbnail","6":"product_cat-chaussures-pour-femmes","7":"product_cat-neutre","8":"product_tag-altra-fr","9":"product_tag-altra-femme","10":"pa_attivita-lifestyle-fr","11":"pa_attivita-marcher","12":"pa_colore-voyager-w-white","13":"pa_marca-altra-fr","14":"pa_sesso-femme","15":"pa_size-38-fr","16":"pa_size-38-5-fr","17":"pa_size-39-fr","18":"pa_size-40-fr","19":"pa_size-40-5-fr","20":"pa_size-41-fr","22":"first","23":"instock","24":"taxable","25":"shipping-taxable","26":"purchasable","27":"product-type-variable","28":"wvs-archive-product-wrapper"},"acf":[],"yoast_head":"<!-- This site is optimized with the Yoast SEO plugin v26.8 - https:\/\/yoast.com\/product\/yoast-seo-wordpress\/ -->\n<title>Altra Voyager femme - Chaussures lifestyle - MioMioRun.com<\/title>\n<meta name=\"description\" content=\"Chaussures lifestyle Altra Voyager dot\u00e9es d&#039;une semelle Vibram\u00ae XS Trek Evo et de mousse Altra EGO\u2122 P35. Confort, adh\u00e9rence et style pour un usage quotidien.\" \/>\n<meta name=\"robots\" content=\"index, follow, max-snippet:-1, max-image-preview:large, max-video-preview:-1\" \/>\n<link rel=\"canonical\" href=\"https:\/\/www.miomiorun.com\/fr\/produit\/voyager-femme\/\" \/>\n<meta property=\"og:locale\" content=\"fr_FR\" \/>\n<meta property=\"og:type\" content=\"article\" \/>\n<meta property=\"og:title\" content=\"Altra Voyager femme - Chaussures lifestyle - MioMioRun.com\" \/>\n<meta property=\"og:description\" content=\"Chaussures lifestyle Altra Voyager dot\u00e9es d&#039;une semelle Vibram\u00ae XS Trek Evo et de mousse Altra EGO\u2122 P35. Confort, adh\u00e9rence et style pour un usage quotidien.\" \/>\n<meta property=\"og:url\" content=\"https:\/\/www.miomiorun.com\/fr\/produit\/voyager-femme\/\" \/>\n<meta property=\"og:site_name\" content=\"MioMioRun\" \/>\n<meta property=\"article:publisher\" content=\"https:\/\/www.facebook.com\/miomiorun\/\" \/>\n<meta property=\"article:modified_time\" content=\"2026-04-30T15:28:33+00:00\" \/>\n<meta property=\"og:image\" content=\"https:\/\/www.miomiorun.com\/app\/uploads\/2026\/04\/Altra-Voyager-W-white-AL0A85TV1101.webp\" \/>\n\t<meta property=\"og:image:width\" content=\"720\" \/>\n\t<meta property=\"og:image:height\" content=\"720\" \/>\n\t<meta property=\"og:image:type\" content=\"image\/webp\" \/>\n<meta name=\"twitter:card\" content=\"summary_large_image\" \/>\n<meta name=\"twitter:label1\" content=\"Est. reading time\" \/>\n\t<meta name=\"twitter:data1\" content=\"1 minute\" \/>\n<script type=\"application\/ld+json\" class=\"yoast-schema-graph\">{\"@context\":\"https:\/\/schema.org\",\"@graph\":[{\"@type\":\"WebPage\",\"@id\":\"https:\/\/www.miomiorun.com\/fr\/produit\/voyager-femme\/\",\"url\":\"https:\/\/www.miomiorun.com\/fr\/produit\/voyager-femme\/\",\"name\":\"Altra Voyager femme - Chaussures lifestyle - MioMioRun.com\",\"isPartOf\":{\"@id\":\"https:\/\/www.miomiorun.com\/fr\/#website\"},\"primaryImageOfPage\":{\"@id\":\"https:\/\/www.miomiorun.com\/fr\/produit\/voyager-femme\/#primaryimage\"},\"image\":{\"@id\":\"https:\/\/www.miomiorun.com\/fr\/produit\/voyager-femme\/#primaryimage\"},\"thumbnailUrl\":\"https:\/\/www.miomiorun.com\/app\/uploads\/2026\/04\/Altra-Voyager-W-white-AL0A85TV1101.webp\",\"datePublished\":\"2026-04-07T14:52:21+00:00\",\"dateModified\":\"2026-04-30T15:28:33+00:00\",\"description\":\"Chaussures lifestyle Altra Voyager dot\u00e9es d'une semelle Vibram\u00ae XS Trek Evo et de mousse Altra EGO\u2122 P35. Confort, adh\u00e9rence et style pour un usage quotidien.\",\"breadcrumb\":{\"@id\":\"https:\/\/www.miomiorun.com\/fr\/produit\/voyager-femme\/#breadcrumb\"},\"inLanguage\":\"fr-FR\",\"potentialAction\":[{\"@type\":\"ReadAction\",\"target\":[\"https:\/\/www.miomiorun.com\/fr\/produit\/voyager-femme\/\"]}]},{\"@type\":\"ImageObject\",\"inLanguage\":\"fr-FR\",\"@id\":\"https:\/\/www.miomiorun.com\/fr\/produit\/voyager-femme\/#primaryimage\",\"url\":\"https:\/\/www.miomiorun.com\/app\/uploads\/2026\/04\/Altra-Voyager-W-white-AL0A85TV1101.webp\",\"contentUrl\":\"https:\/\/www.miomiorun.com\/app\/uploads\/2026\/04\/Altra-Voyager-W-white-AL0A85TV1101.webp\",\"width\":720,\"height\":720,\"caption\":\"Altra Voyager W white AL0A85TV1101\"},{\"@type\":\"BreadcrumbList\",\"@id\":\"https:\/\/www.miomiorun.com\/fr\/produit\/voyager-femme\/#breadcrumb\",\"itemListElement\":[{\"@type\":\"ListItem\",\"position\":1,\"name\":\"Home\",\"item\":\"https:\/\/www.miomiorun.com\/fr\/home-page\/\"},{\"@type\":\"ListItem\",\"position\":2,\"name\":\"Shop\",\"item\":\"https:\/\/www.miomiorun.com\/shop\/\"},{\"@type\":\"ListItem\",\"position\":3,\"name\":\"Voyager femme\"}]},{\"@type\":\"WebSite\",\"@id\":\"https:\/\/www.miomiorun.com\/fr\/#website\",\"url\":\"https:\/\/www.miomiorun.com\/fr\/\",\"name\":\"MioMioRun\",\"description\":\"Boutique 100% running et trail\",\"publisher\":{\"@id\":\"https:\/\/www.miomiorun.com\/fr\/#organization\"},\"potentialAction\":[{\"@type\":\"SearchAction\",\"target\":{\"@type\":\"EntryPoint\",\"urlTemplate\":\"https:\/\/www.miomiorun.com\/fr\/?s={search_term_string}\"},\"query-input\":{\"@type\":\"PropertyValueSpecification\",\"valueRequired\":true,\"valueName\":\"search_term_string\"}}],\"inLanguage\":\"fr-FR\"},{\"@type\":\"Organization\",\"@id\":\"https:\/\/www.miomiorun.com\/fr\/#organization\",\"name\":\"MioMio Run\",\"url\":\"https:\/\/www.miomiorun.com\/fr\/\",\"logo\":{\"@type\":\"ImageObject\",\"inLanguage\":\"fr-FR\",\"@id\":\"https:\/\/www.miomiorun.com\/fr\/#\/schema\/logo\/image\/\",\"url\":\"https:\/\/www.miomiorun.com\/app\/uploads\/2019\/12\/logomio.png\",\"contentUrl\":\"https:\/\/www.miomiorun.com\/app\/uploads\/2019\/12\/logomio.png\",\"width\":115,\"height\":82,\"caption\":\"MioMio Run\"},\"image\":{\"@id\":\"https:\/\/www.miomiorun.com\/fr\/#\/schema\/logo\/image\/\"},\"sameAs\":[\"https:\/\/www.facebook.com\/miomiorun\/\",\"https:\/\/www.instagram.com\/miomiorun\/\"]}]}<\/script>\n<!-- \/ Yoast SEO plugin. -->","yoast_head_json":{"title":"Altra Voyager femme - Chaussures lifestyle - MioMioRun.com","description":"Chaussures lifestyle Altra Voyager dot\u00e9es d'une semelle Vibram\u00ae XS Trek Evo et de mousse Altra EGO\u2122 P35. Confort, adh\u00e9rence et style pour un usage quotidien.","robots":{"index":"index","follow":"follow","max-snippet":"max-snippet:-1","max-image-preview":"max-image-preview:large","max-video-preview":"max-video-preview:-1"},"canonical":"https:\/\/www.miomiorun.com\/fr\/produit\/voyager-femme\/","og_locale":"fr_FR","og_type":"article","og_title":"Altra Voyager femme - Chaussures lifestyle - MioMioRun.com","og_description":"Chaussures lifestyle Altra Voyager dot\u00e9es d'une semelle Vibram\u00ae XS Trek Evo et de mousse Altra EGO\u2122 P35. Confort, adh\u00e9rence et style pour un usage quotidien.","og_url":"https:\/\/www.miomiorun.com\/fr\/produit\/voyager-femme\/","og_site_name":"MioMioRun","article_publisher":"https:\/\/www.facebook.com\/miomiorun\/","article_modified_time":"2026-04-30T15:28:33+00:00","og_image":[{"width":720,"height":720,"url":"https:\/\/www.miomiorun.com\/app\/uploads\/2026\/04\/Altra-Voyager-W-white-AL0A85TV1101.webp","type":"image\/webp"}],"twitter_card":"summary_large_image","twitter_misc":{"Est. reading time":"1 minute"},"schema":{"@context":"https:\/\/schema.org","@graph":[{"@type":"WebPage","@id":"https:\/\/www.miomiorun.com\/fr\/produit\/voyager-femme\/","url":"https:\/\/www.miomiorun.com\/fr\/produit\/voyager-femme\/","name":"Altra Voyager femme - Chaussures lifestyle - MioMioRun.com","isPartOf":{"@id":"https:\/\/www.miomiorun.com\/fr\/#website"},"primaryImageOfPage":{"@id":"https:\/\/www.miomiorun.com\/fr\/produit\/voyager-femme\/#primaryimage"},"image":{"@id":"https:\/\/www.miomiorun.com\/fr\/produit\/voyager-femme\/#primaryimage"},"thumbnailUrl":"https:\/\/www.miomiorun.com\/app\/uploads\/2026\/04\/Altra-Voyager-W-white-AL0A85TV1101.webp","datePublished":"2026-04-07T14:52:21+00:00","dateModified":"2026-04-30T15:28:33+00:00","description":"Chaussures lifestyle Altra Voyager dot\u00e9es d'une semelle Vibram\u00ae XS Trek Evo et de mousse Altra EGO\u2122 P35. Confort, adh\u00e9rence et style pour un usage quotidien.","breadcrumb":{"@id":"https:\/\/www.miomiorun.com\/fr\/produit\/voyager-femme\/#breadcrumb"},"inLanguage":"fr-FR","potentialAction":[{"@type":"ReadAction","target":["https:\/\/www.miomiorun.com\/fr\/produit\/voyager-femme\/"]}]},{"@type":"ImageObject","inLanguage":"fr-FR","@id":"https:\/\/www.miomiorun.com\/fr\/produit\/voyager-femme\/#primaryimage","url":"https:\/\/www.miomiorun.com\/app\/uploads\/2026\/04\/Altra-Voyager-W-white-AL0A85TV1101.webp","contentUrl":"https:\/\/www.miomiorun.com\/app\/uploads\/2026\/04\/Altra-Voyager-W-white-AL0A85TV1101.webp","width":720,"height":720,"caption":"Altra Voyager W white AL0A85TV1101"},{"@type":"BreadcrumbList","@id":"https:\/\/www.miomiorun.com\/fr\/produit\/voyager-femme\/#breadcrumb","itemListElement":[{"@type":"ListItem","position":1,"name":"Home","item":"https:\/\/www.miomiorun.com\/fr\/home-page\/"},{"@type":"ListItem","position":2,"name":"Shop","item":"https:\/\/www.miomiorun.com\/shop\/"},{"@type":"ListItem","position":3,"name":"Voyager femme"}]},{"@type":"WebSite","@id":"https:\/\/www.miomiorun.com\/fr\/#website","url":"https:\/\/www.miomiorun.com\/fr\/","name":"MioMioRun","description":"Boutique 100% running et trail","publisher":{"@id":"https:\/\/www.miomiorun.com\/fr\/#organization"},"potentialAction":[{"@type":"SearchAction","target":{"@type":"EntryPoint","urlTemplate":"https:\/\/www.miomiorun.com\/fr\/?s={search_term_string}"},"query-input":{"@type":"PropertyValueSpecification","valueRequired":true,"valueName":"search_term_string"}}],"inLanguage":"fr-FR"},{"@type":"Organization","@id":"https:\/\/www.miomiorun.com\/fr\/#organization","name":"MioMio Run","url":"https:\/\/www.miomiorun.com\/fr\/","logo":{"@type":"ImageObject","inLanguage":"fr-FR","@id":"https:\/\/www.miomiorun.com\/fr\/#\/schema\/logo\/image\/","url":"https:\/\/www.miomiorun.com\/app\/uploads\/2019\/12\/logomio.png","contentUrl":"https:\/\/www.miomiorun.com\/app\/uploads\/2019\/12\/logomio.png","width":115,"height":82,"caption":"MioMio Run"},"image":{"@id":"https:\/\/www.miomiorun.com\/fr\/#\/schema\/logo\/image\/"},"sameAs":["https:\/\/www.facebook.com\/miomiorun\/","https:\/\/www.instagram.com\/miomiorun\/"]}]}},"_links":{"self":[{"href":"https:\/\/www.miomiorun.com\/fr\/wp-json\/wp\/v2\/product\/426151","targetHints":{"allow":["GET"]}}],"collection":[{"href":"https:\/\/www.miomiorun.com\/fr\/wp-json\/wp\/v2\/product"}],"about":[{"href":"https:\/\/www.miomiorun.com\/fr\/wp-json\/wp\/v2\/types\/product"}],"wp:featuredmedia":[{"embeddable":true,"href":"https:\/\/www.miomiorun.com\/fr\/wp-json\/wp\/v2\/media\/427024"}],"wp:attachment":[{"href":"https:\/\/www.miomiorun.com\/fr\/wp-json\/wp\/v2\/media?parent=426151"}],"wp:term":[{"taxonomy":"product_brand","embeddable":true,"href":"https:\/\/www.miomiorun.com\/fr\/wp-json\/wp\/v2\/product_brand?post=426151"},{"taxonomy":"product_cat","embeddable":true,"href":"https:\/\/www.miomiorun.com\/fr\/wp-json\/wp\/v2\/product_cat?post=426151"},{"taxonomy":"product_tag","embeddable":true,"href":"https:\/\/www.miomiorun.com\/fr\/wp-json\/wp\/v2\/product_tag?post=426151"}],"curies":[{"name":"wp","href":"https:\/\/api.w.org\/{rel}","templated":true}]}}