{"id":424353,"date":"2026-04-01T19:24:16","date_gmt":"2026-04-01T17:24:16","guid":{"rendered":"https:\/\/www.miomiorun.com\/?post_type=product&#038;p=424353"},"modified":"2026-05-09T14:49:42","modified_gmt":"2026-05-09T12:49:42","slug":"trail-rain-jacket-02-homme","status":"publish","type":"product","link":"https:\/\/www.miomiorun.com\/fr\/produit\/trail-rain-jacket-02-homme\/","title":{"rendered":"Trail Rain Jacket 02 homme"},"content":{"rendered":"<p data-start=\"26\" data-end=\"327\">La <strong data-start=\"29\" data-end=\"53\">Trail Rain Jacket 02<\/strong> est une veste imperm\u00e9able ultral\u00e9g\u00e8re con\u00e7ue pour les coureurs de trail qui continuent \u00e0 courir m\u00eame lorsque les conditions changent. Fabriqu\u00e9e en <strong data-start=\"199\" data-end=\"232\">Pertex Revolve 100 % recycl\u00e9<\/strong>, elle allie protection et respirabilit\u00e9 pour affronter les sorties \u00e0 haute intensit\u00e9 sous la pluie.<\/p>\n<p data-start=\"329\" data-end=\"653\">Avec une <strong data-start=\"333\" data-end=\"361\">imperm\u00e9abilit\u00e9 de 20 000 mm<\/strong> et une <strong data-start=\"364\" data-end=\"394\">respirabilit\u00e9 de 20 000 g\/m\u00b2<\/strong>, elle est con\u00e7ue pour prot\u00e9ger des \u00e9l\u00e9ments tout en garantissant un confort optimal pendant l&#8217;effort. Sa <strong data-start=\"502\" data-end=\"528\">coupe ergonomique<\/strong> est con\u00e7ue pour \u00eatre compatible avec les gilets de trail running, permettant de s&#8217;habiller en couches sans limiter les mouvements.<\/p>\n<p data-start=\"655\" data-end=\"1081\">Con\u00e7ue pour \u00eatre pratique en comp\u00e9tition et \u00e0 l&#8217;entra\u00eenement, elle est <strong data-start=\"705\" data-end=\"734\">enti\u00e8rement pliable<\/strong> et peut \u00eatre facilement rang\u00e9e dans une poche compacte \u00e0 l&#8217;int\u00e9rieur du gilet. La <strong data-start=\"815\" data-end=\"865\">capuche r\u00e9glable sur toute la circonf\u00e9rence<\/strong> est con\u00e7ue pour offrir une protection m\u00eame dans les conditions m\u00e9t\u00e9orologiques les plus difficiles, tandis que la <strong data-start=\"955\" data-end=\"989\">fermeture \u00e0 \u00e9lastiques cach\u00e9s<\/strong> aux poignets et \u00e0 l&#8217;arri\u00e8re contribue \u00e0 maintenir la veste stable et ajust\u00e9e.<\/p>\n<p data-start=\"1083\" data-end=\"1186\">Une solution technique et compacte, con\u00e7ue pour vous accompagner sur les sentiers o\u00f9 la m\u00e9t\u00e9o est impr\u00e9visible.<\/p>\n","protected":false},"excerpt":{"rendered":"<ul>\n<li data-section-id=\"1tm3uos\" data-start=\"1206\" data-end=\"1309\">Tissu <strong data-start=\"1216\" data-end=\"1249\">Pertex Revolve 100 % recycl\u00e9<\/strong> avec une imperm\u00e9abilit\u00e9 de 20 000 mm et une respirabilit\u00e9 de 20 000 g\/m\u00b2<\/li>\n<li data-section-id=\"1w91jjh\" data-start=\"1310\" data-end=\"1387\">Design <strong data-start=\"1319\" data-end=\"1350\">ultra-compact et pliable<\/strong>, id\u00e9al \u00e0 glisser dans un gilet de trail<\/li>\n<li data-section-id=\"41cwtd\" data-start=\"1388\" data-end=\"1474\">Coupe ergonomique compatible avec un gilet et capuche r\u00e9glable pour plus de protection<\/li>\n<\/ul>\n","protected":false},"featured_media":426990,"template":"","meta":{"_acf_changed":false,"inline_featured_image":false},"product_brand":[],"product_cat":[24480,24482],"product_tag":[35958,35965],"class_list":{"0":"post-424353","1":"product","2":"type-product","3":"status-publish","4":"has-post-thumbnail","6":"product_cat-vestes-fr-2","7":"product_cat-vetements-pour-hommes-fr","8":"product_tag-nnormal-fr","9":"product_tag-nnormal-homme-fr","10":"pa_attivita-marcher","11":"pa_attivita-running-fr","12":"pa_attivita-trail-fr","13":"pa_colore-trail-rain-jacket-purple","14":"pa_marca-nnormal-fr","15":"pa_sesso-homme","16":"pa_size-small-fr","17":"pa_size-medium-fr","18":"pa_size-large-fr","20":"first","21":"instock","22":"taxable","23":"shipping-taxable","24":"purchasable","25":"product-type-variable","26":"wvs-archive-product-wrapper"},"acf":[],"yoast_head":"<!-- This site is optimized with the Yoast SEO plugin v26.8 - https:\/\/yoast.com\/product\/yoast-seo-wordpress\/ -->\n<title>NNormal Trail Rain Jacket 02 homme - Veste imperm\u00e9able- MioMioRun.com<\/title>\n<meta name=\"description\" content=\"Trail Rain Jacket 02 : veste imperm\u00e9able ultral\u00e9g\u00e8re 20K\/20K en Pertex recycl\u00e9, compacte et id\u00e9ale pour le trail running dans des conditions variables.\" \/>\n<meta name=\"robots\" content=\"index, follow, max-snippet:-1, max-image-preview:large, max-video-preview:-1\" \/>\n<link rel=\"canonical\" href=\"https:\/\/www.miomiorun.com\/fr\/produit\/trail-rain-jacket-02-homme\/\" \/>\n<meta property=\"og:locale\" content=\"fr_FR\" \/>\n<meta property=\"og:type\" content=\"article\" \/>\n<meta property=\"og:title\" content=\"NNormal Trail Rain Jacket 02 homme - Veste imperm\u00e9able- MioMioRun.com\" \/>\n<meta property=\"og:description\" content=\"Trail Rain Jacket 02 : veste imperm\u00e9able ultral\u00e9g\u00e8re 20K\/20K en Pertex recycl\u00e9, compacte et id\u00e9ale pour le trail running dans des conditions variables.\" \/>\n<meta property=\"og:url\" content=\"https:\/\/www.miomiorun.com\/fr\/produit\/trail-rain-jacket-02-homme\/\" \/>\n<meta property=\"og:site_name\" content=\"MioMioRun\" \/>\n<meta property=\"article:publisher\" content=\"https:\/\/www.facebook.com\/miomiorun\/\" \/>\n<meta property=\"article:modified_time\" content=\"2026-05-09T12:49:42+00:00\" \/>\n<meta property=\"og:image\" content=\"https:\/\/www.miomiorun.com\/app\/uploads\/2026\/04\/nnormal-Trail-rain-jacket-purple-NC1RJ1M-001.webp\" \/>\n\t<meta property=\"og:image:width\" content=\"720\" \/>\n\t<meta property=\"og:image:height\" content=\"720\" \/>\n\t<meta property=\"og:image:type\" content=\"image\/webp\" \/>\n<meta name=\"twitter:card\" content=\"summary_large_image\" \/>\n<meta name=\"twitter:label1\" content=\"Est. reading time\" \/>\n\t<meta name=\"twitter:data1\" content=\"1 minute\" \/>\n<script type=\"application\/ld+json\" class=\"yoast-schema-graph\">{\"@context\":\"https:\/\/schema.org\",\"@graph\":[{\"@type\":\"WebPage\",\"@id\":\"https:\/\/www.miomiorun.com\/fr\/produit\/trail-rain-jacket-02-homme\/\",\"url\":\"https:\/\/www.miomiorun.com\/fr\/produit\/trail-rain-jacket-02-homme\/\",\"name\":\"NNormal Trail Rain Jacket 02 homme - Veste imperm\u00e9able- MioMioRun.com\",\"isPartOf\":{\"@id\":\"https:\/\/www.miomiorun.com\/fr\/#website\"},\"primaryImageOfPage\":{\"@id\":\"https:\/\/www.miomiorun.com\/fr\/produit\/trail-rain-jacket-02-homme\/#primaryimage\"},\"image\":{\"@id\":\"https:\/\/www.miomiorun.com\/fr\/produit\/trail-rain-jacket-02-homme\/#primaryimage\"},\"thumbnailUrl\":\"https:\/\/www.miomiorun.com\/app\/uploads\/2026\/04\/nnormal-Trail-rain-jacket-purple-NC1RJ1M-001.webp\",\"datePublished\":\"2026-04-01T17:24:16+00:00\",\"dateModified\":\"2026-05-09T12:49:42+00:00\",\"description\":\"Trail Rain Jacket 02 : veste imperm\u00e9able ultral\u00e9g\u00e8re 20K\/20K en Pertex recycl\u00e9, compacte et id\u00e9ale pour le trail running dans des conditions variables.\",\"breadcrumb\":{\"@id\":\"https:\/\/www.miomiorun.com\/fr\/produit\/trail-rain-jacket-02-homme\/#breadcrumb\"},\"inLanguage\":\"fr-FR\",\"potentialAction\":[{\"@type\":\"ReadAction\",\"target\":[\"https:\/\/www.miomiorun.com\/fr\/produit\/trail-rain-jacket-02-homme\/\"]}]},{\"@type\":\"ImageObject\",\"inLanguage\":\"fr-FR\",\"@id\":\"https:\/\/www.miomiorun.com\/fr\/produit\/trail-rain-jacket-02-homme\/#primaryimage\",\"url\":\"https:\/\/www.miomiorun.com\/app\/uploads\/2026\/04\/nnormal-Trail-rain-jacket-purple-NC1RJ1M-001.webp\",\"contentUrl\":\"https:\/\/www.miomiorun.com\/app\/uploads\/2026\/04\/nnormal-Trail-rain-jacket-purple-NC1RJ1M-001.webp\",\"width\":720,\"height\":720,\"caption\":\"nnormal Trail rain jacket purple NC1RJ1M-001\"},{\"@type\":\"BreadcrumbList\",\"@id\":\"https:\/\/www.miomiorun.com\/fr\/produit\/trail-rain-jacket-02-homme\/#breadcrumb\",\"itemListElement\":[{\"@type\":\"ListItem\",\"position\":1,\"name\":\"Home\",\"item\":\"https:\/\/www.miomiorun.com\/fr\/home-page\/\"},{\"@type\":\"ListItem\",\"position\":2,\"name\":\"Shop\",\"item\":\"https:\/\/www.miomiorun.com\/shop\/\"},{\"@type\":\"ListItem\",\"position\":3,\"name\":\"Trail Rain Jacket 02 homme\"}]},{\"@type\":\"WebSite\",\"@id\":\"https:\/\/www.miomiorun.com\/fr\/#website\",\"url\":\"https:\/\/www.miomiorun.com\/fr\/\",\"name\":\"MioMioRun\",\"description\":\"Boutique 100% running et trail\",\"publisher\":{\"@id\":\"https:\/\/www.miomiorun.com\/fr\/#organization\"},\"potentialAction\":[{\"@type\":\"SearchAction\",\"target\":{\"@type\":\"EntryPoint\",\"urlTemplate\":\"https:\/\/www.miomiorun.com\/fr\/?s={search_term_string}\"},\"query-input\":{\"@type\":\"PropertyValueSpecification\",\"valueRequired\":true,\"valueName\":\"search_term_string\"}}],\"inLanguage\":\"fr-FR\"},{\"@type\":\"Organization\",\"@id\":\"https:\/\/www.miomiorun.com\/fr\/#organization\",\"name\":\"MioMio Run\",\"url\":\"https:\/\/www.miomiorun.com\/fr\/\",\"logo\":{\"@type\":\"ImageObject\",\"inLanguage\":\"fr-FR\",\"@id\":\"https:\/\/www.miomiorun.com\/fr\/#\/schema\/logo\/image\/\",\"url\":\"https:\/\/www.miomiorun.com\/app\/uploads\/2019\/12\/logomio.png\",\"contentUrl\":\"https:\/\/www.miomiorun.com\/app\/uploads\/2019\/12\/logomio.png\",\"width\":115,\"height\":82,\"caption\":\"MioMio Run\"},\"image\":{\"@id\":\"https:\/\/www.miomiorun.com\/fr\/#\/schema\/logo\/image\/\"},\"sameAs\":[\"https:\/\/www.facebook.com\/miomiorun\/\",\"https:\/\/www.instagram.com\/miomiorun\/\"]}]}<\/script>\n<!-- \/ Yoast SEO plugin. -->","yoast_head_json":{"title":"NNormal Trail Rain Jacket 02 homme - Veste imperm\u00e9able- MioMioRun.com","description":"Trail Rain Jacket 02 : veste imperm\u00e9able ultral\u00e9g\u00e8re 20K\/20K en Pertex recycl\u00e9, compacte et id\u00e9ale pour le trail running dans des conditions variables.","robots":{"index":"index","follow":"follow","max-snippet":"max-snippet:-1","max-image-preview":"max-image-preview:large","max-video-preview":"max-video-preview:-1"},"canonical":"https:\/\/www.miomiorun.com\/fr\/produit\/trail-rain-jacket-02-homme\/","og_locale":"fr_FR","og_type":"article","og_title":"NNormal Trail Rain Jacket 02 homme - Veste imperm\u00e9able- MioMioRun.com","og_description":"Trail Rain Jacket 02 : veste imperm\u00e9able ultral\u00e9g\u00e8re 20K\/20K en Pertex recycl\u00e9, compacte et id\u00e9ale pour le trail running dans des conditions variables.","og_url":"https:\/\/www.miomiorun.com\/fr\/produit\/trail-rain-jacket-02-homme\/","og_site_name":"MioMioRun","article_publisher":"https:\/\/www.facebook.com\/miomiorun\/","article_modified_time":"2026-05-09T12:49:42+00:00","og_image":[{"width":720,"height":720,"url":"https:\/\/www.miomiorun.com\/app\/uploads\/2026\/04\/nnormal-Trail-rain-jacket-purple-NC1RJ1M-001.webp","type":"image\/webp"}],"twitter_card":"summary_large_image","twitter_misc":{"Est. reading time":"1 minute"},"schema":{"@context":"https:\/\/schema.org","@graph":[{"@type":"WebPage","@id":"https:\/\/www.miomiorun.com\/fr\/produit\/trail-rain-jacket-02-homme\/","url":"https:\/\/www.miomiorun.com\/fr\/produit\/trail-rain-jacket-02-homme\/","name":"NNormal Trail Rain Jacket 02 homme - Veste imperm\u00e9able- MioMioRun.com","isPartOf":{"@id":"https:\/\/www.miomiorun.com\/fr\/#website"},"primaryImageOfPage":{"@id":"https:\/\/www.miomiorun.com\/fr\/produit\/trail-rain-jacket-02-homme\/#primaryimage"},"image":{"@id":"https:\/\/www.miomiorun.com\/fr\/produit\/trail-rain-jacket-02-homme\/#primaryimage"},"thumbnailUrl":"https:\/\/www.miomiorun.com\/app\/uploads\/2026\/04\/nnormal-Trail-rain-jacket-purple-NC1RJ1M-001.webp","datePublished":"2026-04-01T17:24:16+00:00","dateModified":"2026-05-09T12:49:42+00:00","description":"Trail Rain Jacket 02 : veste imperm\u00e9able ultral\u00e9g\u00e8re 20K\/20K en Pertex recycl\u00e9, compacte et id\u00e9ale pour le trail running dans des conditions variables.","breadcrumb":{"@id":"https:\/\/www.miomiorun.com\/fr\/produit\/trail-rain-jacket-02-homme\/#breadcrumb"},"inLanguage":"fr-FR","potentialAction":[{"@type":"ReadAction","target":["https:\/\/www.miomiorun.com\/fr\/produit\/trail-rain-jacket-02-homme\/"]}]},{"@type":"ImageObject","inLanguage":"fr-FR","@id":"https:\/\/www.miomiorun.com\/fr\/produit\/trail-rain-jacket-02-homme\/#primaryimage","url":"https:\/\/www.miomiorun.com\/app\/uploads\/2026\/04\/nnormal-Trail-rain-jacket-purple-NC1RJ1M-001.webp","contentUrl":"https:\/\/www.miomiorun.com\/app\/uploads\/2026\/04\/nnormal-Trail-rain-jacket-purple-NC1RJ1M-001.webp","width":720,"height":720,"caption":"nnormal Trail rain jacket purple NC1RJ1M-001"},{"@type":"BreadcrumbList","@id":"https:\/\/www.miomiorun.com\/fr\/produit\/trail-rain-jacket-02-homme\/#breadcrumb","itemListElement":[{"@type":"ListItem","position":1,"name":"Home","item":"https:\/\/www.miomiorun.com\/fr\/home-page\/"},{"@type":"ListItem","position":2,"name":"Shop","item":"https:\/\/www.miomiorun.com\/shop\/"},{"@type":"ListItem","position":3,"name":"Trail Rain Jacket 02 homme"}]},{"@type":"WebSite","@id":"https:\/\/www.miomiorun.com\/fr\/#website","url":"https:\/\/www.miomiorun.com\/fr\/","name":"MioMioRun","description":"Boutique 100% running et trail","publisher":{"@id":"https:\/\/www.miomiorun.com\/fr\/#organization"},"potentialAction":[{"@type":"SearchAction","target":{"@type":"EntryPoint","urlTemplate":"https:\/\/www.miomiorun.com\/fr\/?s={search_term_string}"},"query-input":{"@type":"PropertyValueSpecification","valueRequired":true,"valueName":"search_term_string"}}],"inLanguage":"fr-FR"},{"@type":"Organization","@id":"https:\/\/www.miomiorun.com\/fr\/#organization","name":"MioMio Run","url":"https:\/\/www.miomiorun.com\/fr\/","logo":{"@type":"ImageObject","inLanguage":"fr-FR","@id":"https:\/\/www.miomiorun.com\/fr\/#\/schema\/logo\/image\/","url":"https:\/\/www.miomiorun.com\/app\/uploads\/2019\/12\/logomio.png","contentUrl":"https:\/\/www.miomiorun.com\/app\/uploads\/2019\/12\/logomio.png","width":115,"height":82,"caption":"MioMio Run"},"image":{"@id":"https:\/\/www.miomiorun.com\/fr\/#\/schema\/logo\/image\/"},"sameAs":["https:\/\/www.facebook.com\/miomiorun\/","https:\/\/www.instagram.com\/miomiorun\/"]}]}},"_links":{"self":[{"href":"https:\/\/www.miomiorun.com\/fr\/wp-json\/wp\/v2\/product\/424353","targetHints":{"allow":["GET"]}}],"collection":[{"href":"https:\/\/www.miomiorun.com\/fr\/wp-json\/wp\/v2\/product"}],"about":[{"href":"https:\/\/www.miomiorun.com\/fr\/wp-json\/wp\/v2\/types\/product"}],"wp:featuredmedia":[{"embeddable":true,"href":"https:\/\/www.miomiorun.com\/fr\/wp-json\/wp\/v2\/media\/426990"}],"wp:attachment":[{"href":"https:\/\/www.miomiorun.com\/fr\/wp-json\/wp\/v2\/media?parent=424353"}],"wp:term":[{"taxonomy":"product_brand","embeddable":true,"href":"https:\/\/www.miomiorun.com\/fr\/wp-json\/wp\/v2\/product_brand?post=424353"},{"taxonomy":"product_cat","embeddable":true,"href":"https:\/\/www.miomiorun.com\/fr\/wp-json\/wp\/v2\/product_cat?post=424353"},{"taxonomy":"product_tag","embeddable":true,"href":"https:\/\/www.miomiorun.com\/fr\/wp-json\/wp\/v2\/product_tag?post=424353"}],"curies":[{"name":"wp","href":"https:\/\/api.w.org\/{rel}","templated":true}]}}