{"id":424239,"date":"2026-04-01T19:14:15","date_gmt":"2026-04-01T17:14:15","guid":{"rendered":"https:\/\/www.miomiorun.com\/?post_type=product&#038;p=424239"},"modified":"2026-05-09T14:46:54","modified_gmt":"2026-05-09T12:46:54","slug":"race-shorts-2-femme","status":"publish","type":"product","link":"https:\/\/www.miomiorun.com\/fr\/produit\/race-shorts-2-femme\/","title":{"rendered":"Race Shorts 2 femme"},"content":{"rendered":"<p data-start=\"26\" data-end=\"381\">Le <strong data-start=\"28\" data-end=\"45\">Race Short 02<\/strong> est un short de trail running con\u00e7u pour offrir <strong data-start=\"104\" data-end=\"157\">l\u00e9g\u00e8ret\u00e9, respirabilit\u00e9 et libert\u00e9 de mouvement<\/strong> lors des sorties \u00e0 haute intensit\u00e9. Le <strong data-start=\"198\" data-end=\"254\">tissu technique ultral\u00e9ger et \u00e0 s\u00e9chage rapide<\/strong> est con\u00e7u pour garantir un confort optimal m\u00eame dans les moments les plus exigeants, en favorisant la gestion de l&#8217;humidit\u00e9 tout au long du parcours.<\/p>\n<p data-start=\"383\" data-end=\"720\">La conception est \u00e9tudi\u00e9e pour accompagner chaque mouvement : le <strong data-start=\"445\" data-end=\"470\">design sans coutures<\/strong> contribue \u00e0 r\u00e9duire les frottements, tandis que la <strong data-start=\"521\" data-end=\"543\">taille \u00e9lastiqu\u00e9e<\/strong> garantit stabilit\u00e9 et maintien s\u00fbr pendant la course. Le tissu en maille favorise la ventilation, aidant \u00e0 r\u00e9guler la temp\u00e9rature m\u00eame sur les sentiers les plus exigeants.<\/p>\n<p data-start=\"722\" data-end=\"1093\">D&#8217;un point de vue fonctionnel, le Race Short 02 int\u00e8gre une <strong data-start=\"783\" data-end=\"808\">ceinture avec poche \u00e0 360\u00b0<\/strong>, con\u00e7ue pour r\u00e9partir au mieux la charge et courir sans distraction. Il comporte \u00e9galement <strong data-start=\"903\" data-end=\"941\">deux poches pour gourdes et deux pour gels<\/strong>, ainsi qu&#8217;une <strong data-start=\"955\" data-end=\"984\">poche arri\u00e8re cach\u00e9e<\/strong> pour les petits objets indispensables. Une solution compl\u00e8te pour ceux qui recherchent performance et praticit\u00e9 \u00e0 chaque sortie.<\/p>\n","protected":false},"excerpt":{"rendered":"<ul>\n<li data-section-id=\"1wkzwup\" data-start=\"1113\" data-end=\"1182\">Tissu technique ultral\u00e9ger et respirant \u00e0 s\u00e9chage rapide<\/li>\n<li data-section-id=\"kbf0l4\" data-start=\"1183\" data-end=\"1245\">Taille avec <strong data-start=\"1194\" data-end=\"1210\">poche \u00e0 360\u00b0<\/strong> et emplacements d\u00e9di\u00e9s pour les gourdes et les gels<\/li>\n<li data-section-id=\"byt679\" data-start=\"1246\" data-end=\"1323\">Conception sans coutures pour r\u00e9duire les frottements et am\u00e9liorer le confort<\/li>\n<\/ul>\n","protected":false},"featured_media":426909,"template":"","meta":{"_acf_changed":false,"inline_featured_image":false},"product_brand":[],"product_cat":[22602,22596],"product_tag":[35958,35968],"class_list":{"0":"post-424239","1":"product","2":"type-product","3":"status-publish","4":"has-post-thumbnail","6":"product_cat-pantalon-court","7":"product_cat-vetements-pour-femmes","8":"product_tag-nnormal-fr","9":"product_tag-nnormal-femme-fr","10":"pa_attivita-fitness-fr","11":"pa_attivita-marcher","12":"pa_attivita-running-fr","13":"pa_attivita-trail-fr","14":"pa_colore-race-short-02-w-black","15":"pa_marca-nnormal-fr","16":"pa_sesso-femme","17":"pa_size-extra-small-fr","18":"pa_size-small-fr","19":"pa_size-medium-fr","21":"first","22":"instock","23":"taxable","24":"shipping-taxable","25":"purchasable","26":"product-type-variable","27":"wvs-archive-product-wrapper"},"acf":[],"yoast_head":"<!-- This site is optimized with the Yoast SEO plugin v26.8 - https:\/\/yoast.com\/product\/yoast-seo-wordpress\/ -->\n<title>NNormal Race Shorts 2 femme - Short de course pour femme- MioMioRun<\/title>\n<meta name=\"description\" content=\"Race Short 02 : short de trail running l\u00e9ger et respirant, dot\u00e9 de poches \u00e0 360\u00b0 pour les gourdes et les gels. Id\u00e9al pour la performance et le confort.\" \/>\n<meta name=\"robots\" content=\"index, follow, max-snippet:-1, max-image-preview:large, max-video-preview:-1\" \/>\n<link rel=\"canonical\" href=\"https:\/\/www.miomiorun.com\/fr\/produit\/race-shorts-2-femme\/\" \/>\n<meta property=\"og:locale\" content=\"fr_FR\" \/>\n<meta property=\"og:type\" content=\"article\" \/>\n<meta property=\"og:title\" content=\"NNormal Race Shorts 2 femme - Short de course pour femme- MioMioRun\" \/>\n<meta property=\"og:description\" content=\"Race Short 02 : short de trail running l\u00e9ger et respirant, dot\u00e9 de poches \u00e0 360\u00b0 pour les gourdes et les gels. Id\u00e9al pour la performance et le confort.\" \/>\n<meta property=\"og:url\" content=\"https:\/\/www.miomiorun.com\/fr\/produit\/race-shorts-2-femme\/\" \/>\n<meta property=\"og:site_name\" content=\"MioMioRun\" \/>\n<meta property=\"article:publisher\" content=\"https:\/\/www.facebook.com\/miomiorun\/\" \/>\n<meta property=\"article:modified_time\" content=\"2026-05-09T12:46:54+00:00\" \/>\n<meta property=\"og:image\" content=\"https:\/\/www.miomiorun.com\/app\/uploads\/2026\/04\/normal-RACE-SHORT-02-W-BLACK-NC4SH1W-001.webp\" \/>\n\t<meta property=\"og:image:width\" content=\"720\" \/>\n\t<meta property=\"og:image:height\" content=\"720\" \/>\n\t<meta property=\"og:image:type\" content=\"image\/webp\" \/>\n<meta name=\"twitter:card\" content=\"summary_large_image\" \/>\n<meta name=\"twitter:label1\" content=\"Est. reading time\" \/>\n\t<meta name=\"twitter:data1\" content=\"1 minute\" \/>\n<script type=\"application\/ld+json\" class=\"yoast-schema-graph\">{\"@context\":\"https:\/\/schema.org\",\"@graph\":[{\"@type\":\"WebPage\",\"@id\":\"https:\/\/www.miomiorun.com\/fr\/produit\/race-shorts-2-femme\/\",\"url\":\"https:\/\/www.miomiorun.com\/fr\/produit\/race-shorts-2-femme\/\",\"name\":\"NNormal Race Shorts 2 femme - Short de course pour femme- MioMioRun\",\"isPartOf\":{\"@id\":\"https:\/\/www.miomiorun.com\/fr\/#website\"},\"primaryImageOfPage\":{\"@id\":\"https:\/\/www.miomiorun.com\/fr\/produit\/race-shorts-2-femme\/#primaryimage\"},\"image\":{\"@id\":\"https:\/\/www.miomiorun.com\/fr\/produit\/race-shorts-2-femme\/#primaryimage\"},\"thumbnailUrl\":\"https:\/\/www.miomiorun.com\/app\/uploads\/2026\/04\/normal-RACE-SHORT-02-W-BLACK-NC4SH1W-001.webp\",\"datePublished\":\"2026-04-01T17:14:15+00:00\",\"dateModified\":\"2026-05-09T12:46:54+00:00\",\"description\":\"Race Short 02 : short de trail running l\u00e9ger et respirant, dot\u00e9 de poches \u00e0 360\u00b0 pour les gourdes et les gels. Id\u00e9al pour la performance et le confort.\",\"breadcrumb\":{\"@id\":\"https:\/\/www.miomiorun.com\/fr\/produit\/race-shorts-2-femme\/#breadcrumb\"},\"inLanguage\":\"fr-FR\",\"potentialAction\":[{\"@type\":\"ReadAction\",\"target\":[\"https:\/\/www.miomiorun.com\/fr\/produit\/race-shorts-2-femme\/\"]}]},{\"@type\":\"ImageObject\",\"inLanguage\":\"fr-FR\",\"@id\":\"https:\/\/www.miomiorun.com\/fr\/produit\/race-shorts-2-femme\/#primaryimage\",\"url\":\"https:\/\/www.miomiorun.com\/app\/uploads\/2026\/04\/normal-RACE-SHORT-02-W-BLACK-NC4SH1W-001.webp\",\"contentUrl\":\"https:\/\/www.miomiorun.com\/app\/uploads\/2026\/04\/normal-RACE-SHORT-02-W-BLACK-NC4SH1W-001.webp\",\"width\":720,\"height\":720,\"caption\":\"normal RACE SHORT 02 W BLACK NC4SH1W-001\"},{\"@type\":\"BreadcrumbList\",\"@id\":\"https:\/\/www.miomiorun.com\/fr\/produit\/race-shorts-2-femme\/#breadcrumb\",\"itemListElement\":[{\"@type\":\"ListItem\",\"position\":1,\"name\":\"Home\",\"item\":\"https:\/\/www.miomiorun.com\/fr\/home-page\/\"},{\"@type\":\"ListItem\",\"position\":2,\"name\":\"Shop\",\"item\":\"https:\/\/www.miomiorun.com\/shop\/\"},{\"@type\":\"ListItem\",\"position\":3,\"name\":\"Race Shorts 2 femme\"}]},{\"@type\":\"WebSite\",\"@id\":\"https:\/\/www.miomiorun.com\/fr\/#website\",\"url\":\"https:\/\/www.miomiorun.com\/fr\/\",\"name\":\"MioMioRun\",\"description\":\"Boutique 100% running et trail\",\"publisher\":{\"@id\":\"https:\/\/www.miomiorun.com\/fr\/#organization\"},\"potentialAction\":[{\"@type\":\"SearchAction\",\"target\":{\"@type\":\"EntryPoint\",\"urlTemplate\":\"https:\/\/www.miomiorun.com\/fr\/?s={search_term_string}\"},\"query-input\":{\"@type\":\"PropertyValueSpecification\",\"valueRequired\":true,\"valueName\":\"search_term_string\"}}],\"inLanguage\":\"fr-FR\"},{\"@type\":\"Organization\",\"@id\":\"https:\/\/www.miomiorun.com\/fr\/#organization\",\"name\":\"MioMio Run\",\"url\":\"https:\/\/www.miomiorun.com\/fr\/\",\"logo\":{\"@type\":\"ImageObject\",\"inLanguage\":\"fr-FR\",\"@id\":\"https:\/\/www.miomiorun.com\/fr\/#\/schema\/logo\/image\/\",\"url\":\"https:\/\/www.miomiorun.com\/app\/uploads\/2019\/12\/logomio.png\",\"contentUrl\":\"https:\/\/www.miomiorun.com\/app\/uploads\/2019\/12\/logomio.png\",\"width\":115,\"height\":82,\"caption\":\"MioMio Run\"},\"image\":{\"@id\":\"https:\/\/www.miomiorun.com\/fr\/#\/schema\/logo\/image\/\"},\"sameAs\":[\"https:\/\/www.facebook.com\/miomiorun\/\",\"https:\/\/www.instagram.com\/miomiorun\/\"]}]}<\/script>\n<!-- \/ Yoast SEO plugin. -->","yoast_head_json":{"title":"NNormal Race Shorts 2 femme - Short de course pour femme- MioMioRun","description":"Race Short 02 : short de trail running l\u00e9ger et respirant, dot\u00e9 de poches \u00e0 360\u00b0 pour les gourdes et les gels. Id\u00e9al pour la performance et le confort.","robots":{"index":"index","follow":"follow","max-snippet":"max-snippet:-1","max-image-preview":"max-image-preview:large","max-video-preview":"max-video-preview:-1"},"canonical":"https:\/\/www.miomiorun.com\/fr\/produit\/race-shorts-2-femme\/","og_locale":"fr_FR","og_type":"article","og_title":"NNormal Race Shorts 2 femme - Short de course pour femme- MioMioRun","og_description":"Race Short 02 : short de trail running l\u00e9ger et respirant, dot\u00e9 de poches \u00e0 360\u00b0 pour les gourdes et les gels. Id\u00e9al pour la performance et le confort.","og_url":"https:\/\/www.miomiorun.com\/fr\/produit\/race-shorts-2-femme\/","og_site_name":"MioMioRun","article_publisher":"https:\/\/www.facebook.com\/miomiorun\/","article_modified_time":"2026-05-09T12:46:54+00:00","og_image":[{"width":720,"height":720,"url":"https:\/\/www.miomiorun.com\/app\/uploads\/2026\/04\/normal-RACE-SHORT-02-W-BLACK-NC4SH1W-001.webp","type":"image\/webp"}],"twitter_card":"summary_large_image","twitter_misc":{"Est. reading time":"1 minute"},"schema":{"@context":"https:\/\/schema.org","@graph":[{"@type":"WebPage","@id":"https:\/\/www.miomiorun.com\/fr\/produit\/race-shorts-2-femme\/","url":"https:\/\/www.miomiorun.com\/fr\/produit\/race-shorts-2-femme\/","name":"NNormal Race Shorts 2 femme - Short de course pour femme- MioMioRun","isPartOf":{"@id":"https:\/\/www.miomiorun.com\/fr\/#website"},"primaryImageOfPage":{"@id":"https:\/\/www.miomiorun.com\/fr\/produit\/race-shorts-2-femme\/#primaryimage"},"image":{"@id":"https:\/\/www.miomiorun.com\/fr\/produit\/race-shorts-2-femme\/#primaryimage"},"thumbnailUrl":"https:\/\/www.miomiorun.com\/app\/uploads\/2026\/04\/normal-RACE-SHORT-02-W-BLACK-NC4SH1W-001.webp","datePublished":"2026-04-01T17:14:15+00:00","dateModified":"2026-05-09T12:46:54+00:00","description":"Race Short 02 : short de trail running l\u00e9ger et respirant, dot\u00e9 de poches \u00e0 360\u00b0 pour les gourdes et les gels. Id\u00e9al pour la performance et le confort.","breadcrumb":{"@id":"https:\/\/www.miomiorun.com\/fr\/produit\/race-shorts-2-femme\/#breadcrumb"},"inLanguage":"fr-FR","potentialAction":[{"@type":"ReadAction","target":["https:\/\/www.miomiorun.com\/fr\/produit\/race-shorts-2-femme\/"]}]},{"@type":"ImageObject","inLanguage":"fr-FR","@id":"https:\/\/www.miomiorun.com\/fr\/produit\/race-shorts-2-femme\/#primaryimage","url":"https:\/\/www.miomiorun.com\/app\/uploads\/2026\/04\/normal-RACE-SHORT-02-W-BLACK-NC4SH1W-001.webp","contentUrl":"https:\/\/www.miomiorun.com\/app\/uploads\/2026\/04\/normal-RACE-SHORT-02-W-BLACK-NC4SH1W-001.webp","width":720,"height":720,"caption":"normal RACE SHORT 02 W BLACK NC4SH1W-001"},{"@type":"BreadcrumbList","@id":"https:\/\/www.miomiorun.com\/fr\/produit\/race-shorts-2-femme\/#breadcrumb","itemListElement":[{"@type":"ListItem","position":1,"name":"Home","item":"https:\/\/www.miomiorun.com\/fr\/home-page\/"},{"@type":"ListItem","position":2,"name":"Shop","item":"https:\/\/www.miomiorun.com\/shop\/"},{"@type":"ListItem","position":3,"name":"Race Shorts 2 femme"}]},{"@type":"WebSite","@id":"https:\/\/www.miomiorun.com\/fr\/#website","url":"https:\/\/www.miomiorun.com\/fr\/","name":"MioMioRun","description":"Boutique 100% running et trail","publisher":{"@id":"https:\/\/www.miomiorun.com\/fr\/#organization"},"potentialAction":[{"@type":"SearchAction","target":{"@type":"EntryPoint","urlTemplate":"https:\/\/www.miomiorun.com\/fr\/?s={search_term_string}"},"query-input":{"@type":"PropertyValueSpecification","valueRequired":true,"valueName":"search_term_string"}}],"inLanguage":"fr-FR"},{"@type":"Organization","@id":"https:\/\/www.miomiorun.com\/fr\/#organization","name":"MioMio Run","url":"https:\/\/www.miomiorun.com\/fr\/","logo":{"@type":"ImageObject","inLanguage":"fr-FR","@id":"https:\/\/www.miomiorun.com\/fr\/#\/schema\/logo\/image\/","url":"https:\/\/www.miomiorun.com\/app\/uploads\/2019\/12\/logomio.png","contentUrl":"https:\/\/www.miomiorun.com\/app\/uploads\/2019\/12\/logomio.png","width":115,"height":82,"caption":"MioMio Run"},"image":{"@id":"https:\/\/www.miomiorun.com\/fr\/#\/schema\/logo\/image\/"},"sameAs":["https:\/\/www.facebook.com\/miomiorun\/","https:\/\/www.instagram.com\/miomiorun\/"]}]}},"_links":{"self":[{"href":"https:\/\/www.miomiorun.com\/fr\/wp-json\/wp\/v2\/product\/424239","targetHints":{"allow":["GET"]}}],"collection":[{"href":"https:\/\/www.miomiorun.com\/fr\/wp-json\/wp\/v2\/product"}],"about":[{"href":"https:\/\/www.miomiorun.com\/fr\/wp-json\/wp\/v2\/types\/product"}],"wp:featuredmedia":[{"embeddable":true,"href":"https:\/\/www.miomiorun.com\/fr\/wp-json\/wp\/v2\/media\/426909"}],"wp:attachment":[{"href":"https:\/\/www.miomiorun.com\/fr\/wp-json\/wp\/v2\/media?parent=424239"}],"wp:term":[{"taxonomy":"product_brand","embeddable":true,"href":"https:\/\/www.miomiorun.com\/fr\/wp-json\/wp\/v2\/product_brand?post=424239"},{"taxonomy":"product_cat","embeddable":true,"href":"https:\/\/www.miomiorun.com\/fr\/wp-json\/wp\/v2\/product_cat?post=424239"},{"taxonomy":"product_tag","embeddable":true,"href":"https:\/\/www.miomiorun.com\/fr\/wp-json\/wp\/v2\/product_tag?post=424239"}],"curies":[{"name":"wp","href":"https:\/\/api.w.org\/{rel}","templated":true}]}}