{"id":424163,"date":"2026-04-01T18:54:31","date_gmt":"2026-04-01T16:54:31","guid":{"rendered":"https:\/\/www.miomiorun.com\/?post_type=product&#038;p=424163"},"modified":"2026-05-09T14:44:09","modified_gmt":"2026-05-09T12:44:09","slug":"race-t-shirt-02-homme","status":"publish","type":"product","link":"https:\/\/www.miomiorun.com\/fr\/produit\/race-t-shirt-02-homme\/","title":{"rendered":"Race t-shirt 02 homme"},"content":{"rendered":"<p data-start=\"26\" data-end=\"326\">Le <strong data-start=\"29\" data-end=\"48\">Race T-shirt 02<\/strong> est un t-shirt de course con\u00e7u pour les efforts de haute intensit\u00e9, o\u00f9 la l\u00e9g\u00e8ret\u00e9 et la respirabilit\u00e9 font toute la diff\u00e9rence. Fabriqu\u00e9 en <strong data-start=\"184\" data-end=\"213\">100 % polyester recycl\u00e9<\/strong>, il est con\u00e7u pour offrir une sensation de l\u00e9g\u00e8ret\u00e9 maximale pendant la course, et vous accompagner jusqu\u2019\u00e0 la ligne d\u2019arriv\u00e9e.<\/p>\n<p data-start=\"328\" data-end=\"621\">Le tissu est con\u00e7u pour <strong data-start=\"356\" data-end=\"404\">absorber l&#8217;humidit\u00e9 et s\u00e9cher rapidement<\/strong>, contribuant ainsi \u00e0 maintenir le confort m\u00eame lors des s\u00e9ances les plus intenses. Les <strong data-start=\"480\" data-end=\"508\">coutures plates flatlock<\/strong> r\u00e9duisent les frottements, tandis que la construction l\u00e9g\u00e8re favorise la libert\u00e9 de mouvement et une coupe \u00e9pur\u00e9e.<\/p>\n<p data-start=\"623\" data-end=\"886\">Con\u00e7u pour la performance et la durabilit\u00e9, il allie un design \u00e9pur\u00e9 \u00e0 des mat\u00e9riaux r\u00e9sistants et \u00e0 un nouveau graphisme saisonnier qui \u00e9voque le mouvement et la connexion. Un maillot id\u00e9al pour ceux qui recherchent un v\u00eatement technique de comp\u00e9tition, sans compromis entre fonctionnalit\u00e9 et style.<\/p>\n","protected":false},"excerpt":{"rendered":"<ul>\n<li data-section-id=\"9yyo3j\" data-start=\"906\" data-end=\"972\">Tissu en <strong data-start=\"919\" data-end=\"948\">100 % polyester recycl\u00e9<\/strong>, l\u00e9ger et respirant<\/li>\n<li data-section-id=\"pbnkfo\" data-start=\"973\" data-end=\"1048\">S\u00e9chage rapide et gestion de l&#8217;humidit\u00e9 pour les efforts de haute intensit\u00e9<\/li>\n<li data-section-id=\"8b71nj\" data-start=\"1049\" data-end=\"1119\">Coutures <strong data-start=\"1060\" data-end=\"1072\">flatlock<\/strong> pour r\u00e9duire les frottements pendant la course<\/li>\n<\/ul>\n","protected":false},"featured_media":426526,"template":"","meta":{"_acf_changed":false,"inline_featured_image":false},"product_brand":[],"product_cat":[24449,24482],"product_tag":[35958,35965],"class_list":{"0":"post-424163","1":"product","2":"type-product","3":"status-publish","4":"has-post-thumbnail","6":"product_cat-t-shirt-fr-3","7":"product_cat-vetements-pour-hommes-fr","8":"product_tag-nnormal-fr","9":"product_tag-nnormal-homme-fr","10":"pa_attivita-marcher","11":"pa_attivita-running-fr","12":"pa_attivita-trail-fr","13":"pa_colore-race-t-shirt-02-black","14":"pa_colore-race-t-shirt-02-print","15":"pa_marca-nnormal-fr","16":"pa_sesso-homme","17":"pa_size-small-fr","18":"pa_size-medium-fr","19":"pa_size-large-fr","21":"first","22":"instock","23":"taxable","24":"shipping-taxable","25":"purchasable","26":"product-type-variable","27":"wvs-archive-product-wrapper"},"acf":[],"yoast_head":"<!-- This site is optimized with the Yoast SEO plugin v26.8 - https:\/\/yoast.com\/product\/yoast-seo-wordpress\/ -->\n<title>NNormal Race t-shirt 02 homme - T-shirt de course \u00e0 pied - MioMioRun.com<\/title>\n<meta name=\"description\" content=\"T-shirt Race 02 : t-shirt de course ultral\u00e9ger en polyester recycl\u00e9, \u00e0 s\u00e9chage rapide et dot\u00e9 de coutures flatlock. Id\u00e9al pour les comp\u00e9titions et les entra\u00eenements intensifs.\" \/>\n<meta name=\"robots\" content=\"index, follow, max-snippet:-1, max-image-preview:large, max-video-preview:-1\" \/>\n<link rel=\"canonical\" href=\"https:\/\/www.miomiorun.com\/fr\/produit\/race-t-shirt-02-homme\/\" \/>\n<meta property=\"og:locale\" content=\"fr_FR\" \/>\n<meta property=\"og:type\" content=\"article\" \/>\n<meta property=\"og:title\" content=\"NNormal Race t-shirt 02 homme - T-shirt de course \u00e0 pied - MioMioRun.com\" \/>\n<meta property=\"og:description\" content=\"T-shirt Race 02 : t-shirt de course ultral\u00e9ger en polyester recycl\u00e9, \u00e0 s\u00e9chage rapide et dot\u00e9 de coutures flatlock. Id\u00e9al pour les comp\u00e9titions et les entra\u00eenements intensifs.\" \/>\n<meta property=\"og:url\" content=\"https:\/\/www.miomiorun.com\/fr\/produit\/race-t-shirt-02-homme\/\" \/>\n<meta property=\"og:site_name\" content=\"MioMioRun\" \/>\n<meta property=\"article:publisher\" content=\"https:\/\/www.facebook.com\/miomiorun\/\" \/>\n<meta property=\"article:modified_time\" content=\"2026-05-09T12:44:09+00:00\" \/>\n<meta property=\"og:image\" content=\"https:\/\/www.miomiorun.com\/app\/uploads\/2026\/04\/normal-Race-t-shirt-02-black-NC2TS1M-001.webp\" \/>\n\t<meta property=\"og:image:width\" content=\"720\" \/>\n\t<meta property=\"og:image:height\" content=\"720\" \/>\n\t<meta property=\"og:image:type\" content=\"image\/webp\" \/>\n<meta name=\"twitter:card\" content=\"summary_large_image\" \/>\n<meta name=\"twitter:label1\" content=\"Est. reading time\" \/>\n\t<meta name=\"twitter:data1\" content=\"1 minute\" \/>\n<script type=\"application\/ld+json\" class=\"yoast-schema-graph\">{\"@context\":\"https:\/\/schema.org\",\"@graph\":[{\"@type\":\"WebPage\",\"@id\":\"https:\/\/www.miomiorun.com\/fr\/produit\/race-t-shirt-02-homme\/\",\"url\":\"https:\/\/www.miomiorun.com\/fr\/produit\/race-t-shirt-02-homme\/\",\"name\":\"NNormal Race t-shirt 02 homme - T-shirt de course \u00e0 pied - MioMioRun.com\",\"isPartOf\":{\"@id\":\"https:\/\/www.miomiorun.com\/fr\/#website\"},\"primaryImageOfPage\":{\"@id\":\"https:\/\/www.miomiorun.com\/fr\/produit\/race-t-shirt-02-homme\/#primaryimage\"},\"image\":{\"@id\":\"https:\/\/www.miomiorun.com\/fr\/produit\/race-t-shirt-02-homme\/#primaryimage\"},\"thumbnailUrl\":\"https:\/\/www.miomiorun.com\/app\/uploads\/2026\/04\/normal-Race-t-shirt-02-black-NC2TS1M-001.webp\",\"datePublished\":\"2026-04-01T16:54:31+00:00\",\"dateModified\":\"2026-05-09T12:44:09+00:00\",\"description\":\"T-shirt Race 02 : t-shirt de course ultral\u00e9ger en polyester recycl\u00e9, \u00e0 s\u00e9chage rapide et dot\u00e9 de coutures flatlock. Id\u00e9al pour les comp\u00e9titions et les entra\u00eenements intensifs.\",\"breadcrumb\":{\"@id\":\"https:\/\/www.miomiorun.com\/fr\/produit\/race-t-shirt-02-homme\/#breadcrumb\"},\"inLanguage\":\"fr-FR\",\"potentialAction\":[{\"@type\":\"ReadAction\",\"target\":[\"https:\/\/www.miomiorun.com\/fr\/produit\/race-t-shirt-02-homme\/\"]}]},{\"@type\":\"ImageObject\",\"inLanguage\":\"fr-FR\",\"@id\":\"https:\/\/www.miomiorun.com\/fr\/produit\/race-t-shirt-02-homme\/#primaryimage\",\"url\":\"https:\/\/www.miomiorun.com\/app\/uploads\/2026\/04\/normal-Race-t-shirt-02-black-NC2TS1M-001.webp\",\"contentUrl\":\"https:\/\/www.miomiorun.com\/app\/uploads\/2026\/04\/normal-Race-t-shirt-02-black-NC2TS1M-001.webp\",\"width\":720,\"height\":720,\"caption\":\"normal Race t-shirt 02 black NC2TS1M-001\"},{\"@type\":\"BreadcrumbList\",\"@id\":\"https:\/\/www.miomiorun.com\/fr\/produit\/race-t-shirt-02-homme\/#breadcrumb\",\"itemListElement\":[{\"@type\":\"ListItem\",\"position\":1,\"name\":\"Home\",\"item\":\"https:\/\/www.miomiorun.com\/fr\/home-page\/\"},{\"@type\":\"ListItem\",\"position\":2,\"name\":\"Shop\",\"item\":\"https:\/\/www.miomiorun.com\/shop\/\"},{\"@type\":\"ListItem\",\"position\":3,\"name\":\"Race t-shirt 02 homme\"}]},{\"@type\":\"WebSite\",\"@id\":\"https:\/\/www.miomiorun.com\/fr\/#website\",\"url\":\"https:\/\/www.miomiorun.com\/fr\/\",\"name\":\"MioMioRun\",\"description\":\"Boutique 100% running et trail\",\"publisher\":{\"@id\":\"https:\/\/www.miomiorun.com\/fr\/#organization\"},\"potentialAction\":[{\"@type\":\"SearchAction\",\"target\":{\"@type\":\"EntryPoint\",\"urlTemplate\":\"https:\/\/www.miomiorun.com\/fr\/?s={search_term_string}\"},\"query-input\":{\"@type\":\"PropertyValueSpecification\",\"valueRequired\":true,\"valueName\":\"search_term_string\"}}],\"inLanguage\":\"fr-FR\"},{\"@type\":\"Organization\",\"@id\":\"https:\/\/www.miomiorun.com\/fr\/#organization\",\"name\":\"MioMio Run\",\"url\":\"https:\/\/www.miomiorun.com\/fr\/\",\"logo\":{\"@type\":\"ImageObject\",\"inLanguage\":\"fr-FR\",\"@id\":\"https:\/\/www.miomiorun.com\/fr\/#\/schema\/logo\/image\/\",\"url\":\"https:\/\/www.miomiorun.com\/app\/uploads\/2019\/12\/logomio.png\",\"contentUrl\":\"https:\/\/www.miomiorun.com\/app\/uploads\/2019\/12\/logomio.png\",\"width\":115,\"height\":82,\"caption\":\"MioMio Run\"},\"image\":{\"@id\":\"https:\/\/www.miomiorun.com\/fr\/#\/schema\/logo\/image\/\"},\"sameAs\":[\"https:\/\/www.facebook.com\/miomiorun\/\",\"https:\/\/www.instagram.com\/miomiorun\/\"]}]}<\/script>\n<!-- \/ Yoast SEO plugin. -->","yoast_head_json":{"title":"NNormal Race t-shirt 02 homme - T-shirt de course \u00e0 pied - MioMioRun.com","description":"T-shirt Race 02 : t-shirt de course ultral\u00e9ger en polyester recycl\u00e9, \u00e0 s\u00e9chage rapide et dot\u00e9 de coutures flatlock. Id\u00e9al pour les comp\u00e9titions et les entra\u00eenements intensifs.","robots":{"index":"index","follow":"follow","max-snippet":"max-snippet:-1","max-image-preview":"max-image-preview:large","max-video-preview":"max-video-preview:-1"},"canonical":"https:\/\/www.miomiorun.com\/fr\/produit\/race-t-shirt-02-homme\/","og_locale":"fr_FR","og_type":"article","og_title":"NNormal Race t-shirt 02 homme - T-shirt de course \u00e0 pied - MioMioRun.com","og_description":"T-shirt Race 02 : t-shirt de course ultral\u00e9ger en polyester recycl\u00e9, \u00e0 s\u00e9chage rapide et dot\u00e9 de coutures flatlock. Id\u00e9al pour les comp\u00e9titions et les entra\u00eenements intensifs.","og_url":"https:\/\/www.miomiorun.com\/fr\/produit\/race-t-shirt-02-homme\/","og_site_name":"MioMioRun","article_publisher":"https:\/\/www.facebook.com\/miomiorun\/","article_modified_time":"2026-05-09T12:44:09+00:00","og_image":[{"width":720,"height":720,"url":"https:\/\/www.miomiorun.com\/app\/uploads\/2026\/04\/normal-Race-t-shirt-02-black-NC2TS1M-001.webp","type":"image\/webp"}],"twitter_card":"summary_large_image","twitter_misc":{"Est. reading time":"1 minute"},"schema":{"@context":"https:\/\/schema.org","@graph":[{"@type":"WebPage","@id":"https:\/\/www.miomiorun.com\/fr\/produit\/race-t-shirt-02-homme\/","url":"https:\/\/www.miomiorun.com\/fr\/produit\/race-t-shirt-02-homme\/","name":"NNormal Race t-shirt 02 homme - T-shirt de course \u00e0 pied - MioMioRun.com","isPartOf":{"@id":"https:\/\/www.miomiorun.com\/fr\/#website"},"primaryImageOfPage":{"@id":"https:\/\/www.miomiorun.com\/fr\/produit\/race-t-shirt-02-homme\/#primaryimage"},"image":{"@id":"https:\/\/www.miomiorun.com\/fr\/produit\/race-t-shirt-02-homme\/#primaryimage"},"thumbnailUrl":"https:\/\/www.miomiorun.com\/app\/uploads\/2026\/04\/normal-Race-t-shirt-02-black-NC2TS1M-001.webp","datePublished":"2026-04-01T16:54:31+00:00","dateModified":"2026-05-09T12:44:09+00:00","description":"T-shirt Race 02 : t-shirt de course ultral\u00e9ger en polyester recycl\u00e9, \u00e0 s\u00e9chage rapide et dot\u00e9 de coutures flatlock. Id\u00e9al pour les comp\u00e9titions et les entra\u00eenements intensifs.","breadcrumb":{"@id":"https:\/\/www.miomiorun.com\/fr\/produit\/race-t-shirt-02-homme\/#breadcrumb"},"inLanguage":"fr-FR","potentialAction":[{"@type":"ReadAction","target":["https:\/\/www.miomiorun.com\/fr\/produit\/race-t-shirt-02-homme\/"]}]},{"@type":"ImageObject","inLanguage":"fr-FR","@id":"https:\/\/www.miomiorun.com\/fr\/produit\/race-t-shirt-02-homme\/#primaryimage","url":"https:\/\/www.miomiorun.com\/app\/uploads\/2026\/04\/normal-Race-t-shirt-02-black-NC2TS1M-001.webp","contentUrl":"https:\/\/www.miomiorun.com\/app\/uploads\/2026\/04\/normal-Race-t-shirt-02-black-NC2TS1M-001.webp","width":720,"height":720,"caption":"normal Race t-shirt 02 black NC2TS1M-001"},{"@type":"BreadcrumbList","@id":"https:\/\/www.miomiorun.com\/fr\/produit\/race-t-shirt-02-homme\/#breadcrumb","itemListElement":[{"@type":"ListItem","position":1,"name":"Home","item":"https:\/\/www.miomiorun.com\/fr\/home-page\/"},{"@type":"ListItem","position":2,"name":"Shop","item":"https:\/\/www.miomiorun.com\/shop\/"},{"@type":"ListItem","position":3,"name":"Race t-shirt 02 homme"}]},{"@type":"WebSite","@id":"https:\/\/www.miomiorun.com\/fr\/#website","url":"https:\/\/www.miomiorun.com\/fr\/","name":"MioMioRun","description":"Boutique 100% running et trail","publisher":{"@id":"https:\/\/www.miomiorun.com\/fr\/#organization"},"potentialAction":[{"@type":"SearchAction","target":{"@type":"EntryPoint","urlTemplate":"https:\/\/www.miomiorun.com\/fr\/?s={search_term_string}"},"query-input":{"@type":"PropertyValueSpecification","valueRequired":true,"valueName":"search_term_string"}}],"inLanguage":"fr-FR"},{"@type":"Organization","@id":"https:\/\/www.miomiorun.com\/fr\/#organization","name":"MioMio Run","url":"https:\/\/www.miomiorun.com\/fr\/","logo":{"@type":"ImageObject","inLanguage":"fr-FR","@id":"https:\/\/www.miomiorun.com\/fr\/#\/schema\/logo\/image\/","url":"https:\/\/www.miomiorun.com\/app\/uploads\/2019\/12\/logomio.png","contentUrl":"https:\/\/www.miomiorun.com\/app\/uploads\/2019\/12\/logomio.png","width":115,"height":82,"caption":"MioMio Run"},"image":{"@id":"https:\/\/www.miomiorun.com\/fr\/#\/schema\/logo\/image\/"},"sameAs":["https:\/\/www.facebook.com\/miomiorun\/","https:\/\/www.instagram.com\/miomiorun\/"]}]}},"_links":{"self":[{"href":"https:\/\/www.miomiorun.com\/fr\/wp-json\/wp\/v2\/product\/424163","targetHints":{"allow":["GET"]}}],"collection":[{"href":"https:\/\/www.miomiorun.com\/fr\/wp-json\/wp\/v2\/product"}],"about":[{"href":"https:\/\/www.miomiorun.com\/fr\/wp-json\/wp\/v2\/types\/product"}],"wp:featuredmedia":[{"embeddable":true,"href":"https:\/\/www.miomiorun.com\/fr\/wp-json\/wp\/v2\/media\/426526"}],"wp:attachment":[{"href":"https:\/\/www.miomiorun.com\/fr\/wp-json\/wp\/v2\/media?parent=424163"}],"wp:term":[{"taxonomy":"product_brand","embeddable":true,"href":"https:\/\/www.miomiorun.com\/fr\/wp-json\/wp\/v2\/product_brand?post=424163"},{"taxonomy":"product_cat","embeddable":true,"href":"https:\/\/www.miomiorun.com\/fr\/wp-json\/wp\/v2\/product_cat?post=424163"},{"taxonomy":"product_tag","embeddable":true,"href":"https:\/\/www.miomiorun.com\/fr\/wp-json\/wp\/v2\/product_tag?post=424163"}],"curies":[{"name":"wp","href":"https:\/\/api.w.org\/{rel}","templated":true}]}}