{"id":424108,"date":"2026-04-01T18:39:16","date_gmt":"2026-04-01T16:39:16","guid":{"rendered":"https:\/\/www.miomiorun.com\/?post_type=product&#038;p=424108"},"modified":"2026-05-08T12:08:44","modified_gmt":"2026-05-08T10:08:44","slug":"x-ultra-360-edge-mid-gtx-femme","status":"publish","type":"product","link":"https:\/\/www.miomiorun.com\/fr\/produit\/x-ultra-360-edge-mid-gtx-femme\/","title":{"rendered":"X ULTRA 360 Edge Mid GTX femme"},"content":{"rendered":"<table style=\"border-collapse: collapse;width: 100%\">\n<tbody>\n<tr>\n<td style=\"width: 33.3333%;vertical-align: top\"><strong>Caract\u00e9ristiques techniques<\/strong><\/p>\n<p>Cat\u00e9gorie : amorti haut de gamme<\/p>\n<p>Drop : 10 mm<br \/>\nPoids : 418 g<br \/>\nId\u00e9al pour : randonn\u00e9es de plusieurs jours, backpacking, terrain alpin, terrains mixtes<br \/>\nPoids de l&#8217;athl\u00e8te : 55-75 kg<br \/>\nAllure de course : moyenne \u00e0 lente (&gt;5,30 min\/km)<br \/>\n<a href=\"https:\/\/miomiorun.com\/guida-alle-specifiche-tecniche\/\">Guide des caract\u00e9ristiques techniques<\/a><\/td>\n<td style=\"width: 66.6666%;vertical-align: top\">\n<p data-start=\"26\" data-end=\"398\">La <strong data-start=\"29\" data-end=\"70\">Salomon X Ultra 360 Edge Mid GORE-TEX<\/strong> est une chaussure de randonn\u00e9e con\u00e7ue pour offrir <strong data-start=\"124\" data-end=\"163\">protection, stabilit\u00e9 et polyvalence<\/strong> sur diff\u00e9rents types de terrain. Inspir\u00e9e de la gamme X Ultra, elle conserve les caract\u00e9ristiques techniques de la famille tout en ajoutant une <strong data-start=\"289\" data-end=\"306\">structure Mid<\/strong> con\u00e7ue pour am\u00e9liorer le maintien et la protection de la cheville lors des sorties en plein air.<\/p>\n<p data-start=\"400\" data-end=\"823\">La pr\u00e9sence de la <strong data-start=\"418\" data-end=\"439\">membrane GORE-TEX<\/strong> est con\u00e7ue pour offrir une protection contre l&#8217;eau tout en conservant une bonne respirabilit\u00e9, ce qui rend la chaussure adapt\u00e9e aux conditions variables. La semelle interm\u00e9diaire dot\u00e9e de la technologie <strong data-start=\"602\" data-end=\"616\">EnergyCell<\/strong> contribue \u00e0 absorber les chocs pendant la marche, tandis que l&#8217;<strong data-start=\"683\" data-end=\"703\">advancedCHASSIS\u2122<\/strong> int\u00e9gr\u00e9 \u00e0 la semelle est con\u00e7u pour offrir un maintien lat\u00e9ral et une stabilit\u00e9 sans compromettre la libert\u00e9 de mouvement.<\/p>\n<p data-start=\"825\" data-end=\"1240\">La <strong data-start=\"828\" data-end=\"860\">semelle All Terrain contaGRIP\u00ae<\/strong> est con\u00e7ue pour garantir une adh\u00e9rence sur diff\u00e9rentes surfaces, qu&#8217;elles soient s\u00e8ches ou mouill\u00e9es. La tige combine des mat\u00e9riaux synth\u00e9tiques et textiles pour plus de r\u00e9sistance et de confort, avec une construction <strong data-start=\"1039\" data-end=\"1057\">sans coutures<\/strong> qui favorise un chaussant plus uniforme. Le syst\u00e8me <strong data-start=\"1109\" data-end=\"1122\">sensiFIT\u2122<\/strong> enveloppe le pied pour un chaussant stable et pr\u00e9cis, soutenu par un la\u00e7age traditionnel simple et s\u00fbr.<\/p>\n<p data-start=\"1242\" data-end=\"1434\">La structure est compl\u00e9t\u00e9e par la <strong data-start=\"1269\" data-end=\"1300\">semelle int\u00e9rieure OrthoLite\u00ae moul\u00e9e<\/strong>, con\u00e7ue pour am\u00e9liorer l&#8217;amorti et la respirabilit\u00e9, et par un design moderne pens\u00e9 pour vous accompagner dans toutes vos aventures.<\/p>\n<\/td>\n<\/tr>\n<\/tbody>\n<\/table>\n<p>&nbsp;<\/p>\n","protected":false},"excerpt":{"rendered":"<ul>\n<li data-section-id=\"1irx8xm\" data-start=\"1454\" data-end=\"1532\">Membrane <strong data-start=\"1465\" data-end=\"1477\">GORE-TEX<\/strong> pour une protection contre l&#8217;eau et un confort optimal en randonn\u00e9e<\/li>\n<li data-section-id=\"kft0j\" data-start=\"1533\" data-end=\"1609\">Structure <strong data-start=\"1545\" data-end=\"1552\">Mid<\/strong> avec advancedCHASSIS\u2122 pour plus de stabilit\u00e9 et de maintien<\/li>\n<li data-section-id=\"se2y2c\" data-start=\"1610\" data-end=\"1686\">Semelle <strong data-start=\"1618\" data-end=\"1644\">All Terrain contaGRIP\u00ae<\/strong> pour une adh\u00e9rence sur diff\u00e9rents types de terrain<\/li>\n<\/ul>\n","protected":false},"featured_media":424610,"template":"","meta":{"_acf_changed":false,"inline_featured_image":false},"product_brand":[],"product_cat":[22605,22608],"product_tag":[23581,23619],"class_list":{"0":"post-424108","1":"product","2":"type-product","3":"status-publish","4":"has-post-thumbnail","6":"product_cat-chaussures-pour-femmes","7":"product_cat-trail-fr","8":"product_tag-salomon-fr","9":"product_tag-salomon-femme","10":"pa_attivita-outdoor-fr","11":"pa_colore-x-ultra-360-edge-mid-gtx-w-tea-dlicgr","12":"pa_marca-salomon-fr","13":"pa_sesso-femme","14":"pa_size-37-fr","15":"pa_size-38-fr","17":"pa_size-39-fr","18":"pa_size-40-fr","20":"pa_size-41-fr","22":"first","23":"instock","24":"sale","25":"taxable","26":"shipping-taxable","27":"purchasable","28":"product-type-variable","29":"wvs-archive-product-wrapper"},"acf":[],"yoast_head":"<!-- This site is optimized with the Yoast SEO plugin v26.8 - https:\/\/yoast.com\/product\/yoast-seo-wordpress\/ -->\n<title>Salomon X ULTRA 360 Edge Mid GTX femme - chaussures de randonn\u00e9e pour femmes - MioMioRun<\/title>\n<meta name=\"description\" content=\"Chaussures de randonn\u00e9e imperm\u00e9ables Salomon X Ultra 360 Edge Mid GORE-TEX, dot\u00e9es d&#039;un tige mi-haute et d&#039;une semelle Contagrip, pour les randonn\u00e9es sur tous les terrains.\" \/>\n<meta name=\"robots\" content=\"index, follow, max-snippet:-1, max-image-preview:large, max-video-preview:-1\" \/>\n<link rel=\"canonical\" href=\"https:\/\/www.miomiorun.com\/fr\/produit\/x-ultra-360-edge-mid-gtx-femme\/\" \/>\n<meta property=\"og:locale\" content=\"fr_FR\" \/>\n<meta property=\"og:type\" content=\"article\" \/>\n<meta property=\"og:title\" content=\"Salomon X ULTRA 360 Edge Mid GTX femme - chaussures de randonn\u00e9e pour femmes - MioMioRun\" \/>\n<meta property=\"og:description\" content=\"Chaussures de randonn\u00e9e imperm\u00e9ables Salomon X Ultra 360 Edge Mid GORE-TEX, dot\u00e9es d&#039;un tige mi-haute et d&#039;une semelle Contagrip, pour les randonn\u00e9es sur tous les terrains.\" \/>\n<meta property=\"og:url\" content=\"https:\/\/www.miomiorun.com\/fr\/produit\/x-ultra-360-edge-mid-gtx-femme\/\" \/>\n<meta property=\"og:site_name\" content=\"MioMioRun\" \/>\n<meta property=\"article:publisher\" content=\"https:\/\/www.facebook.com\/miomiorun\/\" \/>\n<meta property=\"article:modified_time\" content=\"2026-05-08T10:08:44+00:00\" \/>\n<meta property=\"og:image\" content=\"https:\/\/www.miomiorun.com\/app\/uploads\/2026\/04\/salomon-X-ULTRA-360-Edge-Mid-GTX-W-tea-dlicgr-L49098800.webp\" \/>\n\t<meta property=\"og:image:width\" content=\"720\" \/>\n\t<meta property=\"og:image:height\" content=\"720\" \/>\n\t<meta property=\"og:image:type\" content=\"image\/webp\" \/>\n<meta name=\"twitter:card\" content=\"summary_large_image\" \/>\n<meta name=\"twitter:label1\" content=\"Est. reading time\" \/>\n\t<meta name=\"twitter:data1\" content=\"2 minutes\" \/>\n<script type=\"application\/ld+json\" class=\"yoast-schema-graph\">{\"@context\":\"https:\/\/schema.org\",\"@graph\":[{\"@type\":\"WebPage\",\"@id\":\"https:\/\/www.miomiorun.com\/fr\/produit\/x-ultra-360-edge-mid-gtx-femme\/\",\"url\":\"https:\/\/www.miomiorun.com\/fr\/produit\/x-ultra-360-edge-mid-gtx-femme\/\",\"name\":\"Salomon X ULTRA 360 Edge Mid GTX femme - chaussures de randonn\u00e9e pour femmes - MioMioRun\",\"isPartOf\":{\"@id\":\"https:\/\/www.miomiorun.com\/fr\/#website\"},\"primaryImageOfPage\":{\"@id\":\"https:\/\/www.miomiorun.com\/fr\/produit\/x-ultra-360-edge-mid-gtx-femme\/#primaryimage\"},\"image\":{\"@id\":\"https:\/\/www.miomiorun.com\/fr\/produit\/x-ultra-360-edge-mid-gtx-femme\/#primaryimage\"},\"thumbnailUrl\":\"https:\/\/www.miomiorun.com\/app\/uploads\/2026\/04\/salomon-X-ULTRA-360-Edge-Mid-GTX-W-tea-dlicgr-L49098800.webp\",\"datePublished\":\"2026-04-01T16:39:16+00:00\",\"dateModified\":\"2026-05-08T10:08:44+00:00\",\"description\":\"Chaussures de randonn\u00e9e imperm\u00e9ables Salomon X Ultra 360 Edge Mid GORE-TEX, dot\u00e9es d'un tige mi-haute et d'une semelle Contagrip, pour les randonn\u00e9es sur tous les terrains.\",\"breadcrumb\":{\"@id\":\"https:\/\/www.miomiorun.com\/fr\/produit\/x-ultra-360-edge-mid-gtx-femme\/#breadcrumb\"},\"inLanguage\":\"fr-FR\",\"potentialAction\":[{\"@type\":\"ReadAction\",\"target\":[\"https:\/\/www.miomiorun.com\/fr\/produit\/x-ultra-360-edge-mid-gtx-femme\/\"]}]},{\"@type\":\"ImageObject\",\"inLanguage\":\"fr-FR\",\"@id\":\"https:\/\/www.miomiorun.com\/fr\/produit\/x-ultra-360-edge-mid-gtx-femme\/#primaryimage\",\"url\":\"https:\/\/www.miomiorun.com\/app\/uploads\/2026\/04\/salomon-X-ULTRA-360-Edge-Mid-GTX-W-tea-dlicgr-L49098800.webp\",\"contentUrl\":\"https:\/\/www.miomiorun.com\/app\/uploads\/2026\/04\/salomon-X-ULTRA-360-Edge-Mid-GTX-W-tea-dlicgr-L49098800.webp\",\"width\":720,\"height\":720,\"caption\":\"salomon X ULTRA 360 Edge Mid GTX W tea dlicgr L49098800\"},{\"@type\":\"BreadcrumbList\",\"@id\":\"https:\/\/www.miomiorun.com\/fr\/produit\/x-ultra-360-edge-mid-gtx-femme\/#breadcrumb\",\"itemListElement\":[{\"@type\":\"ListItem\",\"position\":1,\"name\":\"Home\",\"item\":\"https:\/\/www.miomiorun.com\/fr\/home-page\/\"},{\"@type\":\"ListItem\",\"position\":2,\"name\":\"Shop\",\"item\":\"https:\/\/www.miomiorun.com\/shop\/\"},{\"@type\":\"ListItem\",\"position\":3,\"name\":\"X ULTRA 360 Edge Mid GTX femme\"}]},{\"@type\":\"WebSite\",\"@id\":\"https:\/\/www.miomiorun.com\/fr\/#website\",\"url\":\"https:\/\/www.miomiorun.com\/fr\/\",\"name\":\"MioMioRun\",\"description\":\"Boutique 100% running et trail\",\"publisher\":{\"@id\":\"https:\/\/www.miomiorun.com\/fr\/#organization\"},\"potentialAction\":[{\"@type\":\"SearchAction\",\"target\":{\"@type\":\"EntryPoint\",\"urlTemplate\":\"https:\/\/www.miomiorun.com\/fr\/?s={search_term_string}\"},\"query-input\":{\"@type\":\"PropertyValueSpecification\",\"valueRequired\":true,\"valueName\":\"search_term_string\"}}],\"inLanguage\":\"fr-FR\"},{\"@type\":\"Organization\",\"@id\":\"https:\/\/www.miomiorun.com\/fr\/#organization\",\"name\":\"MioMio Run\",\"url\":\"https:\/\/www.miomiorun.com\/fr\/\",\"logo\":{\"@type\":\"ImageObject\",\"inLanguage\":\"fr-FR\",\"@id\":\"https:\/\/www.miomiorun.com\/fr\/#\/schema\/logo\/image\/\",\"url\":\"https:\/\/www.miomiorun.com\/app\/uploads\/2019\/12\/logomio.png\",\"contentUrl\":\"https:\/\/www.miomiorun.com\/app\/uploads\/2019\/12\/logomio.png\",\"width\":115,\"height\":82,\"caption\":\"MioMio Run\"},\"image\":{\"@id\":\"https:\/\/www.miomiorun.com\/fr\/#\/schema\/logo\/image\/\"},\"sameAs\":[\"https:\/\/www.facebook.com\/miomiorun\/\",\"https:\/\/www.instagram.com\/miomiorun\/\"]}]}<\/script>\n<!-- \/ Yoast SEO plugin. -->","yoast_head_json":{"title":"Salomon X ULTRA 360 Edge Mid GTX femme - chaussures de randonn\u00e9e pour femmes - MioMioRun","description":"Chaussures de randonn\u00e9e imperm\u00e9ables Salomon X Ultra 360 Edge Mid GORE-TEX, dot\u00e9es d'un tige mi-haute et d'une semelle Contagrip, pour les randonn\u00e9es sur tous les terrains.","robots":{"index":"index","follow":"follow","max-snippet":"max-snippet:-1","max-image-preview":"max-image-preview:large","max-video-preview":"max-video-preview:-1"},"canonical":"https:\/\/www.miomiorun.com\/fr\/produit\/x-ultra-360-edge-mid-gtx-femme\/","og_locale":"fr_FR","og_type":"article","og_title":"Salomon X ULTRA 360 Edge Mid GTX femme - chaussures de randonn\u00e9e pour femmes - MioMioRun","og_description":"Chaussures de randonn\u00e9e imperm\u00e9ables Salomon X Ultra 360 Edge Mid GORE-TEX, dot\u00e9es d'un tige mi-haute et d'une semelle Contagrip, pour les randonn\u00e9es sur tous les terrains.","og_url":"https:\/\/www.miomiorun.com\/fr\/produit\/x-ultra-360-edge-mid-gtx-femme\/","og_site_name":"MioMioRun","article_publisher":"https:\/\/www.facebook.com\/miomiorun\/","article_modified_time":"2026-05-08T10:08:44+00:00","og_image":[{"width":720,"height":720,"url":"https:\/\/www.miomiorun.com\/app\/uploads\/2026\/04\/salomon-X-ULTRA-360-Edge-Mid-GTX-W-tea-dlicgr-L49098800.webp","type":"image\/webp"}],"twitter_card":"summary_large_image","twitter_misc":{"Est. reading time":"2 minutes"},"schema":{"@context":"https:\/\/schema.org","@graph":[{"@type":"WebPage","@id":"https:\/\/www.miomiorun.com\/fr\/produit\/x-ultra-360-edge-mid-gtx-femme\/","url":"https:\/\/www.miomiorun.com\/fr\/produit\/x-ultra-360-edge-mid-gtx-femme\/","name":"Salomon X ULTRA 360 Edge Mid GTX femme - chaussures de randonn\u00e9e pour femmes - MioMioRun","isPartOf":{"@id":"https:\/\/www.miomiorun.com\/fr\/#website"},"primaryImageOfPage":{"@id":"https:\/\/www.miomiorun.com\/fr\/produit\/x-ultra-360-edge-mid-gtx-femme\/#primaryimage"},"image":{"@id":"https:\/\/www.miomiorun.com\/fr\/produit\/x-ultra-360-edge-mid-gtx-femme\/#primaryimage"},"thumbnailUrl":"https:\/\/www.miomiorun.com\/app\/uploads\/2026\/04\/salomon-X-ULTRA-360-Edge-Mid-GTX-W-tea-dlicgr-L49098800.webp","datePublished":"2026-04-01T16:39:16+00:00","dateModified":"2026-05-08T10:08:44+00:00","description":"Chaussures de randonn\u00e9e imperm\u00e9ables Salomon X Ultra 360 Edge Mid GORE-TEX, dot\u00e9es d'un tige mi-haute et d'une semelle Contagrip, pour les randonn\u00e9es sur tous les terrains.","breadcrumb":{"@id":"https:\/\/www.miomiorun.com\/fr\/produit\/x-ultra-360-edge-mid-gtx-femme\/#breadcrumb"},"inLanguage":"fr-FR","potentialAction":[{"@type":"ReadAction","target":["https:\/\/www.miomiorun.com\/fr\/produit\/x-ultra-360-edge-mid-gtx-femme\/"]}]},{"@type":"ImageObject","inLanguage":"fr-FR","@id":"https:\/\/www.miomiorun.com\/fr\/produit\/x-ultra-360-edge-mid-gtx-femme\/#primaryimage","url":"https:\/\/www.miomiorun.com\/app\/uploads\/2026\/04\/salomon-X-ULTRA-360-Edge-Mid-GTX-W-tea-dlicgr-L49098800.webp","contentUrl":"https:\/\/www.miomiorun.com\/app\/uploads\/2026\/04\/salomon-X-ULTRA-360-Edge-Mid-GTX-W-tea-dlicgr-L49098800.webp","width":720,"height":720,"caption":"salomon X ULTRA 360 Edge Mid GTX W tea dlicgr L49098800"},{"@type":"BreadcrumbList","@id":"https:\/\/www.miomiorun.com\/fr\/produit\/x-ultra-360-edge-mid-gtx-femme\/#breadcrumb","itemListElement":[{"@type":"ListItem","position":1,"name":"Home","item":"https:\/\/www.miomiorun.com\/fr\/home-page\/"},{"@type":"ListItem","position":2,"name":"Shop","item":"https:\/\/www.miomiorun.com\/shop\/"},{"@type":"ListItem","position":3,"name":"X ULTRA 360 Edge Mid GTX femme"}]},{"@type":"WebSite","@id":"https:\/\/www.miomiorun.com\/fr\/#website","url":"https:\/\/www.miomiorun.com\/fr\/","name":"MioMioRun","description":"Boutique 100% running et trail","publisher":{"@id":"https:\/\/www.miomiorun.com\/fr\/#organization"},"potentialAction":[{"@type":"SearchAction","target":{"@type":"EntryPoint","urlTemplate":"https:\/\/www.miomiorun.com\/fr\/?s={search_term_string}"},"query-input":{"@type":"PropertyValueSpecification","valueRequired":true,"valueName":"search_term_string"}}],"inLanguage":"fr-FR"},{"@type":"Organization","@id":"https:\/\/www.miomiorun.com\/fr\/#organization","name":"MioMio Run","url":"https:\/\/www.miomiorun.com\/fr\/","logo":{"@type":"ImageObject","inLanguage":"fr-FR","@id":"https:\/\/www.miomiorun.com\/fr\/#\/schema\/logo\/image\/","url":"https:\/\/www.miomiorun.com\/app\/uploads\/2019\/12\/logomio.png","contentUrl":"https:\/\/www.miomiorun.com\/app\/uploads\/2019\/12\/logomio.png","width":115,"height":82,"caption":"MioMio Run"},"image":{"@id":"https:\/\/www.miomiorun.com\/fr\/#\/schema\/logo\/image\/"},"sameAs":["https:\/\/www.facebook.com\/miomiorun\/","https:\/\/www.instagram.com\/miomiorun\/"]}]}},"_links":{"self":[{"href":"https:\/\/www.miomiorun.com\/fr\/wp-json\/wp\/v2\/product\/424108","targetHints":{"allow":["GET"]}}],"collection":[{"href":"https:\/\/www.miomiorun.com\/fr\/wp-json\/wp\/v2\/product"}],"about":[{"href":"https:\/\/www.miomiorun.com\/fr\/wp-json\/wp\/v2\/types\/product"}],"wp:featuredmedia":[{"embeddable":true,"href":"https:\/\/www.miomiorun.com\/fr\/wp-json\/wp\/v2\/media\/424610"}],"wp:attachment":[{"href":"https:\/\/www.miomiorun.com\/fr\/wp-json\/wp\/v2\/media?parent=424108"}],"wp:term":[{"taxonomy":"product_brand","embeddable":true,"href":"https:\/\/www.miomiorun.com\/fr\/wp-json\/wp\/v2\/product_brand?post=424108"},{"taxonomy":"product_cat","embeddable":true,"href":"https:\/\/www.miomiorun.com\/fr\/wp-json\/wp\/v2\/product_cat?post=424108"},{"taxonomy":"product_tag","embeddable":true,"href":"https:\/\/www.miomiorun.com\/fr\/wp-json\/wp\/v2\/product_tag?post=424108"}],"curies":[{"name":"wp","href":"https:\/\/api.w.org\/{rel}","templated":true}]}}