{"id":423929,"date":"2026-04-01T18:24:18","date_gmt":"2026-04-01T16:24:18","guid":{"rendered":"https:\/\/www.miomiorun.com\/?post_type=product&#038;p=423929"},"modified":"2026-05-08T12:09:05","modified_gmt":"2026-05-08T10:09:05","slug":"aero-glide-4-grvl-femme","status":"publish","type":"product","link":"https:\/\/www.miomiorun.com\/fr\/produit\/aero-glide-4-grvl-femme\/","title":{"rendered":"Aero Glide 4 GRVL femme"},"content":{"rendered":"<table style=\"border-collapse: collapse;width: 100%\">\n<tbody>\n<tr>\n<td style=\"width: 33.3333%;vertical-align: top\">\n<h4>Caract\u00e9ristiques techniques<\/h4>\n<p>Cat\u00e9gorie : Amorti haut de gamme<\/p>\n<p>Poids : 230 g<\/p>\n<p>Drop : 8 mm<\/p>\n<p>Id\u00e9ale pour : les coureurs \u00e0 la recherche d&#8217;un m\u00e9lange d&#8217;amorti r\u00e9actif, de protection du pied et de confort exceptionnel, m\u00eame sur les chemins !<br \/>\n<a href=\"https:\/\/miomiorun.com\/guida-alle-specifiche-tecniche\/\">Guide des caract\u00e9ristiques techniques<\/a><\/td>\n<td style=\"width: 66.666%;vertical-align: top\">\n<p data-start=\"26\" data-end=\"301\">La <strong data-start=\"29\" data-end=\"58\">Salomon Aero Glide 4 GRVL<\/strong> est une chaussure de course con\u00e7ue pour ceux qui souhaitent sortir des sentiers battus et passer naturellement du bitume au tout-terrain. Con\u00e7ue pour offrir <strong data-start=\"211\" data-end=\"236\">polyvalence et confort<\/strong>, elle est id\u00e9ale pour ceux qui recherchent une foul\u00e9e fluide, m\u00eame sur des terrains mixtes.<\/p>\n<p data-start=\"303\" data-end=\"592\">La semelle interm\u00e9diaire dot\u00e9e de la technologie <strong data-start=\"331\" data-end=\"344\">optiFOAM\u00b2<\/strong> est con\u00e7ue pour offrir amorti et retour d&#8217;\u00e9nergie, accompagnant la foul\u00e9e d&#8217;une sensation dynamique. La g\u00e9om\u00e9trie <strong data-start=\"473\" data-end=\"491\">Reverse Camber<\/strong> favorise une transition fluide, contribuant \u00e0 une course fluide sur diff\u00e9rents types de surfaces.<\/p>\n<p data-start=\"594\" data-end=\"1016\">La <strong data-start=\"597\" data-end=\"624\">semelle Gravel contaGRIP\u00ae<\/strong>, associ\u00e9e \u00e0 des <strong data-start=\"637\" data-end=\"674\">crampons multidirectionnels en chevron<\/strong>, est con\u00e7ue pour offrir une traction aussi bien sur l\u2019asphalte que sur des terrains plus meubles comme le gravier et la terre, garantissant une stabilit\u00e9 sur les variations de terrain. La tige en <strong data-start=\"834\" data-end=\"860\">maille 3D sans coutures<\/strong> favorise la respirabilit\u00e9 et le confort, tandis que la construction interne avec <strong data-start=\"931\" data-end=\"956\">sensiFIT\u2122 et endoFit\u2122<\/strong> est con\u00e7ue pour envelopper le pied de mani\u00e8re pr\u00e9cise et stable.<\/p>\n<p data-start=\"1018\" data-end=\"1238\">La chaussure est compl\u00e9t\u00e9e par la <strong data-start=\"1042\" data-end=\"1073\">semelle int\u00e9rieure OrthoLite\u00ae moul\u00e9e<\/strong>, con\u00e7ue pour am\u00e9liorer le confort et la respirabilit\u00e9, et par un design pens\u00e9 pour vous accompagner dans les sorties les plus impr\u00e9visibles, o\u00f9 les changements de terrain font partie du jeu.<\/p>\n<\/td>\n<\/tr>\n<\/tbody>\n<\/table>\n<p>&nbsp;<\/p>\n","protected":false},"excerpt":{"rendered":"<ul>\n<li data-section-id=\"ibm87t\" data-start=\"1258\" data-end=\"1352\">Amorti <strong data-start=\"1276\" data-end=\"1289\">optiFOAM\u00b2<\/strong> et g\u00e9om\u00e9trie Reverse Camber pour une course fluide sur des terrains mixtes<\/li>\n<li data-section-id=\"1ivxr3g\" data-start=\"1353\" data-end=\"1440\">Semelle <strong data-start=\"1361\" data-end=\"1382\">Gravel contaGRIP\u00ae<\/strong> avec crampons en chevron pour une adh\u00e9rence sur l&#8217;asphalte et les chemins de terre<\/li>\n<li data-section-id=\"4c2mfz\" data-start=\"1441\" data-end=\"1527\">Tige en <strong data-start=\"1453\" data-end=\"1479\">maille 3D sans coutures<\/strong> avec sensiFIT\u2122 et endoFit\u2122 pour un maintien optimal<\/li>\n<\/ul>\n","protected":false},"featured_media":424786,"template":"","meta":{"_acf_changed":false,"inline_featured_image":false},"product_brand":[],"product_cat":[22605,22608],"product_tag":[23581,23619],"class_list":{"0":"post-423929","1":"product","2":"type-product","3":"status-publish","4":"has-post-thumbnail","6":"product_cat-chaussures-pour-femmes","7":"product_cat-trail-fr","8":"product_tag-salomon-fr","9":"product_tag-salomon-femme","10":"pa_attivita-marcher","11":"pa_attivita-running-fr","12":"pa_attivita-trail-fr","13":"pa_colore-aero-glide-4-grvl-w-vanilla-black-iron","14":"pa_colore-aero-glide-4-grvl-w-vanilla-knocko-black","15":"pa_marca-salomon-fr","16":"pa_sesso-femme","17":"pa_size-36-fr","18":"pa_size-37-fr","19":"pa_size-38-fr","21":"pa_size-39-fr","22":"pa_size-40-fr","24":"pa_size-41-fr","26":"first","27":"instock","28":"sale","29":"taxable","30":"shipping-taxable","31":"purchasable","32":"product-type-variable","33":"wvs-archive-product-wrapper"},"acf":[],"yoast_head":"<!-- This site is optimized with the Yoast SEO plugin v26.8 - https:\/\/yoast.com\/product\/yoast-seo-wordpress\/ -->\n<title>Salomon Aero Glide 4 GRVL femme - chaussures de course pour femmes - MioMioRun<\/title>\n<meta name=\"description\" content=\"Salomon Aero Glide 4 GRVL : chaussures de course pour le bitume et les chemins de terre, dot\u00e9es d&#039;une semelle Contagrip et de la technologie optiFOAM\u00b2 pour un confort et une adh\u00e9rence optimaux sur les terrains mixtes.\" \/>\n<meta name=\"robots\" content=\"index, follow, max-snippet:-1, max-image-preview:large, max-video-preview:-1\" \/>\n<link rel=\"canonical\" href=\"https:\/\/www.miomiorun.com\/fr\/produit\/aero-glide-4-grvl-femme\/\" \/>\n<meta property=\"og:locale\" content=\"fr_FR\" \/>\n<meta property=\"og:type\" content=\"article\" \/>\n<meta property=\"og:title\" content=\"Salomon Aero Glide 4 GRVL femme - chaussures de course pour femmes - MioMioRun\" \/>\n<meta property=\"og:description\" content=\"Salomon Aero Glide 4 GRVL : chaussures de course pour le bitume et les chemins de terre, dot\u00e9es d&#039;une semelle Contagrip et de la technologie optiFOAM\u00b2 pour un confort et une adh\u00e9rence optimaux sur les terrains mixtes.\" \/>\n<meta property=\"og:url\" content=\"https:\/\/www.miomiorun.com\/fr\/produit\/aero-glide-4-grvl-femme\/\" \/>\n<meta property=\"og:site_name\" content=\"MioMioRun\" \/>\n<meta property=\"article:publisher\" content=\"https:\/\/www.facebook.com\/miomiorun\/\" \/>\n<meta property=\"article:modified_time\" content=\"2026-05-08T10:09:05+00:00\" \/>\n<meta property=\"og:image\" content=\"https:\/\/www.miomiorun.com\/app\/uploads\/2026\/04\/salomon-Aero-Glide-4-GRVL-W-vanilla-knocko-black-L49175400.webp\" \/>\n\t<meta property=\"og:image:width\" content=\"720\" \/>\n\t<meta property=\"og:image:height\" content=\"720\" \/>\n\t<meta property=\"og:image:type\" content=\"image\/webp\" \/>\n<meta name=\"twitter:card\" content=\"summary_large_image\" \/>\n<meta name=\"twitter:label1\" content=\"Est. reading time\" \/>\n\t<meta name=\"twitter:data1\" content=\"1 minute\" \/>\n<script type=\"application\/ld+json\" class=\"yoast-schema-graph\">{\"@context\":\"https:\/\/schema.org\",\"@graph\":[{\"@type\":\"WebPage\",\"@id\":\"https:\/\/www.miomiorun.com\/fr\/produit\/aero-glide-4-grvl-femme\/\",\"url\":\"https:\/\/www.miomiorun.com\/fr\/produit\/aero-glide-4-grvl-femme\/\",\"name\":\"Salomon Aero Glide 4 GRVL femme - chaussures de course pour femmes - MioMioRun\",\"isPartOf\":{\"@id\":\"https:\/\/www.miomiorun.com\/fr\/#website\"},\"primaryImageOfPage\":{\"@id\":\"https:\/\/www.miomiorun.com\/fr\/produit\/aero-glide-4-grvl-femme\/#primaryimage\"},\"image\":{\"@id\":\"https:\/\/www.miomiorun.com\/fr\/produit\/aero-glide-4-grvl-femme\/#primaryimage\"},\"thumbnailUrl\":\"https:\/\/www.miomiorun.com\/app\/uploads\/2026\/04\/salomon-Aero-Glide-4-GRVL-W-vanilla-knocko-black-L49175400.webp\",\"datePublished\":\"2026-04-01T16:24:18+00:00\",\"dateModified\":\"2026-05-08T10:09:05+00:00\",\"description\":\"Salomon Aero Glide 4 GRVL : chaussures de course pour le bitume et les chemins de terre, dot\u00e9es d'une semelle Contagrip et de la technologie optiFOAM\u00b2 pour un confort et une adh\u00e9rence optimaux sur les terrains mixtes.\",\"breadcrumb\":{\"@id\":\"https:\/\/www.miomiorun.com\/fr\/produit\/aero-glide-4-grvl-femme\/#breadcrumb\"},\"inLanguage\":\"fr-FR\",\"potentialAction\":[{\"@type\":\"ReadAction\",\"target\":[\"https:\/\/www.miomiorun.com\/fr\/produit\/aero-glide-4-grvl-femme\/\"]}]},{\"@type\":\"ImageObject\",\"inLanguage\":\"fr-FR\",\"@id\":\"https:\/\/www.miomiorun.com\/fr\/produit\/aero-glide-4-grvl-femme\/#primaryimage\",\"url\":\"https:\/\/www.miomiorun.com\/app\/uploads\/2026\/04\/salomon-Aero-Glide-4-GRVL-W-vanilla-knocko-black-L49175400.webp\",\"contentUrl\":\"https:\/\/www.miomiorun.com\/app\/uploads\/2026\/04\/salomon-Aero-Glide-4-GRVL-W-vanilla-knocko-black-L49175400.webp\",\"width\":720,\"height\":720,\"caption\":\"salomon Aero Glide 4 GRVL W vanilla knocko black L49175400\"},{\"@type\":\"BreadcrumbList\",\"@id\":\"https:\/\/www.miomiorun.com\/fr\/produit\/aero-glide-4-grvl-femme\/#breadcrumb\",\"itemListElement\":[{\"@type\":\"ListItem\",\"position\":1,\"name\":\"Home\",\"item\":\"https:\/\/www.miomiorun.com\/fr\/home-page\/\"},{\"@type\":\"ListItem\",\"position\":2,\"name\":\"Shop\",\"item\":\"https:\/\/www.miomiorun.com\/shop\/\"},{\"@type\":\"ListItem\",\"position\":3,\"name\":\"Aero Glide 4 GRVL femme\"}]},{\"@type\":\"WebSite\",\"@id\":\"https:\/\/www.miomiorun.com\/fr\/#website\",\"url\":\"https:\/\/www.miomiorun.com\/fr\/\",\"name\":\"MioMioRun\",\"description\":\"Boutique 100% running et trail\",\"publisher\":{\"@id\":\"https:\/\/www.miomiorun.com\/fr\/#organization\"},\"potentialAction\":[{\"@type\":\"SearchAction\",\"target\":{\"@type\":\"EntryPoint\",\"urlTemplate\":\"https:\/\/www.miomiorun.com\/fr\/?s={search_term_string}\"},\"query-input\":{\"@type\":\"PropertyValueSpecification\",\"valueRequired\":true,\"valueName\":\"search_term_string\"}}],\"inLanguage\":\"fr-FR\"},{\"@type\":\"Organization\",\"@id\":\"https:\/\/www.miomiorun.com\/fr\/#organization\",\"name\":\"MioMio Run\",\"url\":\"https:\/\/www.miomiorun.com\/fr\/\",\"logo\":{\"@type\":\"ImageObject\",\"inLanguage\":\"fr-FR\",\"@id\":\"https:\/\/www.miomiorun.com\/fr\/#\/schema\/logo\/image\/\",\"url\":\"https:\/\/www.miomiorun.com\/app\/uploads\/2019\/12\/logomio.png\",\"contentUrl\":\"https:\/\/www.miomiorun.com\/app\/uploads\/2019\/12\/logomio.png\",\"width\":115,\"height\":82,\"caption\":\"MioMio Run\"},\"image\":{\"@id\":\"https:\/\/www.miomiorun.com\/fr\/#\/schema\/logo\/image\/\"},\"sameAs\":[\"https:\/\/www.facebook.com\/miomiorun\/\",\"https:\/\/www.instagram.com\/miomiorun\/\"]}]}<\/script>\n<!-- \/ Yoast SEO plugin. -->","yoast_head_json":{"title":"Salomon Aero Glide 4 GRVL femme - chaussures de course pour femmes - MioMioRun","description":"Salomon Aero Glide 4 GRVL : chaussures de course pour le bitume et les chemins de terre, dot\u00e9es d'une semelle Contagrip et de la technologie optiFOAM\u00b2 pour un confort et une adh\u00e9rence optimaux sur les terrains mixtes.","robots":{"index":"index","follow":"follow","max-snippet":"max-snippet:-1","max-image-preview":"max-image-preview:large","max-video-preview":"max-video-preview:-1"},"canonical":"https:\/\/www.miomiorun.com\/fr\/produit\/aero-glide-4-grvl-femme\/","og_locale":"fr_FR","og_type":"article","og_title":"Salomon Aero Glide 4 GRVL femme - chaussures de course pour femmes - MioMioRun","og_description":"Salomon Aero Glide 4 GRVL : chaussures de course pour le bitume et les chemins de terre, dot\u00e9es d'une semelle Contagrip et de la technologie optiFOAM\u00b2 pour un confort et une adh\u00e9rence optimaux sur les terrains mixtes.","og_url":"https:\/\/www.miomiorun.com\/fr\/produit\/aero-glide-4-grvl-femme\/","og_site_name":"MioMioRun","article_publisher":"https:\/\/www.facebook.com\/miomiorun\/","article_modified_time":"2026-05-08T10:09:05+00:00","og_image":[{"width":720,"height":720,"url":"https:\/\/www.miomiorun.com\/app\/uploads\/2026\/04\/salomon-Aero-Glide-4-GRVL-W-vanilla-knocko-black-L49175400.webp","type":"image\/webp"}],"twitter_card":"summary_large_image","twitter_misc":{"Est. reading time":"1 minute"},"schema":{"@context":"https:\/\/schema.org","@graph":[{"@type":"WebPage","@id":"https:\/\/www.miomiorun.com\/fr\/produit\/aero-glide-4-grvl-femme\/","url":"https:\/\/www.miomiorun.com\/fr\/produit\/aero-glide-4-grvl-femme\/","name":"Salomon Aero Glide 4 GRVL femme - chaussures de course pour femmes - MioMioRun","isPartOf":{"@id":"https:\/\/www.miomiorun.com\/fr\/#website"},"primaryImageOfPage":{"@id":"https:\/\/www.miomiorun.com\/fr\/produit\/aero-glide-4-grvl-femme\/#primaryimage"},"image":{"@id":"https:\/\/www.miomiorun.com\/fr\/produit\/aero-glide-4-grvl-femme\/#primaryimage"},"thumbnailUrl":"https:\/\/www.miomiorun.com\/app\/uploads\/2026\/04\/salomon-Aero-Glide-4-GRVL-W-vanilla-knocko-black-L49175400.webp","datePublished":"2026-04-01T16:24:18+00:00","dateModified":"2026-05-08T10:09:05+00:00","description":"Salomon Aero Glide 4 GRVL : chaussures de course pour le bitume et les chemins de terre, dot\u00e9es d'une semelle Contagrip et de la technologie optiFOAM\u00b2 pour un confort et une adh\u00e9rence optimaux sur les terrains mixtes.","breadcrumb":{"@id":"https:\/\/www.miomiorun.com\/fr\/produit\/aero-glide-4-grvl-femme\/#breadcrumb"},"inLanguage":"fr-FR","potentialAction":[{"@type":"ReadAction","target":["https:\/\/www.miomiorun.com\/fr\/produit\/aero-glide-4-grvl-femme\/"]}]},{"@type":"ImageObject","inLanguage":"fr-FR","@id":"https:\/\/www.miomiorun.com\/fr\/produit\/aero-glide-4-grvl-femme\/#primaryimage","url":"https:\/\/www.miomiorun.com\/app\/uploads\/2026\/04\/salomon-Aero-Glide-4-GRVL-W-vanilla-knocko-black-L49175400.webp","contentUrl":"https:\/\/www.miomiorun.com\/app\/uploads\/2026\/04\/salomon-Aero-Glide-4-GRVL-W-vanilla-knocko-black-L49175400.webp","width":720,"height":720,"caption":"salomon Aero Glide 4 GRVL W vanilla knocko black L49175400"},{"@type":"BreadcrumbList","@id":"https:\/\/www.miomiorun.com\/fr\/produit\/aero-glide-4-grvl-femme\/#breadcrumb","itemListElement":[{"@type":"ListItem","position":1,"name":"Home","item":"https:\/\/www.miomiorun.com\/fr\/home-page\/"},{"@type":"ListItem","position":2,"name":"Shop","item":"https:\/\/www.miomiorun.com\/shop\/"},{"@type":"ListItem","position":3,"name":"Aero Glide 4 GRVL femme"}]},{"@type":"WebSite","@id":"https:\/\/www.miomiorun.com\/fr\/#website","url":"https:\/\/www.miomiorun.com\/fr\/","name":"MioMioRun","description":"Boutique 100% running et trail","publisher":{"@id":"https:\/\/www.miomiorun.com\/fr\/#organization"},"potentialAction":[{"@type":"SearchAction","target":{"@type":"EntryPoint","urlTemplate":"https:\/\/www.miomiorun.com\/fr\/?s={search_term_string}"},"query-input":{"@type":"PropertyValueSpecification","valueRequired":true,"valueName":"search_term_string"}}],"inLanguage":"fr-FR"},{"@type":"Organization","@id":"https:\/\/www.miomiorun.com\/fr\/#organization","name":"MioMio Run","url":"https:\/\/www.miomiorun.com\/fr\/","logo":{"@type":"ImageObject","inLanguage":"fr-FR","@id":"https:\/\/www.miomiorun.com\/fr\/#\/schema\/logo\/image\/","url":"https:\/\/www.miomiorun.com\/app\/uploads\/2019\/12\/logomio.png","contentUrl":"https:\/\/www.miomiorun.com\/app\/uploads\/2019\/12\/logomio.png","width":115,"height":82,"caption":"MioMio Run"},"image":{"@id":"https:\/\/www.miomiorun.com\/fr\/#\/schema\/logo\/image\/"},"sameAs":["https:\/\/www.facebook.com\/miomiorun\/","https:\/\/www.instagram.com\/miomiorun\/"]}]}},"_links":{"self":[{"href":"https:\/\/www.miomiorun.com\/fr\/wp-json\/wp\/v2\/product\/423929","targetHints":{"allow":["GET"]}}],"collection":[{"href":"https:\/\/www.miomiorun.com\/fr\/wp-json\/wp\/v2\/product"}],"about":[{"href":"https:\/\/www.miomiorun.com\/fr\/wp-json\/wp\/v2\/types\/product"}],"wp:featuredmedia":[{"embeddable":true,"href":"https:\/\/www.miomiorun.com\/fr\/wp-json\/wp\/v2\/media\/424786"}],"wp:attachment":[{"href":"https:\/\/www.miomiorun.com\/fr\/wp-json\/wp\/v2\/media?parent=423929"}],"wp:term":[{"taxonomy":"product_brand","embeddable":true,"href":"https:\/\/www.miomiorun.com\/fr\/wp-json\/wp\/v2\/product_brand?post=423929"},{"taxonomy":"product_cat","embeddable":true,"href":"https:\/\/www.miomiorun.com\/fr\/wp-json\/wp\/v2\/product_cat?post=423929"},{"taxonomy":"product_tag","embeddable":true,"href":"https:\/\/www.miomiorun.com\/fr\/wp-json\/wp\/v2\/product_tag?post=423929"}],"curies":[{"name":"wp","href":"https:\/\/api.w.org\/{rel}","templated":true}]}}