{"id":423590,"date":"2026-04-01T10:54:44","date_gmt":"2026-04-01T08:54:44","guid":{"rendered":"https:\/\/www.miomiorun.com\/?post_type=product&#038;p=423590"},"modified":"2026-04-30T12:24:07","modified_gmt":"2026-04-30T10:24:07","slug":"aero-glide-4-femme","status":"publish","type":"product","link":"https:\/\/www.miomiorun.com\/fr\/produit\/aero-glide-4-femme\/","title":{"rendered":"Aero Glide 4 femme"},"content":{"rendered":"<table style=\"border-collapse: collapse;width: 100%\">\n<tbody>\n<tr>\n<td style=\"width: 33.3333%;vertical-align: top\">\n<h4>Caract\u00e9ristiques techniques<\/h4>\n<p>Cat\u00e9gorie : Amorti haut de gamme<\/p>\n<p>Poids : 215 g<\/p>\n<p>Drop : 8 mm<\/p>\n<p>Id\u00e9ale pour : les coureurs \u00e0 la recherche d&#8217;une combinaison d&#8217;amorti r\u00e9actif, de protection du pied et de confort exceptionnel<br \/>\n<a href=\"https:\/\/miomiorun.com\/guida-alle-specifiche-tecniche\/\">Guide des caract\u00e9ristiques techniques<\/a><\/td>\n<td style=\"width: 66.6666%;vertical-align: top\">\n<p data-start=\"26\" data-end=\"337\">La <strong data-start=\"29\" data-end=\"53\">Salomon Aero Glide 4<\/strong> est une chaussure de course sur route con\u00e7ue pour offrir confort et fluidit\u00e9 lors des courses quotidiennes. La nouvelle <strong data-start=\"168\" data-end=\"193\">tige sans coutures<\/strong>, r\u00e9alis\u00e9e en <strong data-start=\"209\" data-end=\"232\">maille 3D respirante<\/strong>, est con\u00e7ue pour envelopper le pied comme une seconde peau, favorisant la ventilation et un chaussant uniforme.<\/p>\n<p data-start=\"339\" data-end=\"659\">La semelle interm\u00e9diaire dot\u00e9e de la technologie <strong data-start=\"367\" data-end=\"380\">optiFOAM\u00b2<\/strong> est con\u00e7ue pour offrir un \u00e9quilibre entre amorti et retour d&#8217;\u00e9nergie, accompagnant la foul\u00e9e d&#8217;une sensation dynamique. La g\u00e9om\u00e9trie <strong data-start=\"529\" data-end=\"547\">Reverse Camber<\/strong>, inspir\u00e9e du monde du ski, est \u00e9tudi\u00e9e pour rendre la transition plus fluide et favoriser une course fluide. <\/p>\n<p data-start=\"661\" data-end=\"1022\">La <strong data-start=\"664\" data-end=\"689\">semelle Road contaGRIP\u00ae<\/strong> est con\u00e7ue pour garantir une adh\u00e9rence sur les surfaces dures et planes, tandis que la structure <strong data-start=\"773\" data-end=\"786\">sensiFIT\u2122<\/strong> contribue \u00e0 un chaussant stable et enveloppant. La chaussure est compl\u00e9t\u00e9e par la <strong data-start=\"860\" data-end=\"891\">semelle int\u00e9rieure OrthoLite\u00ae moul\u00e9e<\/strong>, con\u00e7ue pour am\u00e9liorer le confort et la respirabilit\u00e9, et par le syst\u00e8me de la\u00e7age traditionnel pour un ajustement simple et s\u00fbr.<\/p>\n<p data-start=\"1024\" data-end=\"1165\">Con\u00e7ue pour ceux qui recherchent une course confortable et dynamique, l&#8217;Aero Glide 4 est adapt\u00e9e aux entra\u00eenements sur route avec un style fluide et continu.<\/p>\n<\/td>\n<\/tr>\n<\/tbody>\n<\/table>\n<p>&nbsp;<\/p>\n","protected":false},"excerpt":{"rendered":"<ul>\n<li data-section-id=\"1jy4cwq\" data-start=\"1185\" data-end=\"1273\">Amorti <strong data-start=\"1203\" data-end=\"1216\">optiFOAM\u00b2<\/strong> pour plus de confort et un meilleur retour d&#8217;\u00e9nergie lors de la course sur route<\/li>\n<li data-section-id=\"uly70k\" data-start=\"1274\" data-end=\"1342\">G\u00e9om\u00e9trie <strong data-start=\"1286\" data-end=\"1304\">Reverse Camber<\/strong> pour une foul\u00e9e fluide et souple<\/li>\n<li data-section-id=\"1wlyuot\" data-start=\"1343\" data-end=\"1437\">Tige en <strong data-start=\"1355\" data-end=\"1381\">maille 3D sans coutures<\/strong> avec sensiFIT\u2122 pour une bonne respirabilit\u00e9 et un ajustement enveloppant<\/li>\n<\/ul>\n","protected":false},"featured_media":424492,"template":"","meta":{"_acf_changed":false,"inline_featured_image":false},"product_brand":[],"product_cat":[22605,22606],"product_tag":[23581,23619],"class_list":{"0":"post-423590","1":"product","2":"type-product","3":"status-publish","4":"has-post-thumbnail","6":"product_cat-chaussures-pour-femmes","7":"product_cat-neutre","8":"product_tag-salomon-fr","9":"product_tag-salomon-femme","10":"pa_attivita-lifestyle-fr","11":"pa_attivita-marcher","12":"pa_attivita-running-fr","13":"pa_colore-aero-glide-4-w-white-white-black","14":"pa_marca-salomon-fr","15":"pa_sesso-femme","16":"pa_size-37-fr","17":"pa_size-38-fr","19":"pa_size-39-fr","20":"pa_size-40-fr","23":"first","24":"instock","25":"taxable","26":"shipping-taxable","27":"purchasable","28":"product-type-variable","29":"wvs-archive-product-wrapper"},"acf":[],"yoast_head":"<!-- This site is optimized with the Yoast SEO plugin v26.8 - https:\/\/yoast.com\/product\/yoast-seo-wordpress\/ -->\n<title>Salomon Aero Glide 4 femme - chaussures de course pour femmes - MioMioRun<\/title>\n<meta name=\"description\" content=\"Chaussures de course sur route Salomon Aero Glide 4, dot\u00e9es des technologies optiFOAM\u00b2 et Reverse Camber pour une foul\u00e9e fluide, amortie et confortable.\" \/>\n<meta name=\"robots\" content=\"index, follow, max-snippet:-1, max-image-preview:large, max-video-preview:-1\" \/>\n<link rel=\"canonical\" href=\"https:\/\/www.miomiorun.com\/fr\/produit\/aero-glide-4-femme\/\" \/>\n<meta property=\"og:locale\" content=\"fr_FR\" \/>\n<meta property=\"og:type\" content=\"article\" \/>\n<meta property=\"og:title\" content=\"Salomon Aero Glide 4 femme - chaussures de course pour femmes - MioMioRun\" \/>\n<meta property=\"og:description\" content=\"Chaussures de course sur route Salomon Aero Glide 4, dot\u00e9es des technologies optiFOAM\u00b2 et Reverse Camber pour une foul\u00e9e fluide, amortie et confortable.\" \/>\n<meta property=\"og:url\" content=\"https:\/\/www.miomiorun.com\/fr\/produit\/aero-glide-4-femme\/\" \/>\n<meta property=\"og:site_name\" content=\"MioMioRun\" \/>\n<meta property=\"article:publisher\" content=\"https:\/\/www.facebook.com\/miomiorun\/\" \/>\n<meta property=\"article:modified_time\" content=\"2026-04-30T10:24:07+00:00\" \/>\n<meta property=\"og:image\" content=\"https:\/\/www.miomiorun.com\/app\/uploads\/2026\/04\/salomon-Aero-Glide-4-W-white-white-black-L49151300.webp\" \/>\n\t<meta property=\"og:image:width\" content=\"720\" \/>\n\t<meta property=\"og:image:height\" content=\"720\" \/>\n\t<meta property=\"og:image:type\" content=\"image\/webp\" \/>\n<meta name=\"twitter:card\" content=\"summary_large_image\" \/>\n<meta name=\"twitter:label1\" content=\"Est. reading time\" \/>\n\t<meta name=\"twitter:data1\" content=\"1 minute\" \/>\n<script type=\"application\/ld+json\" class=\"yoast-schema-graph\">{\"@context\":\"https:\/\/schema.org\",\"@graph\":[{\"@type\":\"WebPage\",\"@id\":\"https:\/\/www.miomiorun.com\/fr\/produit\/aero-glide-4-femme\/\",\"url\":\"https:\/\/www.miomiorun.com\/fr\/produit\/aero-glide-4-femme\/\",\"name\":\"Salomon Aero Glide 4 femme - chaussures de course pour femmes - MioMioRun\",\"isPartOf\":{\"@id\":\"https:\/\/www.miomiorun.com\/fr\/#website\"},\"primaryImageOfPage\":{\"@id\":\"https:\/\/www.miomiorun.com\/fr\/produit\/aero-glide-4-femme\/#primaryimage\"},\"image\":{\"@id\":\"https:\/\/www.miomiorun.com\/fr\/produit\/aero-glide-4-femme\/#primaryimage\"},\"thumbnailUrl\":\"https:\/\/www.miomiorun.com\/app\/uploads\/2026\/04\/salomon-Aero-Glide-4-W-white-white-black-L49151300.webp\",\"datePublished\":\"2026-04-01T08:54:44+00:00\",\"dateModified\":\"2026-04-30T10:24:07+00:00\",\"description\":\"Chaussures de course sur route Salomon Aero Glide 4, dot\u00e9es des technologies optiFOAM\u00b2 et Reverse Camber pour une foul\u00e9e fluide, amortie et confortable.\",\"breadcrumb\":{\"@id\":\"https:\/\/www.miomiorun.com\/fr\/produit\/aero-glide-4-femme\/#breadcrumb\"},\"inLanguage\":\"fr-FR\",\"potentialAction\":[{\"@type\":\"ReadAction\",\"target\":[\"https:\/\/www.miomiorun.com\/fr\/produit\/aero-glide-4-femme\/\"]}]},{\"@type\":\"ImageObject\",\"inLanguage\":\"fr-FR\",\"@id\":\"https:\/\/www.miomiorun.com\/fr\/produit\/aero-glide-4-femme\/#primaryimage\",\"url\":\"https:\/\/www.miomiorun.com\/app\/uploads\/2026\/04\/salomon-Aero-Glide-4-W-white-white-black-L49151300.webp\",\"contentUrl\":\"https:\/\/www.miomiorun.com\/app\/uploads\/2026\/04\/salomon-Aero-Glide-4-W-white-white-black-L49151300.webp\",\"width\":720,\"height\":720,\"caption\":\"salomon Aero Glide 4 W white white black L49151300\"},{\"@type\":\"BreadcrumbList\",\"@id\":\"https:\/\/www.miomiorun.com\/fr\/produit\/aero-glide-4-femme\/#breadcrumb\",\"itemListElement\":[{\"@type\":\"ListItem\",\"position\":1,\"name\":\"Home\",\"item\":\"https:\/\/www.miomiorun.com\/fr\/home-page\/\"},{\"@type\":\"ListItem\",\"position\":2,\"name\":\"Shop\",\"item\":\"https:\/\/www.miomiorun.com\/shop\/\"},{\"@type\":\"ListItem\",\"position\":3,\"name\":\"Aero Glide 4 femme\"}]},{\"@type\":\"WebSite\",\"@id\":\"https:\/\/www.miomiorun.com\/fr\/#website\",\"url\":\"https:\/\/www.miomiorun.com\/fr\/\",\"name\":\"MioMioRun\",\"description\":\"Boutique 100% running et trail\",\"publisher\":{\"@id\":\"https:\/\/www.miomiorun.com\/fr\/#organization\"},\"potentialAction\":[{\"@type\":\"SearchAction\",\"target\":{\"@type\":\"EntryPoint\",\"urlTemplate\":\"https:\/\/www.miomiorun.com\/fr\/?s={search_term_string}\"},\"query-input\":{\"@type\":\"PropertyValueSpecification\",\"valueRequired\":true,\"valueName\":\"search_term_string\"}}],\"inLanguage\":\"fr-FR\"},{\"@type\":\"Organization\",\"@id\":\"https:\/\/www.miomiorun.com\/fr\/#organization\",\"name\":\"MioMio Run\",\"url\":\"https:\/\/www.miomiorun.com\/fr\/\",\"logo\":{\"@type\":\"ImageObject\",\"inLanguage\":\"fr-FR\",\"@id\":\"https:\/\/www.miomiorun.com\/fr\/#\/schema\/logo\/image\/\",\"url\":\"https:\/\/www.miomiorun.com\/app\/uploads\/2019\/12\/logomio.png\",\"contentUrl\":\"https:\/\/www.miomiorun.com\/app\/uploads\/2019\/12\/logomio.png\",\"width\":115,\"height\":82,\"caption\":\"MioMio Run\"},\"image\":{\"@id\":\"https:\/\/www.miomiorun.com\/fr\/#\/schema\/logo\/image\/\"},\"sameAs\":[\"https:\/\/www.facebook.com\/miomiorun\/\",\"https:\/\/www.instagram.com\/miomiorun\/\"]}]}<\/script>\n<!-- \/ Yoast SEO plugin. -->","yoast_head_json":{"title":"Salomon Aero Glide 4 femme - chaussures de course pour femmes - MioMioRun","description":"Chaussures de course sur route Salomon Aero Glide 4, dot\u00e9es des technologies optiFOAM\u00b2 et Reverse Camber pour une foul\u00e9e fluide, amortie et confortable.","robots":{"index":"index","follow":"follow","max-snippet":"max-snippet:-1","max-image-preview":"max-image-preview:large","max-video-preview":"max-video-preview:-1"},"canonical":"https:\/\/www.miomiorun.com\/fr\/produit\/aero-glide-4-femme\/","og_locale":"fr_FR","og_type":"article","og_title":"Salomon Aero Glide 4 femme - chaussures de course pour femmes - MioMioRun","og_description":"Chaussures de course sur route Salomon Aero Glide 4, dot\u00e9es des technologies optiFOAM\u00b2 et Reverse Camber pour une foul\u00e9e fluide, amortie et confortable.","og_url":"https:\/\/www.miomiorun.com\/fr\/produit\/aero-glide-4-femme\/","og_site_name":"MioMioRun","article_publisher":"https:\/\/www.facebook.com\/miomiorun\/","article_modified_time":"2026-04-30T10:24:07+00:00","og_image":[{"width":720,"height":720,"url":"https:\/\/www.miomiorun.com\/app\/uploads\/2026\/04\/salomon-Aero-Glide-4-W-white-white-black-L49151300.webp","type":"image\/webp"}],"twitter_card":"summary_large_image","twitter_misc":{"Est. reading time":"1 minute"},"schema":{"@context":"https:\/\/schema.org","@graph":[{"@type":"WebPage","@id":"https:\/\/www.miomiorun.com\/fr\/produit\/aero-glide-4-femme\/","url":"https:\/\/www.miomiorun.com\/fr\/produit\/aero-glide-4-femme\/","name":"Salomon Aero Glide 4 femme - chaussures de course pour femmes - MioMioRun","isPartOf":{"@id":"https:\/\/www.miomiorun.com\/fr\/#website"},"primaryImageOfPage":{"@id":"https:\/\/www.miomiorun.com\/fr\/produit\/aero-glide-4-femme\/#primaryimage"},"image":{"@id":"https:\/\/www.miomiorun.com\/fr\/produit\/aero-glide-4-femme\/#primaryimage"},"thumbnailUrl":"https:\/\/www.miomiorun.com\/app\/uploads\/2026\/04\/salomon-Aero-Glide-4-W-white-white-black-L49151300.webp","datePublished":"2026-04-01T08:54:44+00:00","dateModified":"2026-04-30T10:24:07+00:00","description":"Chaussures de course sur route Salomon Aero Glide 4, dot\u00e9es des technologies optiFOAM\u00b2 et Reverse Camber pour une foul\u00e9e fluide, amortie et confortable.","breadcrumb":{"@id":"https:\/\/www.miomiorun.com\/fr\/produit\/aero-glide-4-femme\/#breadcrumb"},"inLanguage":"fr-FR","potentialAction":[{"@type":"ReadAction","target":["https:\/\/www.miomiorun.com\/fr\/produit\/aero-glide-4-femme\/"]}]},{"@type":"ImageObject","inLanguage":"fr-FR","@id":"https:\/\/www.miomiorun.com\/fr\/produit\/aero-glide-4-femme\/#primaryimage","url":"https:\/\/www.miomiorun.com\/app\/uploads\/2026\/04\/salomon-Aero-Glide-4-W-white-white-black-L49151300.webp","contentUrl":"https:\/\/www.miomiorun.com\/app\/uploads\/2026\/04\/salomon-Aero-Glide-4-W-white-white-black-L49151300.webp","width":720,"height":720,"caption":"salomon Aero Glide 4 W white white black L49151300"},{"@type":"BreadcrumbList","@id":"https:\/\/www.miomiorun.com\/fr\/produit\/aero-glide-4-femme\/#breadcrumb","itemListElement":[{"@type":"ListItem","position":1,"name":"Home","item":"https:\/\/www.miomiorun.com\/fr\/home-page\/"},{"@type":"ListItem","position":2,"name":"Shop","item":"https:\/\/www.miomiorun.com\/shop\/"},{"@type":"ListItem","position":3,"name":"Aero Glide 4 femme"}]},{"@type":"WebSite","@id":"https:\/\/www.miomiorun.com\/fr\/#website","url":"https:\/\/www.miomiorun.com\/fr\/","name":"MioMioRun","description":"Boutique 100% running et trail","publisher":{"@id":"https:\/\/www.miomiorun.com\/fr\/#organization"},"potentialAction":[{"@type":"SearchAction","target":{"@type":"EntryPoint","urlTemplate":"https:\/\/www.miomiorun.com\/fr\/?s={search_term_string}"},"query-input":{"@type":"PropertyValueSpecification","valueRequired":true,"valueName":"search_term_string"}}],"inLanguage":"fr-FR"},{"@type":"Organization","@id":"https:\/\/www.miomiorun.com\/fr\/#organization","name":"MioMio Run","url":"https:\/\/www.miomiorun.com\/fr\/","logo":{"@type":"ImageObject","inLanguage":"fr-FR","@id":"https:\/\/www.miomiorun.com\/fr\/#\/schema\/logo\/image\/","url":"https:\/\/www.miomiorun.com\/app\/uploads\/2019\/12\/logomio.png","contentUrl":"https:\/\/www.miomiorun.com\/app\/uploads\/2019\/12\/logomio.png","width":115,"height":82,"caption":"MioMio Run"},"image":{"@id":"https:\/\/www.miomiorun.com\/fr\/#\/schema\/logo\/image\/"},"sameAs":["https:\/\/www.facebook.com\/miomiorun\/","https:\/\/www.instagram.com\/miomiorun\/"]}]}},"_links":{"self":[{"href":"https:\/\/www.miomiorun.com\/fr\/wp-json\/wp\/v2\/product\/423590","targetHints":{"allow":["GET"]}}],"collection":[{"href":"https:\/\/www.miomiorun.com\/fr\/wp-json\/wp\/v2\/product"}],"about":[{"href":"https:\/\/www.miomiorun.com\/fr\/wp-json\/wp\/v2\/types\/product"}],"wp:featuredmedia":[{"embeddable":true,"href":"https:\/\/www.miomiorun.com\/fr\/wp-json\/wp\/v2\/media\/424492"}],"wp:attachment":[{"href":"https:\/\/www.miomiorun.com\/fr\/wp-json\/wp\/v2\/media?parent=423590"}],"wp:term":[{"taxonomy":"product_brand","embeddable":true,"href":"https:\/\/www.miomiorun.com\/fr\/wp-json\/wp\/v2\/product_brand?post=423590"},{"taxonomy":"product_cat","embeddable":true,"href":"https:\/\/www.miomiorun.com\/fr\/wp-json\/wp\/v2\/product_cat?post=423590"},{"taxonomy":"product_tag","embeddable":true,"href":"https:\/\/www.miomiorun.com\/fr\/wp-json\/wp\/v2\/product_tag?post=423590"}],"curies":[{"name":"wp","href":"https:\/\/api.w.org\/{rel}","templated":true}]}}