{"id":423521,"date":"2026-04-01T10:42:50","date_gmt":"2026-04-01T08:42:50","guid":{"rendered":"https:\/\/www.miomiorun.com\/?post_type=product&#038;p=423521"},"modified":"2026-04-30T17:26:40","modified_gmt":"2026-04-30T15:26:40","slug":"x-ultra-360-edge-gtx-homme","status":"publish","type":"product","link":"https:\/\/www.miomiorun.com\/fr\/produit\/x-ultra-360-edge-gtx-homme\/","title":{"rendered":"X ULTRA 360 Edge GTX homme"},"content":{"rendered":"<table style=\"border-collapse: collapse;width: 100%\">\n<tbody>\n<tr>\n<td style=\"width: 33.3333%;vertical-align: top\"><strong>Caract\u00e9ristiques techniques<\/strong><\/p>\n<p>Cat\u00e9gorie : amorti haut de gamme<br \/>\nPoids : 379 g<br \/>\nId\u00e9al pour : randonn\u00e9es de plusieurs jours, backpacking, terrain alpin, terrains mixtes<br \/>\nPoids de l&#8217;athl\u00e8te : 60-80 kg<br \/>\nAllure de course : moyenne \u00e0 lente (&gt;5,30 min\/km)<\/p>\n<p><a href=\"https:\/\/miomiorun.com\/guida-alle-specifiche-tecniche\/\">Guide des caract\u00e9ristiques techniques<\/a><\/td>\n<td style=\"width: 66.6666%;vertical-align: top\">\n<p data-start=\"26\" data-end=\"358\">La <strong data-start=\"29\" data-end=\"66\">Salomon X Ultra 360 Edge GORE-TEX<\/strong> est une chaussure de randonn\u00e9e con\u00e7ue pour ceux qui vivent le plein air de mani\u00e8re dynamique, alliant <strong data-start=\"153\" data-end=\"195\">un design moderne et des technologies \u00e9prouv\u00e9es<\/strong>. Inspir\u00e9e de la gamme X Ultra, elle conserve les atouts du mod\u00e8le en offrant <strong data-start=\"273\" data-end=\"318\">stabilit\u00e9, adh\u00e9rence et protection imperm\u00e9able<\/strong> pour affronter diff\u00e9rents types de terrain.<\/p>\n<p data-start=\"360\" data-end=\"736\">La pr\u00e9sence de la <strong data-start=\"378\" data-end=\"399\">membrane GORE-TEX<\/strong> est con\u00e7ue pour prot\u00e9ger de l\u2019eau tout en conservant une bonne respirabilit\u00e9. La semelle interm\u00e9diaire dot\u00e9e de la technologie <strong data-start=\"520\" data-end=\"534\">EnergyCell<\/strong> contribue \u00e0 absorber les chocs pendant la marche, tandis que l&#8217;<strong data-start=\"601\" data-end=\"621\">advancedCHASSIS\u2122<\/strong> int\u00e9gr\u00e9 \u00e0 la semelle est con\u00e7u pour offrir un maintien lat\u00e9ral et une stabilit\u00e9 sans limiter la libert\u00e9 de mouvement.<\/p>\n<p data-start=\"738\" data-end=\"1137\">La semelle <strong data-start=\"747\" data-end=\"773\">All Terrain contaGRIP\u00ae<\/strong> est con\u00e7ue pour garantir une adh\u00e9rence sur diff\u00e9rentes surfaces, qu&#8217;elles soient s\u00e8ches ou mouill\u00e9es, tandis que la construction de la tige combine des mat\u00e9riaux synth\u00e9tiques et textiles pour plus de r\u00e9sistance et de confort. La technologie <strong data-start=\"971\" data-end=\"984\">sensiFIT\u2122<\/strong> enveloppe le pied pour un chaussant stable et pr\u00e9cis, soutenu par le syst\u00e8me de la\u00e7age <strong data-start=\"1076\" data-end=\"1090\">quickLACE\u2122<\/strong>, con\u00e7u pour un r\u00e9glage rapide et pratique.<\/p>\n<p data-start=\"1139\" data-end=\"1346\">La chaussure est compl\u00e9t\u00e9e par la <strong data-start=\"1163\" data-end=\"1185\">semelle int\u00e9rieure OrthoLite\u00ae<\/strong>, con\u00e7ue pour am\u00e9liorer l&#8217;amorti et la respirabilit\u00e9, et par une structure de tige soud\u00e9e qui contribue \u00e0 une sensation plus uniforme et confortable.<\/p>\n<\/td>\n<\/tr>\n<\/tbody>\n<\/table>\n<p>&nbsp;<\/p>\n","protected":false},"excerpt":{"rendered":"<ul>\n<li data-section-id=\"tw6bbh\" data-start=\"1366\" data-end=\"1451\">Membrane <strong data-start=\"1377\" data-end=\"1389\">GORE-TEX<\/strong> pour une protection contre l&#8217;eau et un confort optimal en randonn\u00e9e<\/li>\n<li data-section-id=\"au5efm\" data-start=\"1452\" data-end=\"1531\">Semelle <strong data-start=\"1460\" data-end=\"1486\">All Terrain contaGRIP\u00ae<\/strong> con\u00e7ue pour une adh\u00e9rence sur diff\u00e9rents terrains<\/li>\n<li data-section-id=\"9r5pgv\" data-start=\"1532\" data-end=\"1615\">Syst\u00e8mes <strong data-start=\"1542\" data-end=\"1562\">advancedCHASSIS\u2122<\/strong> et <strong data-start=\"1565\" data-end=\"1578\">sensiFIT\u2122<\/strong> pour la stabilit\u00e9 et un chaussant enveloppant<\/li>\n<\/ul>\n","protected":false},"featured_media":424312,"template":"","meta":{"_acf_changed":false,"inline_featured_image":false},"product_brand":[],"product_cat":[24448,24445],"product_tag":[23581,23580],"class_list":{"0":"post-423521","1":"product","2":"type-product","3":"status-publish","4":"has-post-thumbnail","6":"product_cat-chaussures-pour-hommes-fr","7":"product_cat-trail-fr-3","8":"product_tag-salomon-fr","9":"product_tag-salomon-homme","10":"pa_attivita-outdoor-fr","11":"pa_colore-x-ultra-360-edge-gtx-peat-olvnig-endive","12":"pa_marca-salomon-fr","13":"pa_sesso-homme","14":"pa_size-41-fr","15":"pa_size-42-fr","17":"pa_size-43-fr","18":"pa_size-44-fr","20":"pa_size-45-fr","21":"pa_size-46-fr","24":"first","25":"instock","26":"sale","27":"taxable","28":"shipping-taxable","29":"purchasable","30":"product-type-variable","31":"wvs-archive-product-wrapper"},"acf":[],"yoast_head":"<!-- This site is optimized with the Yoast SEO plugin v26.8 - https:\/\/yoast.com\/product\/yoast-seo-wordpress\/ -->\n<title>Salomon X ULTRA 360 Edge GTX homme -chaussures de randonn\u00e9e homme- MioMioRun<\/title>\n<meta name=\"description\" content=\"Chaussures de randonn\u00e9e Salomon X Ultra 360 Edge GORE-TEX imperm\u00e9ables, dot\u00e9es d&#039;une semelle Contagrip et d&#039;un maintien avanc\u00e9 pour les randonn\u00e9es sur tous les terrains.\" \/>\n<meta name=\"robots\" content=\"index, follow, max-snippet:-1, max-image-preview:large, max-video-preview:-1\" \/>\n<link rel=\"canonical\" href=\"https:\/\/www.miomiorun.com\/fr\/produit\/x-ultra-360-edge-gtx-homme\/\" \/>\n<meta property=\"og:locale\" content=\"fr_FR\" \/>\n<meta property=\"og:type\" content=\"article\" \/>\n<meta property=\"og:title\" content=\"Salomon X ULTRA 360 Edge GTX homme -chaussures de randonn\u00e9e homme- MioMioRun\" \/>\n<meta property=\"og:description\" content=\"Chaussures de randonn\u00e9e Salomon X Ultra 360 Edge GORE-TEX imperm\u00e9ables, dot\u00e9es d&#039;une semelle Contagrip et d&#039;un maintien avanc\u00e9 pour les randonn\u00e9es sur tous les terrains.\" \/>\n<meta property=\"og:url\" content=\"https:\/\/www.miomiorun.com\/fr\/produit\/x-ultra-360-edge-gtx-homme\/\" \/>\n<meta property=\"og:site_name\" content=\"MioMioRun\" \/>\n<meta property=\"article:publisher\" content=\"https:\/\/www.facebook.com\/miomiorun\/\" \/>\n<meta property=\"article:modified_time\" content=\"2026-04-30T15:26:40+00:00\" \/>\n<meta property=\"og:image\" content=\"https:\/\/www.miomiorun.com\/app\/uploads\/2026\/04\/salomon-X-ULTRA-360-Edge-GTX-peat-olvnig-endive-L49097900.webp\" \/>\n\t<meta property=\"og:image:width\" content=\"720\" \/>\n\t<meta property=\"og:image:height\" content=\"720\" \/>\n\t<meta property=\"og:image:type\" content=\"image\/webp\" \/>\n<meta name=\"twitter:card\" content=\"summary_large_image\" \/>\n<meta name=\"twitter:label1\" content=\"Est. reading time\" \/>\n\t<meta name=\"twitter:data1\" content=\"1 minute\" \/>\n<script type=\"application\/ld+json\" class=\"yoast-schema-graph\">{\"@context\":\"https:\/\/schema.org\",\"@graph\":[{\"@type\":\"WebPage\",\"@id\":\"https:\/\/www.miomiorun.com\/fr\/produit\/x-ultra-360-edge-gtx-homme\/\",\"url\":\"https:\/\/www.miomiorun.com\/fr\/produit\/x-ultra-360-edge-gtx-homme\/\",\"name\":\"Salomon X ULTRA 360 Edge GTX homme -chaussures de randonn\u00e9e homme- MioMioRun\",\"isPartOf\":{\"@id\":\"https:\/\/www.miomiorun.com\/fr\/#website\"},\"primaryImageOfPage\":{\"@id\":\"https:\/\/www.miomiorun.com\/fr\/produit\/x-ultra-360-edge-gtx-homme\/#primaryimage\"},\"image\":{\"@id\":\"https:\/\/www.miomiorun.com\/fr\/produit\/x-ultra-360-edge-gtx-homme\/#primaryimage\"},\"thumbnailUrl\":\"https:\/\/www.miomiorun.com\/app\/uploads\/2026\/04\/salomon-X-ULTRA-360-Edge-GTX-peat-olvnig-endive-L49097900.webp\",\"datePublished\":\"2026-04-01T08:42:50+00:00\",\"dateModified\":\"2026-04-30T15:26:40+00:00\",\"description\":\"Chaussures de randonn\u00e9e Salomon X Ultra 360 Edge GORE-TEX imperm\u00e9ables, dot\u00e9es d'une semelle Contagrip et d'un maintien avanc\u00e9 pour les randonn\u00e9es sur tous les terrains.\",\"breadcrumb\":{\"@id\":\"https:\/\/www.miomiorun.com\/fr\/produit\/x-ultra-360-edge-gtx-homme\/#breadcrumb\"},\"inLanguage\":\"fr-FR\",\"potentialAction\":[{\"@type\":\"ReadAction\",\"target\":[\"https:\/\/www.miomiorun.com\/fr\/produit\/x-ultra-360-edge-gtx-homme\/\"]}]},{\"@type\":\"ImageObject\",\"inLanguage\":\"fr-FR\",\"@id\":\"https:\/\/www.miomiorun.com\/fr\/produit\/x-ultra-360-edge-gtx-homme\/#primaryimage\",\"url\":\"https:\/\/www.miomiorun.com\/app\/uploads\/2026\/04\/salomon-X-ULTRA-360-Edge-GTX-peat-olvnig-endive-L49097900.webp\",\"contentUrl\":\"https:\/\/www.miomiorun.com\/app\/uploads\/2026\/04\/salomon-X-ULTRA-360-Edge-GTX-peat-olvnig-endive-L49097900.webp\",\"width\":720,\"height\":720,\"caption\":\"salomon X ULTRA 360 Edge GTX peat olvnig endive L49097900\"},{\"@type\":\"BreadcrumbList\",\"@id\":\"https:\/\/www.miomiorun.com\/fr\/produit\/x-ultra-360-edge-gtx-homme\/#breadcrumb\",\"itemListElement\":[{\"@type\":\"ListItem\",\"position\":1,\"name\":\"Home\",\"item\":\"https:\/\/www.miomiorun.com\/fr\/home-page\/\"},{\"@type\":\"ListItem\",\"position\":2,\"name\":\"Shop\",\"item\":\"https:\/\/www.miomiorun.com\/shop\/\"},{\"@type\":\"ListItem\",\"position\":3,\"name\":\"X ULTRA 360 Edge GTX homme\"}]},{\"@type\":\"WebSite\",\"@id\":\"https:\/\/www.miomiorun.com\/fr\/#website\",\"url\":\"https:\/\/www.miomiorun.com\/fr\/\",\"name\":\"MioMioRun\",\"description\":\"Boutique 100% running et trail\",\"publisher\":{\"@id\":\"https:\/\/www.miomiorun.com\/fr\/#organization\"},\"potentialAction\":[{\"@type\":\"SearchAction\",\"target\":{\"@type\":\"EntryPoint\",\"urlTemplate\":\"https:\/\/www.miomiorun.com\/fr\/?s={search_term_string}\"},\"query-input\":{\"@type\":\"PropertyValueSpecification\",\"valueRequired\":true,\"valueName\":\"search_term_string\"}}],\"inLanguage\":\"fr-FR\"},{\"@type\":\"Organization\",\"@id\":\"https:\/\/www.miomiorun.com\/fr\/#organization\",\"name\":\"MioMio Run\",\"url\":\"https:\/\/www.miomiorun.com\/fr\/\",\"logo\":{\"@type\":\"ImageObject\",\"inLanguage\":\"fr-FR\",\"@id\":\"https:\/\/www.miomiorun.com\/fr\/#\/schema\/logo\/image\/\",\"url\":\"https:\/\/www.miomiorun.com\/app\/uploads\/2019\/12\/logomio.png\",\"contentUrl\":\"https:\/\/www.miomiorun.com\/app\/uploads\/2019\/12\/logomio.png\",\"width\":115,\"height\":82,\"caption\":\"MioMio Run\"},\"image\":{\"@id\":\"https:\/\/www.miomiorun.com\/fr\/#\/schema\/logo\/image\/\"},\"sameAs\":[\"https:\/\/www.facebook.com\/miomiorun\/\",\"https:\/\/www.instagram.com\/miomiorun\/\"]}]}<\/script>\n<!-- \/ Yoast SEO plugin. -->","yoast_head_json":{"title":"Salomon X ULTRA 360 Edge GTX homme -chaussures de randonn\u00e9e homme- MioMioRun","description":"Chaussures de randonn\u00e9e Salomon X Ultra 360 Edge GORE-TEX imperm\u00e9ables, dot\u00e9es d'une semelle Contagrip et d'un maintien avanc\u00e9 pour les randonn\u00e9es sur tous les terrains.","robots":{"index":"index","follow":"follow","max-snippet":"max-snippet:-1","max-image-preview":"max-image-preview:large","max-video-preview":"max-video-preview:-1"},"canonical":"https:\/\/www.miomiorun.com\/fr\/produit\/x-ultra-360-edge-gtx-homme\/","og_locale":"fr_FR","og_type":"article","og_title":"Salomon X ULTRA 360 Edge GTX homme -chaussures de randonn\u00e9e homme- MioMioRun","og_description":"Chaussures de randonn\u00e9e Salomon X Ultra 360 Edge GORE-TEX imperm\u00e9ables, dot\u00e9es d'une semelle Contagrip et d'un maintien avanc\u00e9 pour les randonn\u00e9es sur tous les terrains.","og_url":"https:\/\/www.miomiorun.com\/fr\/produit\/x-ultra-360-edge-gtx-homme\/","og_site_name":"MioMioRun","article_publisher":"https:\/\/www.facebook.com\/miomiorun\/","article_modified_time":"2026-04-30T15:26:40+00:00","og_image":[{"width":720,"height":720,"url":"https:\/\/www.miomiorun.com\/app\/uploads\/2026\/04\/salomon-X-ULTRA-360-Edge-GTX-peat-olvnig-endive-L49097900.webp","type":"image\/webp"}],"twitter_card":"summary_large_image","twitter_misc":{"Est. reading time":"1 minute"},"schema":{"@context":"https:\/\/schema.org","@graph":[{"@type":"WebPage","@id":"https:\/\/www.miomiorun.com\/fr\/produit\/x-ultra-360-edge-gtx-homme\/","url":"https:\/\/www.miomiorun.com\/fr\/produit\/x-ultra-360-edge-gtx-homme\/","name":"Salomon X ULTRA 360 Edge GTX homme -chaussures de randonn\u00e9e homme- MioMioRun","isPartOf":{"@id":"https:\/\/www.miomiorun.com\/fr\/#website"},"primaryImageOfPage":{"@id":"https:\/\/www.miomiorun.com\/fr\/produit\/x-ultra-360-edge-gtx-homme\/#primaryimage"},"image":{"@id":"https:\/\/www.miomiorun.com\/fr\/produit\/x-ultra-360-edge-gtx-homme\/#primaryimage"},"thumbnailUrl":"https:\/\/www.miomiorun.com\/app\/uploads\/2026\/04\/salomon-X-ULTRA-360-Edge-GTX-peat-olvnig-endive-L49097900.webp","datePublished":"2026-04-01T08:42:50+00:00","dateModified":"2026-04-30T15:26:40+00:00","description":"Chaussures de randonn\u00e9e Salomon X Ultra 360 Edge GORE-TEX imperm\u00e9ables, dot\u00e9es d'une semelle Contagrip et d'un maintien avanc\u00e9 pour les randonn\u00e9es sur tous les terrains.","breadcrumb":{"@id":"https:\/\/www.miomiorun.com\/fr\/produit\/x-ultra-360-edge-gtx-homme\/#breadcrumb"},"inLanguage":"fr-FR","potentialAction":[{"@type":"ReadAction","target":["https:\/\/www.miomiorun.com\/fr\/produit\/x-ultra-360-edge-gtx-homme\/"]}]},{"@type":"ImageObject","inLanguage":"fr-FR","@id":"https:\/\/www.miomiorun.com\/fr\/produit\/x-ultra-360-edge-gtx-homme\/#primaryimage","url":"https:\/\/www.miomiorun.com\/app\/uploads\/2026\/04\/salomon-X-ULTRA-360-Edge-GTX-peat-olvnig-endive-L49097900.webp","contentUrl":"https:\/\/www.miomiorun.com\/app\/uploads\/2026\/04\/salomon-X-ULTRA-360-Edge-GTX-peat-olvnig-endive-L49097900.webp","width":720,"height":720,"caption":"salomon X ULTRA 360 Edge GTX peat olvnig endive L49097900"},{"@type":"BreadcrumbList","@id":"https:\/\/www.miomiorun.com\/fr\/produit\/x-ultra-360-edge-gtx-homme\/#breadcrumb","itemListElement":[{"@type":"ListItem","position":1,"name":"Home","item":"https:\/\/www.miomiorun.com\/fr\/home-page\/"},{"@type":"ListItem","position":2,"name":"Shop","item":"https:\/\/www.miomiorun.com\/shop\/"},{"@type":"ListItem","position":3,"name":"X ULTRA 360 Edge GTX homme"}]},{"@type":"WebSite","@id":"https:\/\/www.miomiorun.com\/fr\/#website","url":"https:\/\/www.miomiorun.com\/fr\/","name":"MioMioRun","description":"Boutique 100% running et trail","publisher":{"@id":"https:\/\/www.miomiorun.com\/fr\/#organization"},"potentialAction":[{"@type":"SearchAction","target":{"@type":"EntryPoint","urlTemplate":"https:\/\/www.miomiorun.com\/fr\/?s={search_term_string}"},"query-input":{"@type":"PropertyValueSpecification","valueRequired":true,"valueName":"search_term_string"}}],"inLanguage":"fr-FR"},{"@type":"Organization","@id":"https:\/\/www.miomiorun.com\/fr\/#organization","name":"MioMio Run","url":"https:\/\/www.miomiorun.com\/fr\/","logo":{"@type":"ImageObject","inLanguage":"fr-FR","@id":"https:\/\/www.miomiorun.com\/fr\/#\/schema\/logo\/image\/","url":"https:\/\/www.miomiorun.com\/app\/uploads\/2019\/12\/logomio.png","contentUrl":"https:\/\/www.miomiorun.com\/app\/uploads\/2019\/12\/logomio.png","width":115,"height":82,"caption":"MioMio Run"},"image":{"@id":"https:\/\/www.miomiorun.com\/fr\/#\/schema\/logo\/image\/"},"sameAs":["https:\/\/www.facebook.com\/miomiorun\/","https:\/\/www.instagram.com\/miomiorun\/"]}]}},"_links":{"self":[{"href":"https:\/\/www.miomiorun.com\/fr\/wp-json\/wp\/v2\/product\/423521","targetHints":{"allow":["GET"]}}],"collection":[{"href":"https:\/\/www.miomiorun.com\/fr\/wp-json\/wp\/v2\/product"}],"about":[{"href":"https:\/\/www.miomiorun.com\/fr\/wp-json\/wp\/v2\/types\/product"}],"wp:featuredmedia":[{"embeddable":true,"href":"https:\/\/www.miomiorun.com\/fr\/wp-json\/wp\/v2\/media\/424312"}],"wp:attachment":[{"href":"https:\/\/www.miomiorun.com\/fr\/wp-json\/wp\/v2\/media?parent=423521"}],"wp:term":[{"taxonomy":"product_brand","embeddable":true,"href":"https:\/\/www.miomiorun.com\/fr\/wp-json\/wp\/v2\/product_brand?post=423521"},{"taxonomy":"product_cat","embeddable":true,"href":"https:\/\/www.miomiorun.com\/fr\/wp-json\/wp\/v2\/product_cat?post=423521"},{"taxonomy":"product_tag","embeddable":true,"href":"https:\/\/www.miomiorun.com\/fr\/wp-json\/wp\/v2\/product_tag?post=423521"}],"curies":[{"name":"wp","href":"https:\/\/api.w.org\/{rel}","templated":true}]}}