{"id":422497,"date":"2026-03-27T18:45:04","date_gmt":"2026-03-27T17:45:04","guid":{"rendered":"https:\/\/www.miomiorun.com\/?post_type=product&#038;p=422497"},"modified":"2026-05-08T12:09:32","modified_gmt":"2026-05-08T10:09:32","slug":"race-vest","status":"publish","type":"product","link":"https:\/\/www.miomiorun.com\/fr\/produit\/race-vest\/","title":{"rendered":"Race Vest"},"content":{"rendered":"<p data-start=\"26\" data-end=\"313\">Le <strong data-start=\"29\" data-end=\"50\">NNormal Race Vest<\/strong> est un gilet de trail running con\u00e7u pour offrir fonctionnalit\u00e9, stabilit\u00e9 et confort lors des sorties les plus exigeantes. Destin\u00e9 \u00e0 ceux qui recherchent fiabilit\u00e9 et innovation, il int\u00e8gre des solutions techniques destin\u00e9es \u00e0 am\u00e9liorer la gestion de l&#8217;\u00e9quipement pendant la course.<\/p>\n<p data-start=\"315\" data-end=\"692\">Le <strong data-start=\"318\" data-end=\"352\">syst\u00e8me de fermeture am\u00e9lior\u00e9<\/strong> est con\u00e7u pour garantir un ajustement simple et stable, tandis que les <strong data-start=\"426\" data-end=\"470\">poches pour bouteilles dot\u00e9es d&#8217;un \u00e9lastique r\u00e9sistant<\/strong> maintiennent les bouteilles fermement en place, m\u00eame lors des activit\u00e9s les plus intenses. Les <strong data-start=\"561\" data-end=\"598\">fixations circulaires pour b\u00e2tons<\/strong> ont \u00e9t\u00e9 am\u00e9lior\u00e9es pour offrir une meilleure accessibilit\u00e9 et une plus grande facilit\u00e9 d&#8217;utilisation sur les sentiers.<\/p>\n<p data-start=\"694\" data-end=\"1018\">La structure est compl\u00e9t\u00e9e par un <strong data-start=\"727\" data-end=\"760\">dos en maille respirante<\/strong>, con\u00e7u pour favoriser la ventilation et maintenir le confort m\u00eame lors des sorties les plus longues. \u00c0 l&#8217;arri\u00e8re se trouve une <strong data-start=\"875\" data-end=\"941\">poche imperm\u00e9able offrant un espace suppl\u00e9mentaire pour le mat\u00e9riel<\/strong>, ainsi que d&#8217;autres solutions de rangement utiles pour organiser son \u00e9quipement.<\/p>\n<p data-start=\"1020\" data-end=\"1262\">Fabriqu\u00e9 en <strong data-start=\"1034\" data-end=\"1047\">88 % nylon<\/strong>, un mat\u00e9riau choisi pour sa r\u00e9sistance et sa l\u00e9g\u00e8ret\u00e9, le Race Vest est con\u00e7u pour accompagner les coureurs de trail et les amateurs de plein air dans toutes sortes d&#8217;aventures. Le gilet comprend \u00e9galement <strong data-start=\"1227\" data-end=\"1238\">2 bidons<\/strong>, pr\u00eats \u00e0 l&#8217;emploi.<\/p>\n","protected":false},"excerpt":{"rendered":"<ul>\n<li data-section-id=\"ijiayf\" data-start=\"1282\" data-end=\"1374\">Syst\u00e8me de fermeture am\u00e9lior\u00e9 et poches \u00e9lastiques pour un meilleur maintien des gourdes pendant la course<\/li>\n<li data-section-id=\"ayphbk\" data-start=\"1375\" data-end=\"1461\">Dos en <strong data-start=\"1390\" data-end=\"1410\">maille respirante<\/strong> pour plus de confort et de ventilation sur les longues distances<\/li>\n<li data-section-id=\"1642qki\" data-start=\"1462\" data-end=\"1529\">Poches arri\u00e8re avec compartiment imperm\u00e9able et <strong data-start=\"1510\" data-end=\"1529\">2 gourdes incluses<\/strong><\/li>\n<\/ul>\n","protected":false},"featured_media":426481,"template":"","meta":{"_acf_changed":false,"inline_featured_image":false},"product_brand":[],"product_cat":[22589,22587,22538],"product_tag":[35958],"class_list":{"0":"post-422497","1":"product","2":"type-product","3":"status-publish","4":"has-post-thumbnail","6":"product_cat-sacs-a-dos","7":"product_cat-sacs-a-dos-et-ceintures","8":"product_cat-accessoires","9":"product_tag-nnormal-fr","10":"pa_attivita-trail-fr","11":"pa_colore-race-vest-black","12":"pa_marca-nnormal-fr","13":"pa_sesso-femme","14":"pa_sesso-homme","15":"pa_size-small-fr","16":"pa_size-medium-fr","17":"pa_size-large-fr","19":"first","20":"instock","21":"taxable","22":"shipping-taxable","23":"purchasable","24":"product-type-variable","25":"wvs-archive-product-wrapper"},"acf":[],"yoast_head":"<!-- This site is optimized with the Yoast SEO plugin v26.8 - https:\/\/yoast.com\/product\/yoast-seo-wordpress\/ -->\n<title>NNormal Race Vest - gilet de trail - MioMioRun<\/title>\n<meta name=\"description\" content=\"Gilet de trail running NNormal Race Vest avec poches pour gourdes bien maintenues, dos respirant et 2 gourdes incluses. Id\u00e9al pour le trail et les longues distances.\" \/>\n<meta name=\"robots\" content=\"index, follow, max-snippet:-1, max-image-preview:large, max-video-preview:-1\" \/>\n<link rel=\"canonical\" href=\"https:\/\/www.miomiorun.com\/fr\/produit\/race-vest\/\" \/>\n<meta property=\"og:locale\" content=\"fr_FR\" \/>\n<meta property=\"og:type\" content=\"article\" \/>\n<meta property=\"og:title\" content=\"NNormal Race Vest - gilet de trail - MioMioRun\" \/>\n<meta property=\"og:description\" content=\"Gilet de trail running NNormal Race Vest avec poches pour gourdes bien maintenues, dos respirant et 2 gourdes incluses. Id\u00e9al pour le trail et les longues distances.\" \/>\n<meta property=\"og:url\" content=\"https:\/\/www.miomiorun.com\/fr\/produit\/race-vest\/\" \/>\n<meta property=\"og:site_name\" content=\"MioMioRun\" \/>\n<meta property=\"article:publisher\" content=\"https:\/\/www.facebook.com\/miomiorun\/\" \/>\n<meta property=\"article:modified_time\" content=\"2026-05-08T10:09:32+00:00\" \/>\n<meta property=\"og:image\" content=\"https:\/\/www.miomiorun.com\/app\/uploads\/2026\/04\/normal-Race-Vest-black-N1ARV02-002-fronte.webp\" \/>\n\t<meta property=\"og:image:width\" content=\"720\" \/>\n\t<meta property=\"og:image:height\" content=\"720\" \/>\n\t<meta property=\"og:image:type\" content=\"image\/webp\" \/>\n<meta name=\"twitter:card\" content=\"summary_large_image\" \/>\n<meta name=\"twitter:label1\" content=\"Est. reading time\" \/>\n\t<meta name=\"twitter:data1\" content=\"1 minute\" \/>\n<script type=\"application\/ld+json\" class=\"yoast-schema-graph\">{\"@context\":\"https:\/\/schema.org\",\"@graph\":[{\"@type\":\"WebPage\",\"@id\":\"https:\/\/www.miomiorun.com\/fr\/produit\/race-vest\/\",\"url\":\"https:\/\/www.miomiorun.com\/fr\/produit\/race-vest\/\",\"name\":\"NNormal Race Vest - gilet de trail - MioMioRun\",\"isPartOf\":{\"@id\":\"https:\/\/www.miomiorun.com\/fr\/#website\"},\"primaryImageOfPage\":{\"@id\":\"https:\/\/www.miomiorun.com\/fr\/produit\/race-vest\/#primaryimage\"},\"image\":{\"@id\":\"https:\/\/www.miomiorun.com\/fr\/produit\/race-vest\/#primaryimage\"},\"thumbnailUrl\":\"https:\/\/www.miomiorun.com\/app\/uploads\/2026\/04\/normal-Race-Vest-black-N1ARV02-002-fronte.webp\",\"datePublished\":\"2026-03-27T17:45:04+00:00\",\"dateModified\":\"2026-05-08T10:09:32+00:00\",\"description\":\"Gilet de trail running NNormal Race Vest avec poches pour gourdes bien maintenues, dos respirant et 2 gourdes incluses. Id\u00e9al pour le trail et les longues distances.\",\"breadcrumb\":{\"@id\":\"https:\/\/www.miomiorun.com\/fr\/produit\/race-vest\/#breadcrumb\"},\"inLanguage\":\"fr-FR\",\"potentialAction\":[{\"@type\":\"ReadAction\",\"target\":[\"https:\/\/www.miomiorun.com\/fr\/produit\/race-vest\/\"]}]},{\"@type\":\"ImageObject\",\"inLanguage\":\"fr-FR\",\"@id\":\"https:\/\/www.miomiorun.com\/fr\/produit\/race-vest\/#primaryimage\",\"url\":\"https:\/\/www.miomiorun.com\/app\/uploads\/2026\/04\/normal-Race-Vest-black-N1ARV02-002-fronte.webp\",\"contentUrl\":\"https:\/\/www.miomiorun.com\/app\/uploads\/2026\/04\/normal-Race-Vest-black-N1ARV02-002-fronte.webp\",\"width\":720,\"height\":720,\"caption\":\"normal Race Vest black N1ARV02-002 fronte\"},{\"@type\":\"BreadcrumbList\",\"@id\":\"https:\/\/www.miomiorun.com\/fr\/produit\/race-vest\/#breadcrumb\",\"itemListElement\":[{\"@type\":\"ListItem\",\"position\":1,\"name\":\"Home\",\"item\":\"https:\/\/www.miomiorun.com\/fr\/home-page\/\"},{\"@type\":\"ListItem\",\"position\":2,\"name\":\"Shop\",\"item\":\"https:\/\/www.miomiorun.com\/shop\/\"},{\"@type\":\"ListItem\",\"position\":3,\"name\":\"Race Vest\"}]},{\"@type\":\"WebSite\",\"@id\":\"https:\/\/www.miomiorun.com\/fr\/#website\",\"url\":\"https:\/\/www.miomiorun.com\/fr\/\",\"name\":\"MioMioRun\",\"description\":\"Boutique 100% running et trail\",\"publisher\":{\"@id\":\"https:\/\/www.miomiorun.com\/fr\/#organization\"},\"potentialAction\":[{\"@type\":\"SearchAction\",\"target\":{\"@type\":\"EntryPoint\",\"urlTemplate\":\"https:\/\/www.miomiorun.com\/fr\/?s={search_term_string}\"},\"query-input\":{\"@type\":\"PropertyValueSpecification\",\"valueRequired\":true,\"valueName\":\"search_term_string\"}}],\"inLanguage\":\"fr-FR\"},{\"@type\":\"Organization\",\"@id\":\"https:\/\/www.miomiorun.com\/fr\/#organization\",\"name\":\"MioMio Run\",\"url\":\"https:\/\/www.miomiorun.com\/fr\/\",\"logo\":{\"@type\":\"ImageObject\",\"inLanguage\":\"fr-FR\",\"@id\":\"https:\/\/www.miomiorun.com\/fr\/#\/schema\/logo\/image\/\",\"url\":\"https:\/\/www.miomiorun.com\/app\/uploads\/2019\/12\/logomio.png\",\"contentUrl\":\"https:\/\/www.miomiorun.com\/app\/uploads\/2019\/12\/logomio.png\",\"width\":115,\"height\":82,\"caption\":\"MioMio Run\"},\"image\":{\"@id\":\"https:\/\/www.miomiorun.com\/fr\/#\/schema\/logo\/image\/\"},\"sameAs\":[\"https:\/\/www.facebook.com\/miomiorun\/\",\"https:\/\/www.instagram.com\/miomiorun\/\"]}]}<\/script>\n<!-- \/ Yoast SEO plugin. -->","yoast_head_json":{"title":"NNormal Race Vest - gilet de trail - MioMioRun","description":"Gilet de trail running NNormal Race Vest avec poches pour gourdes bien maintenues, dos respirant et 2 gourdes incluses. Id\u00e9al pour le trail et les longues distances.","robots":{"index":"index","follow":"follow","max-snippet":"max-snippet:-1","max-image-preview":"max-image-preview:large","max-video-preview":"max-video-preview:-1"},"canonical":"https:\/\/www.miomiorun.com\/fr\/produit\/race-vest\/","og_locale":"fr_FR","og_type":"article","og_title":"NNormal Race Vest - gilet de trail - MioMioRun","og_description":"Gilet de trail running NNormal Race Vest avec poches pour gourdes bien maintenues, dos respirant et 2 gourdes incluses. Id\u00e9al pour le trail et les longues distances.","og_url":"https:\/\/www.miomiorun.com\/fr\/produit\/race-vest\/","og_site_name":"MioMioRun","article_publisher":"https:\/\/www.facebook.com\/miomiorun\/","article_modified_time":"2026-05-08T10:09:32+00:00","og_image":[{"width":720,"height":720,"url":"https:\/\/www.miomiorun.com\/app\/uploads\/2026\/04\/normal-Race-Vest-black-N1ARV02-002-fronte.webp","type":"image\/webp"}],"twitter_card":"summary_large_image","twitter_misc":{"Est. reading time":"1 minute"},"schema":{"@context":"https:\/\/schema.org","@graph":[{"@type":"WebPage","@id":"https:\/\/www.miomiorun.com\/fr\/produit\/race-vest\/","url":"https:\/\/www.miomiorun.com\/fr\/produit\/race-vest\/","name":"NNormal Race Vest - gilet de trail - MioMioRun","isPartOf":{"@id":"https:\/\/www.miomiorun.com\/fr\/#website"},"primaryImageOfPage":{"@id":"https:\/\/www.miomiorun.com\/fr\/produit\/race-vest\/#primaryimage"},"image":{"@id":"https:\/\/www.miomiorun.com\/fr\/produit\/race-vest\/#primaryimage"},"thumbnailUrl":"https:\/\/www.miomiorun.com\/app\/uploads\/2026\/04\/normal-Race-Vest-black-N1ARV02-002-fronte.webp","datePublished":"2026-03-27T17:45:04+00:00","dateModified":"2026-05-08T10:09:32+00:00","description":"Gilet de trail running NNormal Race Vest avec poches pour gourdes bien maintenues, dos respirant et 2 gourdes incluses. Id\u00e9al pour le trail et les longues distances.","breadcrumb":{"@id":"https:\/\/www.miomiorun.com\/fr\/produit\/race-vest\/#breadcrumb"},"inLanguage":"fr-FR","potentialAction":[{"@type":"ReadAction","target":["https:\/\/www.miomiorun.com\/fr\/produit\/race-vest\/"]}]},{"@type":"ImageObject","inLanguage":"fr-FR","@id":"https:\/\/www.miomiorun.com\/fr\/produit\/race-vest\/#primaryimage","url":"https:\/\/www.miomiorun.com\/app\/uploads\/2026\/04\/normal-Race-Vest-black-N1ARV02-002-fronte.webp","contentUrl":"https:\/\/www.miomiorun.com\/app\/uploads\/2026\/04\/normal-Race-Vest-black-N1ARV02-002-fronte.webp","width":720,"height":720,"caption":"normal Race Vest black N1ARV02-002 fronte"},{"@type":"BreadcrumbList","@id":"https:\/\/www.miomiorun.com\/fr\/produit\/race-vest\/#breadcrumb","itemListElement":[{"@type":"ListItem","position":1,"name":"Home","item":"https:\/\/www.miomiorun.com\/fr\/home-page\/"},{"@type":"ListItem","position":2,"name":"Shop","item":"https:\/\/www.miomiorun.com\/shop\/"},{"@type":"ListItem","position":3,"name":"Race Vest"}]},{"@type":"WebSite","@id":"https:\/\/www.miomiorun.com\/fr\/#website","url":"https:\/\/www.miomiorun.com\/fr\/","name":"MioMioRun","description":"Boutique 100% running et trail","publisher":{"@id":"https:\/\/www.miomiorun.com\/fr\/#organization"},"potentialAction":[{"@type":"SearchAction","target":{"@type":"EntryPoint","urlTemplate":"https:\/\/www.miomiorun.com\/fr\/?s={search_term_string}"},"query-input":{"@type":"PropertyValueSpecification","valueRequired":true,"valueName":"search_term_string"}}],"inLanguage":"fr-FR"},{"@type":"Organization","@id":"https:\/\/www.miomiorun.com\/fr\/#organization","name":"MioMio Run","url":"https:\/\/www.miomiorun.com\/fr\/","logo":{"@type":"ImageObject","inLanguage":"fr-FR","@id":"https:\/\/www.miomiorun.com\/fr\/#\/schema\/logo\/image\/","url":"https:\/\/www.miomiorun.com\/app\/uploads\/2019\/12\/logomio.png","contentUrl":"https:\/\/www.miomiorun.com\/app\/uploads\/2019\/12\/logomio.png","width":115,"height":82,"caption":"MioMio Run"},"image":{"@id":"https:\/\/www.miomiorun.com\/fr\/#\/schema\/logo\/image\/"},"sameAs":["https:\/\/www.facebook.com\/miomiorun\/","https:\/\/www.instagram.com\/miomiorun\/"]}]}},"_links":{"self":[{"href":"https:\/\/www.miomiorun.com\/fr\/wp-json\/wp\/v2\/product\/422497","targetHints":{"allow":["GET"]}}],"collection":[{"href":"https:\/\/www.miomiorun.com\/fr\/wp-json\/wp\/v2\/product"}],"about":[{"href":"https:\/\/www.miomiorun.com\/fr\/wp-json\/wp\/v2\/types\/product"}],"wp:featuredmedia":[{"embeddable":true,"href":"https:\/\/www.miomiorun.com\/fr\/wp-json\/wp\/v2\/media\/426481"}],"wp:attachment":[{"href":"https:\/\/www.miomiorun.com\/fr\/wp-json\/wp\/v2\/media?parent=422497"}],"wp:term":[{"taxonomy":"product_brand","embeddable":true,"href":"https:\/\/www.miomiorun.com\/fr\/wp-json\/wp\/v2\/product_brand?post=422497"},{"taxonomy":"product_cat","embeddable":true,"href":"https:\/\/www.miomiorun.com\/fr\/wp-json\/wp\/v2\/product_cat?post=422497"},{"taxonomy":"product_tag","embeddable":true,"href":"https:\/\/www.miomiorun.com\/fr\/wp-json\/wp\/v2\/product_tag?post=422497"}],"curies":[{"name":"wp","href":"https:\/\/api.w.org\/{rel}","templated":true}]}}