{"id":420980,"date":"2026-03-24T19:12:25","date_gmt":"2026-03-24T18:12:25","guid":{"rendered":"https:\/\/www.miomiorun.com\/?post_type=product&#038;p=420980"},"modified":"2026-05-08T12:09:47","modified_gmt":"2026-05-08T10:09:47","slug":"openfit-air","status":"publish","type":"product","link":"https:\/\/www.miomiorun.com\/fr\/produit\/openfit-air\/","title":{"rendered":"OpenFit Air"},"content":{"rendered":"<p data-start=\"26\" data-end=\"352\">Les <strong data-start=\"30\" data-end=\"51\">Shokz OpenFit Air<\/strong> sont des \u00e9couteurs ouverts con\u00e7us pour offrir confort, stabilit\u00e9 et praticit\u00e9 pendant les entra\u00eenements et au quotidien. La conception <strong data-start=\"184\" data-end=\"196\">Open-Ear<\/strong> permet d&#8217;\u00e9couter de la musique tout en conservant une <strong data-start=\"243\" data-end=\"287\">conscience de l&#8217;environnement imm\u00e9diat<\/strong>, une caract\u00e9ristique utile lors de la course \u00e0 pied ou des activit\u00e9s en plein air.<\/p>\n<p data-start=\"354\" data-end=\"611\">Le nouveau <strong data-start=\"363\" data-end=\"394\">crochet auriculaire Shokz Air<\/strong> est con\u00e7u pour am\u00e9liorer l&#8217;adh\u00e9rence et garantir un maintien stable m\u00eame lors des mouvements les plus dynamiques. Le son est con\u00e7u pour \u00eatre <strong data-start=\"540\" data-end=\"554\">\u00e9quilibr\u00e9<\/strong>, adapt\u00e9 aussi bien aux entra\u00eenements qu&#8217;\u00e0 l&#8217;\u00e9coute quotidienne.<\/p>\n<p data-start=\"613\" data-end=\"968\">Les OpenFit Air offrent jusqu&#8217;\u00e0 <strong data-start=\"644\" data-end=\"667\">28 heures d&#8217;autonomie<\/strong>, ce qui vous permet de les utiliser longtemps sans vous soucier de la recharge. Les <strong data-start=\"743\" data-end=\"773\">commandes personnalisables<\/strong> vous permettent de g\u00e9rer votre musique et vos appels d&#8217;un simple effleurement, tandis que la fonction <strong data-start=\"854\" data-end=\"868\">multipoint<\/strong> vous permet de connecter simultan\u00e9ment deux appareils et de passer rapidement de l&#8217;un \u00e0 l&#8217;autre.<\/p>\n<p data-start=\"970\" data-end=\"1202\">La certification <strong data-start=\"988\" data-end=\"996\">IP54<\/strong> les rend r\u00e9sistants \u00e0 l&#8217;eau et \u00e0 la transpiration, ce qui les rend adapt\u00e9s m\u00eame aux entra\u00eenements les plus intenses. Disponibles en plusieurs coloris, ils sont con\u00e7us pour s&#8217;adapter aussi bien \u00e0 un style sportif qu&#8217;\u00e0 un usage quotidien.<\/p>\n","protected":false},"excerpt":{"rendered":"<ul>\n<li data-section-id=\"h1tn0e\" data-start=\"1222\" data-end=\"1309\">Conception <strong data-start=\"1231\" data-end=\"1243\">Open-Ear<\/strong> avec crochet Shokz Air pour plus de confort et de stabilit\u00e9 pendant l&#8217;activit\u00e9<\/li>\n<li data-section-id=\"1hbw1s8\" data-start=\"1310\" data-end=\"1394\">Jusqu&#8217;\u00e0 <strong data-start=\"1319\" data-end=\"1342\">28 heures d&#8217;autonomie<\/strong> avec commandes tactiles personnalisables et connexion multipoint<\/li>\n<li data-section-id=\"qpo0c9\" data-start=\"1395\" data-end=\"1473\">Indice de r\u00e9sistance <strong data-start=\"1408\" data-end=\"1416\">IP54<\/strong> contre l&#8217;eau et la transpiration pour l&#8217;entra\u00eenement et l&#8217;usage quotidien<\/li>\n<\/ul>\n","protected":false},"featured_media":429067,"template":"","meta":{"_acf_changed":false,"inline_featured_image":false},"product_brand":[],"product_cat":[22538,22540],"product_tag":[23544],"class_list":{"0":"post-420980","1":"product","2":"type-product","3":"status-publish","4":"has-post-thumbnail","6":"product_cat-accessoires","7":"product_cat-ecouteurs","8":"product_tag-shokz-fr","9":"pa_attivita-fitness-fr","10":"pa_attivita-lifestyle-fr","11":"pa_attivita-marcher","12":"pa_attivita-outdoor-fr","13":"pa_attivita-running-fr","14":"pa_attivita-trail-fr","15":"pa_colore-openfit-air-black","16":"pa_colore-openfit-air-pink","17":"pa_colore-openfit-air-white","18":"pa_marca-shokz-fr","19":"pa_sesso-femme","20":"pa_sesso-homme","22":"first","23":"instock","24":"sale","25":"taxable","26":"shipping-taxable","27":"purchasable","28":"product-type-variable","29":"wvs-archive-product-wrapper"},"acf":[],"yoast_head":"<!-- This site is optimized with the Yoast SEO plugin v26.8 - https:\/\/yoast.com\/product\/yoast-seo-wordpress\/ -->\n<title>Shokz OpenFit Air - \u00e9couteurs de course \u00e0 pied - MioMioRun<\/title>\n<meta name=\"description\" content=\"\u00c9couteurs Shokz OpenFit Air \u00e0 oreille ouverte avec crochet de fixation stable, autonomie allant jusqu&#039;\u00e0 28 heures et indice de protection IP54. Id\u00e9aux pour le sport et un usage quotidien.\" \/>\n<meta name=\"robots\" content=\"index, follow, max-snippet:-1, max-image-preview:large, max-video-preview:-1\" \/>\n<link rel=\"canonical\" href=\"https:\/\/www.miomiorun.com\/fr\/produit\/openfit-air\/\" \/>\n<meta property=\"og:locale\" content=\"fr_FR\" \/>\n<meta property=\"og:type\" content=\"article\" \/>\n<meta property=\"og:title\" content=\"Shokz OpenFit Air - \u00e9couteurs de course \u00e0 pied - MioMioRun\" \/>\n<meta property=\"og:description\" content=\"\u00c9couteurs Shokz OpenFit Air \u00e0 oreille ouverte avec crochet de fixation stable, autonomie allant jusqu&#039;\u00e0 28 heures et indice de protection IP54. Id\u00e9aux pour le sport et un usage quotidien.\" \/>\n<meta property=\"og:url\" content=\"https:\/\/www.miomiorun.com\/fr\/produit\/openfit-air\/\" \/>\n<meta property=\"og:site_name\" content=\"MioMioRun\" \/>\n<meta property=\"article:publisher\" content=\"https:\/\/www.facebook.com\/miomiorun\/\" \/>\n<meta property=\"article:modified_time\" content=\"2026-05-08T10:09:47+00:00\" \/>\n<meta property=\"og:image\" content=\"https:\/\/www.miomiorun.com\/app\/uploads\/2026\/04\/Shokz-OpenFit-Air-white-AS511WT.webp\" \/>\n\t<meta property=\"og:image:width\" content=\"720\" \/>\n\t<meta property=\"og:image:height\" content=\"720\" \/>\n\t<meta property=\"og:image:type\" content=\"image\/webp\" \/>\n<meta name=\"twitter:card\" content=\"summary_large_image\" \/>\n<meta name=\"twitter:label1\" content=\"Est. reading time\" \/>\n\t<meta name=\"twitter:data1\" content=\"1 minute\" \/>\n<script type=\"application\/ld+json\" class=\"yoast-schema-graph\">{\"@context\":\"https:\/\/schema.org\",\"@graph\":[{\"@type\":\"WebPage\",\"@id\":\"https:\/\/www.miomiorun.com\/fr\/produit\/openfit-air\/\",\"url\":\"https:\/\/www.miomiorun.com\/fr\/produit\/openfit-air\/\",\"name\":\"Shokz OpenFit Air - \u00e9couteurs de course \u00e0 pied - MioMioRun\",\"isPartOf\":{\"@id\":\"https:\/\/www.miomiorun.com\/fr\/#website\"},\"primaryImageOfPage\":{\"@id\":\"https:\/\/www.miomiorun.com\/fr\/produit\/openfit-air\/#primaryimage\"},\"image\":{\"@id\":\"https:\/\/www.miomiorun.com\/fr\/produit\/openfit-air\/#primaryimage\"},\"thumbnailUrl\":\"https:\/\/www.miomiorun.com\/app\/uploads\/2026\/04\/Shokz-OpenFit-Air-white-AS511WT.webp\",\"datePublished\":\"2026-03-24T18:12:25+00:00\",\"dateModified\":\"2026-05-08T10:09:47+00:00\",\"description\":\"\u00c9couteurs Shokz OpenFit Air \u00e0 oreille ouverte avec crochet de fixation stable, autonomie allant jusqu'\u00e0 28 heures et indice de protection IP54. Id\u00e9aux pour le sport et un usage quotidien.\",\"breadcrumb\":{\"@id\":\"https:\/\/www.miomiorun.com\/fr\/produit\/openfit-air\/#breadcrumb\"},\"inLanguage\":\"fr-FR\",\"potentialAction\":[{\"@type\":\"ReadAction\",\"target\":[\"https:\/\/www.miomiorun.com\/fr\/produit\/openfit-air\/\"]}]},{\"@type\":\"ImageObject\",\"inLanguage\":\"fr-FR\",\"@id\":\"https:\/\/www.miomiorun.com\/fr\/produit\/openfit-air\/#primaryimage\",\"url\":\"https:\/\/www.miomiorun.com\/app\/uploads\/2026\/04\/Shokz-OpenFit-Air-white-AS511WT.webp\",\"contentUrl\":\"https:\/\/www.miomiorun.com\/app\/uploads\/2026\/04\/Shokz-OpenFit-Air-white-AS511WT.webp\",\"width\":720,\"height\":720,\"caption\":\"Shokz OpenFit Air white AS511WT\"},{\"@type\":\"BreadcrumbList\",\"@id\":\"https:\/\/www.miomiorun.com\/fr\/produit\/openfit-air\/#breadcrumb\",\"itemListElement\":[{\"@type\":\"ListItem\",\"position\":1,\"name\":\"Home\",\"item\":\"https:\/\/www.miomiorun.com\/fr\/home-page\/\"},{\"@type\":\"ListItem\",\"position\":2,\"name\":\"Shop\",\"item\":\"https:\/\/www.miomiorun.com\/shop\/\"},{\"@type\":\"ListItem\",\"position\":3,\"name\":\"OpenFit Air\"}]},{\"@type\":\"WebSite\",\"@id\":\"https:\/\/www.miomiorun.com\/fr\/#website\",\"url\":\"https:\/\/www.miomiorun.com\/fr\/\",\"name\":\"MioMioRun\",\"description\":\"Boutique 100% running et trail\",\"publisher\":{\"@id\":\"https:\/\/www.miomiorun.com\/fr\/#organization\"},\"potentialAction\":[{\"@type\":\"SearchAction\",\"target\":{\"@type\":\"EntryPoint\",\"urlTemplate\":\"https:\/\/www.miomiorun.com\/fr\/?s={search_term_string}\"},\"query-input\":{\"@type\":\"PropertyValueSpecification\",\"valueRequired\":true,\"valueName\":\"search_term_string\"}}],\"inLanguage\":\"fr-FR\"},{\"@type\":\"Organization\",\"@id\":\"https:\/\/www.miomiorun.com\/fr\/#organization\",\"name\":\"MioMio Run\",\"url\":\"https:\/\/www.miomiorun.com\/fr\/\",\"logo\":{\"@type\":\"ImageObject\",\"inLanguage\":\"fr-FR\",\"@id\":\"https:\/\/www.miomiorun.com\/fr\/#\/schema\/logo\/image\/\",\"url\":\"https:\/\/www.miomiorun.com\/app\/uploads\/2019\/12\/logomio.png\",\"contentUrl\":\"https:\/\/www.miomiorun.com\/app\/uploads\/2019\/12\/logomio.png\",\"width\":115,\"height\":82,\"caption\":\"MioMio Run\"},\"image\":{\"@id\":\"https:\/\/www.miomiorun.com\/fr\/#\/schema\/logo\/image\/\"},\"sameAs\":[\"https:\/\/www.facebook.com\/miomiorun\/\",\"https:\/\/www.instagram.com\/miomiorun\/\"]}]}<\/script>\n<!-- \/ Yoast SEO plugin. -->","yoast_head_json":{"title":"Shokz OpenFit Air - \u00e9couteurs de course \u00e0 pied - MioMioRun","description":"\u00c9couteurs Shokz OpenFit Air \u00e0 oreille ouverte avec crochet de fixation stable, autonomie allant jusqu'\u00e0 28 heures et indice de protection IP54. Id\u00e9aux pour le sport et un usage quotidien.","robots":{"index":"index","follow":"follow","max-snippet":"max-snippet:-1","max-image-preview":"max-image-preview:large","max-video-preview":"max-video-preview:-1"},"canonical":"https:\/\/www.miomiorun.com\/fr\/produit\/openfit-air\/","og_locale":"fr_FR","og_type":"article","og_title":"Shokz OpenFit Air - \u00e9couteurs de course \u00e0 pied - MioMioRun","og_description":"\u00c9couteurs Shokz OpenFit Air \u00e0 oreille ouverte avec crochet de fixation stable, autonomie allant jusqu'\u00e0 28 heures et indice de protection IP54. Id\u00e9aux pour le sport et un usage quotidien.","og_url":"https:\/\/www.miomiorun.com\/fr\/produit\/openfit-air\/","og_site_name":"MioMioRun","article_publisher":"https:\/\/www.facebook.com\/miomiorun\/","article_modified_time":"2026-05-08T10:09:47+00:00","og_image":[{"width":720,"height":720,"url":"https:\/\/www.miomiorun.com\/app\/uploads\/2026\/04\/Shokz-OpenFit-Air-white-AS511WT.webp","type":"image\/webp"}],"twitter_card":"summary_large_image","twitter_misc":{"Est. reading time":"1 minute"},"schema":{"@context":"https:\/\/schema.org","@graph":[{"@type":"WebPage","@id":"https:\/\/www.miomiorun.com\/fr\/produit\/openfit-air\/","url":"https:\/\/www.miomiorun.com\/fr\/produit\/openfit-air\/","name":"Shokz OpenFit Air - \u00e9couteurs de course \u00e0 pied - MioMioRun","isPartOf":{"@id":"https:\/\/www.miomiorun.com\/fr\/#website"},"primaryImageOfPage":{"@id":"https:\/\/www.miomiorun.com\/fr\/produit\/openfit-air\/#primaryimage"},"image":{"@id":"https:\/\/www.miomiorun.com\/fr\/produit\/openfit-air\/#primaryimage"},"thumbnailUrl":"https:\/\/www.miomiorun.com\/app\/uploads\/2026\/04\/Shokz-OpenFit-Air-white-AS511WT.webp","datePublished":"2026-03-24T18:12:25+00:00","dateModified":"2026-05-08T10:09:47+00:00","description":"\u00c9couteurs Shokz OpenFit Air \u00e0 oreille ouverte avec crochet de fixation stable, autonomie allant jusqu'\u00e0 28 heures et indice de protection IP54. Id\u00e9aux pour le sport et un usage quotidien.","breadcrumb":{"@id":"https:\/\/www.miomiorun.com\/fr\/produit\/openfit-air\/#breadcrumb"},"inLanguage":"fr-FR","potentialAction":[{"@type":"ReadAction","target":["https:\/\/www.miomiorun.com\/fr\/produit\/openfit-air\/"]}]},{"@type":"ImageObject","inLanguage":"fr-FR","@id":"https:\/\/www.miomiorun.com\/fr\/produit\/openfit-air\/#primaryimage","url":"https:\/\/www.miomiorun.com\/app\/uploads\/2026\/04\/Shokz-OpenFit-Air-white-AS511WT.webp","contentUrl":"https:\/\/www.miomiorun.com\/app\/uploads\/2026\/04\/Shokz-OpenFit-Air-white-AS511WT.webp","width":720,"height":720,"caption":"Shokz OpenFit Air white AS511WT"},{"@type":"BreadcrumbList","@id":"https:\/\/www.miomiorun.com\/fr\/produit\/openfit-air\/#breadcrumb","itemListElement":[{"@type":"ListItem","position":1,"name":"Home","item":"https:\/\/www.miomiorun.com\/fr\/home-page\/"},{"@type":"ListItem","position":2,"name":"Shop","item":"https:\/\/www.miomiorun.com\/shop\/"},{"@type":"ListItem","position":3,"name":"OpenFit Air"}]},{"@type":"WebSite","@id":"https:\/\/www.miomiorun.com\/fr\/#website","url":"https:\/\/www.miomiorun.com\/fr\/","name":"MioMioRun","description":"Boutique 100% running et trail","publisher":{"@id":"https:\/\/www.miomiorun.com\/fr\/#organization"},"potentialAction":[{"@type":"SearchAction","target":{"@type":"EntryPoint","urlTemplate":"https:\/\/www.miomiorun.com\/fr\/?s={search_term_string}"},"query-input":{"@type":"PropertyValueSpecification","valueRequired":true,"valueName":"search_term_string"}}],"inLanguage":"fr-FR"},{"@type":"Organization","@id":"https:\/\/www.miomiorun.com\/fr\/#organization","name":"MioMio Run","url":"https:\/\/www.miomiorun.com\/fr\/","logo":{"@type":"ImageObject","inLanguage":"fr-FR","@id":"https:\/\/www.miomiorun.com\/fr\/#\/schema\/logo\/image\/","url":"https:\/\/www.miomiorun.com\/app\/uploads\/2019\/12\/logomio.png","contentUrl":"https:\/\/www.miomiorun.com\/app\/uploads\/2019\/12\/logomio.png","width":115,"height":82,"caption":"MioMio Run"},"image":{"@id":"https:\/\/www.miomiorun.com\/fr\/#\/schema\/logo\/image\/"},"sameAs":["https:\/\/www.facebook.com\/miomiorun\/","https:\/\/www.instagram.com\/miomiorun\/"]}]}},"_links":{"self":[{"href":"https:\/\/www.miomiorun.com\/fr\/wp-json\/wp\/v2\/product\/420980","targetHints":{"allow":["GET"]}}],"collection":[{"href":"https:\/\/www.miomiorun.com\/fr\/wp-json\/wp\/v2\/product"}],"about":[{"href":"https:\/\/www.miomiorun.com\/fr\/wp-json\/wp\/v2\/types\/product"}],"wp:featuredmedia":[{"embeddable":true,"href":"https:\/\/www.miomiorun.com\/fr\/wp-json\/wp\/v2\/media\/429067"}],"wp:attachment":[{"href":"https:\/\/www.miomiorun.com\/fr\/wp-json\/wp\/v2\/media?parent=420980"}],"wp:term":[{"taxonomy":"product_brand","embeddable":true,"href":"https:\/\/www.miomiorun.com\/fr\/wp-json\/wp\/v2\/product_brand?post=420980"},{"taxonomy":"product_cat","embeddable":true,"href":"https:\/\/www.miomiorun.com\/fr\/wp-json\/wp\/v2\/product_cat?post=420980"},{"taxonomy":"product_tag","embeddable":true,"href":"https:\/\/www.miomiorun.com\/fr\/wp-json\/wp\/v2\/product_tag?post=420980"}],"curies":[{"name":"wp","href":"https:\/\/api.w.org\/{rel}","templated":true}]}}