{"id":420951,"date":"2026-03-24T19:11:57","date_gmt":"2026-03-24T18:11:57","guid":{"rendered":"https:\/\/www.miomiorun.com\/?post_type=product&#038;p=420951"},"modified":"2026-05-08T12:09:48","modified_gmt":"2026-05-08T10:09:48","slug":"openfit-2","status":"publish","type":"product","link":"https:\/\/www.miomiorun.com\/fr\/produit\/openfit-2\/","title":{"rendered":"OpenFit 2+"},"content":{"rendered":"<p data-start=\"26\" data-end=\"394\">Les <strong data-start=\"30\" data-end=\"50\">Shokz OpenFit 2+<\/strong> sont des \u00e9couteurs ouverts con\u00e7us pour offrir une exp\u00e9rience d&#8217;\u00e9coute dynamique sans vous isoler de votre environnement. Gr\u00e2ce \u00e0 la technologie <strong data-start=\"198\" data-end=\"218\">Shokz DualBoost\u2122<\/strong> et \u00e0 la prise en charge <strong data-start=\"233\" data-end=\"248\">Dolby Audio<\/strong>, le son est riche et d\u00e9taill\u00e9, tout en pr\u00e9servant la <strong data-start=\"318\" data-end=\"349\">conscience situationnelle<\/strong>, ce qui est id\u00e9al pour la course \u00e0 pied et les activit\u00e9s en plein air.<\/p>\n<p data-start=\"396\" data-end=\"832\">Le design <strong data-start=\"406\" data-end=\"418\">open-ear<\/strong> est con\u00e7u pour offrir un confort prolong\u00e9 : avec un poids de seulement <strong data-start=\"481\" data-end=\"505\">9,4 g par \u00e9couteur<\/strong> et une couche interne en <strong data-start=\"530\" data-end=\"564\">Shokz Ultra-Soft Silicone\u2122 2.0<\/strong>, les OpenFit 2+ s&#8217;adaptent naturellement \u00e0 l&#8217;oreille. Le <strong data-start=\"627\" data-end=\"659\">crochet auriculaire flexible<\/strong> avec une \u00e2me en alliage nickel-titane est con\u00e7u pour \u00e9pouser les contours de l&#8217;oreille et garantir un maintien stable aussi bien pendant l&#8217;entra\u00eenement que dans la vie quotidienne.<\/p>\n<p data-start=\"834\" data-end=\"1153\">Les nouveaux <strong data-start=\"842\" data-end=\"861\">boutons physiques<\/strong> permettent un contr\u00f4le pr\u00e9cis de la musique et des appels, tandis que l&#8217;autonomie pouvant atteindre <strong data-start=\"942\" data-end=\"952\">48 heures<\/strong> avec le bo\u00eetier et la <strong data-start=\"971\" data-end=\"992\">recharge sans fil<\/strong> les rendent pratiques pour un usage quotidien. Con\u00e7us pour vous accompagner tout au long de la journ\u00e9e, ils allient confort, stabilit\u00e9 et qualit\u00e9 sonore dans un format l\u00e9ger.<\/p>\n","protected":false},"excerpt":{"rendered":"<ul>\n<li data-section-id=\"16n8evy\" data-start=\"1173\" data-end=\"1253\">Technologies <strong data-start=\"1186\" data-end=\"1200\">DualBoost\u2122<\/strong> et <strong data-start=\"1203\" data-end=\"1218\">Dolby Audio<\/strong> pour un son riche et d\u00e9taill\u00e9<\/li>\n<li data-section-id=\"vcfbla\" data-start=\"1254\" data-end=\"1342\">Conception open-ear ultra-l\u00e9g\u00e8re (9,4 g) pour un confort et une conscience de l&#8217;environnement optimaux pendant l&#8217;activit\u00e9<\/li>\n<li data-section-id=\"hux1it\" data-start=\"1343\" data-end=\"1435\">Jusqu&#8217;\u00e0 <strong data-start=\"1352\" data-end=\"1375\">48 heures d&#8217;autonomie<\/strong> avec recharge sans fil et commandes via des boutons physiques<\/li>\n<\/ul>\n","protected":false},"featured_media":429035,"template":"","meta":{"_acf_changed":false,"inline_featured_image":false},"product_brand":[],"product_cat":[22538,22540],"product_tag":[23544],"class_list":{"0":"post-420951","1":"product","2":"type-product","3":"status-publish","4":"has-post-thumbnail","6":"product_cat-accessoires","7":"product_cat-ecouteurs","8":"product_tag-shokz-fr","9":"pa_attivita-fitness-fr","10":"pa_attivita-lifestyle-fr","11":"pa_attivita-marcher","12":"pa_attivita-outdoor-fr","13":"pa_attivita-running-fr","14":"pa_attivita-trail-fr","15":"pa_colore-openfit-2-black","16":"pa_colore-openfit-2-grey","17":"pa_marca-shokz-fr","18":"pa_sesso-femme","19":"pa_sesso-homme","21":"first","22":"instock","23":"sale","24":"taxable","25":"shipping-taxable","26":"purchasable","27":"product-type-variable","28":"wvs-archive-product-wrapper"},"acf":[],"yoast_head":"<!-- This site is optimized with the Yoast SEO plugin v26.8 - https:\/\/yoast.com\/product\/yoast-seo-wordpress\/ -->\n<title>Shokz OpenFit 2+ - \u00e9couteurs de course \u00e0 pied - MioMioRun<\/title>\n<meta name=\"description\" content=\"\u00c9couteurs Shokz OpenFit 2+ \u00e0 oreille ouverte avec Dolby Audio et DualBoost\u2122. L\u00e9gers, offrant jusqu&#039;\u00e0 48 heures d&#039;autonomie, ils sont parfaits pour le sport et un usage quotidien.\" \/>\n<meta name=\"robots\" content=\"index, follow, max-snippet:-1, max-image-preview:large, max-video-preview:-1\" \/>\n<link rel=\"canonical\" href=\"https:\/\/www.miomiorun.com\/fr\/produit\/openfit-2\/\" \/>\n<meta property=\"og:locale\" content=\"fr_FR\" \/>\n<meta property=\"og:type\" content=\"article\" \/>\n<meta property=\"og:title\" content=\"Shokz OpenFit 2+ - \u00e9couteurs de course \u00e0 pied - MioMioRun\" \/>\n<meta property=\"og:description\" content=\"\u00c9couteurs Shokz OpenFit 2+ \u00e0 oreille ouverte avec Dolby Audio et DualBoost\u2122. L\u00e9gers, offrant jusqu&#039;\u00e0 48 heures d&#039;autonomie, ils sont parfaits pour le sport et un usage quotidien.\" \/>\n<meta property=\"og:url\" content=\"https:\/\/www.miomiorun.com\/fr\/produit\/openfit-2\/\" \/>\n<meta property=\"og:site_name\" content=\"MioMioRun\" \/>\n<meta property=\"article:publisher\" content=\"https:\/\/www.facebook.com\/miomiorun\/\" \/>\n<meta property=\"article:modified_time\" content=\"2026-05-08T10:09:48+00:00\" \/>\n<meta property=\"og:image\" content=\"https:\/\/www.miomiorun.com\/app\/uploads\/2026\/04\/shokz-OpenFit-2-grey-AS921GY.webp\" \/>\n\t<meta property=\"og:image:width\" content=\"720\" \/>\n\t<meta property=\"og:image:height\" content=\"720\" \/>\n\t<meta property=\"og:image:type\" content=\"image\/webp\" \/>\n<meta name=\"twitter:card\" content=\"summary_large_image\" \/>\n<meta name=\"twitter:label1\" content=\"Est. reading time\" \/>\n\t<meta name=\"twitter:data1\" content=\"1 minute\" \/>\n<script type=\"application\/ld+json\" class=\"yoast-schema-graph\">{\"@context\":\"https:\/\/schema.org\",\"@graph\":[{\"@type\":\"WebPage\",\"@id\":\"https:\/\/www.miomiorun.com\/fr\/produit\/openfit-2\/\",\"url\":\"https:\/\/www.miomiorun.com\/fr\/produit\/openfit-2\/\",\"name\":\"Shokz OpenFit 2+ - \u00e9couteurs de course \u00e0 pied - MioMioRun\",\"isPartOf\":{\"@id\":\"https:\/\/www.miomiorun.com\/fr\/#website\"},\"primaryImageOfPage\":{\"@id\":\"https:\/\/www.miomiorun.com\/fr\/produit\/openfit-2\/#primaryimage\"},\"image\":{\"@id\":\"https:\/\/www.miomiorun.com\/fr\/produit\/openfit-2\/#primaryimage\"},\"thumbnailUrl\":\"https:\/\/www.miomiorun.com\/app\/uploads\/2026\/04\/shokz-OpenFit-2-grey-AS921GY.webp\",\"datePublished\":\"2026-03-24T18:11:57+00:00\",\"dateModified\":\"2026-05-08T10:09:48+00:00\",\"description\":\"\u00c9couteurs Shokz OpenFit 2+ \u00e0 oreille ouverte avec Dolby Audio et DualBoost\u2122. L\u00e9gers, offrant jusqu'\u00e0 48 heures d'autonomie, ils sont parfaits pour le sport et un usage quotidien.\",\"breadcrumb\":{\"@id\":\"https:\/\/www.miomiorun.com\/fr\/produit\/openfit-2\/#breadcrumb\"},\"inLanguage\":\"fr-FR\",\"potentialAction\":[{\"@type\":\"ReadAction\",\"target\":[\"https:\/\/www.miomiorun.com\/fr\/produit\/openfit-2\/\"]}]},{\"@type\":\"ImageObject\",\"inLanguage\":\"fr-FR\",\"@id\":\"https:\/\/www.miomiorun.com\/fr\/produit\/openfit-2\/#primaryimage\",\"url\":\"https:\/\/www.miomiorun.com\/app\/uploads\/2026\/04\/shokz-OpenFit-2-grey-AS921GY.webp\",\"contentUrl\":\"https:\/\/www.miomiorun.com\/app\/uploads\/2026\/04\/shokz-OpenFit-2-grey-AS921GY.webp\",\"width\":720,\"height\":720,\"caption\":\"shokz OpenFit 2+ grey AS921GY\"},{\"@type\":\"BreadcrumbList\",\"@id\":\"https:\/\/www.miomiorun.com\/fr\/produit\/openfit-2\/#breadcrumb\",\"itemListElement\":[{\"@type\":\"ListItem\",\"position\":1,\"name\":\"Home\",\"item\":\"https:\/\/www.miomiorun.com\/fr\/home-page\/\"},{\"@type\":\"ListItem\",\"position\":2,\"name\":\"Shop\",\"item\":\"https:\/\/www.miomiorun.com\/shop\/\"},{\"@type\":\"ListItem\",\"position\":3,\"name\":\"OpenFit 2+\"}]},{\"@type\":\"WebSite\",\"@id\":\"https:\/\/www.miomiorun.com\/fr\/#website\",\"url\":\"https:\/\/www.miomiorun.com\/fr\/\",\"name\":\"MioMioRun\",\"description\":\"Boutique 100% running et trail\",\"publisher\":{\"@id\":\"https:\/\/www.miomiorun.com\/fr\/#organization\"},\"potentialAction\":[{\"@type\":\"SearchAction\",\"target\":{\"@type\":\"EntryPoint\",\"urlTemplate\":\"https:\/\/www.miomiorun.com\/fr\/?s={search_term_string}\"},\"query-input\":{\"@type\":\"PropertyValueSpecification\",\"valueRequired\":true,\"valueName\":\"search_term_string\"}}],\"inLanguage\":\"fr-FR\"},{\"@type\":\"Organization\",\"@id\":\"https:\/\/www.miomiorun.com\/fr\/#organization\",\"name\":\"MioMio Run\",\"url\":\"https:\/\/www.miomiorun.com\/fr\/\",\"logo\":{\"@type\":\"ImageObject\",\"inLanguage\":\"fr-FR\",\"@id\":\"https:\/\/www.miomiorun.com\/fr\/#\/schema\/logo\/image\/\",\"url\":\"https:\/\/www.miomiorun.com\/app\/uploads\/2019\/12\/logomio.png\",\"contentUrl\":\"https:\/\/www.miomiorun.com\/app\/uploads\/2019\/12\/logomio.png\",\"width\":115,\"height\":82,\"caption\":\"MioMio Run\"},\"image\":{\"@id\":\"https:\/\/www.miomiorun.com\/fr\/#\/schema\/logo\/image\/\"},\"sameAs\":[\"https:\/\/www.facebook.com\/miomiorun\/\",\"https:\/\/www.instagram.com\/miomiorun\/\"]}]}<\/script>\n<!-- \/ Yoast SEO plugin. -->","yoast_head_json":{"title":"Shokz OpenFit 2+ - \u00e9couteurs de course \u00e0 pied - MioMioRun","description":"\u00c9couteurs Shokz OpenFit 2+ \u00e0 oreille ouverte avec Dolby Audio et DualBoost\u2122. L\u00e9gers, offrant jusqu'\u00e0 48 heures d'autonomie, ils sont parfaits pour le sport et un usage quotidien.","robots":{"index":"index","follow":"follow","max-snippet":"max-snippet:-1","max-image-preview":"max-image-preview:large","max-video-preview":"max-video-preview:-1"},"canonical":"https:\/\/www.miomiorun.com\/fr\/produit\/openfit-2\/","og_locale":"fr_FR","og_type":"article","og_title":"Shokz OpenFit 2+ - \u00e9couteurs de course \u00e0 pied - MioMioRun","og_description":"\u00c9couteurs Shokz OpenFit 2+ \u00e0 oreille ouverte avec Dolby Audio et DualBoost\u2122. L\u00e9gers, offrant jusqu'\u00e0 48 heures d'autonomie, ils sont parfaits pour le sport et un usage quotidien.","og_url":"https:\/\/www.miomiorun.com\/fr\/produit\/openfit-2\/","og_site_name":"MioMioRun","article_publisher":"https:\/\/www.facebook.com\/miomiorun\/","article_modified_time":"2026-05-08T10:09:48+00:00","og_image":[{"width":720,"height":720,"url":"https:\/\/www.miomiorun.com\/app\/uploads\/2026\/04\/shokz-OpenFit-2-grey-AS921GY.webp","type":"image\/webp"}],"twitter_card":"summary_large_image","twitter_misc":{"Est. reading time":"1 minute"},"schema":{"@context":"https:\/\/schema.org","@graph":[{"@type":"WebPage","@id":"https:\/\/www.miomiorun.com\/fr\/produit\/openfit-2\/","url":"https:\/\/www.miomiorun.com\/fr\/produit\/openfit-2\/","name":"Shokz OpenFit 2+ - \u00e9couteurs de course \u00e0 pied - MioMioRun","isPartOf":{"@id":"https:\/\/www.miomiorun.com\/fr\/#website"},"primaryImageOfPage":{"@id":"https:\/\/www.miomiorun.com\/fr\/produit\/openfit-2\/#primaryimage"},"image":{"@id":"https:\/\/www.miomiorun.com\/fr\/produit\/openfit-2\/#primaryimage"},"thumbnailUrl":"https:\/\/www.miomiorun.com\/app\/uploads\/2026\/04\/shokz-OpenFit-2-grey-AS921GY.webp","datePublished":"2026-03-24T18:11:57+00:00","dateModified":"2026-05-08T10:09:48+00:00","description":"\u00c9couteurs Shokz OpenFit 2+ \u00e0 oreille ouverte avec Dolby Audio et DualBoost\u2122. L\u00e9gers, offrant jusqu'\u00e0 48 heures d'autonomie, ils sont parfaits pour le sport et un usage quotidien.","breadcrumb":{"@id":"https:\/\/www.miomiorun.com\/fr\/produit\/openfit-2\/#breadcrumb"},"inLanguage":"fr-FR","potentialAction":[{"@type":"ReadAction","target":["https:\/\/www.miomiorun.com\/fr\/produit\/openfit-2\/"]}]},{"@type":"ImageObject","inLanguage":"fr-FR","@id":"https:\/\/www.miomiorun.com\/fr\/produit\/openfit-2\/#primaryimage","url":"https:\/\/www.miomiorun.com\/app\/uploads\/2026\/04\/shokz-OpenFit-2-grey-AS921GY.webp","contentUrl":"https:\/\/www.miomiorun.com\/app\/uploads\/2026\/04\/shokz-OpenFit-2-grey-AS921GY.webp","width":720,"height":720,"caption":"shokz OpenFit 2+ grey AS921GY"},{"@type":"BreadcrumbList","@id":"https:\/\/www.miomiorun.com\/fr\/produit\/openfit-2\/#breadcrumb","itemListElement":[{"@type":"ListItem","position":1,"name":"Home","item":"https:\/\/www.miomiorun.com\/fr\/home-page\/"},{"@type":"ListItem","position":2,"name":"Shop","item":"https:\/\/www.miomiorun.com\/shop\/"},{"@type":"ListItem","position":3,"name":"OpenFit 2+"}]},{"@type":"WebSite","@id":"https:\/\/www.miomiorun.com\/fr\/#website","url":"https:\/\/www.miomiorun.com\/fr\/","name":"MioMioRun","description":"Boutique 100% running et trail","publisher":{"@id":"https:\/\/www.miomiorun.com\/fr\/#organization"},"potentialAction":[{"@type":"SearchAction","target":{"@type":"EntryPoint","urlTemplate":"https:\/\/www.miomiorun.com\/fr\/?s={search_term_string}"},"query-input":{"@type":"PropertyValueSpecification","valueRequired":true,"valueName":"search_term_string"}}],"inLanguage":"fr-FR"},{"@type":"Organization","@id":"https:\/\/www.miomiorun.com\/fr\/#organization","name":"MioMio Run","url":"https:\/\/www.miomiorun.com\/fr\/","logo":{"@type":"ImageObject","inLanguage":"fr-FR","@id":"https:\/\/www.miomiorun.com\/fr\/#\/schema\/logo\/image\/","url":"https:\/\/www.miomiorun.com\/app\/uploads\/2019\/12\/logomio.png","contentUrl":"https:\/\/www.miomiorun.com\/app\/uploads\/2019\/12\/logomio.png","width":115,"height":82,"caption":"MioMio Run"},"image":{"@id":"https:\/\/www.miomiorun.com\/fr\/#\/schema\/logo\/image\/"},"sameAs":["https:\/\/www.facebook.com\/miomiorun\/","https:\/\/www.instagram.com\/miomiorun\/"]}]}},"_links":{"self":[{"href":"https:\/\/www.miomiorun.com\/fr\/wp-json\/wp\/v2\/product\/420951","targetHints":{"allow":["GET"]}}],"collection":[{"href":"https:\/\/www.miomiorun.com\/fr\/wp-json\/wp\/v2\/product"}],"about":[{"href":"https:\/\/www.miomiorun.com\/fr\/wp-json\/wp\/v2\/types\/product"}],"wp:featuredmedia":[{"embeddable":true,"href":"https:\/\/www.miomiorun.com\/fr\/wp-json\/wp\/v2\/media\/429035"}],"wp:attachment":[{"href":"https:\/\/www.miomiorun.com\/fr\/wp-json\/wp\/v2\/media?parent=420951"}],"wp:term":[{"taxonomy":"product_brand","embeddable":true,"href":"https:\/\/www.miomiorun.com\/fr\/wp-json\/wp\/v2\/product_brand?post=420951"},{"taxonomy":"product_cat","embeddable":true,"href":"https:\/\/www.miomiorun.com\/fr\/wp-json\/wp\/v2\/product_cat?post=420951"},{"taxonomy":"product_tag","embeddable":true,"href":"https:\/\/www.miomiorun.com\/fr\/wp-json\/wp\/v2\/product_tag?post=420951"}],"curies":[{"name":"wp","href":"https:\/\/api.w.org\/{rel}","templated":true}]}}