{"id":416116,"date":"2026-03-10T18:48:52","date_gmt":"2026-03-10T17:48:52","guid":{"rendered":"https:\/\/www.miomiorun.com\/?post_type=product&#038;p=416116"},"modified":"2026-04-16T18:29:50","modified_gmt":"2026-04-16T16:29:50","slug":"canopy-jacket-femme","status":"publish","type":"product","link":"https:\/\/www.miomiorun.com\/fr\/produit\/canopy-jacket-femme\/","title":{"rendered":"Canopy Jacket femme"},"content":{"rendered":"<div>\n<div class=\"m-feature__description m-feature__description col-lg-6 col-md-3 col-sm-2 show\">\n<div class=\"vertical__wrap\">\n<div class=\"m-feature__description m-feature__description col-lg-6 col-md-3 col-sm-2 show\">\n<div class=\"vertical__wrap\">\n<div class=\"m-feature__description m-feature__description col-lg-6 col-md-3 col-sm-2 show\">\n<div class=\"vertical__wrap\">\n<p data-start=\"191\" data-end=\"504\">La Canopy Jacket pour femme est une veste de course con\u00e7ue pour offrir une protection face aux conditions m\u00e9t\u00e9orologiques changeantes. Son tissu r\u00e9sistant au vent et \u00e0 l&#8217;eau est con\u00e7u pour affronter la pluie l\u00e9g\u00e8re et les journ\u00e9es venteuses, ce qui la rend \u00e9galement id\u00e9ale comme couche suppl\u00e9mentaire pendant l&#8217;\u00e9chauffement ou la r\u00e9cup\u00e9ration.<\/p>\n<p data-start=\"506\" data-end=\"844\">La structure en tissu quadrielastique avec finition d\u00e9perlante \u00e9pouse la forme du corps tout en pr\u00e9servant la libert\u00e9 de mouvement gr\u00e2ce \u00e0 sa coupe semi-ajust\u00e9e. Les ouvertures dans le dos sont con\u00e7ues pour favoriser la ventilation pendant l&#8217;activit\u00e9, tandis que les poignets \u00e9lastiqu\u00e9s contribuent \u00e0 maintenir un ajustement stable.<\/p>\n<p data-start=\"846\" data-end=\"1157\">Les poches pour les mains zipp\u00e9es offrent de la place pour les objets essentiels et comprennent une poche int\u00e9rieure \u00e9lastiqu\u00e9e con\u00e7ue pour ranger en toute s\u00e9curit\u00e9 ce que vous ne voulez pas perdre. Une bande r\u00e9fl\u00e9chissante dans le bas du dos compl\u00e8te le v\u00eatement. Le tissu contient 6,4 % de mat\u00e9riaux recycl\u00e9s.<\/p>\n<\/div>\n<\/div>\n<\/div>\n<\/div>\n<\/div>\n<\/div>\n<p>&nbsp;<\/p>\n<\/div>\n","protected":false},"excerpt":{"rendered":"<ul>\n<li data-start=\"1189\" data-end=\"1263\">Tissu r\u00e9sistant au vent et \u00e0 la pluie l\u00e9g\u00e8re, avec finition d\u00e9perlante<\/li>\n<li data-start=\"1266\" data-end=\"1341\">A\u00e9ration \u00e0 l&#8217;arri\u00e8re et tissu quadrielastique pour une grande libert\u00e9 de mouvement<\/li>\n<li data-start=\"1344\" data-end=\"1390\">Poches zipp\u00e9es et poche int\u00e9rieure \u00e9lastiqu\u00e9e<\/li>\n<\/ul>\n<p>&nbsp;<\/p>\n","protected":false},"featured_media":418246,"template":"","meta":{"_acf_changed":false,"inline_featured_image":false},"product_brand":[],"product_cat":[22599,22596,22595],"product_tag":[23462,23656],"class_list":{"0":"post-416116","1":"product","2":"type-product","3":"status-publish","4":"has-post-thumbnail","6":"product_cat-vestes","7":"product_cat-vetements-pour-femmes","8":"product_cat-femme","9":"product_tag-brooks-fr","10":"product_tag-brooks-femme","11":"pa_attivita-marcher","12":"pa_attivita-running-fr","13":"pa_colore-w-canopy-jacket-luminary-black","14":"pa_marca-brooks-fr","15":"pa_sesso-femme","16":"pa_size-extra-small-fr","17":"pa_size-small-fr","18":"pa_size-medium-fr","20":"first","21":"instock","22":"sale","23":"taxable","24":"shipping-taxable","25":"purchasable","26":"product-type-variable","27":"wvs-archive-product-wrapper"},"acf":[],"yoast_head":"<!-- This site is optimized with the Yoast SEO plugin v26.8 - https:\/\/yoast.com\/product\/yoast-seo-wordpress\/ -->\n<title>Brooks Canopy Jacket femme - Veste de course \u00e0 pied - MioMioRun.com<\/title>\n<meta name=\"description\" content=\"Veste Canopy pour femme, r\u00e9sistante au vent et \u00e0 la pluie l\u00e9g\u00e8re, dot\u00e9e d&#039;une a\u00e9ration dans le dos et de poches zipp\u00e9es, id\u00e9ale pour la course \u00e0 pied. D\u00e9couvrez-la avec nous !\" \/>\n<meta name=\"robots\" content=\"index, follow, max-snippet:-1, max-image-preview:large, max-video-preview:-1\" \/>\n<link rel=\"canonical\" href=\"https:\/\/www.miomiorun.com\/fr\/produit\/canopy-jacket-femme\/\" \/>\n<meta property=\"og:locale\" content=\"fr_FR\" \/>\n<meta property=\"og:type\" content=\"article\" \/>\n<meta property=\"og:title\" content=\"Brooks Canopy Jacket femme - Veste de course \u00e0 pied - MioMioRun.com\" \/>\n<meta property=\"og:description\" content=\"Veste Canopy pour femme, r\u00e9sistante au vent et \u00e0 la pluie l\u00e9g\u00e8re, dot\u00e9e d&#039;une a\u00e9ration dans le dos et de poches zipp\u00e9es, id\u00e9ale pour la course \u00e0 pied. D\u00e9couvrez-la avec nous !\" \/>\n<meta property=\"og:url\" content=\"https:\/\/www.miomiorun.com\/fr\/produit\/canopy-jacket-femme\/\" \/>\n<meta property=\"og:site_name\" content=\"MioMioRun\" \/>\n<meta property=\"article:publisher\" content=\"https:\/\/www.facebook.com\/miomiorun\/\" \/>\n<meta property=\"article:modified_time\" content=\"2026-04-16T16:29:50+00:00\" \/>\n<meta property=\"og:image\" content=\"https:\/\/www.miomiorun.com\/app\/uploads\/2026\/03\/brooks-W-Canopy-jacket-luminary-black-221751732.webp\" \/>\n\t<meta property=\"og:image:width\" content=\"720\" \/>\n\t<meta property=\"og:image:height\" content=\"720\" \/>\n\t<meta property=\"og:image:type\" content=\"image\/webp\" \/>\n<meta name=\"twitter:card\" content=\"summary_large_image\" \/>\n<meta name=\"twitter:label1\" content=\"Est. reading time\" \/>\n\t<meta name=\"twitter:data1\" content=\"1 minute\" \/>\n<script type=\"application\/ld+json\" class=\"yoast-schema-graph\">{\"@context\":\"https:\/\/schema.org\",\"@graph\":[{\"@type\":\"WebPage\",\"@id\":\"https:\/\/www.miomiorun.com\/fr\/produit\/canopy-jacket-femme\/\",\"url\":\"https:\/\/www.miomiorun.com\/fr\/produit\/canopy-jacket-femme\/\",\"name\":\"Brooks Canopy Jacket femme - Veste de course \u00e0 pied - MioMioRun.com\",\"isPartOf\":{\"@id\":\"https:\/\/www.miomiorun.com\/fr\/#website\"},\"primaryImageOfPage\":{\"@id\":\"https:\/\/www.miomiorun.com\/fr\/produit\/canopy-jacket-femme\/#primaryimage\"},\"image\":{\"@id\":\"https:\/\/www.miomiorun.com\/fr\/produit\/canopy-jacket-femme\/#primaryimage\"},\"thumbnailUrl\":\"https:\/\/www.miomiorun.com\/app\/uploads\/2026\/03\/brooks-W-Canopy-jacket-luminary-black-221751732.webp\",\"datePublished\":\"2026-03-10T17:48:52+00:00\",\"dateModified\":\"2026-04-16T16:29:50+00:00\",\"description\":\"Veste Canopy pour femme, r\u00e9sistante au vent et \u00e0 la pluie l\u00e9g\u00e8re, dot\u00e9e d'une a\u00e9ration dans le dos et de poches zipp\u00e9es, id\u00e9ale pour la course \u00e0 pied. D\u00e9couvrez-la avec nous !\",\"breadcrumb\":{\"@id\":\"https:\/\/www.miomiorun.com\/fr\/produit\/canopy-jacket-femme\/#breadcrumb\"},\"inLanguage\":\"fr-FR\",\"potentialAction\":[{\"@type\":\"ReadAction\",\"target\":[\"https:\/\/www.miomiorun.com\/fr\/produit\/canopy-jacket-femme\/\"]}]},{\"@type\":\"ImageObject\",\"inLanguage\":\"fr-FR\",\"@id\":\"https:\/\/www.miomiorun.com\/fr\/produit\/canopy-jacket-femme\/#primaryimage\",\"url\":\"https:\/\/www.miomiorun.com\/app\/uploads\/2026\/03\/brooks-W-Canopy-jacket-luminary-black-221751732.webp\",\"contentUrl\":\"https:\/\/www.miomiorun.com\/app\/uploads\/2026\/03\/brooks-W-Canopy-jacket-luminary-black-221751732.webp\",\"width\":720,\"height\":720,\"caption\":\"brooks W Canopy jacket luminary black 221751732\"},{\"@type\":\"BreadcrumbList\",\"@id\":\"https:\/\/www.miomiorun.com\/fr\/produit\/canopy-jacket-femme\/#breadcrumb\",\"itemListElement\":[{\"@type\":\"ListItem\",\"position\":1,\"name\":\"Home\",\"item\":\"https:\/\/www.miomiorun.com\/fr\/home-page\/\"},{\"@type\":\"ListItem\",\"position\":2,\"name\":\"Shop\",\"item\":\"https:\/\/www.miomiorun.com\/shop\/\"},{\"@type\":\"ListItem\",\"position\":3,\"name\":\"Canopy Jacket femme\"}]},{\"@type\":\"WebSite\",\"@id\":\"https:\/\/www.miomiorun.com\/fr\/#website\",\"url\":\"https:\/\/www.miomiorun.com\/fr\/\",\"name\":\"MioMioRun\",\"description\":\"Boutique 100% running et trail\",\"publisher\":{\"@id\":\"https:\/\/www.miomiorun.com\/fr\/#organization\"},\"potentialAction\":[{\"@type\":\"SearchAction\",\"target\":{\"@type\":\"EntryPoint\",\"urlTemplate\":\"https:\/\/www.miomiorun.com\/fr\/?s={search_term_string}\"},\"query-input\":{\"@type\":\"PropertyValueSpecification\",\"valueRequired\":true,\"valueName\":\"search_term_string\"}}],\"inLanguage\":\"fr-FR\"},{\"@type\":\"Organization\",\"@id\":\"https:\/\/www.miomiorun.com\/fr\/#organization\",\"name\":\"MioMio Run\",\"url\":\"https:\/\/www.miomiorun.com\/fr\/\",\"logo\":{\"@type\":\"ImageObject\",\"inLanguage\":\"fr-FR\",\"@id\":\"https:\/\/www.miomiorun.com\/fr\/#\/schema\/logo\/image\/\",\"url\":\"https:\/\/www.miomiorun.com\/app\/uploads\/2019\/12\/logomio.png\",\"contentUrl\":\"https:\/\/www.miomiorun.com\/app\/uploads\/2019\/12\/logomio.png\",\"width\":115,\"height\":82,\"caption\":\"MioMio Run\"},\"image\":{\"@id\":\"https:\/\/www.miomiorun.com\/fr\/#\/schema\/logo\/image\/\"},\"sameAs\":[\"https:\/\/www.facebook.com\/miomiorun\/\",\"https:\/\/www.instagram.com\/miomiorun\/\"]}]}<\/script>\n<!-- \/ Yoast SEO plugin. -->","yoast_head_json":{"title":"Brooks Canopy Jacket femme - Veste de course \u00e0 pied - MioMioRun.com","description":"Veste Canopy pour femme, r\u00e9sistante au vent et \u00e0 la pluie l\u00e9g\u00e8re, dot\u00e9e d'une a\u00e9ration dans le dos et de poches zipp\u00e9es, id\u00e9ale pour la course \u00e0 pied. D\u00e9couvrez-la avec nous !","robots":{"index":"index","follow":"follow","max-snippet":"max-snippet:-1","max-image-preview":"max-image-preview:large","max-video-preview":"max-video-preview:-1"},"canonical":"https:\/\/www.miomiorun.com\/fr\/produit\/canopy-jacket-femme\/","og_locale":"fr_FR","og_type":"article","og_title":"Brooks Canopy Jacket femme - Veste de course \u00e0 pied - MioMioRun.com","og_description":"Veste Canopy pour femme, r\u00e9sistante au vent et \u00e0 la pluie l\u00e9g\u00e8re, dot\u00e9e d'une a\u00e9ration dans le dos et de poches zipp\u00e9es, id\u00e9ale pour la course \u00e0 pied. D\u00e9couvrez-la avec nous !","og_url":"https:\/\/www.miomiorun.com\/fr\/produit\/canopy-jacket-femme\/","og_site_name":"MioMioRun","article_publisher":"https:\/\/www.facebook.com\/miomiorun\/","article_modified_time":"2026-04-16T16:29:50+00:00","og_image":[{"width":720,"height":720,"url":"https:\/\/www.miomiorun.com\/app\/uploads\/2026\/03\/brooks-W-Canopy-jacket-luminary-black-221751732.webp","type":"image\/webp"}],"twitter_card":"summary_large_image","twitter_misc":{"Est. reading time":"1 minute"},"schema":{"@context":"https:\/\/schema.org","@graph":[{"@type":"WebPage","@id":"https:\/\/www.miomiorun.com\/fr\/produit\/canopy-jacket-femme\/","url":"https:\/\/www.miomiorun.com\/fr\/produit\/canopy-jacket-femme\/","name":"Brooks Canopy Jacket femme - Veste de course \u00e0 pied - MioMioRun.com","isPartOf":{"@id":"https:\/\/www.miomiorun.com\/fr\/#website"},"primaryImageOfPage":{"@id":"https:\/\/www.miomiorun.com\/fr\/produit\/canopy-jacket-femme\/#primaryimage"},"image":{"@id":"https:\/\/www.miomiorun.com\/fr\/produit\/canopy-jacket-femme\/#primaryimage"},"thumbnailUrl":"https:\/\/www.miomiorun.com\/app\/uploads\/2026\/03\/brooks-W-Canopy-jacket-luminary-black-221751732.webp","datePublished":"2026-03-10T17:48:52+00:00","dateModified":"2026-04-16T16:29:50+00:00","description":"Veste Canopy pour femme, r\u00e9sistante au vent et \u00e0 la pluie l\u00e9g\u00e8re, dot\u00e9e d'une a\u00e9ration dans le dos et de poches zipp\u00e9es, id\u00e9ale pour la course \u00e0 pied. D\u00e9couvrez-la avec nous !","breadcrumb":{"@id":"https:\/\/www.miomiorun.com\/fr\/produit\/canopy-jacket-femme\/#breadcrumb"},"inLanguage":"fr-FR","potentialAction":[{"@type":"ReadAction","target":["https:\/\/www.miomiorun.com\/fr\/produit\/canopy-jacket-femme\/"]}]},{"@type":"ImageObject","inLanguage":"fr-FR","@id":"https:\/\/www.miomiorun.com\/fr\/produit\/canopy-jacket-femme\/#primaryimage","url":"https:\/\/www.miomiorun.com\/app\/uploads\/2026\/03\/brooks-W-Canopy-jacket-luminary-black-221751732.webp","contentUrl":"https:\/\/www.miomiorun.com\/app\/uploads\/2026\/03\/brooks-W-Canopy-jacket-luminary-black-221751732.webp","width":720,"height":720,"caption":"brooks W Canopy jacket luminary black 221751732"},{"@type":"BreadcrumbList","@id":"https:\/\/www.miomiorun.com\/fr\/produit\/canopy-jacket-femme\/#breadcrumb","itemListElement":[{"@type":"ListItem","position":1,"name":"Home","item":"https:\/\/www.miomiorun.com\/fr\/home-page\/"},{"@type":"ListItem","position":2,"name":"Shop","item":"https:\/\/www.miomiorun.com\/shop\/"},{"@type":"ListItem","position":3,"name":"Canopy Jacket femme"}]},{"@type":"WebSite","@id":"https:\/\/www.miomiorun.com\/fr\/#website","url":"https:\/\/www.miomiorun.com\/fr\/","name":"MioMioRun","description":"Boutique 100% running et trail","publisher":{"@id":"https:\/\/www.miomiorun.com\/fr\/#organization"},"potentialAction":[{"@type":"SearchAction","target":{"@type":"EntryPoint","urlTemplate":"https:\/\/www.miomiorun.com\/fr\/?s={search_term_string}"},"query-input":{"@type":"PropertyValueSpecification","valueRequired":true,"valueName":"search_term_string"}}],"inLanguage":"fr-FR"},{"@type":"Organization","@id":"https:\/\/www.miomiorun.com\/fr\/#organization","name":"MioMio Run","url":"https:\/\/www.miomiorun.com\/fr\/","logo":{"@type":"ImageObject","inLanguage":"fr-FR","@id":"https:\/\/www.miomiorun.com\/fr\/#\/schema\/logo\/image\/","url":"https:\/\/www.miomiorun.com\/app\/uploads\/2019\/12\/logomio.png","contentUrl":"https:\/\/www.miomiorun.com\/app\/uploads\/2019\/12\/logomio.png","width":115,"height":82,"caption":"MioMio Run"},"image":{"@id":"https:\/\/www.miomiorun.com\/fr\/#\/schema\/logo\/image\/"},"sameAs":["https:\/\/www.facebook.com\/miomiorun\/","https:\/\/www.instagram.com\/miomiorun\/"]}]}},"_links":{"self":[{"href":"https:\/\/www.miomiorun.com\/fr\/wp-json\/wp\/v2\/product\/416116","targetHints":{"allow":["GET"]}}],"collection":[{"href":"https:\/\/www.miomiorun.com\/fr\/wp-json\/wp\/v2\/product"}],"about":[{"href":"https:\/\/www.miomiorun.com\/fr\/wp-json\/wp\/v2\/types\/product"}],"wp:featuredmedia":[{"embeddable":true,"href":"https:\/\/www.miomiorun.com\/fr\/wp-json\/wp\/v2\/media\/418246"}],"wp:attachment":[{"href":"https:\/\/www.miomiorun.com\/fr\/wp-json\/wp\/v2\/media?parent=416116"}],"wp:term":[{"taxonomy":"product_brand","embeddable":true,"href":"https:\/\/www.miomiorun.com\/fr\/wp-json\/wp\/v2\/product_brand?post=416116"},{"taxonomy":"product_cat","embeddable":true,"href":"https:\/\/www.miomiorun.com\/fr\/wp-json\/wp\/v2\/product_cat?post=416116"},{"taxonomy":"product_tag","embeddable":true,"href":"https:\/\/www.miomiorun.com\/fr\/wp-json\/wp\/v2\/product_tag?post=416116"}],"curies":[{"name":"wp","href":"https:\/\/api.w.org\/{rel}","templated":true}]}}