{"id":415683,"date":"2026-03-10T10:20:20","date_gmt":"2026-03-10T09:20:20","guid":{"rendered":"https:\/\/www.miomiorun.com\/?post_type=product&#038;p=415683"},"modified":"2026-05-09T13:49:22","modified_gmt":"2026-05-09T11:49:22","slug":"cascadia-elite","status":"publish","type":"product","link":"https:\/\/www.miomiorun.com\/fr\/produit\/cascadia-elite\/","title":{"rendered":"Cascadia Elite"},"content":{"rendered":"<table style=\"border-collapse: collapse;width: 100%\">\n<tbody>\n<tr>\n<td style=\"width: 33.3333%\"><strong>Caract\u00e9ristiques techniques<\/strong><\/p>\n<p>Cat\u00e9gorie : amorti haut de gamme<br \/>\nD\u00e9port : 6 mm<br \/>\nPoids : 266 g<br \/>\nId\u00e9ale pour : les coureurs de trail \u00e0 la recherche d&#8217;un mod\u00e8le amorti, l\u00e9ger et offrant un excellent rebond, pouvant \u00eatre utilis\u00e9 pour les longues et moyennes distances en montagne et sur les chemins de terre.<br \/>\nPoids de l&#8217;athl\u00e8te : 70-90 kg<br \/>\nAllure de course : moyenne \u00e0 lente (&gt;5,00 min\/km)<br \/>\n<a href=\"https:\/\/miomiorun.com\/guida-alle-specifiche-tecniche\/\">Guide des caract\u00e9ristiques techniques<\/a><\/td>\n<td style=\"width: 66.6666%\">\n<p data-start=\"293\" data-end=\"609\">La Cascadia Elite incarne une nouvelle interpr\u00e9tation de la vitesse en trail. Con\u00e7ue pour la comp\u00e9tition sur sentier, elle allie un amorti r\u00e9actif, une adh\u00e9rence de pointe et une structure pens\u00e9e pour garantir stabilit\u00e9 et pr\u00e9cision m\u00eame sur les passages les plus techniques. <span class=\"\" data-state=\"closed\"><\/span><\/p>\n<p data-start=\"611\" data-end=\"1024\">Le c\u0153ur de la chaussure est la semelle interm\u00e9diaire en <strong data-start=\"652\" data-end=\"674\">DNA GOLD 100 % PEBA<\/strong>, une mousse l\u00e9g\u00e8re et r\u00e9active con\u00e7ue pour offrir une sensation de propulsion pendant la course. Entre les couches d&#8217;amorti est int\u00e9gr\u00e9e la <strong data-start=\"820\" data-end=\"881\">plaque Pebax SpeedVault+ Trail avec infusion de carbone<\/strong>, con\u00e7ue pour favoriser une propulsion dynamique et accompagner la foul\u00e9e m\u00eame sur de longues distances. <span class=\"\" data-state=\"closed\"><\/span><\/p>\n<p data-start=\"1026\" data-end=\"1353\">La semelle <strong data-start=\"1035\" data-end=\"1061\">Vibram\u00ae Megagrip Elite<\/strong> est con\u00e7ue pour garantir une adh\u00e9rence sur diff\u00e9rentes surfaces et dans des conditions variables, tandis que la tige <strong data-start=\"1163\" data-end=\"1221\">MATRYX\u00ae en tissu technique renforc\u00e9 de fibres de Kevlar\u00ae<\/strong> contribue \u00e0 stabiliser le pied pendant la course tout en conservant souplesse et r\u00e9sistance. <span class=\"\" data-state=\"closed\"><\/span><\/p>\n<p data-start=\"1355\" data-end=\"1542\">La Cascadia Elite est con\u00e7ue pour le trail de comp\u00e9tition, des courses verticales aux ultra-trails.<\/p>\n<\/td>\n<\/tr>\n<\/tbody>\n<\/table>\n<p>&nbsp;<\/p>\n","protected":false},"excerpt":{"rendered":"<ul>\n<li data-start=\"1574\" data-end=\"1633\">Amorti <strong data-start=\"1590\" data-end=\"1612\">DNA GOLD 100 % PEBA<\/strong> l\u00e9ger et r\u00e9actif<\/li>\n<li data-start=\"1636\" data-end=\"1702\"><strong data-start=\"1636\" data-end=\"1684\">Semelle interm\u00e9diaire Pebax SpeedVault+ Trail avec carbone<\/strong> pour la propulsion<\/li>\n<li data-start=\"1705\" data-end=\"1772\">Semelle <strong data-start=\"1711\" data-end=\"1737\">Vibram\u00ae Megagrip Elite<\/strong> et tige <strong data-start=\"1747\" data-end=\"1770\">MATRYX\u00ae avec Kevlar\u00ae<\/strong><\/li>\n<\/ul>\n","protected":false},"featured_media":416690,"template":"","meta":{"_acf_changed":false,"inline_featured_image":false},"product_brand":[],"product_cat":[22605,24448,22608,24445],"product_tag":[23462,23656,23655],"class_list":{"0":"post-415683","1":"product","2":"type-product","3":"status-publish","4":"has-post-thumbnail","6":"product_cat-chaussures-pour-femmes","7":"product_cat-chaussures-pour-hommes-fr","8":"product_cat-trail-fr","9":"product_cat-trail-fr-3","10":"product_tag-brooks-fr","11":"product_tag-brooks-femme","12":"product_tag-brooks-homme","13":"pa_attivita-outdoor-fr","14":"pa_attivita-trail-fr","15":"pa_colore-cascadia-elite-star-white-bluefish-black","16":"pa_marca-brooks-fr","17":"pa_sesso-homme","18":"pa_size-42-5-fr","19":"pa_size-43-fr","20":"pa_size-44-fr","21":"pa_size-44-5-fr","22":"pa_size-45-fr","24":"first","25":"instock","26":"sale","27":"taxable","28":"shipping-taxable","29":"purchasable","30":"product-type-variable","31":"wvs-archive-product-wrapper"},"acf":[],"yoast_head":"<!-- This site is optimized with the Yoast SEO plugin v26.8 - https:\/\/yoast.com\/product\/yoast-seo-wordpress\/ -->\n<title>Brooks Cascadia Elite - chaussures de trail unisexes - MioMioRun.com<\/title>\n<meta name=\"description\" content=\"Chaussures de trail Brooks Cascadia Elite dot\u00e9es de la technologie DNA GOLD PEBA, d&#039;une semelle interm\u00e9diaire SpeedVault+ et d&#039;une semelle ext\u00e9rieure Vibram Megagrip Elite, con\u00e7ues pour les courses et les ultra-trails.\" \/>\n<meta name=\"robots\" content=\"index, follow, max-snippet:-1, max-image-preview:large, max-video-preview:-1\" \/>\n<link rel=\"canonical\" href=\"https:\/\/www.miomiorun.com\/fr\/produit\/cascadia-elite\/\" \/>\n<meta property=\"og:locale\" content=\"fr_FR\" \/>\n<meta property=\"og:type\" content=\"article\" \/>\n<meta property=\"og:title\" content=\"Brooks Cascadia Elite - chaussures de trail unisexes - MioMioRun.com\" \/>\n<meta property=\"og:description\" content=\"Chaussures de trail Brooks Cascadia Elite dot\u00e9es de la technologie DNA GOLD PEBA, d&#039;une semelle interm\u00e9diaire SpeedVault+ et d&#039;une semelle ext\u00e9rieure Vibram Megagrip Elite, con\u00e7ues pour les courses et les ultra-trails.\" \/>\n<meta property=\"og:url\" content=\"https:\/\/www.miomiorun.com\/fr\/produit\/cascadia-elite\/\" \/>\n<meta property=\"og:site_name\" content=\"MioMioRun\" \/>\n<meta property=\"article:publisher\" content=\"https:\/\/www.facebook.com\/miomiorun\/\" \/>\n<meta property=\"article:modified_time\" content=\"2026-05-09T11:49:22+00:00\" \/>\n<meta property=\"og:image\" content=\"https:\/\/www.miomiorun.com\/app\/uploads\/2026\/03\/brooks-Cascadia-Elite-star-white-bluefish-black-1000551D116.webp\" \/>\n\t<meta property=\"og:image:width\" content=\"720\" \/>\n\t<meta property=\"og:image:height\" content=\"720\" \/>\n\t<meta property=\"og:image:type\" content=\"image\/webp\" \/>\n<meta name=\"twitter:card\" content=\"summary_large_image\" \/>\n<meta name=\"twitter:label1\" content=\"Est. reading time\" \/>\n\t<meta name=\"twitter:data1\" content=\"1 minute\" \/>\n<script type=\"application\/ld+json\" class=\"yoast-schema-graph\">{\"@context\":\"https:\/\/schema.org\",\"@graph\":[{\"@type\":\"WebPage\",\"@id\":\"https:\/\/www.miomiorun.com\/fr\/produit\/cascadia-elite\/\",\"url\":\"https:\/\/www.miomiorun.com\/fr\/produit\/cascadia-elite\/\",\"name\":\"Brooks Cascadia Elite - chaussures de trail unisexes - MioMioRun.com\",\"isPartOf\":{\"@id\":\"https:\/\/www.miomiorun.com\/fr\/#website\"},\"primaryImageOfPage\":{\"@id\":\"https:\/\/www.miomiorun.com\/fr\/produit\/cascadia-elite\/#primaryimage\"},\"image\":{\"@id\":\"https:\/\/www.miomiorun.com\/fr\/produit\/cascadia-elite\/#primaryimage\"},\"thumbnailUrl\":\"https:\/\/www.miomiorun.com\/app\/uploads\/2026\/03\/brooks-Cascadia-Elite-star-white-bluefish-black-1000551D116.webp\",\"datePublished\":\"2026-03-10T09:20:20+00:00\",\"dateModified\":\"2026-05-09T11:49:22+00:00\",\"description\":\"Chaussures de trail Brooks Cascadia Elite dot\u00e9es de la technologie DNA GOLD PEBA, d'une semelle interm\u00e9diaire SpeedVault+ et d'une semelle ext\u00e9rieure Vibram Megagrip Elite, con\u00e7ues pour les courses et les ultra-trails.\",\"breadcrumb\":{\"@id\":\"https:\/\/www.miomiorun.com\/fr\/produit\/cascadia-elite\/#breadcrumb\"},\"inLanguage\":\"fr-FR\",\"potentialAction\":[{\"@type\":\"ReadAction\",\"target\":[\"https:\/\/www.miomiorun.com\/fr\/produit\/cascadia-elite\/\"]}]},{\"@type\":\"ImageObject\",\"inLanguage\":\"fr-FR\",\"@id\":\"https:\/\/www.miomiorun.com\/fr\/produit\/cascadia-elite\/#primaryimage\",\"url\":\"https:\/\/www.miomiorun.com\/app\/uploads\/2026\/03\/brooks-Cascadia-Elite-star-white-bluefish-black-1000551D116.webp\",\"contentUrl\":\"https:\/\/www.miomiorun.com\/app\/uploads\/2026\/03\/brooks-Cascadia-Elite-star-white-bluefish-black-1000551D116.webp\",\"width\":720,\"height\":720,\"caption\":\"brooks Cascadia Elite star white bluefish black 1000551D116\"},{\"@type\":\"BreadcrumbList\",\"@id\":\"https:\/\/www.miomiorun.com\/fr\/produit\/cascadia-elite\/#breadcrumb\",\"itemListElement\":[{\"@type\":\"ListItem\",\"position\":1,\"name\":\"Home\",\"item\":\"https:\/\/www.miomiorun.com\/fr\/home-page\/\"},{\"@type\":\"ListItem\",\"position\":2,\"name\":\"Shop\",\"item\":\"https:\/\/www.miomiorun.com\/shop\/\"},{\"@type\":\"ListItem\",\"position\":3,\"name\":\"Cascadia Elite\"}]},{\"@type\":\"WebSite\",\"@id\":\"https:\/\/www.miomiorun.com\/fr\/#website\",\"url\":\"https:\/\/www.miomiorun.com\/fr\/\",\"name\":\"MioMioRun\",\"description\":\"Boutique 100% running et trail\",\"publisher\":{\"@id\":\"https:\/\/www.miomiorun.com\/fr\/#organization\"},\"potentialAction\":[{\"@type\":\"SearchAction\",\"target\":{\"@type\":\"EntryPoint\",\"urlTemplate\":\"https:\/\/www.miomiorun.com\/fr\/?s={search_term_string}\"},\"query-input\":{\"@type\":\"PropertyValueSpecification\",\"valueRequired\":true,\"valueName\":\"search_term_string\"}}],\"inLanguage\":\"fr-FR\"},{\"@type\":\"Organization\",\"@id\":\"https:\/\/www.miomiorun.com\/fr\/#organization\",\"name\":\"MioMio Run\",\"url\":\"https:\/\/www.miomiorun.com\/fr\/\",\"logo\":{\"@type\":\"ImageObject\",\"inLanguage\":\"fr-FR\",\"@id\":\"https:\/\/www.miomiorun.com\/fr\/#\/schema\/logo\/image\/\",\"url\":\"https:\/\/www.miomiorun.com\/app\/uploads\/2019\/12\/logomio.png\",\"contentUrl\":\"https:\/\/www.miomiorun.com\/app\/uploads\/2019\/12\/logomio.png\",\"width\":115,\"height\":82,\"caption\":\"MioMio Run\"},\"image\":{\"@id\":\"https:\/\/www.miomiorun.com\/fr\/#\/schema\/logo\/image\/\"},\"sameAs\":[\"https:\/\/www.facebook.com\/miomiorun\/\",\"https:\/\/www.instagram.com\/miomiorun\/\"]}]}<\/script>\n<!-- \/ Yoast SEO plugin. -->","yoast_head_json":{"title":"Brooks Cascadia Elite - chaussures de trail unisexes - MioMioRun.com","description":"Chaussures de trail Brooks Cascadia Elite dot\u00e9es de la technologie DNA GOLD PEBA, d'une semelle interm\u00e9diaire SpeedVault+ et d'une semelle ext\u00e9rieure Vibram Megagrip Elite, con\u00e7ues pour les courses et les ultra-trails.","robots":{"index":"index","follow":"follow","max-snippet":"max-snippet:-1","max-image-preview":"max-image-preview:large","max-video-preview":"max-video-preview:-1"},"canonical":"https:\/\/www.miomiorun.com\/fr\/produit\/cascadia-elite\/","og_locale":"fr_FR","og_type":"article","og_title":"Brooks Cascadia Elite - chaussures de trail unisexes - MioMioRun.com","og_description":"Chaussures de trail Brooks Cascadia Elite dot\u00e9es de la technologie DNA GOLD PEBA, d'une semelle interm\u00e9diaire SpeedVault+ et d'une semelle ext\u00e9rieure Vibram Megagrip Elite, con\u00e7ues pour les courses et les ultra-trails.","og_url":"https:\/\/www.miomiorun.com\/fr\/produit\/cascadia-elite\/","og_site_name":"MioMioRun","article_publisher":"https:\/\/www.facebook.com\/miomiorun\/","article_modified_time":"2026-05-09T11:49:22+00:00","og_image":[{"width":720,"height":720,"url":"https:\/\/www.miomiorun.com\/app\/uploads\/2026\/03\/brooks-Cascadia-Elite-star-white-bluefish-black-1000551D116.webp","type":"image\/webp"}],"twitter_card":"summary_large_image","twitter_misc":{"Est. reading time":"1 minute"},"schema":{"@context":"https:\/\/schema.org","@graph":[{"@type":"WebPage","@id":"https:\/\/www.miomiorun.com\/fr\/produit\/cascadia-elite\/","url":"https:\/\/www.miomiorun.com\/fr\/produit\/cascadia-elite\/","name":"Brooks Cascadia Elite - chaussures de trail unisexes - MioMioRun.com","isPartOf":{"@id":"https:\/\/www.miomiorun.com\/fr\/#website"},"primaryImageOfPage":{"@id":"https:\/\/www.miomiorun.com\/fr\/produit\/cascadia-elite\/#primaryimage"},"image":{"@id":"https:\/\/www.miomiorun.com\/fr\/produit\/cascadia-elite\/#primaryimage"},"thumbnailUrl":"https:\/\/www.miomiorun.com\/app\/uploads\/2026\/03\/brooks-Cascadia-Elite-star-white-bluefish-black-1000551D116.webp","datePublished":"2026-03-10T09:20:20+00:00","dateModified":"2026-05-09T11:49:22+00:00","description":"Chaussures de trail Brooks Cascadia Elite dot\u00e9es de la technologie DNA GOLD PEBA, d'une semelle interm\u00e9diaire SpeedVault+ et d'une semelle ext\u00e9rieure Vibram Megagrip Elite, con\u00e7ues pour les courses et les ultra-trails.","breadcrumb":{"@id":"https:\/\/www.miomiorun.com\/fr\/produit\/cascadia-elite\/#breadcrumb"},"inLanguage":"fr-FR","potentialAction":[{"@type":"ReadAction","target":["https:\/\/www.miomiorun.com\/fr\/produit\/cascadia-elite\/"]}]},{"@type":"ImageObject","inLanguage":"fr-FR","@id":"https:\/\/www.miomiorun.com\/fr\/produit\/cascadia-elite\/#primaryimage","url":"https:\/\/www.miomiorun.com\/app\/uploads\/2026\/03\/brooks-Cascadia-Elite-star-white-bluefish-black-1000551D116.webp","contentUrl":"https:\/\/www.miomiorun.com\/app\/uploads\/2026\/03\/brooks-Cascadia-Elite-star-white-bluefish-black-1000551D116.webp","width":720,"height":720,"caption":"brooks Cascadia Elite star white bluefish black 1000551D116"},{"@type":"BreadcrumbList","@id":"https:\/\/www.miomiorun.com\/fr\/produit\/cascadia-elite\/#breadcrumb","itemListElement":[{"@type":"ListItem","position":1,"name":"Home","item":"https:\/\/www.miomiorun.com\/fr\/home-page\/"},{"@type":"ListItem","position":2,"name":"Shop","item":"https:\/\/www.miomiorun.com\/shop\/"},{"@type":"ListItem","position":3,"name":"Cascadia Elite"}]},{"@type":"WebSite","@id":"https:\/\/www.miomiorun.com\/fr\/#website","url":"https:\/\/www.miomiorun.com\/fr\/","name":"MioMioRun","description":"Boutique 100% running et trail","publisher":{"@id":"https:\/\/www.miomiorun.com\/fr\/#organization"},"potentialAction":[{"@type":"SearchAction","target":{"@type":"EntryPoint","urlTemplate":"https:\/\/www.miomiorun.com\/fr\/?s={search_term_string}"},"query-input":{"@type":"PropertyValueSpecification","valueRequired":true,"valueName":"search_term_string"}}],"inLanguage":"fr-FR"},{"@type":"Organization","@id":"https:\/\/www.miomiorun.com\/fr\/#organization","name":"MioMio Run","url":"https:\/\/www.miomiorun.com\/fr\/","logo":{"@type":"ImageObject","inLanguage":"fr-FR","@id":"https:\/\/www.miomiorun.com\/fr\/#\/schema\/logo\/image\/","url":"https:\/\/www.miomiorun.com\/app\/uploads\/2019\/12\/logomio.png","contentUrl":"https:\/\/www.miomiorun.com\/app\/uploads\/2019\/12\/logomio.png","width":115,"height":82,"caption":"MioMio Run"},"image":{"@id":"https:\/\/www.miomiorun.com\/fr\/#\/schema\/logo\/image\/"},"sameAs":["https:\/\/www.facebook.com\/miomiorun\/","https:\/\/www.instagram.com\/miomiorun\/"]}]}},"_links":{"self":[{"href":"https:\/\/www.miomiorun.com\/fr\/wp-json\/wp\/v2\/product\/415683","targetHints":{"allow":["GET"]}}],"collection":[{"href":"https:\/\/www.miomiorun.com\/fr\/wp-json\/wp\/v2\/product"}],"about":[{"href":"https:\/\/www.miomiorun.com\/fr\/wp-json\/wp\/v2\/types\/product"}],"wp:featuredmedia":[{"embeddable":true,"href":"https:\/\/www.miomiorun.com\/fr\/wp-json\/wp\/v2\/media\/416690"}],"wp:attachment":[{"href":"https:\/\/www.miomiorun.com\/fr\/wp-json\/wp\/v2\/media?parent=415683"}],"wp:term":[{"taxonomy":"product_brand","embeddable":true,"href":"https:\/\/www.miomiorun.com\/fr\/wp-json\/wp\/v2\/product_brand?post=415683"},{"taxonomy":"product_cat","embeddable":true,"href":"https:\/\/www.miomiorun.com\/fr\/wp-json\/wp\/v2\/product_cat?post=415683"},{"taxonomy":"product_tag","embeddable":true,"href":"https:\/\/www.miomiorun.com\/fr\/wp-json\/wp\/v2\/product_tag?post=415683"}],"curies":[{"name":"wp","href":"https:\/\/api.w.org\/{rel}","templated":true}]}}