{"id":415508,"date":"2026-03-10T09:45:55","date_gmt":"2026-03-10T08:45:55","guid":{"rendered":"https:\/\/www.miomiorun.com\/?post_type=product&#038;p=415508"},"modified":"2026-05-09T13:45:46","modified_gmt":"2026-05-09T11:45:46","slug":"road-to-records-singlet-homme","status":"publish","type":"product","link":"https:\/\/www.miomiorun.com\/fr\/produit\/road-to-records-singlet-homme\/","title":{"rendered":"Road to Records singlet homme"},"content":{"rendered":"<p data-start=\"207\" data-end=\"522\">Le d\u00e9bardeur Road to Records pour homme est un maillot de course \u00e0 pied con\u00e7u pour vous accompagner dans les moments o\u00f9 vous donnez le maximum, de la pr\u00e9paration aux entra\u00eenements jusqu&#8217;\u00e0 la ligne d&#8217;arriv\u00e9e. Sa structure ultra-l\u00e9g\u00e8re et respirante est con\u00e7ue pour offrir un bon maintien pendant la course sans compromettre la libert\u00e9 de mouvement.<\/p>\n<p data-start=\"524\" data-end=\"742\">Le design ajour\u00e9 favorise la ventilation, tandis que les coutures surjet\u00e9es sont con\u00e7ues pour r\u00e9duire les frottements pendant l&#8217;activit\u00e9. Les fentes lat\u00e9rales contribuent \u00e0 une plus grande mobilit\u00e9 \u00e0 chaque foul\u00e9e.<\/p>\n<p data-start=\"744\" data-end=\"889\">Fabriqu\u00e9 \u00e0 partir d&#8217;au moins 70 % de mat\u00e9riaux recycl\u00e9s, il allie fonctionnalit\u00e9 et souci de l&#8217;environnement. Coupe ajust\u00e9e avec encolure arrondie.<\/p>\n","protected":false},"excerpt":{"rendered":"<ul>\n<li data-start=\"921\" data-end=\"980\">Structure ultra-l\u00e9g\u00e8re et respirante avec un design ajour\u00e9<\/li>\n<li data-start=\"983\" data-end=\"1030\">Coutures thermocoll\u00e9es pour r\u00e9duire les frottements<\/li>\n<li data-start=\"1033\" data-end=\"1071\">Au moins 70 % de mat\u00e9riaux recycl\u00e9s<\/li>\n<\/ul>\n","protected":false},"featured_media":419842,"template":"","meta":{"_acf_changed":false,"inline_featured_image":false},"product_brand":[],"product_cat":[24257,24482],"product_tag":[23557,23564],"class_list":{"0":"post-415508","1":"product","2":"type-product","3":"status-publish","4":"has-post-thumbnail","6":"product_cat-gilets-fr","7":"product_cat-vetements-pour-hommes-fr","8":"product_tag-adidas-fr","9":"product_tag-adidas-homme","10":"pa_attivita-running-fr","11":"pa_colore-rtr-singlet-m-black","12":"pa_colore-rtr-singlet-m-tripur","13":"pa_marca-adidas-fr","14":"pa_sesso-homme","15":"pa_size-extra-small-fr","16":"pa_size-small-fr","17":"pa_size-medium-fr","18":"pa_size-large-fr","20":"first","21":"instock","22":"sale","23":"taxable","24":"shipping-taxable","25":"purchasable","26":"product-type-variable","27":"wvs-archive-product-wrapper"},"acf":[],"yoast_head":"<!-- This site is optimized with the Yoast SEO plugin v26.8 - https:\/\/yoast.com\/product\/yoast-seo-wordpress\/ -->\n<title>Adidas Road to Records singlet homme - d\u00e9bardeur de course homme - MioMioRun<\/title>\n<meta name=\"description\" content=\"D\u00e9bardeur de course adidas Road to Records pour homme, ultra-l\u00e9ger et respirant, fabriqu\u00e9 \u00e0 partir de mat\u00e9riaux recycl\u00e9s et dot\u00e9 de coutures renforc\u00e9es. D\u00e9couvrez-le sur notre site !\" \/>\n<meta name=\"robots\" content=\"index, follow, max-snippet:-1, max-image-preview:large, max-video-preview:-1\" \/>\n<link rel=\"canonical\" href=\"https:\/\/www.miomiorun.com\/fr\/produit\/road-to-records-singlet-homme\/\" \/>\n<meta property=\"og:locale\" content=\"fr_FR\" \/>\n<meta property=\"og:type\" content=\"article\" \/>\n<meta property=\"og:title\" content=\"Adidas Road to Records singlet homme - d\u00e9bardeur de course homme - MioMioRun\" \/>\n<meta property=\"og:description\" content=\"D\u00e9bardeur de course adidas Road to Records pour homme, ultra-l\u00e9ger et respirant, fabriqu\u00e9 \u00e0 partir de mat\u00e9riaux recycl\u00e9s et dot\u00e9 de coutures renforc\u00e9es. D\u00e9couvrez-le sur notre site !\" \/>\n<meta property=\"og:url\" content=\"https:\/\/www.miomiorun.com\/fr\/produit\/road-to-records-singlet-homme\/\" \/>\n<meta property=\"og:site_name\" content=\"MioMioRun\" \/>\n<meta property=\"article:publisher\" content=\"https:\/\/www.facebook.com\/miomiorun\/\" \/>\n<meta property=\"article:modified_time\" content=\"2026-05-09T11:45:46+00:00\" \/>\n<meta property=\"og:image\" content=\"https:\/\/www.miomiorun.com\/app\/uploads\/2026\/03\/adidas-RTR-singlet-M-tripur-KA6119.webp\" \/>\n\t<meta property=\"og:image:width\" content=\"720\" \/>\n\t<meta property=\"og:image:height\" content=\"720\" \/>\n\t<meta property=\"og:image:type\" content=\"image\/webp\" \/>\n<meta name=\"twitter:card\" content=\"summary_large_image\" \/>\n<meta name=\"twitter:label1\" content=\"Est. reading time\" \/>\n\t<meta name=\"twitter:data1\" content=\"1 minute\" \/>\n<script type=\"application\/ld+json\" class=\"yoast-schema-graph\">{\"@context\":\"https:\/\/schema.org\",\"@graph\":[{\"@type\":\"WebPage\",\"@id\":\"https:\/\/www.miomiorun.com\/fr\/produit\/road-to-records-singlet-homme\/\",\"url\":\"https:\/\/www.miomiorun.com\/fr\/produit\/road-to-records-singlet-homme\/\",\"name\":\"Adidas Road to Records singlet homme - d\u00e9bardeur de course homme - MioMioRun\",\"isPartOf\":{\"@id\":\"https:\/\/www.miomiorun.com\/fr\/#website\"},\"primaryImageOfPage\":{\"@id\":\"https:\/\/www.miomiorun.com\/fr\/produit\/road-to-records-singlet-homme\/#primaryimage\"},\"image\":{\"@id\":\"https:\/\/www.miomiorun.com\/fr\/produit\/road-to-records-singlet-homme\/#primaryimage\"},\"thumbnailUrl\":\"https:\/\/www.miomiorun.com\/app\/uploads\/2026\/03\/adidas-RTR-singlet-M-tripur-KA6119.webp\",\"datePublished\":\"2026-03-10T08:45:55+00:00\",\"dateModified\":\"2026-05-09T11:45:46+00:00\",\"description\":\"D\u00e9bardeur de course adidas Road to Records pour homme, ultra-l\u00e9ger et respirant, fabriqu\u00e9 \u00e0 partir de mat\u00e9riaux recycl\u00e9s et dot\u00e9 de coutures renforc\u00e9es. D\u00e9couvrez-le sur notre site !\",\"breadcrumb\":{\"@id\":\"https:\/\/www.miomiorun.com\/fr\/produit\/road-to-records-singlet-homme\/#breadcrumb\"},\"inLanguage\":\"fr-FR\",\"potentialAction\":[{\"@type\":\"ReadAction\",\"target\":[\"https:\/\/www.miomiorun.com\/fr\/produit\/road-to-records-singlet-homme\/\"]}]},{\"@type\":\"ImageObject\",\"inLanguage\":\"fr-FR\",\"@id\":\"https:\/\/www.miomiorun.com\/fr\/produit\/road-to-records-singlet-homme\/#primaryimage\",\"url\":\"https:\/\/www.miomiorun.com\/app\/uploads\/2026\/03\/adidas-RTR-singlet-M-tripur-KA6119.webp\",\"contentUrl\":\"https:\/\/www.miomiorun.com\/app\/uploads\/2026\/03\/adidas-RTR-singlet-M-tripur-KA6119.webp\",\"width\":720,\"height\":720,\"caption\":\"adidas RTR singlet M tripur KA6119\"},{\"@type\":\"BreadcrumbList\",\"@id\":\"https:\/\/www.miomiorun.com\/fr\/produit\/road-to-records-singlet-homme\/#breadcrumb\",\"itemListElement\":[{\"@type\":\"ListItem\",\"position\":1,\"name\":\"Home\",\"item\":\"https:\/\/www.miomiorun.com\/fr\/home-page\/\"},{\"@type\":\"ListItem\",\"position\":2,\"name\":\"Shop\",\"item\":\"https:\/\/www.miomiorun.com\/shop\/\"},{\"@type\":\"ListItem\",\"position\":3,\"name\":\"Road to Records singlet homme\"}]},{\"@type\":\"WebSite\",\"@id\":\"https:\/\/www.miomiorun.com\/fr\/#website\",\"url\":\"https:\/\/www.miomiorun.com\/fr\/\",\"name\":\"MioMioRun\",\"description\":\"Boutique 100% running et trail\",\"publisher\":{\"@id\":\"https:\/\/www.miomiorun.com\/fr\/#organization\"},\"potentialAction\":[{\"@type\":\"SearchAction\",\"target\":{\"@type\":\"EntryPoint\",\"urlTemplate\":\"https:\/\/www.miomiorun.com\/fr\/?s={search_term_string}\"},\"query-input\":{\"@type\":\"PropertyValueSpecification\",\"valueRequired\":true,\"valueName\":\"search_term_string\"}}],\"inLanguage\":\"fr-FR\"},{\"@type\":\"Organization\",\"@id\":\"https:\/\/www.miomiorun.com\/fr\/#organization\",\"name\":\"MioMio Run\",\"url\":\"https:\/\/www.miomiorun.com\/fr\/\",\"logo\":{\"@type\":\"ImageObject\",\"inLanguage\":\"fr-FR\",\"@id\":\"https:\/\/www.miomiorun.com\/fr\/#\/schema\/logo\/image\/\",\"url\":\"https:\/\/www.miomiorun.com\/app\/uploads\/2019\/12\/logomio.png\",\"contentUrl\":\"https:\/\/www.miomiorun.com\/app\/uploads\/2019\/12\/logomio.png\",\"width\":115,\"height\":82,\"caption\":\"MioMio Run\"},\"image\":{\"@id\":\"https:\/\/www.miomiorun.com\/fr\/#\/schema\/logo\/image\/\"},\"sameAs\":[\"https:\/\/www.facebook.com\/miomiorun\/\",\"https:\/\/www.instagram.com\/miomiorun\/\"]}]}<\/script>\n<!-- \/ Yoast SEO plugin. -->","yoast_head_json":{"title":"Adidas Road to Records singlet homme - d\u00e9bardeur de course homme - MioMioRun","description":"D\u00e9bardeur de course adidas Road to Records pour homme, ultra-l\u00e9ger et respirant, fabriqu\u00e9 \u00e0 partir de mat\u00e9riaux recycl\u00e9s et dot\u00e9 de coutures renforc\u00e9es. D\u00e9couvrez-le sur notre site !","robots":{"index":"index","follow":"follow","max-snippet":"max-snippet:-1","max-image-preview":"max-image-preview:large","max-video-preview":"max-video-preview:-1"},"canonical":"https:\/\/www.miomiorun.com\/fr\/produit\/road-to-records-singlet-homme\/","og_locale":"fr_FR","og_type":"article","og_title":"Adidas Road to Records singlet homme - d\u00e9bardeur de course homme - MioMioRun","og_description":"D\u00e9bardeur de course adidas Road to Records pour homme, ultra-l\u00e9ger et respirant, fabriqu\u00e9 \u00e0 partir de mat\u00e9riaux recycl\u00e9s et dot\u00e9 de coutures renforc\u00e9es. D\u00e9couvrez-le sur notre site !","og_url":"https:\/\/www.miomiorun.com\/fr\/produit\/road-to-records-singlet-homme\/","og_site_name":"MioMioRun","article_publisher":"https:\/\/www.facebook.com\/miomiorun\/","article_modified_time":"2026-05-09T11:45:46+00:00","og_image":[{"width":720,"height":720,"url":"https:\/\/www.miomiorun.com\/app\/uploads\/2026\/03\/adidas-RTR-singlet-M-tripur-KA6119.webp","type":"image\/webp"}],"twitter_card":"summary_large_image","twitter_misc":{"Est. reading time":"1 minute"},"schema":{"@context":"https:\/\/schema.org","@graph":[{"@type":"WebPage","@id":"https:\/\/www.miomiorun.com\/fr\/produit\/road-to-records-singlet-homme\/","url":"https:\/\/www.miomiorun.com\/fr\/produit\/road-to-records-singlet-homme\/","name":"Adidas Road to Records singlet homme - d\u00e9bardeur de course homme - MioMioRun","isPartOf":{"@id":"https:\/\/www.miomiorun.com\/fr\/#website"},"primaryImageOfPage":{"@id":"https:\/\/www.miomiorun.com\/fr\/produit\/road-to-records-singlet-homme\/#primaryimage"},"image":{"@id":"https:\/\/www.miomiorun.com\/fr\/produit\/road-to-records-singlet-homme\/#primaryimage"},"thumbnailUrl":"https:\/\/www.miomiorun.com\/app\/uploads\/2026\/03\/adidas-RTR-singlet-M-tripur-KA6119.webp","datePublished":"2026-03-10T08:45:55+00:00","dateModified":"2026-05-09T11:45:46+00:00","description":"D\u00e9bardeur de course adidas Road to Records pour homme, ultra-l\u00e9ger et respirant, fabriqu\u00e9 \u00e0 partir de mat\u00e9riaux recycl\u00e9s et dot\u00e9 de coutures renforc\u00e9es. D\u00e9couvrez-le sur notre site !","breadcrumb":{"@id":"https:\/\/www.miomiorun.com\/fr\/produit\/road-to-records-singlet-homme\/#breadcrumb"},"inLanguage":"fr-FR","potentialAction":[{"@type":"ReadAction","target":["https:\/\/www.miomiorun.com\/fr\/produit\/road-to-records-singlet-homme\/"]}]},{"@type":"ImageObject","inLanguage":"fr-FR","@id":"https:\/\/www.miomiorun.com\/fr\/produit\/road-to-records-singlet-homme\/#primaryimage","url":"https:\/\/www.miomiorun.com\/app\/uploads\/2026\/03\/adidas-RTR-singlet-M-tripur-KA6119.webp","contentUrl":"https:\/\/www.miomiorun.com\/app\/uploads\/2026\/03\/adidas-RTR-singlet-M-tripur-KA6119.webp","width":720,"height":720,"caption":"adidas RTR singlet M tripur KA6119"},{"@type":"BreadcrumbList","@id":"https:\/\/www.miomiorun.com\/fr\/produit\/road-to-records-singlet-homme\/#breadcrumb","itemListElement":[{"@type":"ListItem","position":1,"name":"Home","item":"https:\/\/www.miomiorun.com\/fr\/home-page\/"},{"@type":"ListItem","position":2,"name":"Shop","item":"https:\/\/www.miomiorun.com\/shop\/"},{"@type":"ListItem","position":3,"name":"Road to Records singlet homme"}]},{"@type":"WebSite","@id":"https:\/\/www.miomiorun.com\/fr\/#website","url":"https:\/\/www.miomiorun.com\/fr\/","name":"MioMioRun","description":"Boutique 100% running et trail","publisher":{"@id":"https:\/\/www.miomiorun.com\/fr\/#organization"},"potentialAction":[{"@type":"SearchAction","target":{"@type":"EntryPoint","urlTemplate":"https:\/\/www.miomiorun.com\/fr\/?s={search_term_string}"},"query-input":{"@type":"PropertyValueSpecification","valueRequired":true,"valueName":"search_term_string"}}],"inLanguage":"fr-FR"},{"@type":"Organization","@id":"https:\/\/www.miomiorun.com\/fr\/#organization","name":"MioMio Run","url":"https:\/\/www.miomiorun.com\/fr\/","logo":{"@type":"ImageObject","inLanguage":"fr-FR","@id":"https:\/\/www.miomiorun.com\/fr\/#\/schema\/logo\/image\/","url":"https:\/\/www.miomiorun.com\/app\/uploads\/2019\/12\/logomio.png","contentUrl":"https:\/\/www.miomiorun.com\/app\/uploads\/2019\/12\/logomio.png","width":115,"height":82,"caption":"MioMio Run"},"image":{"@id":"https:\/\/www.miomiorun.com\/fr\/#\/schema\/logo\/image\/"},"sameAs":["https:\/\/www.facebook.com\/miomiorun\/","https:\/\/www.instagram.com\/miomiorun\/"]}]}},"_links":{"self":[{"href":"https:\/\/www.miomiorun.com\/fr\/wp-json\/wp\/v2\/product\/415508","targetHints":{"allow":["GET"]}}],"collection":[{"href":"https:\/\/www.miomiorun.com\/fr\/wp-json\/wp\/v2\/product"}],"about":[{"href":"https:\/\/www.miomiorun.com\/fr\/wp-json\/wp\/v2\/types\/product"}],"wp:featuredmedia":[{"embeddable":true,"href":"https:\/\/www.miomiorun.com\/fr\/wp-json\/wp\/v2\/media\/419842"}],"wp:attachment":[{"href":"https:\/\/www.miomiorun.com\/fr\/wp-json\/wp\/v2\/media?parent=415508"}],"wp:term":[{"taxonomy":"product_brand","embeddable":true,"href":"https:\/\/www.miomiorun.com\/fr\/wp-json\/wp\/v2\/product_brand?post=415508"},{"taxonomy":"product_cat","embeddable":true,"href":"https:\/\/www.miomiorun.com\/fr\/wp-json\/wp\/v2\/product_cat?post=415508"},{"taxonomy":"product_tag","embeddable":true,"href":"https:\/\/www.miomiorun.com\/fr\/wp-json\/wp\/v2\/product_tag?post=415508"}],"curies":[{"name":"wp","href":"https:\/\/api.w.org\/{rel}","templated":true}]}}