{"id":413672,"date":"2026-03-03T18:29:36","date_gmt":"2026-03-03T17:29:36","guid":{"rendered":"https:\/\/www.miomiorun.com\/?post_type=product&#038;p=413672"},"modified":"2026-05-08T12:13:46","modified_gmt":"2026-05-08T10:13:46","slug":"s-lab-ultra-glide-2","status":"publish","type":"product","link":"https:\/\/www.miomiorun.com\/fr\/produit\/s-lab-ultra-glide-2\/","title":{"rendered":"S\/LAB Ultra Glide 2"},"content":{"rendered":"<table style=\"border-collapse: collapse;width: 100%\">\n<tbody>\n<tr>\n<td style=\"width: 50%\">\n<h4 style=\"text-align: center\">Caract\u00e9ristiques techniques<\/h4>\n<p style=\"text-align: center\">Cat\u00e9gorie : Amorti maximal<br \/>\nD\u00e9port : 6 mm<br \/>\nPoids : <span>302<\/span> g<br \/>\nId\u00e9ale pour : Les coureurs de trail qui souhaitent s&#8217;attaquer \u00e0 des courses d&#8217;endurance sur de longues distances avec un amorti maximal et une grande l\u00e9g\u00e8ret\u00e9<br \/>\nPoids de l&#8217;athl\u00e8te : &gt;60 kg<br \/>\nAllure de course : moyenne (5-6 min\/km)<br \/>\n<a href=\"https:\/\/miomiorun.com\/guida-alle-specifiche-tecniche\/\">Guide des caract\u00e9ristiques techniques<\/a><\/p>\n<\/td>\n<td style=\"width: 50%\">\n<p style=\"text-align: center\" data-start=\"197\" data-end=\"567\">La S\/LAB Ultra Glide 2 est con\u00e7ue pour offrir un confort et une stabilit\u00e9 optimis\u00e9s du premier au dernier kilom\u00e8tre, accompagnant les longues distances avec un amorti maximal et r\u00e9actif. La technologie relieveSPHERE, associ\u00e9e au design de la semelle contaGRIP\u00ae, est \u00e9tudi\u00e9e pour r\u00e9partir uniform\u00e9ment la pression et contribuer \u00e0 r\u00e9duire la fatigue pendant la course.<\/p>\n<p style=\"text-align: center\" data-start=\"569\" data-end=\"917\">La nouvelle tige Matryx\u00ae Micro est con\u00e7ue pour am\u00e9liorer la respirabilit\u00e9 et la durabilit\u00e9, tandis que la protection \u00e9lev\u00e9e du pied compl\u00e8te une structure orient\u00e9e trail sur des terrains mixtes. Avec un drop de 6 mm, des crampons de 4 mm et un poids annonc\u00e9 de 302 g, c&#8217;est une chaussure neutre con\u00e7ue pour ceux qui courent 2 \u00e0 3 fois par semaine sur diff\u00e9rentes distances.<\/p>\n<\/td>\n<\/tr>\n<\/tbody>\n<\/table>\n","protected":false},"excerpt":{"rendered":"<ul>\n<li data-start=\"949\" data-end=\"1003\">Amorti optimal gr\u00e2ce \u00e0 la technologie relieveSPHERE<\/li>\n<li data-start=\"1006\" data-end=\"1058\">Semelle contaGRIP\u00ae pour une r\u00e9partition optimale de la pression<\/li>\n<li data-start=\"1061\" data-end=\"1115\">Tige Matryx\u00ae Micro pour une meilleure respirabilit\u00e9 et une plus grande durabilit\u00e9<\/li>\n<\/ul>\n","protected":false},"featured_media":423343,"template":"","meta":{"_acf_changed":false,"inline_featured_image":false},"product_brand":[],"product_cat":[22605,24448,24445,22608,24484,22595],"product_tag":[23581,23619,23580],"class_list":{"0":"post-413672","1":"product","2":"type-product","3":"status-publish","4":"has-post-thumbnail","6":"product_cat-chaussures-pour-femmes","7":"product_cat-chaussures-pour-hommes-fr","8":"product_cat-trail-fr-3","9":"product_cat-trail-fr","10":"product_cat-homme","11":"product_cat-femme","12":"product_tag-salomon-fr","13":"product_tag-salomon-femme","14":"product_tag-salomon-homme","15":"pa_attivita-marcher","16":"pa_attivita-outdoor-fr","17":"pa_attivita-trail-fr","18":"pa_colore-s-lab-ultra-glide-2-fird-fird-vanilla","19":"pa_marca-salomon-fr","20":"pa_sesso-homme","21":"pa_size-42-fr","23":"pa_size-43-fr","24":"pa_size-44-fr","26":"pa_size-45-fr","27":"pa_size-46-fr","29":"pa_size-47-fr","31":"first","32":"instock","33":"taxable","34":"shipping-taxable","35":"purchasable","36":"product-type-variable","37":"wvs-archive-product-wrapper"},"acf":[],"yoast_head":"<!-- This site is optimized with the Yoast SEO plugin v26.8 - https:\/\/yoast.com\/product\/yoast-seo-wordpress\/ -->\n<title>Salomon S\/LAB Ultra Glide 2 - chaussures de trail - MioMioRun<\/title>\n<meta name=\"description\" content=\"S\/LAB Ultra Glide 2 avec relieveSPHERE et contaGRIP\u00ae, amorti maximal et tige Matryx\u00ae Micro pour le trail sur terrains vari\u00e9s.\" \/>\n<meta name=\"robots\" content=\"index, follow, max-snippet:-1, max-image-preview:large, max-video-preview:-1\" \/>\n<link rel=\"canonical\" href=\"https:\/\/www.miomiorun.com\/fr\/produit\/s-lab-ultra-glide-2\/\" \/>\n<meta property=\"og:locale\" content=\"fr_FR\" \/>\n<meta property=\"og:type\" content=\"article\" \/>\n<meta property=\"og:title\" content=\"Salomon S\/LAB Ultra Glide 2 - chaussures de trail - MioMioRun\" \/>\n<meta property=\"og:description\" content=\"S\/LAB Ultra Glide 2 avec relieveSPHERE et contaGRIP\u00ae, amorti maximal et tige Matryx\u00ae Micro pour le trail sur terrains vari\u00e9s.\" \/>\n<meta property=\"og:url\" content=\"https:\/\/www.miomiorun.com\/fr\/produit\/s-lab-ultra-glide-2\/\" \/>\n<meta property=\"og:site_name\" content=\"MioMioRun\" \/>\n<meta property=\"article:publisher\" content=\"https:\/\/www.facebook.com\/miomiorun\/\" \/>\n<meta property=\"article:modified_time\" content=\"2026-05-08T10:13:46+00:00\" \/>\n<meta property=\"og:image\" content=\"https:\/\/www.miomiorun.com\/app\/uploads\/2026\/03\/salomon-S-Lab-Ultra-Glide-2-fird-fird-vanilla-L45484100.webp\" \/>\n\t<meta property=\"og:image:width\" content=\"720\" \/>\n\t<meta property=\"og:image:height\" content=\"720\" \/>\n\t<meta property=\"og:image:type\" content=\"image\/webp\" \/>\n<meta name=\"twitter:card\" content=\"summary_large_image\" \/>\n<meta name=\"twitter:label1\" content=\"Est. reading time\" \/>\n\t<meta name=\"twitter:data1\" content=\"1 minute\" \/>\n<script type=\"application\/ld+json\" class=\"yoast-schema-graph\">{\"@context\":\"https:\/\/schema.org\",\"@graph\":[{\"@type\":\"WebPage\",\"@id\":\"https:\/\/www.miomiorun.com\/fr\/produit\/s-lab-ultra-glide-2\/\",\"url\":\"https:\/\/www.miomiorun.com\/fr\/produit\/s-lab-ultra-glide-2\/\",\"name\":\"Salomon S\/LAB Ultra Glide 2 - chaussures de trail - MioMioRun\",\"isPartOf\":{\"@id\":\"https:\/\/www.miomiorun.com\/fr\/#website\"},\"primaryImageOfPage\":{\"@id\":\"https:\/\/www.miomiorun.com\/fr\/produit\/s-lab-ultra-glide-2\/#primaryimage\"},\"image\":{\"@id\":\"https:\/\/www.miomiorun.com\/fr\/produit\/s-lab-ultra-glide-2\/#primaryimage\"},\"thumbnailUrl\":\"https:\/\/www.miomiorun.com\/app\/uploads\/2026\/03\/salomon-S-Lab-Ultra-Glide-2-fird-fird-vanilla-L45484100.webp\",\"datePublished\":\"2026-03-03T17:29:36+00:00\",\"dateModified\":\"2026-05-08T10:13:46+00:00\",\"description\":\"S\/LAB Ultra Glide 2 avec relieveSPHERE et contaGRIP\u00ae, amorti maximal et tige Matryx\u00ae Micro pour le trail sur terrains vari\u00e9s.\",\"breadcrumb\":{\"@id\":\"https:\/\/www.miomiorun.com\/fr\/produit\/s-lab-ultra-glide-2\/#breadcrumb\"},\"inLanguage\":\"fr-FR\",\"potentialAction\":[{\"@type\":\"ReadAction\",\"target\":[\"https:\/\/www.miomiorun.com\/fr\/produit\/s-lab-ultra-glide-2\/\"]}]},{\"@type\":\"ImageObject\",\"inLanguage\":\"fr-FR\",\"@id\":\"https:\/\/www.miomiorun.com\/fr\/produit\/s-lab-ultra-glide-2\/#primaryimage\",\"url\":\"https:\/\/www.miomiorun.com\/app\/uploads\/2026\/03\/salomon-S-Lab-Ultra-Glide-2-fird-fird-vanilla-L45484100.webp\",\"contentUrl\":\"https:\/\/www.miomiorun.com\/app\/uploads\/2026\/03\/salomon-S-Lab-Ultra-Glide-2-fird-fird-vanilla-L45484100.webp\",\"width\":720,\"height\":720,\"caption\":\"salomon S Lab Ultra Glide 2 fird fird vanilla L45484100\"},{\"@type\":\"BreadcrumbList\",\"@id\":\"https:\/\/www.miomiorun.com\/fr\/produit\/s-lab-ultra-glide-2\/#breadcrumb\",\"itemListElement\":[{\"@type\":\"ListItem\",\"position\":1,\"name\":\"Home\",\"item\":\"https:\/\/www.miomiorun.com\/fr\/home-page\/\"},{\"@type\":\"ListItem\",\"position\":2,\"name\":\"Shop\",\"item\":\"https:\/\/www.miomiorun.com\/shop\/\"},{\"@type\":\"ListItem\",\"position\":3,\"name\":\"S\/LAB Ultra Glide 2\"}]},{\"@type\":\"WebSite\",\"@id\":\"https:\/\/www.miomiorun.com\/fr\/#website\",\"url\":\"https:\/\/www.miomiorun.com\/fr\/\",\"name\":\"MioMioRun\",\"description\":\"Boutique 100% running et trail\",\"publisher\":{\"@id\":\"https:\/\/www.miomiorun.com\/fr\/#organization\"},\"potentialAction\":[{\"@type\":\"SearchAction\",\"target\":{\"@type\":\"EntryPoint\",\"urlTemplate\":\"https:\/\/www.miomiorun.com\/fr\/?s={search_term_string}\"},\"query-input\":{\"@type\":\"PropertyValueSpecification\",\"valueRequired\":true,\"valueName\":\"search_term_string\"}}],\"inLanguage\":\"fr-FR\"},{\"@type\":\"Organization\",\"@id\":\"https:\/\/www.miomiorun.com\/fr\/#organization\",\"name\":\"MioMio Run\",\"url\":\"https:\/\/www.miomiorun.com\/fr\/\",\"logo\":{\"@type\":\"ImageObject\",\"inLanguage\":\"fr-FR\",\"@id\":\"https:\/\/www.miomiorun.com\/fr\/#\/schema\/logo\/image\/\",\"url\":\"https:\/\/www.miomiorun.com\/app\/uploads\/2019\/12\/logomio.png\",\"contentUrl\":\"https:\/\/www.miomiorun.com\/app\/uploads\/2019\/12\/logomio.png\",\"width\":115,\"height\":82,\"caption\":\"MioMio Run\"},\"image\":{\"@id\":\"https:\/\/www.miomiorun.com\/fr\/#\/schema\/logo\/image\/\"},\"sameAs\":[\"https:\/\/www.facebook.com\/miomiorun\/\",\"https:\/\/www.instagram.com\/miomiorun\/\"]}]}<\/script>\n<!-- \/ Yoast SEO plugin. -->","yoast_head_json":{"title":"Salomon S\/LAB Ultra Glide 2 - chaussures de trail - MioMioRun","description":"S\/LAB Ultra Glide 2 avec relieveSPHERE et contaGRIP\u00ae, amorti maximal et tige Matryx\u00ae Micro pour le trail sur terrains vari\u00e9s.","robots":{"index":"index","follow":"follow","max-snippet":"max-snippet:-1","max-image-preview":"max-image-preview:large","max-video-preview":"max-video-preview:-1"},"canonical":"https:\/\/www.miomiorun.com\/fr\/produit\/s-lab-ultra-glide-2\/","og_locale":"fr_FR","og_type":"article","og_title":"Salomon S\/LAB Ultra Glide 2 - chaussures de trail - MioMioRun","og_description":"S\/LAB Ultra Glide 2 avec relieveSPHERE et contaGRIP\u00ae, amorti maximal et tige Matryx\u00ae Micro pour le trail sur terrains vari\u00e9s.","og_url":"https:\/\/www.miomiorun.com\/fr\/produit\/s-lab-ultra-glide-2\/","og_site_name":"MioMioRun","article_publisher":"https:\/\/www.facebook.com\/miomiorun\/","article_modified_time":"2026-05-08T10:13:46+00:00","og_image":[{"width":720,"height":720,"url":"https:\/\/www.miomiorun.com\/app\/uploads\/2026\/03\/salomon-S-Lab-Ultra-Glide-2-fird-fird-vanilla-L45484100.webp","type":"image\/webp"}],"twitter_card":"summary_large_image","twitter_misc":{"Est. reading time":"1 minute"},"schema":{"@context":"https:\/\/schema.org","@graph":[{"@type":"WebPage","@id":"https:\/\/www.miomiorun.com\/fr\/produit\/s-lab-ultra-glide-2\/","url":"https:\/\/www.miomiorun.com\/fr\/produit\/s-lab-ultra-glide-2\/","name":"Salomon S\/LAB Ultra Glide 2 - chaussures de trail - MioMioRun","isPartOf":{"@id":"https:\/\/www.miomiorun.com\/fr\/#website"},"primaryImageOfPage":{"@id":"https:\/\/www.miomiorun.com\/fr\/produit\/s-lab-ultra-glide-2\/#primaryimage"},"image":{"@id":"https:\/\/www.miomiorun.com\/fr\/produit\/s-lab-ultra-glide-2\/#primaryimage"},"thumbnailUrl":"https:\/\/www.miomiorun.com\/app\/uploads\/2026\/03\/salomon-S-Lab-Ultra-Glide-2-fird-fird-vanilla-L45484100.webp","datePublished":"2026-03-03T17:29:36+00:00","dateModified":"2026-05-08T10:13:46+00:00","description":"S\/LAB Ultra Glide 2 avec relieveSPHERE et contaGRIP\u00ae, amorti maximal et tige Matryx\u00ae Micro pour le trail sur terrains vari\u00e9s.","breadcrumb":{"@id":"https:\/\/www.miomiorun.com\/fr\/produit\/s-lab-ultra-glide-2\/#breadcrumb"},"inLanguage":"fr-FR","potentialAction":[{"@type":"ReadAction","target":["https:\/\/www.miomiorun.com\/fr\/produit\/s-lab-ultra-glide-2\/"]}]},{"@type":"ImageObject","inLanguage":"fr-FR","@id":"https:\/\/www.miomiorun.com\/fr\/produit\/s-lab-ultra-glide-2\/#primaryimage","url":"https:\/\/www.miomiorun.com\/app\/uploads\/2026\/03\/salomon-S-Lab-Ultra-Glide-2-fird-fird-vanilla-L45484100.webp","contentUrl":"https:\/\/www.miomiorun.com\/app\/uploads\/2026\/03\/salomon-S-Lab-Ultra-Glide-2-fird-fird-vanilla-L45484100.webp","width":720,"height":720,"caption":"salomon S Lab Ultra Glide 2 fird fird vanilla L45484100"},{"@type":"BreadcrumbList","@id":"https:\/\/www.miomiorun.com\/fr\/produit\/s-lab-ultra-glide-2\/#breadcrumb","itemListElement":[{"@type":"ListItem","position":1,"name":"Home","item":"https:\/\/www.miomiorun.com\/fr\/home-page\/"},{"@type":"ListItem","position":2,"name":"Shop","item":"https:\/\/www.miomiorun.com\/shop\/"},{"@type":"ListItem","position":3,"name":"S\/LAB Ultra Glide 2"}]},{"@type":"WebSite","@id":"https:\/\/www.miomiorun.com\/fr\/#website","url":"https:\/\/www.miomiorun.com\/fr\/","name":"MioMioRun","description":"Boutique 100% running et trail","publisher":{"@id":"https:\/\/www.miomiorun.com\/fr\/#organization"},"potentialAction":[{"@type":"SearchAction","target":{"@type":"EntryPoint","urlTemplate":"https:\/\/www.miomiorun.com\/fr\/?s={search_term_string}"},"query-input":{"@type":"PropertyValueSpecification","valueRequired":true,"valueName":"search_term_string"}}],"inLanguage":"fr-FR"},{"@type":"Organization","@id":"https:\/\/www.miomiorun.com\/fr\/#organization","name":"MioMio Run","url":"https:\/\/www.miomiorun.com\/fr\/","logo":{"@type":"ImageObject","inLanguage":"fr-FR","@id":"https:\/\/www.miomiorun.com\/fr\/#\/schema\/logo\/image\/","url":"https:\/\/www.miomiorun.com\/app\/uploads\/2019\/12\/logomio.png","contentUrl":"https:\/\/www.miomiorun.com\/app\/uploads\/2019\/12\/logomio.png","width":115,"height":82,"caption":"MioMio Run"},"image":{"@id":"https:\/\/www.miomiorun.com\/fr\/#\/schema\/logo\/image\/"},"sameAs":["https:\/\/www.facebook.com\/miomiorun\/","https:\/\/www.instagram.com\/miomiorun\/"]}]}},"_links":{"self":[{"href":"https:\/\/www.miomiorun.com\/fr\/wp-json\/wp\/v2\/product\/413672","targetHints":{"allow":["GET"]}}],"collection":[{"href":"https:\/\/www.miomiorun.com\/fr\/wp-json\/wp\/v2\/product"}],"about":[{"href":"https:\/\/www.miomiorun.com\/fr\/wp-json\/wp\/v2\/types\/product"}],"wp:featuredmedia":[{"embeddable":true,"href":"https:\/\/www.miomiorun.com\/fr\/wp-json\/wp\/v2\/media\/423343"}],"wp:attachment":[{"href":"https:\/\/www.miomiorun.com\/fr\/wp-json\/wp\/v2\/media?parent=413672"}],"wp:term":[{"taxonomy":"product_brand","embeddable":true,"href":"https:\/\/www.miomiorun.com\/fr\/wp-json\/wp\/v2\/product_brand?post=413672"},{"taxonomy":"product_cat","embeddable":true,"href":"https:\/\/www.miomiorun.com\/fr\/wp-json\/wp\/v2\/product_cat?post=413672"},{"taxonomy":"product_tag","embeddable":true,"href":"https:\/\/www.miomiorun.com\/fr\/wp-json\/wp\/v2\/product_tag?post=413672"}],"curies":[{"name":"wp","href":"https:\/\/api.w.org\/{rel}","templated":true}]}}