{"id":413118,"date":"2026-03-02T18:31:46","date_gmt":"2026-03-02T17:31:46","guid":{"rendered":"https:\/\/www.miomiorun.com\/?post_type=product&#038;p=413118"},"modified":"2026-05-09T13:38:41","modified_gmt":"2026-05-09T11:38:41","slug":"gel-cumulus-28-homme","status":"publish","type":"product","link":"https:\/\/www.miomiorun.com\/fr\/produit\/gel-cumulus-28-homme\/","title":{"rendered":"Gel Cumulus 28 homme"},"content":{"rendered":"<table style=\"border-collapse: collapse;width: 100%\">\n<tbody>\n<tr>\n<td style=\"width: 33.3333%;vertical-align: top\">\n<h4>Caract\u00e9ristiques techniques<\/h4>\n<p>Cat\u00e9gorie : Amorti structur\u00e9<br \/>\nD\u00e9port : 8 mm<br \/>\nPoids : 259 g<\/p>\n<p>Id\u00e9ale pour : les athl\u00e8tes de poids moyen et \u00e0 foul\u00e9e moyenne qui recherchent un excellent amorti pour affronter des entra\u00eenements ou des comp\u00e9titions sur des distances moyennes \u00e0 longues ; elle s&#8217;av\u00e8re \u00e9galement un excellent compagnon pour la marche.<br \/>\nPoids de l&#8217;athl\u00e8te : 60-75 kg<br \/>\nAllure de course : 5 min\/km<br \/>\n<a href=\"https:\/\/miomiorun.com\/guida-alle-specifiche-tecniche\/\">Guide des caract\u00e9ristiques techniques<\/a><\/td>\n<td style=\"width: 66.6666%;vertical-align: top\">\n<p data-start=\"192\" data-end=\"489\">La GEL-CUMULUS 28 est une chaussure de course l\u00e9g\u00e8re con\u00e7ue pour offrir une sensation de fluidit\u00e9 sous le pied. La semelle interm\u00e9diaire int\u00e8gre la mousse FF BLAST MAX, l\u2019une des technologies d\u2019amorti les plus dynamiques, con\u00e7ue pour garantir souplesse et retour d\u2019\u00e9nergie r\u00e9actif pendant la course.<\/p>\n<p data-start=\"491\" data-end=\"936\">La technologie PureGEL, version plus souple et am\u00e9lior\u00e9e de la technologie GEL traditionnelle, est pr\u00e9sent\u00e9e comme environ 65 % plus souple que le GEL standard, contribuant ainsi \u00e0 absorber les chocs. La semelle FLUIDRIDE combine de l&#8217;EVA et du caoutchouc pour favoriser des transitions fluides entre chaque foul\u00e9e, tandis que le bloc de caoutchouc AHAR LO au talon est strat\u00e9giquement positionn\u00e9 pour offrir adh\u00e9rence et r\u00e9sistance aux endroits les plus expos\u00e9s \u00e0 l&#8217;usure.<\/p>\n<p data-start=\"938\" data-end=\"1252\">La tige renforc\u00e9e en mesh l\u00e9ger est con\u00e7ue pour favoriser la respirabilit\u00e9 tout en r\u00e9duisant le besoin de couches suppl\u00e9mentaires. La structure est compl\u00e9t\u00e9e par la semelle int\u00e9rieure OrthoLite X-30, con\u00e7ue pour l&#8217;amorti et la gestion de l&#8217;humidit\u00e9, ainsi que par des d\u00e9tails r\u00e9fl\u00e9chissants pour am\u00e9liorer la visibilit\u00e9 dans des conditions de faible luminosit\u00e9.<\/p>\n<\/td>\n<\/tr>\n<\/tbody>\n<\/table>\n<p>&nbsp;<\/p>\n","protected":false},"excerpt":{"rendered":"<ul>\n<li data-start=\"1284\" data-end=\"1346\">Amorti FF BLAST MAX avec retour d&#8217;\u00e9nergie r\u00e9actif<\/li>\n<li data-start=\"1349\" data-end=\"1408\">Technologie PureGEL plus souple que le GEL standard<\/li>\n<li data-start=\"1411\" data-end=\"1475\">Semelle FLUIDRIDE avec crampons AHAR LO pour une meilleure adh\u00e9rence et une plus grande r\u00e9sistance<\/li>\n<\/ul>\n","protected":false},"featured_media":415875,"template":"","meta":{"_acf_changed":false,"inline_featured_image":false},"product_brand":[],"product_cat":[24448,24447],"product_tag":[23560,23667],"class_list":{"0":"post-413118","1":"product","2":"type-product","3":"status-publish","4":"has-post-thumbnail","6":"product_cat-chaussures-pour-hommes-fr","7":"product_cat-neutre-fr-3","8":"product_tag-asics-fr","9":"product_tag-asics-homme","10":"pa_attivita-marcher","11":"pa_attivita-running-fr","12":"pa_colore-cumulus-28-cold-moss-vital-green","13":"pa_colore-cumulus-28-sky-sun-peach","14":"pa_marca-asics-fr","15":"pa_sesso-homme","16":"pa_size-41-5-fr","17":"pa_size-42-fr","18":"pa_size-42-5-fr","19":"pa_size-43-5-fr","20":"pa_size-44-fr","21":"pa_size-44-5-fr","22":"pa_size-45-fr","23":"pa_size-46-fr","24":"pa_size-46-5-fr","26":"first","27":"instock","28":"sale","29":"taxable","30":"shipping-taxable","31":"purchasable","32":"product-type-variable","33":"wvs-archive-product-wrapper"},"acf":[],"yoast_head":"<!-- This site is optimized with the Yoast SEO plugin v26.8 - https:\/\/yoast.com\/product\/yoast-seo-wordpress\/ -->\n<title>Asics Gel Cumulus 28 homme - chaussures de course homme MioMioRun<\/title>\n<meta name=\"description\" content=\"GEL-CUMULUS 28 avec FF BLAST MAX, PureGEL et semelle FLUIDRIDE pour une course fluide, amortie et r\u00e9active sur route. D\u00e9couvrez-les avec nous !\" \/>\n<meta name=\"robots\" content=\"index, follow, max-snippet:-1, max-image-preview:large, max-video-preview:-1\" \/>\n<link rel=\"canonical\" href=\"https:\/\/www.miomiorun.com\/fr\/produit\/gel-cumulus-28-homme\/\" \/>\n<meta property=\"og:locale\" content=\"fr_FR\" \/>\n<meta property=\"og:type\" content=\"article\" \/>\n<meta property=\"og:title\" content=\"Asics Gel Cumulus 28 homme - chaussures de course homme MioMioRun\" \/>\n<meta property=\"og:description\" content=\"GEL-CUMULUS 28 avec FF BLAST MAX, PureGEL et semelle FLUIDRIDE pour une course fluide, amortie et r\u00e9active sur route. D\u00e9couvrez-les avec nous !\" \/>\n<meta property=\"og:url\" content=\"https:\/\/www.miomiorun.com\/fr\/produit\/gel-cumulus-28-homme\/\" \/>\n<meta property=\"og:site_name\" content=\"MioMioRun\" \/>\n<meta property=\"article:publisher\" content=\"https:\/\/www.facebook.com\/miomiorun\/\" \/>\n<meta property=\"article:modified_time\" content=\"2026-05-09T11:38:41+00:00\" \/>\n<meta property=\"og:image\" content=\"https:\/\/www.miomiorun.com\/app\/uploads\/2026\/03\/asics-Cumulus-28-cold-moss-vital-green-1011C143-400.webp\" \/>\n\t<meta property=\"og:image:width\" content=\"720\" \/>\n\t<meta property=\"og:image:height\" content=\"720\" \/>\n\t<meta property=\"og:image:type\" content=\"image\/webp\" \/>\n<meta name=\"twitter:card\" content=\"summary_large_image\" \/>\n<meta name=\"twitter:label1\" content=\"Est. reading time\" \/>\n\t<meta name=\"twitter:data1\" content=\"1 minute\" \/>\n<script type=\"application\/ld+json\" class=\"yoast-schema-graph\">{\"@context\":\"https:\/\/schema.org\",\"@graph\":[{\"@type\":\"WebPage\",\"@id\":\"https:\/\/www.miomiorun.com\/fr\/produit\/gel-cumulus-28-homme\/\",\"url\":\"https:\/\/www.miomiorun.com\/fr\/produit\/gel-cumulus-28-homme\/\",\"name\":\"Asics Gel Cumulus 28 homme - chaussures de course homme MioMioRun\",\"isPartOf\":{\"@id\":\"https:\/\/www.miomiorun.com\/fr\/#website\"},\"primaryImageOfPage\":{\"@id\":\"https:\/\/www.miomiorun.com\/fr\/produit\/gel-cumulus-28-homme\/#primaryimage\"},\"image\":{\"@id\":\"https:\/\/www.miomiorun.com\/fr\/produit\/gel-cumulus-28-homme\/#primaryimage\"},\"thumbnailUrl\":\"https:\/\/www.miomiorun.com\/app\/uploads\/2026\/03\/asics-Cumulus-28-cold-moss-vital-green-1011C143-400.webp\",\"datePublished\":\"2026-03-02T17:31:46+00:00\",\"dateModified\":\"2026-05-09T11:38:41+00:00\",\"description\":\"GEL-CUMULUS 28 avec FF BLAST MAX, PureGEL et semelle FLUIDRIDE pour une course fluide, amortie et r\u00e9active sur route. D\u00e9couvrez-les avec nous !\",\"breadcrumb\":{\"@id\":\"https:\/\/www.miomiorun.com\/fr\/produit\/gel-cumulus-28-homme\/#breadcrumb\"},\"inLanguage\":\"fr-FR\",\"potentialAction\":[{\"@type\":\"ReadAction\",\"target\":[\"https:\/\/www.miomiorun.com\/fr\/produit\/gel-cumulus-28-homme\/\"]}]},{\"@type\":\"ImageObject\",\"inLanguage\":\"fr-FR\",\"@id\":\"https:\/\/www.miomiorun.com\/fr\/produit\/gel-cumulus-28-homme\/#primaryimage\",\"url\":\"https:\/\/www.miomiorun.com\/app\/uploads\/2026\/03\/asics-Cumulus-28-cold-moss-vital-green-1011C143-400.webp\",\"contentUrl\":\"https:\/\/www.miomiorun.com\/app\/uploads\/2026\/03\/asics-Cumulus-28-cold-moss-vital-green-1011C143-400.webp\",\"width\":720,\"height\":720,\"caption\":\"asics Cumulus 28 cold moss vital green 1011C143 400\"},{\"@type\":\"BreadcrumbList\",\"@id\":\"https:\/\/www.miomiorun.com\/fr\/produit\/gel-cumulus-28-homme\/#breadcrumb\",\"itemListElement\":[{\"@type\":\"ListItem\",\"position\":1,\"name\":\"Home\",\"item\":\"https:\/\/www.miomiorun.com\/fr\/home-page\/\"},{\"@type\":\"ListItem\",\"position\":2,\"name\":\"Shop\",\"item\":\"https:\/\/www.miomiorun.com\/shop\/\"},{\"@type\":\"ListItem\",\"position\":3,\"name\":\"Gel Cumulus 28 homme\"}]},{\"@type\":\"WebSite\",\"@id\":\"https:\/\/www.miomiorun.com\/fr\/#website\",\"url\":\"https:\/\/www.miomiorun.com\/fr\/\",\"name\":\"MioMioRun\",\"description\":\"Boutique 100% running et trail\",\"publisher\":{\"@id\":\"https:\/\/www.miomiorun.com\/fr\/#organization\"},\"potentialAction\":[{\"@type\":\"SearchAction\",\"target\":{\"@type\":\"EntryPoint\",\"urlTemplate\":\"https:\/\/www.miomiorun.com\/fr\/?s={search_term_string}\"},\"query-input\":{\"@type\":\"PropertyValueSpecification\",\"valueRequired\":true,\"valueName\":\"search_term_string\"}}],\"inLanguage\":\"fr-FR\"},{\"@type\":\"Organization\",\"@id\":\"https:\/\/www.miomiorun.com\/fr\/#organization\",\"name\":\"MioMio Run\",\"url\":\"https:\/\/www.miomiorun.com\/fr\/\",\"logo\":{\"@type\":\"ImageObject\",\"inLanguage\":\"fr-FR\",\"@id\":\"https:\/\/www.miomiorun.com\/fr\/#\/schema\/logo\/image\/\",\"url\":\"https:\/\/www.miomiorun.com\/app\/uploads\/2019\/12\/logomio.png\",\"contentUrl\":\"https:\/\/www.miomiorun.com\/app\/uploads\/2019\/12\/logomio.png\",\"width\":115,\"height\":82,\"caption\":\"MioMio Run\"},\"image\":{\"@id\":\"https:\/\/www.miomiorun.com\/fr\/#\/schema\/logo\/image\/\"},\"sameAs\":[\"https:\/\/www.facebook.com\/miomiorun\/\",\"https:\/\/www.instagram.com\/miomiorun\/\"]}]}<\/script>\n<!-- \/ Yoast SEO plugin. -->","yoast_head_json":{"title":"Asics Gel Cumulus 28 homme - chaussures de course homme MioMioRun","description":"GEL-CUMULUS 28 avec FF BLAST MAX, PureGEL et semelle FLUIDRIDE pour une course fluide, amortie et r\u00e9active sur route. D\u00e9couvrez-les avec nous !","robots":{"index":"index","follow":"follow","max-snippet":"max-snippet:-1","max-image-preview":"max-image-preview:large","max-video-preview":"max-video-preview:-1"},"canonical":"https:\/\/www.miomiorun.com\/fr\/produit\/gel-cumulus-28-homme\/","og_locale":"fr_FR","og_type":"article","og_title":"Asics Gel Cumulus 28 homme - chaussures de course homme MioMioRun","og_description":"GEL-CUMULUS 28 avec FF BLAST MAX, PureGEL et semelle FLUIDRIDE pour une course fluide, amortie et r\u00e9active sur route. D\u00e9couvrez-les avec nous !","og_url":"https:\/\/www.miomiorun.com\/fr\/produit\/gel-cumulus-28-homme\/","og_site_name":"MioMioRun","article_publisher":"https:\/\/www.facebook.com\/miomiorun\/","article_modified_time":"2026-05-09T11:38:41+00:00","og_image":[{"width":720,"height":720,"url":"https:\/\/www.miomiorun.com\/app\/uploads\/2026\/03\/asics-Cumulus-28-cold-moss-vital-green-1011C143-400.webp","type":"image\/webp"}],"twitter_card":"summary_large_image","twitter_misc":{"Est. reading time":"1 minute"},"schema":{"@context":"https:\/\/schema.org","@graph":[{"@type":"WebPage","@id":"https:\/\/www.miomiorun.com\/fr\/produit\/gel-cumulus-28-homme\/","url":"https:\/\/www.miomiorun.com\/fr\/produit\/gel-cumulus-28-homme\/","name":"Asics Gel Cumulus 28 homme - chaussures de course homme MioMioRun","isPartOf":{"@id":"https:\/\/www.miomiorun.com\/fr\/#website"},"primaryImageOfPage":{"@id":"https:\/\/www.miomiorun.com\/fr\/produit\/gel-cumulus-28-homme\/#primaryimage"},"image":{"@id":"https:\/\/www.miomiorun.com\/fr\/produit\/gel-cumulus-28-homme\/#primaryimage"},"thumbnailUrl":"https:\/\/www.miomiorun.com\/app\/uploads\/2026\/03\/asics-Cumulus-28-cold-moss-vital-green-1011C143-400.webp","datePublished":"2026-03-02T17:31:46+00:00","dateModified":"2026-05-09T11:38:41+00:00","description":"GEL-CUMULUS 28 avec FF BLAST MAX, PureGEL et semelle FLUIDRIDE pour une course fluide, amortie et r\u00e9active sur route. D\u00e9couvrez-les avec nous !","breadcrumb":{"@id":"https:\/\/www.miomiorun.com\/fr\/produit\/gel-cumulus-28-homme\/#breadcrumb"},"inLanguage":"fr-FR","potentialAction":[{"@type":"ReadAction","target":["https:\/\/www.miomiorun.com\/fr\/produit\/gel-cumulus-28-homme\/"]}]},{"@type":"ImageObject","inLanguage":"fr-FR","@id":"https:\/\/www.miomiorun.com\/fr\/produit\/gel-cumulus-28-homme\/#primaryimage","url":"https:\/\/www.miomiorun.com\/app\/uploads\/2026\/03\/asics-Cumulus-28-cold-moss-vital-green-1011C143-400.webp","contentUrl":"https:\/\/www.miomiorun.com\/app\/uploads\/2026\/03\/asics-Cumulus-28-cold-moss-vital-green-1011C143-400.webp","width":720,"height":720,"caption":"asics Cumulus 28 cold moss vital green 1011C143 400"},{"@type":"BreadcrumbList","@id":"https:\/\/www.miomiorun.com\/fr\/produit\/gel-cumulus-28-homme\/#breadcrumb","itemListElement":[{"@type":"ListItem","position":1,"name":"Home","item":"https:\/\/www.miomiorun.com\/fr\/home-page\/"},{"@type":"ListItem","position":2,"name":"Shop","item":"https:\/\/www.miomiorun.com\/shop\/"},{"@type":"ListItem","position":3,"name":"Gel Cumulus 28 homme"}]},{"@type":"WebSite","@id":"https:\/\/www.miomiorun.com\/fr\/#website","url":"https:\/\/www.miomiorun.com\/fr\/","name":"MioMioRun","description":"Boutique 100% running et trail","publisher":{"@id":"https:\/\/www.miomiorun.com\/fr\/#organization"},"potentialAction":[{"@type":"SearchAction","target":{"@type":"EntryPoint","urlTemplate":"https:\/\/www.miomiorun.com\/fr\/?s={search_term_string}"},"query-input":{"@type":"PropertyValueSpecification","valueRequired":true,"valueName":"search_term_string"}}],"inLanguage":"fr-FR"},{"@type":"Organization","@id":"https:\/\/www.miomiorun.com\/fr\/#organization","name":"MioMio Run","url":"https:\/\/www.miomiorun.com\/fr\/","logo":{"@type":"ImageObject","inLanguage":"fr-FR","@id":"https:\/\/www.miomiorun.com\/fr\/#\/schema\/logo\/image\/","url":"https:\/\/www.miomiorun.com\/app\/uploads\/2019\/12\/logomio.png","contentUrl":"https:\/\/www.miomiorun.com\/app\/uploads\/2019\/12\/logomio.png","width":115,"height":82,"caption":"MioMio Run"},"image":{"@id":"https:\/\/www.miomiorun.com\/fr\/#\/schema\/logo\/image\/"},"sameAs":["https:\/\/www.facebook.com\/miomiorun\/","https:\/\/www.instagram.com\/miomiorun\/"]}]}},"_links":{"self":[{"href":"https:\/\/www.miomiorun.com\/fr\/wp-json\/wp\/v2\/product\/413118","targetHints":{"allow":["GET"]}}],"collection":[{"href":"https:\/\/www.miomiorun.com\/fr\/wp-json\/wp\/v2\/product"}],"about":[{"href":"https:\/\/www.miomiorun.com\/fr\/wp-json\/wp\/v2\/types\/product"}],"wp:featuredmedia":[{"embeddable":true,"href":"https:\/\/www.miomiorun.com\/fr\/wp-json\/wp\/v2\/media\/415875"}],"wp:attachment":[{"href":"https:\/\/www.miomiorun.com\/fr\/wp-json\/wp\/v2\/media?parent=413118"}],"wp:term":[{"taxonomy":"product_brand","embeddable":true,"href":"https:\/\/www.miomiorun.com\/fr\/wp-json\/wp\/v2\/product_brand?post=413118"},{"taxonomy":"product_cat","embeddable":true,"href":"https:\/\/www.miomiorun.com\/fr\/wp-json\/wp\/v2\/product_cat?post=413118"},{"taxonomy":"product_tag","embeddable":true,"href":"https:\/\/www.miomiorun.com\/fr\/wp-json\/wp\/v2\/product_tag?post=413118"}],"curies":[{"name":"wp","href":"https:\/\/api.w.org\/{rel}","templated":true}]}}