{"id":412875,"date":"2026-03-02T16:33:24","date_gmt":"2026-03-02T15:33:24","guid":{"rendered":"https:\/\/www.miomiorun.com\/?post_type=product&#038;p=412875"},"modified":"2026-05-09T13:35:25","modified_gmt":"2026-05-09T11:35:25","slug":"guide-19-homme","status":"publish","type":"product","link":"https:\/\/www.miomiorun.com\/fr\/produit\/guide-19-homme\/","title":{"rendered":"Guide 19 homme"},"content":{"rendered":"<table style=\"border-collapse: collapse;width: 100%\">\n<tbody>\n<tr>\n<td style=\"width: 33.3333%;vertical-align: top;text-align: center\">\n<h4>Caract\u00e9ristiques techniques<\/h4>\n<p>Cat\u00e9gorie : Amorti moyen<br \/>\nD\u00e9port : <span>6 mm (35\/29 mm)<\/span><br \/>\nPoids : <span>275<\/span> g<br \/>\nId\u00e9ale pour : les coureurs ayant une foul\u00e9e tendant \u00e0 la pronation, \u00e0 la recherche d&#8217;un mod\u00e8le offrant maintien et protection, sans pour autant renoncer \u00e0 la performance gr\u00e2ce au poids r\u00e9duit de la chaussure.<br \/>\nPoids de l&#8217;athl\u00e8te : &gt;70 kg<br \/>\nAllure de course : moyenne (5-6 min\/km)<br \/>\n<a href=\"https:\/\/miomiorun.com\/guida-alle-specifiche-tecniche\/\">Guide des caract\u00e9ristiques techniques<\/a><\/td>\n<td style=\"width: 66.6666%;vertical-align: top;text-align: center\">\n<p data-start=\"186\" data-end=\"480\">La Guide 19 est con\u00e7ue pour offrir confort et protection lors de vos sorties quotidiennes. Le nouveau compos\u00e9 PWRRUN, plus souple et r\u00e9actif, est pens\u00e9 pour garantir un amorti sup\u00e9rieur \u00e0 chaque foul\u00e9e, tandis que la flexibilit\u00e9 accrue de l\u2019avant-pied contribue \u00e0 une transition plus naturelle.<\/p>\n<p data-start=\"482\" data-end=\"807\">La technologie exclusive Center Path Technology int\u00e8gre une plateforme \u00e0 base large et des parois lat\u00e9rales plus hautes qui enveloppent le pied, accompagnant le mouvement avec confort et protection. La nouvelle tige en mesh technique est con\u00e7ue pour offrir respirabilit\u00e9 et \u00e9lasticit\u00e9, avec un confort suppl\u00e9mentaire au niveau du col pour une meilleure stabilit\u00e9.<\/p>\n<p data-start=\"809\" data-end=\"946\">La structure est compl\u00e9t\u00e9e par une semelle interm\u00e9diaire dot\u00e9e de l&#8217;amorti PWRRUN et d&#8217;une semelle int\u00e9rieure SRS, con\u00e7ues pour soutenir l&#8217;entra\u00eenement quotidien.<\/p>\n<\/td>\n<\/tr>\n<\/tbody>\n<\/table>\n<p>&nbsp;<\/p>\n","protected":false},"excerpt":{"rendered":"<ul>\n<li data-start=\"978\" data-end=\"1017\">Mousse PWRRUN plus souple et plus r\u00e9active<\/li>\n<li data-start=\"1020\" data-end=\"1095\">Technologie Center Path avec une semelle large et des renforts lat\u00e9raux enveloppants<\/li>\n<li data-start=\"1098\" data-end=\"1158\">Tige en mesh technique respirant avec un col confortable<\/li>\n<\/ul>\n","protected":false},"featured_media":429632,"template":"","meta":{"_acf_changed":false,"inline_featured_image":false},"product_brand":[],"product_cat":[24448,24446],"product_tag":[23579,23546],"class_list":{"0":"post-412875","1":"product","2":"type-product","3":"status-publish","4":"has-post-thumbnail","6":"product_cat-chaussures-pour-hommes-fr","7":"product_cat-stables","8":"product_tag-saucony-fr","9":"product_tag-saucony-homme","10":"pa_attivita-marcher","11":"pa_attivita-running-fr","12":"pa_colore-guide-19-cobalt-navy","13":"pa_colore-guide-19-crimson-fire","14":"pa_colore-guide-19-ivory-fire","15":"pa_colore-guide-19-sage-gum","16":"pa_marca-saucony-fr","17":"pa_sesso-homme","18":"pa_size-41-fr","19":"pa_size-42-fr","20":"pa_size-42-5-fr","21":"pa_size-43-fr","22":"pa_size-44-fr","23":"pa_size-44-5-fr","24":"pa_size-45-fr","25":"pa_size-46-fr","26":"pa_size-46-5-fr","27":"pa_size-48-fr","29":"first","30":"instock","31":"sale","32":"taxable","33":"shipping-taxable","34":"purchasable","35":"product-type-variable","36":"wvs-archive-product-wrapper"},"acf":[],"yoast_head":"<!-- This site is optimized with the Yoast SEO plugin v26.8 - https:\/\/yoast.com\/product\/yoast-seo-wordpress\/ -->\n<title>Saucony Guide 19 homme -chaussures de course - MioMioRun.com<\/title>\n<meta name=\"description\" content=\"Mod\u00e8le 19 avec mousse PWRRUN souple, technologie Center Path et mesh technique pour plus de confort et de protection lors de vos sorties quotidiennes.\" \/>\n<meta name=\"robots\" content=\"index, follow, max-snippet:-1, max-image-preview:large, max-video-preview:-1\" \/>\n<link rel=\"canonical\" href=\"https:\/\/www.miomiorun.com\/fr\/produit\/guide-19-homme\/\" \/>\n<meta property=\"og:locale\" content=\"fr_FR\" \/>\n<meta property=\"og:type\" content=\"article\" \/>\n<meta property=\"og:title\" content=\"Saucony Guide 19 homme -chaussures de course - MioMioRun.com\" \/>\n<meta property=\"og:description\" content=\"Mod\u00e8le 19 avec mousse PWRRUN souple, technologie Center Path et mesh technique pour plus de confort et de protection lors de vos sorties quotidiennes.\" \/>\n<meta property=\"og:url\" content=\"https:\/\/www.miomiorun.com\/fr\/produit\/guide-19-homme\/\" \/>\n<meta property=\"og:site_name\" content=\"MioMioRun\" \/>\n<meta property=\"article:publisher\" content=\"https:\/\/www.facebook.com\/miomiorun\/\" \/>\n<meta property=\"article:modified_time\" content=\"2026-05-09T11:35:25+00:00\" \/>\n<meta property=\"og:image\" content=\"https:\/\/www.miomiorun.com\/app\/uploads\/2026\/04\/Saucony-Guide-19-ivory-fire-S21058-145.webp\" \/>\n\t<meta property=\"og:image:width\" content=\"720\" \/>\n\t<meta property=\"og:image:height\" content=\"720\" \/>\n\t<meta property=\"og:image:type\" content=\"image\/webp\" \/>\n<meta name=\"twitter:card\" content=\"summary_large_image\" \/>\n<meta name=\"twitter:label1\" content=\"Est. reading time\" \/>\n\t<meta name=\"twitter:data1\" content=\"1 minute\" \/>\n<script type=\"application\/ld+json\" class=\"yoast-schema-graph\">{\"@context\":\"https:\/\/schema.org\",\"@graph\":[{\"@type\":\"WebPage\",\"@id\":\"https:\/\/www.miomiorun.com\/fr\/produit\/guide-19-homme\/\",\"url\":\"https:\/\/www.miomiorun.com\/fr\/produit\/guide-19-homme\/\",\"name\":\"Saucony Guide 19 homme -chaussures de course - MioMioRun.com\",\"isPartOf\":{\"@id\":\"https:\/\/www.miomiorun.com\/fr\/#website\"},\"primaryImageOfPage\":{\"@id\":\"https:\/\/www.miomiorun.com\/fr\/produit\/guide-19-homme\/#primaryimage\"},\"image\":{\"@id\":\"https:\/\/www.miomiorun.com\/fr\/produit\/guide-19-homme\/#primaryimage\"},\"thumbnailUrl\":\"https:\/\/www.miomiorun.com\/app\/uploads\/2026\/04\/Saucony-Guide-19-ivory-fire-S21058-145.webp\",\"datePublished\":\"2026-03-02T15:33:24+00:00\",\"dateModified\":\"2026-05-09T11:35:25+00:00\",\"description\":\"Mod\u00e8le 19 avec mousse PWRRUN souple, technologie Center Path et mesh technique pour plus de confort et de protection lors de vos sorties quotidiennes.\",\"breadcrumb\":{\"@id\":\"https:\/\/www.miomiorun.com\/fr\/produit\/guide-19-homme\/#breadcrumb\"},\"inLanguage\":\"fr-FR\",\"potentialAction\":[{\"@type\":\"ReadAction\",\"target\":[\"https:\/\/www.miomiorun.com\/fr\/produit\/guide-19-homme\/\"]}]},{\"@type\":\"ImageObject\",\"inLanguage\":\"fr-FR\",\"@id\":\"https:\/\/www.miomiorun.com\/fr\/produit\/guide-19-homme\/#primaryimage\",\"url\":\"https:\/\/www.miomiorun.com\/app\/uploads\/2026\/04\/Saucony-Guide-19-ivory-fire-S21058-145.webp\",\"contentUrl\":\"https:\/\/www.miomiorun.com\/app\/uploads\/2026\/04\/Saucony-Guide-19-ivory-fire-S21058-145.webp\",\"width\":720,\"height\":720,\"caption\":\"Saucony Guide 19 ivory fire S21058-145\"},{\"@type\":\"BreadcrumbList\",\"@id\":\"https:\/\/www.miomiorun.com\/fr\/produit\/guide-19-homme\/#breadcrumb\",\"itemListElement\":[{\"@type\":\"ListItem\",\"position\":1,\"name\":\"Home\",\"item\":\"https:\/\/www.miomiorun.com\/fr\/home-page\/\"},{\"@type\":\"ListItem\",\"position\":2,\"name\":\"Shop\",\"item\":\"https:\/\/www.miomiorun.com\/shop\/\"},{\"@type\":\"ListItem\",\"position\":3,\"name\":\"Guide 19 homme\"}]},{\"@type\":\"WebSite\",\"@id\":\"https:\/\/www.miomiorun.com\/fr\/#website\",\"url\":\"https:\/\/www.miomiorun.com\/fr\/\",\"name\":\"MioMioRun\",\"description\":\"Boutique 100% running et trail\",\"publisher\":{\"@id\":\"https:\/\/www.miomiorun.com\/fr\/#organization\"},\"potentialAction\":[{\"@type\":\"SearchAction\",\"target\":{\"@type\":\"EntryPoint\",\"urlTemplate\":\"https:\/\/www.miomiorun.com\/fr\/?s={search_term_string}\"},\"query-input\":{\"@type\":\"PropertyValueSpecification\",\"valueRequired\":true,\"valueName\":\"search_term_string\"}}],\"inLanguage\":\"fr-FR\"},{\"@type\":\"Organization\",\"@id\":\"https:\/\/www.miomiorun.com\/fr\/#organization\",\"name\":\"MioMio Run\",\"url\":\"https:\/\/www.miomiorun.com\/fr\/\",\"logo\":{\"@type\":\"ImageObject\",\"inLanguage\":\"fr-FR\",\"@id\":\"https:\/\/www.miomiorun.com\/fr\/#\/schema\/logo\/image\/\",\"url\":\"https:\/\/www.miomiorun.com\/app\/uploads\/2019\/12\/logomio.png\",\"contentUrl\":\"https:\/\/www.miomiorun.com\/app\/uploads\/2019\/12\/logomio.png\",\"width\":115,\"height\":82,\"caption\":\"MioMio Run\"},\"image\":{\"@id\":\"https:\/\/www.miomiorun.com\/fr\/#\/schema\/logo\/image\/\"},\"sameAs\":[\"https:\/\/www.facebook.com\/miomiorun\/\",\"https:\/\/www.instagram.com\/miomiorun\/\"]}]}<\/script>\n<!-- \/ Yoast SEO plugin. -->","yoast_head_json":{"title":"Saucony Guide 19 homme -chaussures de course - MioMioRun.com","description":"Mod\u00e8le 19 avec mousse PWRRUN souple, technologie Center Path et mesh technique pour plus de confort et de protection lors de vos sorties quotidiennes.","robots":{"index":"index","follow":"follow","max-snippet":"max-snippet:-1","max-image-preview":"max-image-preview:large","max-video-preview":"max-video-preview:-1"},"canonical":"https:\/\/www.miomiorun.com\/fr\/produit\/guide-19-homme\/","og_locale":"fr_FR","og_type":"article","og_title":"Saucony Guide 19 homme -chaussures de course - MioMioRun.com","og_description":"Mod\u00e8le 19 avec mousse PWRRUN souple, technologie Center Path et mesh technique pour plus de confort et de protection lors de vos sorties quotidiennes.","og_url":"https:\/\/www.miomiorun.com\/fr\/produit\/guide-19-homme\/","og_site_name":"MioMioRun","article_publisher":"https:\/\/www.facebook.com\/miomiorun\/","article_modified_time":"2026-05-09T11:35:25+00:00","og_image":[{"width":720,"height":720,"url":"https:\/\/www.miomiorun.com\/app\/uploads\/2026\/04\/Saucony-Guide-19-ivory-fire-S21058-145.webp","type":"image\/webp"}],"twitter_card":"summary_large_image","twitter_misc":{"Est. reading time":"1 minute"},"schema":{"@context":"https:\/\/schema.org","@graph":[{"@type":"WebPage","@id":"https:\/\/www.miomiorun.com\/fr\/produit\/guide-19-homme\/","url":"https:\/\/www.miomiorun.com\/fr\/produit\/guide-19-homme\/","name":"Saucony Guide 19 homme -chaussures de course - MioMioRun.com","isPartOf":{"@id":"https:\/\/www.miomiorun.com\/fr\/#website"},"primaryImageOfPage":{"@id":"https:\/\/www.miomiorun.com\/fr\/produit\/guide-19-homme\/#primaryimage"},"image":{"@id":"https:\/\/www.miomiorun.com\/fr\/produit\/guide-19-homme\/#primaryimage"},"thumbnailUrl":"https:\/\/www.miomiorun.com\/app\/uploads\/2026\/04\/Saucony-Guide-19-ivory-fire-S21058-145.webp","datePublished":"2026-03-02T15:33:24+00:00","dateModified":"2026-05-09T11:35:25+00:00","description":"Mod\u00e8le 19 avec mousse PWRRUN souple, technologie Center Path et mesh technique pour plus de confort et de protection lors de vos sorties quotidiennes.","breadcrumb":{"@id":"https:\/\/www.miomiorun.com\/fr\/produit\/guide-19-homme\/#breadcrumb"},"inLanguage":"fr-FR","potentialAction":[{"@type":"ReadAction","target":["https:\/\/www.miomiorun.com\/fr\/produit\/guide-19-homme\/"]}]},{"@type":"ImageObject","inLanguage":"fr-FR","@id":"https:\/\/www.miomiorun.com\/fr\/produit\/guide-19-homme\/#primaryimage","url":"https:\/\/www.miomiorun.com\/app\/uploads\/2026\/04\/Saucony-Guide-19-ivory-fire-S21058-145.webp","contentUrl":"https:\/\/www.miomiorun.com\/app\/uploads\/2026\/04\/Saucony-Guide-19-ivory-fire-S21058-145.webp","width":720,"height":720,"caption":"Saucony Guide 19 ivory fire S21058-145"},{"@type":"BreadcrumbList","@id":"https:\/\/www.miomiorun.com\/fr\/produit\/guide-19-homme\/#breadcrumb","itemListElement":[{"@type":"ListItem","position":1,"name":"Home","item":"https:\/\/www.miomiorun.com\/fr\/home-page\/"},{"@type":"ListItem","position":2,"name":"Shop","item":"https:\/\/www.miomiorun.com\/shop\/"},{"@type":"ListItem","position":3,"name":"Guide 19 homme"}]},{"@type":"WebSite","@id":"https:\/\/www.miomiorun.com\/fr\/#website","url":"https:\/\/www.miomiorun.com\/fr\/","name":"MioMioRun","description":"Boutique 100% running et trail","publisher":{"@id":"https:\/\/www.miomiorun.com\/fr\/#organization"},"potentialAction":[{"@type":"SearchAction","target":{"@type":"EntryPoint","urlTemplate":"https:\/\/www.miomiorun.com\/fr\/?s={search_term_string}"},"query-input":{"@type":"PropertyValueSpecification","valueRequired":true,"valueName":"search_term_string"}}],"inLanguage":"fr-FR"},{"@type":"Organization","@id":"https:\/\/www.miomiorun.com\/fr\/#organization","name":"MioMio Run","url":"https:\/\/www.miomiorun.com\/fr\/","logo":{"@type":"ImageObject","inLanguage":"fr-FR","@id":"https:\/\/www.miomiorun.com\/fr\/#\/schema\/logo\/image\/","url":"https:\/\/www.miomiorun.com\/app\/uploads\/2019\/12\/logomio.png","contentUrl":"https:\/\/www.miomiorun.com\/app\/uploads\/2019\/12\/logomio.png","width":115,"height":82,"caption":"MioMio Run"},"image":{"@id":"https:\/\/www.miomiorun.com\/fr\/#\/schema\/logo\/image\/"},"sameAs":["https:\/\/www.facebook.com\/miomiorun\/","https:\/\/www.instagram.com\/miomiorun\/"]}]}},"_links":{"self":[{"href":"https:\/\/www.miomiorun.com\/fr\/wp-json\/wp\/v2\/product\/412875","targetHints":{"allow":["GET"]}}],"collection":[{"href":"https:\/\/www.miomiorun.com\/fr\/wp-json\/wp\/v2\/product"}],"about":[{"href":"https:\/\/www.miomiorun.com\/fr\/wp-json\/wp\/v2\/types\/product"}],"wp:featuredmedia":[{"embeddable":true,"href":"https:\/\/www.miomiorun.com\/fr\/wp-json\/wp\/v2\/media\/429632"}],"wp:attachment":[{"href":"https:\/\/www.miomiorun.com\/fr\/wp-json\/wp\/v2\/media?parent=412875"}],"wp:term":[{"taxonomy":"product_brand","embeddable":true,"href":"https:\/\/www.miomiorun.com\/fr\/wp-json\/wp\/v2\/product_brand?post=412875"},{"taxonomy":"product_cat","embeddable":true,"href":"https:\/\/www.miomiorun.com\/fr\/wp-json\/wp\/v2\/product_cat?post=412875"},{"taxonomy":"product_tag","embeddable":true,"href":"https:\/\/www.miomiorun.com\/fr\/wp-json\/wp\/v2\/product_tag?post=412875"}],"curies":[{"name":"wp","href":"https:\/\/api.w.org\/{rel}","templated":true}]}}