{"id":408446,"date":"2026-02-19T12:30:43","date_gmt":"2026-02-19T11:30:43","guid":{"rendered":"https:\/\/www.miomiorun.com\/?post_type=product&#038;p=408446"},"modified":"2026-05-09T13:26:10","modified_gmt":"2026-05-09T11:26:10","slug":"summit-high-trail-ss-homme-2","status":"publish","type":"product","link":"https:\/\/www.miomiorun.com\/fr\/produit\/summit-high-trail-ss-homme-2\/","title":{"rendered":"Summit High Trail SS homme"},"content":{"rendered":"<p data-start=\"203\" data-end=\"424\">Le t-shirt technique de course Summit High Trail est con\u00e7u pour les longues journ\u00e9es sur les sentiers. Son tissu l\u00e9ger, d\u00e9velopp\u00e9 en fonction de l&#8217;anatomie du corps, est pens\u00e9 pour offrir un confort optimal, m\u00eame lorsque vous portez un sac \u00e0 dos.<\/p>\n<p data-start=\"426\" data-end=\"696\">Les empi\u00e8cements sous les bras favorisent une plus grande libert\u00e9 de mouvement, tandis que les coutures thermosoud\u00e9es sur les c\u00f4t\u00e9s et sous les bras contribuent \u00e0 une structure \u00e9pur\u00e9e. L&#8217;ourlet fendu offre encore plus de mobilit\u00e9. Des logos r\u00e9fl\u00e9chissants viennent compl\u00e9ter le v\u00eatement.<\/p>\n<p data-start=\"698\" data-end=\"871\">Il int\u00e8gre les technologies FlashDry\u2122 et FlashDry-Pro\u2122, con\u00e7ues pour \u00e9vacuer l&#8217;humidit\u00e9, favoriser un s\u00e9chage rapide et contribuer \u00e0 une sensation de confort pendant l&#8217;activit\u00e9.<\/p>\n<p>&nbsp;<\/p>\n<p>&nbsp;<\/p>\n","protected":false},"excerpt":{"rendered":"<ul>\n<li data-start=\"903\" data-end=\"962\">Tissu l\u00e9ger con\u00e7u pour \u00e9pouser les formes du corps<\/li>\n<li data-start=\"965\" data-end=\"1014\">Empi\u00e8cements sous les bras et ourlet fendu<\/li>\n<li data-start=\"1017\" data-end=\"1080\">Technologies FlashDry\u2122 et FlashDry-Pro\u2122 avec d\u00e9tails r\u00e9fl\u00e9chissants<\/li>\n<\/ul>\n","protected":false},"featured_media":410411,"template":"","meta":{"_acf_changed":false,"inline_featured_image":false},"product_brand":[],"product_cat":[24449,24482],"product_tag":[32391,32397],"class_list":{"0":"post-408446","1":"product","2":"type-product","3":"status-publish","4":"has-post-thumbnail","6":"product_cat-t-shirt-fr-3","7":"product_cat-vetements-pour-hommes-fr","8":"product_tag-the-north-face-fr","9":"product_tag-the-north-face-homme","10":"pa_attivita-marcher","11":"pa_attivita-running-fr","12":"pa_attivita-trail-fr","13":"pa_colore-summit-high-trail-ss-lava-red","14":"pa_colore-summit-high-trail-ss-pearl-stone","15":"pa_marca-the-north-face-fr","16":"pa_sesso-homme","17":"pa_size-small-fr","18":"pa_size-medium-fr","20":"first","21":"instock","22":"sale","23":"taxable","24":"shipping-taxable","25":"purchasable","26":"product-type-variable","27":"wvs-archive-product-wrapper"},"acf":[],"yoast_head":"<!-- This site is optimized with the Yoast SEO plugin v26.8 - https:\/\/yoast.com\/product\/yoast-seo-wordpress\/ -->\n<title>The North Face Summit High Trail SS homme -T-shirt de course \u00e0 pied- MioMioRun<\/title>\n<meta name=\"description\" content=\"T-shirt Summit High Trail avec technologies FlashDry\u2122 et FlashDry-Pro\u2122, l\u00e9ger et ajust\u00e9, id\u00e9al pour les longues journ\u00e9es de trail.\" \/>\n<meta name=\"robots\" content=\"index, follow, max-snippet:-1, max-image-preview:large, max-video-preview:-1\" \/>\n<link rel=\"canonical\" href=\"https:\/\/www.miomiorun.com\/fr\/produit\/summit-high-trail-ss-homme-2\/\" \/>\n<meta property=\"og:locale\" content=\"fr_FR\" \/>\n<meta property=\"og:type\" content=\"article\" \/>\n<meta property=\"og:title\" content=\"The North Face Summit High Trail SS homme -T-shirt de course \u00e0 pied- MioMioRun\" \/>\n<meta property=\"og:description\" content=\"T-shirt Summit High Trail avec technologies FlashDry\u2122 et FlashDry-Pro\u2122, l\u00e9ger et ajust\u00e9, id\u00e9al pour les longues journ\u00e9es de trail.\" \/>\n<meta property=\"og:url\" content=\"https:\/\/www.miomiorun.com\/fr\/produit\/summit-high-trail-ss-homme-2\/\" \/>\n<meta property=\"og:site_name\" content=\"MioMioRun\" \/>\n<meta property=\"article:publisher\" content=\"https:\/\/www.facebook.com\/miomiorun\/\" \/>\n<meta property=\"article:modified_time\" content=\"2026-05-09T11:26:10+00:00\" \/>\n<meta property=\"og:image\" content=\"https:\/\/www.miomiorun.com\/app\/uploads\/2026\/02\/the-north-face-Summit-high-trail-SS-lava-red-NF0A88XCG6L1.webp\" \/>\n\t<meta property=\"og:image:width\" content=\"720\" \/>\n\t<meta property=\"og:image:height\" content=\"720\" \/>\n\t<meta property=\"og:image:type\" content=\"image\/webp\" \/>\n<meta name=\"twitter:card\" content=\"summary_large_image\" \/>\n<meta name=\"twitter:label1\" content=\"Est. reading time\" \/>\n\t<meta name=\"twitter:data1\" content=\"1 minute\" \/>\n<script type=\"application\/ld+json\" class=\"yoast-schema-graph\">{\"@context\":\"https:\/\/schema.org\",\"@graph\":[{\"@type\":\"WebPage\",\"@id\":\"https:\/\/www.miomiorun.com\/fr\/produit\/summit-high-trail-ss-homme-2\/\",\"url\":\"https:\/\/www.miomiorun.com\/fr\/produit\/summit-high-trail-ss-homme-2\/\",\"name\":\"The North Face Summit High Trail SS homme -T-shirt de course \u00e0 pied- MioMioRun\",\"isPartOf\":{\"@id\":\"https:\/\/www.miomiorun.com\/fr\/#website\"},\"primaryImageOfPage\":{\"@id\":\"https:\/\/www.miomiorun.com\/fr\/produit\/summit-high-trail-ss-homme-2\/#primaryimage\"},\"image\":{\"@id\":\"https:\/\/www.miomiorun.com\/fr\/produit\/summit-high-trail-ss-homme-2\/#primaryimage\"},\"thumbnailUrl\":\"https:\/\/www.miomiorun.com\/app\/uploads\/2026\/02\/the-north-face-Summit-high-trail-SS-lava-red-NF0A88XCG6L1.webp\",\"datePublished\":\"2026-02-19T11:30:43+00:00\",\"dateModified\":\"2026-05-09T11:26:10+00:00\",\"description\":\"T-shirt Summit High Trail avec technologies FlashDry\u2122 et FlashDry-Pro\u2122, l\u00e9ger et ajust\u00e9, id\u00e9al pour les longues journ\u00e9es de trail.\",\"breadcrumb\":{\"@id\":\"https:\/\/www.miomiorun.com\/fr\/produit\/summit-high-trail-ss-homme-2\/#breadcrumb\"},\"inLanguage\":\"fr-FR\",\"potentialAction\":[{\"@type\":\"ReadAction\",\"target\":[\"https:\/\/www.miomiorun.com\/fr\/produit\/summit-high-trail-ss-homme-2\/\"]}]},{\"@type\":\"ImageObject\",\"inLanguage\":\"fr-FR\",\"@id\":\"https:\/\/www.miomiorun.com\/fr\/produit\/summit-high-trail-ss-homme-2\/#primaryimage\",\"url\":\"https:\/\/www.miomiorun.com\/app\/uploads\/2026\/02\/the-north-face-Summit-high-trail-SS-lava-red-NF0A88XCG6L1.webp\",\"contentUrl\":\"https:\/\/www.miomiorun.com\/app\/uploads\/2026\/02\/the-north-face-Summit-high-trail-SS-lava-red-NF0A88XCG6L1.webp\",\"width\":720,\"height\":720,\"caption\":\"the north face Summit high trail SS lava red NF0A88XCG6L1\"},{\"@type\":\"BreadcrumbList\",\"@id\":\"https:\/\/www.miomiorun.com\/fr\/produit\/summit-high-trail-ss-homme-2\/#breadcrumb\",\"itemListElement\":[{\"@type\":\"ListItem\",\"position\":1,\"name\":\"Home\",\"item\":\"https:\/\/www.miomiorun.com\/fr\/home-page\/\"},{\"@type\":\"ListItem\",\"position\":2,\"name\":\"Shop\",\"item\":\"https:\/\/www.miomiorun.com\/shop\/\"},{\"@type\":\"ListItem\",\"position\":3,\"name\":\"Summit High Trail SS homme\"}]},{\"@type\":\"WebSite\",\"@id\":\"https:\/\/www.miomiorun.com\/fr\/#website\",\"url\":\"https:\/\/www.miomiorun.com\/fr\/\",\"name\":\"MioMioRun\",\"description\":\"Boutique 100% running et trail\",\"publisher\":{\"@id\":\"https:\/\/www.miomiorun.com\/fr\/#organization\"},\"potentialAction\":[{\"@type\":\"SearchAction\",\"target\":{\"@type\":\"EntryPoint\",\"urlTemplate\":\"https:\/\/www.miomiorun.com\/fr\/?s={search_term_string}\"},\"query-input\":{\"@type\":\"PropertyValueSpecification\",\"valueRequired\":true,\"valueName\":\"search_term_string\"}}],\"inLanguage\":\"fr-FR\"},{\"@type\":\"Organization\",\"@id\":\"https:\/\/www.miomiorun.com\/fr\/#organization\",\"name\":\"MioMio Run\",\"url\":\"https:\/\/www.miomiorun.com\/fr\/\",\"logo\":{\"@type\":\"ImageObject\",\"inLanguage\":\"fr-FR\",\"@id\":\"https:\/\/www.miomiorun.com\/fr\/#\/schema\/logo\/image\/\",\"url\":\"https:\/\/www.miomiorun.com\/app\/uploads\/2019\/12\/logomio.png\",\"contentUrl\":\"https:\/\/www.miomiorun.com\/app\/uploads\/2019\/12\/logomio.png\",\"width\":115,\"height\":82,\"caption\":\"MioMio Run\"},\"image\":{\"@id\":\"https:\/\/www.miomiorun.com\/fr\/#\/schema\/logo\/image\/\"},\"sameAs\":[\"https:\/\/www.facebook.com\/miomiorun\/\",\"https:\/\/www.instagram.com\/miomiorun\/\"]}]}<\/script>\n<!-- \/ Yoast SEO plugin. -->","yoast_head_json":{"title":"The North Face Summit High Trail SS homme -T-shirt de course \u00e0 pied- MioMioRun","description":"T-shirt Summit High Trail avec technologies FlashDry\u2122 et FlashDry-Pro\u2122, l\u00e9ger et ajust\u00e9, id\u00e9al pour les longues journ\u00e9es de trail.","robots":{"index":"index","follow":"follow","max-snippet":"max-snippet:-1","max-image-preview":"max-image-preview:large","max-video-preview":"max-video-preview:-1"},"canonical":"https:\/\/www.miomiorun.com\/fr\/produit\/summit-high-trail-ss-homme-2\/","og_locale":"fr_FR","og_type":"article","og_title":"The North Face Summit High Trail SS homme -T-shirt de course \u00e0 pied- MioMioRun","og_description":"T-shirt Summit High Trail avec technologies FlashDry\u2122 et FlashDry-Pro\u2122, l\u00e9ger et ajust\u00e9, id\u00e9al pour les longues journ\u00e9es de trail.","og_url":"https:\/\/www.miomiorun.com\/fr\/produit\/summit-high-trail-ss-homme-2\/","og_site_name":"MioMioRun","article_publisher":"https:\/\/www.facebook.com\/miomiorun\/","article_modified_time":"2026-05-09T11:26:10+00:00","og_image":[{"width":720,"height":720,"url":"https:\/\/www.miomiorun.com\/app\/uploads\/2026\/02\/the-north-face-Summit-high-trail-SS-lava-red-NF0A88XCG6L1.webp","type":"image\/webp"}],"twitter_card":"summary_large_image","twitter_misc":{"Est. reading time":"1 minute"},"schema":{"@context":"https:\/\/schema.org","@graph":[{"@type":"WebPage","@id":"https:\/\/www.miomiorun.com\/fr\/produit\/summit-high-trail-ss-homme-2\/","url":"https:\/\/www.miomiorun.com\/fr\/produit\/summit-high-trail-ss-homme-2\/","name":"The North Face Summit High Trail SS homme -T-shirt de course \u00e0 pied- MioMioRun","isPartOf":{"@id":"https:\/\/www.miomiorun.com\/fr\/#website"},"primaryImageOfPage":{"@id":"https:\/\/www.miomiorun.com\/fr\/produit\/summit-high-trail-ss-homme-2\/#primaryimage"},"image":{"@id":"https:\/\/www.miomiorun.com\/fr\/produit\/summit-high-trail-ss-homme-2\/#primaryimage"},"thumbnailUrl":"https:\/\/www.miomiorun.com\/app\/uploads\/2026\/02\/the-north-face-Summit-high-trail-SS-lava-red-NF0A88XCG6L1.webp","datePublished":"2026-02-19T11:30:43+00:00","dateModified":"2026-05-09T11:26:10+00:00","description":"T-shirt Summit High Trail avec technologies FlashDry\u2122 et FlashDry-Pro\u2122, l\u00e9ger et ajust\u00e9, id\u00e9al pour les longues journ\u00e9es de trail.","breadcrumb":{"@id":"https:\/\/www.miomiorun.com\/fr\/produit\/summit-high-trail-ss-homme-2\/#breadcrumb"},"inLanguage":"fr-FR","potentialAction":[{"@type":"ReadAction","target":["https:\/\/www.miomiorun.com\/fr\/produit\/summit-high-trail-ss-homme-2\/"]}]},{"@type":"ImageObject","inLanguage":"fr-FR","@id":"https:\/\/www.miomiorun.com\/fr\/produit\/summit-high-trail-ss-homme-2\/#primaryimage","url":"https:\/\/www.miomiorun.com\/app\/uploads\/2026\/02\/the-north-face-Summit-high-trail-SS-lava-red-NF0A88XCG6L1.webp","contentUrl":"https:\/\/www.miomiorun.com\/app\/uploads\/2026\/02\/the-north-face-Summit-high-trail-SS-lava-red-NF0A88XCG6L1.webp","width":720,"height":720,"caption":"the north face Summit high trail SS lava red NF0A88XCG6L1"},{"@type":"BreadcrumbList","@id":"https:\/\/www.miomiorun.com\/fr\/produit\/summit-high-trail-ss-homme-2\/#breadcrumb","itemListElement":[{"@type":"ListItem","position":1,"name":"Home","item":"https:\/\/www.miomiorun.com\/fr\/home-page\/"},{"@type":"ListItem","position":2,"name":"Shop","item":"https:\/\/www.miomiorun.com\/shop\/"},{"@type":"ListItem","position":3,"name":"Summit High Trail SS homme"}]},{"@type":"WebSite","@id":"https:\/\/www.miomiorun.com\/fr\/#website","url":"https:\/\/www.miomiorun.com\/fr\/","name":"MioMioRun","description":"Boutique 100% running et trail","publisher":{"@id":"https:\/\/www.miomiorun.com\/fr\/#organization"},"potentialAction":[{"@type":"SearchAction","target":{"@type":"EntryPoint","urlTemplate":"https:\/\/www.miomiorun.com\/fr\/?s={search_term_string}"},"query-input":{"@type":"PropertyValueSpecification","valueRequired":true,"valueName":"search_term_string"}}],"inLanguage":"fr-FR"},{"@type":"Organization","@id":"https:\/\/www.miomiorun.com\/fr\/#organization","name":"MioMio Run","url":"https:\/\/www.miomiorun.com\/fr\/","logo":{"@type":"ImageObject","inLanguage":"fr-FR","@id":"https:\/\/www.miomiorun.com\/fr\/#\/schema\/logo\/image\/","url":"https:\/\/www.miomiorun.com\/app\/uploads\/2019\/12\/logomio.png","contentUrl":"https:\/\/www.miomiorun.com\/app\/uploads\/2019\/12\/logomio.png","width":115,"height":82,"caption":"MioMio Run"},"image":{"@id":"https:\/\/www.miomiorun.com\/fr\/#\/schema\/logo\/image\/"},"sameAs":["https:\/\/www.facebook.com\/miomiorun\/","https:\/\/www.instagram.com\/miomiorun\/"]}]}},"_links":{"self":[{"href":"https:\/\/www.miomiorun.com\/fr\/wp-json\/wp\/v2\/product\/408446","targetHints":{"allow":["GET"]}}],"collection":[{"href":"https:\/\/www.miomiorun.com\/fr\/wp-json\/wp\/v2\/product"}],"about":[{"href":"https:\/\/www.miomiorun.com\/fr\/wp-json\/wp\/v2\/types\/product"}],"wp:featuredmedia":[{"embeddable":true,"href":"https:\/\/www.miomiorun.com\/fr\/wp-json\/wp\/v2\/media\/410411"}],"wp:attachment":[{"href":"https:\/\/www.miomiorun.com\/fr\/wp-json\/wp\/v2\/media?parent=408446"}],"wp:term":[{"taxonomy":"product_brand","embeddable":true,"href":"https:\/\/www.miomiorun.com\/fr\/wp-json\/wp\/v2\/product_brand?post=408446"},{"taxonomy":"product_cat","embeddable":true,"href":"https:\/\/www.miomiorun.com\/fr\/wp-json\/wp\/v2\/product_cat?post=408446"},{"taxonomy":"product_tag","embeddable":true,"href":"https:\/\/www.miomiorun.com\/fr\/wp-json\/wp\/v2\/product_tag?post=408446"}],"curies":[{"name":"wp","href":"https:\/\/api.w.org\/{rel}","templated":true}]}}