{"id":408191,"date":"2026-02-19T11:36:21","date_gmt":"2026-02-19T10:36:21","guid":{"rendered":"https:\/\/www.miomiorun.com\/?post_type=product&#038;p=408191"},"modified":"2026-05-09T13:23:52","modified_gmt":"2026-05-09T11:23:52","slug":"cadi-homme","status":"publish","type":"product","link":"https:\/\/www.miomiorun.com\/fr\/produit\/cadi-homme\/","title":{"rendered":"Cad\u00ec homme"},"content":{"rendered":"<table style=\"border-collapse: collapse;width: 100%\">\n<tbody>\n<tr>\n<td style=\"width: 33.3333%;vertical-align: top\"><strong>Caract\u00e9ristiques techniques<\/strong><\/p>\n<p>Cat\u00e9gorie : Amorti structur\u00e9<br \/>\nD\u00e9port : 6 mm<br \/>\nPoids : 270 g<br \/>\nId\u00e9al pour : les coureurs de trail \u00e0 la recherche d&#8217;une chaussure alliant haute performance et confort, m\u00eame sur des parcours longs et exigeants.<br \/>\nPoids de l&#8217;athl\u00e8te : 60-80 kg<br \/>\nAllure de course : moyenne (5-6 min\/km)<br \/>\n<a href=\"https:\/\/miomiorun.com\/guida-alle-specifiche-tecniche\/\">Guide des caract\u00e9ristiques techniques<\/a><\/td>\n<td style=\"width: 66.6666%;vertical-align: top\">\n<p style=\"text-align: left\" data-start=\"182\" data-end=\"509\">Cad\u00ed est n\u00e9e comme une invitation \u00e0 vivre le trail en toute simplicit\u00e9. Quand il n\u2019y a pas d\u2019urgence, quand il n\u2019y a pas de comp\u00e9tition, quand le rythme est le v\u00f4tre et que le sentier s\u2019ouvre devant vous. Inspir\u00e9e des sommets de la Serra del Cad\u00ed, lieu symbolique o\u00f9 tout a commenc\u00e9, cette chaussure repr\u00e9sente pour NNormal un point de rencontre entre exp\u00e9rience et accessibilit\u00e9.<\/p>\n<p style=\"text-align: left\" data-start=\"511\" data-end=\"775\">Cad\u00ed est la premi\u00e8re chaussure con\u00e7ue pour tous les niveaux, pens\u00e9e pour accompagner aussi bien ceux qui s\u2019initient au trail que ceux qui souhaitent revenir courir sur les sentiers avec un esprit libre. Un mod\u00e8le qui rappelle l\u2019essence m\u00eame du trail running : le partage, la nature et le mouvement. Dot\u00e9e d\u2019une semelle Vibram comme ses s\u0153urs Tomir et Kjerag, elle offre une adh\u00e9rence s\u00fbre et fiable gr\u00e2ce \u00e0 ses crampons de 4 mm. Quant \u00e0 la tige, elle est compos\u00e9e d\u2019un tissu respirant et l\u00e9ger.<\/p>\n<\/td>\n<\/tr>\n<\/tbody>\n<\/table>\n<p>&nbsp;<\/p>\n","protected":false},"excerpt":{"rendered":"<ul>\n<li data-start=\"807\" data-end=\"837\">Inspir\u00e9e de la Serra del Cad\u00ed<\/li>\n<li data-start=\"840\" data-end=\"872\">Con\u00e7ue pour tous les niveaux<\/li>\n<li data-start=\"875\" data-end=\"920\">Con\u00e7ue pour profiter du trail en toute s\u00e9r\u00e9nit\u00e9<\/li>\n<\/ul>\n","protected":false},"featured_media":415137,"template":"","meta":{"_acf_changed":false,"inline_featured_image":false},"product_brand":[],"product_cat":[24448,24445],"product_tag":[35958,35965],"class_list":{"0":"post-408191","1":"product","2":"type-product","3":"status-publish","4":"has-post-thumbnail","6":"product_cat-chaussures-pour-hommes-fr","7":"product_cat-trail-fr-3","8":"product_tag-nnormal-fr","9":"product_tag-nnormal-homme-fr","10":"pa_attivita-outdoor-fr","11":"pa_attivita-trail-fr","12":"pa_colore-cadi-m-beige","13":"pa_colore-cadi-m-blue","14":"pa_marca-nnormal-fr","15":"pa_sesso-homme","16":"pa_size-41-fr","17":"pa_size-42-fr","19":"pa_size-43-fr","20":"pa_size-44-fr","22":"pa_size-45-fr","23":"pa_size-46-fr","26":"first","27":"instock","28":"taxable","29":"shipping-taxable","30":"purchasable","31":"product-type-variable","32":"wvs-archive-product-wrapper"},"acf":[],"yoast_head":"<!-- This site is optimized with the Yoast SEO plugin v26.8 - https:\/\/yoast.com\/product\/yoast-seo-wordpress\/ -->\n<title>NNormal Cad\u00ec homme - Chaussures de trail pour homme - MioMioRun.com<\/title>\n<meta name=\"description\" content=\"Cad\u00ed, une chaussure de trail inspir\u00e9e de la Serra del Cad\u00ed, con\u00e7ue pour tous les niveaux et pens\u00e9e pour vivre le trail en toute simplicit\u00e9.\" \/>\n<meta name=\"robots\" content=\"index, follow, max-snippet:-1, max-image-preview:large, max-video-preview:-1\" \/>\n<link rel=\"canonical\" href=\"https:\/\/www.miomiorun.com\/fr\/produit\/cadi-homme\/\" \/>\n<meta property=\"og:locale\" content=\"fr_FR\" \/>\n<meta property=\"og:type\" content=\"article\" \/>\n<meta property=\"og:title\" content=\"NNormal Cad\u00ec homme - Chaussures de trail pour homme - MioMioRun.com\" \/>\n<meta property=\"og:description\" content=\"Cad\u00ed, une chaussure de trail inspir\u00e9e de la Serra del Cad\u00ed, con\u00e7ue pour tous les niveaux et pens\u00e9e pour vivre le trail en toute simplicit\u00e9.\" \/>\n<meta property=\"og:url\" content=\"https:\/\/www.miomiorun.com\/fr\/produit\/cadi-homme\/\" \/>\n<meta property=\"og:site_name\" content=\"MioMioRun\" \/>\n<meta property=\"article:publisher\" content=\"https:\/\/www.facebook.com\/miomiorun\/\" \/>\n<meta property=\"article:modified_time\" content=\"2026-05-09T11:23:52+00:00\" \/>\n<meta property=\"og:image\" content=\"https:\/\/www.miomiorun.com\/app\/uploads\/2026\/03\/nnormal-Cadi-M-beige-NS4CD1M-002.webp\" \/>\n\t<meta property=\"og:image:width\" content=\"720\" \/>\n\t<meta property=\"og:image:height\" content=\"720\" \/>\n\t<meta property=\"og:image:type\" content=\"image\/webp\" \/>\n<meta name=\"twitter:card\" content=\"summary_large_image\" \/>\n<meta name=\"twitter:label1\" content=\"Est. reading time\" \/>\n\t<meta name=\"twitter:data1\" content=\"1 minute\" \/>\n<script type=\"application\/ld+json\" class=\"yoast-schema-graph\">{\"@context\":\"https:\/\/schema.org\",\"@graph\":[{\"@type\":\"WebPage\",\"@id\":\"https:\/\/www.miomiorun.com\/fr\/produit\/cadi-homme\/\",\"url\":\"https:\/\/www.miomiorun.com\/fr\/produit\/cadi-homme\/\",\"name\":\"NNormal Cad\u00ec homme - Chaussures de trail pour homme - MioMioRun.com\",\"isPartOf\":{\"@id\":\"https:\/\/www.miomiorun.com\/fr\/#website\"},\"primaryImageOfPage\":{\"@id\":\"https:\/\/www.miomiorun.com\/fr\/produit\/cadi-homme\/#primaryimage\"},\"image\":{\"@id\":\"https:\/\/www.miomiorun.com\/fr\/produit\/cadi-homme\/#primaryimage\"},\"thumbnailUrl\":\"https:\/\/www.miomiorun.com\/app\/uploads\/2026\/03\/nnormal-Cadi-M-beige-NS4CD1M-002.webp\",\"datePublished\":\"2026-02-19T10:36:21+00:00\",\"dateModified\":\"2026-05-09T11:23:52+00:00\",\"description\":\"Cad\u00ed, une chaussure de trail inspir\u00e9e de la Serra del Cad\u00ed, con\u00e7ue pour tous les niveaux et pens\u00e9e pour vivre le trail en toute simplicit\u00e9.\",\"breadcrumb\":{\"@id\":\"https:\/\/www.miomiorun.com\/fr\/produit\/cadi-homme\/#breadcrumb\"},\"inLanguage\":\"fr-FR\",\"potentialAction\":[{\"@type\":\"ReadAction\",\"target\":[\"https:\/\/www.miomiorun.com\/fr\/produit\/cadi-homme\/\"]}]},{\"@type\":\"ImageObject\",\"inLanguage\":\"fr-FR\",\"@id\":\"https:\/\/www.miomiorun.com\/fr\/produit\/cadi-homme\/#primaryimage\",\"url\":\"https:\/\/www.miomiorun.com\/app\/uploads\/2026\/03\/nnormal-Cadi-M-beige-NS4CD1M-002.webp\",\"contentUrl\":\"https:\/\/www.miomiorun.com\/app\/uploads\/2026\/03\/nnormal-Cadi-M-beige-NS4CD1M-002.webp\",\"width\":720,\"height\":720,\"caption\":\"nnormal Cad\u00ec M beige NS4CD1M-002\"},{\"@type\":\"BreadcrumbList\",\"@id\":\"https:\/\/www.miomiorun.com\/fr\/produit\/cadi-homme\/#breadcrumb\",\"itemListElement\":[{\"@type\":\"ListItem\",\"position\":1,\"name\":\"Home\",\"item\":\"https:\/\/www.miomiorun.com\/fr\/home-page\/\"},{\"@type\":\"ListItem\",\"position\":2,\"name\":\"Shop\",\"item\":\"https:\/\/www.miomiorun.com\/shop\/\"},{\"@type\":\"ListItem\",\"position\":3,\"name\":\"Cad\u00ec homme\"}]},{\"@type\":\"WebSite\",\"@id\":\"https:\/\/www.miomiorun.com\/fr\/#website\",\"url\":\"https:\/\/www.miomiorun.com\/fr\/\",\"name\":\"MioMioRun\",\"description\":\"Boutique 100% running et trail\",\"publisher\":{\"@id\":\"https:\/\/www.miomiorun.com\/fr\/#organization\"},\"potentialAction\":[{\"@type\":\"SearchAction\",\"target\":{\"@type\":\"EntryPoint\",\"urlTemplate\":\"https:\/\/www.miomiorun.com\/fr\/?s={search_term_string}\"},\"query-input\":{\"@type\":\"PropertyValueSpecification\",\"valueRequired\":true,\"valueName\":\"search_term_string\"}}],\"inLanguage\":\"fr-FR\"},{\"@type\":\"Organization\",\"@id\":\"https:\/\/www.miomiorun.com\/fr\/#organization\",\"name\":\"MioMio Run\",\"url\":\"https:\/\/www.miomiorun.com\/fr\/\",\"logo\":{\"@type\":\"ImageObject\",\"inLanguage\":\"fr-FR\",\"@id\":\"https:\/\/www.miomiorun.com\/fr\/#\/schema\/logo\/image\/\",\"url\":\"https:\/\/www.miomiorun.com\/app\/uploads\/2019\/12\/logomio.png\",\"contentUrl\":\"https:\/\/www.miomiorun.com\/app\/uploads\/2019\/12\/logomio.png\",\"width\":115,\"height\":82,\"caption\":\"MioMio Run\"},\"image\":{\"@id\":\"https:\/\/www.miomiorun.com\/fr\/#\/schema\/logo\/image\/\"},\"sameAs\":[\"https:\/\/www.facebook.com\/miomiorun\/\",\"https:\/\/www.instagram.com\/miomiorun\/\"]}]}<\/script>\n<!-- \/ Yoast SEO plugin. -->","yoast_head_json":{"title":"NNormal Cad\u00ec homme - Chaussures de trail pour homme - MioMioRun.com","description":"Cad\u00ed, une chaussure de trail inspir\u00e9e de la Serra del Cad\u00ed, con\u00e7ue pour tous les niveaux et pens\u00e9e pour vivre le trail en toute simplicit\u00e9.","robots":{"index":"index","follow":"follow","max-snippet":"max-snippet:-1","max-image-preview":"max-image-preview:large","max-video-preview":"max-video-preview:-1"},"canonical":"https:\/\/www.miomiorun.com\/fr\/produit\/cadi-homme\/","og_locale":"fr_FR","og_type":"article","og_title":"NNormal Cad\u00ec homme - Chaussures de trail pour homme - MioMioRun.com","og_description":"Cad\u00ed, une chaussure de trail inspir\u00e9e de la Serra del Cad\u00ed, con\u00e7ue pour tous les niveaux et pens\u00e9e pour vivre le trail en toute simplicit\u00e9.","og_url":"https:\/\/www.miomiorun.com\/fr\/produit\/cadi-homme\/","og_site_name":"MioMioRun","article_publisher":"https:\/\/www.facebook.com\/miomiorun\/","article_modified_time":"2026-05-09T11:23:52+00:00","og_image":[{"width":720,"height":720,"url":"https:\/\/www.miomiorun.com\/app\/uploads\/2026\/03\/nnormal-Cadi-M-beige-NS4CD1M-002.webp","type":"image\/webp"}],"twitter_card":"summary_large_image","twitter_misc":{"Est. reading time":"1 minute"},"schema":{"@context":"https:\/\/schema.org","@graph":[{"@type":"WebPage","@id":"https:\/\/www.miomiorun.com\/fr\/produit\/cadi-homme\/","url":"https:\/\/www.miomiorun.com\/fr\/produit\/cadi-homme\/","name":"NNormal Cad\u00ec homme - Chaussures de trail pour homme - MioMioRun.com","isPartOf":{"@id":"https:\/\/www.miomiorun.com\/fr\/#website"},"primaryImageOfPage":{"@id":"https:\/\/www.miomiorun.com\/fr\/produit\/cadi-homme\/#primaryimage"},"image":{"@id":"https:\/\/www.miomiorun.com\/fr\/produit\/cadi-homme\/#primaryimage"},"thumbnailUrl":"https:\/\/www.miomiorun.com\/app\/uploads\/2026\/03\/nnormal-Cadi-M-beige-NS4CD1M-002.webp","datePublished":"2026-02-19T10:36:21+00:00","dateModified":"2026-05-09T11:23:52+00:00","description":"Cad\u00ed, une chaussure de trail inspir\u00e9e de la Serra del Cad\u00ed, con\u00e7ue pour tous les niveaux et pens\u00e9e pour vivre le trail en toute simplicit\u00e9.","breadcrumb":{"@id":"https:\/\/www.miomiorun.com\/fr\/produit\/cadi-homme\/#breadcrumb"},"inLanguage":"fr-FR","potentialAction":[{"@type":"ReadAction","target":["https:\/\/www.miomiorun.com\/fr\/produit\/cadi-homme\/"]}]},{"@type":"ImageObject","inLanguage":"fr-FR","@id":"https:\/\/www.miomiorun.com\/fr\/produit\/cadi-homme\/#primaryimage","url":"https:\/\/www.miomiorun.com\/app\/uploads\/2026\/03\/nnormal-Cadi-M-beige-NS4CD1M-002.webp","contentUrl":"https:\/\/www.miomiorun.com\/app\/uploads\/2026\/03\/nnormal-Cadi-M-beige-NS4CD1M-002.webp","width":720,"height":720,"caption":"nnormal Cad\u00ec M beige NS4CD1M-002"},{"@type":"BreadcrumbList","@id":"https:\/\/www.miomiorun.com\/fr\/produit\/cadi-homme\/#breadcrumb","itemListElement":[{"@type":"ListItem","position":1,"name":"Home","item":"https:\/\/www.miomiorun.com\/fr\/home-page\/"},{"@type":"ListItem","position":2,"name":"Shop","item":"https:\/\/www.miomiorun.com\/shop\/"},{"@type":"ListItem","position":3,"name":"Cad\u00ec homme"}]},{"@type":"WebSite","@id":"https:\/\/www.miomiorun.com\/fr\/#website","url":"https:\/\/www.miomiorun.com\/fr\/","name":"MioMioRun","description":"Boutique 100% running et trail","publisher":{"@id":"https:\/\/www.miomiorun.com\/fr\/#organization"},"potentialAction":[{"@type":"SearchAction","target":{"@type":"EntryPoint","urlTemplate":"https:\/\/www.miomiorun.com\/fr\/?s={search_term_string}"},"query-input":{"@type":"PropertyValueSpecification","valueRequired":true,"valueName":"search_term_string"}}],"inLanguage":"fr-FR"},{"@type":"Organization","@id":"https:\/\/www.miomiorun.com\/fr\/#organization","name":"MioMio Run","url":"https:\/\/www.miomiorun.com\/fr\/","logo":{"@type":"ImageObject","inLanguage":"fr-FR","@id":"https:\/\/www.miomiorun.com\/fr\/#\/schema\/logo\/image\/","url":"https:\/\/www.miomiorun.com\/app\/uploads\/2019\/12\/logomio.png","contentUrl":"https:\/\/www.miomiorun.com\/app\/uploads\/2019\/12\/logomio.png","width":115,"height":82,"caption":"MioMio Run"},"image":{"@id":"https:\/\/www.miomiorun.com\/fr\/#\/schema\/logo\/image\/"},"sameAs":["https:\/\/www.facebook.com\/miomiorun\/","https:\/\/www.instagram.com\/miomiorun\/"]}]}},"_links":{"self":[{"href":"https:\/\/www.miomiorun.com\/fr\/wp-json\/wp\/v2\/product\/408191","targetHints":{"allow":["GET"]}}],"collection":[{"href":"https:\/\/www.miomiorun.com\/fr\/wp-json\/wp\/v2\/product"}],"about":[{"href":"https:\/\/www.miomiorun.com\/fr\/wp-json\/wp\/v2\/types\/product"}],"wp:featuredmedia":[{"embeddable":true,"href":"https:\/\/www.miomiorun.com\/fr\/wp-json\/wp\/v2\/media\/415137"}],"wp:attachment":[{"href":"https:\/\/www.miomiorun.com\/fr\/wp-json\/wp\/v2\/media?parent=408191"}],"wp:term":[{"taxonomy":"product_brand","embeddable":true,"href":"https:\/\/www.miomiorun.com\/fr\/wp-json\/wp\/v2\/product_brand?post=408191"},{"taxonomy":"product_cat","embeddable":true,"href":"https:\/\/www.miomiorun.com\/fr\/wp-json\/wp\/v2\/product_cat?post=408191"},{"taxonomy":"product_tag","embeddable":true,"href":"https:\/\/www.miomiorun.com\/fr\/wp-json\/wp\/v2\/product_tag?post=408191"}],"curies":[{"name":"wp","href":"https:\/\/api.w.org\/{rel}","templated":true}]}}