{"id":407721,"date":"2026-02-19T09:53:02","date_gmt":"2026-02-19T08:53:02","guid":{"rendered":"https:\/\/www.miomiorun.com\/?post_type=product&#038;p=407721"},"modified":"2026-05-09T13:20:17","modified_gmt":"2026-05-09T11:20:17","slug":"mafate-hike-femme","status":"publish","type":"product","link":"https:\/\/www.miomiorun.com\/fr\/produit\/mafate-hike-femme\/","title":{"rendered":"Mafate Hike femme"},"content":{"rendered":"<table style=\"border-collapse: collapse;width: 100%\">\n<tbody>\n<tr>\n<td style=\"width: 33.3333%;vertical-align: top\"><strong>Caract\u00e9ristiques techniques<\/strong><\/p>\n<p>Cat\u00e9gorie : amorti haut de gamme<br \/>\nD\u00e9port : 8,00 <sup class=\"pl-1\">mm<\/sup><br \/>\nPoids : 338,00 <sup class=\"pl-1\">g<\/sup><br \/>\nId\u00e9al pour : les amateurs de randonn\u00e9es en montagne, \u00e0 la recherche d&#8217;un mod\u00e8le bien amorti et protecteur, capable d&#8217;offrir un confort maximal m\u00eame sur de longues distances.<br \/>\nPoids de l&#8217;athl\u00e8te : 70-90 kg<br \/>\nAllure de course : rapide (7,00-8,00 min\/km)<br \/>\n<a href=\"https:\/\/miomiorun.com\/guida-alle-specifiche-tecniche\/\">Guide des caract\u00e9ristiques techniques<\/a><\/td>\n<td style=\"width: 66.6666%;vertical-align: top\">\n<p data-start=\"26\" data-end=\"347\">La <strong data-start=\"29\" data-end=\"49\">HOKA Mafate Hike<\/strong> est une chaussure con\u00e7ue pour allier <strong data-start=\"84\" data-end=\"150\">la r\u00e9sistance de la randonn\u00e9e et la souplesse inspir\u00e9e de la course \u00e0 pied<\/strong>, offrant un \u00e9quilibre entre protection et l\u00e9g\u00e8ret\u00e9 lors des sorties tout-terrain. Con\u00e7ue pour vous accompagner sur des parcours exigeants, elle vous permet d\u2019affronter de longues distances tout en conservant confort et stabilit\u00e9.<\/p>\n<p data-start=\"349\" data-end=\"739\">Sa structure combine des mat\u00e9riaux techniques tels que la <strong data-start=\"396\" data-end=\"417\">tige en Matryx\u00ae<\/strong>, l\u00e9g\u00e8re, respirante et hydrofuge, avec une construction con\u00e7ue pour r\u00e9sister aux conditions les plus variables. La <strong data-start=\"527\" data-end=\"565\">semelle interm\u00e9diaire en EVA double densit\u00e9<\/strong> est con\u00e7ue pour offrir amorti et maintien pendant la randonn\u00e9e, tandis que la <strong data-start=\"653\" data-end=\"690\">tige dynamique extensible<\/strong> contribue \u00e0 un chaussant stable et adaptable.<\/p>\n<p data-start=\"741\" data-end=\"1171\">La <strong data-start=\"744\" data-end=\"798\">semelle Vibram\u00ae Megagrip monobloc avec crampons Traction Lug<\/strong> est con\u00e7ue pour garantir adh\u00e9rence et traction sur les terrains techniques, gr\u00e2ce \u00e0 un <strong data-start=\"883\" data-end=\"905\">profil de 5 mm<\/strong>. Le <strong data-start=\"910\" data-end=\"937\">col en ARIAPRENE\u00ae<\/strong> am\u00e9liore le confort et la respirabilit\u00e9, tandis que le <strong data-start=\"989\" data-end=\"1026\">stabilisateur en TPU au talon<\/strong> contribue \u00e0 la stabilit\u00e9. Le design est compl\u00e9t\u00e9 par le <strong data-start=\"1077\" data-end=\"1124\">syst\u00e8me de la\u00e7age rapide avec \u00e9l\u00e9ments m\u00e9talliques<\/strong>, con\u00e7u pour un r\u00e9glage pratique et rapide.<\/p>\n<\/td>\n<\/tr>\n<\/tbody>\n<\/table>\n<p>&nbsp;<\/p>\n","protected":false},"excerpt":{"rendered":"<ul>\n<li data-section-id=\"tfss3d\" data-start=\"1191\" data-end=\"1273\">Tige en <strong data-start=\"1203\" data-end=\"1214\">Matryx\u00ae<\/strong>, l\u00e9g\u00e8re, r\u00e9sistante et hydrofuge, pour la randonn\u00e9e technique<\/li>\n<li data-section-id=\"6x6s16\" data-start=\"1274\" data-end=\"1374\">Semelle <strong data-start=\"1282\" data-end=\"1302\">Vibram\u00ae Megagrip<\/strong> avec crampons Traction Lug et crampons de 5 mm pour une adh\u00e9rence sur des terrains vari\u00e9s<\/li>\n<li data-section-id=\"wt7rpw\" data-start=\"1375\" data-end=\"1467\">Semelle interm\u00e9diaire en EVA double densit\u00e9 et structure stable pour un confort sur les longues distances<\/li>\n<\/ul>\n","protected":false},"featured_media":422705,"template":"","meta":{"_acf_changed":false,"inline_featured_image":false},"product_brand":[],"product_cat":[22605,22608],"product_tag":[23478,23494],"class_list":{"0":"post-407721","1":"product","2":"type-product","3":"status-publish","4":"has-post-thumbnail","6":"product_cat-chaussures-pour-femmes","7":"product_cat-trail-fr","8":"product_tag-hoka-one-one-fr","9":"product_tag-hoka-femme","10":"pa_attivita-outdoor-fr","11":"pa_colore-mafate-hike-w-ambient-blue-blueberry","12":"pa_marca-hoka-fr","13":"pa_sesso-femme","14":"pa_size-38-fr","16":"pa_size-39-fr","17":"pa_size-40-fr","19":"pa_size-41-fr","20":"pa_size-42-fr","22":"first","23":"instock","24":"sale","25":"taxable","26":"shipping-taxable","27":"purchasable","28":"product-type-variable","29":"wvs-archive-product-wrapper"},"acf":[],"yoast_head":"<!-- This site is optimized with the Yoast SEO plugin v26.8 - https:\/\/yoast.com\/product\/yoast-seo-wordpress\/ -->\n<title>Hoka Mafate Hike femme -chaussures de randonn\u00e9e - MioMioRun<\/title>\n<meta name=\"description\" content=\"Chaussures de randonn\u00e9e HOKA Mafate Hike : l\u00e9g\u00e8res et r\u00e9sistantes, dot\u00e9es d&#039;une semelle Vibram\u00ae Megagrip et d&#039;une tige Matryx\u00ae, id\u00e9ales pour la randonn\u00e9e et les longues distances.\" \/>\n<meta name=\"robots\" content=\"index, follow, max-snippet:-1, max-image-preview:large, max-video-preview:-1\" \/>\n<link rel=\"canonical\" href=\"https:\/\/www.miomiorun.com\/fr\/produit\/mafate-hike-femme\/\" \/>\n<meta property=\"og:locale\" content=\"fr_FR\" \/>\n<meta property=\"og:type\" content=\"article\" \/>\n<meta property=\"og:title\" content=\"Hoka Mafate Hike femme -chaussures de randonn\u00e9e - MioMioRun\" \/>\n<meta property=\"og:description\" content=\"Chaussures de randonn\u00e9e HOKA Mafate Hike : l\u00e9g\u00e8res et r\u00e9sistantes, dot\u00e9es d&#039;une semelle Vibram\u00ae Megagrip et d&#039;une tige Matryx\u00ae, id\u00e9ales pour la randonn\u00e9e et les longues distances.\" \/>\n<meta property=\"og:url\" content=\"https:\/\/www.miomiorun.com\/fr\/produit\/mafate-hike-femme\/\" \/>\n<meta property=\"og:site_name\" content=\"MioMioRun\" \/>\n<meta property=\"article:publisher\" content=\"https:\/\/www.facebook.com\/miomiorun\/\" \/>\n<meta property=\"article:modified_time\" content=\"2026-05-09T11:20:17+00:00\" \/>\n<meta property=\"og:image\" content=\"https:\/\/www.miomiorun.com\/app\/uploads\/2026\/03\/hoka-Mafate-Hike-W-ambient-blue-blueberry-1171903-ALBR.webp\" \/>\n\t<meta property=\"og:image:width\" content=\"720\" \/>\n\t<meta property=\"og:image:height\" content=\"720\" \/>\n\t<meta property=\"og:image:type\" content=\"image\/webp\" \/>\n<meta name=\"twitter:card\" content=\"summary_large_image\" \/>\n<meta name=\"twitter:label1\" content=\"Est. reading time\" \/>\n\t<meta name=\"twitter:data1\" content=\"1 minute\" \/>\n<script type=\"application\/ld+json\" class=\"yoast-schema-graph\">{\"@context\":\"https:\/\/schema.org\",\"@graph\":[{\"@type\":\"WebPage\",\"@id\":\"https:\/\/www.miomiorun.com\/fr\/produit\/mafate-hike-femme\/\",\"url\":\"https:\/\/www.miomiorun.com\/fr\/produit\/mafate-hike-femme\/\",\"name\":\"Hoka Mafate Hike femme -chaussures de randonn\u00e9e - MioMioRun\",\"isPartOf\":{\"@id\":\"https:\/\/www.miomiorun.com\/fr\/#website\"},\"primaryImageOfPage\":{\"@id\":\"https:\/\/www.miomiorun.com\/fr\/produit\/mafate-hike-femme\/#primaryimage\"},\"image\":{\"@id\":\"https:\/\/www.miomiorun.com\/fr\/produit\/mafate-hike-femme\/#primaryimage\"},\"thumbnailUrl\":\"https:\/\/www.miomiorun.com\/app\/uploads\/2026\/03\/hoka-Mafate-Hike-W-ambient-blue-blueberry-1171903-ALBR.webp\",\"datePublished\":\"2026-02-19T08:53:02+00:00\",\"dateModified\":\"2026-05-09T11:20:17+00:00\",\"description\":\"Chaussures de randonn\u00e9e HOKA Mafate Hike : l\u00e9g\u00e8res et r\u00e9sistantes, dot\u00e9es d'une semelle Vibram\u00ae Megagrip et d'une tige Matryx\u00ae, id\u00e9ales pour la randonn\u00e9e et les longues distances.\",\"breadcrumb\":{\"@id\":\"https:\/\/www.miomiorun.com\/fr\/produit\/mafate-hike-femme\/#breadcrumb\"},\"inLanguage\":\"fr-FR\",\"potentialAction\":[{\"@type\":\"ReadAction\",\"target\":[\"https:\/\/www.miomiorun.com\/fr\/produit\/mafate-hike-femme\/\"]}]},{\"@type\":\"ImageObject\",\"inLanguage\":\"fr-FR\",\"@id\":\"https:\/\/www.miomiorun.com\/fr\/produit\/mafate-hike-femme\/#primaryimage\",\"url\":\"https:\/\/www.miomiorun.com\/app\/uploads\/2026\/03\/hoka-Mafate-Hike-W-ambient-blue-blueberry-1171903-ALBR.webp\",\"contentUrl\":\"https:\/\/www.miomiorun.com\/app\/uploads\/2026\/03\/hoka-Mafate-Hike-W-ambient-blue-blueberry-1171903-ALBR.webp\",\"width\":720,\"height\":720,\"caption\":\"hoka Mafate Hike W ambient blue blueberry 1171903 ALBR\"},{\"@type\":\"BreadcrumbList\",\"@id\":\"https:\/\/www.miomiorun.com\/fr\/produit\/mafate-hike-femme\/#breadcrumb\",\"itemListElement\":[{\"@type\":\"ListItem\",\"position\":1,\"name\":\"Home\",\"item\":\"https:\/\/www.miomiorun.com\/fr\/home-page\/\"},{\"@type\":\"ListItem\",\"position\":2,\"name\":\"Shop\",\"item\":\"https:\/\/www.miomiorun.com\/shop\/\"},{\"@type\":\"ListItem\",\"position\":3,\"name\":\"Mafate Hike femme\"}]},{\"@type\":\"WebSite\",\"@id\":\"https:\/\/www.miomiorun.com\/fr\/#website\",\"url\":\"https:\/\/www.miomiorun.com\/fr\/\",\"name\":\"MioMioRun\",\"description\":\"Boutique 100% running et trail\",\"publisher\":{\"@id\":\"https:\/\/www.miomiorun.com\/fr\/#organization\"},\"potentialAction\":[{\"@type\":\"SearchAction\",\"target\":{\"@type\":\"EntryPoint\",\"urlTemplate\":\"https:\/\/www.miomiorun.com\/fr\/?s={search_term_string}\"},\"query-input\":{\"@type\":\"PropertyValueSpecification\",\"valueRequired\":true,\"valueName\":\"search_term_string\"}}],\"inLanguage\":\"fr-FR\"},{\"@type\":\"Organization\",\"@id\":\"https:\/\/www.miomiorun.com\/fr\/#organization\",\"name\":\"MioMio Run\",\"url\":\"https:\/\/www.miomiorun.com\/fr\/\",\"logo\":{\"@type\":\"ImageObject\",\"inLanguage\":\"fr-FR\",\"@id\":\"https:\/\/www.miomiorun.com\/fr\/#\/schema\/logo\/image\/\",\"url\":\"https:\/\/www.miomiorun.com\/app\/uploads\/2019\/12\/logomio.png\",\"contentUrl\":\"https:\/\/www.miomiorun.com\/app\/uploads\/2019\/12\/logomio.png\",\"width\":115,\"height\":82,\"caption\":\"MioMio Run\"},\"image\":{\"@id\":\"https:\/\/www.miomiorun.com\/fr\/#\/schema\/logo\/image\/\"},\"sameAs\":[\"https:\/\/www.facebook.com\/miomiorun\/\",\"https:\/\/www.instagram.com\/miomiorun\/\"]}]}<\/script>\n<!-- \/ Yoast SEO plugin. -->","yoast_head_json":{"title":"Hoka Mafate Hike femme -chaussures de randonn\u00e9e - MioMioRun","description":"Chaussures de randonn\u00e9e HOKA Mafate Hike : l\u00e9g\u00e8res et r\u00e9sistantes, dot\u00e9es d'une semelle Vibram\u00ae Megagrip et d'une tige Matryx\u00ae, id\u00e9ales pour la randonn\u00e9e et les longues distances.","robots":{"index":"index","follow":"follow","max-snippet":"max-snippet:-1","max-image-preview":"max-image-preview:large","max-video-preview":"max-video-preview:-1"},"canonical":"https:\/\/www.miomiorun.com\/fr\/produit\/mafate-hike-femme\/","og_locale":"fr_FR","og_type":"article","og_title":"Hoka Mafate Hike femme -chaussures de randonn\u00e9e - MioMioRun","og_description":"Chaussures de randonn\u00e9e HOKA Mafate Hike : l\u00e9g\u00e8res et r\u00e9sistantes, dot\u00e9es d'une semelle Vibram\u00ae Megagrip et d'une tige Matryx\u00ae, id\u00e9ales pour la randonn\u00e9e et les longues distances.","og_url":"https:\/\/www.miomiorun.com\/fr\/produit\/mafate-hike-femme\/","og_site_name":"MioMioRun","article_publisher":"https:\/\/www.facebook.com\/miomiorun\/","article_modified_time":"2026-05-09T11:20:17+00:00","og_image":[{"width":720,"height":720,"url":"https:\/\/www.miomiorun.com\/app\/uploads\/2026\/03\/hoka-Mafate-Hike-W-ambient-blue-blueberry-1171903-ALBR.webp","type":"image\/webp"}],"twitter_card":"summary_large_image","twitter_misc":{"Est. reading time":"1 minute"},"schema":{"@context":"https:\/\/schema.org","@graph":[{"@type":"WebPage","@id":"https:\/\/www.miomiorun.com\/fr\/produit\/mafate-hike-femme\/","url":"https:\/\/www.miomiorun.com\/fr\/produit\/mafate-hike-femme\/","name":"Hoka Mafate Hike femme -chaussures de randonn\u00e9e - MioMioRun","isPartOf":{"@id":"https:\/\/www.miomiorun.com\/fr\/#website"},"primaryImageOfPage":{"@id":"https:\/\/www.miomiorun.com\/fr\/produit\/mafate-hike-femme\/#primaryimage"},"image":{"@id":"https:\/\/www.miomiorun.com\/fr\/produit\/mafate-hike-femme\/#primaryimage"},"thumbnailUrl":"https:\/\/www.miomiorun.com\/app\/uploads\/2026\/03\/hoka-Mafate-Hike-W-ambient-blue-blueberry-1171903-ALBR.webp","datePublished":"2026-02-19T08:53:02+00:00","dateModified":"2026-05-09T11:20:17+00:00","description":"Chaussures de randonn\u00e9e HOKA Mafate Hike : l\u00e9g\u00e8res et r\u00e9sistantes, dot\u00e9es d'une semelle Vibram\u00ae Megagrip et d'une tige Matryx\u00ae, id\u00e9ales pour la randonn\u00e9e et les longues distances.","breadcrumb":{"@id":"https:\/\/www.miomiorun.com\/fr\/produit\/mafate-hike-femme\/#breadcrumb"},"inLanguage":"fr-FR","potentialAction":[{"@type":"ReadAction","target":["https:\/\/www.miomiorun.com\/fr\/produit\/mafate-hike-femme\/"]}]},{"@type":"ImageObject","inLanguage":"fr-FR","@id":"https:\/\/www.miomiorun.com\/fr\/produit\/mafate-hike-femme\/#primaryimage","url":"https:\/\/www.miomiorun.com\/app\/uploads\/2026\/03\/hoka-Mafate-Hike-W-ambient-blue-blueberry-1171903-ALBR.webp","contentUrl":"https:\/\/www.miomiorun.com\/app\/uploads\/2026\/03\/hoka-Mafate-Hike-W-ambient-blue-blueberry-1171903-ALBR.webp","width":720,"height":720,"caption":"hoka Mafate Hike W ambient blue blueberry 1171903 ALBR"},{"@type":"BreadcrumbList","@id":"https:\/\/www.miomiorun.com\/fr\/produit\/mafate-hike-femme\/#breadcrumb","itemListElement":[{"@type":"ListItem","position":1,"name":"Home","item":"https:\/\/www.miomiorun.com\/fr\/home-page\/"},{"@type":"ListItem","position":2,"name":"Shop","item":"https:\/\/www.miomiorun.com\/shop\/"},{"@type":"ListItem","position":3,"name":"Mafate Hike femme"}]},{"@type":"WebSite","@id":"https:\/\/www.miomiorun.com\/fr\/#website","url":"https:\/\/www.miomiorun.com\/fr\/","name":"MioMioRun","description":"Boutique 100% running et trail","publisher":{"@id":"https:\/\/www.miomiorun.com\/fr\/#organization"},"potentialAction":[{"@type":"SearchAction","target":{"@type":"EntryPoint","urlTemplate":"https:\/\/www.miomiorun.com\/fr\/?s={search_term_string}"},"query-input":{"@type":"PropertyValueSpecification","valueRequired":true,"valueName":"search_term_string"}}],"inLanguage":"fr-FR"},{"@type":"Organization","@id":"https:\/\/www.miomiorun.com\/fr\/#organization","name":"MioMio Run","url":"https:\/\/www.miomiorun.com\/fr\/","logo":{"@type":"ImageObject","inLanguage":"fr-FR","@id":"https:\/\/www.miomiorun.com\/fr\/#\/schema\/logo\/image\/","url":"https:\/\/www.miomiorun.com\/app\/uploads\/2019\/12\/logomio.png","contentUrl":"https:\/\/www.miomiorun.com\/app\/uploads\/2019\/12\/logomio.png","width":115,"height":82,"caption":"MioMio Run"},"image":{"@id":"https:\/\/www.miomiorun.com\/fr\/#\/schema\/logo\/image\/"},"sameAs":["https:\/\/www.facebook.com\/miomiorun\/","https:\/\/www.instagram.com\/miomiorun\/"]}]}},"_links":{"self":[{"href":"https:\/\/www.miomiorun.com\/fr\/wp-json\/wp\/v2\/product\/407721","targetHints":{"allow":["GET"]}}],"collection":[{"href":"https:\/\/www.miomiorun.com\/fr\/wp-json\/wp\/v2\/product"}],"about":[{"href":"https:\/\/www.miomiorun.com\/fr\/wp-json\/wp\/v2\/types\/product"}],"wp:featuredmedia":[{"embeddable":true,"href":"https:\/\/www.miomiorun.com\/fr\/wp-json\/wp\/v2\/media\/422705"}],"wp:attachment":[{"href":"https:\/\/www.miomiorun.com\/fr\/wp-json\/wp\/v2\/media?parent=407721"}],"wp:term":[{"taxonomy":"product_brand","embeddable":true,"href":"https:\/\/www.miomiorun.com\/fr\/wp-json\/wp\/v2\/product_brand?post=407721"},{"taxonomy":"product_cat","embeddable":true,"href":"https:\/\/www.miomiorun.com\/fr\/wp-json\/wp\/v2\/product_cat?post=407721"},{"taxonomy":"product_tag","embeddable":true,"href":"https:\/\/www.miomiorun.com\/fr\/wp-json\/wp\/v2\/product_tag?post=407721"}],"curies":[{"name":"wp","href":"https:\/\/api.w.org\/{rel}","templated":true}]}}