{"id":407568,"date":"2026-02-18T19:35:30","date_gmt":"2026-02-18T18:35:30","guid":{"rendered":"https:\/\/www.miomiorun.com\/?post_type=product&#038;p=407568"},"modified":"2026-05-09T13:17:50","modified_gmt":"2026-05-09T11:17:50","slug":"stash-bra-femme","status":"publish","type":"product","link":"https:\/\/www.miomiorun.com\/fr\/produit\/stash-bra-femme\/","title":{"rendered":"Stash Bra femme"},"content":{"rendered":"<p data-start=\"187\" data-end=\"424\">Le soutien-gorge Stash \u00e0 maintien moyen est con\u00e7u pour les entra\u00eenements de moyenne \u00e0 longue dur\u00e9e et les courtes courses sur sentier. Son design \u00e0 dos nageur et col montant est pens\u00e9 pour offrir confort et protection pendant l&#8217;activit\u00e9, tout en conservant une coupe ajust\u00e9e.<\/p>\n<p data-start=\"426\" data-end=\"896\">Le panneau arri\u00e8re int\u00e8gre une petite poche entre les omoplates pour transporter un t\u00e9l\u00e9phone ou des objets essentiels, ainsi qu&#8217;une poche plus spacieuse con\u00e7ue pour ranger un t-shirt lors des journ\u00e9es les plus chaudes. Les empi\u00e8cements en mesh sur les c\u00f4t\u00e9s et au-dessus de la ceinture am\u00e9liorent la ventilation, tandis que les coques amovibles permettent de personnaliser le maintien lors des entra\u00eenements les plus intenses. Confectionn\u00e9 en tissu \u00e0 base de polyamide recycl\u00e9 et d&#8217;\u00e9lasthanne. Produit d\u00e9clar\u00e9 sans PFAS.<\/p>\n","protected":false},"excerpt":{"rendered":"<ul>\n<li data-start=\"928\" data-end=\"985\">Soutien moyen, coupe ajust\u00e9e et dos nageur<\/li>\n<li data-start=\"988\" data-end=\"1040\">Poches arri\u00e8re int\u00e9gr\u00e9es pour les objets indispensables<\/li>\n<li data-start=\"1043\" data-end=\"1096\">Bonnets amovibles et empi\u00e8cements en maille pour une meilleure a\u00e9ration<\/li>\n<\/ul>\n","protected":false},"featured_media":409142,"template":"","meta":{"_acf_changed":false,"inline_featured_image":false},"product_brand":[],"product_cat":[22600,22596,22595],"product_tag":[23597,23601],"class_list":{"0":"post-407568","1":"product","2":"type-product","3":"status-publish","4":"has-post-thumbnail","6":"product_cat-sous-vetements","7":"product_cat-vetements-pour-femmes","8":"product_cat-femme","9":"product_tag-la-sportiva-fr","10":"product_tag-la-sportiva-femme","11":"pa_attivita-outdoor-fr","12":"pa_attivita-trail-fr","13":"pa_colore-stash-bra-w-black","14":"pa_marca-la-sportiva-fr","15":"pa_sesso-femme","16":"pa_size-extra-small-fr","17":"pa_size-small-fr","18":"pa_size-medium-fr","19":"pa_size-large-fr","21":"first","22":"instock","23":"sale","24":"taxable","25":"shipping-taxable","26":"purchasable","27":"product-type-variable","28":"wvs-archive-product-wrapper"},"acf":[],"yoast_head":"<!-- This site is optimized with the Yoast SEO plugin v26.8 - https:\/\/yoast.com\/product\/yoast-seo-wordpress\/ -->\n<title>La Sportiva Stash Bra femme -Soutiens-gorge - MioMioRun<\/title>\n<meta name=\"description\" content=\"Stash : soutien-gorge offrant un maintien moyen, dot\u00e9 de poches arri\u00e8re, de bonnets amovibles et d&#039;empi\u00e8cements en maille, id\u00e9al pour le trail et les entra\u00eenements intenses.\" \/>\n<meta name=\"robots\" content=\"index, follow, max-snippet:-1, max-image-preview:large, max-video-preview:-1\" \/>\n<link rel=\"canonical\" href=\"https:\/\/www.miomiorun.com\/fr\/produit\/stash-bra-femme\/\" \/>\n<meta property=\"og:locale\" content=\"fr_FR\" \/>\n<meta property=\"og:type\" content=\"article\" \/>\n<meta property=\"og:title\" content=\"La Sportiva Stash Bra femme -Soutiens-gorge - MioMioRun\" \/>\n<meta property=\"og:description\" content=\"Stash : soutien-gorge offrant un maintien moyen, dot\u00e9 de poches arri\u00e8re, de bonnets amovibles et d&#039;empi\u00e8cements en maille, id\u00e9al pour le trail et les entra\u00eenements intenses.\" \/>\n<meta property=\"og:url\" content=\"https:\/\/www.miomiorun.com\/fr\/produit\/stash-bra-femme\/\" \/>\n<meta property=\"og:site_name\" content=\"MioMioRun\" \/>\n<meta property=\"article:publisher\" content=\"https:\/\/www.facebook.com\/miomiorun\/\" \/>\n<meta property=\"article:modified_time\" content=\"2026-05-09T11:17:50+00:00\" \/>\n<meta property=\"og:image\" content=\"https:\/\/www.miomiorun.com\/app\/uploads\/2026\/02\/la-sportiva-Stash-bra-W-black-ZARR007K00K00.webp\" \/>\n\t<meta property=\"og:image:width\" content=\"720\" \/>\n\t<meta property=\"og:image:height\" content=\"720\" \/>\n\t<meta property=\"og:image:type\" content=\"image\/webp\" \/>\n<meta name=\"twitter:card\" content=\"summary_large_image\" \/>\n<meta name=\"twitter:label1\" content=\"Est. reading time\" \/>\n\t<meta name=\"twitter:data1\" content=\"1 minute\" \/>\n<script type=\"application\/ld+json\" class=\"yoast-schema-graph\">{\"@context\":\"https:\/\/schema.org\",\"@graph\":[{\"@type\":\"WebPage\",\"@id\":\"https:\/\/www.miomiorun.com\/fr\/produit\/stash-bra-femme\/\",\"url\":\"https:\/\/www.miomiorun.com\/fr\/produit\/stash-bra-femme\/\",\"name\":\"La Sportiva Stash Bra femme -Soutiens-gorge - MioMioRun\",\"isPartOf\":{\"@id\":\"https:\/\/www.miomiorun.com\/fr\/#website\"},\"primaryImageOfPage\":{\"@id\":\"https:\/\/www.miomiorun.com\/fr\/produit\/stash-bra-femme\/#primaryimage\"},\"image\":{\"@id\":\"https:\/\/www.miomiorun.com\/fr\/produit\/stash-bra-femme\/#primaryimage\"},\"thumbnailUrl\":\"https:\/\/www.miomiorun.com\/app\/uploads\/2026\/02\/la-sportiva-Stash-bra-W-black-ZARR007K00K00.webp\",\"datePublished\":\"2026-02-18T18:35:30+00:00\",\"dateModified\":\"2026-05-09T11:17:50+00:00\",\"description\":\"Stash : soutien-gorge offrant un maintien moyen, dot\u00e9 de poches arri\u00e8re, de bonnets amovibles et d'empi\u00e8cements en maille, id\u00e9al pour le trail et les entra\u00eenements intenses.\",\"breadcrumb\":{\"@id\":\"https:\/\/www.miomiorun.com\/fr\/produit\/stash-bra-femme\/#breadcrumb\"},\"inLanguage\":\"fr-FR\",\"potentialAction\":[{\"@type\":\"ReadAction\",\"target\":[\"https:\/\/www.miomiorun.com\/fr\/produit\/stash-bra-femme\/\"]}]},{\"@type\":\"ImageObject\",\"inLanguage\":\"fr-FR\",\"@id\":\"https:\/\/www.miomiorun.com\/fr\/produit\/stash-bra-femme\/#primaryimage\",\"url\":\"https:\/\/www.miomiorun.com\/app\/uploads\/2026\/02\/la-sportiva-Stash-bra-W-black-ZARR007K00K00.webp\",\"contentUrl\":\"https:\/\/www.miomiorun.com\/app\/uploads\/2026\/02\/la-sportiva-Stash-bra-W-black-ZARR007K00K00.webp\",\"width\":720,\"height\":720,\"caption\":\"la sportiva Stash bra W black ZARR007K00K00\"},{\"@type\":\"BreadcrumbList\",\"@id\":\"https:\/\/www.miomiorun.com\/fr\/produit\/stash-bra-femme\/#breadcrumb\",\"itemListElement\":[{\"@type\":\"ListItem\",\"position\":1,\"name\":\"Home\",\"item\":\"https:\/\/www.miomiorun.com\/fr\/home-page\/\"},{\"@type\":\"ListItem\",\"position\":2,\"name\":\"Shop\",\"item\":\"https:\/\/www.miomiorun.com\/shop\/\"},{\"@type\":\"ListItem\",\"position\":3,\"name\":\"Stash Bra femme\"}]},{\"@type\":\"WebSite\",\"@id\":\"https:\/\/www.miomiorun.com\/fr\/#website\",\"url\":\"https:\/\/www.miomiorun.com\/fr\/\",\"name\":\"MioMioRun\",\"description\":\"Boutique 100% running et trail\",\"publisher\":{\"@id\":\"https:\/\/www.miomiorun.com\/fr\/#organization\"},\"potentialAction\":[{\"@type\":\"SearchAction\",\"target\":{\"@type\":\"EntryPoint\",\"urlTemplate\":\"https:\/\/www.miomiorun.com\/fr\/?s={search_term_string}\"},\"query-input\":{\"@type\":\"PropertyValueSpecification\",\"valueRequired\":true,\"valueName\":\"search_term_string\"}}],\"inLanguage\":\"fr-FR\"},{\"@type\":\"Organization\",\"@id\":\"https:\/\/www.miomiorun.com\/fr\/#organization\",\"name\":\"MioMio Run\",\"url\":\"https:\/\/www.miomiorun.com\/fr\/\",\"logo\":{\"@type\":\"ImageObject\",\"inLanguage\":\"fr-FR\",\"@id\":\"https:\/\/www.miomiorun.com\/fr\/#\/schema\/logo\/image\/\",\"url\":\"https:\/\/www.miomiorun.com\/app\/uploads\/2019\/12\/logomio.png\",\"contentUrl\":\"https:\/\/www.miomiorun.com\/app\/uploads\/2019\/12\/logomio.png\",\"width\":115,\"height\":82,\"caption\":\"MioMio Run\"},\"image\":{\"@id\":\"https:\/\/www.miomiorun.com\/fr\/#\/schema\/logo\/image\/\"},\"sameAs\":[\"https:\/\/www.facebook.com\/miomiorun\/\",\"https:\/\/www.instagram.com\/miomiorun\/\"]}]}<\/script>\n<!-- \/ Yoast SEO plugin. -->","yoast_head_json":{"title":"La Sportiva Stash Bra femme -Soutiens-gorge - MioMioRun","description":"Stash : soutien-gorge offrant un maintien moyen, dot\u00e9 de poches arri\u00e8re, de bonnets amovibles et d'empi\u00e8cements en maille, id\u00e9al pour le trail et les entra\u00eenements intenses.","robots":{"index":"index","follow":"follow","max-snippet":"max-snippet:-1","max-image-preview":"max-image-preview:large","max-video-preview":"max-video-preview:-1"},"canonical":"https:\/\/www.miomiorun.com\/fr\/produit\/stash-bra-femme\/","og_locale":"fr_FR","og_type":"article","og_title":"La Sportiva Stash Bra femme -Soutiens-gorge - MioMioRun","og_description":"Stash : soutien-gorge offrant un maintien moyen, dot\u00e9 de poches arri\u00e8re, de bonnets amovibles et d'empi\u00e8cements en maille, id\u00e9al pour le trail et les entra\u00eenements intenses.","og_url":"https:\/\/www.miomiorun.com\/fr\/produit\/stash-bra-femme\/","og_site_name":"MioMioRun","article_publisher":"https:\/\/www.facebook.com\/miomiorun\/","article_modified_time":"2026-05-09T11:17:50+00:00","og_image":[{"width":720,"height":720,"url":"https:\/\/www.miomiorun.com\/app\/uploads\/2026\/02\/la-sportiva-Stash-bra-W-black-ZARR007K00K00.webp","type":"image\/webp"}],"twitter_card":"summary_large_image","twitter_misc":{"Est. reading time":"1 minute"},"schema":{"@context":"https:\/\/schema.org","@graph":[{"@type":"WebPage","@id":"https:\/\/www.miomiorun.com\/fr\/produit\/stash-bra-femme\/","url":"https:\/\/www.miomiorun.com\/fr\/produit\/stash-bra-femme\/","name":"La Sportiva Stash Bra femme -Soutiens-gorge - MioMioRun","isPartOf":{"@id":"https:\/\/www.miomiorun.com\/fr\/#website"},"primaryImageOfPage":{"@id":"https:\/\/www.miomiorun.com\/fr\/produit\/stash-bra-femme\/#primaryimage"},"image":{"@id":"https:\/\/www.miomiorun.com\/fr\/produit\/stash-bra-femme\/#primaryimage"},"thumbnailUrl":"https:\/\/www.miomiorun.com\/app\/uploads\/2026\/02\/la-sportiva-Stash-bra-W-black-ZARR007K00K00.webp","datePublished":"2026-02-18T18:35:30+00:00","dateModified":"2026-05-09T11:17:50+00:00","description":"Stash : soutien-gorge offrant un maintien moyen, dot\u00e9 de poches arri\u00e8re, de bonnets amovibles et d'empi\u00e8cements en maille, id\u00e9al pour le trail et les entra\u00eenements intenses.","breadcrumb":{"@id":"https:\/\/www.miomiorun.com\/fr\/produit\/stash-bra-femme\/#breadcrumb"},"inLanguage":"fr-FR","potentialAction":[{"@type":"ReadAction","target":["https:\/\/www.miomiorun.com\/fr\/produit\/stash-bra-femme\/"]}]},{"@type":"ImageObject","inLanguage":"fr-FR","@id":"https:\/\/www.miomiorun.com\/fr\/produit\/stash-bra-femme\/#primaryimage","url":"https:\/\/www.miomiorun.com\/app\/uploads\/2026\/02\/la-sportiva-Stash-bra-W-black-ZARR007K00K00.webp","contentUrl":"https:\/\/www.miomiorun.com\/app\/uploads\/2026\/02\/la-sportiva-Stash-bra-W-black-ZARR007K00K00.webp","width":720,"height":720,"caption":"la sportiva Stash bra W black ZARR007K00K00"},{"@type":"BreadcrumbList","@id":"https:\/\/www.miomiorun.com\/fr\/produit\/stash-bra-femme\/#breadcrumb","itemListElement":[{"@type":"ListItem","position":1,"name":"Home","item":"https:\/\/www.miomiorun.com\/fr\/home-page\/"},{"@type":"ListItem","position":2,"name":"Shop","item":"https:\/\/www.miomiorun.com\/shop\/"},{"@type":"ListItem","position":3,"name":"Stash Bra femme"}]},{"@type":"WebSite","@id":"https:\/\/www.miomiorun.com\/fr\/#website","url":"https:\/\/www.miomiorun.com\/fr\/","name":"MioMioRun","description":"Boutique 100% running et trail","publisher":{"@id":"https:\/\/www.miomiorun.com\/fr\/#organization"},"potentialAction":[{"@type":"SearchAction","target":{"@type":"EntryPoint","urlTemplate":"https:\/\/www.miomiorun.com\/fr\/?s={search_term_string}"},"query-input":{"@type":"PropertyValueSpecification","valueRequired":true,"valueName":"search_term_string"}}],"inLanguage":"fr-FR"},{"@type":"Organization","@id":"https:\/\/www.miomiorun.com\/fr\/#organization","name":"MioMio Run","url":"https:\/\/www.miomiorun.com\/fr\/","logo":{"@type":"ImageObject","inLanguage":"fr-FR","@id":"https:\/\/www.miomiorun.com\/fr\/#\/schema\/logo\/image\/","url":"https:\/\/www.miomiorun.com\/app\/uploads\/2019\/12\/logomio.png","contentUrl":"https:\/\/www.miomiorun.com\/app\/uploads\/2019\/12\/logomio.png","width":115,"height":82,"caption":"MioMio Run"},"image":{"@id":"https:\/\/www.miomiorun.com\/fr\/#\/schema\/logo\/image\/"},"sameAs":["https:\/\/www.facebook.com\/miomiorun\/","https:\/\/www.instagram.com\/miomiorun\/"]}]}},"_links":{"self":[{"href":"https:\/\/www.miomiorun.com\/fr\/wp-json\/wp\/v2\/product\/407568","targetHints":{"allow":["GET"]}}],"collection":[{"href":"https:\/\/www.miomiorun.com\/fr\/wp-json\/wp\/v2\/product"}],"about":[{"href":"https:\/\/www.miomiorun.com\/fr\/wp-json\/wp\/v2\/types\/product"}],"wp:featuredmedia":[{"embeddable":true,"href":"https:\/\/www.miomiorun.com\/fr\/wp-json\/wp\/v2\/media\/409142"}],"wp:attachment":[{"href":"https:\/\/www.miomiorun.com\/fr\/wp-json\/wp\/v2\/media?parent=407568"}],"wp:term":[{"taxonomy":"product_brand","embeddable":true,"href":"https:\/\/www.miomiorun.com\/fr\/wp-json\/wp\/v2\/product_brand?post=407568"},{"taxonomy":"product_cat","embeddable":true,"href":"https:\/\/www.miomiorun.com\/fr\/wp-json\/wp\/v2\/product_cat?post=407568"},{"taxonomy":"product_tag","embeddable":true,"href":"https:\/\/www.miomiorun.com\/fr\/wp-json\/wp\/v2\/product_tag?post=407568"}],"curies":[{"name":"wp","href":"https:\/\/api.w.org\/{rel}","templated":true}]}}