{"id":407487,"date":"2026-02-18T19:26:43","date_gmt":"2026-02-18T18:26:43","guid":{"rendered":"https:\/\/www.miomiorun.com\/?post_type=product&#038;p=407487"},"modified":"2026-04-16T18:35:09","modified_gmt":"2026-04-16T16:35:09","slug":"comp-t-shirt-homme","status":"publish","type":"product","link":"https:\/\/www.miomiorun.com\/fr\/produit\/comp-t-shirt-homme\/","title":{"rendered":"Comp T-Shirt homme"},"content":{"rendered":"<p data-start=\"206\" data-end=\"472\">Ce t-shirt est destin\u00e9 aux athl\u00e8tes \u00e0 la recherche d&#8217;un v\u00eatement ultra-l\u00e9ger pour une performance optimale en comp\u00e9tition. Con\u00e7u pour offrir maintien, s\u00e9chage rapide et libert\u00e9 de mouvement, il est pens\u00e9 pour accompagner les mouvements rapides et pr\u00e9cis sur les sentiers que nous parcourons.<\/p>\n<p data-start=\"474\" data-end=\"668\">Fabriqu\u00e9 en 100 % polyester recycl\u00e9, il allie l\u00e9g\u00e8ret\u00e9 et fonctionnalit\u00e9 dans une coupe \u00e9pur\u00e9e. Coupe classique, disponible de la taille S \u00e0 2XL. Produit certifi\u00e9 sans PFAS.<\/p>\n","protected":false},"excerpt":{"rendered":"<ul>\n<li data-start=\"700\" data-end=\"727\">100 % polyester recycl\u00e9<\/li>\n<li data-start=\"730\" data-end=\"778\">Structure ultra-l\u00e9g\u00e8re pour des performances en comp\u00e9tition<\/li>\n<li data-start=\"781\" data-end=\"824\">S\u00e9chage rapide et libert\u00e9 de mouvement<\/li>\n<\/ul>\n","protected":false},"featured_media":408926,"template":"","meta":{"_acf_changed":false,"inline_featured_image":false},"product_brand":[],"product_cat":[24449,24482],"product_tag":[23597,23599],"class_list":{"0":"post-407487","1":"product","2":"type-product","3":"status-publish","4":"has-post-thumbnail","6":"product_cat-t-shirt-fr-3","7":"product_cat-vetements-pour-hommes-fr","8":"product_tag-la-sportiva-fr","9":"product_tag-la-sportiva-homme","10":"pa_attivita-marcher","11":"pa_attivita-outdoor-fr","12":"pa_attivita-trail-fr","13":"pa_colore-comp-t-shirt-m-lake-chalk","14":"pa_colore-comp-t-shirt-night-sky-mountain-red","15":"pa_marca-la-sportiva-fr","16":"pa_sesso-homme","17":"pa_size-small-fr","18":"pa_size-medium-fr","19":"pa_size-large-fr","20":"pa_size-extra-large-fr","22":"first","23":"instock","24":"sale","25":"taxable","26":"shipping-taxable","27":"purchasable","28":"product-type-variable","29":"wvs-archive-product-wrapper"},"acf":[],"yoast_head":"<!-- This site is optimized with the Yoast SEO plugin v26.8 - https:\/\/yoast.com\/product\/yoast-seo-wordpress\/ -->\n<title>La Sportiva Comp T-Shirt homme - T-shirt de course \u00e0 pied - MioMioRun<\/title>\n<meta name=\"description\" content=\"T-shirt d&#039;escalade ultra-l\u00e9ger en polyester recycl\u00e9, s\u00e9chage rapide et grande libert\u00e9 de mouvement pour des performances optimales en falaise.\" \/>\n<meta name=\"robots\" content=\"index, follow, max-snippet:-1, max-image-preview:large, max-video-preview:-1\" \/>\n<link rel=\"canonical\" href=\"https:\/\/www.miomiorun.com\/fr\/produit\/comp-t-shirt-homme\/\" \/>\n<meta property=\"og:locale\" content=\"fr_FR\" \/>\n<meta property=\"og:type\" content=\"article\" \/>\n<meta property=\"og:title\" content=\"La Sportiva Comp T-Shirt homme - T-shirt de course \u00e0 pied - MioMioRun\" \/>\n<meta property=\"og:description\" content=\"T-shirt d&#039;escalade ultra-l\u00e9ger en polyester recycl\u00e9, s\u00e9chage rapide et grande libert\u00e9 de mouvement pour des performances optimales en falaise.\" \/>\n<meta property=\"og:url\" content=\"https:\/\/www.miomiorun.com\/fr\/produit\/comp-t-shirt-homme\/\" \/>\n<meta property=\"og:site_name\" content=\"MioMioRun\" \/>\n<meta property=\"article:publisher\" content=\"https:\/\/www.facebook.com\/miomiorun\/\" \/>\n<meta property=\"article:modified_time\" content=\"2026-04-16T16:35:09+00:00\" \/>\n<meta property=\"og:image\" content=\"https:\/\/www.miomiorun.com\/app\/uploads\/2026\/02\/la-sportiva-Comp-t-shirt-M-lake-chalk-ZACT184B07W04.webp\" \/>\n\t<meta property=\"og:image:width\" content=\"720\" \/>\n\t<meta property=\"og:image:height\" content=\"720\" \/>\n\t<meta property=\"og:image:type\" content=\"image\/webp\" \/>\n<meta name=\"twitter:card\" content=\"summary_large_image\" \/>\n<script type=\"application\/ld+json\" class=\"yoast-schema-graph\">{\"@context\":\"https:\/\/schema.org\",\"@graph\":[{\"@type\":\"WebPage\",\"@id\":\"https:\/\/www.miomiorun.com\/fr\/produit\/comp-t-shirt-homme\/\",\"url\":\"https:\/\/www.miomiorun.com\/fr\/produit\/comp-t-shirt-homme\/\",\"name\":\"La Sportiva Comp T-Shirt homme - T-shirt de course \u00e0 pied - MioMioRun\",\"isPartOf\":{\"@id\":\"https:\/\/www.miomiorun.com\/fr\/#website\"},\"primaryImageOfPage\":{\"@id\":\"https:\/\/www.miomiorun.com\/fr\/produit\/comp-t-shirt-homme\/#primaryimage\"},\"image\":{\"@id\":\"https:\/\/www.miomiorun.com\/fr\/produit\/comp-t-shirt-homme\/#primaryimage\"},\"thumbnailUrl\":\"https:\/\/www.miomiorun.com\/app\/uploads\/2026\/02\/la-sportiva-Comp-t-shirt-M-lake-chalk-ZACT184B07W04.webp\",\"datePublished\":\"2026-02-18T18:26:43+00:00\",\"dateModified\":\"2026-04-16T16:35:09+00:00\",\"description\":\"T-shirt d'escalade ultra-l\u00e9ger en polyester recycl\u00e9, s\u00e9chage rapide et grande libert\u00e9 de mouvement pour des performances optimales en falaise.\",\"breadcrumb\":{\"@id\":\"https:\/\/www.miomiorun.com\/fr\/produit\/comp-t-shirt-homme\/#breadcrumb\"},\"inLanguage\":\"fr-FR\",\"potentialAction\":[{\"@type\":\"ReadAction\",\"target\":[\"https:\/\/www.miomiorun.com\/fr\/produit\/comp-t-shirt-homme\/\"]}]},{\"@type\":\"ImageObject\",\"inLanguage\":\"fr-FR\",\"@id\":\"https:\/\/www.miomiorun.com\/fr\/produit\/comp-t-shirt-homme\/#primaryimage\",\"url\":\"https:\/\/www.miomiorun.com\/app\/uploads\/2026\/02\/la-sportiva-Comp-t-shirt-M-lake-chalk-ZACT184B07W04.webp\",\"contentUrl\":\"https:\/\/www.miomiorun.com\/app\/uploads\/2026\/02\/la-sportiva-Comp-t-shirt-M-lake-chalk-ZACT184B07W04.webp\",\"width\":720,\"height\":720,\"caption\":\"la sportiva Comp t-shirt M lake chalk ZACT184B07W04\"},{\"@type\":\"BreadcrumbList\",\"@id\":\"https:\/\/www.miomiorun.com\/fr\/produit\/comp-t-shirt-homme\/#breadcrumb\",\"itemListElement\":[{\"@type\":\"ListItem\",\"position\":1,\"name\":\"Home\",\"item\":\"https:\/\/www.miomiorun.com\/fr\/home-page\/\"},{\"@type\":\"ListItem\",\"position\":2,\"name\":\"Shop\",\"item\":\"https:\/\/www.miomiorun.com\/shop\/\"},{\"@type\":\"ListItem\",\"position\":3,\"name\":\"Comp T-Shirt homme\"}]},{\"@type\":\"WebSite\",\"@id\":\"https:\/\/www.miomiorun.com\/fr\/#website\",\"url\":\"https:\/\/www.miomiorun.com\/fr\/\",\"name\":\"MioMioRun\",\"description\":\"Boutique 100% running et trail\",\"publisher\":{\"@id\":\"https:\/\/www.miomiorun.com\/fr\/#organization\"},\"potentialAction\":[{\"@type\":\"SearchAction\",\"target\":{\"@type\":\"EntryPoint\",\"urlTemplate\":\"https:\/\/www.miomiorun.com\/fr\/?s={search_term_string}\"},\"query-input\":{\"@type\":\"PropertyValueSpecification\",\"valueRequired\":true,\"valueName\":\"search_term_string\"}}],\"inLanguage\":\"fr-FR\"},{\"@type\":\"Organization\",\"@id\":\"https:\/\/www.miomiorun.com\/fr\/#organization\",\"name\":\"MioMio Run\",\"url\":\"https:\/\/www.miomiorun.com\/fr\/\",\"logo\":{\"@type\":\"ImageObject\",\"inLanguage\":\"fr-FR\",\"@id\":\"https:\/\/www.miomiorun.com\/fr\/#\/schema\/logo\/image\/\",\"url\":\"https:\/\/www.miomiorun.com\/app\/uploads\/2019\/12\/logomio.png\",\"contentUrl\":\"https:\/\/www.miomiorun.com\/app\/uploads\/2019\/12\/logomio.png\",\"width\":115,\"height\":82,\"caption\":\"MioMio Run\"},\"image\":{\"@id\":\"https:\/\/www.miomiorun.com\/fr\/#\/schema\/logo\/image\/\"},\"sameAs\":[\"https:\/\/www.facebook.com\/miomiorun\/\",\"https:\/\/www.instagram.com\/miomiorun\/\"]}]}<\/script>\n<!-- \/ Yoast SEO plugin. -->","yoast_head_json":{"title":"La Sportiva Comp T-Shirt homme - T-shirt de course \u00e0 pied - MioMioRun","description":"T-shirt d'escalade ultra-l\u00e9ger en polyester recycl\u00e9, s\u00e9chage rapide et grande libert\u00e9 de mouvement pour des performances optimales en falaise.","robots":{"index":"index","follow":"follow","max-snippet":"max-snippet:-1","max-image-preview":"max-image-preview:large","max-video-preview":"max-video-preview:-1"},"canonical":"https:\/\/www.miomiorun.com\/fr\/produit\/comp-t-shirt-homme\/","og_locale":"fr_FR","og_type":"article","og_title":"La Sportiva Comp T-Shirt homme - T-shirt de course \u00e0 pied - MioMioRun","og_description":"T-shirt d'escalade ultra-l\u00e9ger en polyester recycl\u00e9, s\u00e9chage rapide et grande libert\u00e9 de mouvement pour des performances optimales en falaise.","og_url":"https:\/\/www.miomiorun.com\/fr\/produit\/comp-t-shirt-homme\/","og_site_name":"MioMioRun","article_publisher":"https:\/\/www.facebook.com\/miomiorun\/","article_modified_time":"2026-04-16T16:35:09+00:00","og_image":[{"width":720,"height":720,"url":"https:\/\/www.miomiorun.com\/app\/uploads\/2026\/02\/la-sportiva-Comp-t-shirt-M-lake-chalk-ZACT184B07W04.webp","type":"image\/webp"}],"twitter_card":"summary_large_image","schema":{"@context":"https:\/\/schema.org","@graph":[{"@type":"WebPage","@id":"https:\/\/www.miomiorun.com\/fr\/produit\/comp-t-shirt-homme\/","url":"https:\/\/www.miomiorun.com\/fr\/produit\/comp-t-shirt-homme\/","name":"La Sportiva Comp T-Shirt homme - T-shirt de course \u00e0 pied - MioMioRun","isPartOf":{"@id":"https:\/\/www.miomiorun.com\/fr\/#website"},"primaryImageOfPage":{"@id":"https:\/\/www.miomiorun.com\/fr\/produit\/comp-t-shirt-homme\/#primaryimage"},"image":{"@id":"https:\/\/www.miomiorun.com\/fr\/produit\/comp-t-shirt-homme\/#primaryimage"},"thumbnailUrl":"https:\/\/www.miomiorun.com\/app\/uploads\/2026\/02\/la-sportiva-Comp-t-shirt-M-lake-chalk-ZACT184B07W04.webp","datePublished":"2026-02-18T18:26:43+00:00","dateModified":"2026-04-16T16:35:09+00:00","description":"T-shirt d'escalade ultra-l\u00e9ger en polyester recycl\u00e9, s\u00e9chage rapide et grande libert\u00e9 de mouvement pour des performances optimales en falaise.","breadcrumb":{"@id":"https:\/\/www.miomiorun.com\/fr\/produit\/comp-t-shirt-homme\/#breadcrumb"},"inLanguage":"fr-FR","potentialAction":[{"@type":"ReadAction","target":["https:\/\/www.miomiorun.com\/fr\/produit\/comp-t-shirt-homme\/"]}]},{"@type":"ImageObject","inLanguage":"fr-FR","@id":"https:\/\/www.miomiorun.com\/fr\/produit\/comp-t-shirt-homme\/#primaryimage","url":"https:\/\/www.miomiorun.com\/app\/uploads\/2026\/02\/la-sportiva-Comp-t-shirt-M-lake-chalk-ZACT184B07W04.webp","contentUrl":"https:\/\/www.miomiorun.com\/app\/uploads\/2026\/02\/la-sportiva-Comp-t-shirt-M-lake-chalk-ZACT184B07W04.webp","width":720,"height":720,"caption":"la sportiva Comp t-shirt M lake chalk ZACT184B07W04"},{"@type":"BreadcrumbList","@id":"https:\/\/www.miomiorun.com\/fr\/produit\/comp-t-shirt-homme\/#breadcrumb","itemListElement":[{"@type":"ListItem","position":1,"name":"Home","item":"https:\/\/www.miomiorun.com\/fr\/home-page\/"},{"@type":"ListItem","position":2,"name":"Shop","item":"https:\/\/www.miomiorun.com\/shop\/"},{"@type":"ListItem","position":3,"name":"Comp T-Shirt homme"}]},{"@type":"WebSite","@id":"https:\/\/www.miomiorun.com\/fr\/#website","url":"https:\/\/www.miomiorun.com\/fr\/","name":"MioMioRun","description":"Boutique 100% running et trail","publisher":{"@id":"https:\/\/www.miomiorun.com\/fr\/#organization"},"potentialAction":[{"@type":"SearchAction","target":{"@type":"EntryPoint","urlTemplate":"https:\/\/www.miomiorun.com\/fr\/?s={search_term_string}"},"query-input":{"@type":"PropertyValueSpecification","valueRequired":true,"valueName":"search_term_string"}}],"inLanguage":"fr-FR"},{"@type":"Organization","@id":"https:\/\/www.miomiorun.com\/fr\/#organization","name":"MioMio Run","url":"https:\/\/www.miomiorun.com\/fr\/","logo":{"@type":"ImageObject","inLanguage":"fr-FR","@id":"https:\/\/www.miomiorun.com\/fr\/#\/schema\/logo\/image\/","url":"https:\/\/www.miomiorun.com\/app\/uploads\/2019\/12\/logomio.png","contentUrl":"https:\/\/www.miomiorun.com\/app\/uploads\/2019\/12\/logomio.png","width":115,"height":82,"caption":"MioMio Run"},"image":{"@id":"https:\/\/www.miomiorun.com\/fr\/#\/schema\/logo\/image\/"},"sameAs":["https:\/\/www.facebook.com\/miomiorun\/","https:\/\/www.instagram.com\/miomiorun\/"]}]}},"_links":{"self":[{"href":"https:\/\/www.miomiorun.com\/fr\/wp-json\/wp\/v2\/product\/407487","targetHints":{"allow":["GET"]}}],"collection":[{"href":"https:\/\/www.miomiorun.com\/fr\/wp-json\/wp\/v2\/product"}],"about":[{"href":"https:\/\/www.miomiorun.com\/fr\/wp-json\/wp\/v2\/types\/product"}],"wp:featuredmedia":[{"embeddable":true,"href":"https:\/\/www.miomiorun.com\/fr\/wp-json\/wp\/v2\/media\/408926"}],"wp:attachment":[{"href":"https:\/\/www.miomiorun.com\/fr\/wp-json\/wp\/v2\/media?parent=407487"}],"wp:term":[{"taxonomy":"product_brand","embeddable":true,"href":"https:\/\/www.miomiorun.com\/fr\/wp-json\/wp\/v2\/product_brand?post=407487"},{"taxonomy":"product_cat","embeddable":true,"href":"https:\/\/www.miomiorun.com\/fr\/wp-json\/wp\/v2\/product_cat?post=407487"},{"taxonomy":"product_tag","embeddable":true,"href":"https:\/\/www.miomiorun.com\/fr\/wp-json\/wp\/v2\/product_tag?post=407487"}],"curies":[{"name":"wp","href":"https:\/\/api.w.org\/{rel}","templated":true}]}}