{"id":407121,"date":"2026-02-18T18:36:38","date_gmt":"2026-02-18T17:36:38","guid":{"rendered":"https:\/\/www.miomiorun.com\/?post_type=product&#038;p=407121"},"modified":"2026-05-09T13:11:40","modified_gmt":"2026-05-09T11:11:40","slug":"flow-3-short-homme","status":"publish","type":"product","link":"https:\/\/www.miomiorun.com\/fr\/produit\/flow-3-short-homme\/","title":{"rendered":"Flow 3&#8243; short homme"},"content":{"rendered":"<div class=\"data item content\" role=\"tabpanel\" aria-labelledby=\"tab-label-techinfo\" data-role=\"content\" aria-hidden=\"false\">\n<div class=\"techinfo-container\">\n<div class=\"techinfo-description\"><\/div>\n<\/div>\n<\/div>\n<div>\n<div class=\"techinfo-icon\">\n<p data-start=\"192\" data-end=\"545\">Le short Flow 3\u201d est con\u00e7u pour le trail running pendant les saisons chaudes. Confectionn\u00e9 dans un tissu extensible, l\u00e9ger et respirant, il offre une grande libert\u00e9 de mouvement lors des entra\u00eenements les plus intenses. Le design \u00e0 jambes fendues et les coutures thermosoud\u00e9es sont con\u00e7us pour limiter les frottements, tandis que le slip int\u00e9gr\u00e9 offre un meilleur maintien.<\/p>\n<p data-start=\"547\" data-end=\"805\">La ceinture int\u00e8gre une grande poche avant, deux poches lat\u00e9rales pour les gels, les barres \u00e9nerg\u00e9tiques ou le smartphone, ainsi qu&#8217;une petite poche arri\u00e8re zipp\u00e9e pour les cl\u00e9s. Coupe classique, longueur de jambe de 7,5 cm (3\u201d). Fabriqu\u00e9 \u00e0 partir de tissus recycl\u00e9s et certifi\u00e9 sans PFAS.<\/p>\n<\/div>\n<div class=\"techinfo-icon\"><\/div>\n<div class=\"techinfo-icon\"><\/div>\n<div class=\"techinfo-icon\"><\/div>\n<div class=\"techinfo-icon\"><\/div>\n<\/div>\n<div><\/div>\n","protected":false},"excerpt":{"rendered":"<ul>\n<li data-start=\"837\" data-end=\"903\">Tissu extensible l\u00e9ger et respirant, avec coupe fendue sur les jambes<\/li>\n<li data-start=\"906\" data-end=\"967\">Slip int\u00e9gr\u00e9 et coutures thermosoud\u00e9es pour un confort accru<\/li>\n<li data-start=\"970\" data-end=\"1030\">Syst\u00e8me complet de poches, avec une poche arri\u00e8re zipp\u00e9e<\/li>\n<\/ul>\n","protected":false},"featured_media":408544,"template":"","meta":{"_acf_changed":false,"inline_featured_image":false},"product_brand":[],"product_cat":[24477,24482],"product_tag":[23597,23599],"class_list":{"0":"post-407121","1":"product","2":"type-product","3":"status-publish","4":"has-post-thumbnail","6":"product_cat-pantalon-court-fr-3","7":"product_cat-vetements-pour-hommes-fr","8":"product_tag-la-sportiva-fr","9":"product_tag-la-sportiva-homme","10":"pa_attivita-marcher","11":"pa_attivita-outdoor-fr","12":"pa_attivita-trail-fr","13":"pa_colore-flow-3-short-black-chalk","14":"pa_colore-flow-3-short-black-yellow","15":"pa_marca-la-sportiva-fr","16":"pa_sesso-homme","17":"pa_size-small-fr","18":"pa_size-medium-fr","19":"pa_size-large-fr","20":"pa_size-extra-large-fr","22":"first","23":"instock","24":"sale","25":"taxable","26":"shipping-taxable","27":"purchasable","28":"product-type-variable","29":"wvs-archive-product-wrapper"},"acf":[],"yoast_head":"<!-- This site is optimized with the Yoast SEO plugin v26.8 - https:\/\/yoast.com\/product\/yoast-seo-wordpress\/ -->\n<title>La sportiva Flow 3&quot; short homme - Short pour homme - MioMioRun.com<\/title>\n<meta name=\"description\" content=\"Short de trail \u00ab Flow 3 \u00bb en tissu extensible recycl\u00e9, l\u00e9ger et respirant, avec slip int\u00e9gr\u00e9 et multiples poches. D\u00e9couvrez-le sur notre site !\" \/>\n<meta name=\"robots\" content=\"index, follow, max-snippet:-1, max-image-preview:large, max-video-preview:-1\" \/>\n<link rel=\"canonical\" href=\"https:\/\/www.miomiorun.com\/fr\/produit\/flow-3-short-homme\/\" \/>\n<meta property=\"og:locale\" content=\"fr_FR\" \/>\n<meta property=\"og:type\" content=\"article\" \/>\n<meta property=\"og:title\" content=\"La sportiva Flow 3&quot; short homme - Short pour homme - MioMioRun.com\" \/>\n<meta property=\"og:description\" content=\"Short de trail \u00ab Flow 3 \u00bb en tissu extensible recycl\u00e9, l\u00e9ger et respirant, avec slip int\u00e9gr\u00e9 et multiples poches. D\u00e9couvrez-le sur notre site !\" \/>\n<meta property=\"og:url\" content=\"https:\/\/www.miomiorun.com\/fr\/produit\/flow-3-short-homme\/\" \/>\n<meta property=\"og:site_name\" content=\"MioMioRun\" \/>\n<meta property=\"article:publisher\" content=\"https:\/\/www.facebook.com\/miomiorun\/\" \/>\n<meta property=\"article:modified_time\" content=\"2026-05-09T11:11:40+00:00\" \/>\n<meta property=\"og:image\" content=\"https:\/\/www.miomiorun.com\/app\/uploads\/2026\/02\/la-sportiva-Flow-3-short-black-yellow-ZARS036K00Y00.webp\" \/>\n\t<meta property=\"og:image:width\" content=\"720\" \/>\n\t<meta property=\"og:image:height\" content=\"720\" \/>\n\t<meta property=\"og:image:type\" content=\"image\/webp\" \/>\n<meta name=\"twitter:card\" content=\"summary_large_image\" \/>\n<meta name=\"twitter:label1\" content=\"Est. reading time\" \/>\n\t<meta name=\"twitter:data1\" content=\"1 minute\" \/>\n<script type=\"application\/ld+json\" class=\"yoast-schema-graph\">{\"@context\":\"https:\/\/schema.org\",\"@graph\":[{\"@type\":\"WebPage\",\"@id\":\"https:\/\/www.miomiorun.com\/fr\/produit\/flow-3-short-homme\/\",\"url\":\"https:\/\/www.miomiorun.com\/fr\/produit\/flow-3-short-homme\/\",\"name\":\"La sportiva Flow 3\\\" short homme - Short pour homme - MioMioRun.com\",\"isPartOf\":{\"@id\":\"https:\/\/www.miomiorun.com\/fr\/#website\"},\"primaryImageOfPage\":{\"@id\":\"https:\/\/www.miomiorun.com\/fr\/produit\/flow-3-short-homme\/#primaryimage\"},\"image\":{\"@id\":\"https:\/\/www.miomiorun.com\/fr\/produit\/flow-3-short-homme\/#primaryimage\"},\"thumbnailUrl\":\"https:\/\/www.miomiorun.com\/app\/uploads\/2026\/02\/la-sportiva-Flow-3-short-black-yellow-ZARS036K00Y00.webp\",\"datePublished\":\"2026-02-18T17:36:38+00:00\",\"dateModified\":\"2026-05-09T11:11:40+00:00\",\"description\":\"Short de trail \u00ab Flow 3 \u00bb en tissu extensible recycl\u00e9, l\u00e9ger et respirant, avec slip int\u00e9gr\u00e9 et multiples poches. D\u00e9couvrez-le sur notre site !\",\"breadcrumb\":{\"@id\":\"https:\/\/www.miomiorun.com\/fr\/produit\/flow-3-short-homme\/#breadcrumb\"},\"inLanguage\":\"fr-FR\",\"potentialAction\":[{\"@type\":\"ReadAction\",\"target\":[\"https:\/\/www.miomiorun.com\/fr\/produit\/flow-3-short-homme\/\"]}]},{\"@type\":\"ImageObject\",\"inLanguage\":\"fr-FR\",\"@id\":\"https:\/\/www.miomiorun.com\/fr\/produit\/flow-3-short-homme\/#primaryimage\",\"url\":\"https:\/\/www.miomiorun.com\/app\/uploads\/2026\/02\/la-sportiva-Flow-3-short-black-yellow-ZARS036K00Y00.webp\",\"contentUrl\":\"https:\/\/www.miomiorun.com\/app\/uploads\/2026\/02\/la-sportiva-Flow-3-short-black-yellow-ZARS036K00Y00.webp\",\"width\":720,\"height\":720,\"caption\":\"la sportiva Flow 3 short black yellow ZARS036K00Y00\"},{\"@type\":\"BreadcrumbList\",\"@id\":\"https:\/\/www.miomiorun.com\/fr\/produit\/flow-3-short-homme\/#breadcrumb\",\"itemListElement\":[{\"@type\":\"ListItem\",\"position\":1,\"name\":\"Home\",\"item\":\"https:\/\/www.miomiorun.com\/fr\/home-page\/\"},{\"@type\":\"ListItem\",\"position\":2,\"name\":\"Shop\",\"item\":\"https:\/\/www.miomiorun.com\/shop\/\"},{\"@type\":\"ListItem\",\"position\":3,\"name\":\"Flow 3&#8243; short homme\"}]},{\"@type\":\"WebSite\",\"@id\":\"https:\/\/www.miomiorun.com\/fr\/#website\",\"url\":\"https:\/\/www.miomiorun.com\/fr\/\",\"name\":\"MioMioRun\",\"description\":\"Boutique 100% running et trail\",\"publisher\":{\"@id\":\"https:\/\/www.miomiorun.com\/fr\/#organization\"},\"potentialAction\":[{\"@type\":\"SearchAction\",\"target\":{\"@type\":\"EntryPoint\",\"urlTemplate\":\"https:\/\/www.miomiorun.com\/fr\/?s={search_term_string}\"},\"query-input\":{\"@type\":\"PropertyValueSpecification\",\"valueRequired\":true,\"valueName\":\"search_term_string\"}}],\"inLanguage\":\"fr-FR\"},{\"@type\":\"Organization\",\"@id\":\"https:\/\/www.miomiorun.com\/fr\/#organization\",\"name\":\"MioMio Run\",\"url\":\"https:\/\/www.miomiorun.com\/fr\/\",\"logo\":{\"@type\":\"ImageObject\",\"inLanguage\":\"fr-FR\",\"@id\":\"https:\/\/www.miomiorun.com\/fr\/#\/schema\/logo\/image\/\",\"url\":\"https:\/\/www.miomiorun.com\/app\/uploads\/2019\/12\/logomio.png\",\"contentUrl\":\"https:\/\/www.miomiorun.com\/app\/uploads\/2019\/12\/logomio.png\",\"width\":115,\"height\":82,\"caption\":\"MioMio Run\"},\"image\":{\"@id\":\"https:\/\/www.miomiorun.com\/fr\/#\/schema\/logo\/image\/\"},\"sameAs\":[\"https:\/\/www.facebook.com\/miomiorun\/\",\"https:\/\/www.instagram.com\/miomiorun\/\"]}]}<\/script>\n<!-- \/ Yoast SEO plugin. -->","yoast_head_json":{"title":"La sportiva Flow 3\" short homme - Short pour homme - MioMioRun.com","description":"Short de trail \u00ab Flow 3 \u00bb en tissu extensible recycl\u00e9, l\u00e9ger et respirant, avec slip int\u00e9gr\u00e9 et multiples poches. D\u00e9couvrez-le sur notre site !","robots":{"index":"index","follow":"follow","max-snippet":"max-snippet:-1","max-image-preview":"max-image-preview:large","max-video-preview":"max-video-preview:-1"},"canonical":"https:\/\/www.miomiorun.com\/fr\/produit\/flow-3-short-homme\/","og_locale":"fr_FR","og_type":"article","og_title":"La sportiva Flow 3\" short homme - Short pour homme - MioMioRun.com","og_description":"Short de trail \u00ab Flow 3 \u00bb en tissu extensible recycl\u00e9, l\u00e9ger et respirant, avec slip int\u00e9gr\u00e9 et multiples poches. D\u00e9couvrez-le sur notre site !","og_url":"https:\/\/www.miomiorun.com\/fr\/produit\/flow-3-short-homme\/","og_site_name":"MioMioRun","article_publisher":"https:\/\/www.facebook.com\/miomiorun\/","article_modified_time":"2026-05-09T11:11:40+00:00","og_image":[{"width":720,"height":720,"url":"https:\/\/www.miomiorun.com\/app\/uploads\/2026\/02\/la-sportiva-Flow-3-short-black-yellow-ZARS036K00Y00.webp","type":"image\/webp"}],"twitter_card":"summary_large_image","twitter_misc":{"Est. reading time":"1 minute"},"schema":{"@context":"https:\/\/schema.org","@graph":[{"@type":"WebPage","@id":"https:\/\/www.miomiorun.com\/fr\/produit\/flow-3-short-homme\/","url":"https:\/\/www.miomiorun.com\/fr\/produit\/flow-3-short-homme\/","name":"La sportiva Flow 3\" short homme - Short pour homme - MioMioRun.com","isPartOf":{"@id":"https:\/\/www.miomiorun.com\/fr\/#website"},"primaryImageOfPage":{"@id":"https:\/\/www.miomiorun.com\/fr\/produit\/flow-3-short-homme\/#primaryimage"},"image":{"@id":"https:\/\/www.miomiorun.com\/fr\/produit\/flow-3-short-homme\/#primaryimage"},"thumbnailUrl":"https:\/\/www.miomiorun.com\/app\/uploads\/2026\/02\/la-sportiva-Flow-3-short-black-yellow-ZARS036K00Y00.webp","datePublished":"2026-02-18T17:36:38+00:00","dateModified":"2026-05-09T11:11:40+00:00","description":"Short de trail \u00ab Flow 3 \u00bb en tissu extensible recycl\u00e9, l\u00e9ger et respirant, avec slip int\u00e9gr\u00e9 et multiples poches. D\u00e9couvrez-le sur notre site !","breadcrumb":{"@id":"https:\/\/www.miomiorun.com\/fr\/produit\/flow-3-short-homme\/#breadcrumb"},"inLanguage":"fr-FR","potentialAction":[{"@type":"ReadAction","target":["https:\/\/www.miomiorun.com\/fr\/produit\/flow-3-short-homme\/"]}]},{"@type":"ImageObject","inLanguage":"fr-FR","@id":"https:\/\/www.miomiorun.com\/fr\/produit\/flow-3-short-homme\/#primaryimage","url":"https:\/\/www.miomiorun.com\/app\/uploads\/2026\/02\/la-sportiva-Flow-3-short-black-yellow-ZARS036K00Y00.webp","contentUrl":"https:\/\/www.miomiorun.com\/app\/uploads\/2026\/02\/la-sportiva-Flow-3-short-black-yellow-ZARS036K00Y00.webp","width":720,"height":720,"caption":"la sportiva Flow 3 short black yellow ZARS036K00Y00"},{"@type":"BreadcrumbList","@id":"https:\/\/www.miomiorun.com\/fr\/produit\/flow-3-short-homme\/#breadcrumb","itemListElement":[{"@type":"ListItem","position":1,"name":"Home","item":"https:\/\/www.miomiorun.com\/fr\/home-page\/"},{"@type":"ListItem","position":2,"name":"Shop","item":"https:\/\/www.miomiorun.com\/shop\/"},{"@type":"ListItem","position":3,"name":"Flow 3&#8243; short homme"}]},{"@type":"WebSite","@id":"https:\/\/www.miomiorun.com\/fr\/#website","url":"https:\/\/www.miomiorun.com\/fr\/","name":"MioMioRun","description":"Boutique 100% running et trail","publisher":{"@id":"https:\/\/www.miomiorun.com\/fr\/#organization"},"potentialAction":[{"@type":"SearchAction","target":{"@type":"EntryPoint","urlTemplate":"https:\/\/www.miomiorun.com\/fr\/?s={search_term_string}"},"query-input":{"@type":"PropertyValueSpecification","valueRequired":true,"valueName":"search_term_string"}}],"inLanguage":"fr-FR"},{"@type":"Organization","@id":"https:\/\/www.miomiorun.com\/fr\/#organization","name":"MioMio Run","url":"https:\/\/www.miomiorun.com\/fr\/","logo":{"@type":"ImageObject","inLanguage":"fr-FR","@id":"https:\/\/www.miomiorun.com\/fr\/#\/schema\/logo\/image\/","url":"https:\/\/www.miomiorun.com\/app\/uploads\/2019\/12\/logomio.png","contentUrl":"https:\/\/www.miomiorun.com\/app\/uploads\/2019\/12\/logomio.png","width":115,"height":82,"caption":"MioMio Run"},"image":{"@id":"https:\/\/www.miomiorun.com\/fr\/#\/schema\/logo\/image\/"},"sameAs":["https:\/\/www.facebook.com\/miomiorun\/","https:\/\/www.instagram.com\/miomiorun\/"]}]}},"_links":{"self":[{"href":"https:\/\/www.miomiorun.com\/fr\/wp-json\/wp\/v2\/product\/407121","targetHints":{"allow":["GET"]}}],"collection":[{"href":"https:\/\/www.miomiorun.com\/fr\/wp-json\/wp\/v2\/product"}],"about":[{"href":"https:\/\/www.miomiorun.com\/fr\/wp-json\/wp\/v2\/types\/product"}],"wp:featuredmedia":[{"embeddable":true,"href":"https:\/\/www.miomiorun.com\/fr\/wp-json\/wp\/v2\/media\/408544"}],"wp:attachment":[{"href":"https:\/\/www.miomiorun.com\/fr\/wp-json\/wp\/v2\/media?parent=407121"}],"wp:term":[{"taxonomy":"product_brand","embeddable":true,"href":"https:\/\/www.miomiorun.com\/fr\/wp-json\/wp\/v2\/product_brand?post=407121"},{"taxonomy":"product_cat","embeddable":true,"href":"https:\/\/www.miomiorun.com\/fr\/wp-json\/wp\/v2\/product_cat?post=407121"},{"taxonomy":"product_tag","embeddable":true,"href":"https:\/\/www.miomiorun.com\/fr\/wp-json\/wp\/v2\/product_tag?post=407121"}],"curies":[{"name":"wp","href":"https:\/\/api.w.org\/{rel}","templated":true}]}}