{"id":406874,"date":"2026-02-18T18:13:05","date_gmt":"2026-02-18T17:13:05","guid":{"rendered":"https:\/\/www.miomiorun.com\/?post_type=product&#038;p=406874"},"modified":"2026-05-09T13:08:10","modified_gmt":"2026-05-09T11:08:10","slug":"la-sportiva-flow-tank-homme","status":"publish","type":"product","link":"https:\/\/www.miomiorun.com\/fr\/produit\/la-sportiva-flow-tank-homme\/","title":{"rendered":"Flow tank homme"},"content":{"rendered":"<p data-start=\"187\" data-end=\"422\">Le d\u00e9bardeur Flow est con\u00e7u pour affronter les entra\u00eenements de trail les plus exigeants. Fabriqu\u00e9 en 100 % polyester recycl\u00e9, il allie l\u00e9g\u00e8ret\u00e9 et respirabilit\u00e9 \u00e0 une coupe pens\u00e9e pour offrir un confort optimal pendant l&#8217;effort.<\/p>\n<p data-start=\"424\" data-end=\"722\">Le tissu est extr\u00eamement doux au toucher et int\u00e8gre le traitement Polygiene\u00ae, con\u00e7u pour contr\u00f4ler les mauvaises odeurs m\u00eame lors des s\u00e9ances les plus intenses. La coupe ajust\u00e9e vient parfaire ce v\u00eatement technique indispensable, disponible de la taille S \u00e0 la 2XL. Produit d\u00e9clar\u00e9 sans PFAS.<\/p>\n","protected":false},"excerpt":{"rendered":"<ul>\n<li data-start=\"754\" data-end=\"781\">100 % polyester recycl\u00e9<\/li>\n<li data-start=\"784\" data-end=\"836\">Tissu l\u00e9ger, respirant et doux au toucher<\/li>\n<li data-start=\"839\" data-end=\"892\">Traitement Polygiene\u00ae pour le contr\u00f4le des odeurs<\/li>\n<\/ul>\n","protected":false},"featured_media":408284,"template":"","meta":{"_acf_changed":false,"inline_featured_image":false},"product_brand":[],"product_cat":[24257,24482],"product_tag":[23597,23599],"class_list":{"0":"post-406874","1":"product","2":"type-product","3":"status-publish","4":"has-post-thumbnail","6":"product_cat-gilets-fr","7":"product_cat-vetements-pour-hommes-fr","8":"product_tag-la-sportiva-fr","9":"product_tag-la-sportiva-homme","10":"pa_attivita-marcher","11":"pa_attivita-outdoor-fr","12":"pa_attivita-trail-fr","13":"pa_colore-flow-tank-black-yellow","14":"pa_colore-flow-tank-lake-night-sky","15":"pa_marca-la-sportiva-fr","16":"pa_sesso-homme","17":"pa_size-small-fr","18":"pa_size-medium-fr","19":"pa_size-large-fr","20":"pa_size-extra-large-fr","22":"first","23":"instock","24":"sale","25":"taxable","26":"shipping-taxable","27":"purchasable","28":"product-type-variable","29":"wvs-archive-product-wrapper"},"acf":[],"yoast_head":"<!-- This site is optimized with the Yoast SEO plugin v26.8 - https:\/\/yoast.com\/product\/yoast-seo-wordpress\/ -->\n<title>La Sportiva Flow tank homme - d\u00e9bardeur de course - MioMioRun.com<\/title>\n<meta name=\"description\" content=\"T-shirt Flow Tank en polyester recycl\u00e9 avec traitement Polygiene\u00ae, l\u00e9ger et respirant, id\u00e9al pour le trail, coupe ajust\u00e9e. D\u00e9couvrez-le sur notre site !\" \/>\n<meta name=\"robots\" content=\"index, follow, max-snippet:-1, max-image-preview:large, max-video-preview:-1\" \/>\n<link rel=\"canonical\" href=\"https:\/\/www.miomiorun.com\/fr\/produit\/la-sportiva-flow-tank-homme\/\" \/>\n<meta property=\"og:locale\" content=\"fr_FR\" \/>\n<meta property=\"og:type\" content=\"article\" \/>\n<meta property=\"og:title\" content=\"La Sportiva Flow tank homme - d\u00e9bardeur de course - MioMioRun.com\" \/>\n<meta property=\"og:description\" content=\"T-shirt Flow Tank en polyester recycl\u00e9 avec traitement Polygiene\u00ae, l\u00e9ger et respirant, id\u00e9al pour le trail, coupe ajust\u00e9e. D\u00e9couvrez-le sur notre site !\" \/>\n<meta property=\"og:url\" content=\"https:\/\/www.miomiorun.com\/fr\/produit\/la-sportiva-flow-tank-homme\/\" \/>\n<meta property=\"og:site_name\" content=\"MioMioRun\" \/>\n<meta property=\"article:publisher\" content=\"https:\/\/www.facebook.com\/miomiorun\/\" \/>\n<meta property=\"article:modified_time\" content=\"2026-05-09T11:08:10+00:00\" \/>\n<meta property=\"og:image\" content=\"https:\/\/www.miomiorun.com\/app\/uploads\/2026\/02\/la-sportiva-Flow-tank-black-yellow-ZARE023K00Y00.webp\" \/>\n\t<meta property=\"og:image:width\" content=\"720\" \/>\n\t<meta property=\"og:image:height\" content=\"720\" \/>\n\t<meta property=\"og:image:type\" content=\"image\/webp\" \/>\n<meta name=\"twitter:card\" content=\"summary_large_image\" \/>\n<script type=\"application\/ld+json\" class=\"yoast-schema-graph\">{\"@context\":\"https:\/\/schema.org\",\"@graph\":[{\"@type\":\"WebPage\",\"@id\":\"https:\/\/www.miomiorun.com\/fr\/produit\/la-sportiva-flow-tank-homme\/\",\"url\":\"https:\/\/www.miomiorun.com\/fr\/produit\/la-sportiva-flow-tank-homme\/\",\"name\":\"La Sportiva Flow tank homme - d\u00e9bardeur de course - MioMioRun.com\",\"isPartOf\":{\"@id\":\"https:\/\/www.miomiorun.com\/fr\/#website\"},\"primaryImageOfPage\":{\"@id\":\"https:\/\/www.miomiorun.com\/fr\/produit\/la-sportiva-flow-tank-homme\/#primaryimage\"},\"image\":{\"@id\":\"https:\/\/www.miomiorun.com\/fr\/produit\/la-sportiva-flow-tank-homme\/#primaryimage\"},\"thumbnailUrl\":\"https:\/\/www.miomiorun.com\/app\/uploads\/2026\/02\/la-sportiva-Flow-tank-black-yellow-ZARE023K00Y00.webp\",\"datePublished\":\"2026-02-18T17:13:05+00:00\",\"dateModified\":\"2026-05-09T11:08:10+00:00\",\"description\":\"T-shirt Flow Tank en polyester recycl\u00e9 avec traitement Polygiene\u00ae, l\u00e9ger et respirant, id\u00e9al pour le trail, coupe ajust\u00e9e. D\u00e9couvrez-le sur notre site !\",\"breadcrumb\":{\"@id\":\"https:\/\/www.miomiorun.com\/fr\/produit\/la-sportiva-flow-tank-homme\/#breadcrumb\"},\"inLanguage\":\"fr-FR\",\"potentialAction\":[{\"@type\":\"ReadAction\",\"target\":[\"https:\/\/www.miomiorun.com\/fr\/produit\/la-sportiva-flow-tank-homme\/\"]}]},{\"@type\":\"ImageObject\",\"inLanguage\":\"fr-FR\",\"@id\":\"https:\/\/www.miomiorun.com\/fr\/produit\/la-sportiva-flow-tank-homme\/#primaryimage\",\"url\":\"https:\/\/www.miomiorun.com\/app\/uploads\/2026\/02\/la-sportiva-Flow-tank-black-yellow-ZARE023K00Y00.webp\",\"contentUrl\":\"https:\/\/www.miomiorun.com\/app\/uploads\/2026\/02\/la-sportiva-Flow-tank-black-yellow-ZARE023K00Y00.webp\",\"width\":720,\"height\":720,\"caption\":\"la sportiva Flow tank black yellow ZARE023K00Y00\"},{\"@type\":\"BreadcrumbList\",\"@id\":\"https:\/\/www.miomiorun.com\/fr\/produit\/la-sportiva-flow-tank-homme\/#breadcrumb\",\"itemListElement\":[{\"@type\":\"ListItem\",\"position\":1,\"name\":\"Home\",\"item\":\"https:\/\/www.miomiorun.com\/fr\/home-page\/\"},{\"@type\":\"ListItem\",\"position\":2,\"name\":\"Shop\",\"item\":\"https:\/\/www.miomiorun.com\/shop\/\"},{\"@type\":\"ListItem\",\"position\":3,\"name\":\"Flow tank homme\"}]},{\"@type\":\"WebSite\",\"@id\":\"https:\/\/www.miomiorun.com\/fr\/#website\",\"url\":\"https:\/\/www.miomiorun.com\/fr\/\",\"name\":\"MioMioRun\",\"description\":\"Boutique 100% running et trail\",\"publisher\":{\"@id\":\"https:\/\/www.miomiorun.com\/fr\/#organization\"},\"potentialAction\":[{\"@type\":\"SearchAction\",\"target\":{\"@type\":\"EntryPoint\",\"urlTemplate\":\"https:\/\/www.miomiorun.com\/fr\/?s={search_term_string}\"},\"query-input\":{\"@type\":\"PropertyValueSpecification\",\"valueRequired\":true,\"valueName\":\"search_term_string\"}}],\"inLanguage\":\"fr-FR\"},{\"@type\":\"Organization\",\"@id\":\"https:\/\/www.miomiorun.com\/fr\/#organization\",\"name\":\"MioMio Run\",\"url\":\"https:\/\/www.miomiorun.com\/fr\/\",\"logo\":{\"@type\":\"ImageObject\",\"inLanguage\":\"fr-FR\",\"@id\":\"https:\/\/www.miomiorun.com\/fr\/#\/schema\/logo\/image\/\",\"url\":\"https:\/\/www.miomiorun.com\/app\/uploads\/2019\/12\/logomio.png\",\"contentUrl\":\"https:\/\/www.miomiorun.com\/app\/uploads\/2019\/12\/logomio.png\",\"width\":115,\"height\":82,\"caption\":\"MioMio Run\"},\"image\":{\"@id\":\"https:\/\/www.miomiorun.com\/fr\/#\/schema\/logo\/image\/\"},\"sameAs\":[\"https:\/\/www.facebook.com\/miomiorun\/\",\"https:\/\/www.instagram.com\/miomiorun\/\"]}]}<\/script>\n<!-- \/ Yoast SEO plugin. -->","yoast_head_json":{"title":"La Sportiva Flow tank homme - d\u00e9bardeur de course - MioMioRun.com","description":"T-shirt Flow Tank en polyester recycl\u00e9 avec traitement Polygiene\u00ae, l\u00e9ger et respirant, id\u00e9al pour le trail, coupe ajust\u00e9e. D\u00e9couvrez-le sur notre site !","robots":{"index":"index","follow":"follow","max-snippet":"max-snippet:-1","max-image-preview":"max-image-preview:large","max-video-preview":"max-video-preview:-1"},"canonical":"https:\/\/www.miomiorun.com\/fr\/produit\/la-sportiva-flow-tank-homme\/","og_locale":"fr_FR","og_type":"article","og_title":"La Sportiva Flow tank homme - d\u00e9bardeur de course - MioMioRun.com","og_description":"T-shirt Flow Tank en polyester recycl\u00e9 avec traitement Polygiene\u00ae, l\u00e9ger et respirant, id\u00e9al pour le trail, coupe ajust\u00e9e. D\u00e9couvrez-le sur notre site !","og_url":"https:\/\/www.miomiorun.com\/fr\/produit\/la-sportiva-flow-tank-homme\/","og_site_name":"MioMioRun","article_publisher":"https:\/\/www.facebook.com\/miomiorun\/","article_modified_time":"2026-05-09T11:08:10+00:00","og_image":[{"width":720,"height":720,"url":"https:\/\/www.miomiorun.com\/app\/uploads\/2026\/02\/la-sportiva-Flow-tank-black-yellow-ZARE023K00Y00.webp","type":"image\/webp"}],"twitter_card":"summary_large_image","schema":{"@context":"https:\/\/schema.org","@graph":[{"@type":"WebPage","@id":"https:\/\/www.miomiorun.com\/fr\/produit\/la-sportiva-flow-tank-homme\/","url":"https:\/\/www.miomiorun.com\/fr\/produit\/la-sportiva-flow-tank-homme\/","name":"La Sportiva Flow tank homme - d\u00e9bardeur de course - MioMioRun.com","isPartOf":{"@id":"https:\/\/www.miomiorun.com\/fr\/#website"},"primaryImageOfPage":{"@id":"https:\/\/www.miomiorun.com\/fr\/produit\/la-sportiva-flow-tank-homme\/#primaryimage"},"image":{"@id":"https:\/\/www.miomiorun.com\/fr\/produit\/la-sportiva-flow-tank-homme\/#primaryimage"},"thumbnailUrl":"https:\/\/www.miomiorun.com\/app\/uploads\/2026\/02\/la-sportiva-Flow-tank-black-yellow-ZARE023K00Y00.webp","datePublished":"2026-02-18T17:13:05+00:00","dateModified":"2026-05-09T11:08:10+00:00","description":"T-shirt Flow Tank en polyester recycl\u00e9 avec traitement Polygiene\u00ae, l\u00e9ger et respirant, id\u00e9al pour le trail, coupe ajust\u00e9e. D\u00e9couvrez-le sur notre site !","breadcrumb":{"@id":"https:\/\/www.miomiorun.com\/fr\/produit\/la-sportiva-flow-tank-homme\/#breadcrumb"},"inLanguage":"fr-FR","potentialAction":[{"@type":"ReadAction","target":["https:\/\/www.miomiorun.com\/fr\/produit\/la-sportiva-flow-tank-homme\/"]}]},{"@type":"ImageObject","inLanguage":"fr-FR","@id":"https:\/\/www.miomiorun.com\/fr\/produit\/la-sportiva-flow-tank-homme\/#primaryimage","url":"https:\/\/www.miomiorun.com\/app\/uploads\/2026\/02\/la-sportiva-Flow-tank-black-yellow-ZARE023K00Y00.webp","contentUrl":"https:\/\/www.miomiorun.com\/app\/uploads\/2026\/02\/la-sportiva-Flow-tank-black-yellow-ZARE023K00Y00.webp","width":720,"height":720,"caption":"la sportiva Flow tank black yellow ZARE023K00Y00"},{"@type":"BreadcrumbList","@id":"https:\/\/www.miomiorun.com\/fr\/produit\/la-sportiva-flow-tank-homme\/#breadcrumb","itemListElement":[{"@type":"ListItem","position":1,"name":"Home","item":"https:\/\/www.miomiorun.com\/fr\/home-page\/"},{"@type":"ListItem","position":2,"name":"Shop","item":"https:\/\/www.miomiorun.com\/shop\/"},{"@type":"ListItem","position":3,"name":"Flow tank homme"}]},{"@type":"WebSite","@id":"https:\/\/www.miomiorun.com\/fr\/#website","url":"https:\/\/www.miomiorun.com\/fr\/","name":"MioMioRun","description":"Boutique 100% running et trail","publisher":{"@id":"https:\/\/www.miomiorun.com\/fr\/#organization"},"potentialAction":[{"@type":"SearchAction","target":{"@type":"EntryPoint","urlTemplate":"https:\/\/www.miomiorun.com\/fr\/?s={search_term_string}"},"query-input":{"@type":"PropertyValueSpecification","valueRequired":true,"valueName":"search_term_string"}}],"inLanguage":"fr-FR"},{"@type":"Organization","@id":"https:\/\/www.miomiorun.com\/fr\/#organization","name":"MioMio Run","url":"https:\/\/www.miomiorun.com\/fr\/","logo":{"@type":"ImageObject","inLanguage":"fr-FR","@id":"https:\/\/www.miomiorun.com\/fr\/#\/schema\/logo\/image\/","url":"https:\/\/www.miomiorun.com\/app\/uploads\/2019\/12\/logomio.png","contentUrl":"https:\/\/www.miomiorun.com\/app\/uploads\/2019\/12\/logomio.png","width":115,"height":82,"caption":"MioMio Run"},"image":{"@id":"https:\/\/www.miomiorun.com\/fr\/#\/schema\/logo\/image\/"},"sameAs":["https:\/\/www.facebook.com\/miomiorun\/","https:\/\/www.instagram.com\/miomiorun\/"]}]}},"_links":{"self":[{"href":"https:\/\/www.miomiorun.com\/fr\/wp-json\/wp\/v2\/product\/406874","targetHints":{"allow":["GET"]}}],"collection":[{"href":"https:\/\/www.miomiorun.com\/fr\/wp-json\/wp\/v2\/product"}],"about":[{"href":"https:\/\/www.miomiorun.com\/fr\/wp-json\/wp\/v2\/types\/product"}],"wp:featuredmedia":[{"embeddable":true,"href":"https:\/\/www.miomiorun.com\/fr\/wp-json\/wp\/v2\/media\/408284"}],"wp:attachment":[{"href":"https:\/\/www.miomiorun.com\/fr\/wp-json\/wp\/v2\/media?parent=406874"}],"wp:term":[{"taxonomy":"product_brand","embeddable":true,"href":"https:\/\/www.miomiorun.com\/fr\/wp-json\/wp\/v2\/product_brand?post=406874"},{"taxonomy":"product_cat","embeddable":true,"href":"https:\/\/www.miomiorun.com\/fr\/wp-json\/wp\/v2\/product_cat?post=406874"},{"taxonomy":"product_tag","embeddable":true,"href":"https:\/\/www.miomiorun.com\/fr\/wp-json\/wp\/v2\/product_tag?post=406874"}],"curies":[{"name":"wp","href":"https:\/\/api.w.org\/{rel}","templated":true}]}}