{"id":403870,"date":"2026-02-11T19:39:55","date_gmt":"2026-02-11T18:39:55","guid":{"rendered":"https:\/\/www.miomiorun.com\/?post_type=product&#038;p=403870"},"modified":"2026-05-09T13:06:47","modified_gmt":"2026-05-09T11:06:47","slug":"s-lab-ultra-12","status":"publish","type":"product","link":"https:\/\/www.miomiorun.com\/fr\/produit\/s-lab-ultra-12\/","title":{"rendered":"S\/LAB Ultra 12"},"content":{"rendered":"<p data-start=\"192\" data-end=\"484\">Le S\/LAB Ultra 12 est un sac \u00e0 dos gilet con\u00e7u pour relever les d\u00e9fis les plus exigeants de l&#8217;ultra-trail. Inspir\u00e9 par les athl\u00e8tes d&#8217;ultra-trail et d\u00e9velopp\u00e9 en collaboration avec eux, il allie une capacit\u00e9 polyvalente de 12 litres \u00e0 une conception \u00e9tudi\u00e9e pour offrir confort et stabilit\u00e9 pendant la course.<\/p>\n<p data-start=\"486\" data-end=\"837\">Sa structure est con\u00e7ue pour garantir un maintien stable et \u00e9viter les secousses, tandis que le syst\u00e8me d&#8217;hydratation permet un acc\u00e8s rapide aux liquides gr\u00e2ce aux 2 gourdes souples de 500 ml incluses. Avec un poids annonc\u00e9 de 205 g (295 g accessoires compris), c&#8217;est un gilet de course unisexe con\u00e7u pour vous accompagner m\u00eame sur les plus longues distances.<\/p>\n<p>&nbsp;<\/p>\n","protected":false},"excerpt":{"rendered":"<ul>\n<li data-start=\"869\" data-end=\"928\">Capacit\u00e9 de 12 L avec une structure stable et anti-ballottement<\/li>\n<li data-start=\"931\" data-end=\"992\">2 gourdes souples de 500 ml incluses pour une hydratation imm\u00e9diate<\/li>\n<li data-start=\"995\" data-end=\"1040\">Poids r\u00e9duit : 205 g (295 g avec les accessoires)<\/li>\n<\/ul>\n","protected":false},"featured_media":409835,"template":"","meta":{"_acf_changed":false,"inline_featured_image":false},"product_brand":[],"product_cat":[22589,22587,22538],"product_tag":[23581,23619,23580],"class_list":{"0":"post-403870","1":"product","2":"type-product","3":"status-publish","4":"has-post-thumbnail","6":"product_cat-sacs-a-dos","7":"product_cat-sacs-a-dos-et-ceintures","8":"product_cat-accessoires","9":"product_tag-salomon-fr","10":"product_tag-salomon-femme","11":"product_tag-salomon-homme","12":"pa_attivita-outdoor-fr","13":"pa_attivita-trail-fr","14":"pa_colore-s-lab-ultra-12-set-goat-black","15":"pa_marca-salomon-fr","16":"pa_sesso-femme","17":"pa_sesso-homme","18":"pa_size-extra-small-fr","19":"pa_size-small-fr","20":"pa_size-medium-fr","21":"pa_size-large-fr","23":"first","24":"instock","25":"sale","26":"taxable","27":"shipping-taxable","28":"purchasable","29":"product-type-variable","30":"wvs-archive-product-wrapper"},"acf":[],"yoast_head":"<!-- This site is optimized with the Yoast SEO plugin v26.8 - https:\/\/yoast.com\/product\/yoast-seo-wordpress\/ -->\n<title>Salomon S\/LAB Ultra 12 -sac \u00e0 dos de course \u00e0 pied - MioMioRun<\/title>\n<meta name=\"description\" content=\"S\/LAB Ultra 12 : sac \u00e0 dos gilet de trail de 12 litres avec 2 gourdes de 500 ml incluses, l\u00e9ger et stable, id\u00e9al pour l&#039;ultra-running et les longues distances.\" \/>\n<meta name=\"robots\" content=\"index, follow, max-snippet:-1, max-image-preview:large, max-video-preview:-1\" \/>\n<link rel=\"canonical\" href=\"https:\/\/www.miomiorun.com\/fr\/produit\/s-lab-ultra-12\/\" \/>\n<meta property=\"og:locale\" content=\"fr_FR\" \/>\n<meta property=\"og:type\" content=\"article\" \/>\n<meta property=\"og:title\" content=\"Salomon S\/LAB Ultra 12 -sac \u00e0 dos de course \u00e0 pied - MioMioRun\" \/>\n<meta property=\"og:description\" content=\"S\/LAB Ultra 12 : sac \u00e0 dos gilet de trail de 12 litres avec 2 gourdes de 500 ml incluses, l\u00e9ger et stable, id\u00e9al pour l&#039;ultra-running et les longues distances.\" \/>\n<meta property=\"og:url\" content=\"https:\/\/www.miomiorun.com\/fr\/produit\/s-lab-ultra-12\/\" \/>\n<meta property=\"og:site_name\" content=\"MioMioRun\" \/>\n<meta property=\"article:publisher\" content=\"https:\/\/www.facebook.com\/miomiorun\/\" \/>\n<meta property=\"article:modified_time\" content=\"2026-05-09T11:06:47+00:00\" \/>\n<meta property=\"og:image\" content=\"https:\/\/www.miomiorun.com\/app\/uploads\/2026\/02\/Salomon-S-LAB-Ultra-12-set-goat-black-LC2863400.webp\" \/>\n\t<meta property=\"og:image:width\" content=\"720\" \/>\n\t<meta property=\"og:image:height\" content=\"720\" \/>\n\t<meta property=\"og:image:type\" content=\"image\/webp\" \/>\n<meta name=\"twitter:card\" content=\"summary_large_image\" \/>\n<meta name=\"twitter:label1\" content=\"Est. reading time\" \/>\n\t<meta name=\"twitter:data1\" content=\"1 minute\" \/>\n<script type=\"application\/ld+json\" class=\"yoast-schema-graph\">{\"@context\":\"https:\/\/schema.org\",\"@graph\":[{\"@type\":\"WebPage\",\"@id\":\"https:\/\/www.miomiorun.com\/fr\/produit\/s-lab-ultra-12\/\",\"url\":\"https:\/\/www.miomiorun.com\/fr\/produit\/s-lab-ultra-12\/\",\"name\":\"Salomon S\/LAB Ultra 12 -sac \u00e0 dos de course \u00e0 pied - MioMioRun\",\"isPartOf\":{\"@id\":\"https:\/\/www.miomiorun.com\/fr\/#website\"},\"primaryImageOfPage\":{\"@id\":\"https:\/\/www.miomiorun.com\/fr\/produit\/s-lab-ultra-12\/#primaryimage\"},\"image\":{\"@id\":\"https:\/\/www.miomiorun.com\/fr\/produit\/s-lab-ultra-12\/#primaryimage\"},\"thumbnailUrl\":\"https:\/\/www.miomiorun.com\/app\/uploads\/2026\/02\/Salomon-S-LAB-Ultra-12-set-goat-black-LC2863400.webp\",\"datePublished\":\"2026-02-11T18:39:55+00:00\",\"dateModified\":\"2026-05-09T11:06:47+00:00\",\"description\":\"S\/LAB Ultra 12 : sac \u00e0 dos gilet de trail de 12 litres avec 2 gourdes de 500 ml incluses, l\u00e9ger et stable, id\u00e9al pour l'ultra-running et les longues distances.\",\"breadcrumb\":{\"@id\":\"https:\/\/www.miomiorun.com\/fr\/produit\/s-lab-ultra-12\/#breadcrumb\"},\"inLanguage\":\"fr-FR\",\"potentialAction\":[{\"@type\":\"ReadAction\",\"target\":[\"https:\/\/www.miomiorun.com\/fr\/produit\/s-lab-ultra-12\/\"]}]},{\"@type\":\"ImageObject\",\"inLanguage\":\"fr-FR\",\"@id\":\"https:\/\/www.miomiorun.com\/fr\/produit\/s-lab-ultra-12\/#primaryimage\",\"url\":\"https:\/\/www.miomiorun.com\/app\/uploads\/2026\/02\/Salomon-S-LAB-Ultra-12-set-goat-black-LC2863400.webp\",\"contentUrl\":\"https:\/\/www.miomiorun.com\/app\/uploads\/2026\/02\/Salomon-S-LAB-Ultra-12-set-goat-black-LC2863400.webp\",\"width\":720,\"height\":720,\"caption\":\"Salomon S LAB Ultra 12 set goat black LC2863400\"},{\"@type\":\"BreadcrumbList\",\"@id\":\"https:\/\/www.miomiorun.com\/fr\/produit\/s-lab-ultra-12\/#breadcrumb\",\"itemListElement\":[{\"@type\":\"ListItem\",\"position\":1,\"name\":\"Home\",\"item\":\"https:\/\/www.miomiorun.com\/fr\/home-page\/\"},{\"@type\":\"ListItem\",\"position\":2,\"name\":\"Shop\",\"item\":\"https:\/\/www.miomiorun.com\/shop\/\"},{\"@type\":\"ListItem\",\"position\":3,\"name\":\"S\/LAB Ultra 12\"}]},{\"@type\":\"WebSite\",\"@id\":\"https:\/\/www.miomiorun.com\/fr\/#website\",\"url\":\"https:\/\/www.miomiorun.com\/fr\/\",\"name\":\"MioMioRun\",\"description\":\"Boutique 100% running et trail\",\"publisher\":{\"@id\":\"https:\/\/www.miomiorun.com\/fr\/#organization\"},\"potentialAction\":[{\"@type\":\"SearchAction\",\"target\":{\"@type\":\"EntryPoint\",\"urlTemplate\":\"https:\/\/www.miomiorun.com\/fr\/?s={search_term_string}\"},\"query-input\":{\"@type\":\"PropertyValueSpecification\",\"valueRequired\":true,\"valueName\":\"search_term_string\"}}],\"inLanguage\":\"fr-FR\"},{\"@type\":\"Organization\",\"@id\":\"https:\/\/www.miomiorun.com\/fr\/#organization\",\"name\":\"MioMio Run\",\"url\":\"https:\/\/www.miomiorun.com\/fr\/\",\"logo\":{\"@type\":\"ImageObject\",\"inLanguage\":\"fr-FR\",\"@id\":\"https:\/\/www.miomiorun.com\/fr\/#\/schema\/logo\/image\/\",\"url\":\"https:\/\/www.miomiorun.com\/app\/uploads\/2019\/12\/logomio.png\",\"contentUrl\":\"https:\/\/www.miomiorun.com\/app\/uploads\/2019\/12\/logomio.png\",\"width\":115,\"height\":82,\"caption\":\"MioMio Run\"},\"image\":{\"@id\":\"https:\/\/www.miomiorun.com\/fr\/#\/schema\/logo\/image\/\"},\"sameAs\":[\"https:\/\/www.facebook.com\/miomiorun\/\",\"https:\/\/www.instagram.com\/miomiorun\/\"]}]}<\/script>\n<!-- \/ Yoast SEO plugin. -->","yoast_head_json":{"title":"Salomon S\/LAB Ultra 12 -sac \u00e0 dos de course \u00e0 pied - MioMioRun","description":"S\/LAB Ultra 12 : sac \u00e0 dos gilet de trail de 12 litres avec 2 gourdes de 500 ml incluses, l\u00e9ger et stable, id\u00e9al pour l'ultra-running et les longues distances.","robots":{"index":"index","follow":"follow","max-snippet":"max-snippet:-1","max-image-preview":"max-image-preview:large","max-video-preview":"max-video-preview:-1"},"canonical":"https:\/\/www.miomiorun.com\/fr\/produit\/s-lab-ultra-12\/","og_locale":"fr_FR","og_type":"article","og_title":"Salomon S\/LAB Ultra 12 -sac \u00e0 dos de course \u00e0 pied - MioMioRun","og_description":"S\/LAB Ultra 12 : sac \u00e0 dos gilet de trail de 12 litres avec 2 gourdes de 500 ml incluses, l\u00e9ger et stable, id\u00e9al pour l'ultra-running et les longues distances.","og_url":"https:\/\/www.miomiorun.com\/fr\/produit\/s-lab-ultra-12\/","og_site_name":"MioMioRun","article_publisher":"https:\/\/www.facebook.com\/miomiorun\/","article_modified_time":"2026-05-09T11:06:47+00:00","og_image":[{"width":720,"height":720,"url":"https:\/\/www.miomiorun.com\/app\/uploads\/2026\/02\/Salomon-S-LAB-Ultra-12-set-goat-black-LC2863400.webp","type":"image\/webp"}],"twitter_card":"summary_large_image","twitter_misc":{"Est. reading time":"1 minute"},"schema":{"@context":"https:\/\/schema.org","@graph":[{"@type":"WebPage","@id":"https:\/\/www.miomiorun.com\/fr\/produit\/s-lab-ultra-12\/","url":"https:\/\/www.miomiorun.com\/fr\/produit\/s-lab-ultra-12\/","name":"Salomon S\/LAB Ultra 12 -sac \u00e0 dos de course \u00e0 pied - MioMioRun","isPartOf":{"@id":"https:\/\/www.miomiorun.com\/fr\/#website"},"primaryImageOfPage":{"@id":"https:\/\/www.miomiorun.com\/fr\/produit\/s-lab-ultra-12\/#primaryimage"},"image":{"@id":"https:\/\/www.miomiorun.com\/fr\/produit\/s-lab-ultra-12\/#primaryimage"},"thumbnailUrl":"https:\/\/www.miomiorun.com\/app\/uploads\/2026\/02\/Salomon-S-LAB-Ultra-12-set-goat-black-LC2863400.webp","datePublished":"2026-02-11T18:39:55+00:00","dateModified":"2026-05-09T11:06:47+00:00","description":"S\/LAB Ultra 12 : sac \u00e0 dos gilet de trail de 12 litres avec 2 gourdes de 500 ml incluses, l\u00e9ger et stable, id\u00e9al pour l'ultra-running et les longues distances.","breadcrumb":{"@id":"https:\/\/www.miomiorun.com\/fr\/produit\/s-lab-ultra-12\/#breadcrumb"},"inLanguage":"fr-FR","potentialAction":[{"@type":"ReadAction","target":["https:\/\/www.miomiorun.com\/fr\/produit\/s-lab-ultra-12\/"]}]},{"@type":"ImageObject","inLanguage":"fr-FR","@id":"https:\/\/www.miomiorun.com\/fr\/produit\/s-lab-ultra-12\/#primaryimage","url":"https:\/\/www.miomiorun.com\/app\/uploads\/2026\/02\/Salomon-S-LAB-Ultra-12-set-goat-black-LC2863400.webp","contentUrl":"https:\/\/www.miomiorun.com\/app\/uploads\/2026\/02\/Salomon-S-LAB-Ultra-12-set-goat-black-LC2863400.webp","width":720,"height":720,"caption":"Salomon S LAB Ultra 12 set goat black LC2863400"},{"@type":"BreadcrumbList","@id":"https:\/\/www.miomiorun.com\/fr\/produit\/s-lab-ultra-12\/#breadcrumb","itemListElement":[{"@type":"ListItem","position":1,"name":"Home","item":"https:\/\/www.miomiorun.com\/fr\/home-page\/"},{"@type":"ListItem","position":2,"name":"Shop","item":"https:\/\/www.miomiorun.com\/shop\/"},{"@type":"ListItem","position":3,"name":"S\/LAB Ultra 12"}]},{"@type":"WebSite","@id":"https:\/\/www.miomiorun.com\/fr\/#website","url":"https:\/\/www.miomiorun.com\/fr\/","name":"MioMioRun","description":"Boutique 100% running et trail","publisher":{"@id":"https:\/\/www.miomiorun.com\/fr\/#organization"},"potentialAction":[{"@type":"SearchAction","target":{"@type":"EntryPoint","urlTemplate":"https:\/\/www.miomiorun.com\/fr\/?s={search_term_string}"},"query-input":{"@type":"PropertyValueSpecification","valueRequired":true,"valueName":"search_term_string"}}],"inLanguage":"fr-FR"},{"@type":"Organization","@id":"https:\/\/www.miomiorun.com\/fr\/#organization","name":"MioMio Run","url":"https:\/\/www.miomiorun.com\/fr\/","logo":{"@type":"ImageObject","inLanguage":"fr-FR","@id":"https:\/\/www.miomiorun.com\/fr\/#\/schema\/logo\/image\/","url":"https:\/\/www.miomiorun.com\/app\/uploads\/2019\/12\/logomio.png","contentUrl":"https:\/\/www.miomiorun.com\/app\/uploads\/2019\/12\/logomio.png","width":115,"height":82,"caption":"MioMio Run"},"image":{"@id":"https:\/\/www.miomiorun.com\/fr\/#\/schema\/logo\/image\/"},"sameAs":["https:\/\/www.facebook.com\/miomiorun\/","https:\/\/www.instagram.com\/miomiorun\/"]}]}},"_links":{"self":[{"href":"https:\/\/www.miomiorun.com\/fr\/wp-json\/wp\/v2\/product\/403870","targetHints":{"allow":["GET"]}}],"collection":[{"href":"https:\/\/www.miomiorun.com\/fr\/wp-json\/wp\/v2\/product"}],"about":[{"href":"https:\/\/www.miomiorun.com\/fr\/wp-json\/wp\/v2\/types\/product"}],"wp:featuredmedia":[{"embeddable":true,"href":"https:\/\/www.miomiorun.com\/fr\/wp-json\/wp\/v2\/media\/409835"}],"wp:attachment":[{"href":"https:\/\/www.miomiorun.com\/fr\/wp-json\/wp\/v2\/media?parent=403870"}],"wp:term":[{"taxonomy":"product_brand","embeddable":true,"href":"https:\/\/www.miomiorun.com\/fr\/wp-json\/wp\/v2\/product_brand?post=403870"},{"taxonomy":"product_cat","embeddable":true,"href":"https:\/\/www.miomiorun.com\/fr\/wp-json\/wp\/v2\/product_cat?post=403870"},{"taxonomy":"product_tag","embeddable":true,"href":"https:\/\/www.miomiorun.com\/fr\/wp-json\/wp\/v2\/product_tag?post=403870"}],"curies":[{"name":"wp","href":"https:\/\/api.w.org\/{rel}","templated":true}]}}