{"id":403853,"date":"2026-02-11T19:36:01","date_gmt":"2026-02-11T18:36:01","guid":{"rendered":"https:\/\/www.miomiorun.com\/?post_type=product&#038;p=403853"},"modified":"2026-05-09T13:05:39","modified_gmt":"2026-05-09T11:05:39","slug":"custom-quiver-ultra","status":"publish","type":"product","link":"https:\/\/www.miomiorun.com\/fr\/produit\/custom-quiver-ultra\/","title":{"rendered":"Custom Quiver Ultra"},"content":{"rendered":"<p data-start=\"197\" data-end=\"505\">Le Custom Quiver Ultra est un accessoire con\u00e7u pour les courses d&#8217;ultra-trail, pens\u00e9 pour se fixer facilement aux sacs \u00e0 dos ou gilets d&#8217;hydratation. Sa structure dot\u00e9e d&#8217;ouvertures larges et renforc\u00e9es permet de saisir facilement les b\u00e2tons quand on en a besoin et de les ranger rapidement lorsqu&#8217;on ne les utilise pas.<\/p>\n<p data-start=\"507\" data-end=\"831\">Avec un poids annonc\u00e9 de seulement 30 grammes par unit\u00e9, il est con\u00e7u pour \u00eatre l\u00e9ger pendant l&#8217;activit\u00e9, tout en conservant son aspect pratique et fonctionnel lors des phases les plus dynamiques du trail running. Un accessoire unisexe destin\u00e9 \u00e0 ceux qui souhaitent organiser au mieux leur \u00e9quipement lors des comp\u00e9titions et des entra\u00eenements sur longue distance.<\/p>\n","protected":false},"excerpt":{"rendered":"<ul>\n<li data-start=\"863\" data-end=\"910\">Compatible avec les sacs \u00e0 dos et les gilets d&#8217;hydratation<\/li>\n<li data-start=\"913\" data-end=\"979\">Ouvertures larges et structur\u00e9es pour un acc\u00e8s rapide aux b\u00e2tons<\/li>\n<li data-start=\"982\" data-end=\"1014\">Poids r\u00e9duit : 30 g par unit\u00e9<\/li>\n<\/ul>\n","protected":false},"featured_media":409819,"template":"","meta":{"_acf_changed":false,"inline_featured_image":false},"product_brand":[],"product_cat":[22589,22587,22538,22539],"product_tag":[23581],"class_list":{"0":"post-403853","1":"product","2":"type-product","3":"status-publish","4":"has-post-thumbnail","6":"product_cat-sacs-a-dos","7":"product_cat-sacs-a-dos-et-ceintures","8":"product_cat-accessoires","9":"product_cat-batons","10":"product_tag-salomon-fr","11":"pa_attivita-outdoor-fr","12":"pa_attivita-trail-fr","13":"pa_colore-custom-quiver-ultra-goat","14":"pa_marca-salomon-fr","15":"pa_sesso-femme","16":"pa_sesso-homme","18":"first","19":"instock","20":"sale","21":"taxable","22":"shipping-taxable","23":"purchasable","24":"product-type-variable","25":"has-default-attributes","26":"wvs-archive-product-wrapper"},"acf":[],"yoast_head":"<!-- This site is optimized with the Yoast SEO plugin v26.8 - https:\/\/yoast.com\/product\/yoast-seo-wordpress\/ -->\n<title>Salomon Custom Quiver Ultra - faretra course \u00e0 pied - MioMioRun<\/title>\n<meta name=\"description\" content=\"\u00c9tui Custom Quiver Ultra de 30 g pour le trail, compatible avec les sacs \u00e0 dos et les gilets, id\u00e9al pour transporter des b\u00e2tons lors des ultra-trails.\" \/>\n<meta name=\"robots\" content=\"index, follow, max-snippet:-1, max-image-preview:large, max-video-preview:-1\" \/>\n<link rel=\"canonical\" href=\"https:\/\/www.miomiorun.com\/fr\/produit\/custom-quiver-ultra\/\" \/>\n<meta property=\"og:locale\" content=\"fr_FR\" \/>\n<meta property=\"og:type\" content=\"article\" \/>\n<meta property=\"og:title\" content=\"Salomon Custom Quiver Ultra - faretra course \u00e0 pied - MioMioRun\" \/>\n<meta property=\"og:description\" content=\"\u00c9tui Custom Quiver Ultra de 30 g pour le trail, compatible avec les sacs \u00e0 dos et les gilets, id\u00e9al pour transporter des b\u00e2tons lors des ultra-trails.\" \/>\n<meta property=\"og:url\" content=\"https:\/\/www.miomiorun.com\/fr\/produit\/custom-quiver-ultra\/\" \/>\n<meta property=\"og:site_name\" content=\"MioMioRun\" \/>\n<meta property=\"article:publisher\" content=\"https:\/\/www.facebook.com\/miomiorun\/\" \/>\n<meta property=\"article:modified_time\" content=\"2026-05-09T11:05:39+00:00\" \/>\n<meta property=\"og:image\" content=\"https:\/\/www.miomiorun.com\/app\/uploads\/2026\/02\/Salomon-Custom-quiver-ultra-goat-LC2856600.webp\" \/>\n\t<meta property=\"og:image:width\" content=\"720\" \/>\n\t<meta property=\"og:image:height\" content=\"720\" \/>\n\t<meta property=\"og:image:type\" content=\"image\/webp\" \/>\n<meta name=\"twitter:card\" content=\"summary_large_image\" \/>\n<meta name=\"twitter:label1\" content=\"Est. reading time\" \/>\n\t<meta name=\"twitter:data1\" content=\"1 minute\" \/>\n<script type=\"application\/ld+json\" class=\"yoast-schema-graph\">{\"@context\":\"https:\/\/schema.org\",\"@graph\":[{\"@type\":\"WebPage\",\"@id\":\"https:\/\/www.miomiorun.com\/fr\/produit\/custom-quiver-ultra\/\",\"url\":\"https:\/\/www.miomiorun.com\/fr\/produit\/custom-quiver-ultra\/\",\"name\":\"Salomon Custom Quiver Ultra - faretra course \u00e0 pied - MioMioRun\",\"isPartOf\":{\"@id\":\"https:\/\/www.miomiorun.com\/fr\/#website\"},\"primaryImageOfPage\":{\"@id\":\"https:\/\/www.miomiorun.com\/fr\/produit\/custom-quiver-ultra\/#primaryimage\"},\"image\":{\"@id\":\"https:\/\/www.miomiorun.com\/fr\/produit\/custom-quiver-ultra\/#primaryimage\"},\"thumbnailUrl\":\"https:\/\/www.miomiorun.com\/app\/uploads\/2026\/02\/Salomon-Custom-quiver-ultra-goat-LC2856600.webp\",\"datePublished\":\"2026-02-11T18:36:01+00:00\",\"dateModified\":\"2026-05-09T11:05:39+00:00\",\"description\":\"\u00c9tui Custom Quiver Ultra de 30 g pour le trail, compatible avec les sacs \u00e0 dos et les gilets, id\u00e9al pour transporter des b\u00e2tons lors des ultra-trails.\",\"breadcrumb\":{\"@id\":\"https:\/\/www.miomiorun.com\/fr\/produit\/custom-quiver-ultra\/#breadcrumb\"},\"inLanguage\":\"fr-FR\",\"potentialAction\":[{\"@type\":\"ReadAction\",\"target\":[\"https:\/\/www.miomiorun.com\/fr\/produit\/custom-quiver-ultra\/\"]}]},{\"@type\":\"ImageObject\",\"inLanguage\":\"fr-FR\",\"@id\":\"https:\/\/www.miomiorun.com\/fr\/produit\/custom-quiver-ultra\/#primaryimage\",\"url\":\"https:\/\/www.miomiorun.com\/app\/uploads\/2026\/02\/Salomon-Custom-quiver-ultra-goat-LC2856600.webp\",\"contentUrl\":\"https:\/\/www.miomiorun.com\/app\/uploads\/2026\/02\/Salomon-Custom-quiver-ultra-goat-LC2856600.webp\",\"width\":720,\"height\":720,\"caption\":\"Salomon Custom quiver ultra goat LC2856600\"},{\"@type\":\"BreadcrumbList\",\"@id\":\"https:\/\/www.miomiorun.com\/fr\/produit\/custom-quiver-ultra\/#breadcrumb\",\"itemListElement\":[{\"@type\":\"ListItem\",\"position\":1,\"name\":\"Home\",\"item\":\"https:\/\/www.miomiorun.com\/fr\/home-page\/\"},{\"@type\":\"ListItem\",\"position\":2,\"name\":\"Shop\",\"item\":\"https:\/\/www.miomiorun.com\/shop\/\"},{\"@type\":\"ListItem\",\"position\":3,\"name\":\"Custom Quiver Ultra\"}]},{\"@type\":\"WebSite\",\"@id\":\"https:\/\/www.miomiorun.com\/fr\/#website\",\"url\":\"https:\/\/www.miomiorun.com\/fr\/\",\"name\":\"MioMioRun\",\"description\":\"Boutique 100% running et trail\",\"publisher\":{\"@id\":\"https:\/\/www.miomiorun.com\/fr\/#organization\"},\"potentialAction\":[{\"@type\":\"SearchAction\",\"target\":{\"@type\":\"EntryPoint\",\"urlTemplate\":\"https:\/\/www.miomiorun.com\/fr\/?s={search_term_string}\"},\"query-input\":{\"@type\":\"PropertyValueSpecification\",\"valueRequired\":true,\"valueName\":\"search_term_string\"}}],\"inLanguage\":\"fr-FR\"},{\"@type\":\"Organization\",\"@id\":\"https:\/\/www.miomiorun.com\/fr\/#organization\",\"name\":\"MioMio Run\",\"url\":\"https:\/\/www.miomiorun.com\/fr\/\",\"logo\":{\"@type\":\"ImageObject\",\"inLanguage\":\"fr-FR\",\"@id\":\"https:\/\/www.miomiorun.com\/fr\/#\/schema\/logo\/image\/\",\"url\":\"https:\/\/www.miomiorun.com\/app\/uploads\/2019\/12\/logomio.png\",\"contentUrl\":\"https:\/\/www.miomiorun.com\/app\/uploads\/2019\/12\/logomio.png\",\"width\":115,\"height\":82,\"caption\":\"MioMio Run\"},\"image\":{\"@id\":\"https:\/\/www.miomiorun.com\/fr\/#\/schema\/logo\/image\/\"},\"sameAs\":[\"https:\/\/www.facebook.com\/miomiorun\/\",\"https:\/\/www.instagram.com\/miomiorun\/\"]}]}<\/script>\n<!-- \/ Yoast SEO plugin. -->","yoast_head_json":{"title":"Salomon Custom Quiver Ultra - faretra course \u00e0 pied - MioMioRun","description":"\u00c9tui Custom Quiver Ultra de 30 g pour le trail, compatible avec les sacs \u00e0 dos et les gilets, id\u00e9al pour transporter des b\u00e2tons lors des ultra-trails.","robots":{"index":"index","follow":"follow","max-snippet":"max-snippet:-1","max-image-preview":"max-image-preview:large","max-video-preview":"max-video-preview:-1"},"canonical":"https:\/\/www.miomiorun.com\/fr\/produit\/custom-quiver-ultra\/","og_locale":"fr_FR","og_type":"article","og_title":"Salomon Custom Quiver Ultra - faretra course \u00e0 pied - MioMioRun","og_description":"\u00c9tui Custom Quiver Ultra de 30 g pour le trail, compatible avec les sacs \u00e0 dos et les gilets, id\u00e9al pour transporter des b\u00e2tons lors des ultra-trails.","og_url":"https:\/\/www.miomiorun.com\/fr\/produit\/custom-quiver-ultra\/","og_site_name":"MioMioRun","article_publisher":"https:\/\/www.facebook.com\/miomiorun\/","article_modified_time":"2026-05-09T11:05:39+00:00","og_image":[{"width":720,"height":720,"url":"https:\/\/www.miomiorun.com\/app\/uploads\/2026\/02\/Salomon-Custom-quiver-ultra-goat-LC2856600.webp","type":"image\/webp"}],"twitter_card":"summary_large_image","twitter_misc":{"Est. reading time":"1 minute"},"schema":{"@context":"https:\/\/schema.org","@graph":[{"@type":"WebPage","@id":"https:\/\/www.miomiorun.com\/fr\/produit\/custom-quiver-ultra\/","url":"https:\/\/www.miomiorun.com\/fr\/produit\/custom-quiver-ultra\/","name":"Salomon Custom Quiver Ultra - faretra course \u00e0 pied - MioMioRun","isPartOf":{"@id":"https:\/\/www.miomiorun.com\/fr\/#website"},"primaryImageOfPage":{"@id":"https:\/\/www.miomiorun.com\/fr\/produit\/custom-quiver-ultra\/#primaryimage"},"image":{"@id":"https:\/\/www.miomiorun.com\/fr\/produit\/custom-quiver-ultra\/#primaryimage"},"thumbnailUrl":"https:\/\/www.miomiorun.com\/app\/uploads\/2026\/02\/Salomon-Custom-quiver-ultra-goat-LC2856600.webp","datePublished":"2026-02-11T18:36:01+00:00","dateModified":"2026-05-09T11:05:39+00:00","description":"\u00c9tui Custom Quiver Ultra de 30 g pour le trail, compatible avec les sacs \u00e0 dos et les gilets, id\u00e9al pour transporter des b\u00e2tons lors des ultra-trails.","breadcrumb":{"@id":"https:\/\/www.miomiorun.com\/fr\/produit\/custom-quiver-ultra\/#breadcrumb"},"inLanguage":"fr-FR","potentialAction":[{"@type":"ReadAction","target":["https:\/\/www.miomiorun.com\/fr\/produit\/custom-quiver-ultra\/"]}]},{"@type":"ImageObject","inLanguage":"fr-FR","@id":"https:\/\/www.miomiorun.com\/fr\/produit\/custom-quiver-ultra\/#primaryimage","url":"https:\/\/www.miomiorun.com\/app\/uploads\/2026\/02\/Salomon-Custom-quiver-ultra-goat-LC2856600.webp","contentUrl":"https:\/\/www.miomiorun.com\/app\/uploads\/2026\/02\/Salomon-Custom-quiver-ultra-goat-LC2856600.webp","width":720,"height":720,"caption":"Salomon Custom quiver ultra goat LC2856600"},{"@type":"BreadcrumbList","@id":"https:\/\/www.miomiorun.com\/fr\/produit\/custom-quiver-ultra\/#breadcrumb","itemListElement":[{"@type":"ListItem","position":1,"name":"Home","item":"https:\/\/www.miomiorun.com\/fr\/home-page\/"},{"@type":"ListItem","position":2,"name":"Shop","item":"https:\/\/www.miomiorun.com\/shop\/"},{"@type":"ListItem","position":3,"name":"Custom Quiver Ultra"}]},{"@type":"WebSite","@id":"https:\/\/www.miomiorun.com\/fr\/#website","url":"https:\/\/www.miomiorun.com\/fr\/","name":"MioMioRun","description":"Boutique 100% running et trail","publisher":{"@id":"https:\/\/www.miomiorun.com\/fr\/#organization"},"potentialAction":[{"@type":"SearchAction","target":{"@type":"EntryPoint","urlTemplate":"https:\/\/www.miomiorun.com\/fr\/?s={search_term_string}"},"query-input":{"@type":"PropertyValueSpecification","valueRequired":true,"valueName":"search_term_string"}}],"inLanguage":"fr-FR"},{"@type":"Organization","@id":"https:\/\/www.miomiorun.com\/fr\/#organization","name":"MioMio Run","url":"https:\/\/www.miomiorun.com\/fr\/","logo":{"@type":"ImageObject","inLanguage":"fr-FR","@id":"https:\/\/www.miomiorun.com\/fr\/#\/schema\/logo\/image\/","url":"https:\/\/www.miomiorun.com\/app\/uploads\/2019\/12\/logomio.png","contentUrl":"https:\/\/www.miomiorun.com\/app\/uploads\/2019\/12\/logomio.png","width":115,"height":82,"caption":"MioMio Run"},"image":{"@id":"https:\/\/www.miomiorun.com\/fr\/#\/schema\/logo\/image\/"},"sameAs":["https:\/\/www.facebook.com\/miomiorun\/","https:\/\/www.instagram.com\/miomiorun\/"]}]}},"_links":{"self":[{"href":"https:\/\/www.miomiorun.com\/fr\/wp-json\/wp\/v2\/product\/403853","targetHints":{"allow":["GET"]}}],"collection":[{"href":"https:\/\/www.miomiorun.com\/fr\/wp-json\/wp\/v2\/product"}],"about":[{"href":"https:\/\/www.miomiorun.com\/fr\/wp-json\/wp\/v2\/types\/product"}],"wp:featuredmedia":[{"embeddable":true,"href":"https:\/\/www.miomiorun.com\/fr\/wp-json\/wp\/v2\/media\/409819"}],"wp:attachment":[{"href":"https:\/\/www.miomiorun.com\/fr\/wp-json\/wp\/v2\/media?parent=403853"}],"wp:term":[{"taxonomy":"product_brand","embeddable":true,"href":"https:\/\/www.miomiorun.com\/fr\/wp-json\/wp\/v2\/product_brand?post=403853"},{"taxonomy":"product_cat","embeddable":true,"href":"https:\/\/www.miomiorun.com\/fr\/wp-json\/wp\/v2\/product_cat?post=403853"},{"taxonomy":"product_tag","embeddable":true,"href":"https:\/\/www.miomiorun.com\/fr\/wp-json\/wp\/v2\/product_tag?post=403853"}],"curies":[{"name":"wp","href":"https:\/\/api.w.org\/{rel}","templated":true}]}}