{"id":403757,"date":"2026-02-11T18:14:51","date_gmt":"2026-02-11T17:14:51","guid":{"rendered":"https:\/\/www.miomiorun.com\/?post_type=product&#038;p=403757"},"modified":"2026-05-11T22:43:45","modified_gmt":"2026-05-11T20:43:45","slug":"s-lab-genesis","status":"publish","type":"product","link":"https:\/\/www.miomiorun.com\/fr\/produit\/s-lab-genesis\/","title":{"rendered":"S\/LAB Genesis"},"content":{"rendered":"<table style=\"border-collapse: collapse;width: 100%\">\n<tbody>\n<tr>\n<td style=\"width: 33.3333%\">\n<p style=\"text-align: center\"><strong>Caract\u00e9ristiques techniques<\/strong><\/p>\n<p style=\"text-align: center\">Cat\u00e9gorie : amorti mod\u00e9r\u00e9<br \/>\nD\u00e9port : 8 mm<br \/>\nPoids : 258 g<br \/>\nId\u00e9ale pour : les coureurs de trail, con\u00e7ue pour offrir des performances maximales, destin\u00e9e aux trails d&#8217;aventure \u00e9piques. M\u00eame sur de longues distances.<br \/>\nPoids de l&#8217;athl\u00e8te : 60-70 kg<br \/>\nAllure de course : moyenne \u00e0 rapide (4,30-6,00 min\/km)<br \/>\n<a href=\"https:\/\/miomiorun.com\/guida-alle-specifiche-tecniche\/\">Guide des sp\u00e9cifications techniques<\/a><\/p>\n<\/td>\n<td style=\"width: 66.6666%\">\n<p style=\"text-align: center\" data-start=\"256\" data-end=\"746\">La S\/LAB Genesis est une chaussure de trail con\u00e7ue pour ceux qui recherchent des performances \u00e9lev\u00e9es lors d&#8217;aventures sur des terrains mixtes ou rocheux. Le design de ce mod\u00e8le allie adh\u00e9rence efficace, confort et protection, avec une construction d\u00e9velopp\u00e9e pour accompagner les sorties exigeantes et les distances vari\u00e9es. La tige int\u00e8gre des mat\u00e9riaux techniques et une construction offrant maintien et gestion de l&#8217;humidit\u00e9, tandis que le syst\u00e8me de la\u00e7age Quicklace\u2122 permet un ajustement rapide et s\u00fbr.<span class=\"\" data-state=\"closed\"><\/span><\/p>\n<p style=\"text-align: center\" data-start=\"748\" data-end=\"1182\">La semelle interm\u00e9diaire utilise une mousse l\u00e9g\u00e8re et amortissante pour offrir maintien et confort sur les surfaces irr\u00e9guli\u00e8res, avec un drop d&#8217;environ 8 mm, adapt\u00e9 pour favoriser une foul\u00e9e \u00e9quilibr\u00e9e. <span class=\"\" data-state=\"closed\"><\/span><br data-start=\"971\" data-end=\"974\">La semelle ext\u00e9rieure utilise un compos\u00e9 All Terrain Contagrip\u00ae con\u00e7u pour offrir une traction sur diff\u00e9rentes surfaces, int\u00e9grant des crampons profonds pour une meilleure adh\u00e9rence sur les sentiers.<span class=\"\" data-state=\"closed\"><\/span><\/p>\n<p style=\"text-align: center\" data-start=\"1184\" data-end=\"1368\">Dans l&#8217;ensemble, la S\/LAB Genesis offre un \u00e9quilibre entre amorti, adh\u00e9rence et polyvalence, adapt\u00e9 aux coureurs qui affrontent de nombreux types de sentiers avec une fr\u00e9quence de course moyenne \u00e0 \u00e9lev\u00e9e.<\/p>\n<\/td>\n<\/tr>\n<\/tbody>\n<\/table>\n<p>&nbsp;<\/p>\n","protected":false},"excerpt":{"rendered":"<ul>\n<li data-start=\"1400\" data-end=\"1527\">Tige technique dot\u00e9e du syst\u00e8me de la\u00e7age Quicklace\u2122 pour un chaussant s\u00fbr et confortable.<span class=\"\" data-state=\"closed\"><\/span><\/li>\n<li data-start=\"1530\" data-end=\"1645\">Semelle interm\u00e9diaire amortissante avec un drop de 8 mm pour un confort sur des distances variables.<span class=\"\" data-state=\"closed\"><\/span><\/li>\n<li data-start=\"1648\" data-end=\"1765\">Semelle All Terrain Contagrip\u00ae avec crampons profonds pour une adh\u00e9rence sur des terrains vari\u00e9s.<\/li>\n<\/ul>\n","protected":false},"featured_media":409637,"template":"","meta":{"_acf_changed":false,"inline_featured_image":false},"product_brand":[],"product_cat":[22605,24448,22608,24445],"product_tag":[23581,23619,23580],"class_list":{"0":"post-403757","1":"product","2":"type-product","3":"status-publish","4":"has-post-thumbnail","6":"product_cat-chaussures-pour-femmes","7":"product_cat-chaussures-pour-hommes-fr","8":"product_cat-trail-fr","9":"product_cat-trail-fr-3","10":"product_tag-salomon-fr","11":"product_tag-salomon-femme","12":"product_tag-salomon-homme","13":"pa_attivita-outdoor-fr","14":"pa_attivita-trail-fr","15":"pa_colore-s-lab-genesis-vanilla-ice-dchoco-black","16":"pa_marca-salomon-fr","17":"pa_sesso-homme","18":"pa_size-41-fr","19":"pa_size-42-fr","20":"pa_size-43-fr","21":"pa_size-44-fr","22":"pa_size-45-fr","23":"pa_size-46-fr","26":"first","27":"instock","28":"sale","29":"taxable","30":"shipping-taxable","31":"purchasable","32":"product-type-variable","33":"wvs-archive-product-wrapper"},"acf":[],"yoast_head":"<!-- This site is optimized with the Yoast SEO plugin v26.8 - https:\/\/yoast.com\/product\/yoast-seo-wordpress\/ -->\n<title>Salomon S\/LAB Genesis - chaussures de trail- MioMioRun.com<\/title>\n<meta name=\"description\" content=\"Salomon S\/LAB Genesis Trail avec Quicklace\u2122, semelle interm\u00e9diaire amortissante et semelle ext\u00e9rieure Contagrip\u00ae pour une bonne adh\u00e9rence sur les terrains mixtes et rocailleux.\" \/>\n<meta name=\"robots\" content=\"index, follow, max-snippet:-1, max-image-preview:large, max-video-preview:-1\" \/>\n<link rel=\"canonical\" href=\"https:\/\/www.miomiorun.com\/fr\/produit\/s-lab-genesis\/\" \/>\n<meta property=\"og:locale\" content=\"fr_FR\" \/>\n<meta property=\"og:type\" content=\"article\" \/>\n<meta property=\"og:title\" content=\"Salomon S\/LAB Genesis - chaussures de trail- MioMioRun.com\" \/>\n<meta property=\"og:description\" content=\"Salomon S\/LAB Genesis Trail avec Quicklace\u2122, semelle interm\u00e9diaire amortissante et semelle ext\u00e9rieure Contagrip\u00ae pour une bonne adh\u00e9rence sur les terrains mixtes et rocailleux.\" \/>\n<meta property=\"og:url\" content=\"https:\/\/www.miomiorun.com\/fr\/produit\/s-lab-genesis\/\" \/>\n<meta property=\"og:site_name\" content=\"MioMioRun\" \/>\n<meta property=\"article:publisher\" content=\"https:\/\/www.facebook.com\/miomiorun\/\" \/>\n<meta property=\"article:modified_time\" content=\"2026-05-11T20:43:45+00:00\" \/>\n<meta property=\"og:image\" content=\"https:\/\/www.miomiorun.com\/app\/uploads\/2026\/02\/Salomon-S-Lab-Genesis-vanilla-ice-dchoco-black-L47722600.webp\" \/>\n\t<meta property=\"og:image:width\" content=\"720\" \/>\n\t<meta property=\"og:image:height\" content=\"720\" \/>\n\t<meta property=\"og:image:type\" content=\"image\/webp\" \/>\n<meta name=\"twitter:card\" content=\"summary_large_image\" \/>\n<meta name=\"twitter:label1\" content=\"Est. reading time\" \/>\n\t<meta name=\"twitter:data1\" content=\"1 minute\" \/>\n<script type=\"application\/ld+json\" class=\"yoast-schema-graph\">{\"@context\":\"https:\/\/schema.org\",\"@graph\":[{\"@type\":\"WebPage\",\"@id\":\"https:\/\/www.miomiorun.com\/fr\/produit\/s-lab-genesis\/\",\"url\":\"https:\/\/www.miomiorun.com\/fr\/produit\/s-lab-genesis\/\",\"name\":\"Salomon S\/LAB Genesis - chaussures de trail- MioMioRun.com\",\"isPartOf\":{\"@id\":\"https:\/\/www.miomiorun.com\/fr\/#website\"},\"primaryImageOfPage\":{\"@id\":\"https:\/\/www.miomiorun.com\/fr\/produit\/s-lab-genesis\/#primaryimage\"},\"image\":{\"@id\":\"https:\/\/www.miomiorun.com\/fr\/produit\/s-lab-genesis\/#primaryimage\"},\"thumbnailUrl\":\"https:\/\/www.miomiorun.com\/app\/uploads\/2026\/02\/Salomon-S-Lab-Genesis-vanilla-ice-dchoco-black-L47722600.webp\",\"datePublished\":\"2026-02-11T17:14:51+00:00\",\"dateModified\":\"2026-05-11T20:43:45+00:00\",\"description\":\"Salomon S\/LAB Genesis Trail avec Quicklace\u2122, semelle interm\u00e9diaire amortissante et semelle ext\u00e9rieure Contagrip\u00ae pour une bonne adh\u00e9rence sur les terrains mixtes et rocailleux.\",\"breadcrumb\":{\"@id\":\"https:\/\/www.miomiorun.com\/fr\/produit\/s-lab-genesis\/#breadcrumb\"},\"inLanguage\":\"fr-FR\",\"potentialAction\":[{\"@type\":\"ReadAction\",\"target\":[\"https:\/\/www.miomiorun.com\/fr\/produit\/s-lab-genesis\/\"]}]},{\"@type\":\"ImageObject\",\"inLanguage\":\"fr-FR\",\"@id\":\"https:\/\/www.miomiorun.com\/fr\/produit\/s-lab-genesis\/#primaryimage\",\"url\":\"https:\/\/www.miomiorun.com\/app\/uploads\/2026\/02\/Salomon-S-Lab-Genesis-vanilla-ice-dchoco-black-L47722600.webp\",\"contentUrl\":\"https:\/\/www.miomiorun.com\/app\/uploads\/2026\/02\/Salomon-S-Lab-Genesis-vanilla-ice-dchoco-black-L47722600.webp\",\"width\":720,\"height\":720,\"caption\":\"Salomon S Lab Genesis vanilla ice dchoco black L47722600\"},{\"@type\":\"BreadcrumbList\",\"@id\":\"https:\/\/www.miomiorun.com\/fr\/produit\/s-lab-genesis\/#breadcrumb\",\"itemListElement\":[{\"@type\":\"ListItem\",\"position\":1,\"name\":\"Home\",\"item\":\"https:\/\/www.miomiorun.com\/fr\/home-page\/\"},{\"@type\":\"ListItem\",\"position\":2,\"name\":\"Shop\",\"item\":\"https:\/\/www.miomiorun.com\/shop\/\"},{\"@type\":\"ListItem\",\"position\":3,\"name\":\"S\/LAB Genesis\"}]},{\"@type\":\"WebSite\",\"@id\":\"https:\/\/www.miomiorun.com\/fr\/#website\",\"url\":\"https:\/\/www.miomiorun.com\/fr\/\",\"name\":\"MioMioRun\",\"description\":\"Boutique 100% running et trail\",\"publisher\":{\"@id\":\"https:\/\/www.miomiorun.com\/fr\/#organization\"},\"potentialAction\":[{\"@type\":\"SearchAction\",\"target\":{\"@type\":\"EntryPoint\",\"urlTemplate\":\"https:\/\/www.miomiorun.com\/fr\/?s={search_term_string}\"},\"query-input\":{\"@type\":\"PropertyValueSpecification\",\"valueRequired\":true,\"valueName\":\"search_term_string\"}}],\"inLanguage\":\"fr-FR\"},{\"@type\":\"Organization\",\"@id\":\"https:\/\/www.miomiorun.com\/fr\/#organization\",\"name\":\"MioMio Run\",\"url\":\"https:\/\/www.miomiorun.com\/fr\/\",\"logo\":{\"@type\":\"ImageObject\",\"inLanguage\":\"fr-FR\",\"@id\":\"https:\/\/www.miomiorun.com\/fr\/#\/schema\/logo\/image\/\",\"url\":\"https:\/\/www.miomiorun.com\/app\/uploads\/2019\/12\/logomio.png\",\"contentUrl\":\"https:\/\/www.miomiorun.com\/app\/uploads\/2019\/12\/logomio.png\",\"width\":115,\"height\":82,\"caption\":\"MioMio Run\"},\"image\":{\"@id\":\"https:\/\/www.miomiorun.com\/fr\/#\/schema\/logo\/image\/\"},\"sameAs\":[\"https:\/\/www.facebook.com\/miomiorun\/\",\"https:\/\/www.instagram.com\/miomiorun\/\"]}]}<\/script>\n<!-- \/ Yoast SEO plugin. -->","yoast_head_json":{"title":"Salomon S\/LAB Genesis - chaussures de trail- MioMioRun.com","description":"Salomon S\/LAB Genesis Trail avec Quicklace\u2122, semelle interm\u00e9diaire amortissante et semelle ext\u00e9rieure Contagrip\u00ae pour une bonne adh\u00e9rence sur les terrains mixtes et rocailleux.","robots":{"index":"index","follow":"follow","max-snippet":"max-snippet:-1","max-image-preview":"max-image-preview:large","max-video-preview":"max-video-preview:-1"},"canonical":"https:\/\/www.miomiorun.com\/fr\/produit\/s-lab-genesis\/","og_locale":"fr_FR","og_type":"article","og_title":"Salomon S\/LAB Genesis - chaussures de trail- MioMioRun.com","og_description":"Salomon S\/LAB Genesis Trail avec Quicklace\u2122, semelle interm\u00e9diaire amortissante et semelle ext\u00e9rieure Contagrip\u00ae pour une bonne adh\u00e9rence sur les terrains mixtes et rocailleux.","og_url":"https:\/\/www.miomiorun.com\/fr\/produit\/s-lab-genesis\/","og_site_name":"MioMioRun","article_publisher":"https:\/\/www.facebook.com\/miomiorun\/","article_modified_time":"2026-05-11T20:43:45+00:00","og_image":[{"width":720,"height":720,"url":"https:\/\/www.miomiorun.com\/app\/uploads\/2026\/02\/Salomon-S-Lab-Genesis-vanilla-ice-dchoco-black-L47722600.webp","type":"image\/webp"}],"twitter_card":"summary_large_image","twitter_misc":{"Est. reading time":"1 minute"},"schema":{"@context":"https:\/\/schema.org","@graph":[{"@type":"WebPage","@id":"https:\/\/www.miomiorun.com\/fr\/produit\/s-lab-genesis\/","url":"https:\/\/www.miomiorun.com\/fr\/produit\/s-lab-genesis\/","name":"Salomon S\/LAB Genesis - chaussures de trail- MioMioRun.com","isPartOf":{"@id":"https:\/\/www.miomiorun.com\/fr\/#website"},"primaryImageOfPage":{"@id":"https:\/\/www.miomiorun.com\/fr\/produit\/s-lab-genesis\/#primaryimage"},"image":{"@id":"https:\/\/www.miomiorun.com\/fr\/produit\/s-lab-genesis\/#primaryimage"},"thumbnailUrl":"https:\/\/www.miomiorun.com\/app\/uploads\/2026\/02\/Salomon-S-Lab-Genesis-vanilla-ice-dchoco-black-L47722600.webp","datePublished":"2026-02-11T17:14:51+00:00","dateModified":"2026-05-11T20:43:45+00:00","description":"Salomon S\/LAB Genesis Trail avec Quicklace\u2122, semelle interm\u00e9diaire amortissante et semelle ext\u00e9rieure Contagrip\u00ae pour une bonne adh\u00e9rence sur les terrains mixtes et rocailleux.","breadcrumb":{"@id":"https:\/\/www.miomiorun.com\/fr\/produit\/s-lab-genesis\/#breadcrumb"},"inLanguage":"fr-FR","potentialAction":[{"@type":"ReadAction","target":["https:\/\/www.miomiorun.com\/fr\/produit\/s-lab-genesis\/"]}]},{"@type":"ImageObject","inLanguage":"fr-FR","@id":"https:\/\/www.miomiorun.com\/fr\/produit\/s-lab-genesis\/#primaryimage","url":"https:\/\/www.miomiorun.com\/app\/uploads\/2026\/02\/Salomon-S-Lab-Genesis-vanilla-ice-dchoco-black-L47722600.webp","contentUrl":"https:\/\/www.miomiorun.com\/app\/uploads\/2026\/02\/Salomon-S-Lab-Genesis-vanilla-ice-dchoco-black-L47722600.webp","width":720,"height":720,"caption":"Salomon S Lab Genesis vanilla ice dchoco black L47722600"},{"@type":"BreadcrumbList","@id":"https:\/\/www.miomiorun.com\/fr\/produit\/s-lab-genesis\/#breadcrumb","itemListElement":[{"@type":"ListItem","position":1,"name":"Home","item":"https:\/\/www.miomiorun.com\/fr\/home-page\/"},{"@type":"ListItem","position":2,"name":"Shop","item":"https:\/\/www.miomiorun.com\/shop\/"},{"@type":"ListItem","position":3,"name":"S\/LAB Genesis"}]},{"@type":"WebSite","@id":"https:\/\/www.miomiorun.com\/fr\/#website","url":"https:\/\/www.miomiorun.com\/fr\/","name":"MioMioRun","description":"Boutique 100% running et trail","publisher":{"@id":"https:\/\/www.miomiorun.com\/fr\/#organization"},"potentialAction":[{"@type":"SearchAction","target":{"@type":"EntryPoint","urlTemplate":"https:\/\/www.miomiorun.com\/fr\/?s={search_term_string}"},"query-input":{"@type":"PropertyValueSpecification","valueRequired":true,"valueName":"search_term_string"}}],"inLanguage":"fr-FR"},{"@type":"Organization","@id":"https:\/\/www.miomiorun.com\/fr\/#organization","name":"MioMio Run","url":"https:\/\/www.miomiorun.com\/fr\/","logo":{"@type":"ImageObject","inLanguage":"fr-FR","@id":"https:\/\/www.miomiorun.com\/fr\/#\/schema\/logo\/image\/","url":"https:\/\/www.miomiorun.com\/app\/uploads\/2019\/12\/logomio.png","contentUrl":"https:\/\/www.miomiorun.com\/app\/uploads\/2019\/12\/logomio.png","width":115,"height":82,"caption":"MioMio Run"},"image":{"@id":"https:\/\/www.miomiorun.com\/fr\/#\/schema\/logo\/image\/"},"sameAs":["https:\/\/www.facebook.com\/miomiorun\/","https:\/\/www.instagram.com\/miomiorun\/"]}]}},"_links":{"self":[{"href":"https:\/\/www.miomiorun.com\/fr\/wp-json\/wp\/v2\/product\/403757","targetHints":{"allow":["GET"]}}],"collection":[{"href":"https:\/\/www.miomiorun.com\/fr\/wp-json\/wp\/v2\/product"}],"about":[{"href":"https:\/\/www.miomiorun.com\/fr\/wp-json\/wp\/v2\/types\/product"}],"wp:featuredmedia":[{"embeddable":true,"href":"https:\/\/www.miomiorun.com\/fr\/wp-json\/wp\/v2\/media\/409637"}],"wp:attachment":[{"href":"https:\/\/www.miomiorun.com\/fr\/wp-json\/wp\/v2\/media?parent=403757"}],"wp:term":[{"taxonomy":"product_brand","embeddable":true,"href":"https:\/\/www.miomiorun.com\/fr\/wp-json\/wp\/v2\/product_brand?post=403757"},{"taxonomy":"product_cat","embeddable":true,"href":"https:\/\/www.miomiorun.com\/fr\/wp-json\/wp\/v2\/product_cat?post=403757"},{"taxonomy":"product_tag","embeddable":true,"href":"https:\/\/www.miomiorun.com\/fr\/wp-json\/wp\/v2\/product_tag?post=403757"}],"curies":[{"name":"wp","href":"https:\/\/api.w.org\/{rel}","templated":true}]}}