{"id":403530,"date":"2026-02-11T16:17:42","date_gmt":"2026-02-11T15:17:42","guid":{"rendered":"https:\/\/www.miomiorun.com\/?post_type=product&#038;p=403530"},"modified":"2026-05-09T13:01:47","modified_gmt":"2026-05-09T11:01:47","slug":"ultra-glide-4-homme","status":"publish","type":"product","link":"https:\/\/www.miomiorun.com\/fr\/produit\/ultra-glide-4-homme\/","title":{"rendered":"Ultra Glide 4 homme"},"content":{"rendered":"<table style=\"border-collapse: collapse;width: 100%\">\n<tbody>\n<tr>\n<td style=\"width: 33.3333%;vertical-align: top\">\n<h4>Caract\u00e9ristiques techniques<\/h4>\n<p>Cat\u00e9gorie : Amorti haut de gamme<\/p>\n<p>Poids : 285 g<\/p>\n<p>D\u00e9nivel\u00e9 : 6 mm<\/p>\n<p>Id\u00e9ale pour : les coureurs \u00e0 la recherche d&#8217;une combinaison d&#8217;amorti maximal, de protection du pied et de confort exceptionnel sur des terrains vari\u00e9s<br \/>\n<a href=\"https:\/\/miomiorun.com\/guida-alle-specifiche-tecniche\/\">Guide des caract\u00e9ristiques techniques<\/a><\/td>\n<td style=\"width: 66.6666%;vertical-align: top\">\n<p data-start=\"202\" data-end=\"542\">L&#8217;Ultra Glide 4 est la derni\u00e8re \u00e9volution de la chaussure de trail running con\u00e7ue pour offrir confort et fluidit\u00e9 sur des terrains vari\u00e9s. Le design revisit\u00e9 est plus l\u00e9ger et plus respirant, avec une construction \u00e9tudi\u00e9e pour favoriser une propulsion plus dynamique et maintenir une sensation de fra\u00eecheur m\u00eame en cas de chaleur intense ou d\u2019humidit\u00e9.<\/p>\n<p data-start=\"544\" data-end=\"930\">L\u2019amorti maximal et la protection \u00e9lev\u00e9e du pied accompagnent aussi bien les distances courtes que longues, avec une structure ax\u00e9e sur la durabilit\u00e9 pour affronter de nombreux kilom\u00e8tres au fil du temps. La semelle ext\u00e9rieure \u00e0 crampons de 4 mm est adapt\u00e9e aux terrains mixtes, tandis que la coupe standard compl\u00e8te une chaussure con\u00e7ue pour ceux qui courent fr\u00e9quemment (4 sorties ou plus par semaine).<\/p>\n<\/td>\n<\/tr>\n<\/tbody>\n<\/table>\n<p>&nbsp;<\/p>\n","protected":false},"excerpt":{"rendered":"<ul>\n<li data-start=\"962\" data-end=\"1023\">Amorti maximal et protection \u00e9lev\u00e9e pour le trail<\/li>\n<li data-start=\"1026\" data-end=\"1089\">Conception plus l\u00e9g\u00e8re et respirante pour les conditions chaudes ou humides<\/li>\n<li data-start=\"1092\" data-end=\"1133\">Crampons de 4 mm adapt\u00e9s aux terrains mixtes<\/li>\n<\/ul>\n","protected":false},"featured_media":409748,"template":"","meta":{"_acf_changed":false,"inline_featured_image":false},"product_brand":[],"product_cat":[24448,24445,24484],"product_tag":[23581,23580],"class_list":{"0":"post-403530","1":"product","2":"type-product","3":"status-publish","4":"has-post-thumbnail","6":"product_cat-chaussures-pour-hommes-fr","7":"product_cat-trail-fr-3","8":"product_cat-homme","9":"product_tag-salomon-fr","10":"product_tag-salomon-homme","11":"pa_attivita-marcher","12":"pa_attivita-outdoor-fr","13":"pa_attivita-trail-fr","14":"pa_colore-ultra-glide-4-black-dark-silv","15":"pa_colore-ultra-glide-4-fiery-red-vanilla-black","16":"pa_marca-salomon-fr","17":"pa_sesso-homme","18":"pa_size-42-fr","20":"pa_size-43-fr","21":"pa_size-44-fr","23":"pa_size-45-fr","24":"pa_size-46-fr","26":"pa_size-47-fr","28":"first","29":"instock","30":"sale","31":"taxable","32":"shipping-taxable","33":"purchasable","34":"product-type-variable","35":"wvs-archive-product-wrapper"},"acf":[],"yoast_head":"<!-- This site is optimized with the Yoast SEO plugin v26.8 - https:\/\/yoast.com\/product\/yoast-seo-wordpress\/ -->\n<title>SalomonUltra Glide 4 homme - chaussures de course homme - MioMioRun<\/title>\n<meta name=\"description\" content=\"Ultra Glide 4 : une chaussure de trail offrant un amorti optimal, des crampons de 4 mm, une conception l\u00e9g\u00e8re et respirante pour un confort sur les terrains vari\u00e9s.\" \/>\n<meta name=\"robots\" content=\"index, follow, max-snippet:-1, max-image-preview:large, max-video-preview:-1\" \/>\n<link rel=\"canonical\" href=\"https:\/\/www.miomiorun.com\/fr\/produit\/ultra-glide-4-homme\/\" \/>\n<meta property=\"og:locale\" content=\"fr_FR\" \/>\n<meta property=\"og:type\" content=\"article\" \/>\n<meta property=\"og:title\" content=\"SalomonUltra Glide 4 homme - chaussures de course homme - MioMioRun\" \/>\n<meta property=\"og:description\" content=\"Ultra Glide 4 : une chaussure de trail offrant un amorti optimal, des crampons de 4 mm, une conception l\u00e9g\u00e8re et respirante pour un confort sur les terrains vari\u00e9s.\" \/>\n<meta property=\"og:url\" content=\"https:\/\/www.miomiorun.com\/fr\/produit\/ultra-glide-4-homme\/\" \/>\n<meta property=\"og:site_name\" content=\"MioMioRun\" \/>\n<meta property=\"article:publisher\" content=\"https:\/\/www.facebook.com\/miomiorun\/\" \/>\n<meta property=\"article:modified_time\" content=\"2026-05-09T11:01:47+00:00\" \/>\n<meta property=\"og:image\" content=\"https:\/\/www.miomiorun.com\/app\/uploads\/2026\/02\/Salomon-Ulta-Glide-4-fiery-red-vanilla-black-L49221300.webp\" \/>\n\t<meta property=\"og:image:width\" content=\"720\" \/>\n\t<meta property=\"og:image:height\" content=\"720\" \/>\n\t<meta property=\"og:image:type\" content=\"image\/webp\" \/>\n<meta name=\"twitter:card\" content=\"summary_large_image\" \/>\n<meta name=\"twitter:label1\" content=\"Est. reading time\" \/>\n\t<meta name=\"twitter:data1\" content=\"1 minute\" \/>\n<script type=\"application\/ld+json\" class=\"yoast-schema-graph\">{\"@context\":\"https:\/\/schema.org\",\"@graph\":[{\"@type\":\"WebPage\",\"@id\":\"https:\/\/www.miomiorun.com\/fr\/produit\/ultra-glide-4-homme\/\",\"url\":\"https:\/\/www.miomiorun.com\/fr\/produit\/ultra-glide-4-homme\/\",\"name\":\"SalomonUltra Glide 4 homme - chaussures de course homme - MioMioRun\",\"isPartOf\":{\"@id\":\"https:\/\/www.miomiorun.com\/fr\/#website\"},\"primaryImageOfPage\":{\"@id\":\"https:\/\/www.miomiorun.com\/fr\/produit\/ultra-glide-4-homme\/#primaryimage\"},\"image\":{\"@id\":\"https:\/\/www.miomiorun.com\/fr\/produit\/ultra-glide-4-homme\/#primaryimage\"},\"thumbnailUrl\":\"https:\/\/www.miomiorun.com\/app\/uploads\/2026\/02\/Salomon-Ulta-Glide-4-fiery-red-vanilla-black-L49221300.webp\",\"datePublished\":\"2026-02-11T15:17:42+00:00\",\"dateModified\":\"2026-05-09T11:01:47+00:00\",\"description\":\"Ultra Glide 4 : une chaussure de trail offrant un amorti optimal, des crampons de 4 mm, une conception l\u00e9g\u00e8re et respirante pour un confort sur les terrains vari\u00e9s.\",\"breadcrumb\":{\"@id\":\"https:\/\/www.miomiorun.com\/fr\/produit\/ultra-glide-4-homme\/#breadcrumb\"},\"inLanguage\":\"fr-FR\",\"potentialAction\":[{\"@type\":\"ReadAction\",\"target\":[\"https:\/\/www.miomiorun.com\/fr\/produit\/ultra-glide-4-homme\/\"]}]},{\"@type\":\"ImageObject\",\"inLanguage\":\"fr-FR\",\"@id\":\"https:\/\/www.miomiorun.com\/fr\/produit\/ultra-glide-4-homme\/#primaryimage\",\"url\":\"https:\/\/www.miomiorun.com\/app\/uploads\/2026\/02\/Salomon-Ulta-Glide-4-fiery-red-vanilla-black-L49221300.webp\",\"contentUrl\":\"https:\/\/www.miomiorun.com\/app\/uploads\/2026\/02\/Salomon-Ulta-Glide-4-fiery-red-vanilla-black-L49221300.webp\",\"width\":720,\"height\":720,\"caption\":\"Salomon Ulta Glide 4 fiery red vanilla black L49221300\"},{\"@type\":\"BreadcrumbList\",\"@id\":\"https:\/\/www.miomiorun.com\/fr\/produit\/ultra-glide-4-homme\/#breadcrumb\",\"itemListElement\":[{\"@type\":\"ListItem\",\"position\":1,\"name\":\"Home\",\"item\":\"https:\/\/www.miomiorun.com\/fr\/home-page\/\"},{\"@type\":\"ListItem\",\"position\":2,\"name\":\"Shop\",\"item\":\"https:\/\/www.miomiorun.com\/shop\/\"},{\"@type\":\"ListItem\",\"position\":3,\"name\":\"Ultra Glide 4 homme\"}]},{\"@type\":\"WebSite\",\"@id\":\"https:\/\/www.miomiorun.com\/fr\/#website\",\"url\":\"https:\/\/www.miomiorun.com\/fr\/\",\"name\":\"MioMioRun\",\"description\":\"Boutique 100% running et trail\",\"publisher\":{\"@id\":\"https:\/\/www.miomiorun.com\/fr\/#organization\"},\"potentialAction\":[{\"@type\":\"SearchAction\",\"target\":{\"@type\":\"EntryPoint\",\"urlTemplate\":\"https:\/\/www.miomiorun.com\/fr\/?s={search_term_string}\"},\"query-input\":{\"@type\":\"PropertyValueSpecification\",\"valueRequired\":true,\"valueName\":\"search_term_string\"}}],\"inLanguage\":\"fr-FR\"},{\"@type\":\"Organization\",\"@id\":\"https:\/\/www.miomiorun.com\/fr\/#organization\",\"name\":\"MioMio Run\",\"url\":\"https:\/\/www.miomiorun.com\/fr\/\",\"logo\":{\"@type\":\"ImageObject\",\"inLanguage\":\"fr-FR\",\"@id\":\"https:\/\/www.miomiorun.com\/fr\/#\/schema\/logo\/image\/\",\"url\":\"https:\/\/www.miomiorun.com\/app\/uploads\/2019\/12\/logomio.png\",\"contentUrl\":\"https:\/\/www.miomiorun.com\/app\/uploads\/2019\/12\/logomio.png\",\"width\":115,\"height\":82,\"caption\":\"MioMio Run\"},\"image\":{\"@id\":\"https:\/\/www.miomiorun.com\/fr\/#\/schema\/logo\/image\/\"},\"sameAs\":[\"https:\/\/www.facebook.com\/miomiorun\/\",\"https:\/\/www.instagram.com\/miomiorun\/\"]}]}<\/script>\n<!-- \/ Yoast SEO plugin. -->","yoast_head_json":{"title":"SalomonUltra Glide 4 homme - chaussures de course homme - MioMioRun","description":"Ultra Glide 4 : une chaussure de trail offrant un amorti optimal, des crampons de 4 mm, une conception l\u00e9g\u00e8re et respirante pour un confort sur les terrains vari\u00e9s.","robots":{"index":"index","follow":"follow","max-snippet":"max-snippet:-1","max-image-preview":"max-image-preview:large","max-video-preview":"max-video-preview:-1"},"canonical":"https:\/\/www.miomiorun.com\/fr\/produit\/ultra-glide-4-homme\/","og_locale":"fr_FR","og_type":"article","og_title":"SalomonUltra Glide 4 homme - chaussures de course homme - MioMioRun","og_description":"Ultra Glide 4 : une chaussure de trail offrant un amorti optimal, des crampons de 4 mm, une conception l\u00e9g\u00e8re et respirante pour un confort sur les terrains vari\u00e9s.","og_url":"https:\/\/www.miomiorun.com\/fr\/produit\/ultra-glide-4-homme\/","og_site_name":"MioMioRun","article_publisher":"https:\/\/www.facebook.com\/miomiorun\/","article_modified_time":"2026-05-09T11:01:47+00:00","og_image":[{"width":720,"height":720,"url":"https:\/\/www.miomiorun.com\/app\/uploads\/2026\/02\/Salomon-Ulta-Glide-4-fiery-red-vanilla-black-L49221300.webp","type":"image\/webp"}],"twitter_card":"summary_large_image","twitter_misc":{"Est. reading time":"1 minute"},"schema":{"@context":"https:\/\/schema.org","@graph":[{"@type":"WebPage","@id":"https:\/\/www.miomiorun.com\/fr\/produit\/ultra-glide-4-homme\/","url":"https:\/\/www.miomiorun.com\/fr\/produit\/ultra-glide-4-homme\/","name":"SalomonUltra Glide 4 homme - chaussures de course homme - MioMioRun","isPartOf":{"@id":"https:\/\/www.miomiorun.com\/fr\/#website"},"primaryImageOfPage":{"@id":"https:\/\/www.miomiorun.com\/fr\/produit\/ultra-glide-4-homme\/#primaryimage"},"image":{"@id":"https:\/\/www.miomiorun.com\/fr\/produit\/ultra-glide-4-homme\/#primaryimage"},"thumbnailUrl":"https:\/\/www.miomiorun.com\/app\/uploads\/2026\/02\/Salomon-Ulta-Glide-4-fiery-red-vanilla-black-L49221300.webp","datePublished":"2026-02-11T15:17:42+00:00","dateModified":"2026-05-09T11:01:47+00:00","description":"Ultra Glide 4 : une chaussure de trail offrant un amorti optimal, des crampons de 4 mm, une conception l\u00e9g\u00e8re et respirante pour un confort sur les terrains vari\u00e9s.","breadcrumb":{"@id":"https:\/\/www.miomiorun.com\/fr\/produit\/ultra-glide-4-homme\/#breadcrumb"},"inLanguage":"fr-FR","potentialAction":[{"@type":"ReadAction","target":["https:\/\/www.miomiorun.com\/fr\/produit\/ultra-glide-4-homme\/"]}]},{"@type":"ImageObject","inLanguage":"fr-FR","@id":"https:\/\/www.miomiorun.com\/fr\/produit\/ultra-glide-4-homme\/#primaryimage","url":"https:\/\/www.miomiorun.com\/app\/uploads\/2026\/02\/Salomon-Ulta-Glide-4-fiery-red-vanilla-black-L49221300.webp","contentUrl":"https:\/\/www.miomiorun.com\/app\/uploads\/2026\/02\/Salomon-Ulta-Glide-4-fiery-red-vanilla-black-L49221300.webp","width":720,"height":720,"caption":"Salomon Ulta Glide 4 fiery red vanilla black L49221300"},{"@type":"BreadcrumbList","@id":"https:\/\/www.miomiorun.com\/fr\/produit\/ultra-glide-4-homme\/#breadcrumb","itemListElement":[{"@type":"ListItem","position":1,"name":"Home","item":"https:\/\/www.miomiorun.com\/fr\/home-page\/"},{"@type":"ListItem","position":2,"name":"Shop","item":"https:\/\/www.miomiorun.com\/shop\/"},{"@type":"ListItem","position":3,"name":"Ultra Glide 4 homme"}]},{"@type":"WebSite","@id":"https:\/\/www.miomiorun.com\/fr\/#website","url":"https:\/\/www.miomiorun.com\/fr\/","name":"MioMioRun","description":"Boutique 100% running et trail","publisher":{"@id":"https:\/\/www.miomiorun.com\/fr\/#organization"},"potentialAction":[{"@type":"SearchAction","target":{"@type":"EntryPoint","urlTemplate":"https:\/\/www.miomiorun.com\/fr\/?s={search_term_string}"},"query-input":{"@type":"PropertyValueSpecification","valueRequired":true,"valueName":"search_term_string"}}],"inLanguage":"fr-FR"},{"@type":"Organization","@id":"https:\/\/www.miomiorun.com\/fr\/#organization","name":"MioMio Run","url":"https:\/\/www.miomiorun.com\/fr\/","logo":{"@type":"ImageObject","inLanguage":"fr-FR","@id":"https:\/\/www.miomiorun.com\/fr\/#\/schema\/logo\/image\/","url":"https:\/\/www.miomiorun.com\/app\/uploads\/2019\/12\/logomio.png","contentUrl":"https:\/\/www.miomiorun.com\/app\/uploads\/2019\/12\/logomio.png","width":115,"height":82,"caption":"MioMio Run"},"image":{"@id":"https:\/\/www.miomiorun.com\/fr\/#\/schema\/logo\/image\/"},"sameAs":["https:\/\/www.facebook.com\/miomiorun\/","https:\/\/www.instagram.com\/miomiorun\/"]}]}},"_links":{"self":[{"href":"https:\/\/www.miomiorun.com\/fr\/wp-json\/wp\/v2\/product\/403530","targetHints":{"allow":["GET"]}}],"collection":[{"href":"https:\/\/www.miomiorun.com\/fr\/wp-json\/wp\/v2\/product"}],"about":[{"href":"https:\/\/www.miomiorun.com\/fr\/wp-json\/wp\/v2\/types\/product"}],"wp:featuredmedia":[{"embeddable":true,"href":"https:\/\/www.miomiorun.com\/fr\/wp-json\/wp\/v2\/media\/409748"}],"wp:attachment":[{"href":"https:\/\/www.miomiorun.com\/fr\/wp-json\/wp\/v2\/media?parent=403530"}],"wp:term":[{"taxonomy":"product_brand","embeddable":true,"href":"https:\/\/www.miomiorun.com\/fr\/wp-json\/wp\/v2\/product_brand?post=403530"},{"taxonomy":"product_cat","embeddable":true,"href":"https:\/\/www.miomiorun.com\/fr\/wp-json\/wp\/v2\/product_cat?post=403530"},{"taxonomy":"product_tag","embeddable":true,"href":"https:\/\/www.miomiorun.com\/fr\/wp-json\/wp\/v2\/product_tag?post=403530"}],"curies":[{"name":"wp","href":"https:\/\/api.w.org\/{rel}","templated":true}]}}