{"id":402709,"date":"2026-02-11T10:28:23","date_gmt":"2026-02-11T09:28:23","guid":{"rendered":"https:\/\/www.miomiorun.com\/?post_type=product&#038;p=402709"},"modified":"2026-05-09T12:57:46","modified_gmt":"2026-05-09T10:57:46","slug":"ultra-raptor-3-gtx-homme","status":"publish","type":"product","link":"https:\/\/www.miomiorun.com\/fr\/produit\/ultra-raptor-3-gtx-homme\/","title":{"rendered":"Ultra Raptor 3 Gtx homme"},"content":{"rendered":"<table style=\"border-collapse: collapse;width: 100%\">\n<tbody>\n<tr>\n<td style=\"width: 33.3333%;vertical-align: top\"><strong>Caract\u00e9ristiques techniques<\/strong><\/p>\n<p>Cat\u00e9gorie : amorti haut de gamme<br \/>\nD\u00e9port : 8 mm<br \/>\nPoids : 400 g<br \/>\nId\u00e9al pour : les coureurs de trail et les randonneurs en montagne \u00e0 la recherche d&#8217;un mod\u00e8le solide, protecteur et fiable, pour les courses et les randonn\u00e9es de longue distance sur des terrains escarp\u00e9s et difficiles.<br \/>\nPoids de l&#8217;athl\u00e8te : &gt;70 kg<br \/>\nAllure de course : lente (&gt;6,00 min\/km)<br \/>\n<a href=\"https:\/\/miomiorun.com\/guida-alle-specifiche-tecniche\/\">Guide des caract\u00e9ristiques techniques<\/a><\/td>\n<td style=\"width: 66.6666%;vertical-align: top\">\n<p data-start=\"310\" data-end=\"836\">L&#8217;Ultra Raptor 3 GTX, qui en est \u00e0 sa troisi\u00e8me \u00e9dition, est une chaussure con\u00e7ue pour affronter des distances courtes et longues sur diff\u00e9rents types de terrain. La tige en tissu ripstop r\u00e9sistant et respirant, fabriqu\u00e9e \u00e0 partir de mat\u00e9riaux recycl\u00e9s, int\u00e8gre une <strong data-start=\"551\" data-end=\"602\">membrane GORE-TEX Extended Comfort imperm\u00e9able<\/strong>, con\u00e7ue pour prot\u00e9ger de l&#8217;humidit\u00e9 pendant l&#8217;activit\u00e9. Un bout renforc\u00e9 et un bord en caoutchouc aident \u00e0 prot\u00e9ger les orteils des rochers et des racines, tandis que le col avec gu\u00eatre int\u00e9gr\u00e9e limite la p\u00e9n\u00e9tration de cailloux, de graviers et de d\u00e9bris.<\/p>\n<p data-start=\"838\" data-end=\"1114\">La semelle interm\u00e9diaire souple et offrant un bon maintien est associ\u00e9e \u00e0 une couche plus structur\u00e9e sous le talon, avec un amorti en EVA compact pour am\u00e9liorer le maintien et la stabilit\u00e9. Le drop de 8 mm (35 mm au talon \/ 27 mm \u00e0 l&#8217;avant-pied) compl\u00e8te une structure con\u00e7ue pour le confort sur les sentiers.<\/p>\n<p data-start=\"1116\" data-end=\"1379\">La semelle ext\u00e9rieure en compos\u00e9 FriXion\u00ae White avec technologie Impact Brake System\u2122 est con\u00e7ue pour offrir une adh\u00e9rence en descente et une meilleure traction, tandis que les rainures de flexion le long de la semelle favorisent la libert\u00e9 de mouvement.<\/p>\n<p>&nbsp;<\/td>\n<\/tr>\n<\/tbody>\n<\/table>\n<p>&nbsp;<\/p>\n","protected":false},"excerpt":{"rendered":"<ul>\n<li data-start=\"1411\" data-end=\"1483\">Membrane GORE-TEX Extended Comfort imperm\u00e9able int\u00e9gr\u00e9e \u00e0 la tige<\/li>\n<li data-start=\"1486\" data-end=\"1553\">Semelle FriXion\u00ae White avec Impact Brake System\u2122 pour une meilleure adh\u00e9rence et une meilleure traction<\/li>\n<li data-start=\"1556\" data-end=\"1631\">Semelle interm\u00e9diaire souple avec renfort structurel, drop de 8 mm et gu\u00eatre int\u00e9gr\u00e9e<\/li>\n<\/ul>\n","protected":false},"featured_media":409179,"template":"","meta":{"_acf_changed":false,"inline_featured_image":false},"product_brand":[],"product_cat":[24448,24445],"product_tag":[23597,23599],"class_list":{"0":"post-402709","1":"product","2":"type-product","3":"status-publish","4":"has-post-thumbnail","6":"product_cat-chaussures-pour-hommes-fr","7":"product_cat-trail-fr-3","8":"product_tag-la-sportiva-fr","9":"product_tag-la-sportiva-homme","10":"pa_attivita-outdoor-fr","11":"pa_colore-ultra-raptor-3-gtx-carbon-redwood","12":"pa_colore-ultra-raptor-3-gtx-cypress-black","13":"pa_marca-la-sportiva-fr","14":"pa_sesso-homme","15":"pa_size-42-5-fr","16":"pa_size-43-fr","17":"pa_size-43-5-fr","18":"pa_size-44-fr","19":"pa_size-44-5-fr","20":"pa_size-45-fr","21":"pa_size-45-5-fr","22":"pa_size-46-fr","23":"pa_size-46-5-fr","24":"pa_size-47-fr","26":"first","27":"instock","28":"sale","29":"taxable","30":"shipping-taxable","31":"purchasable","32":"product-type-variable","33":"wvs-archive-product-wrapper"},"acf":[],"yoast_head":"<!-- This site is optimized with the Yoast SEO plugin v26.8 - https:\/\/yoast.com\/product\/yoast-seo-wordpress\/ -->\n<title>La Sportiva Ultra Raptor 3 Gtx homme - Chaussures de trail - MioMioRun<\/title>\n<meta name=\"description\" content=\"Ultra Raptor 3 GTX imperm\u00e9able avec membrane GORE-TEX, semelle FriXion\u00ae White, drop de 8 mm et gu\u00eatre int\u00e9gr\u00e9e pour une protection et une adh\u00e9rence optimales sur les sentiers.\" \/>\n<meta name=\"robots\" content=\"index, follow, max-snippet:-1, max-image-preview:large, max-video-preview:-1\" \/>\n<link rel=\"canonical\" href=\"https:\/\/www.miomiorun.com\/fr\/produit\/ultra-raptor-3-gtx-homme\/\" \/>\n<meta property=\"og:locale\" content=\"fr_FR\" \/>\n<meta property=\"og:type\" content=\"article\" \/>\n<meta property=\"og:title\" content=\"La Sportiva Ultra Raptor 3 Gtx homme - Chaussures de trail - MioMioRun\" \/>\n<meta property=\"og:description\" content=\"Ultra Raptor 3 GTX imperm\u00e9able avec membrane GORE-TEX, semelle FriXion\u00ae White, drop de 8 mm et gu\u00eatre int\u00e9gr\u00e9e pour une protection et une adh\u00e9rence optimales sur les sentiers.\" \/>\n<meta property=\"og:url\" content=\"https:\/\/www.miomiorun.com\/fr\/produit\/ultra-raptor-3-gtx-homme\/\" \/>\n<meta property=\"og:site_name\" content=\"MioMioRun\" \/>\n<meta property=\"article:publisher\" content=\"https:\/\/www.facebook.com\/miomiorun\/\" \/>\n<meta property=\"article:modified_time\" content=\"2026-05-09T10:57:46+00:00\" \/>\n<meta property=\"og:image\" content=\"https:\/\/www.miomiorun.com\/app\/uploads\/2026\/02\/la-sportiva-Ultra-Raptor-3-GTX-cypress-black-ZFHS108E47K00.webp\" \/>\n\t<meta property=\"og:image:width\" content=\"720\" \/>\n\t<meta property=\"og:image:height\" content=\"720\" \/>\n\t<meta property=\"og:image:type\" content=\"image\/webp\" \/>\n<meta name=\"twitter:card\" content=\"summary_large_image\" \/>\n<meta name=\"twitter:label1\" content=\"Est. reading time\" \/>\n\t<meta name=\"twitter:data1\" content=\"1 minute\" \/>\n<script type=\"application\/ld+json\" class=\"yoast-schema-graph\">{\"@context\":\"https:\/\/schema.org\",\"@graph\":[{\"@type\":\"WebPage\",\"@id\":\"https:\/\/www.miomiorun.com\/fr\/produit\/ultra-raptor-3-gtx-homme\/\",\"url\":\"https:\/\/www.miomiorun.com\/fr\/produit\/ultra-raptor-3-gtx-homme\/\",\"name\":\"La Sportiva Ultra Raptor 3 Gtx homme - Chaussures de trail - MioMioRun\",\"isPartOf\":{\"@id\":\"https:\/\/www.miomiorun.com\/fr\/#website\"},\"primaryImageOfPage\":{\"@id\":\"https:\/\/www.miomiorun.com\/fr\/produit\/ultra-raptor-3-gtx-homme\/#primaryimage\"},\"image\":{\"@id\":\"https:\/\/www.miomiorun.com\/fr\/produit\/ultra-raptor-3-gtx-homme\/#primaryimage\"},\"thumbnailUrl\":\"https:\/\/www.miomiorun.com\/app\/uploads\/2026\/02\/la-sportiva-Ultra-Raptor-3-GTX-cypress-black-ZFHS108E47K00.webp\",\"datePublished\":\"2026-02-11T09:28:23+00:00\",\"dateModified\":\"2026-05-09T10:57:46+00:00\",\"description\":\"Ultra Raptor 3 GTX imperm\u00e9able avec membrane GORE-TEX, semelle FriXion\u00ae White, drop de 8 mm et gu\u00eatre int\u00e9gr\u00e9e pour une protection et une adh\u00e9rence optimales sur les sentiers.\",\"breadcrumb\":{\"@id\":\"https:\/\/www.miomiorun.com\/fr\/produit\/ultra-raptor-3-gtx-homme\/#breadcrumb\"},\"inLanguage\":\"fr-FR\",\"potentialAction\":[{\"@type\":\"ReadAction\",\"target\":[\"https:\/\/www.miomiorun.com\/fr\/produit\/ultra-raptor-3-gtx-homme\/\"]}]},{\"@type\":\"ImageObject\",\"inLanguage\":\"fr-FR\",\"@id\":\"https:\/\/www.miomiorun.com\/fr\/produit\/ultra-raptor-3-gtx-homme\/#primaryimage\",\"url\":\"https:\/\/www.miomiorun.com\/app\/uploads\/2026\/02\/la-sportiva-Ultra-Raptor-3-GTX-cypress-black-ZFHS108E47K00.webp\",\"contentUrl\":\"https:\/\/www.miomiorun.com\/app\/uploads\/2026\/02\/la-sportiva-Ultra-Raptor-3-GTX-cypress-black-ZFHS108E47K00.webp\",\"width\":720,\"height\":720,\"caption\":\"la sportiva Ultra Raptor 3 GTX cypress black ZFHS108E47K00\"},{\"@type\":\"BreadcrumbList\",\"@id\":\"https:\/\/www.miomiorun.com\/fr\/produit\/ultra-raptor-3-gtx-homme\/#breadcrumb\",\"itemListElement\":[{\"@type\":\"ListItem\",\"position\":1,\"name\":\"Home\",\"item\":\"https:\/\/www.miomiorun.com\/fr\/home-page\/\"},{\"@type\":\"ListItem\",\"position\":2,\"name\":\"Shop\",\"item\":\"https:\/\/www.miomiorun.com\/shop\/\"},{\"@type\":\"ListItem\",\"position\":3,\"name\":\"Ultra Raptor 3 Gtx homme\"}]},{\"@type\":\"WebSite\",\"@id\":\"https:\/\/www.miomiorun.com\/fr\/#website\",\"url\":\"https:\/\/www.miomiorun.com\/fr\/\",\"name\":\"MioMioRun\",\"description\":\"Boutique 100% running et trail\",\"publisher\":{\"@id\":\"https:\/\/www.miomiorun.com\/fr\/#organization\"},\"potentialAction\":[{\"@type\":\"SearchAction\",\"target\":{\"@type\":\"EntryPoint\",\"urlTemplate\":\"https:\/\/www.miomiorun.com\/fr\/?s={search_term_string}\"},\"query-input\":{\"@type\":\"PropertyValueSpecification\",\"valueRequired\":true,\"valueName\":\"search_term_string\"}}],\"inLanguage\":\"fr-FR\"},{\"@type\":\"Organization\",\"@id\":\"https:\/\/www.miomiorun.com\/fr\/#organization\",\"name\":\"MioMio Run\",\"url\":\"https:\/\/www.miomiorun.com\/fr\/\",\"logo\":{\"@type\":\"ImageObject\",\"inLanguage\":\"fr-FR\",\"@id\":\"https:\/\/www.miomiorun.com\/fr\/#\/schema\/logo\/image\/\",\"url\":\"https:\/\/www.miomiorun.com\/app\/uploads\/2019\/12\/logomio.png\",\"contentUrl\":\"https:\/\/www.miomiorun.com\/app\/uploads\/2019\/12\/logomio.png\",\"width\":115,\"height\":82,\"caption\":\"MioMio Run\"},\"image\":{\"@id\":\"https:\/\/www.miomiorun.com\/fr\/#\/schema\/logo\/image\/\"},\"sameAs\":[\"https:\/\/www.facebook.com\/miomiorun\/\",\"https:\/\/www.instagram.com\/miomiorun\/\"]}]}<\/script>\n<!-- \/ Yoast SEO plugin. -->","yoast_head_json":{"title":"La Sportiva Ultra Raptor 3 Gtx homme - Chaussures de trail - MioMioRun","description":"Ultra Raptor 3 GTX imperm\u00e9able avec membrane GORE-TEX, semelle FriXion\u00ae White, drop de 8 mm et gu\u00eatre int\u00e9gr\u00e9e pour une protection et une adh\u00e9rence optimales sur les sentiers.","robots":{"index":"index","follow":"follow","max-snippet":"max-snippet:-1","max-image-preview":"max-image-preview:large","max-video-preview":"max-video-preview:-1"},"canonical":"https:\/\/www.miomiorun.com\/fr\/produit\/ultra-raptor-3-gtx-homme\/","og_locale":"fr_FR","og_type":"article","og_title":"La Sportiva Ultra Raptor 3 Gtx homme - Chaussures de trail - MioMioRun","og_description":"Ultra Raptor 3 GTX imperm\u00e9able avec membrane GORE-TEX, semelle FriXion\u00ae White, drop de 8 mm et gu\u00eatre int\u00e9gr\u00e9e pour une protection et une adh\u00e9rence optimales sur les sentiers.","og_url":"https:\/\/www.miomiorun.com\/fr\/produit\/ultra-raptor-3-gtx-homme\/","og_site_name":"MioMioRun","article_publisher":"https:\/\/www.facebook.com\/miomiorun\/","article_modified_time":"2026-05-09T10:57:46+00:00","og_image":[{"width":720,"height":720,"url":"https:\/\/www.miomiorun.com\/app\/uploads\/2026\/02\/la-sportiva-Ultra-Raptor-3-GTX-cypress-black-ZFHS108E47K00.webp","type":"image\/webp"}],"twitter_card":"summary_large_image","twitter_misc":{"Est. reading time":"1 minute"},"schema":{"@context":"https:\/\/schema.org","@graph":[{"@type":"WebPage","@id":"https:\/\/www.miomiorun.com\/fr\/produit\/ultra-raptor-3-gtx-homme\/","url":"https:\/\/www.miomiorun.com\/fr\/produit\/ultra-raptor-3-gtx-homme\/","name":"La Sportiva Ultra Raptor 3 Gtx homme - Chaussures de trail - MioMioRun","isPartOf":{"@id":"https:\/\/www.miomiorun.com\/fr\/#website"},"primaryImageOfPage":{"@id":"https:\/\/www.miomiorun.com\/fr\/produit\/ultra-raptor-3-gtx-homme\/#primaryimage"},"image":{"@id":"https:\/\/www.miomiorun.com\/fr\/produit\/ultra-raptor-3-gtx-homme\/#primaryimage"},"thumbnailUrl":"https:\/\/www.miomiorun.com\/app\/uploads\/2026\/02\/la-sportiva-Ultra-Raptor-3-GTX-cypress-black-ZFHS108E47K00.webp","datePublished":"2026-02-11T09:28:23+00:00","dateModified":"2026-05-09T10:57:46+00:00","description":"Ultra Raptor 3 GTX imperm\u00e9able avec membrane GORE-TEX, semelle FriXion\u00ae White, drop de 8 mm et gu\u00eatre int\u00e9gr\u00e9e pour une protection et une adh\u00e9rence optimales sur les sentiers.","breadcrumb":{"@id":"https:\/\/www.miomiorun.com\/fr\/produit\/ultra-raptor-3-gtx-homme\/#breadcrumb"},"inLanguage":"fr-FR","potentialAction":[{"@type":"ReadAction","target":["https:\/\/www.miomiorun.com\/fr\/produit\/ultra-raptor-3-gtx-homme\/"]}]},{"@type":"ImageObject","inLanguage":"fr-FR","@id":"https:\/\/www.miomiorun.com\/fr\/produit\/ultra-raptor-3-gtx-homme\/#primaryimage","url":"https:\/\/www.miomiorun.com\/app\/uploads\/2026\/02\/la-sportiva-Ultra-Raptor-3-GTX-cypress-black-ZFHS108E47K00.webp","contentUrl":"https:\/\/www.miomiorun.com\/app\/uploads\/2026\/02\/la-sportiva-Ultra-Raptor-3-GTX-cypress-black-ZFHS108E47K00.webp","width":720,"height":720,"caption":"la sportiva Ultra Raptor 3 GTX cypress black ZFHS108E47K00"},{"@type":"BreadcrumbList","@id":"https:\/\/www.miomiorun.com\/fr\/produit\/ultra-raptor-3-gtx-homme\/#breadcrumb","itemListElement":[{"@type":"ListItem","position":1,"name":"Home","item":"https:\/\/www.miomiorun.com\/fr\/home-page\/"},{"@type":"ListItem","position":2,"name":"Shop","item":"https:\/\/www.miomiorun.com\/shop\/"},{"@type":"ListItem","position":3,"name":"Ultra Raptor 3 Gtx homme"}]},{"@type":"WebSite","@id":"https:\/\/www.miomiorun.com\/fr\/#website","url":"https:\/\/www.miomiorun.com\/fr\/","name":"MioMioRun","description":"Boutique 100% running et trail","publisher":{"@id":"https:\/\/www.miomiorun.com\/fr\/#organization"},"potentialAction":[{"@type":"SearchAction","target":{"@type":"EntryPoint","urlTemplate":"https:\/\/www.miomiorun.com\/fr\/?s={search_term_string}"},"query-input":{"@type":"PropertyValueSpecification","valueRequired":true,"valueName":"search_term_string"}}],"inLanguage":"fr-FR"},{"@type":"Organization","@id":"https:\/\/www.miomiorun.com\/fr\/#organization","name":"MioMio Run","url":"https:\/\/www.miomiorun.com\/fr\/","logo":{"@type":"ImageObject","inLanguage":"fr-FR","@id":"https:\/\/www.miomiorun.com\/fr\/#\/schema\/logo\/image\/","url":"https:\/\/www.miomiorun.com\/app\/uploads\/2019\/12\/logomio.png","contentUrl":"https:\/\/www.miomiorun.com\/app\/uploads\/2019\/12\/logomio.png","width":115,"height":82,"caption":"MioMio Run"},"image":{"@id":"https:\/\/www.miomiorun.com\/fr\/#\/schema\/logo\/image\/"},"sameAs":["https:\/\/www.facebook.com\/miomiorun\/","https:\/\/www.instagram.com\/miomiorun\/"]}]}},"_links":{"self":[{"href":"https:\/\/www.miomiorun.com\/fr\/wp-json\/wp\/v2\/product\/402709","targetHints":{"allow":["GET"]}}],"collection":[{"href":"https:\/\/www.miomiorun.com\/fr\/wp-json\/wp\/v2\/product"}],"about":[{"href":"https:\/\/www.miomiorun.com\/fr\/wp-json\/wp\/v2\/types\/product"}],"wp:featuredmedia":[{"embeddable":true,"href":"https:\/\/www.miomiorun.com\/fr\/wp-json\/wp\/v2\/media\/409179"}],"wp:attachment":[{"href":"https:\/\/www.miomiorun.com\/fr\/wp-json\/wp\/v2\/media?parent=402709"}],"wp:term":[{"taxonomy":"product_brand","embeddable":true,"href":"https:\/\/www.miomiorun.com\/fr\/wp-json\/wp\/v2\/product_brand?post=402709"},{"taxonomy":"product_cat","embeddable":true,"href":"https:\/\/www.miomiorun.com\/fr\/wp-json\/wp\/v2\/product_cat?post=402709"},{"taxonomy":"product_tag","embeddable":true,"href":"https:\/\/www.miomiorun.com\/fr\/wp-json\/wp\/v2\/product_tag?post=402709"}],"curies":[{"name":"wp","href":"https:\/\/api.w.org\/{rel}","templated":true}]}}