{"id":402568,"date":"2026-02-11T10:13:44","date_gmt":"2026-02-11T09:13:44","guid":{"rendered":"https:\/\/www.miomiorun.com\/?post_type=product&#038;p=402568"},"modified":"2026-05-09T12:55:47","modified_gmt":"2026-05-09T10:55:47","slug":"adizero-evo-sl-woven-femme","status":"publish","type":"product","link":"https:\/\/www.miomiorun.com\/fr\/produit\/adizero-evo-sl-woven-femme\/","title":{"rendered":"Adizero EVO SL woven femme"},"content":{"rendered":"<table style=\"border-collapse: collapse;width: 100%\">\n<tbody>\n<tr>\n<td style=\"width: 33.3333%;vertical-align: top\"><strong>Caract\u00e9ristiques techniques<\/strong><\/p>\n<p>Cat\u00e9gorie : amorti r\u00e9actif<br \/>\nDiff\u00e9rence de hauteur : 6 mm (talon 36 mm \/ avant-pied 30 mm)<br \/>\nPoids : 179 g (pointure 38 2\/3)<br \/>\nId\u00e9al pour : les coureurs qui ne veulent pas renoncer \u00e0 la performance, m\u00eame \u00e0 l&#8217;entra\u00eenement<br \/>\nPoids de l&#8217;athl\u00e8te : 50-60 kg<br \/>\nAllure de course : moyenne \u00e0 rapide (3,30-4,40 min\/km)<br \/>\n<a href=\"https:\/\/miomiorun.com\/guida-alle-specifiche-tecniche\/\">Guide des caract\u00e9ristiques techniques<\/a><\/p>\n<div style=\"width: 1920px;\" class=\"wp-video\"><video class=\"wp-video-shortcode\" id=\"video-402568-1\" width=\"1920\" height=\"1080\" loop autoplay preload=\"metadata\" controls=\"controls\"><source type=\"video\/mp4\" src=\"https:\/\/www.miomiorun.com\/app\/uploads\/2025\/06\/evo-sl-donna.mp4?_=1\" \/><a href=\"https:\/\/www.miomiorun.com\/app\/uploads\/2025\/06\/evo-sl-donna.mp4\">https:\/\/www.miomiorun.com\/app\/uploads\/2025\/06\/evo-sl-donna.mp4<\/a><\/video><\/div>\n<p>&nbsp;<\/td>\n<td style=\"width: 66.6666%;vertical-align: top\">\n<p data-start=\"192\" data-end=\"530\">Con\u00e7ues pour ceux qui aiment repousser leurs limites, non seulement en course \u00e0 pied mais aussi dans tous les d\u00e9fis quotidiens, les <strong data-start=\"282\" data-end=\"307\">adidas Adizero EVO SL woven<\/strong>&nbsp;sont des chaussures qui allient <strong data-start=\"333\" data-end=\"356\">performances de comp\u00e9tition<\/strong> et <strong data-start=\"359\" data-end=\"379\">design lifestyle<\/strong>. Inspir\u00e9es des embl\u00e9matiques Pro Evo 1 de la gamme adizero, elles offrent <strong data-start=\"443\" data-end=\"483\">r\u00e9activit\u00e9, confort et un look audacieux<\/strong>, parfaits pour vivre chaque journ\u00e9e avec \u00e9lan.<\/p>\n<p data-start=\"532\" data-end=\"900\">Gr\u00e2ce \u00e0 leur semelle interm\u00e9diaire en <strong data-start=\"558\" data-end=\"585\">mousse LIGHTSTRIKE PRO<\/strong>, les EVO SL garantissent un <strong data-start=\"613\" data-end=\"643\">retour d&#8217;\u00e9nergie \u00e9lev\u00e9<\/strong> et un amorti l\u00e9ger, tandis que la semelle ext\u00e9rieure en <strong data-start=\"694\" data-end=\"730\">caoutchouc Continental \u00e0 l&#8217;avant-pied<\/strong> assure une bonne adh\u00e9rence m\u00eame sur des surfaces glissantes. Le drop de 6 mm et le poids r\u00e9duit (seulement <strong data-start=\"821\" data-end=\"830\">179 g<\/strong> environ) rendent ces chaussures id\u00e9ales pour des mouvements rapides et polyvalents. Elles se pr\u00e9sentent d\u00e9sormais sous un nouveau jour. La tige est en effet en tissu mesh avec un mat\u00e9riau multi-\u00e9lastique.<\/p>\n<h4 data-start=\"907\" data-end=\"943\"><strong data-start=\"912\" data-end=\"943\">Caract\u00e9ristiques principales :<\/strong><\/h4>\n<ul data-start=\"944\" data-end=\"1293\">\n<li data-start=\"944\" data-end=\"987\">\n<p data-start=\"946\" data-end=\"987\">Coupe standard avec <strong data-start=\"967\" data-end=\"987\">fermeture \u00e0 lacets<\/strong><\/p>\n<\/li>\n<li data-start=\"988\" data-end=\"1029\">\n<p data-start=\"990\" data-end=\"1029\">Tige en tissu et mati\u00e8re synth\u00e9tique<\/p>\n<\/li>\n<li data-start=\"1030\" data-end=\"1082\">\n<p data-start=\"1032\" data-end=\"1082\">Semelle interm\u00e9diaire avec <strong data-start=\"1047\" data-end=\"1082\">amorti Lightstrike Pro<\/strong><\/p>\n<\/li>\n<li data-start=\"1083\" data-end=\"1155\">\n<p data-start=\"1085\" data-end=\"1155\">Semelle ext\u00e9rieure en <strong data-start=\"1095\" data-end=\"1131\">caoutchouc Continental (Conti Winter)<\/strong> pour une adh\u00e9rence sup\u00e9rieure<\/p>\n<\/li>\n<li data-start=\"1254\" data-end=\"1293\">\n<p data-start=\"1256\" data-end=\"1293\">Au moins <strong data-start=\"1263\" data-end=\"1293\">20 % de mat\u00e9riaux recycl\u00e9s<\/strong><\/p>\n<\/li>\n<\/ul>\n<\/td>\n<\/tr>\n<\/tbody>\n<\/table>\n<p>&nbsp;<\/p>\n","protected":false},"excerpt":{"rendered":"<ul>\n<li>Chaussure de course l\u00e9g\u00e8re, rapide et r\u00e9active.<\/li>\n<li>Id\u00e9ale pour les coureurs qui souhaitent courir vite et repousser leurs limites.<\/li>\n<li>Nouvelle tige en mesh avec un mat\u00e9riau multi-\u00e9lastique pour un maintien cibl\u00e9<\/li>\n<\/ul>\n","protected":false},"featured_media":403928,"template":"","meta":{"_acf_changed":false,"inline_featured_image":false},"product_brand":[],"product_cat":[22605,22606],"product_tag":[23557,23563],"class_list":{"0":"post-402568","1":"product","2":"type-product","3":"status-publish","4":"has-post-thumbnail","6":"product_cat-chaussures-pour-femmes","7":"product_cat-neutre","8":"product_tag-adidas-fr","9":"product_tag-adidas-femme","10":"pa_attivita-running-fr","11":"pa_colore-evo-sl-woven-w-ftwwht-magold-cblack","12":"pa_colore-evo-sl-woven-w-icta-icgome-blilil","13":"pa_colore-evo-sl-woven-w-syello-aurplu-powplu","14":"pa_marca-adidas-fr","15":"pa_sesso-femme","16":"pa_size-38-fr","18":"pa_size-39-fr","19":"pa_size-40-fr","21":"pa_size-41-fr","23":"first","24":"instock","25":"sale","26":"taxable","27":"shipping-taxable","28":"purchasable","29":"product-type-variable","30":"wvs-archive-product-wrapper"},"acf":[],"yoast_head":"<!-- This site is optimized with the Yoast SEO plugin v26.8 - https:\/\/yoast.com\/product\/yoast-seo-wordpress\/ -->\n<title>Adidas Adizero EVO SL woven femme - chaussures de course femmes - MioMioRun<\/title>\n<meta name=\"description\" content=\"Adizero EVO SL woven : des chaussures l\u00e9g\u00e8res et r\u00e9actives, dot\u00e9es d&#039;un amorti Lightstrike Pro et d&#039;une semelle Continental. Id\u00e9ales pour ceux qui vivent et courent \u00e0 toute vitesse.\" \/>\n<meta name=\"robots\" content=\"index, follow, max-snippet:-1, max-image-preview:large, max-video-preview:-1\" \/>\n<link rel=\"canonical\" href=\"https:\/\/www.miomiorun.com\/fr\/produit\/adizero-evo-sl-woven-femme\/\" \/>\n<meta property=\"og:locale\" content=\"fr_FR\" \/>\n<meta property=\"og:type\" content=\"article\" \/>\n<meta property=\"og:title\" content=\"Adidas Adizero EVO SL woven femme - chaussures de course femmes - MioMioRun\" \/>\n<meta property=\"og:description\" content=\"Adizero EVO SL woven : des chaussures l\u00e9g\u00e8res et r\u00e9actives, dot\u00e9es d&#039;un amorti Lightstrike Pro et d&#039;une semelle Continental. Id\u00e9ales pour ceux qui vivent et courent \u00e0 toute vitesse.\" \/>\n<meta property=\"og:url\" content=\"https:\/\/www.miomiorun.com\/fr\/produit\/adizero-evo-sl-woven-femme\/\" \/>\n<meta property=\"og:site_name\" content=\"MioMioRun\" \/>\n<meta property=\"article:publisher\" content=\"https:\/\/www.facebook.com\/miomiorun\/\" \/>\n<meta property=\"article:modified_time\" content=\"2026-05-09T10:55:47+00:00\" \/>\n<meta property=\"og:image\" content=\"https:\/\/www.miomiorun.com\/app\/uploads\/2026\/02\/adidas-EVO-SL-Woven-W-syello-aurplu-powplu-JR4731.webp\" \/>\n\t<meta property=\"og:image:width\" content=\"720\" \/>\n\t<meta property=\"og:image:height\" content=\"720\" \/>\n\t<meta property=\"og:image:type\" content=\"image\/webp\" \/>\n<meta name=\"twitter:card\" content=\"summary_large_image\" \/>\n<meta name=\"twitter:label1\" content=\"Est. reading time\" \/>\n\t<meta name=\"twitter:data1\" content=\"1 minute\" \/>\n<script type=\"application\/ld+json\" class=\"yoast-schema-graph\">{\"@context\":\"https:\/\/schema.org\",\"@graph\":[{\"@type\":\"WebPage\",\"@id\":\"https:\/\/www.miomiorun.com\/fr\/produit\/adizero-evo-sl-woven-femme\/\",\"url\":\"https:\/\/www.miomiorun.com\/fr\/produit\/adizero-evo-sl-woven-femme\/\",\"name\":\"Adidas Adizero EVO SL woven femme - chaussures de course femmes - MioMioRun\",\"isPartOf\":{\"@id\":\"https:\/\/www.miomiorun.com\/fr\/#website\"},\"primaryImageOfPage\":{\"@id\":\"https:\/\/www.miomiorun.com\/fr\/produit\/adizero-evo-sl-woven-femme\/#primaryimage\"},\"image\":{\"@id\":\"https:\/\/www.miomiorun.com\/fr\/produit\/adizero-evo-sl-woven-femme\/#primaryimage\"},\"thumbnailUrl\":\"https:\/\/www.miomiorun.com\/app\/uploads\/2026\/02\/adidas-EVO-SL-Woven-W-syello-aurplu-powplu-JR4731.webp\",\"datePublished\":\"2026-02-11T09:13:44+00:00\",\"dateModified\":\"2026-05-09T10:55:47+00:00\",\"description\":\"Adizero EVO SL woven : des chaussures l\u00e9g\u00e8res et r\u00e9actives, dot\u00e9es d'un amorti Lightstrike Pro et d'une semelle Continental. Id\u00e9ales pour ceux qui vivent et courent \u00e0 toute vitesse.\",\"breadcrumb\":{\"@id\":\"https:\/\/www.miomiorun.com\/fr\/produit\/adizero-evo-sl-woven-femme\/#breadcrumb\"},\"inLanguage\":\"fr-FR\",\"potentialAction\":[{\"@type\":\"ReadAction\",\"target\":[\"https:\/\/www.miomiorun.com\/fr\/produit\/adizero-evo-sl-woven-femme\/\"]}]},{\"@type\":\"ImageObject\",\"inLanguage\":\"fr-FR\",\"@id\":\"https:\/\/www.miomiorun.com\/fr\/produit\/adizero-evo-sl-woven-femme\/#primaryimage\",\"url\":\"https:\/\/www.miomiorun.com\/app\/uploads\/2026\/02\/adidas-EVO-SL-Woven-W-syello-aurplu-powplu-JR4731.webp\",\"contentUrl\":\"https:\/\/www.miomiorun.com\/app\/uploads\/2026\/02\/adidas-EVO-SL-Woven-W-syello-aurplu-powplu-JR4731.webp\",\"width\":720,\"height\":720,\"caption\":\"adidas EVO SL Woven W syello aurplu powplu JR4731\"},{\"@type\":\"BreadcrumbList\",\"@id\":\"https:\/\/www.miomiorun.com\/fr\/produit\/adizero-evo-sl-woven-femme\/#breadcrumb\",\"itemListElement\":[{\"@type\":\"ListItem\",\"position\":1,\"name\":\"Home\",\"item\":\"https:\/\/www.miomiorun.com\/fr\/home-page\/\"},{\"@type\":\"ListItem\",\"position\":2,\"name\":\"Shop\",\"item\":\"https:\/\/www.miomiorun.com\/shop\/\"},{\"@type\":\"ListItem\",\"position\":3,\"name\":\"Adizero EVO SL woven femme\"}]},{\"@type\":\"WebSite\",\"@id\":\"https:\/\/www.miomiorun.com\/fr\/#website\",\"url\":\"https:\/\/www.miomiorun.com\/fr\/\",\"name\":\"MioMioRun\",\"description\":\"Boutique 100% running et trail\",\"publisher\":{\"@id\":\"https:\/\/www.miomiorun.com\/fr\/#organization\"},\"potentialAction\":[{\"@type\":\"SearchAction\",\"target\":{\"@type\":\"EntryPoint\",\"urlTemplate\":\"https:\/\/www.miomiorun.com\/fr\/?s={search_term_string}\"},\"query-input\":{\"@type\":\"PropertyValueSpecification\",\"valueRequired\":true,\"valueName\":\"search_term_string\"}}],\"inLanguage\":\"fr-FR\"},{\"@type\":\"Organization\",\"@id\":\"https:\/\/www.miomiorun.com\/fr\/#organization\",\"name\":\"MioMio Run\",\"url\":\"https:\/\/www.miomiorun.com\/fr\/\",\"logo\":{\"@type\":\"ImageObject\",\"inLanguage\":\"fr-FR\",\"@id\":\"https:\/\/www.miomiorun.com\/fr\/#\/schema\/logo\/image\/\",\"url\":\"https:\/\/www.miomiorun.com\/app\/uploads\/2019\/12\/logomio.png\",\"contentUrl\":\"https:\/\/www.miomiorun.com\/app\/uploads\/2019\/12\/logomio.png\",\"width\":115,\"height\":82,\"caption\":\"MioMio Run\"},\"image\":{\"@id\":\"https:\/\/www.miomiorun.com\/fr\/#\/schema\/logo\/image\/\"},\"sameAs\":[\"https:\/\/www.facebook.com\/miomiorun\/\",\"https:\/\/www.instagram.com\/miomiorun\/\"]}]}<\/script>\n<!-- \/ Yoast SEO plugin. -->","yoast_head_json":{"title":"Adidas Adizero EVO SL woven femme - chaussures de course femmes - MioMioRun","description":"Adizero EVO SL woven : des chaussures l\u00e9g\u00e8res et r\u00e9actives, dot\u00e9es d'un amorti Lightstrike Pro et d'une semelle Continental. Id\u00e9ales pour ceux qui vivent et courent \u00e0 toute vitesse.","robots":{"index":"index","follow":"follow","max-snippet":"max-snippet:-1","max-image-preview":"max-image-preview:large","max-video-preview":"max-video-preview:-1"},"canonical":"https:\/\/www.miomiorun.com\/fr\/produit\/adizero-evo-sl-woven-femme\/","og_locale":"fr_FR","og_type":"article","og_title":"Adidas Adizero EVO SL woven femme - chaussures de course femmes - MioMioRun","og_description":"Adizero EVO SL woven : des chaussures l\u00e9g\u00e8res et r\u00e9actives, dot\u00e9es d'un amorti Lightstrike Pro et d'une semelle Continental. Id\u00e9ales pour ceux qui vivent et courent \u00e0 toute vitesse.","og_url":"https:\/\/www.miomiorun.com\/fr\/produit\/adizero-evo-sl-woven-femme\/","og_site_name":"MioMioRun","article_publisher":"https:\/\/www.facebook.com\/miomiorun\/","article_modified_time":"2026-05-09T10:55:47+00:00","og_image":[{"width":720,"height":720,"url":"https:\/\/www.miomiorun.com\/app\/uploads\/2026\/02\/adidas-EVO-SL-Woven-W-syello-aurplu-powplu-JR4731.webp","type":"image\/webp"}],"twitter_card":"summary_large_image","twitter_misc":{"Est. reading time":"1 minute"},"schema":{"@context":"https:\/\/schema.org","@graph":[{"@type":"WebPage","@id":"https:\/\/www.miomiorun.com\/fr\/produit\/adizero-evo-sl-woven-femme\/","url":"https:\/\/www.miomiorun.com\/fr\/produit\/adizero-evo-sl-woven-femme\/","name":"Adidas Adizero EVO SL woven femme - chaussures de course femmes - MioMioRun","isPartOf":{"@id":"https:\/\/www.miomiorun.com\/fr\/#website"},"primaryImageOfPage":{"@id":"https:\/\/www.miomiorun.com\/fr\/produit\/adizero-evo-sl-woven-femme\/#primaryimage"},"image":{"@id":"https:\/\/www.miomiorun.com\/fr\/produit\/adizero-evo-sl-woven-femme\/#primaryimage"},"thumbnailUrl":"https:\/\/www.miomiorun.com\/app\/uploads\/2026\/02\/adidas-EVO-SL-Woven-W-syello-aurplu-powplu-JR4731.webp","datePublished":"2026-02-11T09:13:44+00:00","dateModified":"2026-05-09T10:55:47+00:00","description":"Adizero EVO SL woven : des chaussures l\u00e9g\u00e8res et r\u00e9actives, dot\u00e9es d'un amorti Lightstrike Pro et d'une semelle Continental. Id\u00e9ales pour ceux qui vivent et courent \u00e0 toute vitesse.","breadcrumb":{"@id":"https:\/\/www.miomiorun.com\/fr\/produit\/adizero-evo-sl-woven-femme\/#breadcrumb"},"inLanguage":"fr-FR","potentialAction":[{"@type":"ReadAction","target":["https:\/\/www.miomiorun.com\/fr\/produit\/adizero-evo-sl-woven-femme\/"]}]},{"@type":"ImageObject","inLanguage":"fr-FR","@id":"https:\/\/www.miomiorun.com\/fr\/produit\/adizero-evo-sl-woven-femme\/#primaryimage","url":"https:\/\/www.miomiorun.com\/app\/uploads\/2026\/02\/adidas-EVO-SL-Woven-W-syello-aurplu-powplu-JR4731.webp","contentUrl":"https:\/\/www.miomiorun.com\/app\/uploads\/2026\/02\/adidas-EVO-SL-Woven-W-syello-aurplu-powplu-JR4731.webp","width":720,"height":720,"caption":"adidas EVO SL Woven W syello aurplu powplu JR4731"},{"@type":"BreadcrumbList","@id":"https:\/\/www.miomiorun.com\/fr\/produit\/adizero-evo-sl-woven-femme\/#breadcrumb","itemListElement":[{"@type":"ListItem","position":1,"name":"Home","item":"https:\/\/www.miomiorun.com\/fr\/home-page\/"},{"@type":"ListItem","position":2,"name":"Shop","item":"https:\/\/www.miomiorun.com\/shop\/"},{"@type":"ListItem","position":3,"name":"Adizero EVO SL woven femme"}]},{"@type":"WebSite","@id":"https:\/\/www.miomiorun.com\/fr\/#website","url":"https:\/\/www.miomiorun.com\/fr\/","name":"MioMioRun","description":"Boutique 100% running et trail","publisher":{"@id":"https:\/\/www.miomiorun.com\/fr\/#organization"},"potentialAction":[{"@type":"SearchAction","target":{"@type":"EntryPoint","urlTemplate":"https:\/\/www.miomiorun.com\/fr\/?s={search_term_string}"},"query-input":{"@type":"PropertyValueSpecification","valueRequired":true,"valueName":"search_term_string"}}],"inLanguage":"fr-FR"},{"@type":"Organization","@id":"https:\/\/www.miomiorun.com\/fr\/#organization","name":"MioMio Run","url":"https:\/\/www.miomiorun.com\/fr\/","logo":{"@type":"ImageObject","inLanguage":"fr-FR","@id":"https:\/\/www.miomiorun.com\/fr\/#\/schema\/logo\/image\/","url":"https:\/\/www.miomiorun.com\/app\/uploads\/2019\/12\/logomio.png","contentUrl":"https:\/\/www.miomiorun.com\/app\/uploads\/2019\/12\/logomio.png","width":115,"height":82,"caption":"MioMio Run"},"image":{"@id":"https:\/\/www.miomiorun.com\/fr\/#\/schema\/logo\/image\/"},"sameAs":["https:\/\/www.facebook.com\/miomiorun\/","https:\/\/www.instagram.com\/miomiorun\/"]}]}},"_links":{"self":[{"href":"https:\/\/www.miomiorun.com\/fr\/wp-json\/wp\/v2\/product\/402568","targetHints":{"allow":["GET"]}}],"collection":[{"href":"https:\/\/www.miomiorun.com\/fr\/wp-json\/wp\/v2\/product"}],"about":[{"href":"https:\/\/www.miomiorun.com\/fr\/wp-json\/wp\/v2\/types\/product"}],"wp:featuredmedia":[{"embeddable":true,"href":"https:\/\/www.miomiorun.com\/fr\/wp-json\/wp\/v2\/media\/403928"}],"wp:attachment":[{"href":"https:\/\/www.miomiorun.com\/fr\/wp-json\/wp\/v2\/media?parent=402568"}],"wp:term":[{"taxonomy":"product_brand","embeddable":true,"href":"https:\/\/www.miomiorun.com\/fr\/wp-json\/wp\/v2\/product_brand?post=402568"},{"taxonomy":"product_cat","embeddable":true,"href":"https:\/\/www.miomiorun.com\/fr\/wp-json\/wp\/v2\/product_cat?post=402568"},{"taxonomy":"product_tag","embeddable":true,"href":"https:\/\/www.miomiorun.com\/fr\/wp-json\/wp\/v2\/product_tag?post=402568"}],"curies":[{"name":"wp","href":"https:\/\/api.w.org\/{rel}","templated":true}]}}