{"id":402545,"date":"2026-02-11T10:13:46","date_gmt":"2026-02-11T09:13:46","guid":{"rendered":"https:\/\/www.miomiorun.com\/?post_type=product&#038;p=402545"},"modified":"2026-05-09T12:55:18","modified_gmt":"2026-05-09T10:55:18","slug":"adizero-evo-sl-woven-homme","status":"publish","type":"product","link":"https:\/\/www.miomiorun.com\/fr\/produit\/adizero-evo-sl-woven-homme\/","title":{"rendered":"Adizero EVO SL woven homme"},"content":{"rendered":"<table style=\"border-collapse: collapse;width: 100%\">\n<tbody>\n<tr>\n<td style=\"width: 33.3333%;vertical-align: top\"><strong>Caract\u00e9ristiques techniques<\/strong><\/p>\n<p>Cat\u00e9gorie : amorti r\u00e9actif<br \/>\nD\u00e9port : 6,5 mm<br \/>\nPoids : 224 g<br \/>\nId\u00e9al pour :&nbsp; les coureurs ambitieux, ceux qui r\u00eavent de battre leurs records personnels et ceux qui souhaitent b\u00e9n\u00e9ficier de la <strong data-start=\"1448\" data-end=\"1473\">technologie de comp\u00e9tition<\/strong> m\u00eame lors de leurs entra\u00eenements quotidiens.<br \/>\nPoids de l&#8217;athl\u00e8te : 60-80 kg<br \/>\nAllure de course : moyenne \u00e0 rapide (3,30-4,40 min\/km)<br \/>\n<a href=\"https:\/\/miomiorun.com\/guida-alle-specifiche-tecniche\/\">Guide des caract\u00e9ristiques techniques<\/a><\/p>\n<div style=\"width: 720px;\" class=\"wp-video\"><video class=\"wp-video-shortcode\" id=\"video-402545-1\" width=\"720\" height=\"720\" loop autoplay preload=\"metadata\" controls=\"controls\"><source type=\"video\/webm\" src=\"https:\/\/miomiorun.com\/wp-content\/uploads\/2025\/05\/Scarpe_adizero_EVO_.webm?_=1\" \/><a href=\"https:\/\/miomiorun.com\/wp-content\/uploads\/2025\/05\/Scarpe_adizero_EVO_.webm\">https:\/\/miomiorun.com\/wp-content\/uploads\/2025\/05\/Scarpe_adizero_EVO_.webm<\/a><\/video><\/div>\n<p>&nbsp;<\/td>\n<td style=\"width: 66.6666%;vertical-align: top\">\n<p class=\"\" data-start=\"200\" data-end=\"545\">D\u00e9couvrez une nouvelle dimension de la course avec les <strong data-start=\"246\" data-end=\"264\">adizero Evo SL woven<\/strong>, des chaussures inspir\u00e9es de l&#8217;ADN gagnant de la famille adizero et con\u00e7ues pour ceux qui recherchent <strong data-start=\"348\" data-end=\"371\">des performances \u00e9lev\u00e9es<\/strong>, <strong data-start=\"373\" data-end=\"387\">de la r\u00e9activit\u00e9<\/strong> et <strong data-start=\"390\" data-end=\"406\">un style audacieux<\/strong>. \u00c9volution directe des embl\u00e9matiques Pro Evo 1, ces chaussures de course offrent l&#8217;\u00e9quilibre parfait entre <strong data-start=\"510\" data-end=\"544\">l\u00e9g\u00e8ret\u00e9, vitesse et confort<\/strong>.<\/p>\n<p class=\"\" data-start=\"547\" data-end=\"817\">Parfaites pour les entra\u00eenements rapides et les comp\u00e9titions, mais aussi id\u00e9ales pour ceux qui vivent la vitesse au quotidien. Les adizero Evo SL int\u00e8grent un compos\u00e9 <strong data-start=\"703\" data-end=\"722\">LIGHTSTRIKE PRO<\/strong> qui restitue de l&#8217;\u00e9nergie \u00e0 chaque foul\u00e9e, garantissant une exp\u00e9rience de course r\u00e9active et fluide. Elles se pr\u00e9sentent d\u00e9sormais sous un nouveau jour. La tige est en effet en mesh avec un mat\u00e9riau multi-\u00e9lastique.<\/p>\n<h3 class=\"\" data-start=\"824\" data-end=\"859\"><strong data-start=\"828\" data-end=\"859\">Caract\u00e9ristiques principales :<\/strong><\/h3>\n<ul data-start=\"861\" data-end=\"1325\">\n<li class=\"\" data-start=\"861\" data-end=\"936\">\n<p class=\"\" data-start=\"863\" data-end=\"936\"><strong data-start=\"863\" data-end=\"898\">Amorti Lightstrike Pro<\/strong> pour un retour d&#8217;\u00e9nergie sup\u00e9rieur<\/p>\n<\/li>\n<li class=\"\" data-start=\"937\" data-end=\"1020\">\n<p class=\"\" data-start=\"939\" data-end=\"1020\"><strong data-start=\"939\" data-end=\"957\">Tige l\u00e9g\u00e8re<\/strong> en mati\u00e8re technique, con\u00e7ue pour optimiser la vitesse<\/p>\n<\/li>\n<li class=\"\" data-start=\"1082\" data-end=\"1169\">\n<p class=\"\" data-start=\"1084\" data-end=\"1169\"><strong data-start=\"1084\" data-end=\"1119\">Semelle en caoutchouc Continental et CL<\/strong> : adh\u00e9rence maximale m\u00eame dans des conditions variables<\/p>\n<\/li>\n<li class=\"\" data-start=\"1216\" data-end=\"1263\">\n<p class=\"\" data-start=\"1218\" data-end=\"1263\">Design inspir\u00e9 du monde de la comp\u00e9tition<\/p>\n<\/li>\n<li class=\"\" data-start=\"1264\" data-end=\"1325\">\n<p class=\"\" data-start=\"1266\" data-end=\"1325\">Composition comprenant <strong data-start=\"1283\" data-end=\"1323\">au moins 20 % de mat\u00e9riaux recycl\u00e9s<\/strong><\/p>\n<\/li>\n<\/ul>\n<\/td>\n<\/tr>\n<\/tbody>\n<\/table>\n<p>&nbsp;<\/p>\n","protected":false},"excerpt":{"rendered":"<ul>\n<li>Chaussure de course l\u00e9g\u00e8re, rapide et r\u00e9active.<\/li>\n<li>Id\u00e9ale pour les coureurs qui souhaitent courir vite et repousser leurs limites.<\/li>\n<li>Nouvelle tige en mesh avec un mat\u00e9riau multi-\u00e9lastique pour un maintien cibl\u00e9<\/li>\n<\/ul>\n","protected":false},"featured_media":403965,"template":"","meta":{"_acf_changed":false,"inline_featured_image":false},"product_brand":[],"product_cat":[24448,24447],"product_tag":[23557,23564],"class_list":{"0":"post-402545","1":"product","2":"type-product","3":"status-publish","4":"has-post-thumbnail","6":"product_cat-chaussures-pour-hommes-fr","7":"product_cat-neutre-fr-3","8":"product_tag-adidas-fr","9":"product_tag-adidas-homme","10":"pa_attivita-fitness-fr","11":"pa_attivita-running-fr","12":"pa_colore-evo-sl-woven-ftwwht-magold-cblack","13":"pa_colore-evo-sl-woven-lucred-bogold-selubl","14":"pa_colore-evo-sl-woven-syello-aurplu-powplu","15":"pa_marca-adidas-fr","16":"pa_sesso-homme","17":"pa_size-41-fr","18":"pa_size-42-fr","20":"pa_size-43-fr","21":"pa_size-44-fr","23":"pa_size-45-fr","24":"pa_size-46-fr","27":"first","28":"instock","29":"sale","30":"taxable","31":"shipping-taxable","32":"purchasable","33":"product-type-variable","34":"wvs-archive-product-wrapper"},"acf":[],"yoast_head":"<!-- This site is optimized with the Yoast SEO plugin v26.8 - https:\/\/yoast.com\/product\/yoast-seo-wordpress\/ -->\n<title>Adidas Adizero EVO SL woven homme - chaussures de course - MioMioRun<\/title>\n<meta name=\"description\" content=\"Adizero Evo SL woven : chaussures de course ultra-l\u00e9g\u00e8res et r\u00e9actives, inspir\u00e9es de la vitesse des Pro Evo 1. Avec amorti Lightstrike Pro et semelle Continental\" \/>\n<meta name=\"robots\" content=\"index, follow, max-snippet:-1, max-image-preview:large, max-video-preview:-1\" \/>\n<link rel=\"canonical\" href=\"https:\/\/www.miomiorun.com\/fr\/produit\/adizero-evo-sl-woven-homme\/\" \/>\n<meta property=\"og:locale\" content=\"fr_FR\" \/>\n<meta property=\"og:type\" content=\"article\" \/>\n<meta property=\"og:title\" content=\"Adidas Adizero EVO SL woven homme - chaussures de course - MioMioRun\" \/>\n<meta property=\"og:description\" content=\"Adizero Evo SL woven : chaussures de course ultra-l\u00e9g\u00e8res et r\u00e9actives, inspir\u00e9es de la vitesse des Pro Evo 1. Avec amorti Lightstrike Pro et semelle Continental\" \/>\n<meta property=\"og:url\" content=\"https:\/\/www.miomiorun.com\/fr\/produit\/adizero-evo-sl-woven-homme\/\" \/>\n<meta property=\"og:site_name\" content=\"MioMioRun\" \/>\n<meta property=\"article:publisher\" content=\"https:\/\/www.facebook.com\/miomiorun\/\" \/>\n<meta property=\"article:modified_time\" content=\"2026-05-09T10:55:18+00:00\" \/>\n<meta property=\"og:image\" content=\"https:\/\/www.miomiorun.com\/app\/uploads\/2026\/02\/adidas-EVO-SL-Woven-syello-aurplu-powplu-JR2024.webp\" \/>\n\t<meta property=\"og:image:width\" content=\"720\" \/>\n\t<meta property=\"og:image:height\" content=\"720\" \/>\n\t<meta property=\"og:image:type\" content=\"image\/webp\" \/>\n<meta name=\"twitter:card\" content=\"summary_large_image\" \/>\n<meta name=\"twitter:label1\" content=\"Est. reading time\" \/>\n\t<meta name=\"twitter:data1\" content=\"1 minute\" \/>\n<script type=\"application\/ld+json\" class=\"yoast-schema-graph\">{\"@context\":\"https:\/\/schema.org\",\"@graph\":[{\"@type\":\"WebPage\",\"@id\":\"https:\/\/www.miomiorun.com\/fr\/produit\/adizero-evo-sl-woven-homme\/\",\"url\":\"https:\/\/www.miomiorun.com\/fr\/produit\/adizero-evo-sl-woven-homme\/\",\"name\":\"Adidas Adizero EVO SL woven homme - chaussures de course - MioMioRun\",\"isPartOf\":{\"@id\":\"https:\/\/www.miomiorun.com\/fr\/#website\"},\"primaryImageOfPage\":{\"@id\":\"https:\/\/www.miomiorun.com\/fr\/produit\/adizero-evo-sl-woven-homme\/#primaryimage\"},\"image\":{\"@id\":\"https:\/\/www.miomiorun.com\/fr\/produit\/adizero-evo-sl-woven-homme\/#primaryimage\"},\"thumbnailUrl\":\"https:\/\/www.miomiorun.com\/app\/uploads\/2026\/02\/adidas-EVO-SL-Woven-syello-aurplu-powplu-JR2024.webp\",\"datePublished\":\"2026-02-11T09:13:46+00:00\",\"dateModified\":\"2026-05-09T10:55:18+00:00\",\"description\":\"Adizero Evo SL woven : chaussures de course ultra-l\u00e9g\u00e8res et r\u00e9actives, inspir\u00e9es de la vitesse des Pro Evo 1. Avec amorti Lightstrike Pro et semelle Continental\",\"breadcrumb\":{\"@id\":\"https:\/\/www.miomiorun.com\/fr\/produit\/adizero-evo-sl-woven-homme\/#breadcrumb\"},\"inLanguage\":\"fr-FR\",\"potentialAction\":[{\"@type\":\"ReadAction\",\"target\":[\"https:\/\/www.miomiorun.com\/fr\/produit\/adizero-evo-sl-woven-homme\/\"]}]},{\"@type\":\"ImageObject\",\"inLanguage\":\"fr-FR\",\"@id\":\"https:\/\/www.miomiorun.com\/fr\/produit\/adizero-evo-sl-woven-homme\/#primaryimage\",\"url\":\"https:\/\/www.miomiorun.com\/app\/uploads\/2026\/02\/adidas-EVO-SL-Woven-syello-aurplu-powplu-JR2024.webp\",\"contentUrl\":\"https:\/\/www.miomiorun.com\/app\/uploads\/2026\/02\/adidas-EVO-SL-Woven-syello-aurplu-powplu-JR2024.webp\",\"width\":720,\"height\":720,\"caption\":\"adidas EVO SL Woven syello aurplu powplu JR2024\"},{\"@type\":\"BreadcrumbList\",\"@id\":\"https:\/\/www.miomiorun.com\/fr\/produit\/adizero-evo-sl-woven-homme\/#breadcrumb\",\"itemListElement\":[{\"@type\":\"ListItem\",\"position\":1,\"name\":\"Home\",\"item\":\"https:\/\/www.miomiorun.com\/fr\/home-page\/\"},{\"@type\":\"ListItem\",\"position\":2,\"name\":\"Shop\",\"item\":\"https:\/\/www.miomiorun.com\/shop\/\"},{\"@type\":\"ListItem\",\"position\":3,\"name\":\"Adizero EVO SL woven homme\"}]},{\"@type\":\"WebSite\",\"@id\":\"https:\/\/www.miomiorun.com\/fr\/#website\",\"url\":\"https:\/\/www.miomiorun.com\/fr\/\",\"name\":\"MioMioRun\",\"description\":\"Boutique 100% running et trail\",\"publisher\":{\"@id\":\"https:\/\/www.miomiorun.com\/fr\/#organization\"},\"potentialAction\":[{\"@type\":\"SearchAction\",\"target\":{\"@type\":\"EntryPoint\",\"urlTemplate\":\"https:\/\/www.miomiorun.com\/fr\/?s={search_term_string}\"},\"query-input\":{\"@type\":\"PropertyValueSpecification\",\"valueRequired\":true,\"valueName\":\"search_term_string\"}}],\"inLanguage\":\"fr-FR\"},{\"@type\":\"Organization\",\"@id\":\"https:\/\/www.miomiorun.com\/fr\/#organization\",\"name\":\"MioMio Run\",\"url\":\"https:\/\/www.miomiorun.com\/fr\/\",\"logo\":{\"@type\":\"ImageObject\",\"inLanguage\":\"fr-FR\",\"@id\":\"https:\/\/www.miomiorun.com\/fr\/#\/schema\/logo\/image\/\",\"url\":\"https:\/\/www.miomiorun.com\/app\/uploads\/2019\/12\/logomio.png\",\"contentUrl\":\"https:\/\/www.miomiorun.com\/app\/uploads\/2019\/12\/logomio.png\",\"width\":115,\"height\":82,\"caption\":\"MioMio Run\"},\"image\":{\"@id\":\"https:\/\/www.miomiorun.com\/fr\/#\/schema\/logo\/image\/\"},\"sameAs\":[\"https:\/\/www.facebook.com\/miomiorun\/\",\"https:\/\/www.instagram.com\/miomiorun\/\"]}]}<\/script>\n<!-- \/ Yoast SEO plugin. -->","yoast_head_json":{"title":"Adidas Adizero EVO SL woven homme - chaussures de course - MioMioRun","description":"Adizero Evo SL woven : chaussures de course ultra-l\u00e9g\u00e8res et r\u00e9actives, inspir\u00e9es de la vitesse des Pro Evo 1. Avec amorti Lightstrike Pro et semelle Continental","robots":{"index":"index","follow":"follow","max-snippet":"max-snippet:-1","max-image-preview":"max-image-preview:large","max-video-preview":"max-video-preview:-1"},"canonical":"https:\/\/www.miomiorun.com\/fr\/produit\/adizero-evo-sl-woven-homme\/","og_locale":"fr_FR","og_type":"article","og_title":"Adidas Adizero EVO SL woven homme - chaussures de course - MioMioRun","og_description":"Adizero Evo SL woven : chaussures de course ultra-l\u00e9g\u00e8res et r\u00e9actives, inspir\u00e9es de la vitesse des Pro Evo 1. Avec amorti Lightstrike Pro et semelle Continental","og_url":"https:\/\/www.miomiorun.com\/fr\/produit\/adizero-evo-sl-woven-homme\/","og_site_name":"MioMioRun","article_publisher":"https:\/\/www.facebook.com\/miomiorun\/","article_modified_time":"2026-05-09T10:55:18+00:00","og_image":[{"width":720,"height":720,"url":"https:\/\/www.miomiorun.com\/app\/uploads\/2026\/02\/adidas-EVO-SL-Woven-syello-aurplu-powplu-JR2024.webp","type":"image\/webp"}],"twitter_card":"summary_large_image","twitter_misc":{"Est. reading time":"1 minute"},"schema":{"@context":"https:\/\/schema.org","@graph":[{"@type":"WebPage","@id":"https:\/\/www.miomiorun.com\/fr\/produit\/adizero-evo-sl-woven-homme\/","url":"https:\/\/www.miomiorun.com\/fr\/produit\/adizero-evo-sl-woven-homme\/","name":"Adidas Adizero EVO SL woven homme - chaussures de course - MioMioRun","isPartOf":{"@id":"https:\/\/www.miomiorun.com\/fr\/#website"},"primaryImageOfPage":{"@id":"https:\/\/www.miomiorun.com\/fr\/produit\/adizero-evo-sl-woven-homme\/#primaryimage"},"image":{"@id":"https:\/\/www.miomiorun.com\/fr\/produit\/adizero-evo-sl-woven-homme\/#primaryimage"},"thumbnailUrl":"https:\/\/www.miomiorun.com\/app\/uploads\/2026\/02\/adidas-EVO-SL-Woven-syello-aurplu-powplu-JR2024.webp","datePublished":"2026-02-11T09:13:46+00:00","dateModified":"2026-05-09T10:55:18+00:00","description":"Adizero Evo SL woven : chaussures de course ultra-l\u00e9g\u00e8res et r\u00e9actives, inspir\u00e9es de la vitesse des Pro Evo 1. Avec amorti Lightstrike Pro et semelle Continental","breadcrumb":{"@id":"https:\/\/www.miomiorun.com\/fr\/produit\/adizero-evo-sl-woven-homme\/#breadcrumb"},"inLanguage":"fr-FR","potentialAction":[{"@type":"ReadAction","target":["https:\/\/www.miomiorun.com\/fr\/produit\/adizero-evo-sl-woven-homme\/"]}]},{"@type":"ImageObject","inLanguage":"fr-FR","@id":"https:\/\/www.miomiorun.com\/fr\/produit\/adizero-evo-sl-woven-homme\/#primaryimage","url":"https:\/\/www.miomiorun.com\/app\/uploads\/2026\/02\/adidas-EVO-SL-Woven-syello-aurplu-powplu-JR2024.webp","contentUrl":"https:\/\/www.miomiorun.com\/app\/uploads\/2026\/02\/adidas-EVO-SL-Woven-syello-aurplu-powplu-JR2024.webp","width":720,"height":720,"caption":"adidas EVO SL Woven syello aurplu powplu JR2024"},{"@type":"BreadcrumbList","@id":"https:\/\/www.miomiorun.com\/fr\/produit\/adizero-evo-sl-woven-homme\/#breadcrumb","itemListElement":[{"@type":"ListItem","position":1,"name":"Home","item":"https:\/\/www.miomiorun.com\/fr\/home-page\/"},{"@type":"ListItem","position":2,"name":"Shop","item":"https:\/\/www.miomiorun.com\/shop\/"},{"@type":"ListItem","position":3,"name":"Adizero EVO SL woven homme"}]},{"@type":"WebSite","@id":"https:\/\/www.miomiorun.com\/fr\/#website","url":"https:\/\/www.miomiorun.com\/fr\/","name":"MioMioRun","description":"Boutique 100% running et trail","publisher":{"@id":"https:\/\/www.miomiorun.com\/fr\/#organization"},"potentialAction":[{"@type":"SearchAction","target":{"@type":"EntryPoint","urlTemplate":"https:\/\/www.miomiorun.com\/fr\/?s={search_term_string}"},"query-input":{"@type":"PropertyValueSpecification","valueRequired":true,"valueName":"search_term_string"}}],"inLanguage":"fr-FR"},{"@type":"Organization","@id":"https:\/\/www.miomiorun.com\/fr\/#organization","name":"MioMio Run","url":"https:\/\/www.miomiorun.com\/fr\/","logo":{"@type":"ImageObject","inLanguage":"fr-FR","@id":"https:\/\/www.miomiorun.com\/fr\/#\/schema\/logo\/image\/","url":"https:\/\/www.miomiorun.com\/app\/uploads\/2019\/12\/logomio.png","contentUrl":"https:\/\/www.miomiorun.com\/app\/uploads\/2019\/12\/logomio.png","width":115,"height":82,"caption":"MioMio Run"},"image":{"@id":"https:\/\/www.miomiorun.com\/fr\/#\/schema\/logo\/image\/"},"sameAs":["https:\/\/www.facebook.com\/miomiorun\/","https:\/\/www.instagram.com\/miomiorun\/"]}]}},"_links":{"self":[{"href":"https:\/\/www.miomiorun.com\/fr\/wp-json\/wp\/v2\/product\/402545","targetHints":{"allow":["GET"]}}],"collection":[{"href":"https:\/\/www.miomiorun.com\/fr\/wp-json\/wp\/v2\/product"}],"about":[{"href":"https:\/\/www.miomiorun.com\/fr\/wp-json\/wp\/v2\/types\/product"}],"wp:featuredmedia":[{"embeddable":true,"href":"https:\/\/www.miomiorun.com\/fr\/wp-json\/wp\/v2\/media\/403965"}],"wp:attachment":[{"href":"https:\/\/www.miomiorun.com\/fr\/wp-json\/wp\/v2\/media?parent=402545"}],"wp:term":[{"taxonomy":"product_brand","embeddable":true,"href":"https:\/\/www.miomiorun.com\/fr\/wp-json\/wp\/v2\/product_brand?post=402545"},{"taxonomy":"product_cat","embeddable":true,"href":"https:\/\/www.miomiorun.com\/fr\/wp-json\/wp\/v2\/product_cat?post=402545"},{"taxonomy":"product_tag","embeddable":true,"href":"https:\/\/www.miomiorun.com\/fr\/wp-json\/wp\/v2\/product_tag?post=402545"}],"curies":[{"name":"wp","href":"https:\/\/api.w.org\/{rel}","templated":true}]}}