{"id":402306,"date":"2026-02-10T19:29:44","date_gmt":"2026-02-10T18:29:44","guid":{"rendered":"https:\/\/www.miomiorun.com\/?post_type=product&#038;p=402306"},"modified":"2026-05-09T12:53:16","modified_gmt":"2026-05-09T10:53:16","slug":"timp-6-homme","status":"publish","type":"product","link":"https:\/\/www.miomiorun.com\/fr\/produit\/timp-6-homme\/","title":{"rendered":"Timp 6 homme"},"content":{"rendered":"<table style=\"border-collapse: collapse;width: 100%\">\n<tbody>\n<tr>\n<td style=\"width: 33.3333%\">\n<p style=\"text-align: center\"><strong>Caract\u00e9ristiques techniques<\/strong><\/p>\n<p style=\"text-align: center\">Cat\u00e9gorie : amorti haut de gamme<br \/>\nHauteur de semelle : 30 mm<br \/>\nD\u00e9port : 0 mm<br \/>\nPoids : 324,6 g<br \/>\nId\u00e9ale pour : les coureurs de trail et les amateurs de randonn\u00e9es ou de courses en montagne, \u00e0 la recherche d&#8217;un mod\u00e8le l\u00e9ger, bien amorti et protecteur, capable de s&#8217;adapter \u00e0 tous les terrains.<br \/>\nPoids de l&#8217;athl\u00e8te : 60-90 kg<br \/>\nAllure de course : moyenne \u00e0 rapide (4,30-6,00 min\/km)<br \/>\n<a href=\"https:\/\/miomiorun.com\/guida-alle-specifiche-tecniche\/\">Guide des caract\u00e9ristiques techniques<\/a><\/p>\n<\/td>\n<td style=\"width: 66.6666%;text-align: center\">La Timp 6 est con\u00e7ue pour affronter les sentiers en toute confiance, gr\u00e2ce \u00e0 une construction pens\u00e9e pour offrir traction, confort et r\u00e9sistance sur des terrains vari\u00e9s. La semelle Vibram\u00ae Megagrip redessin\u00e9e est con\u00e7ue pour garantir l&#8217;adh\u00e9rence, tandis que la tige haut de gamme en mesh souple et enveloppante contribue \u00e0 une sensation de confort et de durabilit\u00e9. <br data-start=\"544\" data-end=\"547\">La construction du chausson a \u00e9t\u00e9 am\u00e9lior\u00e9e pour optimiser l&#8217;ajustement global, avec un bout large offrant de l&#8217;espace aux orteils et un milieu de pied bien maintenu. Les renforts et les inserts renforc\u00e9s ajoutent de la protection, tout en conservant une flexibilit\u00e9 confortable pour g\u00e9rer les mont\u00e9es et les descentes. <br data-start=\"836\" data-end=\"839\">La semelle interm\u00e9diaire en mousse Altra EGO\u2122 MAX est con\u00e7ue pour offrir des performances l\u00e9g\u00e8res avec une touche de r\u00e9activit\u00e9, compl\u00e9tant ainsi une chaussure destin\u00e9e au trail running sur diff\u00e9rents types de terrain.<\/td>\n<\/tr>\n<\/tbody>\n<\/table>\n<p>&nbsp;<\/p>\n","protected":false},"excerpt":{"rendered":"<ul>\n<li data-start=\"1057\" data-end=\"1125\">Semelle Vibram\u00ae Megagrip redessin\u00e9e pour une adh\u00e9rence optimale sur diff\u00e9rents types de terrains<\/li>\n<li data-start=\"1128\" data-end=\"1187\">Tige haut de gamme en mesh avec une construction am\u00e9lior\u00e9e pour un meilleur ajustement<\/li>\n<li data-start=\"1190\" data-end=\"1265\">Semelle interm\u00e9diaire Altra EGO\u2122 MAX avec renforts de protection et flexibilit\u00e9 naturelle<\/li>\n<\/ul>\n","protected":false},"featured_media":405132,"template":"","meta":{"_acf_changed":false,"inline_featured_image":false},"product_brand":[],"product_cat":[24448,24445],"product_tag":[23458,23671],"class_list":{"0":"post-402306","1":"product","2":"type-product","3":"status-publish","4":"has-post-thumbnail","6":"product_cat-chaussures-pour-hommes-fr","7":"product_cat-trail-fr-3","8":"product_tag-altra-fr","9":"product_tag-altra-homme","10":"pa_attivita-outdoor-fr","11":"pa_attivita-trail-fr","12":"pa_colore-timp-6-black-orange","13":"pa_colore-timp-6-white-lime","14":"pa_marca-altra-fr","15":"pa_sesso-homme","16":"pa_size-41-fr","17":"pa_size-42-fr","18":"pa_size-42-5-fr","19":"pa_size-43-fr","20":"pa_size-44-fr","21":"pa_size-44-5-fr","22":"pa_size-45-fr","23":"pa_size-46-fr","25":"first","26":"instock","27":"sale","28":"taxable","29":"shipping-taxable","30":"purchasable","31":"product-type-variable","32":"wvs-archive-product-wrapper"},"acf":[],"yoast_head":"<!-- This site is optimized with the Yoast SEO plugin v26.8 - https:\/\/yoast.com\/product\/yoast-seo-wordpress\/ -->\n<title>Altra Timp 6 homme -chaussures de trail pour hommeMioMioRun.com<\/title>\n<meta name=\"description\" content=\"Timp 6 avec semelle Vibram\u00ae Megagrip, semelle interm\u00e9diaire Altra EGO\u2122 MAX et tige haut de gamme pour un confort, une protection et une adh\u00e9rence optimaux en trail.\" \/>\n<meta name=\"robots\" content=\"index, follow, max-snippet:-1, max-image-preview:large, max-video-preview:-1\" \/>\n<link rel=\"canonical\" href=\"https:\/\/www.miomiorun.com\/fr\/produit\/timp-6-homme\/\" \/>\n<meta property=\"og:locale\" content=\"fr_FR\" \/>\n<meta property=\"og:type\" content=\"article\" \/>\n<meta property=\"og:title\" content=\"Altra Timp 6 homme -chaussures de trail pour hommeMioMioRun.com\" \/>\n<meta property=\"og:description\" content=\"Timp 6 avec semelle Vibram\u00ae Megagrip, semelle interm\u00e9diaire Altra EGO\u2122 MAX et tige haut de gamme pour un confort, une protection et une adh\u00e9rence optimaux en trail.\" \/>\n<meta property=\"og:url\" content=\"https:\/\/www.miomiorun.com\/fr\/produit\/timp-6-homme\/\" \/>\n<meta property=\"og:site_name\" content=\"MioMioRun\" \/>\n<meta property=\"article:publisher\" content=\"https:\/\/www.facebook.com\/miomiorun\/\" \/>\n<meta property=\"article:modified_time\" content=\"2026-05-09T10:53:16+00:00\" \/>\n<meta property=\"og:image\" content=\"https:\/\/www.miomiorun.com\/app\/uploads\/2026\/02\/Altra-Timp-6-black-orange-AL0A85T60801.webp\" \/>\n\t<meta property=\"og:image:width\" content=\"720\" \/>\n\t<meta property=\"og:image:height\" content=\"720\" \/>\n\t<meta property=\"og:image:type\" content=\"image\/webp\" \/>\n<meta name=\"twitter:card\" content=\"summary_large_image\" \/>\n<meta name=\"twitter:label1\" content=\"Est. reading time\" \/>\n\t<meta name=\"twitter:data1\" content=\"1 minute\" \/>\n<script type=\"application\/ld+json\" class=\"yoast-schema-graph\">{\"@context\":\"https:\/\/schema.org\",\"@graph\":[{\"@type\":\"WebPage\",\"@id\":\"https:\/\/www.miomiorun.com\/fr\/produit\/timp-6-homme\/\",\"url\":\"https:\/\/www.miomiorun.com\/fr\/produit\/timp-6-homme\/\",\"name\":\"Altra Timp 6 homme -chaussures de trail pour hommeMioMioRun.com\",\"isPartOf\":{\"@id\":\"https:\/\/www.miomiorun.com\/fr\/#website\"},\"primaryImageOfPage\":{\"@id\":\"https:\/\/www.miomiorun.com\/fr\/produit\/timp-6-homme\/#primaryimage\"},\"image\":{\"@id\":\"https:\/\/www.miomiorun.com\/fr\/produit\/timp-6-homme\/#primaryimage\"},\"thumbnailUrl\":\"https:\/\/www.miomiorun.com\/app\/uploads\/2026\/02\/Altra-Timp-6-black-orange-AL0A85T60801.webp\",\"datePublished\":\"2026-02-10T18:29:44+00:00\",\"dateModified\":\"2026-05-09T10:53:16+00:00\",\"description\":\"Timp 6 avec semelle Vibram\u00ae Megagrip, semelle interm\u00e9diaire Altra EGO\u2122 MAX et tige haut de gamme pour un confort, une protection et une adh\u00e9rence optimaux en trail.\",\"breadcrumb\":{\"@id\":\"https:\/\/www.miomiorun.com\/fr\/produit\/timp-6-homme\/#breadcrumb\"},\"inLanguage\":\"fr-FR\",\"potentialAction\":[{\"@type\":\"ReadAction\",\"target\":[\"https:\/\/www.miomiorun.com\/fr\/produit\/timp-6-homme\/\"]}]},{\"@type\":\"ImageObject\",\"inLanguage\":\"fr-FR\",\"@id\":\"https:\/\/www.miomiorun.com\/fr\/produit\/timp-6-homme\/#primaryimage\",\"url\":\"https:\/\/www.miomiorun.com\/app\/uploads\/2026\/02\/Altra-Timp-6-black-orange-AL0A85T60801.webp\",\"contentUrl\":\"https:\/\/www.miomiorun.com\/app\/uploads\/2026\/02\/Altra-Timp-6-black-orange-AL0A85T60801.webp\",\"width\":720,\"height\":720,\"caption\":\"Altra Timp 6 black orange AL0A85T60801\"},{\"@type\":\"BreadcrumbList\",\"@id\":\"https:\/\/www.miomiorun.com\/fr\/produit\/timp-6-homme\/#breadcrumb\",\"itemListElement\":[{\"@type\":\"ListItem\",\"position\":1,\"name\":\"Home\",\"item\":\"https:\/\/www.miomiorun.com\/fr\/home-page\/\"},{\"@type\":\"ListItem\",\"position\":2,\"name\":\"Shop\",\"item\":\"https:\/\/www.miomiorun.com\/shop\/\"},{\"@type\":\"ListItem\",\"position\":3,\"name\":\"Timp 6 homme\"}]},{\"@type\":\"WebSite\",\"@id\":\"https:\/\/www.miomiorun.com\/fr\/#website\",\"url\":\"https:\/\/www.miomiorun.com\/fr\/\",\"name\":\"MioMioRun\",\"description\":\"Boutique 100% running et trail\",\"publisher\":{\"@id\":\"https:\/\/www.miomiorun.com\/fr\/#organization\"},\"potentialAction\":[{\"@type\":\"SearchAction\",\"target\":{\"@type\":\"EntryPoint\",\"urlTemplate\":\"https:\/\/www.miomiorun.com\/fr\/?s={search_term_string}\"},\"query-input\":{\"@type\":\"PropertyValueSpecification\",\"valueRequired\":true,\"valueName\":\"search_term_string\"}}],\"inLanguage\":\"fr-FR\"},{\"@type\":\"Organization\",\"@id\":\"https:\/\/www.miomiorun.com\/fr\/#organization\",\"name\":\"MioMio Run\",\"url\":\"https:\/\/www.miomiorun.com\/fr\/\",\"logo\":{\"@type\":\"ImageObject\",\"inLanguage\":\"fr-FR\",\"@id\":\"https:\/\/www.miomiorun.com\/fr\/#\/schema\/logo\/image\/\",\"url\":\"https:\/\/www.miomiorun.com\/app\/uploads\/2019\/12\/logomio.png\",\"contentUrl\":\"https:\/\/www.miomiorun.com\/app\/uploads\/2019\/12\/logomio.png\",\"width\":115,\"height\":82,\"caption\":\"MioMio Run\"},\"image\":{\"@id\":\"https:\/\/www.miomiorun.com\/fr\/#\/schema\/logo\/image\/\"},\"sameAs\":[\"https:\/\/www.facebook.com\/miomiorun\/\",\"https:\/\/www.instagram.com\/miomiorun\/\"]}]}<\/script>\n<!-- \/ Yoast SEO plugin. -->","yoast_head_json":{"title":"Altra Timp 6 homme -chaussures de trail pour hommeMioMioRun.com","description":"Timp 6 avec semelle Vibram\u00ae Megagrip, semelle interm\u00e9diaire Altra EGO\u2122 MAX et tige haut de gamme pour un confort, une protection et une adh\u00e9rence optimaux en trail.","robots":{"index":"index","follow":"follow","max-snippet":"max-snippet:-1","max-image-preview":"max-image-preview:large","max-video-preview":"max-video-preview:-1"},"canonical":"https:\/\/www.miomiorun.com\/fr\/produit\/timp-6-homme\/","og_locale":"fr_FR","og_type":"article","og_title":"Altra Timp 6 homme -chaussures de trail pour hommeMioMioRun.com","og_description":"Timp 6 avec semelle Vibram\u00ae Megagrip, semelle interm\u00e9diaire Altra EGO\u2122 MAX et tige haut de gamme pour un confort, une protection et une adh\u00e9rence optimaux en trail.","og_url":"https:\/\/www.miomiorun.com\/fr\/produit\/timp-6-homme\/","og_site_name":"MioMioRun","article_publisher":"https:\/\/www.facebook.com\/miomiorun\/","article_modified_time":"2026-05-09T10:53:16+00:00","og_image":[{"width":720,"height":720,"url":"https:\/\/www.miomiorun.com\/app\/uploads\/2026\/02\/Altra-Timp-6-black-orange-AL0A85T60801.webp","type":"image\/webp"}],"twitter_card":"summary_large_image","twitter_misc":{"Est. reading time":"1 minute"},"schema":{"@context":"https:\/\/schema.org","@graph":[{"@type":"WebPage","@id":"https:\/\/www.miomiorun.com\/fr\/produit\/timp-6-homme\/","url":"https:\/\/www.miomiorun.com\/fr\/produit\/timp-6-homme\/","name":"Altra Timp 6 homme -chaussures de trail pour hommeMioMioRun.com","isPartOf":{"@id":"https:\/\/www.miomiorun.com\/fr\/#website"},"primaryImageOfPage":{"@id":"https:\/\/www.miomiorun.com\/fr\/produit\/timp-6-homme\/#primaryimage"},"image":{"@id":"https:\/\/www.miomiorun.com\/fr\/produit\/timp-6-homme\/#primaryimage"},"thumbnailUrl":"https:\/\/www.miomiorun.com\/app\/uploads\/2026\/02\/Altra-Timp-6-black-orange-AL0A85T60801.webp","datePublished":"2026-02-10T18:29:44+00:00","dateModified":"2026-05-09T10:53:16+00:00","description":"Timp 6 avec semelle Vibram\u00ae Megagrip, semelle interm\u00e9diaire Altra EGO\u2122 MAX et tige haut de gamme pour un confort, une protection et une adh\u00e9rence optimaux en trail.","breadcrumb":{"@id":"https:\/\/www.miomiorun.com\/fr\/produit\/timp-6-homme\/#breadcrumb"},"inLanguage":"fr-FR","potentialAction":[{"@type":"ReadAction","target":["https:\/\/www.miomiorun.com\/fr\/produit\/timp-6-homme\/"]}]},{"@type":"ImageObject","inLanguage":"fr-FR","@id":"https:\/\/www.miomiorun.com\/fr\/produit\/timp-6-homme\/#primaryimage","url":"https:\/\/www.miomiorun.com\/app\/uploads\/2026\/02\/Altra-Timp-6-black-orange-AL0A85T60801.webp","contentUrl":"https:\/\/www.miomiorun.com\/app\/uploads\/2026\/02\/Altra-Timp-6-black-orange-AL0A85T60801.webp","width":720,"height":720,"caption":"Altra Timp 6 black orange AL0A85T60801"},{"@type":"BreadcrumbList","@id":"https:\/\/www.miomiorun.com\/fr\/produit\/timp-6-homme\/#breadcrumb","itemListElement":[{"@type":"ListItem","position":1,"name":"Home","item":"https:\/\/www.miomiorun.com\/fr\/home-page\/"},{"@type":"ListItem","position":2,"name":"Shop","item":"https:\/\/www.miomiorun.com\/shop\/"},{"@type":"ListItem","position":3,"name":"Timp 6 homme"}]},{"@type":"WebSite","@id":"https:\/\/www.miomiorun.com\/fr\/#website","url":"https:\/\/www.miomiorun.com\/fr\/","name":"MioMioRun","description":"Boutique 100% running et trail","publisher":{"@id":"https:\/\/www.miomiorun.com\/fr\/#organization"},"potentialAction":[{"@type":"SearchAction","target":{"@type":"EntryPoint","urlTemplate":"https:\/\/www.miomiorun.com\/fr\/?s={search_term_string}"},"query-input":{"@type":"PropertyValueSpecification","valueRequired":true,"valueName":"search_term_string"}}],"inLanguage":"fr-FR"},{"@type":"Organization","@id":"https:\/\/www.miomiorun.com\/fr\/#organization","name":"MioMio Run","url":"https:\/\/www.miomiorun.com\/fr\/","logo":{"@type":"ImageObject","inLanguage":"fr-FR","@id":"https:\/\/www.miomiorun.com\/fr\/#\/schema\/logo\/image\/","url":"https:\/\/www.miomiorun.com\/app\/uploads\/2019\/12\/logomio.png","contentUrl":"https:\/\/www.miomiorun.com\/app\/uploads\/2019\/12\/logomio.png","width":115,"height":82,"caption":"MioMio Run"},"image":{"@id":"https:\/\/www.miomiorun.com\/fr\/#\/schema\/logo\/image\/"},"sameAs":["https:\/\/www.facebook.com\/miomiorun\/","https:\/\/www.instagram.com\/miomiorun\/"]}]}},"_links":{"self":[{"href":"https:\/\/www.miomiorun.com\/fr\/wp-json\/wp\/v2\/product\/402306","targetHints":{"allow":["GET"]}}],"collection":[{"href":"https:\/\/www.miomiorun.com\/fr\/wp-json\/wp\/v2\/product"}],"about":[{"href":"https:\/\/www.miomiorun.com\/fr\/wp-json\/wp\/v2\/types\/product"}],"wp:featuredmedia":[{"embeddable":true,"href":"https:\/\/www.miomiorun.com\/fr\/wp-json\/wp\/v2\/media\/405132"}],"wp:attachment":[{"href":"https:\/\/www.miomiorun.com\/fr\/wp-json\/wp\/v2\/media?parent=402306"}],"wp:term":[{"taxonomy":"product_brand","embeddable":true,"href":"https:\/\/www.miomiorun.com\/fr\/wp-json\/wp\/v2\/product_brand?post=402306"},{"taxonomy":"product_cat","embeddable":true,"href":"https:\/\/www.miomiorun.com\/fr\/wp-json\/wp\/v2\/product_cat?post=402306"},{"taxonomy":"product_tag","embeddable":true,"href":"https:\/\/www.miomiorun.com\/fr\/wp-json\/wp\/v2\/product_tag?post=402306"}],"curies":[{"name":"wp","href":"https:\/\/api.w.org\/{rel}","templated":true}]}}