{"id":401965,"date":"2026-02-10T19:05:39","date_gmt":"2026-02-10T18:05:39","guid":{"rendered":"https:\/\/www.miomiorun.com\/?post_type=product&#038;p=401965"},"modified":"2026-05-09T12:50:52","modified_gmt":"2026-05-09T10:50:52","slug":"fwd-via-2-homme","status":"publish","type":"product","link":"https:\/\/www.miomiorun.com\/fr\/produit\/fwd-via-2-homme\/","title":{"rendered":"Fwd Via 2 homme"},"content":{"rendered":"<table style=\"border-collapse: collapse;width: 100%\">\n<tbody>\n<tr>\n<td style=\"width: 33.3333%\">\n<p style=\"text-align: center\"><strong>Caract\u00e9ristiques techniques<\/strong><\/p>\n<p style=\"text-align: center\">Cat\u00e9gorie : amorti haut de gamme<br \/>\nHauteur de semelle : 33 mm\/37 mm<br \/>\nD\u00e9port : 4 mm<br \/>\nPoids : 300,5 g<br \/>\nId\u00e9ale pour : les coureurs amateurs de course sur route qui recherchent une chaussure offrant un amorti maximal pour une course encore plus confortable et efficace, id\u00e9ale pour les longues et moyennes distances.<br \/>\nPoids de l&#8217;athl\u00e8te : &lt;70 kg<br \/>\nAllure de course : moyenne (5,50 min\/km)<br \/>\n<a href=\"https:\/\/miomiorun.com\/guida-alle-specifiche-tecniche\/\">Guide des caract\u00e9ristiques techniques<\/a><\/p>\n<\/td>\n<td style=\"width: 66.6666%;text-align: center\">La FWD VIA 2 est con\u00e7ue pour offrir un amorti et un confort maximum lors de la course sur route, tant pour les kilom\u00e8tres quotidiens que pour les entra\u00eenements plus longs. La nouvelle semelle interm\u00e9diaire en mousse Altra EGO\u2122 P35 est con\u00e7ue pour une course l\u00e9g\u00e8re et efficace ; elle est annonc\u00e9e comme \u00e9tant 19 % plus souple et 15 % plus r\u00e9active que la semelle interm\u00e9diaire d&#8217;origine de la FWD VIA. <br data-start=\"574\" data-end=\"577\">La tige en mesh technique am\u00e9lior\u00e9e favorise une meilleure respirabilit\u00e9, tandis que la languette rembourr\u00e9e redessin\u00e9e am\u00e9liore la sensation de confort d\u00e8s le premier pas. Le drop de 4 mm et la g\u00e9om\u00e9trie rocker sont con\u00e7us pour accompagner une pouss\u00e9e fluide, efficace et naturelle. <br data-start=\"867\" data-end=\"870\">La coupe FootShape\u2122 Fit sign\u00e9e Altra, avec un bout large et plus d&#8217;espace \u00e9galement au niveau de la zone m\u00e9diane, permet aux orteils de bouger librement, contribuant ainsi au confort lors d&#8217;une utilisation prolong\u00e9e.<\/td>\n<\/tr>\n<\/tbody>\n<\/table>\n<p>&nbsp;<\/p>\n","protected":false},"excerpt":{"rendered":"<ul>\n<li data-start=\"1101\" data-end=\"1191\">Nouvelle semelle interm\u00e9diaire Altra EGO\u2122 P35, plus souple et plus r\u00e9active que la version pr\u00e9c\u00e9dente<\/li>\n<li data-start=\"1194\" data-end=\"1268\">Tige en mesh technique et languette rembourr\u00e9e pour un confort accru<\/li>\n<li data-start=\"1271\" data-end=\"1334\">Drop de 4 mm, g\u00e9om\u00e9trie rocker et chaussant large FootShape\u2122 Fit<\/li>\n<\/ul>\n","protected":false},"featured_media":427135,"template":"","meta":{"_acf_changed":false,"inline_featured_image":false},"product_brand":[],"product_cat":[24448,24447],"product_tag":[23458,23671],"class_list":{"0":"post-401965","1":"product","2":"type-product","3":"status-publish","4":"has-post-thumbnail","6":"product_cat-chaussures-pour-hommes-fr","7":"product_cat-neutre-fr-3","8":"product_tag-altra-fr","9":"product_tag-altra-homme","10":"pa_attivita-marcher","11":"pa_attivita-running-fr","12":"pa_colore-fwd-via-2-blue-gray","13":"pa_colore-fwd-via-2-white-lime","14":"pa_marca-altra-fr","15":"pa_sesso-homme","16":"pa_size-41-fr","17":"pa_size-42-fr","18":"pa_size-42-5-fr","19":"pa_size-43-fr","20":"pa_size-44-fr","21":"pa_size-44-5-fr","22":"pa_size-45-fr","23":"pa_size-46-fr","24":"pa_size-46-5-fr","26":"first","27":"instock","28":"sale","29":"taxable","30":"shipping-taxable","31":"purchasable","32":"product-type-variable","33":"wvs-archive-product-wrapper"},"acf":[],"yoast_head":"<!-- This site is optimized with the Yoast SEO plugin v26.8 - https:\/\/yoast.com\/product\/yoast-seo-wordpress\/ -->\n<title>Altra Fwd Via 2 homme -Chaussures de course homme MioMioRun<\/title>\n<meta name=\"description\" content=\"FWD VIA 2 avec amorti haut de gamme, mousse Altra EGO\u2122 P35, drop de 4 mm, rocker et chaussant FootShape\u2122 Fit pour un confort durable.\" \/>\n<meta name=\"robots\" content=\"index, follow, max-snippet:-1, max-image-preview:large, max-video-preview:-1\" \/>\n<link rel=\"canonical\" href=\"https:\/\/www.miomiorun.com\/fr\/produit\/fwd-via-2-homme\/\" \/>\n<meta property=\"og:locale\" content=\"fr_FR\" \/>\n<meta property=\"og:type\" content=\"article\" \/>\n<meta property=\"og:title\" content=\"Altra Fwd Via 2 homme -Chaussures de course homme MioMioRun\" \/>\n<meta property=\"og:description\" content=\"FWD VIA 2 avec amorti haut de gamme, mousse Altra EGO\u2122 P35, drop de 4 mm, rocker et chaussant FootShape\u2122 Fit pour un confort durable.\" \/>\n<meta property=\"og:url\" content=\"https:\/\/www.miomiorun.com\/fr\/produit\/fwd-via-2-homme\/\" \/>\n<meta property=\"og:site_name\" content=\"MioMioRun\" \/>\n<meta property=\"article:publisher\" content=\"https:\/\/www.facebook.com\/miomiorun\/\" \/>\n<meta property=\"article:modified_time\" content=\"2026-05-09T10:50:52+00:00\" \/>\n<meta property=\"og:image\" content=\"https:\/\/www.miomiorun.com\/app\/uploads\/2026\/04\/Altra-FWD-Via-2-white-lime-AL0A85SR1021.webp\" \/>\n\t<meta property=\"og:image:width\" content=\"720\" \/>\n\t<meta property=\"og:image:height\" content=\"720\" \/>\n\t<meta property=\"og:image:type\" content=\"image\/webp\" \/>\n<meta name=\"twitter:card\" content=\"summary_large_image\" \/>\n<meta name=\"twitter:label1\" content=\"Est. reading time\" \/>\n\t<meta name=\"twitter:data1\" content=\"1 minute\" \/>\n<script type=\"application\/ld+json\" class=\"yoast-schema-graph\">{\"@context\":\"https:\/\/schema.org\",\"@graph\":[{\"@type\":\"WebPage\",\"@id\":\"https:\/\/www.miomiorun.com\/fr\/produit\/fwd-via-2-homme\/\",\"url\":\"https:\/\/www.miomiorun.com\/fr\/produit\/fwd-via-2-homme\/\",\"name\":\"Altra Fwd Via 2 homme -Chaussures de course homme MioMioRun\",\"isPartOf\":{\"@id\":\"https:\/\/www.miomiorun.com\/fr\/#website\"},\"primaryImageOfPage\":{\"@id\":\"https:\/\/www.miomiorun.com\/fr\/produit\/fwd-via-2-homme\/#primaryimage\"},\"image\":{\"@id\":\"https:\/\/www.miomiorun.com\/fr\/produit\/fwd-via-2-homme\/#primaryimage\"},\"thumbnailUrl\":\"https:\/\/www.miomiorun.com\/app\/uploads\/2026\/04\/Altra-FWD-Via-2-white-lime-AL0A85SR1021.webp\",\"datePublished\":\"2026-02-10T18:05:39+00:00\",\"dateModified\":\"2026-05-09T10:50:52+00:00\",\"description\":\"FWD VIA 2 avec amorti haut de gamme, mousse Altra EGO\u2122 P35, drop de 4 mm, rocker et chaussant FootShape\u2122 Fit pour un confort durable.\",\"breadcrumb\":{\"@id\":\"https:\/\/www.miomiorun.com\/fr\/produit\/fwd-via-2-homme\/#breadcrumb\"},\"inLanguage\":\"fr-FR\",\"potentialAction\":[{\"@type\":\"ReadAction\",\"target\":[\"https:\/\/www.miomiorun.com\/fr\/produit\/fwd-via-2-homme\/\"]}]},{\"@type\":\"ImageObject\",\"inLanguage\":\"fr-FR\",\"@id\":\"https:\/\/www.miomiorun.com\/fr\/produit\/fwd-via-2-homme\/#primaryimage\",\"url\":\"https:\/\/www.miomiorun.com\/app\/uploads\/2026\/04\/Altra-FWD-Via-2-white-lime-AL0A85SR1021.webp\",\"contentUrl\":\"https:\/\/www.miomiorun.com\/app\/uploads\/2026\/04\/Altra-FWD-Via-2-white-lime-AL0A85SR1021.webp\",\"width\":720,\"height\":720,\"caption\":\"Altra FWD Via 2 white lime AL0A85SR1021\"},{\"@type\":\"BreadcrumbList\",\"@id\":\"https:\/\/www.miomiorun.com\/fr\/produit\/fwd-via-2-homme\/#breadcrumb\",\"itemListElement\":[{\"@type\":\"ListItem\",\"position\":1,\"name\":\"Home\",\"item\":\"https:\/\/www.miomiorun.com\/fr\/home-page\/\"},{\"@type\":\"ListItem\",\"position\":2,\"name\":\"Shop\",\"item\":\"https:\/\/www.miomiorun.com\/shop\/\"},{\"@type\":\"ListItem\",\"position\":3,\"name\":\"Fwd Via 2 homme\"}]},{\"@type\":\"WebSite\",\"@id\":\"https:\/\/www.miomiorun.com\/fr\/#website\",\"url\":\"https:\/\/www.miomiorun.com\/fr\/\",\"name\":\"MioMioRun\",\"description\":\"Boutique 100% running et trail\",\"publisher\":{\"@id\":\"https:\/\/www.miomiorun.com\/fr\/#organization\"},\"potentialAction\":[{\"@type\":\"SearchAction\",\"target\":{\"@type\":\"EntryPoint\",\"urlTemplate\":\"https:\/\/www.miomiorun.com\/fr\/?s={search_term_string}\"},\"query-input\":{\"@type\":\"PropertyValueSpecification\",\"valueRequired\":true,\"valueName\":\"search_term_string\"}}],\"inLanguage\":\"fr-FR\"},{\"@type\":\"Organization\",\"@id\":\"https:\/\/www.miomiorun.com\/fr\/#organization\",\"name\":\"MioMio Run\",\"url\":\"https:\/\/www.miomiorun.com\/fr\/\",\"logo\":{\"@type\":\"ImageObject\",\"inLanguage\":\"fr-FR\",\"@id\":\"https:\/\/www.miomiorun.com\/fr\/#\/schema\/logo\/image\/\",\"url\":\"https:\/\/www.miomiorun.com\/app\/uploads\/2019\/12\/logomio.png\",\"contentUrl\":\"https:\/\/www.miomiorun.com\/app\/uploads\/2019\/12\/logomio.png\",\"width\":115,\"height\":82,\"caption\":\"MioMio Run\"},\"image\":{\"@id\":\"https:\/\/www.miomiorun.com\/fr\/#\/schema\/logo\/image\/\"},\"sameAs\":[\"https:\/\/www.facebook.com\/miomiorun\/\",\"https:\/\/www.instagram.com\/miomiorun\/\"]}]}<\/script>\n<!-- \/ Yoast SEO plugin. -->","yoast_head_json":{"title":"Altra Fwd Via 2 homme -Chaussures de course homme MioMioRun","description":"FWD VIA 2 avec amorti haut de gamme, mousse Altra EGO\u2122 P35, drop de 4 mm, rocker et chaussant FootShape\u2122 Fit pour un confort durable.","robots":{"index":"index","follow":"follow","max-snippet":"max-snippet:-1","max-image-preview":"max-image-preview:large","max-video-preview":"max-video-preview:-1"},"canonical":"https:\/\/www.miomiorun.com\/fr\/produit\/fwd-via-2-homme\/","og_locale":"fr_FR","og_type":"article","og_title":"Altra Fwd Via 2 homme -Chaussures de course homme MioMioRun","og_description":"FWD VIA 2 avec amorti haut de gamme, mousse Altra EGO\u2122 P35, drop de 4 mm, rocker et chaussant FootShape\u2122 Fit pour un confort durable.","og_url":"https:\/\/www.miomiorun.com\/fr\/produit\/fwd-via-2-homme\/","og_site_name":"MioMioRun","article_publisher":"https:\/\/www.facebook.com\/miomiorun\/","article_modified_time":"2026-05-09T10:50:52+00:00","og_image":[{"width":720,"height":720,"url":"https:\/\/www.miomiorun.com\/app\/uploads\/2026\/04\/Altra-FWD-Via-2-white-lime-AL0A85SR1021.webp","type":"image\/webp"}],"twitter_card":"summary_large_image","twitter_misc":{"Est. reading time":"1 minute"},"schema":{"@context":"https:\/\/schema.org","@graph":[{"@type":"WebPage","@id":"https:\/\/www.miomiorun.com\/fr\/produit\/fwd-via-2-homme\/","url":"https:\/\/www.miomiorun.com\/fr\/produit\/fwd-via-2-homme\/","name":"Altra Fwd Via 2 homme -Chaussures de course homme MioMioRun","isPartOf":{"@id":"https:\/\/www.miomiorun.com\/fr\/#website"},"primaryImageOfPage":{"@id":"https:\/\/www.miomiorun.com\/fr\/produit\/fwd-via-2-homme\/#primaryimage"},"image":{"@id":"https:\/\/www.miomiorun.com\/fr\/produit\/fwd-via-2-homme\/#primaryimage"},"thumbnailUrl":"https:\/\/www.miomiorun.com\/app\/uploads\/2026\/04\/Altra-FWD-Via-2-white-lime-AL0A85SR1021.webp","datePublished":"2026-02-10T18:05:39+00:00","dateModified":"2026-05-09T10:50:52+00:00","description":"FWD VIA 2 avec amorti haut de gamme, mousse Altra EGO\u2122 P35, drop de 4 mm, rocker et chaussant FootShape\u2122 Fit pour un confort durable.","breadcrumb":{"@id":"https:\/\/www.miomiorun.com\/fr\/produit\/fwd-via-2-homme\/#breadcrumb"},"inLanguage":"fr-FR","potentialAction":[{"@type":"ReadAction","target":["https:\/\/www.miomiorun.com\/fr\/produit\/fwd-via-2-homme\/"]}]},{"@type":"ImageObject","inLanguage":"fr-FR","@id":"https:\/\/www.miomiorun.com\/fr\/produit\/fwd-via-2-homme\/#primaryimage","url":"https:\/\/www.miomiorun.com\/app\/uploads\/2026\/04\/Altra-FWD-Via-2-white-lime-AL0A85SR1021.webp","contentUrl":"https:\/\/www.miomiorun.com\/app\/uploads\/2026\/04\/Altra-FWD-Via-2-white-lime-AL0A85SR1021.webp","width":720,"height":720,"caption":"Altra FWD Via 2 white lime AL0A85SR1021"},{"@type":"BreadcrumbList","@id":"https:\/\/www.miomiorun.com\/fr\/produit\/fwd-via-2-homme\/#breadcrumb","itemListElement":[{"@type":"ListItem","position":1,"name":"Home","item":"https:\/\/www.miomiorun.com\/fr\/home-page\/"},{"@type":"ListItem","position":2,"name":"Shop","item":"https:\/\/www.miomiorun.com\/shop\/"},{"@type":"ListItem","position":3,"name":"Fwd Via 2 homme"}]},{"@type":"WebSite","@id":"https:\/\/www.miomiorun.com\/fr\/#website","url":"https:\/\/www.miomiorun.com\/fr\/","name":"MioMioRun","description":"Boutique 100% running et trail","publisher":{"@id":"https:\/\/www.miomiorun.com\/fr\/#organization"},"potentialAction":[{"@type":"SearchAction","target":{"@type":"EntryPoint","urlTemplate":"https:\/\/www.miomiorun.com\/fr\/?s={search_term_string}"},"query-input":{"@type":"PropertyValueSpecification","valueRequired":true,"valueName":"search_term_string"}}],"inLanguage":"fr-FR"},{"@type":"Organization","@id":"https:\/\/www.miomiorun.com\/fr\/#organization","name":"MioMio Run","url":"https:\/\/www.miomiorun.com\/fr\/","logo":{"@type":"ImageObject","inLanguage":"fr-FR","@id":"https:\/\/www.miomiorun.com\/fr\/#\/schema\/logo\/image\/","url":"https:\/\/www.miomiorun.com\/app\/uploads\/2019\/12\/logomio.png","contentUrl":"https:\/\/www.miomiorun.com\/app\/uploads\/2019\/12\/logomio.png","width":115,"height":82,"caption":"MioMio Run"},"image":{"@id":"https:\/\/www.miomiorun.com\/fr\/#\/schema\/logo\/image\/"},"sameAs":["https:\/\/www.facebook.com\/miomiorun\/","https:\/\/www.instagram.com\/miomiorun\/"]}]}},"_links":{"self":[{"href":"https:\/\/www.miomiorun.com\/fr\/wp-json\/wp\/v2\/product\/401965","targetHints":{"allow":["GET"]}}],"collection":[{"href":"https:\/\/www.miomiorun.com\/fr\/wp-json\/wp\/v2\/product"}],"about":[{"href":"https:\/\/www.miomiorun.com\/fr\/wp-json\/wp\/v2\/types\/product"}],"wp:featuredmedia":[{"embeddable":true,"href":"https:\/\/www.miomiorun.com\/fr\/wp-json\/wp\/v2\/media\/427135"}],"wp:attachment":[{"href":"https:\/\/www.miomiorun.com\/fr\/wp-json\/wp\/v2\/media?parent=401965"}],"wp:term":[{"taxonomy":"product_brand","embeddable":true,"href":"https:\/\/www.miomiorun.com\/fr\/wp-json\/wp\/v2\/product_brand?post=401965"},{"taxonomy":"product_cat","embeddable":true,"href":"https:\/\/www.miomiorun.com\/fr\/wp-json\/wp\/v2\/product_cat?post=401965"},{"taxonomy":"product_tag","embeddable":true,"href":"https:\/\/www.miomiorun.com\/fr\/wp-json\/wp\/v2\/product_tag?post=401965"}],"curies":[{"name":"wp","href":"https:\/\/api.w.org\/{rel}","templated":true}]}}