{"id":401706,"date":"2026-02-10T18:32:29","date_gmt":"2026-02-10T17:32:29","guid":{"rendered":"https:\/\/www.miomiorun.com\/?post_type=product&#038;p=401706"},"modified":"2026-05-09T12:48:02","modified_gmt":"2026-05-09T10:48:02","slug":"experience-flow-st-homme","status":"publish","type":"product","link":"https:\/\/www.miomiorun.com\/fr\/produit\/experience-flow-st-homme\/","title":{"rendered":"Experience Flow ST homme"},"content":{"rendered":"<table style=\"border-collapse: collapse;width: 100%\">\n<tbody>\n<tr>\n<td style=\"width: 33.3333%;vertical-align: top\"><strong>Caract\u00e9ristiques techniques<\/strong><\/p>\n<p>Cat\u00e9gorie : amorti structur\u00e9<br \/>\nHauteur de semelle : 32 mm\/28 mm<br \/>\nD\u00e9port : 4 mm<br \/>\nPoids : 300,5 g<br \/>\nId\u00e9al pour : les coureurs amateurs de course sur route qui recherchent une chaussure offrant un amorti structur\u00e9 et un meilleur maintien.<br \/>\nPoids de l&#8217;athl\u00e8te : 50-70 kg<br \/>\nAllure de course : moyenne (4,50 min\/km)<br \/>\n<a href=\"https:\/\/miomiorun.com\/guida-alle-specifiche-tecniche\/\">Guide des caract\u00e9ristiques techniques<\/a><\/td>\n<td style=\"width: 66.6666%;vertical-align: top\">L&#8217;Experience Flow ST propose une nouvelle interpr\u00e9tation de la course sur route, avec un maintien d\u00e9licat con\u00e7u pour favoriser une stabilit\u00e9 naturelle. La technologie GuideRail\u2122 offre un soutien m\u00e9dial uniquement lorsque cela est n\u00e9cessaire, accompagnant le mouvement sans interf\u00e9rer avec la foul\u00e9e. <br data-start=\"515\" data-end=\"518\">La semelle interm\u00e9diaire en mousse Altra EGO\u2122 P35 est con\u00e7ue pour garantir l\u00e9g\u00e8ret\u00e9 et efficacit\u00e9, tandis que la g\u00e9om\u00e9trie rocker et le drop de 4 mm favorisent un roulement naturel et efficace. Le syst\u00e8me Altra Fit offre de l&#8217;espace pour les orteils et un milieu de pied stable, contribuant ainsi \u00e0 un chaussant naturel. <br data-start=\"805\" data-end=\"808\">La tige en mesh technique am\u00e9lior\u00e9e offre une meilleure respirabilit\u00e9 et le col de talon redessin\u00e9 augmente le confort global, faisant de l\u2019Experience Flow ST une compagne id\u00e9ale pour une course fluide et continue.<\/td>\n<\/tr>\n<\/tbody>\n<\/table>\n<p>&nbsp;<\/p>\n","protected":false},"excerpt":{"rendered":"<ul>\n<li data-start=\"1058\" data-end=\"1120\">Technologie GuideRail\u2122 pour un maintien m\u00e9dial uniquement lorsque cela est n\u00e9cessaire<\/li>\n<li data-start=\"1123\" data-end=\"1190\">Mousse Altra EGO\u2122 P35 l\u00e9g\u00e8re et performante, avec une g\u00e9om\u00e9trie rocker<\/li>\n<li data-start=\"1193\" data-end=\"1260\">Chaussant naturel Altra Fit avec une tige en mesh technique respirant<\/li>\n<\/ul>\n","protected":false},"featured_media":405194,"template":"","meta":{"_acf_changed":false,"inline_featured_image":false},"product_brand":[],"product_cat":[24448,24446],"product_tag":[23458,23671],"class_list":{"0":"post-401706","1":"product","2":"type-product","3":"status-publish","4":"has-post-thumbnail","6":"product_cat-chaussures-pour-hommes-fr","7":"product_cat-stables","8":"product_tag-altra-fr","9":"product_tag-altra-homme","10":"pa_attivita-marcher","11":"pa_attivita-running-fr","12":"pa_colore-experience-flow-st-blue-gray","13":"pa_marca-altra-fr","14":"pa_sesso-homme","15":"pa_size-41-fr","16":"pa_size-42-fr","17":"pa_size-42-5-fr","18":"pa_size-43-fr","19":"pa_size-44-fr","20":"pa_size-44-5-fr","21":"pa_size-45-fr","22":"pa_size-46-fr","23":"pa_size-46-5-fr","25":"first","26":"instock","27":"sale","28":"taxable","29":"shipping-taxable","30":"purchasable","31":"product-type-variable","32":"wvs-archive-product-wrapper"},"acf":[],"yoast_head":"<!-- This site is optimized with the Yoast SEO plugin v26.8 - https:\/\/yoast.com\/product\/yoast-seo-wordpress\/ -->\n<title>Altra Experience Flow ST homme - Chaussures de course - MioMioRun.com<\/title>\n<meta name=\"description\" content=\"D\u00e9couvrez la Flow ST avec le syst\u00e8me GuideRail\u2122, la mousse Altra EGO\u2122 P35, un drop de 4 mm et un rocker pour une foul\u00e9e fluide et naturelle sur route.\" \/>\n<meta name=\"robots\" content=\"index, follow, max-snippet:-1, max-image-preview:large, max-video-preview:-1\" \/>\n<link rel=\"canonical\" href=\"https:\/\/www.miomiorun.com\/fr\/produit\/experience-flow-st-homme\/\" \/>\n<meta property=\"og:locale\" content=\"fr_FR\" \/>\n<meta property=\"og:type\" content=\"article\" \/>\n<meta property=\"og:title\" content=\"Altra Experience Flow ST homme - Chaussures de course - MioMioRun.com\" \/>\n<meta property=\"og:description\" content=\"D\u00e9couvrez la Flow ST avec le syst\u00e8me GuideRail\u2122, la mousse Altra EGO\u2122 P35, un drop de 4 mm et un rocker pour une foul\u00e9e fluide et naturelle sur route.\" \/>\n<meta property=\"og:url\" content=\"https:\/\/www.miomiorun.com\/fr\/produit\/experience-flow-st-homme\/\" \/>\n<meta property=\"og:site_name\" content=\"MioMioRun\" \/>\n<meta property=\"article:publisher\" content=\"https:\/\/www.facebook.com\/miomiorun\/\" \/>\n<meta property=\"article:modified_time\" content=\"2026-05-09T10:48:02+00:00\" \/>\n<meta property=\"og:image\" content=\"https:\/\/www.miomiorun.com\/app\/uploads\/2026\/02\/altra-Experience-Flow-ST-blue-gray-AL0A85RJ4201.webp\" \/>\n\t<meta property=\"og:image:width\" content=\"720\" \/>\n\t<meta property=\"og:image:height\" content=\"720\" \/>\n\t<meta property=\"og:image:type\" content=\"image\/webp\" \/>\n<meta name=\"twitter:card\" content=\"summary_large_image\" \/>\n<meta name=\"twitter:label1\" content=\"Est. reading time\" \/>\n\t<meta name=\"twitter:data1\" content=\"1 minute\" \/>\n<script type=\"application\/ld+json\" class=\"yoast-schema-graph\">{\"@context\":\"https:\/\/schema.org\",\"@graph\":[{\"@type\":\"WebPage\",\"@id\":\"https:\/\/www.miomiorun.com\/fr\/produit\/experience-flow-st-homme\/\",\"url\":\"https:\/\/www.miomiorun.com\/fr\/produit\/experience-flow-st-homme\/\",\"name\":\"Altra Experience Flow ST homme - Chaussures de course - MioMioRun.com\",\"isPartOf\":{\"@id\":\"https:\/\/www.miomiorun.com\/fr\/#website\"},\"primaryImageOfPage\":{\"@id\":\"https:\/\/www.miomiorun.com\/fr\/produit\/experience-flow-st-homme\/#primaryimage\"},\"image\":{\"@id\":\"https:\/\/www.miomiorun.com\/fr\/produit\/experience-flow-st-homme\/#primaryimage\"},\"thumbnailUrl\":\"https:\/\/www.miomiorun.com\/app\/uploads\/2026\/02\/altra-Experience-Flow-ST-blue-gray-AL0A85RJ4201.webp\",\"datePublished\":\"2026-02-10T17:32:29+00:00\",\"dateModified\":\"2026-05-09T10:48:02+00:00\",\"description\":\"D\u00e9couvrez la Flow ST avec le syst\u00e8me GuideRail\u2122, la mousse Altra EGO\u2122 P35, un drop de 4 mm et un rocker pour une foul\u00e9e fluide et naturelle sur route.\",\"breadcrumb\":{\"@id\":\"https:\/\/www.miomiorun.com\/fr\/produit\/experience-flow-st-homme\/#breadcrumb\"},\"inLanguage\":\"fr-FR\",\"potentialAction\":[{\"@type\":\"ReadAction\",\"target\":[\"https:\/\/www.miomiorun.com\/fr\/produit\/experience-flow-st-homme\/\"]}]},{\"@type\":\"ImageObject\",\"inLanguage\":\"fr-FR\",\"@id\":\"https:\/\/www.miomiorun.com\/fr\/produit\/experience-flow-st-homme\/#primaryimage\",\"url\":\"https:\/\/www.miomiorun.com\/app\/uploads\/2026\/02\/altra-Experience-Flow-ST-blue-gray-AL0A85RJ4201.webp\",\"contentUrl\":\"https:\/\/www.miomiorun.com\/app\/uploads\/2026\/02\/altra-Experience-Flow-ST-blue-gray-AL0A85RJ4201.webp\",\"width\":720,\"height\":720,\"caption\":\"altra Experience Flow ST blue gray AL0A85RJ4201\"},{\"@type\":\"BreadcrumbList\",\"@id\":\"https:\/\/www.miomiorun.com\/fr\/produit\/experience-flow-st-homme\/#breadcrumb\",\"itemListElement\":[{\"@type\":\"ListItem\",\"position\":1,\"name\":\"Home\",\"item\":\"https:\/\/www.miomiorun.com\/fr\/home-page\/\"},{\"@type\":\"ListItem\",\"position\":2,\"name\":\"Shop\",\"item\":\"https:\/\/www.miomiorun.com\/shop\/\"},{\"@type\":\"ListItem\",\"position\":3,\"name\":\"Experience Flow ST homme\"}]},{\"@type\":\"WebSite\",\"@id\":\"https:\/\/www.miomiorun.com\/fr\/#website\",\"url\":\"https:\/\/www.miomiorun.com\/fr\/\",\"name\":\"MioMioRun\",\"description\":\"Boutique 100% running et trail\",\"publisher\":{\"@id\":\"https:\/\/www.miomiorun.com\/fr\/#organization\"},\"potentialAction\":[{\"@type\":\"SearchAction\",\"target\":{\"@type\":\"EntryPoint\",\"urlTemplate\":\"https:\/\/www.miomiorun.com\/fr\/?s={search_term_string}\"},\"query-input\":{\"@type\":\"PropertyValueSpecification\",\"valueRequired\":true,\"valueName\":\"search_term_string\"}}],\"inLanguage\":\"fr-FR\"},{\"@type\":\"Organization\",\"@id\":\"https:\/\/www.miomiorun.com\/fr\/#organization\",\"name\":\"MioMio Run\",\"url\":\"https:\/\/www.miomiorun.com\/fr\/\",\"logo\":{\"@type\":\"ImageObject\",\"inLanguage\":\"fr-FR\",\"@id\":\"https:\/\/www.miomiorun.com\/fr\/#\/schema\/logo\/image\/\",\"url\":\"https:\/\/www.miomiorun.com\/app\/uploads\/2019\/12\/logomio.png\",\"contentUrl\":\"https:\/\/www.miomiorun.com\/app\/uploads\/2019\/12\/logomio.png\",\"width\":115,\"height\":82,\"caption\":\"MioMio Run\"},\"image\":{\"@id\":\"https:\/\/www.miomiorun.com\/fr\/#\/schema\/logo\/image\/\"},\"sameAs\":[\"https:\/\/www.facebook.com\/miomiorun\/\",\"https:\/\/www.instagram.com\/miomiorun\/\"]}]}<\/script>\n<!-- \/ Yoast SEO plugin. -->","yoast_head_json":{"title":"Altra Experience Flow ST homme - Chaussures de course - MioMioRun.com","description":"D\u00e9couvrez la Flow ST avec le syst\u00e8me GuideRail\u2122, la mousse Altra EGO\u2122 P35, un drop de 4 mm et un rocker pour une foul\u00e9e fluide et naturelle sur route.","robots":{"index":"index","follow":"follow","max-snippet":"max-snippet:-1","max-image-preview":"max-image-preview:large","max-video-preview":"max-video-preview:-1"},"canonical":"https:\/\/www.miomiorun.com\/fr\/produit\/experience-flow-st-homme\/","og_locale":"fr_FR","og_type":"article","og_title":"Altra Experience Flow ST homme - Chaussures de course - MioMioRun.com","og_description":"D\u00e9couvrez la Flow ST avec le syst\u00e8me GuideRail\u2122, la mousse Altra EGO\u2122 P35, un drop de 4 mm et un rocker pour une foul\u00e9e fluide et naturelle sur route.","og_url":"https:\/\/www.miomiorun.com\/fr\/produit\/experience-flow-st-homme\/","og_site_name":"MioMioRun","article_publisher":"https:\/\/www.facebook.com\/miomiorun\/","article_modified_time":"2026-05-09T10:48:02+00:00","og_image":[{"width":720,"height":720,"url":"https:\/\/www.miomiorun.com\/app\/uploads\/2026\/02\/altra-Experience-Flow-ST-blue-gray-AL0A85RJ4201.webp","type":"image\/webp"}],"twitter_card":"summary_large_image","twitter_misc":{"Est. reading time":"1 minute"},"schema":{"@context":"https:\/\/schema.org","@graph":[{"@type":"WebPage","@id":"https:\/\/www.miomiorun.com\/fr\/produit\/experience-flow-st-homme\/","url":"https:\/\/www.miomiorun.com\/fr\/produit\/experience-flow-st-homme\/","name":"Altra Experience Flow ST homme - Chaussures de course - MioMioRun.com","isPartOf":{"@id":"https:\/\/www.miomiorun.com\/fr\/#website"},"primaryImageOfPage":{"@id":"https:\/\/www.miomiorun.com\/fr\/produit\/experience-flow-st-homme\/#primaryimage"},"image":{"@id":"https:\/\/www.miomiorun.com\/fr\/produit\/experience-flow-st-homme\/#primaryimage"},"thumbnailUrl":"https:\/\/www.miomiorun.com\/app\/uploads\/2026\/02\/altra-Experience-Flow-ST-blue-gray-AL0A85RJ4201.webp","datePublished":"2026-02-10T17:32:29+00:00","dateModified":"2026-05-09T10:48:02+00:00","description":"D\u00e9couvrez la Flow ST avec le syst\u00e8me GuideRail\u2122, la mousse Altra EGO\u2122 P35, un drop de 4 mm et un rocker pour une foul\u00e9e fluide et naturelle sur route.","breadcrumb":{"@id":"https:\/\/www.miomiorun.com\/fr\/produit\/experience-flow-st-homme\/#breadcrumb"},"inLanguage":"fr-FR","potentialAction":[{"@type":"ReadAction","target":["https:\/\/www.miomiorun.com\/fr\/produit\/experience-flow-st-homme\/"]}]},{"@type":"ImageObject","inLanguage":"fr-FR","@id":"https:\/\/www.miomiorun.com\/fr\/produit\/experience-flow-st-homme\/#primaryimage","url":"https:\/\/www.miomiorun.com\/app\/uploads\/2026\/02\/altra-Experience-Flow-ST-blue-gray-AL0A85RJ4201.webp","contentUrl":"https:\/\/www.miomiorun.com\/app\/uploads\/2026\/02\/altra-Experience-Flow-ST-blue-gray-AL0A85RJ4201.webp","width":720,"height":720,"caption":"altra Experience Flow ST blue gray AL0A85RJ4201"},{"@type":"BreadcrumbList","@id":"https:\/\/www.miomiorun.com\/fr\/produit\/experience-flow-st-homme\/#breadcrumb","itemListElement":[{"@type":"ListItem","position":1,"name":"Home","item":"https:\/\/www.miomiorun.com\/fr\/home-page\/"},{"@type":"ListItem","position":2,"name":"Shop","item":"https:\/\/www.miomiorun.com\/shop\/"},{"@type":"ListItem","position":3,"name":"Experience Flow ST homme"}]},{"@type":"WebSite","@id":"https:\/\/www.miomiorun.com\/fr\/#website","url":"https:\/\/www.miomiorun.com\/fr\/","name":"MioMioRun","description":"Boutique 100% running et trail","publisher":{"@id":"https:\/\/www.miomiorun.com\/fr\/#organization"},"potentialAction":[{"@type":"SearchAction","target":{"@type":"EntryPoint","urlTemplate":"https:\/\/www.miomiorun.com\/fr\/?s={search_term_string}"},"query-input":{"@type":"PropertyValueSpecification","valueRequired":true,"valueName":"search_term_string"}}],"inLanguage":"fr-FR"},{"@type":"Organization","@id":"https:\/\/www.miomiorun.com\/fr\/#organization","name":"MioMio Run","url":"https:\/\/www.miomiorun.com\/fr\/","logo":{"@type":"ImageObject","inLanguage":"fr-FR","@id":"https:\/\/www.miomiorun.com\/fr\/#\/schema\/logo\/image\/","url":"https:\/\/www.miomiorun.com\/app\/uploads\/2019\/12\/logomio.png","contentUrl":"https:\/\/www.miomiorun.com\/app\/uploads\/2019\/12\/logomio.png","width":115,"height":82,"caption":"MioMio Run"},"image":{"@id":"https:\/\/www.miomiorun.com\/fr\/#\/schema\/logo\/image\/"},"sameAs":["https:\/\/www.facebook.com\/miomiorun\/","https:\/\/www.instagram.com\/miomiorun\/"]}]}},"_links":{"self":[{"href":"https:\/\/www.miomiorun.com\/fr\/wp-json\/wp\/v2\/product\/401706","targetHints":{"allow":["GET"]}}],"collection":[{"href":"https:\/\/www.miomiorun.com\/fr\/wp-json\/wp\/v2\/product"}],"about":[{"href":"https:\/\/www.miomiorun.com\/fr\/wp-json\/wp\/v2\/types\/product"}],"wp:featuredmedia":[{"embeddable":true,"href":"https:\/\/www.miomiorun.com\/fr\/wp-json\/wp\/v2\/media\/405194"}],"wp:attachment":[{"href":"https:\/\/www.miomiorun.com\/fr\/wp-json\/wp\/v2\/media?parent=401706"}],"wp:term":[{"taxonomy":"product_brand","embeddable":true,"href":"https:\/\/www.miomiorun.com\/fr\/wp-json\/wp\/v2\/product_brand?post=401706"},{"taxonomy":"product_cat","embeddable":true,"href":"https:\/\/www.miomiorun.com\/fr\/wp-json\/wp\/v2\/product_cat?post=401706"},{"taxonomy":"product_tag","embeddable":true,"href":"https:\/\/www.miomiorun.com\/fr\/wp-json\/wp\/v2\/product_tag?post=401706"}],"curies":[{"name":"wp","href":"https:\/\/api.w.org\/{rel}","templated":true}]}}