{"id":399742,"date":"2026-02-03T17:04:09","date_gmt":"2026-02-03T16:04:09","guid":{"rendered":"https:\/\/www.miomiorun.com\/prodotto\/kawana-3-donna\/"},"modified":"2026-04-16T18:41:22","modified_gmt":"2026-04-16T16:41:22","slug":"kawana-3-femme","status":"publish","type":"product","link":"https:\/\/www.miomiorun.com\/fr\/produit\/kawana-3-femme\/","title":{"rendered":"Kawana 3 femme"},"content":{"rendered":"<table style=\"border-collapse: collapse;width: 100%\">\n<tbody>\n<tr>\n<td style=\"width: 33.3333%;vertical-align: top;text-align: center\">\n<h4>Caract\u00e9ristiques techniques<\/h4>\n<p>Cat\u00e9gorie : amorti \u00e9quilibr\u00e9<br \/>\nD\u00e9calage : 5 mm<br \/>\nPoids : 269 g<br \/>\nId\u00e9al pour : les coureurs qui recherchent un compagnon fid\u00e8le, m\u00eame pour leurs s\u00e9ances de fitness en salle.<br \/>\nPoids de l&#8217;athl\u00e8te : 60-70 kg<br \/>\nAllure de course : moyenne (5-6 min\/km)<br \/>\n<a href=\"https:\/\/miomiorun.com\/guida-alle-specifiche-tecniche\/\">Guide des sp\u00e9cifications techniques<\/a><\/p>\n<p>&nbsp;<\/p>\n<p>&nbsp;<\/td>\n<td style=\"width: 66.6666%;vertical-align: top;text-align: center\">\n<p data-start=\"351\" data-end=\"642\">La <strong data-start=\"390\" data-end=\"406\">Kawana Femme<\/strong> tire son nom du c\u00e9l\u00e8bre beach break de la Gold Coast et est le r\u00e9sultat de l&#8217;\u00e9volution des <strong data-start=\"503\" data-end=\"537\">mousses et des g\u00e9om\u00e9tries HOKA<\/strong>, con\u00e7ue pour offrir une exp\u00e9rience d&#8217;utilisation incroyablement \u00e9quilibr\u00e9e entre confort, r\u00e9activit\u00e9 et stabilit\u00e9.<\/p>\n<p data-start=\"644\" data-end=\"1070\">Adapt\u00e9e aussi bien \u00e0 la <strong data-start=\"657\" data-end=\"679\">salle de sport et au fitness<\/strong> qu&#8217;\u00e0 la <strong data-start=\"689\" data-end=\"702\">marche<\/strong>, la Kawana introduit une <strong data-start=\"725\" data-end=\"764\">mousse EVA moul\u00e9e \u00e0 compression<\/strong> qui garantit un rebond contr\u00f4l\u00e9 et une sensation de fluidit\u00e9 constante, sans \u00eatre excessive. Le <strong data-start=\"872\" data-end=\"905\">rembourrage anti-chocs am\u00e9lior\u00e9<\/strong> et la <strong data-start=\"926\" data-end=\"964\">g\u00e9om\u00e9trie SwallowTail\u2122<\/strong> caract\u00e9ristique du talon, avec un talon biseaut\u00e9 et une surface plus large, sont con\u00e7us pour rendre les impacts plus doux et plus naturels.<\/p>\n<p data-start=\"1072\" data-end=\"1391\">La <strong data-start=\"1075\" data-end=\"1127\">tige en mesh technique avec respirabilit\u00e9 par zones<\/strong> am\u00e9liore la ventilation l\u00e0 o\u00f9 elle est le plus n\u00e9cessaire, tandis que le <strong data-start=\"1182\" data-end=\"1206\">talon ultra-souple<\/strong> et la <strong data-start=\"1212\" data-end=\"1235\">languette rembourr\u00e9e<\/strong> augmentent le confort lors d&#8217;une utilisation prolong\u00e9e. Le <strong data-start=\"1291\" data-end=\"1319\">sous-couche flexible<\/strong> favorise un ajustement plus naturel et s&#8217;adapte mieux aux mouvements du pied.<\/p>\n<p data-start=\"1393\" data-end=\"1608\">Le <strong data-start=\"1396\" data-end=\"1449\">MetaRocker\u2122 situ\u00e9 pr\u00e8s de la vo\u00fbte plantaire<\/strong> accompagne une transition fluide dans la phase de pouss\u00e9e, tandis que les <strong data-start=\"1515\" data-end=\"1543\">crampons en caoutchouc par zones<\/strong> offrent une adh\u00e9rence cibl\u00e9e et une durabilit\u00e9 dans les zones les plus sollicit\u00e9es.<\/p>\n<p data-start=\"1610\" data-end=\"1647\"><strong data-start=\"1610\" data-end=\"1646\">Nouveaut\u00e9s de la version mise \u00e0 jour<\/strong> :<\/p>\n<ul data-start=\"1648\" data-end=\"1833\">\n<li data-start=\"1648\" data-end=\"1701\">\n<p data-start=\"1650\" data-end=\"1701\"><strong data-start=\"1650\" data-end=\"1672\">Talon effil\u00e9<\/strong> pour une r\u00e9duction du poids<\/p>\n<\/li>\n<li data-start=\"1702\" data-end=\"1768\">\n<p data-start=\"1704\" data-end=\"1768\"><strong data-start=\"1704\" data-end=\"1745\">Languette avec rembourrage plus \u00e9pais<\/strong> pour plus de confort<\/p>\n<\/li>\n<li data-start=\"1769\" data-end=\"1833\">\n<p data-start=\"1771\" data-end=\"1833\"><strong data-start=\"1771\" data-end=\"1798\">Maille technique am\u00e9lior\u00e9e<\/strong> pour une meilleure respirabilit\u00e9<\/p>\n<\/li>\n<\/ul>\n<p data-start=\"1835\" data-end=\"1965\">Une chaussure polyvalente, fluide et confortable, con\u00e7ue pour vous accompagner dans tous vos entra\u00eenements en salle et vos marches quotidiennes.<\/p>\n<\/p>\n<\/p>\n<\/td>\n<\/tr>\n<\/tbody>\n<\/table>\n<p>&nbsp;<\/p>\n","protected":false},"excerpt":{"rendered":"<ul>\n<li data-start=\"2006\" data-end=\"2072\">Maille technique <strong data-start=\"2019\" data-end=\"2048\">avec respirabilit\u00e9 par zones<\/strong> et languette rembourr\u00e9e<\/li>\n<li data-start=\"2075\" data-end=\"2145\"><strong data-start=\"2075\" data-end=\"2114\">Mousse EVA moul\u00e9e par compression<\/strong> et g\u00e9om\u00e9trie <strong data-start=\"2127\" data-end=\"2143\">SwallowTail\u2122<\/strong><\/li>\n<li data-start=\"2148\" data-end=\"2211\">Talon effil\u00e9 plus l\u00e9ger et <strong data-start=\"2181\" data-end=\"2209\">renforts en caoutchouc par zones<\/strong><\/li>\n<\/ul>\n","protected":false},"featured_media":396181,"template":"","meta":{"_acf_changed":false,"inline_featured_image":false},"product_brand":[],"product_cat":[22605,22606],"product_tag":[23478,23494],"class_list":{"0":"post-399742","1":"product","2":"type-product","3":"status-publish","4":"has-post-thumbnail","6":"product_cat-chaussures-pour-femmes","7":"product_cat-neutre","8":"product_tag-hoka-one-one-fr","9":"product_tag-hoka-femme","10":"pa_attivita-lifestyle-fr","11":"pa_attivita-marcher","12":"pa_attivita-running-fr","13":"pa_colore-kawana-3-w-berry-jam-midnight-blue","14":"pa_colore-kawana-3-w-grout-faded-navy","15":"pa_marca-hoka-fr","16":"pa_sesso-femme","17":"pa_size-38-fr","19":"pa_size-39-fr","20":"pa_size-40-fr","22":"pa_size-41-fr","23":"pa_size-42-fr","25":"first","26":"instock","27":"sale","28":"taxable","29":"shipping-taxable","30":"purchasable","31":"product-type-variable","32":"wvs-archive-product-wrapper"},"acf":[],"yoast_head":"<!-- This site is optimized with the Yoast SEO plugin v26.8 - https:\/\/yoast.com\/product\/yoast-seo-wordpress\/ -->\n<title>Hoka Kawana 3 femme - chaussures de course - MioMioRun.com<\/title>\n<meta name=\"description\" content=\"Chaussure polyvalente pour la salle de sport, le fitness et la marche, avec mousse EVA r\u00e9active, mesh technique respirant par zones et talon SwallowTail\u2122 pour plus de confort et de fluidit\u00e9.\" \/>\n<meta name=\"robots\" content=\"index, follow, max-snippet:-1, max-image-preview:large, max-video-preview:-1\" \/>\n<link rel=\"canonical\" href=\"https:\/\/www.miomiorun.com\/fr\/produit\/kawana-3-femme\/\" \/>\n<meta property=\"og:locale\" content=\"fr_FR\" \/>\n<meta property=\"og:type\" content=\"article\" \/>\n<meta property=\"og:title\" content=\"Hoka Kawana 3 femme - chaussures de course - MioMioRun.com\" \/>\n<meta property=\"og:description\" content=\"Chaussure polyvalente pour la salle de sport, le fitness et la marche, avec mousse EVA r\u00e9active, mesh technique respirant par zones et talon SwallowTail\u2122 pour plus de confort et de fluidit\u00e9.\" \/>\n<meta property=\"og:url\" content=\"https:\/\/www.miomiorun.com\/fr\/produit\/kawana-3-femme\/\" \/>\n<meta property=\"og:site_name\" content=\"MioMioRun\" \/>\n<meta property=\"article:publisher\" content=\"https:\/\/www.facebook.com\/miomiorun\/\" \/>\n<meta property=\"article:modified_time\" content=\"2026-04-16T16:41:22+00:00\" \/>\n<meta property=\"og:image\" content=\"https:\/\/www.miomiorun.com\/app\/uploads\/2026\/02\/hoka-Kawana-3-W-grout-faded-navy-1171893-GFD.webp\" \/>\n\t<meta property=\"og:image:width\" content=\"720\" \/>\n\t<meta property=\"og:image:height\" content=\"720\" \/>\n\t<meta property=\"og:image:type\" content=\"image\/webp\" \/>\n<meta name=\"twitter:card\" content=\"summary_large_image\" \/>\n<meta name=\"twitter:label1\" content=\"Est. reading time\" \/>\n\t<meta name=\"twitter:data1\" content=\"2 minutes\" \/>\n<script type=\"application\/ld+json\" class=\"yoast-schema-graph\">{\"@context\":\"https:\/\/schema.org\",\"@graph\":[{\"@type\":\"WebPage\",\"@id\":\"https:\/\/www.miomiorun.com\/fr\/produit\/kawana-3-femme\/\",\"url\":\"https:\/\/www.miomiorun.com\/fr\/produit\/kawana-3-femme\/\",\"name\":\"Hoka Kawana 3 femme - chaussures de course - MioMioRun.com\",\"isPartOf\":{\"@id\":\"https:\/\/www.miomiorun.com\/fr\/#website\"},\"primaryImageOfPage\":{\"@id\":\"https:\/\/www.miomiorun.com\/fr\/produit\/kawana-3-femme\/#primaryimage\"},\"image\":{\"@id\":\"https:\/\/www.miomiorun.com\/fr\/produit\/kawana-3-femme\/#primaryimage\"},\"thumbnailUrl\":\"https:\/\/www.miomiorun.com\/app\/uploads\/2026\/02\/hoka-Kawana-3-W-grout-faded-navy-1171893-GFD.webp\",\"datePublished\":\"2026-02-03T16:04:09+00:00\",\"dateModified\":\"2026-04-16T16:41:22+00:00\",\"description\":\"Chaussure polyvalente pour la salle de sport, le fitness et la marche, avec mousse EVA r\u00e9active, mesh technique respirant par zones et talon SwallowTail\u2122 pour plus de confort et de fluidit\u00e9.\",\"breadcrumb\":{\"@id\":\"https:\/\/www.miomiorun.com\/fr\/produit\/kawana-3-femme\/#breadcrumb\"},\"inLanguage\":\"fr-FR\",\"potentialAction\":[{\"@type\":\"ReadAction\",\"target\":[\"https:\/\/www.miomiorun.com\/fr\/produit\/kawana-3-femme\/\"]}]},{\"@type\":\"ImageObject\",\"inLanguage\":\"fr-FR\",\"@id\":\"https:\/\/www.miomiorun.com\/fr\/produit\/kawana-3-femme\/#primaryimage\",\"url\":\"https:\/\/www.miomiorun.com\/app\/uploads\/2026\/02\/hoka-Kawana-3-W-grout-faded-navy-1171893-GFD.webp\",\"contentUrl\":\"https:\/\/www.miomiorun.com\/app\/uploads\/2026\/02\/hoka-Kawana-3-W-grout-faded-navy-1171893-GFD.webp\",\"width\":720,\"height\":720,\"caption\":\"hoka Kawana 3 W grout faded navy 1171893 GFD\"},{\"@type\":\"BreadcrumbList\",\"@id\":\"https:\/\/www.miomiorun.com\/fr\/produit\/kawana-3-femme\/#breadcrumb\",\"itemListElement\":[{\"@type\":\"ListItem\",\"position\":1,\"name\":\"Home\",\"item\":\"https:\/\/www.miomiorun.com\/fr\/home-page\/\"},{\"@type\":\"ListItem\",\"position\":2,\"name\":\"Shop\",\"item\":\"https:\/\/www.miomiorun.com\/shop\/\"},{\"@type\":\"ListItem\",\"position\":3,\"name\":\"Kawana 3 femme\"}]},{\"@type\":\"WebSite\",\"@id\":\"https:\/\/www.miomiorun.com\/fr\/#website\",\"url\":\"https:\/\/www.miomiorun.com\/fr\/\",\"name\":\"MioMioRun\",\"description\":\"Boutique 100% running et trail\",\"publisher\":{\"@id\":\"https:\/\/www.miomiorun.com\/fr\/#organization\"},\"potentialAction\":[{\"@type\":\"SearchAction\",\"target\":{\"@type\":\"EntryPoint\",\"urlTemplate\":\"https:\/\/www.miomiorun.com\/fr\/?s={search_term_string}\"},\"query-input\":{\"@type\":\"PropertyValueSpecification\",\"valueRequired\":true,\"valueName\":\"search_term_string\"}}],\"inLanguage\":\"fr-FR\"},{\"@type\":\"Organization\",\"@id\":\"https:\/\/www.miomiorun.com\/fr\/#organization\",\"name\":\"MioMio Run\",\"url\":\"https:\/\/www.miomiorun.com\/fr\/\",\"logo\":{\"@type\":\"ImageObject\",\"inLanguage\":\"fr-FR\",\"@id\":\"https:\/\/www.miomiorun.com\/fr\/#\/schema\/logo\/image\/\",\"url\":\"https:\/\/www.miomiorun.com\/app\/uploads\/2019\/12\/logomio.png\",\"contentUrl\":\"https:\/\/www.miomiorun.com\/app\/uploads\/2019\/12\/logomio.png\",\"width\":115,\"height\":82,\"caption\":\"MioMio Run\"},\"image\":{\"@id\":\"https:\/\/www.miomiorun.com\/fr\/#\/schema\/logo\/image\/\"},\"sameAs\":[\"https:\/\/www.facebook.com\/miomiorun\/\",\"https:\/\/www.instagram.com\/miomiorun\/\"]}]}<\/script>\n<!-- \/ Yoast SEO plugin. -->","yoast_head_json":{"title":"Hoka Kawana 3 femme - chaussures de course - MioMioRun.com","description":"Chaussure polyvalente pour la salle de sport, le fitness et la marche, avec mousse EVA r\u00e9active, mesh technique respirant par zones et talon SwallowTail\u2122 pour plus de confort et de fluidit\u00e9.","robots":{"index":"index","follow":"follow","max-snippet":"max-snippet:-1","max-image-preview":"max-image-preview:large","max-video-preview":"max-video-preview:-1"},"canonical":"https:\/\/www.miomiorun.com\/fr\/produit\/kawana-3-femme\/","og_locale":"fr_FR","og_type":"article","og_title":"Hoka Kawana 3 femme - chaussures de course - MioMioRun.com","og_description":"Chaussure polyvalente pour la salle de sport, le fitness et la marche, avec mousse EVA r\u00e9active, mesh technique respirant par zones et talon SwallowTail\u2122 pour plus de confort et de fluidit\u00e9.","og_url":"https:\/\/www.miomiorun.com\/fr\/produit\/kawana-3-femme\/","og_site_name":"MioMioRun","article_publisher":"https:\/\/www.facebook.com\/miomiorun\/","article_modified_time":"2026-04-16T16:41:22+00:00","og_image":[{"width":720,"height":720,"url":"https:\/\/www.miomiorun.com\/app\/uploads\/2026\/02\/hoka-Kawana-3-W-grout-faded-navy-1171893-GFD.webp","type":"image\/webp"}],"twitter_card":"summary_large_image","twitter_misc":{"Est. reading time":"2 minutes"},"schema":{"@context":"https:\/\/schema.org","@graph":[{"@type":"WebPage","@id":"https:\/\/www.miomiorun.com\/fr\/produit\/kawana-3-femme\/","url":"https:\/\/www.miomiorun.com\/fr\/produit\/kawana-3-femme\/","name":"Hoka Kawana 3 femme - chaussures de course - MioMioRun.com","isPartOf":{"@id":"https:\/\/www.miomiorun.com\/fr\/#website"},"primaryImageOfPage":{"@id":"https:\/\/www.miomiorun.com\/fr\/produit\/kawana-3-femme\/#primaryimage"},"image":{"@id":"https:\/\/www.miomiorun.com\/fr\/produit\/kawana-3-femme\/#primaryimage"},"thumbnailUrl":"https:\/\/www.miomiorun.com\/app\/uploads\/2026\/02\/hoka-Kawana-3-W-grout-faded-navy-1171893-GFD.webp","datePublished":"2026-02-03T16:04:09+00:00","dateModified":"2026-04-16T16:41:22+00:00","description":"Chaussure polyvalente pour la salle de sport, le fitness et la marche, avec mousse EVA r\u00e9active, mesh technique respirant par zones et talon SwallowTail\u2122 pour plus de confort et de fluidit\u00e9.","breadcrumb":{"@id":"https:\/\/www.miomiorun.com\/fr\/produit\/kawana-3-femme\/#breadcrumb"},"inLanguage":"fr-FR","potentialAction":[{"@type":"ReadAction","target":["https:\/\/www.miomiorun.com\/fr\/produit\/kawana-3-femme\/"]}]},{"@type":"ImageObject","inLanguage":"fr-FR","@id":"https:\/\/www.miomiorun.com\/fr\/produit\/kawana-3-femme\/#primaryimage","url":"https:\/\/www.miomiorun.com\/app\/uploads\/2026\/02\/hoka-Kawana-3-W-grout-faded-navy-1171893-GFD.webp","contentUrl":"https:\/\/www.miomiorun.com\/app\/uploads\/2026\/02\/hoka-Kawana-3-W-grout-faded-navy-1171893-GFD.webp","width":720,"height":720,"caption":"hoka Kawana 3 W grout faded navy 1171893 GFD"},{"@type":"BreadcrumbList","@id":"https:\/\/www.miomiorun.com\/fr\/produit\/kawana-3-femme\/#breadcrumb","itemListElement":[{"@type":"ListItem","position":1,"name":"Home","item":"https:\/\/www.miomiorun.com\/fr\/home-page\/"},{"@type":"ListItem","position":2,"name":"Shop","item":"https:\/\/www.miomiorun.com\/shop\/"},{"@type":"ListItem","position":3,"name":"Kawana 3 femme"}]},{"@type":"WebSite","@id":"https:\/\/www.miomiorun.com\/fr\/#website","url":"https:\/\/www.miomiorun.com\/fr\/","name":"MioMioRun","description":"Boutique 100% running et trail","publisher":{"@id":"https:\/\/www.miomiorun.com\/fr\/#organization"},"potentialAction":[{"@type":"SearchAction","target":{"@type":"EntryPoint","urlTemplate":"https:\/\/www.miomiorun.com\/fr\/?s={search_term_string}"},"query-input":{"@type":"PropertyValueSpecification","valueRequired":true,"valueName":"search_term_string"}}],"inLanguage":"fr-FR"},{"@type":"Organization","@id":"https:\/\/www.miomiorun.com\/fr\/#organization","name":"MioMio Run","url":"https:\/\/www.miomiorun.com\/fr\/","logo":{"@type":"ImageObject","inLanguage":"fr-FR","@id":"https:\/\/www.miomiorun.com\/fr\/#\/schema\/logo\/image\/","url":"https:\/\/www.miomiorun.com\/app\/uploads\/2019\/12\/logomio.png","contentUrl":"https:\/\/www.miomiorun.com\/app\/uploads\/2019\/12\/logomio.png","width":115,"height":82,"caption":"MioMio Run"},"image":{"@id":"https:\/\/www.miomiorun.com\/fr\/#\/schema\/logo\/image\/"},"sameAs":["https:\/\/www.facebook.com\/miomiorun\/","https:\/\/www.instagram.com\/miomiorun\/"]}]}},"_links":{"self":[{"href":"https:\/\/www.miomiorun.com\/fr\/wp-json\/wp\/v2\/product\/399742","targetHints":{"allow":["GET"]}}],"collection":[{"href":"https:\/\/www.miomiorun.com\/fr\/wp-json\/wp\/v2\/product"}],"about":[{"href":"https:\/\/www.miomiorun.com\/fr\/wp-json\/wp\/v2\/types\/product"}],"wp:featuredmedia":[{"embeddable":true,"href":"https:\/\/www.miomiorun.com\/fr\/wp-json\/wp\/v2\/media\/396181"}],"wp:attachment":[{"href":"https:\/\/www.miomiorun.com\/fr\/wp-json\/wp\/v2\/media?parent=399742"}],"wp:term":[{"taxonomy":"product_brand","embeddable":true,"href":"https:\/\/www.miomiorun.com\/fr\/wp-json\/wp\/v2\/product_brand?post=399742"},{"taxonomy":"product_cat","embeddable":true,"href":"https:\/\/www.miomiorun.com\/fr\/wp-json\/wp\/v2\/product_cat?post=399742"},{"taxonomy":"product_tag","embeddable":true,"href":"https:\/\/www.miomiorun.com\/fr\/wp-json\/wp\/v2\/product_tag?post=399742"}],"curies":[{"name":"wp","href":"https:\/\/api.w.org\/{rel}","templated":true}]}}