{"id":399001,"date":"2026-02-06T09:42:57","date_gmt":"2026-02-06T08:42:57","guid":{"rendered":"https:\/\/www.miomiorun.com\/?post_type=product&#038;p=399001"},"modified":"2026-05-09T12:44:53","modified_gmt":"2026-05-09T10:44:53","slug":"summit-pacesetter-5-short-homme","status":"publish","type":"product","link":"https:\/\/www.miomiorun.com\/fr\/produit\/summit-pacesetter-5-short-homme\/","title":{"rendered":"Summit Pacesetter 5\u201d short homme"},"content":{"rendered":"<table style=\"border-collapse: collapse;width: 100%\">\n<tbody>\n<tr>\n<td style=\"width: 50%;vertical-align: top;text-align: center\">Le short Summit Pacesetter 5\u201d pour homme, avec une longueur de jambe de 12,70 cm, est confectionn\u00e9 dans un m\u00e9lange de tissus FlashDry\u2122 et LIGHTRANGE\u2122 pour favoriser une gestion efficace de l&#8217;humidit\u00e9 pendant la course. Sa construction ultra-l\u00e9g\u00e8re et hautement respirante est con\u00e7ue pour offrir confort et libert\u00e9 de mouvement tout au long de l&#8217;activit\u00e9.<br data-start=\"580\" data-end=\"583\">La ceinture \u00e9lastique avec cordon de serrage interne permet d&#8217;ajuster la coupe, tandis que le tissu extensible accompagne les mouvements en r\u00e9duisant les frottements. Les poches en power-mesh et la poche arri\u00e8re zipp\u00e9e permettent de transporter facilement des gels et des barres \u00e9nerg\u00e9tiques. La doublure int\u00e9rieure FlashDry\u2122 et les d\u00e9tails r\u00e9fl\u00e9chissants compl\u00e8tent le v\u00eatement, tout comme les finitions DWR sans PFC pour une meilleure protection contre l&#8217;eau.<\/td>\n<td style=\"width: 50%;vertical-align: top;text-align: center\">\n<ul>\n<li><img loading=\"lazy\" decoding=\"async\" src=\"https:\/\/assets.thenorthface.eu\/image\/upload\/v1728567348\/benefit-icon-stretch.webp\" alt=\"Elasticit\u00e0\" width=\"52\" height=\"52\">\n<p class=\"fw-bold title-5\">\u00c9lasticit\u00e9<\/p>\n<p>Profitez d&#8217;une grande libert\u00e9 de mouvement et d&#8217;un confort sup\u00e9rieur.<\/li>\n<li><img loading=\"lazy\" decoding=\"async\" src=\"https:\/\/assets.thenorthface.eu\/image\/upload\/v1728567339\/benefit-icon-fabric_DWR.webp\" alt=\"DWR - Idrorepellente\" width=\"52\" height=\"52\">\n<p>DWR &#8211; Hydrofuge<\/p>\n<p>Finition hydrofuge r\u00e9sistante qui prot\u00e8ge contre l&#8217;humidit\u00e9 l\u00e9g\u00e8re et l&#8217;impr\u00e9gnation du tissu.<\/li>\n<li><img loading=\"lazy\" decoding=\"async\" src=\"https:\/\/assets.thenorthface.eu\/image\/upload\/v1728567345\/benefit-icon-recycled.webp\" alt=\"Materiale riciclato\" width=\"52\" height=\"52\">\n<p>Mat\u00e9riau recycl\u00e9<\/p>\n<p>Ce produit est fabriqu\u00e9 \u00e0 partir de mat\u00e9riaux recycl\u00e9s, ce qui contribue \u00e0 r\u00e9duire les d\u00e9chets mis en d\u00e9charge et \u00e0 minimiser son impact sur la nature.<\/li>\n<li><img loading=\"lazy\" decoding=\"async\" src=\"https:\/\/assets.thenorthface.eu\/image\/upload\/v1728567346\/benefit-icon-reflective.webp\" alt=\"Riflettenti\" width=\"52\" height=\"52\">\n<p>\u00c9l\u00e9ments r\u00e9fl\u00e9chissants<\/p>\n<div>Les d\u00e9tails r\u00e9fl\u00e9chissants favorisent la visibilit\u00e9 dans des conditions de faible luminosit\u00e9.<\/div>\n<\/li>\n<li>\n<div>\n<p><img loading=\"lazy\" decoding=\"async\" src=\"https:\/\/assets.thenorthface.eu\/image\/upload\/v1728567343\/benefit-icon-lightweight.webp\" alt=\"Leggerezza\" width=\"52\" height=\"52\"><\/p>\n<p>L\u00e9g\u00e8ret\u00e9<\/p>\n<div>Id\u00e9al pour la randonn\u00e9e, l&#8217;escalade, l&#8217;alpinisme et d&#8217;autres activit\u00e9s o\u00f9 il est important de limiter le poids.<\/div>\n<\/div>\n<\/li>\n<li>\n<div>\n<p><img loading=\"lazy\" decoding=\"async\" class=\"contain\" src=\"https:\/\/assets.thenorthface.eu\/image\/upload\/v1728567352\/benefit-icon-wicking.webp\" alt=\"Traspirabilit\u00e0\" width=\"52\" height=\"52\"><\/p>\n<p>Respirabilit\u00e9<\/p>\n<div>Le tissu \u00e0 s\u00e9chage rapide \u00e9vacue l&#8217;humidit\u00e9 vers la surface pour la faire s&#8217;\u00e9vaporer.<\/div>\n<\/div>\n<\/li>\n<\/ul>\n<\/td>\n<\/tr>\n<\/tbody>\n<\/table>\n<p>&nbsp;<\/p>\n<p>&nbsp;<\/p>\n<p>&nbsp;<\/p>\n","protected":false},"excerpt":{"rendered":"<ul>\n<li data-start=\"1054\" data-end=\"1130\">Tissus FlashDry\u2122 et LIGHTRANGE\u2122 pour une bonne gestion de l&#8217;humidit\u00e9 et une bonne respirabilit\u00e9<\/li>\n<li data-start=\"1133\" data-end=\"1196\">Coupe ajustable gr\u00e2ce \u00e0 une bande \u00e9lastique et un cordon de serrage interne<\/li>\n<li data-start=\"1199\" data-end=\"1241\">Poches fonctionnelles et d\u00e9tails r\u00e9fl\u00e9chissants<\/li>\n<\/ul>\n","protected":false},"featured_media":410452,"template":"","meta":{"_acf_changed":false,"inline_featured_image":false},"product_brand":[],"product_cat":[24477,24482],"product_tag":[32391,32397],"class_list":{"0":"post-399001","1":"product","2":"type-product","3":"status-publish","4":"has-post-thumbnail","6":"product_cat-pantalon-court-fr-3","7":"product_cat-vetements-pour-hommes-fr","8":"product_tag-the-north-face-fr","9":"product_tag-the-north-face-homme","10":"pa_attivita-marcher","11":"pa_attivita-running-fr","12":"pa_attivita-trail-fr","13":"pa_colore-summit-pacesetter-5in-short-black","14":"pa_colore-summit-pacesetter-5in-short-iron-clay","15":"pa_marca-the-north-face-fr","16":"pa_sesso-homme","17":"pa_size-small-fr","18":"pa_size-medium-fr","19":"pa_size-large-fr","21":"first","22":"instock","23":"sale","24":"taxable","25":"shipping-taxable","26":"purchasable","27":"product-type-variable","28":"wvs-archive-product-wrapper"},"acf":[],"yoast_head":"<!-- This site is optimized with the Yoast SEO plugin v26.8 - https:\/\/yoast.com\/product\/yoast-seo-wordpress\/ -->\n<title>The North Face Summit Pacesetter 5\u201d short homme - Short homme - MioMioRun<\/title>\n<meta name=\"description\" content=\"Short Summit Pacesetter 5 pouces pour homme, en tissus FlashDry\u2122 et LIGHTRANGE\u2122, ultra-l\u00e9ger, respirant et dot\u00e9 de poches pratiques.\" \/>\n<meta name=\"robots\" content=\"index, follow, max-snippet:-1, max-image-preview:large, max-video-preview:-1\" \/>\n<link rel=\"canonical\" href=\"https:\/\/www.miomiorun.com\/fr\/produit\/summit-pacesetter-5-short-homme\/\" \/>\n<meta property=\"og:locale\" content=\"fr_FR\" \/>\n<meta property=\"og:type\" content=\"article\" \/>\n<meta property=\"og:title\" content=\"The North Face Summit Pacesetter 5\u201d short homme - Short homme - MioMioRun\" \/>\n<meta property=\"og:description\" content=\"Short Summit Pacesetter 5 pouces pour homme, en tissus FlashDry\u2122 et LIGHTRANGE\u2122, ultra-l\u00e9ger, respirant et dot\u00e9 de poches pratiques.\" \/>\n<meta property=\"og:url\" content=\"https:\/\/www.miomiorun.com\/fr\/produit\/summit-pacesetter-5-short-homme\/\" \/>\n<meta property=\"og:site_name\" content=\"MioMioRun\" \/>\n<meta property=\"article:publisher\" content=\"https:\/\/www.facebook.com\/miomiorun\/\" \/>\n<meta property=\"article:modified_time\" content=\"2026-05-09T10:44:53+00:00\" \/>\n<meta property=\"og:image\" content=\"https:\/\/www.miomiorun.com\/app\/uploads\/2026\/02\/the-north-face-Summit-pacesetter-5in-short-iron-clay-NF0A8BB4G6I1.webp\" \/>\n\t<meta property=\"og:image:width\" content=\"720\" \/>\n\t<meta property=\"og:image:height\" content=\"720\" \/>\n\t<meta property=\"og:image:type\" content=\"image\/webp\" \/>\n<meta name=\"twitter:card\" content=\"summary_large_image\" \/>\n<meta name=\"twitter:label1\" content=\"Est. reading time\" \/>\n\t<meta name=\"twitter:data1\" content=\"1 minute\" \/>\n<script type=\"application\/ld+json\" class=\"yoast-schema-graph\">{\"@context\":\"https:\/\/schema.org\",\"@graph\":[{\"@type\":\"WebPage\",\"@id\":\"https:\/\/www.miomiorun.com\/fr\/produit\/summit-pacesetter-5-short-homme\/\",\"url\":\"https:\/\/www.miomiorun.com\/fr\/produit\/summit-pacesetter-5-short-homme\/\",\"name\":\"The North Face Summit Pacesetter 5\u201d short homme - Short homme - MioMioRun\",\"isPartOf\":{\"@id\":\"https:\/\/www.miomiorun.com\/fr\/#website\"},\"primaryImageOfPage\":{\"@id\":\"https:\/\/www.miomiorun.com\/fr\/produit\/summit-pacesetter-5-short-homme\/#primaryimage\"},\"image\":{\"@id\":\"https:\/\/www.miomiorun.com\/fr\/produit\/summit-pacesetter-5-short-homme\/#primaryimage\"},\"thumbnailUrl\":\"https:\/\/www.miomiorun.com\/app\/uploads\/2026\/02\/the-north-face-Summit-pacesetter-5in-short-iron-clay-NF0A8BB4G6I1.webp\",\"datePublished\":\"2026-02-06T08:42:57+00:00\",\"dateModified\":\"2026-05-09T10:44:53+00:00\",\"description\":\"Short Summit Pacesetter 5 pouces pour homme, en tissus FlashDry\u2122 et LIGHTRANGE\u2122, ultra-l\u00e9ger, respirant et dot\u00e9 de poches pratiques.\",\"breadcrumb\":{\"@id\":\"https:\/\/www.miomiorun.com\/fr\/produit\/summit-pacesetter-5-short-homme\/#breadcrumb\"},\"inLanguage\":\"fr-FR\",\"potentialAction\":[{\"@type\":\"ReadAction\",\"target\":[\"https:\/\/www.miomiorun.com\/fr\/produit\/summit-pacesetter-5-short-homme\/\"]}]},{\"@type\":\"ImageObject\",\"inLanguage\":\"fr-FR\",\"@id\":\"https:\/\/www.miomiorun.com\/fr\/produit\/summit-pacesetter-5-short-homme\/#primaryimage\",\"url\":\"https:\/\/www.miomiorun.com\/app\/uploads\/2026\/02\/the-north-face-Summit-pacesetter-5in-short-iron-clay-NF0A8BB4G6I1.webp\",\"contentUrl\":\"https:\/\/www.miomiorun.com\/app\/uploads\/2026\/02\/the-north-face-Summit-pacesetter-5in-short-iron-clay-NF0A8BB4G6I1.webp\",\"width\":720,\"height\":720,\"caption\":\"the north face Summit pacesetter 5in short iron clay NF0A8BB4G6I1\"},{\"@type\":\"BreadcrumbList\",\"@id\":\"https:\/\/www.miomiorun.com\/fr\/produit\/summit-pacesetter-5-short-homme\/#breadcrumb\",\"itemListElement\":[{\"@type\":\"ListItem\",\"position\":1,\"name\":\"Home\",\"item\":\"https:\/\/www.miomiorun.com\/fr\/home-page\/\"},{\"@type\":\"ListItem\",\"position\":2,\"name\":\"Shop\",\"item\":\"https:\/\/www.miomiorun.com\/shop\/\"},{\"@type\":\"ListItem\",\"position\":3,\"name\":\"Summit Pacesetter 5\u201d short homme\"}]},{\"@type\":\"WebSite\",\"@id\":\"https:\/\/www.miomiorun.com\/fr\/#website\",\"url\":\"https:\/\/www.miomiorun.com\/fr\/\",\"name\":\"MioMioRun\",\"description\":\"Boutique 100% running et trail\",\"publisher\":{\"@id\":\"https:\/\/www.miomiorun.com\/fr\/#organization\"},\"potentialAction\":[{\"@type\":\"SearchAction\",\"target\":{\"@type\":\"EntryPoint\",\"urlTemplate\":\"https:\/\/www.miomiorun.com\/fr\/?s={search_term_string}\"},\"query-input\":{\"@type\":\"PropertyValueSpecification\",\"valueRequired\":true,\"valueName\":\"search_term_string\"}}],\"inLanguage\":\"fr-FR\"},{\"@type\":\"Organization\",\"@id\":\"https:\/\/www.miomiorun.com\/fr\/#organization\",\"name\":\"MioMio Run\",\"url\":\"https:\/\/www.miomiorun.com\/fr\/\",\"logo\":{\"@type\":\"ImageObject\",\"inLanguage\":\"fr-FR\",\"@id\":\"https:\/\/www.miomiorun.com\/fr\/#\/schema\/logo\/image\/\",\"url\":\"https:\/\/www.miomiorun.com\/app\/uploads\/2019\/12\/logomio.png\",\"contentUrl\":\"https:\/\/www.miomiorun.com\/app\/uploads\/2019\/12\/logomio.png\",\"width\":115,\"height\":82,\"caption\":\"MioMio Run\"},\"image\":{\"@id\":\"https:\/\/www.miomiorun.com\/fr\/#\/schema\/logo\/image\/\"},\"sameAs\":[\"https:\/\/www.facebook.com\/miomiorun\/\",\"https:\/\/www.instagram.com\/miomiorun\/\"]}]}<\/script>\n<!-- \/ Yoast SEO plugin. -->","yoast_head_json":{"title":"The North Face Summit Pacesetter 5\u201d short homme - Short homme - MioMioRun","description":"Short Summit Pacesetter 5 pouces pour homme, en tissus FlashDry\u2122 et LIGHTRANGE\u2122, ultra-l\u00e9ger, respirant et dot\u00e9 de poches pratiques.","robots":{"index":"index","follow":"follow","max-snippet":"max-snippet:-1","max-image-preview":"max-image-preview:large","max-video-preview":"max-video-preview:-1"},"canonical":"https:\/\/www.miomiorun.com\/fr\/produit\/summit-pacesetter-5-short-homme\/","og_locale":"fr_FR","og_type":"article","og_title":"The North Face Summit Pacesetter 5\u201d short homme - Short homme - MioMioRun","og_description":"Short Summit Pacesetter 5 pouces pour homme, en tissus FlashDry\u2122 et LIGHTRANGE\u2122, ultra-l\u00e9ger, respirant et dot\u00e9 de poches pratiques.","og_url":"https:\/\/www.miomiorun.com\/fr\/produit\/summit-pacesetter-5-short-homme\/","og_site_name":"MioMioRun","article_publisher":"https:\/\/www.facebook.com\/miomiorun\/","article_modified_time":"2026-05-09T10:44:53+00:00","og_image":[{"width":720,"height":720,"url":"https:\/\/www.miomiorun.com\/app\/uploads\/2026\/02\/the-north-face-Summit-pacesetter-5in-short-iron-clay-NF0A8BB4G6I1.webp","type":"image\/webp"}],"twitter_card":"summary_large_image","twitter_misc":{"Est. reading time":"1 minute"},"schema":{"@context":"https:\/\/schema.org","@graph":[{"@type":"WebPage","@id":"https:\/\/www.miomiorun.com\/fr\/produit\/summit-pacesetter-5-short-homme\/","url":"https:\/\/www.miomiorun.com\/fr\/produit\/summit-pacesetter-5-short-homme\/","name":"The North Face Summit Pacesetter 5\u201d short homme - Short homme - MioMioRun","isPartOf":{"@id":"https:\/\/www.miomiorun.com\/fr\/#website"},"primaryImageOfPage":{"@id":"https:\/\/www.miomiorun.com\/fr\/produit\/summit-pacesetter-5-short-homme\/#primaryimage"},"image":{"@id":"https:\/\/www.miomiorun.com\/fr\/produit\/summit-pacesetter-5-short-homme\/#primaryimage"},"thumbnailUrl":"https:\/\/www.miomiorun.com\/app\/uploads\/2026\/02\/the-north-face-Summit-pacesetter-5in-short-iron-clay-NF0A8BB4G6I1.webp","datePublished":"2026-02-06T08:42:57+00:00","dateModified":"2026-05-09T10:44:53+00:00","description":"Short Summit Pacesetter 5 pouces pour homme, en tissus FlashDry\u2122 et LIGHTRANGE\u2122, ultra-l\u00e9ger, respirant et dot\u00e9 de poches pratiques.","breadcrumb":{"@id":"https:\/\/www.miomiorun.com\/fr\/produit\/summit-pacesetter-5-short-homme\/#breadcrumb"},"inLanguage":"fr-FR","potentialAction":[{"@type":"ReadAction","target":["https:\/\/www.miomiorun.com\/fr\/produit\/summit-pacesetter-5-short-homme\/"]}]},{"@type":"ImageObject","inLanguage":"fr-FR","@id":"https:\/\/www.miomiorun.com\/fr\/produit\/summit-pacesetter-5-short-homme\/#primaryimage","url":"https:\/\/www.miomiorun.com\/app\/uploads\/2026\/02\/the-north-face-Summit-pacesetter-5in-short-iron-clay-NF0A8BB4G6I1.webp","contentUrl":"https:\/\/www.miomiorun.com\/app\/uploads\/2026\/02\/the-north-face-Summit-pacesetter-5in-short-iron-clay-NF0A8BB4G6I1.webp","width":720,"height":720,"caption":"the north face Summit pacesetter 5in short iron clay NF0A8BB4G6I1"},{"@type":"BreadcrumbList","@id":"https:\/\/www.miomiorun.com\/fr\/produit\/summit-pacesetter-5-short-homme\/#breadcrumb","itemListElement":[{"@type":"ListItem","position":1,"name":"Home","item":"https:\/\/www.miomiorun.com\/fr\/home-page\/"},{"@type":"ListItem","position":2,"name":"Shop","item":"https:\/\/www.miomiorun.com\/shop\/"},{"@type":"ListItem","position":3,"name":"Summit Pacesetter 5\u201d short homme"}]},{"@type":"WebSite","@id":"https:\/\/www.miomiorun.com\/fr\/#website","url":"https:\/\/www.miomiorun.com\/fr\/","name":"MioMioRun","description":"Boutique 100% running et trail","publisher":{"@id":"https:\/\/www.miomiorun.com\/fr\/#organization"},"potentialAction":[{"@type":"SearchAction","target":{"@type":"EntryPoint","urlTemplate":"https:\/\/www.miomiorun.com\/fr\/?s={search_term_string}"},"query-input":{"@type":"PropertyValueSpecification","valueRequired":true,"valueName":"search_term_string"}}],"inLanguage":"fr-FR"},{"@type":"Organization","@id":"https:\/\/www.miomiorun.com\/fr\/#organization","name":"MioMio Run","url":"https:\/\/www.miomiorun.com\/fr\/","logo":{"@type":"ImageObject","inLanguage":"fr-FR","@id":"https:\/\/www.miomiorun.com\/fr\/#\/schema\/logo\/image\/","url":"https:\/\/www.miomiorun.com\/app\/uploads\/2019\/12\/logomio.png","contentUrl":"https:\/\/www.miomiorun.com\/app\/uploads\/2019\/12\/logomio.png","width":115,"height":82,"caption":"MioMio Run"},"image":{"@id":"https:\/\/www.miomiorun.com\/fr\/#\/schema\/logo\/image\/"},"sameAs":["https:\/\/www.facebook.com\/miomiorun\/","https:\/\/www.instagram.com\/miomiorun\/"]}]}},"_links":{"self":[{"href":"https:\/\/www.miomiorun.com\/fr\/wp-json\/wp\/v2\/product\/399001","targetHints":{"allow":["GET"]}}],"collection":[{"href":"https:\/\/www.miomiorun.com\/fr\/wp-json\/wp\/v2\/product"}],"about":[{"href":"https:\/\/www.miomiorun.com\/fr\/wp-json\/wp\/v2\/types\/product"}],"wp:featuredmedia":[{"embeddable":true,"href":"https:\/\/www.miomiorun.com\/fr\/wp-json\/wp\/v2\/media\/410452"}],"wp:attachment":[{"href":"https:\/\/www.miomiorun.com\/fr\/wp-json\/wp\/v2\/media?parent=399001"}],"wp:term":[{"taxonomy":"product_brand","embeddable":true,"href":"https:\/\/www.miomiorun.com\/fr\/wp-json\/wp\/v2\/product_brand?post=399001"},{"taxonomy":"product_cat","embeddable":true,"href":"https:\/\/www.miomiorun.com\/fr\/wp-json\/wp\/v2\/product_cat?post=399001"},{"taxonomy":"product_tag","embeddable":true,"href":"https:\/\/www.miomiorun.com\/fr\/wp-json\/wp\/v2\/product_tag?post=399001"}],"curies":[{"name":"wp","href":"https:\/\/api.w.org\/{rel}","templated":true}]}}