{"id":398888,"date":"2026-02-05T19:17:44","date_gmt":"2026-02-05T18:17:44","guid":{"rendered":"https:\/\/www.miomiorun.com\/?post_type=product&#038;p=398888"},"modified":"2026-05-09T12:42:27","modified_gmt":"2026-05-09T10:42:27","slug":"summit-ripida-tight-short-femme","status":"publish","type":"product","link":"https:\/\/www.miomiorun.com\/fr\/produit\/summit-ripida-tight-short-femme\/","title":{"rendered":"Summit Ripida tight short femme"},"content":{"rendered":"<p>Le short moulant Summit Ripida pour femme est con\u00e7u pour la randonn\u00e9e sur sentier, alliant confort et fonctionnalit\u00e9 dans un v\u00eatement pens\u00e9 pour vous accompagner m\u00eame lors de vos sorties les plus longues. La technologie FlashDry-XD\u2122 favorise l&#8217;\u00e9vacuation active de la transpiration et de l&#8217;humidit\u00e9, contribuant ainsi \u00e0 maintenir une sensation de s\u00e9cheresse pendant l&#8217;activit\u00e9.<br data-start=\"593\" data-end=\"596\">Les coutures minimales et discr\u00e8tes sur les jambes r\u00e9duisent l&#8217;encombrement et am\u00e9liorent l&#8217;ajustement, tandis que les empi\u00e8cements int\u00e9rieurs en silicone au niveau des ouvertures des jambes aident \u00e0 maintenir le short bien en place pendant le mouvement. <br data-start=\"825\" data-end=\"828\">La ceinture avec cordon de serrage interne Infinity-Loop permet un ajustement personnalis\u00e9, tandis que le syst\u00e8me de poches r\u00e9parties sur la ceinture et les cuisses offre un espace pratique pour transporter des gels, des barres \u00e9nerg\u00e9tiques et d&#8217;autres objets essentiels. Des d\u00e9tails r\u00e9fl\u00e9chissants compl\u00e8tent le design, am\u00e9liorant la visibilit\u00e9.<\/p>\n","protected":false},"excerpt":{"rendered":"<ul>\n<li data-start=\"1159\" data-end=\"1240\">Tissu FlashDry-XD\u2122 \u00e0 s\u00e9chage rapide offrant une meilleure r\u00e9sistance \u00e0 l&#8217;abrasion<\/li>\n<li data-start=\"1243\" data-end=\"1320\">Coupe stable gr\u00e2ce \u00e0 des coutures minimales et des inserts internes en silicone<\/li>\n<li data-start=\"1323\" data-end=\"1397\">Nombreuses poches pour transporter l&#8217;essentiel lors de vos sorties<\/li>\n<\/ul>\n","protected":false},"featured_media":410316,"template":"","meta":{"_acf_changed":false,"inline_featured_image":false},"product_brand":[],"product_cat":[22602,22596],"product_tag":[32391,32393],"class_list":{"0":"post-398888","1":"product","2":"type-product","3":"status-publish","4":"has-post-thumbnail","6":"product_cat-pantalon-court","7":"product_cat-vetements-pour-femmes","8":"product_tag-the-north-face-fr","9":"product_tag-the-north-face-femme","10":"pa_attivita-running-fr","11":"pa_attivita-trail-fr","12":"pa_colore-summit-ripida-tight-short-w","13":"pa_marca-the-north-face-fr","14":"pa_sesso-femme","15":"pa_size-small-fr","16":"pa_size-medium-fr","18":"first","19":"instock","20":"sale","21":"taxable","22":"shipping-taxable","23":"purchasable","24":"product-type-variable","25":"wvs-archive-product-wrapper"},"acf":[],"yoast_head":"<!-- This site is optimized with the Yoast SEO plugin v26.8 - https:\/\/yoast.com\/product\/yoast-seo-wordpress\/ -->\n<title>The North Face Summit Ripida tight short femme - short pour femme- MioMioRun<\/title>\n<meta name=\"description\" content=\"Short moulant Summit Ripida pour femme, en tissu FlashDry-XD\u2122, avec plusieurs poches, empi\u00e8cements en silicone et d\u00e9tails r\u00e9fl\u00e9chissants.\" \/>\n<meta name=\"robots\" content=\"index, follow, max-snippet:-1, max-image-preview:large, max-video-preview:-1\" \/>\n<link rel=\"canonical\" href=\"https:\/\/www.miomiorun.com\/fr\/produit\/summit-ripida-tight-short-femme\/\" \/>\n<meta property=\"og:locale\" content=\"fr_FR\" \/>\n<meta property=\"og:type\" content=\"article\" \/>\n<meta property=\"og:title\" content=\"The North Face Summit Ripida tight short femme - short pour femme- MioMioRun\" \/>\n<meta property=\"og:description\" content=\"Short moulant Summit Ripida pour femme, en tissu FlashDry-XD\u2122, avec plusieurs poches, empi\u00e8cements en silicone et d\u00e9tails r\u00e9fl\u00e9chissants.\" \/>\n<meta property=\"og:url\" content=\"https:\/\/www.miomiorun.com\/fr\/produit\/summit-ripida-tight-short-femme\/\" \/>\n<meta property=\"og:site_name\" content=\"MioMioRun\" \/>\n<meta property=\"article:publisher\" content=\"https:\/\/www.facebook.com\/miomiorun\/\" \/>\n<meta property=\"article:modified_time\" content=\"2026-05-09T10:42:27+00:00\" \/>\n<meta property=\"og:image\" content=\"https:\/\/www.miomiorun.com\/app\/uploads\/2026\/02\/The-North-Face-Summit-Ripida-tight-short-W-NF0A8BB8JK31.webp\" \/>\n\t<meta property=\"og:image:width\" content=\"600\" \/>\n\t<meta property=\"og:image:height\" content=\"600\" \/>\n\t<meta property=\"og:image:type\" content=\"image\/webp\" \/>\n<meta name=\"twitter:card\" content=\"summary_large_image\" \/>\n<meta name=\"twitter:label1\" content=\"Est. reading time\" \/>\n\t<meta name=\"twitter:data1\" content=\"1 minute\" \/>\n<script type=\"application\/ld+json\" class=\"yoast-schema-graph\">{\"@context\":\"https:\/\/schema.org\",\"@graph\":[{\"@type\":\"WebPage\",\"@id\":\"https:\/\/www.miomiorun.com\/fr\/produit\/summit-ripida-tight-short-femme\/\",\"url\":\"https:\/\/www.miomiorun.com\/fr\/produit\/summit-ripida-tight-short-femme\/\",\"name\":\"The North Face Summit Ripida tight short femme - short pour femme- MioMioRun\",\"isPartOf\":{\"@id\":\"https:\/\/www.miomiorun.com\/fr\/#website\"},\"primaryImageOfPage\":{\"@id\":\"https:\/\/www.miomiorun.com\/fr\/produit\/summit-ripida-tight-short-femme\/#primaryimage\"},\"image\":{\"@id\":\"https:\/\/www.miomiorun.com\/fr\/produit\/summit-ripida-tight-short-femme\/#primaryimage\"},\"thumbnailUrl\":\"https:\/\/www.miomiorun.com\/app\/uploads\/2026\/02\/The-North-Face-Summit-Ripida-tight-short-W-NF0A8BB8JK31.webp\",\"datePublished\":\"2026-02-05T18:17:44+00:00\",\"dateModified\":\"2026-05-09T10:42:27+00:00\",\"description\":\"Short moulant Summit Ripida pour femme, en tissu FlashDry-XD\u2122, avec plusieurs poches, empi\u00e8cements en silicone et d\u00e9tails r\u00e9fl\u00e9chissants.\",\"breadcrumb\":{\"@id\":\"https:\/\/www.miomiorun.com\/fr\/produit\/summit-ripida-tight-short-femme\/#breadcrumb\"},\"inLanguage\":\"fr-FR\",\"potentialAction\":[{\"@type\":\"ReadAction\",\"target\":[\"https:\/\/www.miomiorun.com\/fr\/produit\/summit-ripida-tight-short-femme\/\"]}]},{\"@type\":\"ImageObject\",\"inLanguage\":\"fr-FR\",\"@id\":\"https:\/\/www.miomiorun.com\/fr\/produit\/summit-ripida-tight-short-femme\/#primaryimage\",\"url\":\"https:\/\/www.miomiorun.com\/app\/uploads\/2026\/02\/The-North-Face-Summit-Ripida-tight-short-W-NF0A8BB8JK31.webp\",\"contentUrl\":\"https:\/\/www.miomiorun.com\/app\/uploads\/2026\/02\/The-North-Face-Summit-Ripida-tight-short-W-NF0A8BB8JK31.webp\",\"width\":600,\"height\":600,\"caption\":\"The North Face Summit Ripida tight short W NF0A8BB8JK31\"},{\"@type\":\"BreadcrumbList\",\"@id\":\"https:\/\/www.miomiorun.com\/fr\/produit\/summit-ripida-tight-short-femme\/#breadcrumb\",\"itemListElement\":[{\"@type\":\"ListItem\",\"position\":1,\"name\":\"Home\",\"item\":\"https:\/\/www.miomiorun.com\/fr\/home-page\/\"},{\"@type\":\"ListItem\",\"position\":2,\"name\":\"Shop\",\"item\":\"https:\/\/www.miomiorun.com\/shop\/\"},{\"@type\":\"ListItem\",\"position\":3,\"name\":\"Summit Ripida tight short femme\"}]},{\"@type\":\"WebSite\",\"@id\":\"https:\/\/www.miomiorun.com\/fr\/#website\",\"url\":\"https:\/\/www.miomiorun.com\/fr\/\",\"name\":\"MioMioRun\",\"description\":\"Boutique 100% running et trail\",\"publisher\":{\"@id\":\"https:\/\/www.miomiorun.com\/fr\/#organization\"},\"potentialAction\":[{\"@type\":\"SearchAction\",\"target\":{\"@type\":\"EntryPoint\",\"urlTemplate\":\"https:\/\/www.miomiorun.com\/fr\/?s={search_term_string}\"},\"query-input\":{\"@type\":\"PropertyValueSpecification\",\"valueRequired\":true,\"valueName\":\"search_term_string\"}}],\"inLanguage\":\"fr-FR\"},{\"@type\":\"Organization\",\"@id\":\"https:\/\/www.miomiorun.com\/fr\/#organization\",\"name\":\"MioMio Run\",\"url\":\"https:\/\/www.miomiorun.com\/fr\/\",\"logo\":{\"@type\":\"ImageObject\",\"inLanguage\":\"fr-FR\",\"@id\":\"https:\/\/www.miomiorun.com\/fr\/#\/schema\/logo\/image\/\",\"url\":\"https:\/\/www.miomiorun.com\/app\/uploads\/2019\/12\/logomio.png\",\"contentUrl\":\"https:\/\/www.miomiorun.com\/app\/uploads\/2019\/12\/logomio.png\",\"width\":115,\"height\":82,\"caption\":\"MioMio Run\"},\"image\":{\"@id\":\"https:\/\/www.miomiorun.com\/fr\/#\/schema\/logo\/image\/\"},\"sameAs\":[\"https:\/\/www.facebook.com\/miomiorun\/\",\"https:\/\/www.instagram.com\/miomiorun\/\"]}]}<\/script>\n<!-- \/ Yoast SEO plugin. -->","yoast_head_json":{"title":"The North Face Summit Ripida tight short femme - short pour femme- MioMioRun","description":"Short moulant Summit Ripida pour femme, en tissu FlashDry-XD\u2122, avec plusieurs poches, empi\u00e8cements en silicone et d\u00e9tails r\u00e9fl\u00e9chissants.","robots":{"index":"index","follow":"follow","max-snippet":"max-snippet:-1","max-image-preview":"max-image-preview:large","max-video-preview":"max-video-preview:-1"},"canonical":"https:\/\/www.miomiorun.com\/fr\/produit\/summit-ripida-tight-short-femme\/","og_locale":"fr_FR","og_type":"article","og_title":"The North Face Summit Ripida tight short femme - short pour femme- MioMioRun","og_description":"Short moulant Summit Ripida pour femme, en tissu FlashDry-XD\u2122, avec plusieurs poches, empi\u00e8cements en silicone et d\u00e9tails r\u00e9fl\u00e9chissants.","og_url":"https:\/\/www.miomiorun.com\/fr\/produit\/summit-ripida-tight-short-femme\/","og_site_name":"MioMioRun","article_publisher":"https:\/\/www.facebook.com\/miomiorun\/","article_modified_time":"2026-05-09T10:42:27+00:00","og_image":[{"width":600,"height":600,"url":"https:\/\/www.miomiorun.com\/app\/uploads\/2026\/02\/The-North-Face-Summit-Ripida-tight-short-W-NF0A8BB8JK31.webp","type":"image\/webp"}],"twitter_card":"summary_large_image","twitter_misc":{"Est. reading time":"1 minute"},"schema":{"@context":"https:\/\/schema.org","@graph":[{"@type":"WebPage","@id":"https:\/\/www.miomiorun.com\/fr\/produit\/summit-ripida-tight-short-femme\/","url":"https:\/\/www.miomiorun.com\/fr\/produit\/summit-ripida-tight-short-femme\/","name":"The North Face Summit Ripida tight short femme - short pour femme- MioMioRun","isPartOf":{"@id":"https:\/\/www.miomiorun.com\/fr\/#website"},"primaryImageOfPage":{"@id":"https:\/\/www.miomiorun.com\/fr\/produit\/summit-ripida-tight-short-femme\/#primaryimage"},"image":{"@id":"https:\/\/www.miomiorun.com\/fr\/produit\/summit-ripida-tight-short-femme\/#primaryimage"},"thumbnailUrl":"https:\/\/www.miomiorun.com\/app\/uploads\/2026\/02\/The-North-Face-Summit-Ripida-tight-short-W-NF0A8BB8JK31.webp","datePublished":"2026-02-05T18:17:44+00:00","dateModified":"2026-05-09T10:42:27+00:00","description":"Short moulant Summit Ripida pour femme, en tissu FlashDry-XD\u2122, avec plusieurs poches, empi\u00e8cements en silicone et d\u00e9tails r\u00e9fl\u00e9chissants.","breadcrumb":{"@id":"https:\/\/www.miomiorun.com\/fr\/produit\/summit-ripida-tight-short-femme\/#breadcrumb"},"inLanguage":"fr-FR","potentialAction":[{"@type":"ReadAction","target":["https:\/\/www.miomiorun.com\/fr\/produit\/summit-ripida-tight-short-femme\/"]}]},{"@type":"ImageObject","inLanguage":"fr-FR","@id":"https:\/\/www.miomiorun.com\/fr\/produit\/summit-ripida-tight-short-femme\/#primaryimage","url":"https:\/\/www.miomiorun.com\/app\/uploads\/2026\/02\/The-North-Face-Summit-Ripida-tight-short-W-NF0A8BB8JK31.webp","contentUrl":"https:\/\/www.miomiorun.com\/app\/uploads\/2026\/02\/The-North-Face-Summit-Ripida-tight-short-W-NF0A8BB8JK31.webp","width":600,"height":600,"caption":"The North Face Summit Ripida tight short W NF0A8BB8JK31"},{"@type":"BreadcrumbList","@id":"https:\/\/www.miomiorun.com\/fr\/produit\/summit-ripida-tight-short-femme\/#breadcrumb","itemListElement":[{"@type":"ListItem","position":1,"name":"Home","item":"https:\/\/www.miomiorun.com\/fr\/home-page\/"},{"@type":"ListItem","position":2,"name":"Shop","item":"https:\/\/www.miomiorun.com\/shop\/"},{"@type":"ListItem","position":3,"name":"Summit Ripida tight short femme"}]},{"@type":"WebSite","@id":"https:\/\/www.miomiorun.com\/fr\/#website","url":"https:\/\/www.miomiorun.com\/fr\/","name":"MioMioRun","description":"Boutique 100% running et trail","publisher":{"@id":"https:\/\/www.miomiorun.com\/fr\/#organization"},"potentialAction":[{"@type":"SearchAction","target":{"@type":"EntryPoint","urlTemplate":"https:\/\/www.miomiorun.com\/fr\/?s={search_term_string}"},"query-input":{"@type":"PropertyValueSpecification","valueRequired":true,"valueName":"search_term_string"}}],"inLanguage":"fr-FR"},{"@type":"Organization","@id":"https:\/\/www.miomiorun.com\/fr\/#organization","name":"MioMio Run","url":"https:\/\/www.miomiorun.com\/fr\/","logo":{"@type":"ImageObject","inLanguage":"fr-FR","@id":"https:\/\/www.miomiorun.com\/fr\/#\/schema\/logo\/image\/","url":"https:\/\/www.miomiorun.com\/app\/uploads\/2019\/12\/logomio.png","contentUrl":"https:\/\/www.miomiorun.com\/app\/uploads\/2019\/12\/logomio.png","width":115,"height":82,"caption":"MioMio Run"},"image":{"@id":"https:\/\/www.miomiorun.com\/fr\/#\/schema\/logo\/image\/"},"sameAs":["https:\/\/www.facebook.com\/miomiorun\/","https:\/\/www.instagram.com\/miomiorun\/"]}]}},"_links":{"self":[{"href":"https:\/\/www.miomiorun.com\/fr\/wp-json\/wp\/v2\/product\/398888","targetHints":{"allow":["GET"]}}],"collection":[{"href":"https:\/\/www.miomiorun.com\/fr\/wp-json\/wp\/v2\/product"}],"about":[{"href":"https:\/\/www.miomiorun.com\/fr\/wp-json\/wp\/v2\/types\/product"}],"wp:featuredmedia":[{"embeddable":true,"href":"https:\/\/www.miomiorun.com\/fr\/wp-json\/wp\/v2\/media\/410316"}],"wp:attachment":[{"href":"https:\/\/www.miomiorun.com\/fr\/wp-json\/wp\/v2\/media?parent=398888"}],"wp:term":[{"taxonomy":"product_brand","embeddable":true,"href":"https:\/\/www.miomiorun.com\/fr\/wp-json\/wp\/v2\/product_brand?post=398888"},{"taxonomy":"product_cat","embeddable":true,"href":"https:\/\/www.miomiorun.com\/fr\/wp-json\/wp\/v2\/product_cat?post=398888"},{"taxonomy":"product_tag","embeddable":true,"href":"https:\/\/www.miomiorun.com\/fr\/wp-json\/wp\/v2\/product_tag?post=398888"}],"curies":[{"name":"wp","href":"https:\/\/api.w.org\/{rel}","templated":true}]}}