{"id":398864,"date":"2026-02-05T17:22:02","date_gmt":"2026-02-05T16:22:02","guid":{"rendered":"https:\/\/www.miomiorun.com\/?post_type=product&#038;p=398864"},"modified":"2026-05-09T12:41:18","modified_gmt":"2026-05-09T10:41:18","slug":"casquette-summer-lt-run","status":"publish","type":"product","link":"https:\/\/www.miomiorun.com\/fr\/produit\/casquette-summer-lt-run\/","title":{"rendered":"Casquette Summer LT Run"},"content":{"rendered":"<div class=\"description-product\">\n<div>\n<p class=\"\" data-start=\"1002\" data-end=\"1139\">La casquette Summer LT Run est con\u00e7ue pour la course \u00e0 pied sous le soleil et dans des climats expos\u00e9s, gr\u00e2ce \u00e0 une construction extr\u00eamement l\u00e9g\u00e8re et \u00e0 une coupe classique, pas trop ajust\u00e9e, \u00e9tudi\u00e9e pour garantir un confort prolong\u00e9.<br data-start=\"445\" data-end=\"448\">Les mat\u00e9riaux dot\u00e9s de la technologie FlashDry\u2122 favorisent une gestion efficace de l&#8217;humidit\u00e9, tandis que le traitement anti-odeurs contribue \u00e0 maintenir une sensation de fra\u00eecheur pendant l&#8217;activit\u00e9. La bande anti-transpiration en FlashDry-Pro\u2122 est en contact direct avec la peau pour \u00e9vacuer rapidement la transpiration, vous aidant ainsi \u00e0 rester au sec et \u00e0 l&#8217;aise.<br data-start=\"788\" data-end=\"791\">La visi\u00e8re rabattable ajoute \u00e0 la praticit\u00e9, tandis que la sangle r\u00e9glable avec fermeture velcro discr\u00e8te assure un ajustement simple et stable. Les d\u00e9tails r\u00e9fl\u00e9chissants compl\u00e8tent le design, am\u00e9liorant la visibilit\u00e9.<\/p>\n<div class=\"istruzioni\">\n<div class=\"tab-composizione \">\n<div id=\"base-collapse-v-0-3-0-content\" class=\"overflow-hidden duration\" aria-labelledby=\"base-collapse-v-0-3-0\">\n<div class=\"text-sm fw-light\" data-test-id=\"vf-accordion-content\">\n<div class=\"pb-6 pt-2 text-sm c-grey-20\">\n<ul class=\"space-y-4\">\n<li>\n<div class=\"group flex items-start gap-4\">\n<p><img loading=\"lazy\" decoding=\"async\" class=\"contain\" src=\"https:\/\/assets.thenorthface.eu\/image\/upload\/v1728567346\/benefit-icon-reflective.webp\" alt=\"Riflettenti\" width=\"52\" height=\"52\"><\/p>\n<div class=\"grow space-y-1\">\n<p class=\"fw-bold title-5\">R\u00e9flecteurs : Les d\u00e9tails r\u00e9fl\u00e9chissants favorisent la visibilit\u00e9 dans des conditions de faible luminosit\u00e9.<\/p>\n<\/div>\n<\/div>\n<\/li>\n<li>\n<div class=\"group flex items-start gap-4\">\n<p><img loading=\"lazy\" decoding=\"async\" class=\"contain\" src=\"https:\/\/assets.thenorthface.eu\/image\/upload\/v1728567352\/benefit-icon-wicking.webp\" alt=\"Traspirabilit\u00e0\" width=\"52\" height=\"52\"><\/p>\n<div class=\"grow space-y-1\">\n<p class=\"fw-bold title-5\">Respirabilit\u00e9 : Le tissu \u00e0 s\u00e9chage rapide \u00e9vacue l&#8217;humidit\u00e9 vers la surface pour la faire s&#8217;\u00e9vaporer.<\/p>\n<\/div>\n<\/div>\n<\/li>\n<\/ul>\n<\/div>\n<\/div>\n<\/div>\n<h3><\/h3>\n<\/div>\n<div>\n<p>&nbsp;<\/p>\n<\/div>\n<\/div>\n<\/div>\n<\/div>\n<p>&nbsp;<\/p>\n<p>&nbsp;<\/p>\n<p>&nbsp;<\/p>\n","protected":false},"excerpt":{"rendered":"<ul>\n<li data-start=\"1052\" data-end=\"1124\">Tissus FlashDry\u2122 pour une bonne gestion de l&#8217;humidit\u00e9 et un confort optimal pendant la course<\/li>\n<li data-start=\"1127\" data-end=\"1188\">Technologie anti-odeurs et bande anti-transpiration en FlashDry-Pro\u2122<\/li>\n<li data-start=\"1191\" data-end=\"1262\">Coupe classique avec visi\u00e8re rabattable et r\u00e9glage \u00e0 l&#8217;arri\u00e8re<\/li>\n<\/ul>\n","protected":false},"featured_media":410274,"template":"","meta":{"_acf_changed":false,"inline_featured_image":false},"product_brand":[],"product_cat":[22580,22579,22538],"product_tag":[32391],"class_list":{"0":"post-398864","1":"product","2":"type-product","3":"status-publish","4":"has-post-thumbnail","6":"product_cat-chapeaux-casquettes","7":"product_cat-chauffage","8":"product_cat-accessoires","9":"product_tag-the-north-face-fr","10":"pa_attivita-marcher","11":"pa_attivita-outdoor-fr","12":"pa_attivita-running-fr","13":"pa_attivita-trail-fr","14":"pa_colore-summer-lt-run-hat-iron-clay-pearl-stone","15":"pa_colore-summer-lt-run-hat-white-dune","16":"pa_marca-the-north-face-fr","17":"pa_sesso-femme","18":"pa_sesso-homme","20":"first","21":"instock","22":"sale","23":"taxable","24":"shipping-taxable","25":"purchasable","26":"product-type-variable","27":"wvs-archive-product-wrapper"},"acf":[],"yoast_head":"<!-- This site is optimized with the Yoast SEO plugin v26.8 - https:\/\/yoast.com\/product\/yoast-seo-wordpress\/ -->\n<title>The North Face Casquette Summer LT Run - Casquette de course \u00e0 pied - MioMioRun.com<\/title>\n<meta name=\"description\" content=\"Casquette Summer LT Run, l\u00e9g\u00e8re et respirante, dot\u00e9e de la technologie FlashDry\u2122, d&#039;un bandeau anti-transpiration et de d\u00e9tails r\u00e9fl\u00e9chissants.\" \/>\n<meta name=\"robots\" content=\"index, follow, max-snippet:-1, max-image-preview:large, max-video-preview:-1\" \/>\n<link rel=\"canonical\" href=\"https:\/\/www.miomiorun.com\/fr\/produit\/casquette-summer-lt-run\/\" \/>\n<meta property=\"og:locale\" content=\"fr_FR\" \/>\n<meta property=\"og:type\" content=\"article\" \/>\n<meta property=\"og:title\" content=\"The North Face Casquette Summer LT Run - Casquette de course \u00e0 pied - MioMioRun.com\" \/>\n<meta property=\"og:description\" content=\"Casquette Summer LT Run, l\u00e9g\u00e8re et respirante, dot\u00e9e de la technologie FlashDry\u2122, d&#039;un bandeau anti-transpiration et de d\u00e9tails r\u00e9fl\u00e9chissants.\" \/>\n<meta property=\"og:url\" content=\"https:\/\/www.miomiorun.com\/fr\/produit\/casquette-summer-lt-run\/\" \/>\n<meta property=\"og:site_name\" content=\"MioMioRun\" \/>\n<meta property=\"article:publisher\" content=\"https:\/\/www.facebook.com\/miomiorun\/\" \/>\n<meta property=\"article:modified_time\" content=\"2026-05-09T10:41:18+00:00\" \/>\n<meta property=\"og:image\" content=\"https:\/\/www.miomiorun.com\/app\/uploads\/2026\/02\/The-North-Face-Summer-LT-run-hat-iron-clay-pearl-stone-NF0A876JNI51.webp\" \/>\n\t<meta property=\"og:image:width\" content=\"600\" \/>\n\t<meta property=\"og:image:height\" content=\"600\" \/>\n\t<meta property=\"og:image:type\" content=\"image\/webp\" \/>\n<meta name=\"twitter:card\" content=\"summary_large_image\" \/>\n<meta name=\"twitter:label1\" content=\"Est. reading time\" \/>\n\t<meta name=\"twitter:data1\" content=\"1 minute\" \/>\n<script type=\"application\/ld+json\" class=\"yoast-schema-graph\">{\"@context\":\"https:\/\/schema.org\",\"@graph\":[{\"@type\":\"WebPage\",\"@id\":\"https:\/\/www.miomiorun.com\/fr\/produit\/casquette-summer-lt-run\/\",\"url\":\"https:\/\/www.miomiorun.com\/fr\/produit\/casquette-summer-lt-run\/\",\"name\":\"The North Face Casquette Summer LT Run - Casquette de course \u00e0 pied - MioMioRun.com\",\"isPartOf\":{\"@id\":\"https:\/\/www.miomiorun.com\/fr\/#website\"},\"primaryImageOfPage\":{\"@id\":\"https:\/\/www.miomiorun.com\/fr\/produit\/casquette-summer-lt-run\/#primaryimage\"},\"image\":{\"@id\":\"https:\/\/www.miomiorun.com\/fr\/produit\/casquette-summer-lt-run\/#primaryimage\"},\"thumbnailUrl\":\"https:\/\/www.miomiorun.com\/app\/uploads\/2026\/02\/The-North-Face-Summer-LT-run-hat-iron-clay-pearl-stone-NF0A876JNI51.webp\",\"datePublished\":\"2026-02-05T16:22:02+00:00\",\"dateModified\":\"2026-05-09T10:41:18+00:00\",\"description\":\"Casquette Summer LT Run, l\u00e9g\u00e8re et respirante, dot\u00e9e de la technologie FlashDry\u2122, d'un bandeau anti-transpiration et de d\u00e9tails r\u00e9fl\u00e9chissants.\",\"breadcrumb\":{\"@id\":\"https:\/\/www.miomiorun.com\/fr\/produit\/casquette-summer-lt-run\/#breadcrumb\"},\"inLanguage\":\"fr-FR\",\"potentialAction\":[{\"@type\":\"ReadAction\",\"target\":[\"https:\/\/www.miomiorun.com\/fr\/produit\/casquette-summer-lt-run\/\"]}]},{\"@type\":\"ImageObject\",\"inLanguage\":\"fr-FR\",\"@id\":\"https:\/\/www.miomiorun.com\/fr\/produit\/casquette-summer-lt-run\/#primaryimage\",\"url\":\"https:\/\/www.miomiorun.com\/app\/uploads\/2026\/02\/The-North-Face-Summer-LT-run-hat-iron-clay-pearl-stone-NF0A876JNI51.webp\",\"contentUrl\":\"https:\/\/www.miomiorun.com\/app\/uploads\/2026\/02\/The-North-Face-Summer-LT-run-hat-iron-clay-pearl-stone-NF0A876JNI51.webp\",\"width\":600,\"height\":600,\"caption\":\"The North Face Summer LT run hat iron clay pearl stone NF0A876JNI51\"},{\"@type\":\"BreadcrumbList\",\"@id\":\"https:\/\/www.miomiorun.com\/fr\/produit\/casquette-summer-lt-run\/#breadcrumb\",\"itemListElement\":[{\"@type\":\"ListItem\",\"position\":1,\"name\":\"Home\",\"item\":\"https:\/\/www.miomiorun.com\/fr\/home-page\/\"},{\"@type\":\"ListItem\",\"position\":2,\"name\":\"Shop\",\"item\":\"https:\/\/www.miomiorun.com\/shop\/\"},{\"@type\":\"ListItem\",\"position\":3,\"name\":\"Casquette Summer LT Run\"}]},{\"@type\":\"WebSite\",\"@id\":\"https:\/\/www.miomiorun.com\/fr\/#website\",\"url\":\"https:\/\/www.miomiorun.com\/fr\/\",\"name\":\"MioMioRun\",\"description\":\"Boutique 100% running et trail\",\"publisher\":{\"@id\":\"https:\/\/www.miomiorun.com\/fr\/#organization\"},\"potentialAction\":[{\"@type\":\"SearchAction\",\"target\":{\"@type\":\"EntryPoint\",\"urlTemplate\":\"https:\/\/www.miomiorun.com\/fr\/?s={search_term_string}\"},\"query-input\":{\"@type\":\"PropertyValueSpecification\",\"valueRequired\":true,\"valueName\":\"search_term_string\"}}],\"inLanguage\":\"fr-FR\"},{\"@type\":\"Organization\",\"@id\":\"https:\/\/www.miomiorun.com\/fr\/#organization\",\"name\":\"MioMio Run\",\"url\":\"https:\/\/www.miomiorun.com\/fr\/\",\"logo\":{\"@type\":\"ImageObject\",\"inLanguage\":\"fr-FR\",\"@id\":\"https:\/\/www.miomiorun.com\/fr\/#\/schema\/logo\/image\/\",\"url\":\"https:\/\/www.miomiorun.com\/app\/uploads\/2019\/12\/logomio.png\",\"contentUrl\":\"https:\/\/www.miomiorun.com\/app\/uploads\/2019\/12\/logomio.png\",\"width\":115,\"height\":82,\"caption\":\"MioMio Run\"},\"image\":{\"@id\":\"https:\/\/www.miomiorun.com\/fr\/#\/schema\/logo\/image\/\"},\"sameAs\":[\"https:\/\/www.facebook.com\/miomiorun\/\",\"https:\/\/www.instagram.com\/miomiorun\/\"]}]}<\/script>\n<!-- \/ Yoast SEO plugin. -->","yoast_head_json":{"title":"The North Face Casquette Summer LT Run - Casquette de course \u00e0 pied - MioMioRun.com","description":"Casquette Summer LT Run, l\u00e9g\u00e8re et respirante, dot\u00e9e de la technologie FlashDry\u2122, d'un bandeau anti-transpiration et de d\u00e9tails r\u00e9fl\u00e9chissants.","robots":{"index":"index","follow":"follow","max-snippet":"max-snippet:-1","max-image-preview":"max-image-preview:large","max-video-preview":"max-video-preview:-1"},"canonical":"https:\/\/www.miomiorun.com\/fr\/produit\/casquette-summer-lt-run\/","og_locale":"fr_FR","og_type":"article","og_title":"The North Face Casquette Summer LT Run - Casquette de course \u00e0 pied - MioMioRun.com","og_description":"Casquette Summer LT Run, l\u00e9g\u00e8re et respirante, dot\u00e9e de la technologie FlashDry\u2122, d'un bandeau anti-transpiration et de d\u00e9tails r\u00e9fl\u00e9chissants.","og_url":"https:\/\/www.miomiorun.com\/fr\/produit\/casquette-summer-lt-run\/","og_site_name":"MioMioRun","article_publisher":"https:\/\/www.facebook.com\/miomiorun\/","article_modified_time":"2026-05-09T10:41:18+00:00","og_image":[{"width":600,"height":600,"url":"https:\/\/www.miomiorun.com\/app\/uploads\/2026\/02\/The-North-Face-Summer-LT-run-hat-iron-clay-pearl-stone-NF0A876JNI51.webp","type":"image\/webp"}],"twitter_card":"summary_large_image","twitter_misc":{"Est. reading time":"1 minute"},"schema":{"@context":"https:\/\/schema.org","@graph":[{"@type":"WebPage","@id":"https:\/\/www.miomiorun.com\/fr\/produit\/casquette-summer-lt-run\/","url":"https:\/\/www.miomiorun.com\/fr\/produit\/casquette-summer-lt-run\/","name":"The North Face Casquette Summer LT Run - Casquette de course \u00e0 pied - MioMioRun.com","isPartOf":{"@id":"https:\/\/www.miomiorun.com\/fr\/#website"},"primaryImageOfPage":{"@id":"https:\/\/www.miomiorun.com\/fr\/produit\/casquette-summer-lt-run\/#primaryimage"},"image":{"@id":"https:\/\/www.miomiorun.com\/fr\/produit\/casquette-summer-lt-run\/#primaryimage"},"thumbnailUrl":"https:\/\/www.miomiorun.com\/app\/uploads\/2026\/02\/The-North-Face-Summer-LT-run-hat-iron-clay-pearl-stone-NF0A876JNI51.webp","datePublished":"2026-02-05T16:22:02+00:00","dateModified":"2026-05-09T10:41:18+00:00","description":"Casquette Summer LT Run, l\u00e9g\u00e8re et respirante, dot\u00e9e de la technologie FlashDry\u2122, d'un bandeau anti-transpiration et de d\u00e9tails r\u00e9fl\u00e9chissants.","breadcrumb":{"@id":"https:\/\/www.miomiorun.com\/fr\/produit\/casquette-summer-lt-run\/#breadcrumb"},"inLanguage":"fr-FR","potentialAction":[{"@type":"ReadAction","target":["https:\/\/www.miomiorun.com\/fr\/produit\/casquette-summer-lt-run\/"]}]},{"@type":"ImageObject","inLanguage":"fr-FR","@id":"https:\/\/www.miomiorun.com\/fr\/produit\/casquette-summer-lt-run\/#primaryimage","url":"https:\/\/www.miomiorun.com\/app\/uploads\/2026\/02\/The-North-Face-Summer-LT-run-hat-iron-clay-pearl-stone-NF0A876JNI51.webp","contentUrl":"https:\/\/www.miomiorun.com\/app\/uploads\/2026\/02\/The-North-Face-Summer-LT-run-hat-iron-clay-pearl-stone-NF0A876JNI51.webp","width":600,"height":600,"caption":"The North Face Summer LT run hat iron clay pearl stone NF0A876JNI51"},{"@type":"BreadcrumbList","@id":"https:\/\/www.miomiorun.com\/fr\/produit\/casquette-summer-lt-run\/#breadcrumb","itemListElement":[{"@type":"ListItem","position":1,"name":"Home","item":"https:\/\/www.miomiorun.com\/fr\/home-page\/"},{"@type":"ListItem","position":2,"name":"Shop","item":"https:\/\/www.miomiorun.com\/shop\/"},{"@type":"ListItem","position":3,"name":"Casquette Summer LT Run"}]},{"@type":"WebSite","@id":"https:\/\/www.miomiorun.com\/fr\/#website","url":"https:\/\/www.miomiorun.com\/fr\/","name":"MioMioRun","description":"Boutique 100% running et trail","publisher":{"@id":"https:\/\/www.miomiorun.com\/fr\/#organization"},"potentialAction":[{"@type":"SearchAction","target":{"@type":"EntryPoint","urlTemplate":"https:\/\/www.miomiorun.com\/fr\/?s={search_term_string}"},"query-input":{"@type":"PropertyValueSpecification","valueRequired":true,"valueName":"search_term_string"}}],"inLanguage":"fr-FR"},{"@type":"Organization","@id":"https:\/\/www.miomiorun.com\/fr\/#organization","name":"MioMio Run","url":"https:\/\/www.miomiorun.com\/fr\/","logo":{"@type":"ImageObject","inLanguage":"fr-FR","@id":"https:\/\/www.miomiorun.com\/fr\/#\/schema\/logo\/image\/","url":"https:\/\/www.miomiorun.com\/app\/uploads\/2019\/12\/logomio.png","contentUrl":"https:\/\/www.miomiorun.com\/app\/uploads\/2019\/12\/logomio.png","width":115,"height":82,"caption":"MioMio Run"},"image":{"@id":"https:\/\/www.miomiorun.com\/fr\/#\/schema\/logo\/image\/"},"sameAs":["https:\/\/www.facebook.com\/miomiorun\/","https:\/\/www.instagram.com\/miomiorun\/"]}]}},"_links":{"self":[{"href":"https:\/\/www.miomiorun.com\/fr\/wp-json\/wp\/v2\/product\/398864","targetHints":{"allow":["GET"]}}],"collection":[{"href":"https:\/\/www.miomiorun.com\/fr\/wp-json\/wp\/v2\/product"}],"about":[{"href":"https:\/\/www.miomiorun.com\/fr\/wp-json\/wp\/v2\/types\/product"}],"wp:featuredmedia":[{"embeddable":true,"href":"https:\/\/www.miomiorun.com\/fr\/wp-json\/wp\/v2\/media\/410274"}],"wp:attachment":[{"href":"https:\/\/www.miomiorun.com\/fr\/wp-json\/wp\/v2\/media?parent=398864"}],"wp:term":[{"taxonomy":"product_brand","embeddable":true,"href":"https:\/\/www.miomiorun.com\/fr\/wp-json\/wp\/v2\/product_brand?post=398864"},{"taxonomy":"product_cat","embeddable":true,"href":"https:\/\/www.miomiorun.com\/fr\/wp-json\/wp\/v2\/product_cat?post=398864"},{"taxonomy":"product_tag","embeddable":true,"href":"https:\/\/www.miomiorun.com\/fr\/wp-json\/wp\/v2\/product_tag?post=398864"}],"curies":[{"name":"wp","href":"https:\/\/api.w.org\/{rel}","templated":true}]}}